{"id":1078627,"date":"2026-01-10T04:03:07","date_gmt":"2026-01-10T03:03:07","guid":{"rendered":"https:\/\/hubsch-interior.com\/product\/product\/"},"modified":"2026-04-05T04:43:59","modified_gmt":"2026-04-05T02:43:59","slug":"blend-coussin-bleu-fonce","status":"publish","type":"product","link":"https:\/\/hubsch-interior.com\/fr\/produit\/blend-coussin-bleu-fonce\/","title":{"rendered":"Blend  Coussin Bleu fonc\u00e9"},"content":{"rendered":"<p>Un coussin peut-il \u00eatre aussi doux qu&#8217;une brise ? Le **Coussin Blend** en bleu fonc\u00e9 apporte une profondeur douce et une texture ludique \u00e0 votre espace, combinant deux tons dans des boucles de coton moelleuses qui vous invitent \u00e0 vous d\u00e9tendre et \u00e0 vous relaxer. Fabriqu\u00e9 \u00e0 partir de coton certifi\u00e9 OEKO-TEX\u00ae STANDARD 100, il offre un confort \u00e0 la fois conscient et cosy. Parfait pour les fauteuils de lecture, les divans ou les coins tranquilles, il ajoute une touche de couleur douce \u2014 et beaucoup de calme. Un petit rappel magnifique que ralentir peut \u00eatre le moment le plus agr\u00e9able de votre journ\u00e9e.<\/p>\n","protected":false},"excerpt":{"rendered":"<p>Un coussin peut-il \u00eatre aussi doux qu&#8217;une brise ? Le **Coussin Blend** en bleu fonc\u00e9 apporte une profondeur douce et une texture ludique \u00e0 votre espace, combinant deux tons dans des boucles de coton moelleuses qui vous invitent \u00e0 vous d\u00e9tendre et \u00e0 vous relaxer. Fabriqu\u00e9 \u00e0 partir de coton certifi\u00e9 OEKO-TEX\u00ae STANDARD 100, il [&hellip;]<\/p>\n","protected":false},"featured_media":1100712,"template":"","meta":{"_acf_changed":false,"inline_featured_image":false},"product_brand":[],"product_cat":[7154,3002,3003,5046],"product_tag":[],"class_list":{"0":"post-1078627","1":"product","2":"type-product","3":"status-publish","4":"has-post-thumbnail","6":"product_cat-dweller-fr","7":"product_cat-textile","8":"product_cat-coussins-fr","9":"product_cat-nouveautes-fr","10":"product_shipping_class-pk","12":"pa_color-bleu-fonc-2","13":"pa_material-cotton-100-fr","15":"first","16":"instock","17":"taxable","18":"shipping-taxable","19":"purchasable","20":"product-type-simple"},"exclude_global_add_ons":[],"addons":[],"acf":[],"yoast_head":"<!-- This site is optimized with the Yoast SEO plugin v26.4 - https:\/\/yoast.com\/wordpress\/plugins\/seo\/ -->\n<title>Blend Coussin Bleu fonc\u00e9 - H\u00fcbsch<\/title>\n<meta name=\"description\" content=\"Un coussin peut-il \u00eatre aussi doux qu&#039;une brise ? Le **Coussin Blend** en bleu fonc\u00e9 apporte une profondeur douce et une texture ludique \u00e0 votre espace,\" \/>\n<meta name=\"robots\" content=\"index, follow, max-snippet:-1, max-image-preview:large, max-video-preview:-1\" \/>\n<link rel=\"canonical\" href=\"https:\/\/hubsch-interior.com\/fr\/wp-json\/wp\/v2\/product\/1078627\" \/>\n<meta property=\"og:locale\" content=\"fr_FR\" \/>\n<meta property=\"og:type\" content=\"article\" \/>\n<meta property=\"og:title\" content=\"Blend Coussin Bleu fonc\u00e9 - H\u00fcbsch\" \/>\n<meta property=\"og:description\" content=\"Un coussin peut-il \u00eatre aussi doux qu&#039;une brise ? Le **Coussin Blend** en bleu fonc\u00e9 apporte une profondeur douce et une texture ludique \u00e0 votre espace,\" \/>\n<meta property=\"og:url\" content=\"https:\/\/hubsch-interior.com\/fr\/produit\/blend-coussin-bleu-fonce\/\" \/>\n<meta property=\"og:site_name\" content=\"H\u00fcbsch\" \/>\n<meta property=\"article:modified_time\" content=\"2026-04-05T02:43:59+00:00\" \/>\n<meta property=\"og:image\" content=\"https:\/\/hubsch-interior.com\/wp-content\/uploads\/2026\/01\/blend-cushion-dark-blue-e20bbeb0dd7c3f00beda4f725f2bfeeb.jpg\" \/>\n\t<meta property=\"og:image:width\" content=\"1200\" \/>\n\t<meta property=\"og:image:height\" content=\"1200\" \/>\n\t<meta property=\"og:image:type\" content=\"image\/jpeg\" \/>\n<meta name=\"twitter:card\" content=\"summary_large_image\" \/>\n<script type=\"application\/ld+json\" class=\"yoast-schema-graph\">{\"@context\":\"https:\/\/schema.org\",\"@graph\":[{\"@type\":\"WebPage\",\"@id\":\"https:\/\/hubsch-interior.com\/fr\/produit\/blend-coussin-bleu-fonce\/\",\"url\":\"https:\/\/hubsch-interior.com\/fr\/produit\/blend-coussin-bleu-fonce\/\",\"name\":\"Blend Coussin Bleu fonc\u00e9 - H\u00fcbsch\",\"isPartOf\":{\"@id\":\"https:\/\/hubsch-interior.com\/fr\/#website\"},\"primaryImageOfPage\":{\"@id\":\"https:\/\/hubsch-interior.com\/fr\/produit\/blend-coussin-bleu-fonce\/#primaryimage\"},\"image\":{\"@id\":\"https:\/\/hubsch-interior.com\/fr\/produit\/blend-coussin-bleu-fonce\/#primaryimage\"},\"thumbnailUrl\":\"https:\/\/hubsch-interior.com\/wp-content\/uploads\/2026\/02\/blend-cushion-dark-blue-f44e7bdb6e24aca205d41c39205a868d.jpg\",\"datePublished\":\"2026-01-10T03:03:07+00:00\",\"dateModified\":\"2026-04-05T02:43:59+00:00\",\"description\":\"Un coussin peut-il \u00eatre aussi doux qu'une brise ? Le **Coussin Blend** en bleu fonc\u00e9 apporte une profondeur douce et une texture ludique \u00e0 votre espace,\",\"breadcrumb\":{\"@id\":\"https:\/\/hubsch-interior.com\/fr\/produit\/blend-coussin-bleu-fonce\/#breadcrumb\"},\"inLanguage\":\"fr-FR\",\"potentialAction\":[{\"@type\":\"ReadAction\",\"target\":[\"https:\/\/hubsch-interior.com\/fr\/produit\/blend-coussin-bleu-fonce\/\"]}]},{\"@type\":\"ImageObject\",\"inLanguage\":\"fr-FR\",\"@id\":\"https:\/\/hubsch-interior.com\/fr\/produit\/blend-coussin-bleu-fonce\/#primaryimage\",\"url\":\"https:\/\/hubsch-interior.com\/wp-content\/uploads\/2026\/02\/blend-cushion-dark-blue-f44e7bdb6e24aca205d41c39205a868d.jpg\",\"contentUrl\":\"https:\/\/hubsch-interior.com\/wp-content\/uploads\/2026\/02\/blend-cushion-dark-blue-f44e7bdb6e24aca205d41c39205a868d.jpg\",\"width\":1024,\"height\":1024},{\"@type\":\"BreadcrumbList\",\"@id\":\"https:\/\/hubsch-interior.com\/fr\/produit\/blend-coussin-bleu-fonce\/#breadcrumb\",\"itemListElement\":[{\"@type\":\"ListItem\",\"position\":1,\"name\":\"Page d'accueil\",\"item\":\"https:\/\/hubsch-interior.com\/fr\/\"},{\"@type\":\"ListItem\",\"position\":2,\"name\":\"Produits\",\"item\":\"https:\/\/hubsch-interior.com\/fr\/shop-2\/\"},{\"@type\":\"ListItem\",\"position\":3,\"name\":\"Blend Coussin Bleu fonc\u00e9\"}]},{\"@type\":\"WebSite\",\"@id\":\"https:\/\/hubsch-interior.com\/fr\/#website\",\"url\":\"https:\/\/hubsch-interior.com\/fr\/\",\"name\":\"H\u00fcbsch\",\"description\":\"Danish Home Interior and Design\",\"publisher\":{\"@id\":\"https:\/\/hubsch-interior.com\/fr\/#organization\"},\"potentialAction\":[{\"@type\":\"SearchAction\",\"target\":{\"@type\":\"EntryPoint\",\"urlTemplate\":\"https:\/\/hubsch-interior.com\/fr\/?s={search_term_string}\"},\"query-input\":{\"@type\":\"PropertyValueSpecification\",\"valueRequired\":true,\"valueName\":\"search_term_string\"}}],\"inLanguage\":\"fr-FR\"},{\"@type\":\"Organization\",\"@id\":\"https:\/\/hubsch-interior.com\/fr\/#organization\",\"name\":\"H\u00fcbsch\",\"url\":\"https:\/\/hubsch-interior.com\/fr\/\",\"logo\":{\"@type\":\"ImageObject\",\"inLanguage\":\"fr-FR\",\"@id\":\"https:\/\/hubsch-interior.com\/fr\/#\/schema\/logo\/image\/\",\"url\":\"https:\/\/hubsch-interior.com\/wp-content\/uploads\/2022\/12\/Hubsch_logo_black_one_line.svg\",\"contentUrl\":\"https:\/\/hubsch-interior.com\/wp-content\/uploads\/2022\/12\/Hubsch_logo_black_one_line.svg\",\"caption\":\"H\u00fcbsch\"},\"image\":{\"@id\":\"https:\/\/hubsch-interior.com\/fr\/#\/schema\/logo\/image\/\"}}]}<\/script>\n<!-- \/ Yoast SEO plugin. -->","yoast_head_json":{"title":"Blend Coussin Bleu fonc\u00e9 - H\u00fcbsch","description":"Un coussin peut-il \u00eatre aussi doux qu'une brise ? Le **Coussin Blend** en bleu fonc\u00e9 apporte une profondeur douce et une texture ludique \u00e0 votre espace,","robots":{"index":"index","follow":"follow","max-snippet":"max-snippet:-1","max-image-preview":"max-image-preview:large","max-video-preview":"max-video-preview:-1"},"canonical":"https:\/\/hubsch-interior.com\/fr\/wp-json\/wp\/v2\/product\/1078627","og_locale":"fr_FR","og_type":"article","og_title":"Blend Coussin Bleu fonc\u00e9 - H\u00fcbsch","og_description":"Un coussin peut-il \u00eatre aussi doux qu'une brise ? Le **Coussin Blend** en bleu fonc\u00e9 apporte une profondeur douce et une texture ludique \u00e0 votre espace,","og_url":"https:\/\/hubsch-interior.com\/fr\/produit\/blend-coussin-bleu-fonce\/","og_site_name":"H\u00fcbsch","article_modified_time":"2026-04-05T02:43:59+00:00","og_image":[{"width":1200,"height":1200,"url":"https:\/\/hubsch-interior.com\/wp-content\/uploads\/2026\/01\/blend-cushion-dark-blue-e20bbeb0dd7c3f00beda4f725f2bfeeb.jpg","type":"image\/jpeg"}],"twitter_card":"summary_large_image","schema":{"@context":"https:\/\/schema.org","@graph":[{"@type":"WebPage","@id":"https:\/\/hubsch-interior.com\/fr\/produit\/blend-coussin-bleu-fonce\/","url":"https:\/\/hubsch-interior.com\/fr\/produit\/blend-coussin-bleu-fonce\/","name":"Blend Coussin Bleu fonc\u00e9 - H\u00fcbsch","isPartOf":{"@id":"https:\/\/hubsch-interior.com\/fr\/#website"},"primaryImageOfPage":{"@id":"https:\/\/hubsch-interior.com\/fr\/produit\/blend-coussin-bleu-fonce\/#primaryimage"},"image":{"@id":"https:\/\/hubsch-interior.com\/fr\/produit\/blend-coussin-bleu-fonce\/#primaryimage"},"thumbnailUrl":"https:\/\/hubsch-interior.com\/wp-content\/uploads\/2026\/02\/blend-cushion-dark-blue-f44e7bdb6e24aca205d41c39205a868d.jpg","datePublished":"2026-01-10T03:03:07+00:00","dateModified":"2026-04-05T02:43:59+00:00","description":"Un coussin peut-il \u00eatre aussi doux qu'une brise ? Le **Coussin Blend** en bleu fonc\u00e9 apporte une profondeur douce et une texture ludique \u00e0 votre espace,","breadcrumb":{"@id":"https:\/\/hubsch-interior.com\/fr\/produit\/blend-coussin-bleu-fonce\/#breadcrumb"},"inLanguage":"fr-FR","potentialAction":[{"@type":"ReadAction","target":["https:\/\/hubsch-interior.com\/fr\/produit\/blend-coussin-bleu-fonce\/"]}]},{"@type":"ImageObject","inLanguage":"fr-FR","@id":"https:\/\/hubsch-interior.com\/fr\/produit\/blend-coussin-bleu-fonce\/#primaryimage","url":"https:\/\/hubsch-interior.com\/wp-content\/uploads\/2026\/02\/blend-cushion-dark-blue-f44e7bdb6e24aca205d41c39205a868d.jpg","contentUrl":"https:\/\/hubsch-interior.com\/wp-content\/uploads\/2026\/02\/blend-cushion-dark-blue-f44e7bdb6e24aca205d41c39205a868d.jpg","width":1024,"height":1024},{"@type":"BreadcrumbList","@id":"https:\/\/hubsch-interior.com\/fr\/produit\/blend-coussin-bleu-fonce\/#breadcrumb","itemListElement":[{"@type":"ListItem","position":1,"name":"Page d'accueil","item":"https:\/\/hubsch-interior.com\/fr\/"},{"@type":"ListItem","position":2,"name":"Produits","item":"https:\/\/hubsch-interior.com\/fr\/shop-2\/"},{"@type":"ListItem","position":3,"name":"Blend Coussin Bleu fonc\u00e9"}]},{"@type":"WebSite","@id":"https:\/\/hubsch-interior.com\/fr\/#website","url":"https:\/\/hubsch-interior.com\/fr\/","name":"H\u00fcbsch","description":"Danish Home Interior and Design","publisher":{"@id":"https:\/\/hubsch-interior.com\/fr\/#organization"},"potentialAction":[{"@type":"SearchAction","target":{"@type":"EntryPoint","urlTemplate":"https:\/\/hubsch-interior.com\/fr\/?s={search_term_string}"},"query-input":{"@type":"PropertyValueSpecification","valueRequired":true,"valueName":"search_term_string"}}],"inLanguage":"fr-FR"},{"@type":"Organization","@id":"https:\/\/hubsch-interior.com\/fr\/#organization","name":"H\u00fcbsch","url":"https:\/\/hubsch-interior.com\/fr\/","logo":{"@type":"ImageObject","inLanguage":"fr-FR","@id":"https:\/\/hubsch-interior.com\/fr\/#\/schema\/logo\/image\/","url":"https:\/\/hubsch-interior.com\/wp-content\/uploads\/2022\/12\/Hubsch_logo_black_one_line.svg","contentUrl":"https:\/\/hubsch-interior.com\/wp-content\/uploads\/2022\/12\/Hubsch_logo_black_one_line.svg","caption":"H\u00fcbsch"},"image":{"@id":"https:\/\/hubsch-interior.com\/fr\/#\/schema\/logo\/image\/"}}]}},"_links":{"self":[{"href":"https:\/\/hubsch-interior.com\/fr\/wp-json\/wp\/v2\/product\/1078627","targetHints":{"allow":["GET"]}}],"collection":[{"href":"https:\/\/hubsch-interior.com\/fr\/wp-json\/wp\/v2\/product"}],"about":[{"href":"https:\/\/hubsch-interior.com\/fr\/wp-json\/wp\/v2\/types\/product"}],"wp:featuredmedia":[{"embeddable":true,"href":"https:\/\/hubsch-interior.com\/fr\/wp-json\/wp\/v2\/media\/1100712"}],"wp:attachment":[{"href":"https:\/\/hubsch-interior.com\/fr\/wp-json\/wp\/v2\/media?parent=1078627"}],"wp:term":[{"taxonomy":"product_brand","embeddable":true,"href":"https:\/\/hubsch-interior.com\/fr\/wp-json\/wp\/v2\/product_brand?post=1078627"},{"taxonomy":"product_cat","embeddable":true,"href":"https:\/\/hubsch-interior.com\/fr\/wp-json\/wp\/v2\/product_cat?post=1078627"},{"taxonomy":"product_tag","embeddable":true,"href":"https:\/\/hubsch-interior.com\/fr\/wp-json\/wp\/v2\/product_tag?post=1078627"}],"curies":[{"name":"wp","href":"https:\/\/api.w.org\/{rel}","templated":true}]}}