{"id":1078683,"date":"2026-01-10T04:03:49","date_gmt":"2026-01-10T03:03:49","guid":{"rendered":"https:\/\/hubsch-interior.com\/product\/product\/"},"modified":"2026-04-05T04:44:14","modified_gmt":"2026-04-05T02:44:14","slug":"flok-plaid-bleu-fonce","status":"publish","type":"product","link":"https:\/\/hubsch-interior.com\/fr\/produit\/flok-plaid-bleu-fonce\/","title":{"rendered":"Flok Plaid Bleu fonc\u00e9"},"content":{"rendered":"<p>Confort teint\u00e9 de nostalgie. Le Flok Plaid en bleu fonc\u00e9 apporte un charme r\u00e9tro \u00e0 l&#8217;actuel avec son motif \u00e0 carreaux form\u00e9 par de discr\u00e8tes rayures tiss\u00e9es. Fabriqu\u00e9 en coton certifi\u00e9 OEKO-TEX\u00ae STANDARD 100, il est doux, respirant et con\u00e7u pour les moments de calme au quotidien. Que ce soit drap\u00e9 sur votre canap\u00e9 ou enroul\u00e9 autour de vos \u00e9paules, il ajoute de la chaleur sans complication. Une couche intemporelle de facilit\u00e9, cousue avec juste ce qu&#8217;il faut d&#8217;\u00e2me.<\/p>\n","protected":false},"excerpt":{"rendered":"<p>Confort teint\u00e9 de nostalgie. Le Flok Plaid en bleu fonc\u00e9 apporte un charme r\u00e9tro \u00e0 l&#8217;actuel avec son motif \u00e0 carreaux form\u00e9 par de discr\u00e8tes rayures tiss\u00e9es. Fabriqu\u00e9 en coton certifi\u00e9 OEKO-TEX\u00ae STANDARD 100, il est doux, respirant et con\u00e7u pour les moments de calme au quotidien. Que ce soit drap\u00e9 sur votre canap\u00e9 ou [&hellip;]<\/p>\n","protected":false},"featured_media":1100752,"template":"","meta":{"_acf_changed":false,"inline_featured_image":false},"product_brand":[],"product_cat":[7154,3002,4942,5046],"product_tag":[],"class_list":{"0":"post-1078683","1":"product","2":"type-product","3":"status-publish","4":"has-post-thumbnail","6":"product_cat-dweller-fr","7":"product_cat-textile","8":"product_cat-plaids-fr","9":"product_cat-nouveautes-fr","10":"product_shipping_class-pk","12":"pa_color-bleu-fonc-2","13":"pa_material-cotton-100-fr","15":"first","16":"instock","17":"taxable","18":"shipping-taxable","19":"purchasable","20":"product-type-simple"},"exclude_global_add_ons":[],"addons":[],"acf":[],"yoast_head":"<!-- This site is optimized with the Yoast SEO plugin v26.4 - https:\/\/yoast.com\/wordpress\/plugins\/seo\/ -->\n<title>Flok Plaid Bleu fonc\u00e9 - H\u00fcbsch<\/title>\n<meta name=\"description\" content=\"Confort teint\u00e9 de nostalgie. Le Flok Plaid en bleu fonc\u00e9 apporte un charme r\u00e9tro \u00e0 l&#039;actuel avec son motif \u00e0 carreaux form\u00e9 par de discr\u00e8tes rayures\" \/>\n<meta name=\"robots\" content=\"index, follow, max-snippet:-1, max-image-preview:large, max-video-preview:-1\" \/>\n<link rel=\"canonical\" href=\"https:\/\/hubsch-interior.com\/fr\/wp-json\/wp\/v2\/product\/1078683\" \/>\n<meta property=\"og:locale\" content=\"fr_FR\" \/>\n<meta property=\"og:type\" content=\"article\" \/>\n<meta property=\"og:title\" content=\"Flok Plaid Bleu fonc\u00e9 - H\u00fcbsch\" \/>\n<meta property=\"og:description\" content=\"Confort teint\u00e9 de nostalgie. Le Flok Plaid en bleu fonc\u00e9 apporte un charme r\u00e9tro \u00e0 l&#039;actuel avec son motif \u00e0 carreaux form\u00e9 par de discr\u00e8tes rayures\" \/>\n<meta property=\"og:url\" content=\"https:\/\/hubsch-interior.com\/fr\/produit\/flok-plaid-bleu-fonce\/\" \/>\n<meta property=\"og:site_name\" content=\"H\u00fcbsch\" \/>\n<meta property=\"article:modified_time\" content=\"2026-04-05T02:44:14+00:00\" \/>\n<meta property=\"og:image\" content=\"https:\/\/hubsch-interior.com\/wp-content\/uploads\/2026\/02\/flok-plaid-dark-blue-9c2f8492d72466291c414db1ffbe748f.jpg\" \/>\n\t<meta property=\"og:image:width\" content=\"1024\" \/>\n\t<meta property=\"og:image:height\" content=\"1024\" \/>\n\t<meta property=\"og:image:type\" content=\"image\/jpeg\" \/>\n<meta name=\"twitter:card\" content=\"summary_large_image\" \/>\n<script type=\"application\/ld+json\" class=\"yoast-schema-graph\">{\"@context\":\"https:\/\/schema.org\",\"@graph\":[{\"@type\":\"WebPage\",\"@id\":\"https:\/\/hubsch-interior.com\/fr\/produit\/flok-plaid-bleu-fonce\/\",\"url\":\"https:\/\/hubsch-interior.com\/fr\/produit\/flok-plaid-bleu-fonce\/\",\"name\":\"Flok Plaid Bleu fonc\u00e9 - H\u00fcbsch\",\"isPartOf\":{\"@id\":\"https:\/\/hubsch-interior.com\/fr\/#website\"},\"primaryImageOfPage\":{\"@id\":\"https:\/\/hubsch-interior.com\/fr\/produit\/flok-plaid-bleu-fonce\/#primaryimage\"},\"image\":{\"@id\":\"https:\/\/hubsch-interior.com\/fr\/produit\/flok-plaid-bleu-fonce\/#primaryimage\"},\"thumbnailUrl\":\"https:\/\/hubsch-interior.com\/wp-content\/uploads\/2026\/02\/flok-plaid-dark-blue-9c2f8492d72466291c414db1ffbe748f.jpg\",\"datePublished\":\"2026-01-10T03:03:49+00:00\",\"dateModified\":\"2026-04-05T02:44:14+00:00\",\"description\":\"Confort teint\u00e9 de nostalgie. Le Flok Plaid en bleu fonc\u00e9 apporte un charme r\u00e9tro \u00e0 l'actuel avec son motif \u00e0 carreaux form\u00e9 par de discr\u00e8tes rayures\",\"breadcrumb\":{\"@id\":\"https:\/\/hubsch-interior.com\/fr\/produit\/flok-plaid-bleu-fonce\/#breadcrumb\"},\"inLanguage\":\"fr-FR\",\"potentialAction\":[{\"@type\":\"ReadAction\",\"target\":[\"https:\/\/hubsch-interior.com\/fr\/produit\/flok-plaid-bleu-fonce\/\"]}]},{\"@type\":\"ImageObject\",\"inLanguage\":\"fr-FR\",\"@id\":\"https:\/\/hubsch-interior.com\/fr\/produit\/flok-plaid-bleu-fonce\/#primaryimage\",\"url\":\"https:\/\/hubsch-interior.com\/wp-content\/uploads\/2026\/02\/flok-plaid-dark-blue-9c2f8492d72466291c414db1ffbe748f.jpg\",\"contentUrl\":\"https:\/\/hubsch-interior.com\/wp-content\/uploads\/2026\/02\/flok-plaid-dark-blue-9c2f8492d72466291c414db1ffbe748f.jpg\",\"width\":1024,\"height\":1024},{\"@type\":\"BreadcrumbList\",\"@id\":\"https:\/\/hubsch-interior.com\/fr\/produit\/flok-plaid-bleu-fonce\/#breadcrumb\",\"itemListElement\":[{\"@type\":\"ListItem\",\"position\":1,\"name\":\"Page d'accueil\",\"item\":\"https:\/\/hubsch-interior.com\/fr\/\"},{\"@type\":\"ListItem\",\"position\":2,\"name\":\"Produits\",\"item\":\"https:\/\/hubsch-interior.com\/fr\/shop-2\/\"},{\"@type\":\"ListItem\",\"position\":3,\"name\":\"Textiles\",\"item\":\"https:\/\/hubsch-interior.com\/fr\/categorie-produit\/textile\/\"},{\"@type\":\"ListItem\",\"position\":4,\"name\":\"Plaids\",\"item\":\"https:\/\/hubsch-interior.com\/fr\/categorie-produit\/textile\/plaids-fr\/\"},{\"@type\":\"ListItem\",\"position\":5,\"name\":\"Flok Plaid Bleu fonc\u00e9\"}]},{\"@type\":\"WebSite\",\"@id\":\"https:\/\/hubsch-interior.com\/fr\/#website\",\"url\":\"https:\/\/hubsch-interior.com\/fr\/\",\"name\":\"H\u00fcbsch\",\"description\":\"Danish Home Interior and Design\",\"publisher\":{\"@id\":\"https:\/\/hubsch-interior.com\/fr\/#organization\"},\"potentialAction\":[{\"@type\":\"SearchAction\",\"target\":{\"@type\":\"EntryPoint\",\"urlTemplate\":\"https:\/\/hubsch-interior.com\/fr\/?s={search_term_string}\"},\"query-input\":{\"@type\":\"PropertyValueSpecification\",\"valueRequired\":true,\"valueName\":\"search_term_string\"}}],\"inLanguage\":\"fr-FR\"},{\"@type\":\"Organization\",\"@id\":\"https:\/\/hubsch-interior.com\/fr\/#organization\",\"name\":\"H\u00fcbsch\",\"url\":\"https:\/\/hubsch-interior.com\/fr\/\",\"logo\":{\"@type\":\"ImageObject\",\"inLanguage\":\"fr-FR\",\"@id\":\"https:\/\/hubsch-interior.com\/fr\/#\/schema\/logo\/image\/\",\"url\":\"https:\/\/hubsch-interior.com\/wp-content\/uploads\/2022\/12\/Hubsch_logo_black_one_line.svg\",\"contentUrl\":\"https:\/\/hubsch-interior.com\/wp-content\/uploads\/2022\/12\/Hubsch_logo_black_one_line.svg\",\"caption\":\"H\u00fcbsch\"},\"image\":{\"@id\":\"https:\/\/hubsch-interior.com\/fr\/#\/schema\/logo\/image\/\"}}]}<\/script>\n<!-- \/ Yoast SEO plugin. -->","yoast_head_json":{"title":"Flok Plaid Bleu fonc\u00e9 - H\u00fcbsch","description":"Confort teint\u00e9 de nostalgie. Le Flok Plaid en bleu fonc\u00e9 apporte un charme r\u00e9tro \u00e0 l'actuel avec son motif \u00e0 carreaux form\u00e9 par de discr\u00e8tes rayures","robots":{"index":"index","follow":"follow","max-snippet":"max-snippet:-1","max-image-preview":"max-image-preview:large","max-video-preview":"max-video-preview:-1"},"canonical":"https:\/\/hubsch-interior.com\/fr\/wp-json\/wp\/v2\/product\/1078683","og_locale":"fr_FR","og_type":"article","og_title":"Flok Plaid Bleu fonc\u00e9 - H\u00fcbsch","og_description":"Confort teint\u00e9 de nostalgie. Le Flok Plaid en bleu fonc\u00e9 apporte un charme r\u00e9tro \u00e0 l'actuel avec son motif \u00e0 carreaux form\u00e9 par de discr\u00e8tes rayures","og_url":"https:\/\/hubsch-interior.com\/fr\/produit\/flok-plaid-bleu-fonce\/","og_site_name":"H\u00fcbsch","article_modified_time":"2026-04-05T02:44:14+00:00","og_image":[{"width":1024,"height":1024,"url":"https:\/\/hubsch-interior.com\/wp-content\/uploads\/2026\/02\/flok-plaid-dark-blue-9c2f8492d72466291c414db1ffbe748f.jpg","type":"image\/jpeg"}],"twitter_card":"summary_large_image","schema":{"@context":"https:\/\/schema.org","@graph":[{"@type":"WebPage","@id":"https:\/\/hubsch-interior.com\/fr\/produit\/flok-plaid-bleu-fonce\/","url":"https:\/\/hubsch-interior.com\/fr\/produit\/flok-plaid-bleu-fonce\/","name":"Flok Plaid Bleu fonc\u00e9 - H\u00fcbsch","isPartOf":{"@id":"https:\/\/hubsch-interior.com\/fr\/#website"},"primaryImageOfPage":{"@id":"https:\/\/hubsch-interior.com\/fr\/produit\/flok-plaid-bleu-fonce\/#primaryimage"},"image":{"@id":"https:\/\/hubsch-interior.com\/fr\/produit\/flok-plaid-bleu-fonce\/#primaryimage"},"thumbnailUrl":"https:\/\/hubsch-interior.com\/wp-content\/uploads\/2026\/02\/flok-plaid-dark-blue-9c2f8492d72466291c414db1ffbe748f.jpg","datePublished":"2026-01-10T03:03:49+00:00","dateModified":"2026-04-05T02:44:14+00:00","description":"Confort teint\u00e9 de nostalgie. Le Flok Plaid en bleu fonc\u00e9 apporte un charme r\u00e9tro \u00e0 l'actuel avec son motif \u00e0 carreaux form\u00e9 par de discr\u00e8tes rayures","breadcrumb":{"@id":"https:\/\/hubsch-interior.com\/fr\/produit\/flok-plaid-bleu-fonce\/#breadcrumb"},"inLanguage":"fr-FR","potentialAction":[{"@type":"ReadAction","target":["https:\/\/hubsch-interior.com\/fr\/produit\/flok-plaid-bleu-fonce\/"]}]},{"@type":"ImageObject","inLanguage":"fr-FR","@id":"https:\/\/hubsch-interior.com\/fr\/produit\/flok-plaid-bleu-fonce\/#primaryimage","url":"https:\/\/hubsch-interior.com\/wp-content\/uploads\/2026\/02\/flok-plaid-dark-blue-9c2f8492d72466291c414db1ffbe748f.jpg","contentUrl":"https:\/\/hubsch-interior.com\/wp-content\/uploads\/2026\/02\/flok-plaid-dark-blue-9c2f8492d72466291c414db1ffbe748f.jpg","width":1024,"height":1024},{"@type":"BreadcrumbList","@id":"https:\/\/hubsch-interior.com\/fr\/produit\/flok-plaid-bleu-fonce\/#breadcrumb","itemListElement":[{"@type":"ListItem","position":1,"name":"Page d'accueil","item":"https:\/\/hubsch-interior.com\/fr\/"},{"@type":"ListItem","position":2,"name":"Produits","item":"https:\/\/hubsch-interior.com\/fr\/shop-2\/"},{"@type":"ListItem","position":3,"name":"Textiles","item":"https:\/\/hubsch-interior.com\/fr\/categorie-produit\/textile\/"},{"@type":"ListItem","position":4,"name":"Plaids","item":"https:\/\/hubsch-interior.com\/fr\/categorie-produit\/textile\/plaids-fr\/"},{"@type":"ListItem","position":5,"name":"Flok Plaid Bleu fonc\u00e9"}]},{"@type":"WebSite","@id":"https:\/\/hubsch-interior.com\/fr\/#website","url":"https:\/\/hubsch-interior.com\/fr\/","name":"H\u00fcbsch","description":"Danish Home Interior and Design","publisher":{"@id":"https:\/\/hubsch-interior.com\/fr\/#organization"},"potentialAction":[{"@type":"SearchAction","target":{"@type":"EntryPoint","urlTemplate":"https:\/\/hubsch-interior.com\/fr\/?s={search_term_string}"},"query-input":{"@type":"PropertyValueSpecification","valueRequired":true,"valueName":"search_term_string"}}],"inLanguage":"fr-FR"},{"@type":"Organization","@id":"https:\/\/hubsch-interior.com\/fr\/#organization","name":"H\u00fcbsch","url":"https:\/\/hubsch-interior.com\/fr\/","logo":{"@type":"ImageObject","inLanguage":"fr-FR","@id":"https:\/\/hubsch-interior.com\/fr\/#\/schema\/logo\/image\/","url":"https:\/\/hubsch-interior.com\/wp-content\/uploads\/2022\/12\/Hubsch_logo_black_one_line.svg","contentUrl":"https:\/\/hubsch-interior.com\/wp-content\/uploads\/2022\/12\/Hubsch_logo_black_one_line.svg","caption":"H\u00fcbsch"},"image":{"@id":"https:\/\/hubsch-interior.com\/fr\/#\/schema\/logo\/image\/"}}]}},"_links":{"self":[{"href":"https:\/\/hubsch-interior.com\/fr\/wp-json\/wp\/v2\/product\/1078683","targetHints":{"allow":["GET"]}}],"collection":[{"href":"https:\/\/hubsch-interior.com\/fr\/wp-json\/wp\/v2\/product"}],"about":[{"href":"https:\/\/hubsch-interior.com\/fr\/wp-json\/wp\/v2\/types\/product"}],"wp:featuredmedia":[{"embeddable":true,"href":"https:\/\/hubsch-interior.com\/fr\/wp-json\/wp\/v2\/media\/1100752"}],"wp:attachment":[{"href":"https:\/\/hubsch-interior.com\/fr\/wp-json\/wp\/v2\/media?parent=1078683"}],"wp:term":[{"taxonomy":"product_brand","embeddable":true,"href":"https:\/\/hubsch-interior.com\/fr\/wp-json\/wp\/v2\/product_brand?post=1078683"},{"taxonomy":"product_cat","embeddable":true,"href":"https:\/\/hubsch-interior.com\/fr\/wp-json\/wp\/v2\/product_cat?post=1078683"},{"taxonomy":"product_tag","embeddable":true,"href":"https:\/\/hubsch-interior.com\/fr\/wp-json\/wp\/v2\/product_tag?post=1078683"}],"curies":[{"name":"wp","href":"https:\/\/api.w.org\/{rel}","templated":true}]}}