{"id":1078699,"date":"2026-01-10T04:04:01","date_gmt":"2026-01-10T03:04:01","guid":{"rendered":"https:\/\/hubsch-interior.com\/product\/product\/"},"modified":"2026-04-05T04:44:17","modified_gmt":"2026-04-05T02:44:17","slug":"waku-tapis-sable","status":"publish","type":"product","link":"https:\/\/hubsch-interior.com\/fr\/produit\/waku-tapis-sable\/","title":{"rendered":"Waku Tapis Sable"},"content":{"rendered":"<p>Le subtil peut-il jamais \u00eatre aussi satisfaisant ? Le Waku Tapis en sable chaud allie simplicit\u00e9 et surprise, m\u00e9langeant une base neutre douce avec une discr\u00e8te touche d&#8217;orange pour juste ce qu&#8217;il faut de piquant. Tiss\u00e9 serr\u00e9 \u00e0 partir de coton certifi\u00e9 OEKO-TEX\u00ae STANDARD 100, il est doux sous les pieds et magnifiquement structur\u00e9. Con\u00e7u pour les espaces int\u00e9rieurs cosy, il apporte la tranquillit\u00e9 \u00e0 n&#8217;importe quelle pi\u00e8ce \u2014 avec juste assez de couleur pour maintenir l&#8217;int\u00e9r\u00eat. Un essentiel ancr\u00e9 qui sait se d\u00e9marquer, tout en douceur.<\/p>\n","protected":false},"excerpt":{"rendered":"<p>Le subtil peut-il jamais \u00eatre aussi satisfaisant ? Le Waku Tapis en sable chaud allie simplicit\u00e9 et surprise, m\u00e9langeant une base neutre douce avec une discr\u00e8te touche d&#8217;orange pour juste ce qu&#8217;il faut de piquant. Tiss\u00e9 serr\u00e9 \u00e0 partir de coton certifi\u00e9 OEKO-TEX\u00ae STANDARD 100, il est doux sous les pieds et magnifiquement structur\u00e9. Con\u00e7u [&hellip;]<\/p>\n","protected":false},"featured_media":1100760,"template":"","meta":{"_acf_changed":false,"inline_featured_image":false},"product_brand":[],"product_cat":[7154,3002,3324,5046],"product_tag":[],"class_list":{"0":"post-1078699","1":"product","2":"type-product","3":"status-publish","4":"has-post-thumbnail","6":"product_cat-dweller-fr","7":"product_cat-textile","8":"product_cat-tapis-fr","9":"product_cat-nouveautes-fr","10":"product_shipping_class-pk","12":"pa_color-sable","13":"pa_material-cotton-100-fr","15":"first","16":"instock","17":"taxable","18":"shipping-taxable","19":"purchasable","20":"product-type-simple"},"exclude_global_add_ons":[],"addons":[],"acf":[],"yoast_head":"<!-- This site is optimized with the Yoast SEO plugin v26.4 - https:\/\/yoast.com\/wordpress\/plugins\/seo\/ -->\n<title>Waku Tapis Sable - H\u00fcbsch<\/title>\n<meta name=\"description\" content=\"Le subtil peut-il jamais \u00eatre aussi satisfaisant ? Le Waku Tapis en sable chaud allie simplicit\u00e9 et surprise, m\u00e9langeant une base neutre douce avec une\" \/>\n<meta name=\"robots\" content=\"index, follow, max-snippet:-1, max-image-preview:large, max-video-preview:-1\" \/>\n<link rel=\"canonical\" href=\"https:\/\/hubsch-interior.com\/fr\/wp-json\/wp\/v2\/product\/1078699\" \/>\n<meta property=\"og:locale\" content=\"fr_FR\" \/>\n<meta property=\"og:type\" content=\"article\" \/>\n<meta property=\"og:title\" content=\"Waku Tapis Sable - H\u00fcbsch\" \/>\n<meta property=\"og:description\" content=\"Le subtil peut-il jamais \u00eatre aussi satisfaisant ? Le Waku Tapis en sable chaud allie simplicit\u00e9 et surprise, m\u00e9langeant une base neutre douce avec une\" \/>\n<meta property=\"og:url\" content=\"https:\/\/hubsch-interior.com\/fr\/produit\/waku-tapis-sable\/\" \/>\n<meta property=\"og:site_name\" content=\"H\u00fcbsch\" \/>\n<meta property=\"article:modified_time\" content=\"2026-04-05T02:44:17+00:00\" \/>\n<meta property=\"og:image\" content=\"https:\/\/hubsch-interior.com\/wp-content\/uploads\/2026\/01\/waku-rug-sand-a500593f1739a6c11607c8e2144ec9d9.jpg\" \/>\n\t<meta property=\"og:image:width\" content=\"1200\" \/>\n\t<meta property=\"og:image:height\" content=\"1200\" \/>\n\t<meta property=\"og:image:type\" content=\"image\/jpeg\" \/>\n<meta name=\"twitter:card\" content=\"summary_large_image\" \/>\n<script type=\"application\/ld+json\" class=\"yoast-schema-graph\">{\"@context\":\"https:\/\/schema.org\",\"@graph\":[{\"@type\":\"WebPage\",\"@id\":\"https:\/\/hubsch-interior.com\/fr\/produit\/waku-tapis-sable\/\",\"url\":\"https:\/\/hubsch-interior.com\/fr\/produit\/waku-tapis-sable\/\",\"name\":\"Waku Tapis Sable - H\u00fcbsch\",\"isPartOf\":{\"@id\":\"https:\/\/hubsch-interior.com\/fr\/#website\"},\"primaryImageOfPage\":{\"@id\":\"https:\/\/hubsch-interior.com\/fr\/produit\/waku-tapis-sable\/#primaryimage\"},\"image\":{\"@id\":\"https:\/\/hubsch-interior.com\/fr\/produit\/waku-tapis-sable\/#primaryimage\"},\"thumbnailUrl\":\"https:\/\/hubsch-interior.com\/wp-content\/uploads\/2026\/02\/waku-rug-sand-27ad26daa34ac5a58fe8542d37f546a3.jpg\",\"datePublished\":\"2026-01-10T03:04:01+00:00\",\"dateModified\":\"2026-04-05T02:44:17+00:00\",\"description\":\"Le subtil peut-il jamais \u00eatre aussi satisfaisant ? Le Waku Tapis en sable chaud allie simplicit\u00e9 et surprise, m\u00e9langeant une base neutre douce avec une\",\"breadcrumb\":{\"@id\":\"https:\/\/hubsch-interior.com\/fr\/produit\/waku-tapis-sable\/#breadcrumb\"},\"inLanguage\":\"fr-FR\",\"potentialAction\":[{\"@type\":\"ReadAction\",\"target\":[\"https:\/\/hubsch-interior.com\/fr\/produit\/waku-tapis-sable\/\"]}]},{\"@type\":\"ImageObject\",\"inLanguage\":\"fr-FR\",\"@id\":\"https:\/\/hubsch-interior.com\/fr\/produit\/waku-tapis-sable\/#primaryimage\",\"url\":\"https:\/\/hubsch-interior.com\/wp-content\/uploads\/2026\/02\/waku-rug-sand-27ad26daa34ac5a58fe8542d37f546a3.jpg\",\"contentUrl\":\"https:\/\/hubsch-interior.com\/wp-content\/uploads\/2026\/02\/waku-rug-sand-27ad26daa34ac5a58fe8542d37f546a3.jpg\",\"width\":1024,\"height\":1024},{\"@type\":\"BreadcrumbList\",\"@id\":\"https:\/\/hubsch-interior.com\/fr\/produit\/waku-tapis-sable\/#breadcrumb\",\"itemListElement\":[{\"@type\":\"ListItem\",\"position\":1,\"name\":\"Page d'accueil\",\"item\":\"https:\/\/hubsch-interior.com\/fr\/\"},{\"@type\":\"ListItem\",\"position\":2,\"name\":\"Produits\",\"item\":\"https:\/\/hubsch-interior.com\/fr\/shop-2\/\"},{\"@type\":\"ListItem\",\"position\":3,\"name\":\"Waku Tapis Sable\"}]},{\"@type\":\"WebSite\",\"@id\":\"https:\/\/hubsch-interior.com\/fr\/#website\",\"url\":\"https:\/\/hubsch-interior.com\/fr\/\",\"name\":\"H\u00fcbsch\",\"description\":\"Danish Home Interior and Design\",\"publisher\":{\"@id\":\"https:\/\/hubsch-interior.com\/fr\/#organization\"},\"potentialAction\":[{\"@type\":\"SearchAction\",\"target\":{\"@type\":\"EntryPoint\",\"urlTemplate\":\"https:\/\/hubsch-interior.com\/fr\/?s={search_term_string}\"},\"query-input\":{\"@type\":\"PropertyValueSpecification\",\"valueRequired\":true,\"valueName\":\"search_term_string\"}}],\"inLanguage\":\"fr-FR\"},{\"@type\":\"Organization\",\"@id\":\"https:\/\/hubsch-interior.com\/fr\/#organization\",\"name\":\"H\u00fcbsch\",\"url\":\"https:\/\/hubsch-interior.com\/fr\/\",\"logo\":{\"@type\":\"ImageObject\",\"inLanguage\":\"fr-FR\",\"@id\":\"https:\/\/hubsch-interior.com\/fr\/#\/schema\/logo\/image\/\",\"url\":\"https:\/\/hubsch-interior.com\/wp-content\/uploads\/2022\/12\/Hubsch_logo_black_one_line.svg\",\"contentUrl\":\"https:\/\/hubsch-interior.com\/wp-content\/uploads\/2022\/12\/Hubsch_logo_black_one_line.svg\",\"caption\":\"H\u00fcbsch\"},\"image\":{\"@id\":\"https:\/\/hubsch-interior.com\/fr\/#\/schema\/logo\/image\/\"}}]}<\/script>\n<!-- \/ Yoast SEO plugin. -->","yoast_head_json":{"title":"Waku Tapis Sable - H\u00fcbsch","description":"Le subtil peut-il jamais \u00eatre aussi satisfaisant ? Le Waku Tapis en sable chaud allie simplicit\u00e9 et surprise, m\u00e9langeant une base neutre douce avec une","robots":{"index":"index","follow":"follow","max-snippet":"max-snippet:-1","max-image-preview":"max-image-preview:large","max-video-preview":"max-video-preview:-1"},"canonical":"https:\/\/hubsch-interior.com\/fr\/wp-json\/wp\/v2\/product\/1078699","og_locale":"fr_FR","og_type":"article","og_title":"Waku Tapis Sable - H\u00fcbsch","og_description":"Le subtil peut-il jamais \u00eatre aussi satisfaisant ? Le Waku Tapis en sable chaud allie simplicit\u00e9 et surprise, m\u00e9langeant une base neutre douce avec une","og_url":"https:\/\/hubsch-interior.com\/fr\/produit\/waku-tapis-sable\/","og_site_name":"H\u00fcbsch","article_modified_time":"2026-04-05T02:44:17+00:00","og_image":[{"width":1200,"height":1200,"url":"https:\/\/hubsch-interior.com\/wp-content\/uploads\/2026\/01\/waku-rug-sand-a500593f1739a6c11607c8e2144ec9d9.jpg","type":"image\/jpeg"}],"twitter_card":"summary_large_image","schema":{"@context":"https:\/\/schema.org","@graph":[{"@type":"WebPage","@id":"https:\/\/hubsch-interior.com\/fr\/produit\/waku-tapis-sable\/","url":"https:\/\/hubsch-interior.com\/fr\/produit\/waku-tapis-sable\/","name":"Waku Tapis Sable - H\u00fcbsch","isPartOf":{"@id":"https:\/\/hubsch-interior.com\/fr\/#website"},"primaryImageOfPage":{"@id":"https:\/\/hubsch-interior.com\/fr\/produit\/waku-tapis-sable\/#primaryimage"},"image":{"@id":"https:\/\/hubsch-interior.com\/fr\/produit\/waku-tapis-sable\/#primaryimage"},"thumbnailUrl":"https:\/\/hubsch-interior.com\/wp-content\/uploads\/2026\/02\/waku-rug-sand-27ad26daa34ac5a58fe8542d37f546a3.jpg","datePublished":"2026-01-10T03:04:01+00:00","dateModified":"2026-04-05T02:44:17+00:00","description":"Le subtil peut-il jamais \u00eatre aussi satisfaisant ? Le Waku Tapis en sable chaud allie simplicit\u00e9 et surprise, m\u00e9langeant une base neutre douce avec une","breadcrumb":{"@id":"https:\/\/hubsch-interior.com\/fr\/produit\/waku-tapis-sable\/#breadcrumb"},"inLanguage":"fr-FR","potentialAction":[{"@type":"ReadAction","target":["https:\/\/hubsch-interior.com\/fr\/produit\/waku-tapis-sable\/"]}]},{"@type":"ImageObject","inLanguage":"fr-FR","@id":"https:\/\/hubsch-interior.com\/fr\/produit\/waku-tapis-sable\/#primaryimage","url":"https:\/\/hubsch-interior.com\/wp-content\/uploads\/2026\/02\/waku-rug-sand-27ad26daa34ac5a58fe8542d37f546a3.jpg","contentUrl":"https:\/\/hubsch-interior.com\/wp-content\/uploads\/2026\/02\/waku-rug-sand-27ad26daa34ac5a58fe8542d37f546a3.jpg","width":1024,"height":1024},{"@type":"BreadcrumbList","@id":"https:\/\/hubsch-interior.com\/fr\/produit\/waku-tapis-sable\/#breadcrumb","itemListElement":[{"@type":"ListItem","position":1,"name":"Page d'accueil","item":"https:\/\/hubsch-interior.com\/fr\/"},{"@type":"ListItem","position":2,"name":"Produits","item":"https:\/\/hubsch-interior.com\/fr\/shop-2\/"},{"@type":"ListItem","position":3,"name":"Waku Tapis Sable"}]},{"@type":"WebSite","@id":"https:\/\/hubsch-interior.com\/fr\/#website","url":"https:\/\/hubsch-interior.com\/fr\/","name":"H\u00fcbsch","description":"Danish Home Interior and Design","publisher":{"@id":"https:\/\/hubsch-interior.com\/fr\/#organization"},"potentialAction":[{"@type":"SearchAction","target":{"@type":"EntryPoint","urlTemplate":"https:\/\/hubsch-interior.com\/fr\/?s={search_term_string}"},"query-input":{"@type":"PropertyValueSpecification","valueRequired":true,"valueName":"search_term_string"}}],"inLanguage":"fr-FR"},{"@type":"Organization","@id":"https:\/\/hubsch-interior.com\/fr\/#organization","name":"H\u00fcbsch","url":"https:\/\/hubsch-interior.com\/fr\/","logo":{"@type":"ImageObject","inLanguage":"fr-FR","@id":"https:\/\/hubsch-interior.com\/fr\/#\/schema\/logo\/image\/","url":"https:\/\/hubsch-interior.com\/wp-content\/uploads\/2022\/12\/Hubsch_logo_black_one_line.svg","contentUrl":"https:\/\/hubsch-interior.com\/wp-content\/uploads\/2022\/12\/Hubsch_logo_black_one_line.svg","caption":"H\u00fcbsch"},"image":{"@id":"https:\/\/hubsch-interior.com\/fr\/#\/schema\/logo\/image\/"}}]}},"_links":{"self":[{"href":"https:\/\/hubsch-interior.com\/fr\/wp-json\/wp\/v2\/product\/1078699","targetHints":{"allow":["GET"]}}],"collection":[{"href":"https:\/\/hubsch-interior.com\/fr\/wp-json\/wp\/v2\/product"}],"about":[{"href":"https:\/\/hubsch-interior.com\/fr\/wp-json\/wp\/v2\/types\/product"}],"wp:featuredmedia":[{"embeddable":true,"href":"https:\/\/hubsch-interior.com\/fr\/wp-json\/wp\/v2\/media\/1100760"}],"wp:attachment":[{"href":"https:\/\/hubsch-interior.com\/fr\/wp-json\/wp\/v2\/media?parent=1078699"}],"wp:term":[{"taxonomy":"product_brand","embeddable":true,"href":"https:\/\/hubsch-interior.com\/fr\/wp-json\/wp\/v2\/product_brand?post=1078699"},{"taxonomy":"product_cat","embeddable":true,"href":"https:\/\/hubsch-interior.com\/fr\/wp-json\/wp\/v2\/product_cat?post=1078699"},{"taxonomy":"product_tag","embeddable":true,"href":"https:\/\/hubsch-interior.com\/fr\/wp-json\/wp\/v2\/product_tag?post=1078699"}],"curies":[{"name":"wp","href":"https:\/\/api.w.org\/{rel}","templated":true}]}}