{"id":1079530,"date":"2026-01-20T04:38:53","date_gmt":"2026-01-20T03:38:53","guid":{"rendered":"https:\/\/hubsch-interior.com\/product\/product\/"},"modified":"2026-04-09T05:09:30","modified_gmt":"2026-04-09T03:09:30","slug":"pilule-pendule-up-blanc-brillant","status":"publish","type":"product","link":"https:\/\/hubsch-interior.com\/fr\/produit\/pilule-pendule-up-blanc-brillant\/","title":{"rendered":"Pilule Pendule Up Blanc Brillant"},"content":{"rendered":"<p>Esprit r\u00e9tro, \u00e9clat moderne. La Pilule Pendule en blanc brillant apporte une touche audacieuse mais \u00e9quilibr\u00e9e \u00e0 votre espace, avec son abat-jour en verre opale brillant, ses d\u00e9tails en laiton et son \u00e9l\u00e9gant cordon en tissu noir. Inspir\u00e9e par les lignes ludiques des ann\u00e9es 80, elle ajoute de la personnalit\u00e9 sans dominer la pi\u00e8ce. Qu&#8217;elle soit styl\u00e9e seule ou suspendue en grappe, elle cr\u00e9e une atmosph\u00e8re doucement lumineuse qui se sent \u00e0 la fois graphique et \u00e9l\u00e9gante. Disponible en six variantes frappantes \u2014 chacune avec son propre flair discret.<\/p>\n","protected":false},"excerpt":{"rendered":"<p>Esprit r\u00e9tro, \u00e9clat moderne. La Pilule Pendule en blanc brillant apporte une touche audacieuse mais \u00e9quilibr\u00e9e \u00e0 votre espace, avec son abat-jour en verre opale brillant, ses d\u00e9tails en laiton et son \u00e9l\u00e9gant cordon en tissu noir. Inspir\u00e9e par les lignes ludiques des ann\u00e9es 80, elle ajoute de la personnalit\u00e9 sans dominer la pi\u00e8ce. Qu&#8217;elle [&hellip;]<\/p>\n","protected":false},"featured_media":1108275,"template":"","meta":{"_acf_changed":false,"inline_featured_image":false},"product_brand":[],"product_cat":[7154,3810,5026,5046,4147],"product_tag":[],"class_list":{"0":"post-1079530","1":"product","2":"type-product","3":"status-publish","4":"has-post-thumbnail","6":"product_cat-dweller-fr","7":"product_cat-luminaires","8":"product_cat-bestsellers-fr","9":"product_cat-nouveautes-fr","10":"product_cat-suspensions-fr","11":"product_shipping_class-pk","13":"pa_color-blanc-brillant","14":"pa_material-fer-fr","15":"pa_material-verre-fr","17":"first","18":"instock","19":"featured","20":"taxable","21":"shipping-taxable","22":"purchasable","23":"product-type-simple"},"exclude_global_add_ons":[],"addons":[],"acf":[],"yoast_head":"<!-- This site is optimized with the Yoast SEO plugin v26.4 - https:\/\/yoast.com\/wordpress\/plugins\/seo\/ -->\n<title>Pilule Pendule Up Blanc Brillant - H\u00fcbsch<\/title>\n<meta name=\"description\" content=\"Esprit r\u00e9tro, \u00e9clat moderne. La Pilule Pendule en blanc brillant apporte une touche audacieuse mais \u00e9quilibr\u00e9e \u00e0 votre espace, avec son abat-jour en verre\" \/>\n<meta name=\"robots\" content=\"index, follow, max-snippet:-1, max-image-preview:large, max-video-preview:-1\" \/>\n<link rel=\"canonical\" href=\"https:\/\/hubsch-interior.com\/fr\/wp-json\/wp\/v2\/product\/1079530\" \/>\n<meta property=\"og:locale\" content=\"fr_FR\" \/>\n<meta property=\"og:type\" content=\"article\" \/>\n<meta property=\"og:title\" content=\"Pilule Pendule Up Blanc Brillant - H\u00fcbsch\" \/>\n<meta property=\"og:description\" content=\"Esprit r\u00e9tro, \u00e9clat moderne. La Pilule Pendule en blanc brillant apporte une touche audacieuse mais \u00e9quilibr\u00e9e \u00e0 votre espace, avec son abat-jour en verre\" \/>\n<meta property=\"og:url\" content=\"https:\/\/hubsch-interior.com\/fr\/produit\/pilule-pendule-up-blanc-brillant\/\" \/>\n<meta property=\"og:site_name\" content=\"H\u00fcbsch\" \/>\n<meta property=\"article:modified_time\" content=\"2026-04-09T03:09:30+00:00\" \/>\n<meta property=\"og:image\" content=\"https:\/\/hubsch-interior.com\/wp-content\/uploads\/2026\/01\/pilule-pendant-up-shiny-white-90b14116df8b6b811db0ee745a97d58a.jpg\" \/>\n\t<meta property=\"og:image:width\" content=\"1200\" \/>\n\t<meta property=\"og:image:height\" content=\"1200\" \/>\n\t<meta property=\"og:image:type\" content=\"image\/jpeg\" \/>\n<meta name=\"twitter:card\" content=\"summary_large_image\" \/>\n<script type=\"application\/ld+json\" class=\"yoast-schema-graph\">{\"@context\":\"https:\/\/schema.org\",\"@graph\":[{\"@type\":\"WebPage\",\"@id\":\"https:\/\/hubsch-interior.com\/fr\/produit\/pilule-pendule-up-blanc-brillant\/\",\"url\":\"https:\/\/hubsch-interior.com\/fr\/produit\/pilule-pendule-up-blanc-brillant\/\",\"name\":\"Pilule Pendule Up Blanc Brillant - H\u00fcbsch\",\"isPartOf\":{\"@id\":\"https:\/\/hubsch-interior.com\/fr\/#website\"},\"primaryImageOfPage\":{\"@id\":\"https:\/\/hubsch-interior.com\/fr\/produit\/pilule-pendule-up-blanc-brillant\/#primaryimage\"},\"image\":{\"@id\":\"https:\/\/hubsch-interior.com\/fr\/produit\/pilule-pendule-up-blanc-brillant\/#primaryimage\"},\"thumbnailUrl\":\"https:\/\/hubsch-interior.com\/wp-content\/uploads\/2026\/02\/pilule-pendant-up-shiny-white-9c662043e7c56290e3cc964c00ecb0da.jpg\",\"datePublished\":\"2026-01-20T03:38:53+00:00\",\"dateModified\":\"2026-04-09T03:09:30+00:00\",\"description\":\"Esprit r\u00e9tro, \u00e9clat moderne. La Pilule Pendule en blanc brillant apporte une touche audacieuse mais \u00e9quilibr\u00e9e \u00e0 votre espace, avec son abat-jour en verre\",\"breadcrumb\":{\"@id\":\"https:\/\/hubsch-interior.com\/fr\/produit\/pilule-pendule-up-blanc-brillant\/#breadcrumb\"},\"inLanguage\":\"fr-FR\",\"potentialAction\":[{\"@type\":\"ReadAction\",\"target\":[\"https:\/\/hubsch-interior.com\/fr\/produit\/pilule-pendule-up-blanc-brillant\/\"]}]},{\"@type\":\"ImageObject\",\"inLanguage\":\"fr-FR\",\"@id\":\"https:\/\/hubsch-interior.com\/fr\/produit\/pilule-pendule-up-blanc-brillant\/#primaryimage\",\"url\":\"https:\/\/hubsch-interior.com\/wp-content\/uploads\/2026\/02\/pilule-pendant-up-shiny-white-9c662043e7c56290e3cc964c00ecb0da.jpg\",\"contentUrl\":\"https:\/\/hubsch-interior.com\/wp-content\/uploads\/2026\/02\/pilule-pendant-up-shiny-white-9c662043e7c56290e3cc964c00ecb0da.jpg\",\"width\":1024,\"height\":1024},{\"@type\":\"BreadcrumbList\",\"@id\":\"https:\/\/hubsch-interior.com\/fr\/produit\/pilule-pendule-up-blanc-brillant\/#breadcrumb\",\"itemListElement\":[{\"@type\":\"ListItem\",\"position\":1,\"name\":\"Page d'accueil\",\"item\":\"https:\/\/hubsch-interior.com\/fr\/\"},{\"@type\":\"ListItem\",\"position\":2,\"name\":\"Produits\",\"item\":\"https:\/\/hubsch-interior.com\/fr\/shop-2\/\"},{\"@type\":\"ListItem\",\"position\":3,\"name\":\"Pilule Pendule Up Blanc Brillant\"}]},{\"@type\":\"WebSite\",\"@id\":\"https:\/\/hubsch-interior.com\/fr\/#website\",\"url\":\"https:\/\/hubsch-interior.com\/fr\/\",\"name\":\"H\u00fcbsch\",\"description\":\"Danish Home Interior and Design\",\"publisher\":{\"@id\":\"https:\/\/hubsch-interior.com\/fr\/#organization\"},\"potentialAction\":[{\"@type\":\"SearchAction\",\"target\":{\"@type\":\"EntryPoint\",\"urlTemplate\":\"https:\/\/hubsch-interior.com\/fr\/?s={search_term_string}\"},\"query-input\":{\"@type\":\"PropertyValueSpecification\",\"valueRequired\":true,\"valueName\":\"search_term_string\"}}],\"inLanguage\":\"fr-FR\"},{\"@type\":\"Organization\",\"@id\":\"https:\/\/hubsch-interior.com\/fr\/#organization\",\"name\":\"H\u00fcbsch\",\"url\":\"https:\/\/hubsch-interior.com\/fr\/\",\"logo\":{\"@type\":\"ImageObject\",\"inLanguage\":\"fr-FR\",\"@id\":\"https:\/\/hubsch-interior.com\/fr\/#\/schema\/logo\/image\/\",\"url\":\"https:\/\/hubsch-interior.com\/wp-content\/uploads\/2022\/12\/Hubsch_logo_black_one_line.svg\",\"contentUrl\":\"https:\/\/hubsch-interior.com\/wp-content\/uploads\/2022\/12\/Hubsch_logo_black_one_line.svg\",\"caption\":\"H\u00fcbsch\"},\"image\":{\"@id\":\"https:\/\/hubsch-interior.com\/fr\/#\/schema\/logo\/image\/\"}}]}<\/script>\n<!-- \/ Yoast SEO plugin. -->","yoast_head_json":{"title":"Pilule Pendule Up Blanc Brillant - H\u00fcbsch","description":"Esprit r\u00e9tro, \u00e9clat moderne. La Pilule Pendule en blanc brillant apporte une touche audacieuse mais \u00e9quilibr\u00e9e \u00e0 votre espace, avec son abat-jour en verre","robots":{"index":"index","follow":"follow","max-snippet":"max-snippet:-1","max-image-preview":"max-image-preview:large","max-video-preview":"max-video-preview:-1"},"canonical":"https:\/\/hubsch-interior.com\/fr\/wp-json\/wp\/v2\/product\/1079530","og_locale":"fr_FR","og_type":"article","og_title":"Pilule Pendule Up Blanc Brillant - H\u00fcbsch","og_description":"Esprit r\u00e9tro, \u00e9clat moderne. La Pilule Pendule en blanc brillant apporte une touche audacieuse mais \u00e9quilibr\u00e9e \u00e0 votre espace, avec son abat-jour en verre","og_url":"https:\/\/hubsch-interior.com\/fr\/produit\/pilule-pendule-up-blanc-brillant\/","og_site_name":"H\u00fcbsch","article_modified_time":"2026-04-09T03:09:30+00:00","og_image":[{"width":1200,"height":1200,"url":"https:\/\/hubsch-interior.com\/wp-content\/uploads\/2026\/01\/pilule-pendant-up-shiny-white-90b14116df8b6b811db0ee745a97d58a.jpg","type":"image\/jpeg"}],"twitter_card":"summary_large_image","schema":{"@context":"https:\/\/schema.org","@graph":[{"@type":"WebPage","@id":"https:\/\/hubsch-interior.com\/fr\/produit\/pilule-pendule-up-blanc-brillant\/","url":"https:\/\/hubsch-interior.com\/fr\/produit\/pilule-pendule-up-blanc-brillant\/","name":"Pilule Pendule Up Blanc Brillant - H\u00fcbsch","isPartOf":{"@id":"https:\/\/hubsch-interior.com\/fr\/#website"},"primaryImageOfPage":{"@id":"https:\/\/hubsch-interior.com\/fr\/produit\/pilule-pendule-up-blanc-brillant\/#primaryimage"},"image":{"@id":"https:\/\/hubsch-interior.com\/fr\/produit\/pilule-pendule-up-blanc-brillant\/#primaryimage"},"thumbnailUrl":"https:\/\/hubsch-interior.com\/wp-content\/uploads\/2026\/02\/pilule-pendant-up-shiny-white-9c662043e7c56290e3cc964c00ecb0da.jpg","datePublished":"2026-01-20T03:38:53+00:00","dateModified":"2026-04-09T03:09:30+00:00","description":"Esprit r\u00e9tro, \u00e9clat moderne. La Pilule Pendule en blanc brillant apporte une touche audacieuse mais \u00e9quilibr\u00e9e \u00e0 votre espace, avec son abat-jour en verre","breadcrumb":{"@id":"https:\/\/hubsch-interior.com\/fr\/produit\/pilule-pendule-up-blanc-brillant\/#breadcrumb"},"inLanguage":"fr-FR","potentialAction":[{"@type":"ReadAction","target":["https:\/\/hubsch-interior.com\/fr\/produit\/pilule-pendule-up-blanc-brillant\/"]}]},{"@type":"ImageObject","inLanguage":"fr-FR","@id":"https:\/\/hubsch-interior.com\/fr\/produit\/pilule-pendule-up-blanc-brillant\/#primaryimage","url":"https:\/\/hubsch-interior.com\/wp-content\/uploads\/2026\/02\/pilule-pendant-up-shiny-white-9c662043e7c56290e3cc964c00ecb0da.jpg","contentUrl":"https:\/\/hubsch-interior.com\/wp-content\/uploads\/2026\/02\/pilule-pendant-up-shiny-white-9c662043e7c56290e3cc964c00ecb0da.jpg","width":1024,"height":1024},{"@type":"BreadcrumbList","@id":"https:\/\/hubsch-interior.com\/fr\/produit\/pilule-pendule-up-blanc-brillant\/#breadcrumb","itemListElement":[{"@type":"ListItem","position":1,"name":"Page d'accueil","item":"https:\/\/hubsch-interior.com\/fr\/"},{"@type":"ListItem","position":2,"name":"Produits","item":"https:\/\/hubsch-interior.com\/fr\/shop-2\/"},{"@type":"ListItem","position":3,"name":"Pilule Pendule Up Blanc Brillant"}]},{"@type":"WebSite","@id":"https:\/\/hubsch-interior.com\/fr\/#website","url":"https:\/\/hubsch-interior.com\/fr\/","name":"H\u00fcbsch","description":"Danish Home Interior and Design","publisher":{"@id":"https:\/\/hubsch-interior.com\/fr\/#organization"},"potentialAction":[{"@type":"SearchAction","target":{"@type":"EntryPoint","urlTemplate":"https:\/\/hubsch-interior.com\/fr\/?s={search_term_string}"},"query-input":{"@type":"PropertyValueSpecification","valueRequired":true,"valueName":"search_term_string"}}],"inLanguage":"fr-FR"},{"@type":"Organization","@id":"https:\/\/hubsch-interior.com\/fr\/#organization","name":"H\u00fcbsch","url":"https:\/\/hubsch-interior.com\/fr\/","logo":{"@type":"ImageObject","inLanguage":"fr-FR","@id":"https:\/\/hubsch-interior.com\/fr\/#\/schema\/logo\/image\/","url":"https:\/\/hubsch-interior.com\/wp-content\/uploads\/2022\/12\/Hubsch_logo_black_one_line.svg","contentUrl":"https:\/\/hubsch-interior.com\/wp-content\/uploads\/2022\/12\/Hubsch_logo_black_one_line.svg","caption":"H\u00fcbsch"},"image":{"@id":"https:\/\/hubsch-interior.com\/fr\/#\/schema\/logo\/image\/"}}]}},"_links":{"self":[{"href":"https:\/\/hubsch-interior.com\/fr\/wp-json\/wp\/v2\/product\/1079530","targetHints":{"allow":["GET"]}}],"collection":[{"href":"https:\/\/hubsch-interior.com\/fr\/wp-json\/wp\/v2\/product"}],"about":[{"href":"https:\/\/hubsch-interior.com\/fr\/wp-json\/wp\/v2\/types\/product"}],"wp:featuredmedia":[{"embeddable":true,"href":"https:\/\/hubsch-interior.com\/fr\/wp-json\/wp\/v2\/media\/1108275"}],"wp:attachment":[{"href":"https:\/\/hubsch-interior.com\/fr\/wp-json\/wp\/v2\/media?parent=1079530"}],"wp:term":[{"taxonomy":"product_brand","embeddable":true,"href":"https:\/\/hubsch-interior.com\/fr\/wp-json\/wp\/v2\/product_brand?post=1079530"},{"taxonomy":"product_cat","embeddable":true,"href":"https:\/\/hubsch-interior.com\/fr\/wp-json\/wp\/v2\/product_cat?post=1079530"},{"taxonomy":"product_tag","embeddable":true,"href":"https:\/\/hubsch-interior.com\/fr\/wp-json\/wp\/v2\/product_tag?post=1079530"}],"curies":[{"name":"wp","href":"https:\/\/api.w.org\/{rel}","templated":true}]}}