{"id":1079550,"date":"2026-01-20T04:39:07","date_gmt":"2026-01-20T03:39:07","guid":{"rendered":"https:\/\/hubsch-interior.com\/product\/product\/"},"modified":"2026-04-11T05:06:06","modified_gmt":"2026-04-11T03:06:06","slug":"pilule-pendule-double-blanc-brillant","status":"publish","type":"product","link":"https:\/\/hubsch-interior.com\/fr\/produit\/pilule-pendule-double-blanc-brillant\/","title":{"rendered":"Pilule Pendule Double Blanc Brillant"},"content":{"rendered":"<p>Une lueur qui fait \u00e9cho au pass\u00e9, tout en se tournant r\u00e9solument vers le pr\u00e9sent. La Pilule Pendule, avec son verre opalin blanc brillant, transporte l&#8217;\u00e9l\u00e9gance des ann\u00e9es 80 dans notre \u00e8re, adoucie par des bords arrondis, des accents en laiton raffin\u00e9, et un cordon en tissu noir \u00e9l\u00e9gant. Sa silhouette est audacieuse mais intemporelle, aussi frappante seule qu&#8217;en cluster avec d&#8217;autres variantes de la s\u00e9rie. Une lumi\u00e8re sculpturale qui s&#8217;adapte \u00e0 votre espace et refl\u00e8te votre style \u2014 sans effort.<\/p>\n","protected":false},"excerpt":{"rendered":"<p>Une lueur qui fait \u00e9cho au pass\u00e9, tout en se tournant r\u00e9solument vers le pr\u00e9sent. La Pilule Pendule, avec son verre opalin blanc brillant, transporte l&#8217;\u00e9l\u00e9gance des ann\u00e9es 80 dans notre \u00e8re, adoucie par des bords arrondis, des accents en laiton raffin\u00e9, et un cordon en tissu noir \u00e9l\u00e9gant. Sa silhouette est audacieuse mais intemporelle, [&hellip;]<\/p>\n","protected":false},"featured_media":1108287,"template":"","meta":{"_acf_changed":false,"inline_featured_image":false},"product_brand":[],"product_cat":[7154,3810,5026,5046,4147],"product_tag":[],"class_list":{"0":"post-1079550","1":"product","2":"type-product","3":"status-publish","4":"has-post-thumbnail","6":"product_cat-dweller-fr","7":"product_cat-luminaires","8":"product_cat-bestsellers-fr","9":"product_cat-nouveautes-fr","10":"product_cat-suspensions-fr","11":"product_shipping_class-pk","13":"pa_color-blanc-brillant","14":"pa_material-fer-fr","15":"pa_material-verre-fr","17":"first","18":"instock","19":"featured","20":"taxable","21":"shipping-taxable","22":"purchasable","23":"product-type-simple"},"exclude_global_add_ons":[],"addons":[],"acf":[],"yoast_head":"<!-- This site is optimized with the Yoast SEO plugin v26.4 - https:\/\/yoast.com\/wordpress\/plugins\/seo\/ -->\n<title>Pilule Pendule Double Blanc Brillant - H\u00fcbsch<\/title>\n<meta name=\"description\" content=\"Une lueur qui fait \u00e9cho au pass\u00e9, tout en se tournant r\u00e9solument vers le pr\u00e9sent. La Pilule Pendule, avec son verre opalin blanc brillant, transporte\" \/>\n<meta name=\"robots\" content=\"index, follow, max-snippet:-1, max-image-preview:large, max-video-preview:-1\" \/>\n<link rel=\"canonical\" href=\"https:\/\/hubsch-interior.com\/fr\/wp-json\/wp\/v2\/product\/1079550\" \/>\n<meta property=\"og:locale\" content=\"fr_FR\" \/>\n<meta property=\"og:type\" content=\"article\" \/>\n<meta property=\"og:title\" content=\"Pilule Pendule Double Blanc Brillant - H\u00fcbsch\" \/>\n<meta property=\"og:description\" content=\"Une lueur qui fait \u00e9cho au pass\u00e9, tout en se tournant r\u00e9solument vers le pr\u00e9sent. La Pilule Pendule, avec son verre opalin blanc brillant, transporte\" \/>\n<meta property=\"og:url\" content=\"https:\/\/hubsch-interior.com\/fr\/produit\/pilule-pendule-double-blanc-brillant\/\" \/>\n<meta property=\"og:site_name\" content=\"H\u00fcbsch\" \/>\n<meta property=\"article:modified_time\" content=\"2026-04-11T03:06:06+00:00\" \/>\n<meta property=\"og:image\" content=\"https:\/\/hubsch-interior.com\/wp-content\/uploads\/2026\/01\/pilule-pendant-double-shiny-white-8281d5f64a2e08163243f9e5abdbcf11.jpg\" \/>\n\t<meta property=\"og:image:width\" content=\"1200\" \/>\n\t<meta property=\"og:image:height\" content=\"1200\" \/>\n\t<meta property=\"og:image:type\" content=\"image\/jpeg\" \/>\n<meta name=\"twitter:card\" content=\"summary_large_image\" \/>\n<script type=\"application\/ld+json\" class=\"yoast-schema-graph\">{\"@context\":\"https:\/\/schema.org\",\"@graph\":[{\"@type\":\"WebPage\",\"@id\":\"https:\/\/hubsch-interior.com\/fr\/produit\/pilule-pendule-double-blanc-brillant\/\",\"url\":\"https:\/\/hubsch-interior.com\/fr\/produit\/pilule-pendule-double-blanc-brillant\/\",\"name\":\"Pilule Pendule Double Blanc Brillant - H\u00fcbsch\",\"isPartOf\":{\"@id\":\"https:\/\/hubsch-interior.com\/fr\/#website\"},\"primaryImageOfPage\":{\"@id\":\"https:\/\/hubsch-interior.com\/fr\/produit\/pilule-pendule-double-blanc-brillant\/#primaryimage\"},\"image\":{\"@id\":\"https:\/\/hubsch-interior.com\/fr\/produit\/pilule-pendule-double-blanc-brillant\/#primaryimage\"},\"thumbnailUrl\":\"https:\/\/hubsch-interior.com\/wp-content\/uploads\/2026\/02\/pilule-pendant-double-shiny-white-933cd5b3048205fc848b81d508a69b88.jpg\",\"datePublished\":\"2026-01-20T03:39:07+00:00\",\"dateModified\":\"2026-04-11T03:06:06+00:00\",\"description\":\"Une lueur qui fait \u00e9cho au pass\u00e9, tout en se tournant r\u00e9solument vers le pr\u00e9sent. La Pilule Pendule, avec son verre opalin blanc brillant, transporte\",\"breadcrumb\":{\"@id\":\"https:\/\/hubsch-interior.com\/fr\/produit\/pilule-pendule-double-blanc-brillant\/#breadcrumb\"},\"inLanguage\":\"fr-FR\",\"potentialAction\":[{\"@type\":\"ReadAction\",\"target\":[\"https:\/\/hubsch-interior.com\/fr\/produit\/pilule-pendule-double-blanc-brillant\/\"]}]},{\"@type\":\"ImageObject\",\"inLanguage\":\"fr-FR\",\"@id\":\"https:\/\/hubsch-interior.com\/fr\/produit\/pilule-pendule-double-blanc-brillant\/#primaryimage\",\"url\":\"https:\/\/hubsch-interior.com\/wp-content\/uploads\/2026\/02\/pilule-pendant-double-shiny-white-933cd5b3048205fc848b81d508a69b88.jpg\",\"contentUrl\":\"https:\/\/hubsch-interior.com\/wp-content\/uploads\/2026\/02\/pilule-pendant-double-shiny-white-933cd5b3048205fc848b81d508a69b88.jpg\",\"width\":1024,\"height\":1024},{\"@type\":\"BreadcrumbList\",\"@id\":\"https:\/\/hubsch-interior.com\/fr\/produit\/pilule-pendule-double-blanc-brillant\/#breadcrumb\",\"itemListElement\":[{\"@type\":\"ListItem\",\"position\":1,\"name\":\"Page d'accueil\",\"item\":\"https:\/\/hubsch-interior.com\/fr\/\"},{\"@type\":\"ListItem\",\"position\":2,\"name\":\"Produits\",\"item\":\"https:\/\/hubsch-interior.com\/fr\/shop-2\/\"},{\"@type\":\"ListItem\",\"position\":3,\"name\":\"Pilule Pendule Double Blanc Brillant\"}]},{\"@type\":\"WebSite\",\"@id\":\"https:\/\/hubsch-interior.com\/fr\/#website\",\"url\":\"https:\/\/hubsch-interior.com\/fr\/\",\"name\":\"H\u00fcbsch\",\"description\":\"Danish Home Interior and Design\",\"publisher\":{\"@id\":\"https:\/\/hubsch-interior.com\/fr\/#organization\"},\"potentialAction\":[{\"@type\":\"SearchAction\",\"target\":{\"@type\":\"EntryPoint\",\"urlTemplate\":\"https:\/\/hubsch-interior.com\/fr\/?s={search_term_string}\"},\"query-input\":{\"@type\":\"PropertyValueSpecification\",\"valueRequired\":true,\"valueName\":\"search_term_string\"}}],\"inLanguage\":\"fr-FR\"},{\"@type\":\"Organization\",\"@id\":\"https:\/\/hubsch-interior.com\/fr\/#organization\",\"name\":\"H\u00fcbsch\",\"url\":\"https:\/\/hubsch-interior.com\/fr\/\",\"logo\":{\"@type\":\"ImageObject\",\"inLanguage\":\"fr-FR\",\"@id\":\"https:\/\/hubsch-interior.com\/fr\/#\/schema\/logo\/image\/\",\"url\":\"https:\/\/hubsch-interior.com\/wp-content\/uploads\/2022\/12\/Hubsch_logo_black_one_line.svg\",\"contentUrl\":\"https:\/\/hubsch-interior.com\/wp-content\/uploads\/2022\/12\/Hubsch_logo_black_one_line.svg\",\"caption\":\"H\u00fcbsch\"},\"image\":{\"@id\":\"https:\/\/hubsch-interior.com\/fr\/#\/schema\/logo\/image\/\"}}]}<\/script>\n<!-- \/ Yoast SEO plugin. -->","yoast_head_json":{"title":"Pilule Pendule Double Blanc Brillant - H\u00fcbsch","description":"Une lueur qui fait \u00e9cho au pass\u00e9, tout en se tournant r\u00e9solument vers le pr\u00e9sent. La Pilule Pendule, avec son verre opalin blanc brillant, transporte","robots":{"index":"index","follow":"follow","max-snippet":"max-snippet:-1","max-image-preview":"max-image-preview:large","max-video-preview":"max-video-preview:-1"},"canonical":"https:\/\/hubsch-interior.com\/fr\/wp-json\/wp\/v2\/product\/1079550","og_locale":"fr_FR","og_type":"article","og_title":"Pilule Pendule Double Blanc Brillant - H\u00fcbsch","og_description":"Une lueur qui fait \u00e9cho au pass\u00e9, tout en se tournant r\u00e9solument vers le pr\u00e9sent. La Pilule Pendule, avec son verre opalin blanc brillant, transporte","og_url":"https:\/\/hubsch-interior.com\/fr\/produit\/pilule-pendule-double-blanc-brillant\/","og_site_name":"H\u00fcbsch","article_modified_time":"2026-04-11T03:06:06+00:00","og_image":[{"width":1200,"height":1200,"url":"https:\/\/hubsch-interior.com\/wp-content\/uploads\/2026\/01\/pilule-pendant-double-shiny-white-8281d5f64a2e08163243f9e5abdbcf11.jpg","type":"image\/jpeg"}],"twitter_card":"summary_large_image","schema":{"@context":"https:\/\/schema.org","@graph":[{"@type":"WebPage","@id":"https:\/\/hubsch-interior.com\/fr\/produit\/pilule-pendule-double-blanc-brillant\/","url":"https:\/\/hubsch-interior.com\/fr\/produit\/pilule-pendule-double-blanc-brillant\/","name":"Pilule Pendule Double Blanc Brillant - H\u00fcbsch","isPartOf":{"@id":"https:\/\/hubsch-interior.com\/fr\/#website"},"primaryImageOfPage":{"@id":"https:\/\/hubsch-interior.com\/fr\/produit\/pilule-pendule-double-blanc-brillant\/#primaryimage"},"image":{"@id":"https:\/\/hubsch-interior.com\/fr\/produit\/pilule-pendule-double-blanc-brillant\/#primaryimage"},"thumbnailUrl":"https:\/\/hubsch-interior.com\/wp-content\/uploads\/2026\/02\/pilule-pendant-double-shiny-white-933cd5b3048205fc848b81d508a69b88.jpg","datePublished":"2026-01-20T03:39:07+00:00","dateModified":"2026-04-11T03:06:06+00:00","description":"Une lueur qui fait \u00e9cho au pass\u00e9, tout en se tournant r\u00e9solument vers le pr\u00e9sent. La Pilule Pendule, avec son verre opalin blanc brillant, transporte","breadcrumb":{"@id":"https:\/\/hubsch-interior.com\/fr\/produit\/pilule-pendule-double-blanc-brillant\/#breadcrumb"},"inLanguage":"fr-FR","potentialAction":[{"@type":"ReadAction","target":["https:\/\/hubsch-interior.com\/fr\/produit\/pilule-pendule-double-blanc-brillant\/"]}]},{"@type":"ImageObject","inLanguage":"fr-FR","@id":"https:\/\/hubsch-interior.com\/fr\/produit\/pilule-pendule-double-blanc-brillant\/#primaryimage","url":"https:\/\/hubsch-interior.com\/wp-content\/uploads\/2026\/02\/pilule-pendant-double-shiny-white-933cd5b3048205fc848b81d508a69b88.jpg","contentUrl":"https:\/\/hubsch-interior.com\/wp-content\/uploads\/2026\/02\/pilule-pendant-double-shiny-white-933cd5b3048205fc848b81d508a69b88.jpg","width":1024,"height":1024},{"@type":"BreadcrumbList","@id":"https:\/\/hubsch-interior.com\/fr\/produit\/pilule-pendule-double-blanc-brillant\/#breadcrumb","itemListElement":[{"@type":"ListItem","position":1,"name":"Page d'accueil","item":"https:\/\/hubsch-interior.com\/fr\/"},{"@type":"ListItem","position":2,"name":"Produits","item":"https:\/\/hubsch-interior.com\/fr\/shop-2\/"},{"@type":"ListItem","position":3,"name":"Pilule Pendule Double Blanc Brillant"}]},{"@type":"WebSite","@id":"https:\/\/hubsch-interior.com\/fr\/#website","url":"https:\/\/hubsch-interior.com\/fr\/","name":"H\u00fcbsch","description":"Danish Home Interior and Design","publisher":{"@id":"https:\/\/hubsch-interior.com\/fr\/#organization"},"potentialAction":[{"@type":"SearchAction","target":{"@type":"EntryPoint","urlTemplate":"https:\/\/hubsch-interior.com\/fr\/?s={search_term_string}"},"query-input":{"@type":"PropertyValueSpecification","valueRequired":true,"valueName":"search_term_string"}}],"inLanguage":"fr-FR"},{"@type":"Organization","@id":"https:\/\/hubsch-interior.com\/fr\/#organization","name":"H\u00fcbsch","url":"https:\/\/hubsch-interior.com\/fr\/","logo":{"@type":"ImageObject","inLanguage":"fr-FR","@id":"https:\/\/hubsch-interior.com\/fr\/#\/schema\/logo\/image\/","url":"https:\/\/hubsch-interior.com\/wp-content\/uploads\/2022\/12\/Hubsch_logo_black_one_line.svg","contentUrl":"https:\/\/hubsch-interior.com\/wp-content\/uploads\/2022\/12\/Hubsch_logo_black_one_line.svg","caption":"H\u00fcbsch"},"image":{"@id":"https:\/\/hubsch-interior.com\/fr\/#\/schema\/logo\/image\/"}}]}},"_links":{"self":[{"href":"https:\/\/hubsch-interior.com\/fr\/wp-json\/wp\/v2\/product\/1079550","targetHints":{"allow":["GET"]}}],"collection":[{"href":"https:\/\/hubsch-interior.com\/fr\/wp-json\/wp\/v2\/product"}],"about":[{"href":"https:\/\/hubsch-interior.com\/fr\/wp-json\/wp\/v2\/types\/product"}],"wp:featuredmedia":[{"embeddable":true,"href":"https:\/\/hubsch-interior.com\/fr\/wp-json\/wp\/v2\/media\/1108287"}],"wp:attachment":[{"href":"https:\/\/hubsch-interior.com\/fr\/wp-json\/wp\/v2\/media?parent=1079550"}],"wp:term":[{"taxonomy":"product_brand","embeddable":true,"href":"https:\/\/hubsch-interior.com\/fr\/wp-json\/wp\/v2\/product_brand?post=1079550"},{"taxonomy":"product_cat","embeddable":true,"href":"https:\/\/hubsch-interior.com\/fr\/wp-json\/wp\/v2\/product_cat?post=1079550"},{"taxonomy":"product_tag","embeddable":true,"href":"https:\/\/hubsch-interior.com\/fr\/wp-json\/wp\/v2\/product_tag?post=1079550"}],"curies":[{"name":"wp","href":"https:\/\/api.w.org\/{rel}","templated":true}]}}