{"id":1079594,"date":"2026-01-20T04:39:32","date_gmt":"2026-01-20T03:39:32","guid":{"rendered":"https:\/\/hubsch-interior.com\/product\/product\/"},"modified":"2026-04-09T05:09:42","modified_gmt":"2026-04-09T03:09:42","slug":"pilule-pendule-up-blanc-mat","status":"publish","type":"product","link":"https:\/\/hubsch-interior.com\/fr\/produit\/pilule-pendule-up-blanc-mat\/","title":{"rendered":"Pilule Pendule Up Blanc Mat"},"content":{"rendered":"<p>Lumi\u00e8re douce, nostalgie subtile. La Pilule Pendule en blanc mat propose une interpr\u00e9tation discr\u00e8te du design inspir\u00e9 des ann\u00e9es 80, avec du verre opale, des accents en laiton et un cordon en tissu noir qui ajoute un contraste moderne. Sa forme l\u00e9g\u00e8rement arrondie apporte une \u00e9l\u00e9gance sans exc\u00e8s, que ce soit suspendue seule ou arrang\u00e9e en groupe avec les cinq autres variantes de la s\u00e9rie. Un pendentif polyvalent qui parle tout bas \u2014 mais qui laisse une impression durable.<\/p>\n","protected":false},"excerpt":{"rendered":"<p>Lumi\u00e8re douce, nostalgie subtile. La Pilule Pendule en blanc mat propose une interpr\u00e9tation discr\u00e8te du design inspir\u00e9 des ann\u00e9es 80, avec du verre opale, des accents en laiton et un cordon en tissu noir qui ajoute un contraste moderne. Sa forme l\u00e9g\u00e8rement arrondie apporte une \u00e9l\u00e9gance sans exc\u00e8s, que ce soit suspendue seule ou arrang\u00e9e [&hellip;]<\/p>\n","protected":false},"featured_media":1108311,"template":"","meta":{"_acf_changed":false,"inline_featured_image":false},"product_brand":[],"product_cat":[7154,3810,5026,5046,4147],"product_tag":[],"class_list":{"0":"post-1079594","1":"product","2":"type-product","3":"status-publish","4":"has-post-thumbnail","6":"product_cat-dweller-fr","7":"product_cat-luminaires","8":"product_cat-bestsellers-fr","9":"product_cat-nouveautes-fr","10":"product_cat-suspensions-fr","11":"product_shipping_class-pk","13":"pa_color-blanc-mat","14":"pa_material-fer-fr","15":"pa_material-verre-fr","17":"first","18":"instock","19":"featured","20":"taxable","21":"shipping-taxable","22":"purchasable","23":"product-type-simple"},"exclude_global_add_ons":[],"addons":[],"acf":[],"yoast_head":"<!-- This site is optimized with the Yoast SEO plugin v26.4 - https:\/\/yoast.com\/wordpress\/plugins\/seo\/ -->\n<title>Pilule Pendule Up Blanc Mat - H\u00fcbsch<\/title>\n<meta name=\"description\" content=\"Lumi\u00e8re douce, nostalgie subtile. La Pilule Pendule en blanc mat propose une interpr\u00e9tation discr\u00e8te du design inspir\u00e9 des ann\u00e9es 80, avec du verre opale,\" \/>\n<meta name=\"robots\" content=\"index, follow, max-snippet:-1, max-image-preview:large, max-video-preview:-1\" \/>\n<link rel=\"canonical\" href=\"https:\/\/hubsch-interior.com\/fr\/wp-json\/wp\/v2\/product\/1079594\" \/>\n<meta property=\"og:locale\" content=\"fr_FR\" \/>\n<meta property=\"og:type\" content=\"article\" \/>\n<meta property=\"og:title\" content=\"Pilule Pendule Up Blanc Mat - H\u00fcbsch\" \/>\n<meta property=\"og:description\" content=\"Lumi\u00e8re douce, nostalgie subtile. La Pilule Pendule en blanc mat propose une interpr\u00e9tation discr\u00e8te du design inspir\u00e9 des ann\u00e9es 80, avec du verre opale,\" \/>\n<meta property=\"og:url\" content=\"https:\/\/hubsch-interior.com\/fr\/produit\/pilule-pendule-up-blanc-mat\/\" \/>\n<meta property=\"og:site_name\" content=\"H\u00fcbsch\" \/>\n<meta property=\"article:modified_time\" content=\"2026-04-09T03:09:42+00:00\" \/>\n<meta property=\"og:image\" content=\"https:\/\/hubsch-interior.com\/wp-content\/uploads\/2026\/01\/pilule-pendant-up-matt-white-6364e14b45fd465f7c128dc1b81714d5.jpg\" \/>\n\t<meta property=\"og:image:width\" content=\"1200\" \/>\n\t<meta property=\"og:image:height\" content=\"1200\" \/>\n\t<meta property=\"og:image:type\" content=\"image\/jpeg\" \/>\n<meta name=\"twitter:card\" content=\"summary_large_image\" \/>\n<script type=\"application\/ld+json\" class=\"yoast-schema-graph\">{\"@context\":\"https:\/\/schema.org\",\"@graph\":[{\"@type\":\"WebPage\",\"@id\":\"https:\/\/hubsch-interior.com\/fr\/produit\/pilule-pendule-up-blanc-mat\/\",\"url\":\"https:\/\/hubsch-interior.com\/fr\/produit\/pilule-pendule-up-blanc-mat\/\",\"name\":\"Pilule Pendule Up Blanc Mat - H\u00fcbsch\",\"isPartOf\":{\"@id\":\"https:\/\/hubsch-interior.com\/fr\/#website\"},\"primaryImageOfPage\":{\"@id\":\"https:\/\/hubsch-interior.com\/fr\/produit\/pilule-pendule-up-blanc-mat\/#primaryimage\"},\"image\":{\"@id\":\"https:\/\/hubsch-interior.com\/fr\/produit\/pilule-pendule-up-blanc-mat\/#primaryimage\"},\"thumbnailUrl\":\"https:\/\/hubsch-interior.com\/wp-content\/uploads\/2026\/02\/pilule-pendant-up-matt-white-d16543b4899d0d73966bdd4147e8e08f.jpg\",\"datePublished\":\"2026-01-20T03:39:32+00:00\",\"dateModified\":\"2026-04-09T03:09:42+00:00\",\"description\":\"Lumi\u00e8re douce, nostalgie subtile. La Pilule Pendule en blanc mat propose une interpr\u00e9tation discr\u00e8te du design inspir\u00e9 des ann\u00e9es 80, avec du verre opale,\",\"breadcrumb\":{\"@id\":\"https:\/\/hubsch-interior.com\/fr\/produit\/pilule-pendule-up-blanc-mat\/#breadcrumb\"},\"inLanguage\":\"fr-FR\",\"potentialAction\":[{\"@type\":\"ReadAction\",\"target\":[\"https:\/\/hubsch-interior.com\/fr\/produit\/pilule-pendule-up-blanc-mat\/\"]}]},{\"@type\":\"ImageObject\",\"inLanguage\":\"fr-FR\",\"@id\":\"https:\/\/hubsch-interior.com\/fr\/produit\/pilule-pendule-up-blanc-mat\/#primaryimage\",\"url\":\"https:\/\/hubsch-interior.com\/wp-content\/uploads\/2026\/02\/pilule-pendant-up-matt-white-d16543b4899d0d73966bdd4147e8e08f.jpg\",\"contentUrl\":\"https:\/\/hubsch-interior.com\/wp-content\/uploads\/2026\/02\/pilule-pendant-up-matt-white-d16543b4899d0d73966bdd4147e8e08f.jpg\",\"width\":1024,\"height\":1024},{\"@type\":\"BreadcrumbList\",\"@id\":\"https:\/\/hubsch-interior.com\/fr\/produit\/pilule-pendule-up-blanc-mat\/#breadcrumb\",\"itemListElement\":[{\"@type\":\"ListItem\",\"position\":1,\"name\":\"Page d'accueil\",\"item\":\"https:\/\/hubsch-interior.com\/fr\/\"},{\"@type\":\"ListItem\",\"position\":2,\"name\":\"Produits\",\"item\":\"https:\/\/hubsch-interior.com\/fr\/shop-2\/\"},{\"@type\":\"ListItem\",\"position\":3,\"name\":\"Pilule Pendule Up Blanc Mat\"}]},{\"@type\":\"WebSite\",\"@id\":\"https:\/\/hubsch-interior.com\/fr\/#website\",\"url\":\"https:\/\/hubsch-interior.com\/fr\/\",\"name\":\"H\u00fcbsch\",\"description\":\"Danish Home Interior and Design\",\"publisher\":{\"@id\":\"https:\/\/hubsch-interior.com\/fr\/#organization\"},\"potentialAction\":[{\"@type\":\"SearchAction\",\"target\":{\"@type\":\"EntryPoint\",\"urlTemplate\":\"https:\/\/hubsch-interior.com\/fr\/?s={search_term_string}\"},\"query-input\":{\"@type\":\"PropertyValueSpecification\",\"valueRequired\":true,\"valueName\":\"search_term_string\"}}],\"inLanguage\":\"fr-FR\"},{\"@type\":\"Organization\",\"@id\":\"https:\/\/hubsch-interior.com\/fr\/#organization\",\"name\":\"H\u00fcbsch\",\"url\":\"https:\/\/hubsch-interior.com\/fr\/\",\"logo\":{\"@type\":\"ImageObject\",\"inLanguage\":\"fr-FR\",\"@id\":\"https:\/\/hubsch-interior.com\/fr\/#\/schema\/logo\/image\/\",\"url\":\"https:\/\/hubsch-interior.com\/wp-content\/uploads\/2022\/12\/Hubsch_logo_black_one_line.svg\",\"contentUrl\":\"https:\/\/hubsch-interior.com\/wp-content\/uploads\/2022\/12\/Hubsch_logo_black_one_line.svg\",\"caption\":\"H\u00fcbsch\"},\"image\":{\"@id\":\"https:\/\/hubsch-interior.com\/fr\/#\/schema\/logo\/image\/\"}}]}<\/script>\n<!-- \/ Yoast SEO plugin. -->","yoast_head_json":{"title":"Pilule Pendule Up Blanc Mat - H\u00fcbsch","description":"Lumi\u00e8re douce, nostalgie subtile. La Pilule Pendule en blanc mat propose une interpr\u00e9tation discr\u00e8te du design inspir\u00e9 des ann\u00e9es 80, avec du verre opale,","robots":{"index":"index","follow":"follow","max-snippet":"max-snippet:-1","max-image-preview":"max-image-preview:large","max-video-preview":"max-video-preview:-1"},"canonical":"https:\/\/hubsch-interior.com\/fr\/wp-json\/wp\/v2\/product\/1079594","og_locale":"fr_FR","og_type":"article","og_title":"Pilule Pendule Up Blanc Mat - H\u00fcbsch","og_description":"Lumi\u00e8re douce, nostalgie subtile. La Pilule Pendule en blanc mat propose une interpr\u00e9tation discr\u00e8te du design inspir\u00e9 des ann\u00e9es 80, avec du verre opale,","og_url":"https:\/\/hubsch-interior.com\/fr\/produit\/pilule-pendule-up-blanc-mat\/","og_site_name":"H\u00fcbsch","article_modified_time":"2026-04-09T03:09:42+00:00","og_image":[{"width":1200,"height":1200,"url":"https:\/\/hubsch-interior.com\/wp-content\/uploads\/2026\/01\/pilule-pendant-up-matt-white-6364e14b45fd465f7c128dc1b81714d5.jpg","type":"image\/jpeg"}],"twitter_card":"summary_large_image","schema":{"@context":"https:\/\/schema.org","@graph":[{"@type":"WebPage","@id":"https:\/\/hubsch-interior.com\/fr\/produit\/pilule-pendule-up-blanc-mat\/","url":"https:\/\/hubsch-interior.com\/fr\/produit\/pilule-pendule-up-blanc-mat\/","name":"Pilule Pendule Up Blanc Mat - H\u00fcbsch","isPartOf":{"@id":"https:\/\/hubsch-interior.com\/fr\/#website"},"primaryImageOfPage":{"@id":"https:\/\/hubsch-interior.com\/fr\/produit\/pilule-pendule-up-blanc-mat\/#primaryimage"},"image":{"@id":"https:\/\/hubsch-interior.com\/fr\/produit\/pilule-pendule-up-blanc-mat\/#primaryimage"},"thumbnailUrl":"https:\/\/hubsch-interior.com\/wp-content\/uploads\/2026\/02\/pilule-pendant-up-matt-white-d16543b4899d0d73966bdd4147e8e08f.jpg","datePublished":"2026-01-20T03:39:32+00:00","dateModified":"2026-04-09T03:09:42+00:00","description":"Lumi\u00e8re douce, nostalgie subtile. La Pilule Pendule en blanc mat propose une interpr\u00e9tation discr\u00e8te du design inspir\u00e9 des ann\u00e9es 80, avec du verre opale,","breadcrumb":{"@id":"https:\/\/hubsch-interior.com\/fr\/produit\/pilule-pendule-up-blanc-mat\/#breadcrumb"},"inLanguage":"fr-FR","potentialAction":[{"@type":"ReadAction","target":["https:\/\/hubsch-interior.com\/fr\/produit\/pilule-pendule-up-blanc-mat\/"]}]},{"@type":"ImageObject","inLanguage":"fr-FR","@id":"https:\/\/hubsch-interior.com\/fr\/produit\/pilule-pendule-up-blanc-mat\/#primaryimage","url":"https:\/\/hubsch-interior.com\/wp-content\/uploads\/2026\/02\/pilule-pendant-up-matt-white-d16543b4899d0d73966bdd4147e8e08f.jpg","contentUrl":"https:\/\/hubsch-interior.com\/wp-content\/uploads\/2026\/02\/pilule-pendant-up-matt-white-d16543b4899d0d73966bdd4147e8e08f.jpg","width":1024,"height":1024},{"@type":"BreadcrumbList","@id":"https:\/\/hubsch-interior.com\/fr\/produit\/pilule-pendule-up-blanc-mat\/#breadcrumb","itemListElement":[{"@type":"ListItem","position":1,"name":"Page d'accueil","item":"https:\/\/hubsch-interior.com\/fr\/"},{"@type":"ListItem","position":2,"name":"Produits","item":"https:\/\/hubsch-interior.com\/fr\/shop-2\/"},{"@type":"ListItem","position":3,"name":"Pilule Pendule Up Blanc Mat"}]},{"@type":"WebSite","@id":"https:\/\/hubsch-interior.com\/fr\/#website","url":"https:\/\/hubsch-interior.com\/fr\/","name":"H\u00fcbsch","description":"Danish Home Interior and Design","publisher":{"@id":"https:\/\/hubsch-interior.com\/fr\/#organization"},"potentialAction":[{"@type":"SearchAction","target":{"@type":"EntryPoint","urlTemplate":"https:\/\/hubsch-interior.com\/fr\/?s={search_term_string}"},"query-input":{"@type":"PropertyValueSpecification","valueRequired":true,"valueName":"search_term_string"}}],"inLanguage":"fr-FR"},{"@type":"Organization","@id":"https:\/\/hubsch-interior.com\/fr\/#organization","name":"H\u00fcbsch","url":"https:\/\/hubsch-interior.com\/fr\/","logo":{"@type":"ImageObject","inLanguage":"fr-FR","@id":"https:\/\/hubsch-interior.com\/fr\/#\/schema\/logo\/image\/","url":"https:\/\/hubsch-interior.com\/wp-content\/uploads\/2022\/12\/Hubsch_logo_black_one_line.svg","contentUrl":"https:\/\/hubsch-interior.com\/wp-content\/uploads\/2022\/12\/Hubsch_logo_black_one_line.svg","caption":"H\u00fcbsch"},"image":{"@id":"https:\/\/hubsch-interior.com\/fr\/#\/schema\/logo\/image\/"}}]}},"_links":{"self":[{"href":"https:\/\/hubsch-interior.com\/fr\/wp-json\/wp\/v2\/product\/1079594","targetHints":{"allow":["GET"]}}],"collection":[{"href":"https:\/\/hubsch-interior.com\/fr\/wp-json\/wp\/v2\/product"}],"about":[{"href":"https:\/\/hubsch-interior.com\/fr\/wp-json\/wp\/v2\/types\/product"}],"wp:featuredmedia":[{"embeddable":true,"href":"https:\/\/hubsch-interior.com\/fr\/wp-json\/wp\/v2\/media\/1108311"}],"wp:attachment":[{"href":"https:\/\/hubsch-interior.com\/fr\/wp-json\/wp\/v2\/media?parent=1079594"}],"wp:term":[{"taxonomy":"product_brand","embeddable":true,"href":"https:\/\/hubsch-interior.com\/fr\/wp-json\/wp\/v2\/product_brand?post=1079594"},{"taxonomy":"product_cat","embeddable":true,"href":"https:\/\/hubsch-interior.com\/fr\/wp-json\/wp\/v2\/product_cat?post=1079594"},{"taxonomy":"product_tag","embeddable":true,"href":"https:\/\/hubsch-interior.com\/fr\/wp-json\/wp\/v2\/product_tag?post=1079594"}],"curies":[{"name":"wp","href":"https:\/\/api.w.org\/{rel}","templated":true}]}}