{"id":1079614,"date":"2026-01-20T04:39:45","date_gmt":"2026-01-20T03:39:45","guid":{"rendered":"https:\/\/hubsch-interior.com\/product\/product\/"},"modified":"2026-04-09T05:09:47","modified_gmt":"2026-04-09T03:09:47","slug":"pilule-pendule-double-blanc-mat","status":"publish","type":"product","link":"https:\/\/hubsch-interior.com\/fr\/produit\/pilule-pendule-double-blanc-mat\/","title":{"rendered":"Pilule Pendule Double Blanc Mat"},"content":{"rendered":"<p>Un \u00e9clat de caract\u00e8re \u2014 avec un clin d&#8217;\u0153il au pass\u00e9. Le Pilule Pendule en blanc mat conjugue le verre opale doux, les accents \u00e9l\u00e9gants en laiton et un cordon en tissu noir en parfaite harmonie. Inspir\u00e9 par le style des ann\u00e9es 80 mais con\u00e7u pour l&#8217;\u00e8re actuelle, il est \u00e0 la fois sculptural et ludique. Suspendez-le seul pour une d\u00e9claration subtile ou regroupez-le avec les cinq autres variantes pour cr\u00e9er un moment d&#8217;\u00e9clairage qui semble soigneusement choisi, et non calcul\u00e9. Un petit rebelle \u00e9clatant avec une touche sophistiqu\u00e9e \u2014 pr\u00eat \u00e0 illuminer votre espace avec charme.<\/p>\n","protected":false},"excerpt":{"rendered":"<p>Un \u00e9clat de caract\u00e8re \u2014 avec un clin d&#8217;\u0153il au pass\u00e9. Le Pilule Pendule en blanc mat conjugue le verre opale doux, les accents \u00e9l\u00e9gants en laiton et un cordon en tissu noir en parfaite harmonie. Inspir\u00e9 par le style des ann\u00e9es 80 mais con\u00e7u pour l&#8217;\u00e8re actuelle, il est \u00e0 la fois sculptural et [&hellip;]<\/p>\n","protected":false},"featured_media":1108327,"template":"","meta":{"_acf_changed":false,"inline_featured_image":false},"product_brand":[],"product_cat":[7154,3810,5026,5046,4147],"product_tag":[],"class_list":{"0":"post-1079614","1":"product","2":"type-product","3":"status-publish","4":"has-post-thumbnail","6":"product_cat-dweller-fr","7":"product_cat-luminaires","8":"product_cat-bestsellers-fr","9":"product_cat-nouveautes-fr","10":"product_cat-suspensions-fr","11":"product_shipping_class-pk","13":"pa_color-blanc-mat","14":"pa_material-fer-fr","15":"pa_material-verre-fr","17":"first","18":"instock","19":"featured","20":"taxable","21":"shipping-taxable","22":"purchasable","23":"product-type-simple"},"exclude_global_add_ons":[],"addons":[],"acf":[],"yoast_head":"<!-- This site is optimized with the Yoast SEO plugin v26.4 - https:\/\/yoast.com\/wordpress\/plugins\/seo\/ -->\n<title>Pilule Pendule Double Blanc Mat - H\u00fcbsch<\/title>\n<meta name=\"description\" content=\"Un \u00e9clat de caract\u00e8re \u2014 avec un clin d&#039;\u0153il au pass\u00e9. Le Pilule Pendule en blanc mat conjugue le verre opale doux, les accents \u00e9l\u00e9gants en laiton et un\" \/>\n<meta name=\"robots\" content=\"index, follow, max-snippet:-1, max-image-preview:large, max-video-preview:-1\" \/>\n<link rel=\"canonical\" href=\"https:\/\/hubsch-interior.com\/fr\/wp-json\/wp\/v2\/product\/1079614\" \/>\n<meta property=\"og:locale\" content=\"fr_FR\" \/>\n<meta property=\"og:type\" content=\"article\" \/>\n<meta property=\"og:title\" content=\"Pilule Pendule Double Blanc Mat - H\u00fcbsch\" \/>\n<meta property=\"og:description\" content=\"Un \u00e9clat de caract\u00e8re \u2014 avec un clin d&#039;\u0153il au pass\u00e9. Le Pilule Pendule en blanc mat conjugue le verre opale doux, les accents \u00e9l\u00e9gants en laiton et un\" \/>\n<meta property=\"og:url\" content=\"https:\/\/hubsch-interior.com\/fr\/produit\/pilule-pendule-double-blanc-mat\/\" \/>\n<meta property=\"og:site_name\" content=\"H\u00fcbsch\" \/>\n<meta property=\"article:modified_time\" content=\"2026-04-09T03:09:47+00:00\" \/>\n<meta property=\"og:image\" content=\"https:\/\/hubsch-interior.com\/wp-content\/uploads\/2026\/01\/pilule-pendant-double-matt-white-4877908d65e51c5ec960013cd70109e3.jpg\" \/>\n\t<meta property=\"og:image:width\" content=\"1200\" \/>\n\t<meta property=\"og:image:height\" content=\"1200\" \/>\n\t<meta property=\"og:image:type\" content=\"image\/jpeg\" \/>\n<meta name=\"twitter:card\" content=\"summary_large_image\" \/>\n<meta name=\"twitter:label1\" content=\"Dur\u00e9e de lecture estim\u00e9e\" \/>\n\t<meta name=\"twitter:data1\" content=\"1 minute\" \/>\n<script type=\"application\/ld+json\" class=\"yoast-schema-graph\">{\"@context\":\"https:\/\/schema.org\",\"@graph\":[{\"@type\":\"WebPage\",\"@id\":\"https:\/\/hubsch-interior.com\/fr\/produit\/pilule-pendule-double-blanc-mat\/\",\"url\":\"https:\/\/hubsch-interior.com\/fr\/produit\/pilule-pendule-double-blanc-mat\/\",\"name\":\"Pilule Pendule Double Blanc Mat - H\u00fcbsch\",\"isPartOf\":{\"@id\":\"https:\/\/hubsch-interior.com\/fr\/#website\"},\"primaryImageOfPage\":{\"@id\":\"https:\/\/hubsch-interior.com\/fr\/produit\/pilule-pendule-double-blanc-mat\/#primaryimage\"},\"image\":{\"@id\":\"https:\/\/hubsch-interior.com\/fr\/produit\/pilule-pendule-double-blanc-mat\/#primaryimage\"},\"thumbnailUrl\":\"https:\/\/hubsch-interior.com\/wp-content\/uploads\/2026\/02\/pilule-pendant-double-matt-white-ae49bb41f5efcb142843bf0a5302bcba.jpg\",\"datePublished\":\"2026-01-20T03:39:45+00:00\",\"dateModified\":\"2026-04-09T03:09:47+00:00\",\"description\":\"Un \u00e9clat de caract\u00e8re \u2014 avec un clin d'\u0153il au pass\u00e9. Le Pilule Pendule en blanc mat conjugue le verre opale doux, les accents \u00e9l\u00e9gants en laiton et un\",\"breadcrumb\":{\"@id\":\"https:\/\/hubsch-interior.com\/fr\/produit\/pilule-pendule-double-blanc-mat\/#breadcrumb\"},\"inLanguage\":\"fr-FR\",\"potentialAction\":[{\"@type\":\"ReadAction\",\"target\":[\"https:\/\/hubsch-interior.com\/fr\/produit\/pilule-pendule-double-blanc-mat\/\"]}]},{\"@type\":\"ImageObject\",\"inLanguage\":\"fr-FR\",\"@id\":\"https:\/\/hubsch-interior.com\/fr\/produit\/pilule-pendule-double-blanc-mat\/#primaryimage\",\"url\":\"https:\/\/hubsch-interior.com\/wp-content\/uploads\/2026\/02\/pilule-pendant-double-matt-white-ae49bb41f5efcb142843bf0a5302bcba.jpg\",\"contentUrl\":\"https:\/\/hubsch-interior.com\/wp-content\/uploads\/2026\/02\/pilule-pendant-double-matt-white-ae49bb41f5efcb142843bf0a5302bcba.jpg\",\"width\":1024,\"height\":1024},{\"@type\":\"BreadcrumbList\",\"@id\":\"https:\/\/hubsch-interior.com\/fr\/produit\/pilule-pendule-double-blanc-mat\/#breadcrumb\",\"itemListElement\":[{\"@type\":\"ListItem\",\"position\":1,\"name\":\"Page d'accueil\",\"item\":\"https:\/\/hubsch-interior.com\/fr\/\"},{\"@type\":\"ListItem\",\"position\":2,\"name\":\"Produits\",\"item\":\"https:\/\/hubsch-interior.com\/fr\/shop-2\/\"},{\"@type\":\"ListItem\",\"position\":3,\"name\":\"Pilule Pendule Double Blanc Mat\"}]},{\"@type\":\"WebSite\",\"@id\":\"https:\/\/hubsch-interior.com\/fr\/#website\",\"url\":\"https:\/\/hubsch-interior.com\/fr\/\",\"name\":\"H\u00fcbsch\",\"description\":\"Danish Home Interior and Design\",\"publisher\":{\"@id\":\"https:\/\/hubsch-interior.com\/fr\/#organization\"},\"potentialAction\":[{\"@type\":\"SearchAction\",\"target\":{\"@type\":\"EntryPoint\",\"urlTemplate\":\"https:\/\/hubsch-interior.com\/fr\/?s={search_term_string}\"},\"query-input\":{\"@type\":\"PropertyValueSpecification\",\"valueRequired\":true,\"valueName\":\"search_term_string\"}}],\"inLanguage\":\"fr-FR\"},{\"@type\":\"Organization\",\"@id\":\"https:\/\/hubsch-interior.com\/fr\/#organization\",\"name\":\"H\u00fcbsch\",\"url\":\"https:\/\/hubsch-interior.com\/fr\/\",\"logo\":{\"@type\":\"ImageObject\",\"inLanguage\":\"fr-FR\",\"@id\":\"https:\/\/hubsch-interior.com\/fr\/#\/schema\/logo\/image\/\",\"url\":\"https:\/\/hubsch-interior.com\/wp-content\/uploads\/2022\/12\/Hubsch_logo_black_one_line.svg\",\"contentUrl\":\"https:\/\/hubsch-interior.com\/wp-content\/uploads\/2022\/12\/Hubsch_logo_black_one_line.svg\",\"caption\":\"H\u00fcbsch\"},\"image\":{\"@id\":\"https:\/\/hubsch-interior.com\/fr\/#\/schema\/logo\/image\/\"}}]}<\/script>\n<!-- \/ Yoast SEO plugin. -->","yoast_head_json":{"title":"Pilule Pendule Double Blanc Mat - H\u00fcbsch","description":"Un \u00e9clat de caract\u00e8re \u2014 avec un clin d'\u0153il au pass\u00e9. Le Pilule Pendule en blanc mat conjugue le verre opale doux, les accents \u00e9l\u00e9gants en laiton et un","robots":{"index":"index","follow":"follow","max-snippet":"max-snippet:-1","max-image-preview":"max-image-preview:large","max-video-preview":"max-video-preview:-1"},"canonical":"https:\/\/hubsch-interior.com\/fr\/wp-json\/wp\/v2\/product\/1079614","og_locale":"fr_FR","og_type":"article","og_title":"Pilule Pendule Double Blanc Mat - H\u00fcbsch","og_description":"Un \u00e9clat de caract\u00e8re \u2014 avec un clin d'\u0153il au pass\u00e9. Le Pilule Pendule en blanc mat conjugue le verre opale doux, les accents \u00e9l\u00e9gants en laiton et un","og_url":"https:\/\/hubsch-interior.com\/fr\/produit\/pilule-pendule-double-blanc-mat\/","og_site_name":"H\u00fcbsch","article_modified_time":"2026-04-09T03:09:47+00:00","og_image":[{"width":1200,"height":1200,"url":"https:\/\/hubsch-interior.com\/wp-content\/uploads\/2026\/01\/pilule-pendant-double-matt-white-4877908d65e51c5ec960013cd70109e3.jpg","type":"image\/jpeg"}],"twitter_card":"summary_large_image","twitter_misc":{"Dur\u00e9e de lecture estim\u00e9e":"1 minute"},"schema":{"@context":"https:\/\/schema.org","@graph":[{"@type":"WebPage","@id":"https:\/\/hubsch-interior.com\/fr\/produit\/pilule-pendule-double-blanc-mat\/","url":"https:\/\/hubsch-interior.com\/fr\/produit\/pilule-pendule-double-blanc-mat\/","name":"Pilule Pendule Double Blanc Mat - H\u00fcbsch","isPartOf":{"@id":"https:\/\/hubsch-interior.com\/fr\/#website"},"primaryImageOfPage":{"@id":"https:\/\/hubsch-interior.com\/fr\/produit\/pilule-pendule-double-blanc-mat\/#primaryimage"},"image":{"@id":"https:\/\/hubsch-interior.com\/fr\/produit\/pilule-pendule-double-blanc-mat\/#primaryimage"},"thumbnailUrl":"https:\/\/hubsch-interior.com\/wp-content\/uploads\/2026\/02\/pilule-pendant-double-matt-white-ae49bb41f5efcb142843bf0a5302bcba.jpg","datePublished":"2026-01-20T03:39:45+00:00","dateModified":"2026-04-09T03:09:47+00:00","description":"Un \u00e9clat de caract\u00e8re \u2014 avec un clin d'\u0153il au pass\u00e9. Le Pilule Pendule en blanc mat conjugue le verre opale doux, les accents \u00e9l\u00e9gants en laiton et un","breadcrumb":{"@id":"https:\/\/hubsch-interior.com\/fr\/produit\/pilule-pendule-double-blanc-mat\/#breadcrumb"},"inLanguage":"fr-FR","potentialAction":[{"@type":"ReadAction","target":["https:\/\/hubsch-interior.com\/fr\/produit\/pilule-pendule-double-blanc-mat\/"]}]},{"@type":"ImageObject","inLanguage":"fr-FR","@id":"https:\/\/hubsch-interior.com\/fr\/produit\/pilule-pendule-double-blanc-mat\/#primaryimage","url":"https:\/\/hubsch-interior.com\/wp-content\/uploads\/2026\/02\/pilule-pendant-double-matt-white-ae49bb41f5efcb142843bf0a5302bcba.jpg","contentUrl":"https:\/\/hubsch-interior.com\/wp-content\/uploads\/2026\/02\/pilule-pendant-double-matt-white-ae49bb41f5efcb142843bf0a5302bcba.jpg","width":1024,"height":1024},{"@type":"BreadcrumbList","@id":"https:\/\/hubsch-interior.com\/fr\/produit\/pilule-pendule-double-blanc-mat\/#breadcrumb","itemListElement":[{"@type":"ListItem","position":1,"name":"Page d'accueil","item":"https:\/\/hubsch-interior.com\/fr\/"},{"@type":"ListItem","position":2,"name":"Produits","item":"https:\/\/hubsch-interior.com\/fr\/shop-2\/"},{"@type":"ListItem","position":3,"name":"Pilule Pendule Double Blanc Mat"}]},{"@type":"WebSite","@id":"https:\/\/hubsch-interior.com\/fr\/#website","url":"https:\/\/hubsch-interior.com\/fr\/","name":"H\u00fcbsch","description":"Danish Home Interior and Design","publisher":{"@id":"https:\/\/hubsch-interior.com\/fr\/#organization"},"potentialAction":[{"@type":"SearchAction","target":{"@type":"EntryPoint","urlTemplate":"https:\/\/hubsch-interior.com\/fr\/?s={search_term_string}"},"query-input":{"@type":"PropertyValueSpecification","valueRequired":true,"valueName":"search_term_string"}}],"inLanguage":"fr-FR"},{"@type":"Organization","@id":"https:\/\/hubsch-interior.com\/fr\/#organization","name":"H\u00fcbsch","url":"https:\/\/hubsch-interior.com\/fr\/","logo":{"@type":"ImageObject","inLanguage":"fr-FR","@id":"https:\/\/hubsch-interior.com\/fr\/#\/schema\/logo\/image\/","url":"https:\/\/hubsch-interior.com\/wp-content\/uploads\/2022\/12\/Hubsch_logo_black_one_line.svg","contentUrl":"https:\/\/hubsch-interior.com\/wp-content\/uploads\/2022\/12\/Hubsch_logo_black_one_line.svg","caption":"H\u00fcbsch"},"image":{"@id":"https:\/\/hubsch-interior.com\/fr\/#\/schema\/logo\/image\/"}}]}},"_links":{"self":[{"href":"https:\/\/hubsch-interior.com\/fr\/wp-json\/wp\/v2\/product\/1079614","targetHints":{"allow":["GET"]}}],"collection":[{"href":"https:\/\/hubsch-interior.com\/fr\/wp-json\/wp\/v2\/product"}],"about":[{"href":"https:\/\/hubsch-interior.com\/fr\/wp-json\/wp\/v2\/types\/product"}],"wp:featuredmedia":[{"embeddable":true,"href":"https:\/\/hubsch-interior.com\/fr\/wp-json\/wp\/v2\/media\/1108327"}],"wp:attachment":[{"href":"https:\/\/hubsch-interior.com\/fr\/wp-json\/wp\/v2\/media?parent=1079614"}],"wp:term":[{"taxonomy":"product_brand","embeddable":true,"href":"https:\/\/hubsch-interior.com\/fr\/wp-json\/wp\/v2\/product_brand?post=1079614"},{"taxonomy":"product_cat","embeddable":true,"href":"https:\/\/hubsch-interior.com\/fr\/wp-json\/wp\/v2\/product_cat?post=1079614"},{"taxonomy":"product_tag","embeddable":true,"href":"https:\/\/hubsch-interior.com\/fr\/wp-json\/wp\/v2\/product_tag?post=1079614"}],"curies":[{"name":"wp","href":"https:\/\/api.w.org\/{rel}","templated":true}]}}