{"id":1080258,"date":"2026-01-22T12:02:54","date_gmt":"2026-01-22T11:02:54","guid":{"rendered":"https:\/\/hubsch-interior.com\/product\/product\/"},"modified":"2026-04-05T04:59:52","modified_gmt":"2026-04-05T02:59:52","slug":"arkive-organiseur-de-bureau-naturel","status":"publish","type":"product","link":"https:\/\/hubsch-interior.com\/fr\/produit\/arkive-organiseur-de-bureau-naturel\/","title":{"rendered":"Arkiv\u00e9 Organiseur de bureau Naturel"},"content":{"rendered":"<p>L\u00e0 o\u00f9 l&#8217;ordre rencontre le ch\u00eane. L&#8217;Arkiv\u00e9 Organiseur de bureau transforme le d\u00e9sordre quotidien en s\u00e9r\u00e9nit\u00e9, offrant une mani\u00e8re \u00e9pur\u00e9e et belle de ranger papiers, cahiers ou magazines. Fabriqu\u00e9 en ch\u00eane certifi\u00e9 FSC, il apporte chaleur, structure et une \u00e9l\u00e9gance naturelle \u00e0 votre espace de travail. Con\u00e7u pour ceux qui valorisent la clart\u00e9 et l&#8217;artisanat, il transforme le rangement en un \u00e9l\u00e9ment que vous aurez envie de mettre en avant. Un petit objet puissant qui fait de la place pour ce qui compte le plus.<\/p>\n","protected":false},"excerpt":{"rendered":"<p>L\u00e0 o\u00f9 l&#8217;ordre rencontre le ch\u00eane. L&#8217;Arkiv\u00e9 Organiseur de bureau transforme le d\u00e9sordre quotidien en s\u00e9r\u00e9nit\u00e9, offrant une mani\u00e8re \u00e9pur\u00e9e et belle de ranger papiers, cahiers ou magazines. Fabriqu\u00e9 en ch\u00eane certifi\u00e9 FSC, il apporte chaleur, structure et une \u00e9l\u00e9gance naturelle \u00e0 votre espace de travail. Con\u00e7u pour ceux qui valorisent la clart\u00e9 et l&#8217;artisanat, [&hellip;]<\/p>\n","protected":false},"featured_media":1105000,"template":"","meta":{"_acf_changed":false,"inline_featured_image":false},"product_brand":[],"product_cat":[7154,6322,4153,4960,5026,5046],"product_tag":[],"class_list":{"0":"post-1080258","1":"product","2":"type-product","3":"status-publish","4":"has-post-thumbnail","6":"product_cat-dweller-fr","7":"product_cat-fsc-fr","8":"product_cat-espace-de-travail-fr","9":"product_cat-rangement-fr","10":"product_cat-bestsellers-fr","11":"product_cat-nouveautes-fr","12":"product_shipping_class-pk","14":"pa_color-naturel-2","15":"pa_material-mdf-fr","16":"pa_material-placage-de-chne-2","18":"first","19":"instock","20":"featured","21":"taxable","22":"shipping-taxable","23":"purchasable","24":"product-type-simple"},"exclude_global_add_ons":[],"addons":[],"acf":[],"yoast_head":"<!-- This site is optimized with the Yoast SEO plugin v26.4 - https:\/\/yoast.com\/wordpress\/plugins\/seo\/ -->\n<title>Arkiv\u00e9 Organiseur de bureau Naturel - H\u00fcbsch<\/title>\n<meta name=\"description\" content=\"L\u00e0 o\u00f9 l&#039;ordre rencontre le ch\u00eane. L&#039;Arkiv\u00e9 Organiseur de bureau transforme le d\u00e9sordre quotidien en s\u00e9r\u00e9nit\u00e9, offrant une mani\u00e8re \u00e9pur\u00e9e et belle de\" \/>\n<meta name=\"robots\" content=\"index, follow, max-snippet:-1, max-image-preview:large, max-video-preview:-1\" \/>\n<link rel=\"canonical\" href=\"https:\/\/hubsch-interior.com\/fr\/wp-json\/wp\/v2\/product\/1080258\" \/>\n<meta property=\"og:locale\" content=\"fr_FR\" \/>\n<meta property=\"og:type\" content=\"article\" \/>\n<meta property=\"og:title\" content=\"Arkiv\u00e9 Organiseur de bureau Naturel - H\u00fcbsch\" \/>\n<meta property=\"og:description\" content=\"L\u00e0 o\u00f9 l&#039;ordre rencontre le ch\u00eane. L&#039;Arkiv\u00e9 Organiseur de bureau transforme le d\u00e9sordre quotidien en s\u00e9r\u00e9nit\u00e9, offrant une mani\u00e8re \u00e9pur\u00e9e et belle de\" \/>\n<meta property=\"og:url\" content=\"https:\/\/hubsch-interior.com\/fr\/produit\/arkive-organiseur-de-bureau-naturel\/\" \/>\n<meta property=\"og:site_name\" content=\"H\u00fcbsch\" \/>\n<meta property=\"article:modified_time\" content=\"2026-04-05T02:59:52+00:00\" \/>\n<meta property=\"og:image\" content=\"https:\/\/hubsch-interior.com\/wp-content\/uploads\/2026\/01\/arkive-desk-organiser-natural-7470895cb6453a1034b0b95829f8f59c.jpg\" \/>\n\t<meta property=\"og:image:width\" content=\"1200\" \/>\n\t<meta property=\"og:image:height\" content=\"1200\" \/>\n\t<meta property=\"og:image:type\" content=\"image\/jpeg\" \/>\n<meta name=\"twitter:card\" content=\"summary_large_image\" \/>\n<script type=\"application\/ld+json\" class=\"yoast-schema-graph\">{\"@context\":\"https:\/\/schema.org\",\"@graph\":[{\"@type\":\"WebPage\",\"@id\":\"https:\/\/hubsch-interior.com\/fr\/produit\/arkive-organiseur-de-bureau-naturel\/\",\"url\":\"https:\/\/hubsch-interior.com\/fr\/produit\/arkive-organiseur-de-bureau-naturel\/\",\"name\":\"Arkiv\u00e9 Organiseur de bureau Naturel - H\u00fcbsch\",\"isPartOf\":{\"@id\":\"https:\/\/hubsch-interior.com\/fr\/#website\"},\"primaryImageOfPage\":{\"@id\":\"https:\/\/hubsch-interior.com\/fr\/produit\/arkive-organiseur-de-bureau-naturel\/#primaryimage\"},\"image\":{\"@id\":\"https:\/\/hubsch-interior.com\/fr\/produit\/arkive-organiseur-de-bureau-naturel\/#primaryimage\"},\"thumbnailUrl\":\"https:\/\/hubsch-interior.com\/wp-content\/uploads\/2026\/02\/arkive-desk-organiser-natural-10d52455b2ff5e9ff499404ec335e0fe.jpg\",\"datePublished\":\"2026-01-22T11:02:54+00:00\",\"dateModified\":\"2026-04-05T02:59:52+00:00\",\"description\":\"L\u00e0 o\u00f9 l'ordre rencontre le ch\u00eane. L'Arkiv\u00e9 Organiseur de bureau transforme le d\u00e9sordre quotidien en s\u00e9r\u00e9nit\u00e9, offrant une mani\u00e8re \u00e9pur\u00e9e et belle de\",\"breadcrumb\":{\"@id\":\"https:\/\/hubsch-interior.com\/fr\/produit\/arkive-organiseur-de-bureau-naturel\/#breadcrumb\"},\"inLanguage\":\"fr-FR\",\"potentialAction\":[{\"@type\":\"ReadAction\",\"target\":[\"https:\/\/hubsch-interior.com\/fr\/produit\/arkive-organiseur-de-bureau-naturel\/\"]}]},{\"@type\":\"ImageObject\",\"inLanguage\":\"fr-FR\",\"@id\":\"https:\/\/hubsch-interior.com\/fr\/produit\/arkive-organiseur-de-bureau-naturel\/#primaryimage\",\"url\":\"https:\/\/hubsch-interior.com\/wp-content\/uploads\/2026\/02\/arkive-desk-organiser-natural-10d52455b2ff5e9ff499404ec335e0fe.jpg\",\"contentUrl\":\"https:\/\/hubsch-interior.com\/wp-content\/uploads\/2026\/02\/arkive-desk-organiser-natural-10d52455b2ff5e9ff499404ec335e0fe.jpg\",\"width\":1024,\"height\":1024},{\"@type\":\"BreadcrumbList\",\"@id\":\"https:\/\/hubsch-interior.com\/fr\/produit\/arkive-organiseur-de-bureau-naturel\/#breadcrumb\",\"itemListElement\":[{\"@type\":\"ListItem\",\"position\":1,\"name\":\"Page d'accueil\",\"item\":\"https:\/\/hubsch-interior.com\/fr\/\"},{\"@type\":\"ListItem\",\"position\":2,\"name\":\"Produits\",\"item\":\"https:\/\/hubsch-interior.com\/fr\/shop-2\/\"},{\"@type\":\"ListItem\",\"position\":3,\"name\":\"Arkiv\u00e9 Organiseur de bureau Naturel\"}]},{\"@type\":\"WebSite\",\"@id\":\"https:\/\/hubsch-interior.com\/fr\/#website\",\"url\":\"https:\/\/hubsch-interior.com\/fr\/\",\"name\":\"H\u00fcbsch\",\"description\":\"Danish Home Interior and Design\",\"publisher\":{\"@id\":\"https:\/\/hubsch-interior.com\/fr\/#organization\"},\"potentialAction\":[{\"@type\":\"SearchAction\",\"target\":{\"@type\":\"EntryPoint\",\"urlTemplate\":\"https:\/\/hubsch-interior.com\/fr\/?s={search_term_string}\"},\"query-input\":{\"@type\":\"PropertyValueSpecification\",\"valueRequired\":true,\"valueName\":\"search_term_string\"}}],\"inLanguage\":\"fr-FR\"},{\"@type\":\"Organization\",\"@id\":\"https:\/\/hubsch-interior.com\/fr\/#organization\",\"name\":\"H\u00fcbsch\",\"url\":\"https:\/\/hubsch-interior.com\/fr\/\",\"logo\":{\"@type\":\"ImageObject\",\"inLanguage\":\"fr-FR\",\"@id\":\"https:\/\/hubsch-interior.com\/fr\/#\/schema\/logo\/image\/\",\"url\":\"https:\/\/hubsch-interior.com\/wp-content\/uploads\/2022\/12\/Hubsch_logo_black_one_line.svg\",\"contentUrl\":\"https:\/\/hubsch-interior.com\/wp-content\/uploads\/2022\/12\/Hubsch_logo_black_one_line.svg\",\"caption\":\"H\u00fcbsch\"},\"image\":{\"@id\":\"https:\/\/hubsch-interior.com\/fr\/#\/schema\/logo\/image\/\"}}]}<\/script>\n<!-- \/ Yoast SEO plugin. -->","yoast_head_json":{"title":"Arkiv\u00e9 Organiseur de bureau Naturel - H\u00fcbsch","description":"L\u00e0 o\u00f9 l'ordre rencontre le ch\u00eane. L'Arkiv\u00e9 Organiseur de bureau transforme le d\u00e9sordre quotidien en s\u00e9r\u00e9nit\u00e9, offrant une mani\u00e8re \u00e9pur\u00e9e et belle de","robots":{"index":"index","follow":"follow","max-snippet":"max-snippet:-1","max-image-preview":"max-image-preview:large","max-video-preview":"max-video-preview:-1"},"canonical":"https:\/\/hubsch-interior.com\/fr\/wp-json\/wp\/v2\/product\/1080258","og_locale":"fr_FR","og_type":"article","og_title":"Arkiv\u00e9 Organiseur de bureau Naturel - H\u00fcbsch","og_description":"L\u00e0 o\u00f9 l'ordre rencontre le ch\u00eane. L'Arkiv\u00e9 Organiseur de bureau transforme le d\u00e9sordre quotidien en s\u00e9r\u00e9nit\u00e9, offrant une mani\u00e8re \u00e9pur\u00e9e et belle de","og_url":"https:\/\/hubsch-interior.com\/fr\/produit\/arkive-organiseur-de-bureau-naturel\/","og_site_name":"H\u00fcbsch","article_modified_time":"2026-04-05T02:59:52+00:00","og_image":[{"width":1200,"height":1200,"url":"https:\/\/hubsch-interior.com\/wp-content\/uploads\/2026\/01\/arkive-desk-organiser-natural-7470895cb6453a1034b0b95829f8f59c.jpg","type":"image\/jpeg"}],"twitter_card":"summary_large_image","schema":{"@context":"https:\/\/schema.org","@graph":[{"@type":"WebPage","@id":"https:\/\/hubsch-interior.com\/fr\/produit\/arkive-organiseur-de-bureau-naturel\/","url":"https:\/\/hubsch-interior.com\/fr\/produit\/arkive-organiseur-de-bureau-naturel\/","name":"Arkiv\u00e9 Organiseur de bureau Naturel - H\u00fcbsch","isPartOf":{"@id":"https:\/\/hubsch-interior.com\/fr\/#website"},"primaryImageOfPage":{"@id":"https:\/\/hubsch-interior.com\/fr\/produit\/arkive-organiseur-de-bureau-naturel\/#primaryimage"},"image":{"@id":"https:\/\/hubsch-interior.com\/fr\/produit\/arkive-organiseur-de-bureau-naturel\/#primaryimage"},"thumbnailUrl":"https:\/\/hubsch-interior.com\/wp-content\/uploads\/2026\/02\/arkive-desk-organiser-natural-10d52455b2ff5e9ff499404ec335e0fe.jpg","datePublished":"2026-01-22T11:02:54+00:00","dateModified":"2026-04-05T02:59:52+00:00","description":"L\u00e0 o\u00f9 l'ordre rencontre le ch\u00eane. L'Arkiv\u00e9 Organiseur de bureau transforme le d\u00e9sordre quotidien en s\u00e9r\u00e9nit\u00e9, offrant une mani\u00e8re \u00e9pur\u00e9e et belle de","breadcrumb":{"@id":"https:\/\/hubsch-interior.com\/fr\/produit\/arkive-organiseur-de-bureau-naturel\/#breadcrumb"},"inLanguage":"fr-FR","potentialAction":[{"@type":"ReadAction","target":["https:\/\/hubsch-interior.com\/fr\/produit\/arkive-organiseur-de-bureau-naturel\/"]}]},{"@type":"ImageObject","inLanguage":"fr-FR","@id":"https:\/\/hubsch-interior.com\/fr\/produit\/arkive-organiseur-de-bureau-naturel\/#primaryimage","url":"https:\/\/hubsch-interior.com\/wp-content\/uploads\/2026\/02\/arkive-desk-organiser-natural-10d52455b2ff5e9ff499404ec335e0fe.jpg","contentUrl":"https:\/\/hubsch-interior.com\/wp-content\/uploads\/2026\/02\/arkive-desk-organiser-natural-10d52455b2ff5e9ff499404ec335e0fe.jpg","width":1024,"height":1024},{"@type":"BreadcrumbList","@id":"https:\/\/hubsch-interior.com\/fr\/produit\/arkive-organiseur-de-bureau-naturel\/#breadcrumb","itemListElement":[{"@type":"ListItem","position":1,"name":"Page d'accueil","item":"https:\/\/hubsch-interior.com\/fr\/"},{"@type":"ListItem","position":2,"name":"Produits","item":"https:\/\/hubsch-interior.com\/fr\/shop-2\/"},{"@type":"ListItem","position":3,"name":"Arkiv\u00e9 Organiseur de bureau Naturel"}]},{"@type":"WebSite","@id":"https:\/\/hubsch-interior.com\/fr\/#website","url":"https:\/\/hubsch-interior.com\/fr\/","name":"H\u00fcbsch","description":"Danish Home Interior and Design","publisher":{"@id":"https:\/\/hubsch-interior.com\/fr\/#organization"},"potentialAction":[{"@type":"SearchAction","target":{"@type":"EntryPoint","urlTemplate":"https:\/\/hubsch-interior.com\/fr\/?s={search_term_string}"},"query-input":{"@type":"PropertyValueSpecification","valueRequired":true,"valueName":"search_term_string"}}],"inLanguage":"fr-FR"},{"@type":"Organization","@id":"https:\/\/hubsch-interior.com\/fr\/#organization","name":"H\u00fcbsch","url":"https:\/\/hubsch-interior.com\/fr\/","logo":{"@type":"ImageObject","inLanguage":"fr-FR","@id":"https:\/\/hubsch-interior.com\/fr\/#\/schema\/logo\/image\/","url":"https:\/\/hubsch-interior.com\/wp-content\/uploads\/2022\/12\/Hubsch_logo_black_one_line.svg","contentUrl":"https:\/\/hubsch-interior.com\/wp-content\/uploads\/2022\/12\/Hubsch_logo_black_one_line.svg","caption":"H\u00fcbsch"},"image":{"@id":"https:\/\/hubsch-interior.com\/fr\/#\/schema\/logo\/image\/"}}]}},"_links":{"self":[{"href":"https:\/\/hubsch-interior.com\/fr\/wp-json\/wp\/v2\/product\/1080258","targetHints":{"allow":["GET"]}}],"collection":[{"href":"https:\/\/hubsch-interior.com\/fr\/wp-json\/wp\/v2\/product"}],"about":[{"href":"https:\/\/hubsch-interior.com\/fr\/wp-json\/wp\/v2\/types\/product"}],"wp:featuredmedia":[{"embeddable":true,"href":"https:\/\/hubsch-interior.com\/fr\/wp-json\/wp\/v2\/media\/1105000"}],"wp:attachment":[{"href":"https:\/\/hubsch-interior.com\/fr\/wp-json\/wp\/v2\/media?parent=1080258"}],"wp:term":[{"taxonomy":"product_brand","embeddable":true,"href":"https:\/\/hubsch-interior.com\/fr\/wp-json\/wp\/v2\/product_brand?post=1080258"},{"taxonomy":"product_cat","embeddable":true,"href":"https:\/\/hubsch-interior.com\/fr\/wp-json\/wp\/v2\/product_cat?post=1080258"},{"taxonomy":"product_tag","embeddable":true,"href":"https:\/\/hubsch-interior.com\/fr\/wp-json\/wp\/v2\/product_tag?post=1080258"}],"curies":[{"name":"wp","href":"https:\/\/api.w.org\/{rel}","templated":true}]}}