{"id":1080287,"date":"2026-01-22T12:02:58","date_gmt":"2026-01-22T11:02:58","guid":{"rendered":"https:\/\/hubsch-interior.com\/product\/product\/"},"modified":"2026-04-21T04:56:15","modified_gmt":"2026-04-21T02:56:15","slug":"still-miroir-naturel","status":"publish","type":"product","link":"https:\/\/hubsch-interior.com\/fr\/produit\/still-miroir-naturel\/","title":{"rendered":"Still Miroir Naturel"},"content":{"rendered":"<p>\u00c9l\u00e9gance discr\u00e8te, refl\u00e9t\u00e9e. Le Still Miroir associe la simplicit\u00e9 intemporelle \u00e0 des d\u00e9tails soign\u00e9s, con\u00e7u en ch\u00eane certifi\u00e9 FSC pour une beaut\u00e9 durable et une chaleur naturelle. Son cadre raffin\u00e9 comprend une \u00e9tag\u00e8re de rangement discr\u00e8te \u2014 id\u00e9ale pour les cl\u00e9s, les bijoux ou les petits essentiels quotidiens. Plac\u00e9 dans un couloir ou une chambre, il rehausse vos routines quotidiennes avec aisance. Un favori fonctionnel con\u00e7u pour refl\u00e9ter non seulement votre image, mais aussi votre sens du calme et de la clart\u00e9.<\/p>\n","protected":false},"excerpt":{"rendered":"<p>\u00c9l\u00e9gance discr\u00e8te, refl\u00e9t\u00e9e. Le Still Miroir associe la simplicit\u00e9 intemporelle \u00e0 des d\u00e9tails soign\u00e9s, con\u00e7u en ch\u00eane certifi\u00e9 FSC pour une beaut\u00e9 durable et une chaleur naturelle. Son cadre raffin\u00e9 comprend une \u00e9tag\u00e8re de rangement discr\u00e8te \u2014 id\u00e9ale pour les cl\u00e9s, les bijoux ou les petits essentiels quotidiens. Plac\u00e9 dans un couloir ou une chambre, [&hellip;]<\/p>\n","protected":false},"featured_media":1105008,"template":"","meta":{"_acf_changed":false,"inline_featured_image":false},"product_brand":[],"product_cat":[7154,6322,2923,2924,5026,5046],"product_tag":[],"class_list":{"0":"post-1080287","1":"product","2":"type-product","3":"status-publish","4":"has-post-thumbnail","6":"product_cat-dweller-fr","7":"product_cat-fsc-fr","8":"product_cat-miroirs-fr","9":"product_cat-miroirs-muraux-fr","10":"product_cat-bestsellers-fr","11":"product_cat-nouveautes-fr","12":"product_shipping_class-pk","14":"pa_color-naturel-2","15":"pa_material-mdf-fr","16":"pa_material-verre","17":"pa_material-bois-de-chne-2","19":"first","20":"instock","21":"featured","22":"taxable","23":"shipping-taxable","24":"purchasable","25":"product-type-simple"},"exclude_global_add_ons":[],"addons":[],"acf":[],"yoast_head":"<!-- This site is optimized with the Yoast SEO plugin v26.4 - https:\/\/yoast.com\/wordpress\/plugins\/seo\/ -->\n<title>Still Miroir Naturel - H\u00fcbsch<\/title>\n<meta name=\"description\" content=\"\u00c9l\u00e9gance discr\u00e8te, refl\u00e9t\u00e9e. Le Still Miroir associe la simplicit\u00e9 intemporelle \u00e0 des d\u00e9tails soign\u00e9s, con\u00e7u en ch\u00eane certifi\u00e9 FSC pour une beaut\u00e9 durable\" \/>\n<meta name=\"robots\" content=\"index, follow, max-snippet:-1, max-image-preview:large, max-video-preview:-1\" \/>\n<link rel=\"canonical\" href=\"https:\/\/hubsch-interior.com\/fr\/wp-json\/wp\/v2\/product\/1080287\" \/>\n<meta property=\"og:locale\" content=\"fr_FR\" \/>\n<meta property=\"og:type\" content=\"article\" \/>\n<meta property=\"og:title\" content=\"Still Miroir Naturel - H\u00fcbsch\" \/>\n<meta property=\"og:description\" content=\"\u00c9l\u00e9gance discr\u00e8te, refl\u00e9t\u00e9e. Le Still Miroir associe la simplicit\u00e9 intemporelle \u00e0 des d\u00e9tails soign\u00e9s, con\u00e7u en ch\u00eane certifi\u00e9 FSC pour une beaut\u00e9 durable\" \/>\n<meta property=\"og:url\" content=\"https:\/\/hubsch-interior.com\/fr\/produit\/still-miroir-naturel\/\" \/>\n<meta property=\"og:site_name\" content=\"H\u00fcbsch\" \/>\n<meta property=\"article:modified_time\" content=\"2026-04-21T02:56:15+00:00\" \/>\n<meta property=\"og:image\" content=\"https:\/\/hubsch-interior.com\/wp-content\/uploads\/2026\/01\/still-mirror-natural-5cfd8dfefbefa262ac9c01e5ab9fdc5c.jpg\" \/>\n\t<meta property=\"og:image:width\" content=\"1200\" \/>\n\t<meta property=\"og:image:height\" content=\"1200\" \/>\n\t<meta property=\"og:image:type\" content=\"image\/jpeg\" \/>\n<meta name=\"twitter:card\" content=\"summary_large_image\" \/>\n<script type=\"application\/ld+json\" class=\"yoast-schema-graph\">{\"@context\":\"https:\/\/schema.org\",\"@graph\":[{\"@type\":\"WebPage\",\"@id\":\"https:\/\/hubsch-interior.com\/fr\/produit\/still-miroir-naturel\/\",\"url\":\"https:\/\/hubsch-interior.com\/fr\/produit\/still-miroir-naturel\/\",\"name\":\"Still Miroir Naturel - H\u00fcbsch\",\"isPartOf\":{\"@id\":\"https:\/\/hubsch-interior.com\/fr\/#website\"},\"primaryImageOfPage\":{\"@id\":\"https:\/\/hubsch-interior.com\/fr\/produit\/still-miroir-naturel\/#primaryimage\"},\"image\":{\"@id\":\"https:\/\/hubsch-interior.com\/fr\/produit\/still-miroir-naturel\/#primaryimage\"},\"thumbnailUrl\":\"https:\/\/hubsch-interior.com\/wp-content\/uploads\/2026\/02\/still-mirror-natural-6db5060602b128ed6cdd4fbc0b71a685.jpg\",\"datePublished\":\"2026-01-22T11:02:58+00:00\",\"dateModified\":\"2026-04-21T02:56:15+00:00\",\"description\":\"\u00c9l\u00e9gance discr\u00e8te, refl\u00e9t\u00e9e. Le Still Miroir associe la simplicit\u00e9 intemporelle \u00e0 des d\u00e9tails soign\u00e9s, con\u00e7u en ch\u00eane certifi\u00e9 FSC pour une beaut\u00e9 durable\",\"breadcrumb\":{\"@id\":\"https:\/\/hubsch-interior.com\/fr\/produit\/still-miroir-naturel\/#breadcrumb\"},\"inLanguage\":\"fr-FR\",\"potentialAction\":[{\"@type\":\"ReadAction\",\"target\":[\"https:\/\/hubsch-interior.com\/fr\/produit\/still-miroir-naturel\/\"]}]},{\"@type\":\"ImageObject\",\"inLanguage\":\"fr-FR\",\"@id\":\"https:\/\/hubsch-interior.com\/fr\/produit\/still-miroir-naturel\/#primaryimage\",\"url\":\"https:\/\/hubsch-interior.com\/wp-content\/uploads\/2026\/02\/still-mirror-natural-6db5060602b128ed6cdd4fbc0b71a685.jpg\",\"contentUrl\":\"https:\/\/hubsch-interior.com\/wp-content\/uploads\/2026\/02\/still-mirror-natural-6db5060602b128ed6cdd4fbc0b71a685.jpg\",\"width\":1024,\"height\":1024},{\"@type\":\"BreadcrumbList\",\"@id\":\"https:\/\/hubsch-interior.com\/fr\/produit\/still-miroir-naturel\/#breadcrumb\",\"itemListElement\":[{\"@type\":\"ListItem\",\"position\":1,\"name\":\"Page d'accueil\",\"item\":\"https:\/\/hubsch-interior.com\/fr\/\"},{\"@type\":\"ListItem\",\"position\":2,\"name\":\"Produits\",\"item\":\"https:\/\/hubsch-interior.com\/fr\/shop-2\/\"},{\"@type\":\"ListItem\",\"position\":3,\"name\":\"Still Miroir Naturel\"}]},{\"@type\":\"WebSite\",\"@id\":\"https:\/\/hubsch-interior.com\/fr\/#website\",\"url\":\"https:\/\/hubsch-interior.com\/fr\/\",\"name\":\"H\u00fcbsch\",\"description\":\"Danish Home Interior and Design\",\"publisher\":{\"@id\":\"https:\/\/hubsch-interior.com\/fr\/#organization\"},\"potentialAction\":[{\"@type\":\"SearchAction\",\"target\":{\"@type\":\"EntryPoint\",\"urlTemplate\":\"https:\/\/hubsch-interior.com\/fr\/?s={search_term_string}\"},\"query-input\":{\"@type\":\"PropertyValueSpecification\",\"valueRequired\":true,\"valueName\":\"search_term_string\"}}],\"inLanguage\":\"fr-FR\"},{\"@type\":\"Organization\",\"@id\":\"https:\/\/hubsch-interior.com\/fr\/#organization\",\"name\":\"H\u00fcbsch\",\"url\":\"https:\/\/hubsch-interior.com\/fr\/\",\"logo\":{\"@type\":\"ImageObject\",\"inLanguage\":\"fr-FR\",\"@id\":\"https:\/\/hubsch-interior.com\/fr\/#\/schema\/logo\/image\/\",\"url\":\"https:\/\/hubsch-interior.com\/wp-content\/uploads\/2022\/12\/Hubsch_logo_black_one_line.svg\",\"contentUrl\":\"https:\/\/hubsch-interior.com\/wp-content\/uploads\/2022\/12\/Hubsch_logo_black_one_line.svg\",\"caption\":\"H\u00fcbsch\"},\"image\":{\"@id\":\"https:\/\/hubsch-interior.com\/fr\/#\/schema\/logo\/image\/\"}}]}<\/script>\n<!-- \/ Yoast SEO plugin. -->","yoast_head_json":{"title":"Still Miroir Naturel - H\u00fcbsch","description":"\u00c9l\u00e9gance discr\u00e8te, refl\u00e9t\u00e9e. Le Still Miroir associe la simplicit\u00e9 intemporelle \u00e0 des d\u00e9tails soign\u00e9s, con\u00e7u en ch\u00eane certifi\u00e9 FSC pour une beaut\u00e9 durable","robots":{"index":"index","follow":"follow","max-snippet":"max-snippet:-1","max-image-preview":"max-image-preview:large","max-video-preview":"max-video-preview:-1"},"canonical":"https:\/\/hubsch-interior.com\/fr\/wp-json\/wp\/v2\/product\/1080287","og_locale":"fr_FR","og_type":"article","og_title":"Still Miroir Naturel - H\u00fcbsch","og_description":"\u00c9l\u00e9gance discr\u00e8te, refl\u00e9t\u00e9e. Le Still Miroir associe la simplicit\u00e9 intemporelle \u00e0 des d\u00e9tails soign\u00e9s, con\u00e7u en ch\u00eane certifi\u00e9 FSC pour une beaut\u00e9 durable","og_url":"https:\/\/hubsch-interior.com\/fr\/produit\/still-miroir-naturel\/","og_site_name":"H\u00fcbsch","article_modified_time":"2026-04-21T02:56:15+00:00","og_image":[{"width":1200,"height":1200,"url":"https:\/\/hubsch-interior.com\/wp-content\/uploads\/2026\/01\/still-mirror-natural-5cfd8dfefbefa262ac9c01e5ab9fdc5c.jpg","type":"image\/jpeg"}],"twitter_card":"summary_large_image","schema":{"@context":"https:\/\/schema.org","@graph":[{"@type":"WebPage","@id":"https:\/\/hubsch-interior.com\/fr\/produit\/still-miroir-naturel\/","url":"https:\/\/hubsch-interior.com\/fr\/produit\/still-miroir-naturel\/","name":"Still Miroir Naturel - H\u00fcbsch","isPartOf":{"@id":"https:\/\/hubsch-interior.com\/fr\/#website"},"primaryImageOfPage":{"@id":"https:\/\/hubsch-interior.com\/fr\/produit\/still-miroir-naturel\/#primaryimage"},"image":{"@id":"https:\/\/hubsch-interior.com\/fr\/produit\/still-miroir-naturel\/#primaryimage"},"thumbnailUrl":"https:\/\/hubsch-interior.com\/wp-content\/uploads\/2026\/02\/still-mirror-natural-6db5060602b128ed6cdd4fbc0b71a685.jpg","datePublished":"2026-01-22T11:02:58+00:00","dateModified":"2026-04-21T02:56:15+00:00","description":"\u00c9l\u00e9gance discr\u00e8te, refl\u00e9t\u00e9e. Le Still Miroir associe la simplicit\u00e9 intemporelle \u00e0 des d\u00e9tails soign\u00e9s, con\u00e7u en ch\u00eane certifi\u00e9 FSC pour une beaut\u00e9 durable","breadcrumb":{"@id":"https:\/\/hubsch-interior.com\/fr\/produit\/still-miroir-naturel\/#breadcrumb"},"inLanguage":"fr-FR","potentialAction":[{"@type":"ReadAction","target":["https:\/\/hubsch-interior.com\/fr\/produit\/still-miroir-naturel\/"]}]},{"@type":"ImageObject","inLanguage":"fr-FR","@id":"https:\/\/hubsch-interior.com\/fr\/produit\/still-miroir-naturel\/#primaryimage","url":"https:\/\/hubsch-interior.com\/wp-content\/uploads\/2026\/02\/still-mirror-natural-6db5060602b128ed6cdd4fbc0b71a685.jpg","contentUrl":"https:\/\/hubsch-interior.com\/wp-content\/uploads\/2026\/02\/still-mirror-natural-6db5060602b128ed6cdd4fbc0b71a685.jpg","width":1024,"height":1024},{"@type":"BreadcrumbList","@id":"https:\/\/hubsch-interior.com\/fr\/produit\/still-miroir-naturel\/#breadcrumb","itemListElement":[{"@type":"ListItem","position":1,"name":"Page d'accueil","item":"https:\/\/hubsch-interior.com\/fr\/"},{"@type":"ListItem","position":2,"name":"Produits","item":"https:\/\/hubsch-interior.com\/fr\/shop-2\/"},{"@type":"ListItem","position":3,"name":"Still Miroir Naturel"}]},{"@type":"WebSite","@id":"https:\/\/hubsch-interior.com\/fr\/#website","url":"https:\/\/hubsch-interior.com\/fr\/","name":"H\u00fcbsch","description":"Danish Home Interior and Design","publisher":{"@id":"https:\/\/hubsch-interior.com\/fr\/#organization"},"potentialAction":[{"@type":"SearchAction","target":{"@type":"EntryPoint","urlTemplate":"https:\/\/hubsch-interior.com\/fr\/?s={search_term_string}"},"query-input":{"@type":"PropertyValueSpecification","valueRequired":true,"valueName":"search_term_string"}}],"inLanguage":"fr-FR"},{"@type":"Organization","@id":"https:\/\/hubsch-interior.com\/fr\/#organization","name":"H\u00fcbsch","url":"https:\/\/hubsch-interior.com\/fr\/","logo":{"@type":"ImageObject","inLanguage":"fr-FR","@id":"https:\/\/hubsch-interior.com\/fr\/#\/schema\/logo\/image\/","url":"https:\/\/hubsch-interior.com\/wp-content\/uploads\/2022\/12\/Hubsch_logo_black_one_line.svg","contentUrl":"https:\/\/hubsch-interior.com\/wp-content\/uploads\/2022\/12\/Hubsch_logo_black_one_line.svg","caption":"H\u00fcbsch"},"image":{"@id":"https:\/\/hubsch-interior.com\/fr\/#\/schema\/logo\/image\/"}}]}},"_links":{"self":[{"href":"https:\/\/hubsch-interior.com\/fr\/wp-json\/wp\/v2\/product\/1080287","targetHints":{"allow":["GET"]}}],"collection":[{"href":"https:\/\/hubsch-interior.com\/fr\/wp-json\/wp\/v2\/product"}],"about":[{"href":"https:\/\/hubsch-interior.com\/fr\/wp-json\/wp\/v2\/types\/product"}],"wp:featuredmedia":[{"embeddable":true,"href":"https:\/\/hubsch-interior.com\/fr\/wp-json\/wp\/v2\/media\/1105008"}],"wp:attachment":[{"href":"https:\/\/hubsch-interior.com\/fr\/wp-json\/wp\/v2\/media?parent=1080287"}],"wp:term":[{"taxonomy":"product_brand","embeddable":true,"href":"https:\/\/hubsch-interior.com\/fr\/wp-json\/wp\/v2\/product_brand?post=1080287"},{"taxonomy":"product_cat","embeddable":true,"href":"https:\/\/hubsch-interior.com\/fr\/wp-json\/wp\/v2\/product_cat?post=1080287"},{"taxonomy":"product_tag","embeddable":true,"href":"https:\/\/hubsch-interior.com\/fr\/wp-json\/wp\/v2\/product_tag?post=1080287"}],"curies":[{"name":"wp","href":"https:\/\/api.w.org\/{rel}","templated":true}]}}