{"id":1080377,"date":"2026-01-22T12:03:43","date_gmt":"2026-01-22T11:03:43","guid":{"rendered":"https:\/\/hubsch-interior.com\/product\/product\/"},"modified":"2026-04-06T04:55:14","modified_gmt":"2026-04-06T02:55:14","slug":"read-commode-naturel","status":"publish","type":"product","link":"https:\/\/hubsch-interior.com\/fr\/produit\/read-commode-naturel\/","title":{"rendered":"Read Commode Naturel"},"content":{"rendered":"<p>Un havre paisible pour les histoires que vous ch\u00e9rissez. La Read Commode, fabriqu\u00e9e en ch\u00eane certifi\u00e9 FSC dans une teinte naturelle chaleureuse, allie douce nostalgie et fonctionnalit\u00e9 r\u00e9fl\u00e9chie. Son agencement de rangements ouverts et ferm\u00e9s cr\u00e9e le rythme parfait pour vos livres pr\u00e9f\u00e9r\u00e9s, vos tr\u00e9sors accumul\u00e9s et les petits objets qui rendent un espace personnel. Inspir\u00e9e par les moments de calme et les lectures profondes, elle transforme n&#8217;importe quel coin en une biblioth\u00e8que personnelle. Une commode con\u00e7ue non seulement pour contenir, mais pour honorer ce que vous gardez pr\u00e8s de vous.<\/p>\n","protected":false},"excerpt":{"rendered":"<p>Un havre paisible pour les histoires que vous ch\u00e9rissez. La Read Commode, fabriqu\u00e9e en ch\u00eane certifi\u00e9 FSC dans une teinte naturelle chaleureuse, allie douce nostalgie et fonctionnalit\u00e9 r\u00e9fl\u00e9chie. Son agencement de rangements ouverts et ferm\u00e9s cr\u00e9e le rythme parfait pour vos livres pr\u00e9f\u00e9r\u00e9s, vos tr\u00e9sors accumul\u00e9s et les petits objets qui rendent un espace personnel. [&hellip;]<\/p>\n","protected":false},"featured_media":1105340,"template":"","meta":{"_acf_changed":false,"inline_featured_image":false},"product_brand":[],"product_cat":[7154,4001,6322,5046,4002],"product_tag":[],"class_list":{"0":"post-1080377","1":"product","2":"type-product","3":"status-publish","4":"has-post-thumbnail","6":"product_cat-dweller-fr","7":"product_cat-etageres-et-meubles-de-rangement-fr","8":"product_cat-fsc-fr","9":"product_cat-nouveautes-fr","10":"product_cat-vitrines-fr","11":"product_shipping_class-p10","13":"pa_color-naturel-2","14":"pa_material-bois-de-chne-2","15":"pa_material-mdf-fr","16":"pa_material-placage-de-chne-2","18":"first","19":"instock","20":"taxable","21":"shipping-taxable","22":"purchasable","23":"product-type-simple"},"exclude_global_add_ons":[],"addons":[],"acf":[],"yoast_head":"<!-- This site is optimized with the Yoast SEO plugin v26.4 - https:\/\/yoast.com\/wordpress\/plugins\/seo\/ -->\n<title>Read Commode Naturel - H\u00fcbsch<\/title>\n<meta name=\"description\" content=\"Un havre paisible pour les histoires que vous ch\u00e9rissez. La Read Commode, fabriqu\u00e9e en ch\u00eane certifi\u00e9 FSC dans une teinte naturelle chaleureuse, allie\" \/>\n<meta name=\"robots\" content=\"index, follow, max-snippet:-1, max-image-preview:large, max-video-preview:-1\" \/>\n<link rel=\"canonical\" href=\"https:\/\/hubsch-interior.com\/fr\/wp-json\/wp\/v2\/product\/1080377\" \/>\n<meta property=\"og:locale\" content=\"fr_FR\" \/>\n<meta property=\"og:type\" content=\"article\" \/>\n<meta property=\"og:title\" content=\"Read Commode Naturel - H\u00fcbsch\" \/>\n<meta property=\"og:description\" content=\"Un havre paisible pour les histoires que vous ch\u00e9rissez. La Read Commode, fabriqu\u00e9e en ch\u00eane certifi\u00e9 FSC dans une teinte naturelle chaleureuse, allie\" \/>\n<meta property=\"og:url\" content=\"https:\/\/hubsch-interior.com\/fr\/produit\/read-commode-naturel\/\" \/>\n<meta property=\"og:site_name\" content=\"H\u00fcbsch\" \/>\n<meta property=\"article:modified_time\" content=\"2026-04-06T02:55:14+00:00\" \/>\n<meta property=\"og:image\" content=\"https:\/\/hubsch-interior.com\/wp-content\/uploads\/2026\/01\/read-cabinet-natural-82dab4f13935798a821c4c35c8744d3c.jpg\" \/>\n\t<meta property=\"og:image:width\" content=\"1200\" \/>\n\t<meta property=\"og:image:height\" content=\"1200\" \/>\n\t<meta property=\"og:image:type\" content=\"image\/jpeg\" \/>\n<meta name=\"twitter:card\" content=\"summary_large_image\" \/>\n<meta name=\"twitter:label1\" content=\"Dur\u00e9e de lecture estim\u00e9e\" \/>\n\t<meta name=\"twitter:data1\" content=\"1 minute\" \/>\n<script type=\"application\/ld+json\" class=\"yoast-schema-graph\">{\"@context\":\"https:\/\/schema.org\",\"@graph\":[{\"@type\":\"WebPage\",\"@id\":\"https:\/\/hubsch-interior.com\/fr\/produit\/read-commode-naturel\/\",\"url\":\"https:\/\/hubsch-interior.com\/fr\/produit\/read-commode-naturel\/\",\"name\":\"Read Commode Naturel - H\u00fcbsch\",\"isPartOf\":{\"@id\":\"https:\/\/hubsch-interior.com\/fr\/#website\"},\"primaryImageOfPage\":{\"@id\":\"https:\/\/hubsch-interior.com\/fr\/produit\/read-commode-naturel\/#primaryimage\"},\"image\":{\"@id\":\"https:\/\/hubsch-interior.com\/fr\/produit\/read-commode-naturel\/#primaryimage\"},\"thumbnailUrl\":\"https:\/\/hubsch-interior.com\/wp-content\/uploads\/2026\/02\/read-cabinet-natural-5952ca52ce2840c5647c4cb4e29fae8d.jpg\",\"datePublished\":\"2026-01-22T11:03:43+00:00\",\"dateModified\":\"2026-04-06T02:55:14+00:00\",\"description\":\"Un havre paisible pour les histoires que vous ch\u00e9rissez. La Read Commode, fabriqu\u00e9e en ch\u00eane certifi\u00e9 FSC dans une teinte naturelle chaleureuse, allie\",\"breadcrumb\":{\"@id\":\"https:\/\/hubsch-interior.com\/fr\/produit\/read-commode-naturel\/#breadcrumb\"},\"inLanguage\":\"fr-FR\",\"potentialAction\":[{\"@type\":\"ReadAction\",\"target\":[\"https:\/\/hubsch-interior.com\/fr\/produit\/read-commode-naturel\/\"]}]},{\"@type\":\"ImageObject\",\"inLanguage\":\"fr-FR\",\"@id\":\"https:\/\/hubsch-interior.com\/fr\/produit\/read-commode-naturel\/#primaryimage\",\"url\":\"https:\/\/hubsch-interior.com\/wp-content\/uploads\/2026\/02\/read-cabinet-natural-5952ca52ce2840c5647c4cb4e29fae8d.jpg\",\"contentUrl\":\"https:\/\/hubsch-interior.com\/wp-content\/uploads\/2026\/02\/read-cabinet-natural-5952ca52ce2840c5647c4cb4e29fae8d.jpg\",\"width\":1024,\"height\":1024},{\"@type\":\"BreadcrumbList\",\"@id\":\"https:\/\/hubsch-interior.com\/fr\/produit\/read-commode-naturel\/#breadcrumb\",\"itemListElement\":[{\"@type\":\"ListItem\",\"position\":1,\"name\":\"Page d'accueil\",\"item\":\"https:\/\/hubsch-interior.com\/fr\/\"},{\"@type\":\"ListItem\",\"position\":2,\"name\":\"Produits\",\"item\":\"https:\/\/hubsch-interior.com\/fr\/shop-2\/\"},{\"@type\":\"ListItem\",\"position\":3,\"name\":\"Read Commode Naturel\"}]},{\"@type\":\"WebSite\",\"@id\":\"https:\/\/hubsch-interior.com\/fr\/#website\",\"url\":\"https:\/\/hubsch-interior.com\/fr\/\",\"name\":\"H\u00fcbsch\",\"description\":\"Danish Home Interior and Design\",\"publisher\":{\"@id\":\"https:\/\/hubsch-interior.com\/fr\/#organization\"},\"potentialAction\":[{\"@type\":\"SearchAction\",\"target\":{\"@type\":\"EntryPoint\",\"urlTemplate\":\"https:\/\/hubsch-interior.com\/fr\/?s={search_term_string}\"},\"query-input\":{\"@type\":\"PropertyValueSpecification\",\"valueRequired\":true,\"valueName\":\"search_term_string\"}}],\"inLanguage\":\"fr-FR\"},{\"@type\":\"Organization\",\"@id\":\"https:\/\/hubsch-interior.com\/fr\/#organization\",\"name\":\"H\u00fcbsch\",\"url\":\"https:\/\/hubsch-interior.com\/fr\/\",\"logo\":{\"@type\":\"ImageObject\",\"inLanguage\":\"fr-FR\",\"@id\":\"https:\/\/hubsch-interior.com\/fr\/#\/schema\/logo\/image\/\",\"url\":\"https:\/\/hubsch-interior.com\/wp-content\/uploads\/2022\/12\/Hubsch_logo_black_one_line.svg\",\"contentUrl\":\"https:\/\/hubsch-interior.com\/wp-content\/uploads\/2022\/12\/Hubsch_logo_black_one_line.svg\",\"caption\":\"H\u00fcbsch\"},\"image\":{\"@id\":\"https:\/\/hubsch-interior.com\/fr\/#\/schema\/logo\/image\/\"}}]}<\/script>\n<!-- \/ Yoast SEO plugin. -->","yoast_head_json":{"title":"Read Commode Naturel - H\u00fcbsch","description":"Un havre paisible pour les histoires que vous ch\u00e9rissez. La Read Commode, fabriqu\u00e9e en ch\u00eane certifi\u00e9 FSC dans une teinte naturelle chaleureuse, allie","robots":{"index":"index","follow":"follow","max-snippet":"max-snippet:-1","max-image-preview":"max-image-preview:large","max-video-preview":"max-video-preview:-1"},"canonical":"https:\/\/hubsch-interior.com\/fr\/wp-json\/wp\/v2\/product\/1080377","og_locale":"fr_FR","og_type":"article","og_title":"Read Commode Naturel - H\u00fcbsch","og_description":"Un havre paisible pour les histoires que vous ch\u00e9rissez. La Read Commode, fabriqu\u00e9e en ch\u00eane certifi\u00e9 FSC dans une teinte naturelle chaleureuse, allie","og_url":"https:\/\/hubsch-interior.com\/fr\/produit\/read-commode-naturel\/","og_site_name":"H\u00fcbsch","article_modified_time":"2026-04-06T02:55:14+00:00","og_image":[{"width":1200,"height":1200,"url":"https:\/\/hubsch-interior.com\/wp-content\/uploads\/2026\/01\/read-cabinet-natural-82dab4f13935798a821c4c35c8744d3c.jpg","type":"image\/jpeg"}],"twitter_card":"summary_large_image","twitter_misc":{"Dur\u00e9e de lecture estim\u00e9e":"1 minute"},"schema":{"@context":"https:\/\/schema.org","@graph":[{"@type":"WebPage","@id":"https:\/\/hubsch-interior.com\/fr\/produit\/read-commode-naturel\/","url":"https:\/\/hubsch-interior.com\/fr\/produit\/read-commode-naturel\/","name":"Read Commode Naturel - H\u00fcbsch","isPartOf":{"@id":"https:\/\/hubsch-interior.com\/fr\/#website"},"primaryImageOfPage":{"@id":"https:\/\/hubsch-interior.com\/fr\/produit\/read-commode-naturel\/#primaryimage"},"image":{"@id":"https:\/\/hubsch-interior.com\/fr\/produit\/read-commode-naturel\/#primaryimage"},"thumbnailUrl":"https:\/\/hubsch-interior.com\/wp-content\/uploads\/2026\/02\/read-cabinet-natural-5952ca52ce2840c5647c4cb4e29fae8d.jpg","datePublished":"2026-01-22T11:03:43+00:00","dateModified":"2026-04-06T02:55:14+00:00","description":"Un havre paisible pour les histoires que vous ch\u00e9rissez. La Read Commode, fabriqu\u00e9e en ch\u00eane certifi\u00e9 FSC dans une teinte naturelle chaleureuse, allie","breadcrumb":{"@id":"https:\/\/hubsch-interior.com\/fr\/produit\/read-commode-naturel\/#breadcrumb"},"inLanguage":"fr-FR","potentialAction":[{"@type":"ReadAction","target":["https:\/\/hubsch-interior.com\/fr\/produit\/read-commode-naturel\/"]}]},{"@type":"ImageObject","inLanguage":"fr-FR","@id":"https:\/\/hubsch-interior.com\/fr\/produit\/read-commode-naturel\/#primaryimage","url":"https:\/\/hubsch-interior.com\/wp-content\/uploads\/2026\/02\/read-cabinet-natural-5952ca52ce2840c5647c4cb4e29fae8d.jpg","contentUrl":"https:\/\/hubsch-interior.com\/wp-content\/uploads\/2026\/02\/read-cabinet-natural-5952ca52ce2840c5647c4cb4e29fae8d.jpg","width":1024,"height":1024},{"@type":"BreadcrumbList","@id":"https:\/\/hubsch-interior.com\/fr\/produit\/read-commode-naturel\/#breadcrumb","itemListElement":[{"@type":"ListItem","position":1,"name":"Page d'accueil","item":"https:\/\/hubsch-interior.com\/fr\/"},{"@type":"ListItem","position":2,"name":"Produits","item":"https:\/\/hubsch-interior.com\/fr\/shop-2\/"},{"@type":"ListItem","position":3,"name":"Read Commode Naturel"}]},{"@type":"WebSite","@id":"https:\/\/hubsch-interior.com\/fr\/#website","url":"https:\/\/hubsch-interior.com\/fr\/","name":"H\u00fcbsch","description":"Danish Home Interior and Design","publisher":{"@id":"https:\/\/hubsch-interior.com\/fr\/#organization"},"potentialAction":[{"@type":"SearchAction","target":{"@type":"EntryPoint","urlTemplate":"https:\/\/hubsch-interior.com\/fr\/?s={search_term_string}"},"query-input":{"@type":"PropertyValueSpecification","valueRequired":true,"valueName":"search_term_string"}}],"inLanguage":"fr-FR"},{"@type":"Organization","@id":"https:\/\/hubsch-interior.com\/fr\/#organization","name":"H\u00fcbsch","url":"https:\/\/hubsch-interior.com\/fr\/","logo":{"@type":"ImageObject","inLanguage":"fr-FR","@id":"https:\/\/hubsch-interior.com\/fr\/#\/schema\/logo\/image\/","url":"https:\/\/hubsch-interior.com\/wp-content\/uploads\/2022\/12\/Hubsch_logo_black_one_line.svg","contentUrl":"https:\/\/hubsch-interior.com\/wp-content\/uploads\/2022\/12\/Hubsch_logo_black_one_line.svg","caption":"H\u00fcbsch"},"image":{"@id":"https:\/\/hubsch-interior.com\/fr\/#\/schema\/logo\/image\/"}}]}},"_links":{"self":[{"href":"https:\/\/hubsch-interior.com\/fr\/wp-json\/wp\/v2\/product\/1080377","targetHints":{"allow":["GET"]}}],"collection":[{"href":"https:\/\/hubsch-interior.com\/fr\/wp-json\/wp\/v2\/product"}],"about":[{"href":"https:\/\/hubsch-interior.com\/fr\/wp-json\/wp\/v2\/types\/product"}],"wp:featuredmedia":[{"embeddable":true,"href":"https:\/\/hubsch-interior.com\/fr\/wp-json\/wp\/v2\/media\/1105340"}],"wp:attachment":[{"href":"https:\/\/hubsch-interior.com\/fr\/wp-json\/wp\/v2\/media?parent=1080377"}],"wp:term":[{"taxonomy":"product_brand","embeddable":true,"href":"https:\/\/hubsch-interior.com\/fr\/wp-json\/wp\/v2\/product_brand?post=1080377"},{"taxonomy":"product_cat","embeddable":true,"href":"https:\/\/hubsch-interior.com\/fr\/wp-json\/wp\/v2\/product_cat?post=1080377"},{"taxonomy":"product_tag","embeddable":true,"href":"https:\/\/hubsch-interior.com\/fr\/wp-json\/wp\/v2\/product_tag?post=1080377"}],"curies":[{"name":"wp","href":"https:\/\/api.w.org\/{rel}","templated":true}]}}