{"id":1080413,"date":"2026-01-22T12:06:22","date_gmt":"2026-01-22T11:06:22","guid":{"rendered":"https:\/\/hubsch-interior.com\/product\/product\/"},"modified":"2026-04-05T05:27:07","modified_gmt":"2026-04-05T03:27:07","slug":"disco-etagere-large-naturel","status":"publish","type":"product","link":"https:\/\/hubsch-interior.com\/fr\/produit\/disco-etagere-large-naturel\/","title":{"rendered":"Disco \u00c9tag\u00e8re Large Naturel"},"content":{"rendered":"<p>Plongez dans un univers d&#8217;\u00e9l\u00e9gance organis\u00e9e avec notre Disco \u00c9tag\u00e8re, fabriqu\u00e9e en plaquage de ch\u00eane naturel de toute beaut\u00e9. Cette pi\u00e8ce en bois certifi\u00e9 FSC n&#8217;est pas seulement un meuble, mais un t\u00e9moignage de l&#8217;art d&#8217;apprendre. Avec ses 12 compartiments parfaitement dimensionn\u00e9s, elle est id\u00e9ale pour mettre en valeur tous vos livres pr\u00e9cieux et objets de collection ch\u00e9ris. En latin, Disco signifie &#8220;Apprendre&#8221;, et quelle meilleure mani\u00e8re de ranger vos connaissances qu&#8217;avec la s\u00e9rie Disco ? Optez pour cette variante pour apporter une touche du charme de la nature dans votre espace personnel.<\/p>\n","protected":false},"excerpt":{"rendered":"<p>Plongez dans un univers d&#8217;\u00e9l\u00e9gance organis\u00e9e avec notre Disco \u00c9tag\u00e8re, fabriqu\u00e9e en plaquage de ch\u00eane naturel de toute beaut\u00e9. Cette pi\u00e8ce en bois certifi\u00e9 FSC n&#8217;est pas seulement un meuble, mais un t\u00e9moignage de l&#8217;art d&#8217;apprendre. Avec ses 12 compartiments parfaitement dimensionn\u00e9s, elle est id\u00e9ale pour mettre en valeur tous vos livres pr\u00e9cieux et objets [&hellip;]<\/p>\n","protected":false},"featured_media":1111972,"template":"","meta":{"_acf_changed":false,"inline_featured_image":false},"product_brand":[],"product_cat":[7154,6322,4001,4011,5046],"product_tag":[],"class_list":{"0":"post-1080413","1":"product","2":"type-product","3":"status-publish","4":"has-post-thumbnail","6":"product_cat-dweller-fr","7":"product_cat-fsc-fr","8":"product_cat-etageres-et-meubles-de-rangement-fr","9":"product_cat-bibliotheques-fr","10":"product_cat-nouveautes-fr","11":"product_shipping_class-p05","13":"pa_color-naturel-2","14":"pa_material-mdf-fr","15":"pa_material-placage-de-chne-2","17":"first","18":"instock","19":"taxable","20":"shipping-taxable","21":"purchasable","22":"product-type-simple"},"exclude_global_add_ons":[],"addons":[],"acf":[],"yoast_head":"<!-- This site is optimized with the Yoast SEO plugin v26.4 - https:\/\/yoast.com\/wordpress\/plugins\/seo\/ -->\n<title>Disco \u00c9tag\u00e8re Large Naturel - H\u00fcbsch<\/title>\n<meta name=\"description\" content=\"Plongez dans un univers d&#039;\u00e9l\u00e9gance organis\u00e9e avec notre Disco \u00c9tag\u00e8re, fabriqu\u00e9e en plaquage de ch\u00eane naturel de toute beaut\u00e9. Cette pi\u00e8ce en bois\" \/>\n<meta name=\"robots\" content=\"index, follow, max-snippet:-1, max-image-preview:large, max-video-preview:-1\" \/>\n<link rel=\"canonical\" href=\"https:\/\/hubsch-interior.com\/fr\/wp-json\/wp\/v2\/product\/1080413\" \/>\n<meta property=\"og:locale\" content=\"fr_FR\" \/>\n<meta property=\"og:type\" content=\"article\" \/>\n<meta property=\"og:title\" content=\"Disco \u00c9tag\u00e8re Large Naturel - H\u00fcbsch\" \/>\n<meta property=\"og:description\" content=\"Plongez dans un univers d&#039;\u00e9l\u00e9gance organis\u00e9e avec notre Disco \u00c9tag\u00e8re, fabriqu\u00e9e en plaquage de ch\u00eane naturel de toute beaut\u00e9. Cette pi\u00e8ce en bois\" \/>\n<meta property=\"og:url\" content=\"https:\/\/hubsch-interior.com\/fr\/produit\/disco-etagere-large-naturel\/\" \/>\n<meta property=\"og:site_name\" content=\"H\u00fcbsch\" \/>\n<meta property=\"article:modified_time\" content=\"2026-04-05T03:27:07+00:00\" \/>\n<meta property=\"og:image\" content=\"https:\/\/hubsch-interior.com\/wp-content\/uploads\/2026\/01\/disco-shelf-unit-large-natural-f8fc7f50e54835f95672b0d43998130d.jpg\" \/>\n\t<meta property=\"og:image:width\" content=\"1200\" \/>\n\t<meta property=\"og:image:height\" content=\"1200\" \/>\n\t<meta property=\"og:image:type\" content=\"image\/jpeg\" \/>\n<meta name=\"twitter:card\" content=\"summary_large_image\" \/>\n<meta name=\"twitter:label1\" content=\"Dur\u00e9e de lecture estim\u00e9e\" \/>\n\t<meta name=\"twitter:data1\" content=\"1 minute\" \/>\n<script type=\"application\/ld+json\" class=\"yoast-schema-graph\">{\"@context\":\"https:\/\/schema.org\",\"@graph\":[{\"@type\":\"WebPage\",\"@id\":\"https:\/\/hubsch-interior.com\/fr\/produit\/disco-etagere-large-naturel\/\",\"url\":\"https:\/\/hubsch-interior.com\/fr\/produit\/disco-etagere-large-naturel\/\",\"name\":\"Disco \u00c9tag\u00e8re Large Naturel - H\u00fcbsch\",\"isPartOf\":{\"@id\":\"https:\/\/hubsch-interior.com\/fr\/#website\"},\"primaryImageOfPage\":{\"@id\":\"https:\/\/hubsch-interior.com\/fr\/produit\/disco-etagere-large-naturel\/#primaryimage\"},\"image\":{\"@id\":\"https:\/\/hubsch-interior.com\/fr\/produit\/disco-etagere-large-naturel\/#primaryimage\"},\"thumbnailUrl\":\"https:\/\/hubsch-interior.com\/wp-content\/uploads\/2026\/02\/disco-shelf-unit-large-natural-56d20db8dd556996fb8cb0431b37235d.jpg\",\"datePublished\":\"2026-01-22T11:06:22+00:00\",\"dateModified\":\"2026-04-05T03:27:07+00:00\",\"description\":\"Plongez dans un univers d'\u00e9l\u00e9gance organis\u00e9e avec notre Disco \u00c9tag\u00e8re, fabriqu\u00e9e en plaquage de ch\u00eane naturel de toute beaut\u00e9. Cette pi\u00e8ce en bois\",\"breadcrumb\":{\"@id\":\"https:\/\/hubsch-interior.com\/fr\/produit\/disco-etagere-large-naturel\/#breadcrumb\"},\"inLanguage\":\"fr-FR\",\"potentialAction\":[{\"@type\":\"ReadAction\",\"target\":[\"https:\/\/hubsch-interior.com\/fr\/produit\/disco-etagere-large-naturel\/\"]}]},{\"@type\":\"ImageObject\",\"inLanguage\":\"fr-FR\",\"@id\":\"https:\/\/hubsch-interior.com\/fr\/produit\/disco-etagere-large-naturel\/#primaryimage\",\"url\":\"https:\/\/hubsch-interior.com\/wp-content\/uploads\/2026\/02\/disco-shelf-unit-large-natural-56d20db8dd556996fb8cb0431b37235d.jpg\",\"contentUrl\":\"https:\/\/hubsch-interior.com\/wp-content\/uploads\/2026\/02\/disco-shelf-unit-large-natural-56d20db8dd556996fb8cb0431b37235d.jpg\",\"width\":1024,\"height\":1024},{\"@type\":\"BreadcrumbList\",\"@id\":\"https:\/\/hubsch-interior.com\/fr\/produit\/disco-etagere-large-naturel\/#breadcrumb\",\"itemListElement\":[{\"@type\":\"ListItem\",\"position\":1,\"name\":\"Page d'accueil\",\"item\":\"https:\/\/hubsch-interior.com\/fr\/\"},{\"@type\":\"ListItem\",\"position\":2,\"name\":\"Produits\",\"item\":\"https:\/\/hubsch-interior.com\/fr\/shop-2\/\"},{\"@type\":\"ListItem\",\"position\":3,\"name\":\"Disco \u00c9tag\u00e8re Large Naturel\"}]},{\"@type\":\"WebSite\",\"@id\":\"https:\/\/hubsch-interior.com\/fr\/#website\",\"url\":\"https:\/\/hubsch-interior.com\/fr\/\",\"name\":\"H\u00fcbsch\",\"description\":\"Danish Home Interior and Design\",\"publisher\":{\"@id\":\"https:\/\/hubsch-interior.com\/fr\/#organization\"},\"potentialAction\":[{\"@type\":\"SearchAction\",\"target\":{\"@type\":\"EntryPoint\",\"urlTemplate\":\"https:\/\/hubsch-interior.com\/fr\/?s={search_term_string}\"},\"query-input\":{\"@type\":\"PropertyValueSpecification\",\"valueRequired\":true,\"valueName\":\"search_term_string\"}}],\"inLanguage\":\"fr-FR\"},{\"@type\":\"Organization\",\"@id\":\"https:\/\/hubsch-interior.com\/fr\/#organization\",\"name\":\"H\u00fcbsch\",\"url\":\"https:\/\/hubsch-interior.com\/fr\/\",\"logo\":{\"@type\":\"ImageObject\",\"inLanguage\":\"fr-FR\",\"@id\":\"https:\/\/hubsch-interior.com\/fr\/#\/schema\/logo\/image\/\",\"url\":\"https:\/\/hubsch-interior.com\/wp-content\/uploads\/2022\/12\/Hubsch_logo_black_one_line.svg\",\"contentUrl\":\"https:\/\/hubsch-interior.com\/wp-content\/uploads\/2022\/12\/Hubsch_logo_black_one_line.svg\",\"caption\":\"H\u00fcbsch\"},\"image\":{\"@id\":\"https:\/\/hubsch-interior.com\/fr\/#\/schema\/logo\/image\/\"}}]}<\/script>\n<!-- \/ Yoast SEO plugin. -->","yoast_head_json":{"title":"Disco \u00c9tag\u00e8re Large Naturel - H\u00fcbsch","description":"Plongez dans un univers d'\u00e9l\u00e9gance organis\u00e9e avec notre Disco \u00c9tag\u00e8re, fabriqu\u00e9e en plaquage de ch\u00eane naturel de toute beaut\u00e9. Cette pi\u00e8ce en bois","robots":{"index":"index","follow":"follow","max-snippet":"max-snippet:-1","max-image-preview":"max-image-preview:large","max-video-preview":"max-video-preview:-1"},"canonical":"https:\/\/hubsch-interior.com\/fr\/wp-json\/wp\/v2\/product\/1080413","og_locale":"fr_FR","og_type":"article","og_title":"Disco \u00c9tag\u00e8re Large Naturel - H\u00fcbsch","og_description":"Plongez dans un univers d'\u00e9l\u00e9gance organis\u00e9e avec notre Disco \u00c9tag\u00e8re, fabriqu\u00e9e en plaquage de ch\u00eane naturel de toute beaut\u00e9. Cette pi\u00e8ce en bois","og_url":"https:\/\/hubsch-interior.com\/fr\/produit\/disco-etagere-large-naturel\/","og_site_name":"H\u00fcbsch","article_modified_time":"2026-04-05T03:27:07+00:00","og_image":[{"width":1200,"height":1200,"url":"https:\/\/hubsch-interior.com\/wp-content\/uploads\/2026\/01\/disco-shelf-unit-large-natural-f8fc7f50e54835f95672b0d43998130d.jpg","type":"image\/jpeg"}],"twitter_card":"summary_large_image","twitter_misc":{"Dur\u00e9e de lecture estim\u00e9e":"1 minute"},"schema":{"@context":"https:\/\/schema.org","@graph":[{"@type":"WebPage","@id":"https:\/\/hubsch-interior.com\/fr\/produit\/disco-etagere-large-naturel\/","url":"https:\/\/hubsch-interior.com\/fr\/produit\/disco-etagere-large-naturel\/","name":"Disco \u00c9tag\u00e8re Large Naturel - H\u00fcbsch","isPartOf":{"@id":"https:\/\/hubsch-interior.com\/fr\/#website"},"primaryImageOfPage":{"@id":"https:\/\/hubsch-interior.com\/fr\/produit\/disco-etagere-large-naturel\/#primaryimage"},"image":{"@id":"https:\/\/hubsch-interior.com\/fr\/produit\/disco-etagere-large-naturel\/#primaryimage"},"thumbnailUrl":"https:\/\/hubsch-interior.com\/wp-content\/uploads\/2026\/02\/disco-shelf-unit-large-natural-56d20db8dd556996fb8cb0431b37235d.jpg","datePublished":"2026-01-22T11:06:22+00:00","dateModified":"2026-04-05T03:27:07+00:00","description":"Plongez dans un univers d'\u00e9l\u00e9gance organis\u00e9e avec notre Disco \u00c9tag\u00e8re, fabriqu\u00e9e en plaquage de ch\u00eane naturel de toute beaut\u00e9. Cette pi\u00e8ce en bois","breadcrumb":{"@id":"https:\/\/hubsch-interior.com\/fr\/produit\/disco-etagere-large-naturel\/#breadcrumb"},"inLanguage":"fr-FR","potentialAction":[{"@type":"ReadAction","target":["https:\/\/hubsch-interior.com\/fr\/produit\/disco-etagere-large-naturel\/"]}]},{"@type":"ImageObject","inLanguage":"fr-FR","@id":"https:\/\/hubsch-interior.com\/fr\/produit\/disco-etagere-large-naturel\/#primaryimage","url":"https:\/\/hubsch-interior.com\/wp-content\/uploads\/2026\/02\/disco-shelf-unit-large-natural-56d20db8dd556996fb8cb0431b37235d.jpg","contentUrl":"https:\/\/hubsch-interior.com\/wp-content\/uploads\/2026\/02\/disco-shelf-unit-large-natural-56d20db8dd556996fb8cb0431b37235d.jpg","width":1024,"height":1024},{"@type":"BreadcrumbList","@id":"https:\/\/hubsch-interior.com\/fr\/produit\/disco-etagere-large-naturel\/#breadcrumb","itemListElement":[{"@type":"ListItem","position":1,"name":"Page d'accueil","item":"https:\/\/hubsch-interior.com\/fr\/"},{"@type":"ListItem","position":2,"name":"Produits","item":"https:\/\/hubsch-interior.com\/fr\/shop-2\/"},{"@type":"ListItem","position":3,"name":"Disco \u00c9tag\u00e8re Large Naturel"}]},{"@type":"WebSite","@id":"https:\/\/hubsch-interior.com\/fr\/#website","url":"https:\/\/hubsch-interior.com\/fr\/","name":"H\u00fcbsch","description":"Danish Home Interior and Design","publisher":{"@id":"https:\/\/hubsch-interior.com\/fr\/#organization"},"potentialAction":[{"@type":"SearchAction","target":{"@type":"EntryPoint","urlTemplate":"https:\/\/hubsch-interior.com\/fr\/?s={search_term_string}"},"query-input":{"@type":"PropertyValueSpecification","valueRequired":true,"valueName":"search_term_string"}}],"inLanguage":"fr-FR"},{"@type":"Organization","@id":"https:\/\/hubsch-interior.com\/fr\/#organization","name":"H\u00fcbsch","url":"https:\/\/hubsch-interior.com\/fr\/","logo":{"@type":"ImageObject","inLanguage":"fr-FR","@id":"https:\/\/hubsch-interior.com\/fr\/#\/schema\/logo\/image\/","url":"https:\/\/hubsch-interior.com\/wp-content\/uploads\/2022\/12\/Hubsch_logo_black_one_line.svg","contentUrl":"https:\/\/hubsch-interior.com\/wp-content\/uploads\/2022\/12\/Hubsch_logo_black_one_line.svg","caption":"H\u00fcbsch"},"image":{"@id":"https:\/\/hubsch-interior.com\/fr\/#\/schema\/logo\/image\/"}}]}},"_links":{"self":[{"href":"https:\/\/hubsch-interior.com\/fr\/wp-json\/wp\/v2\/product\/1080413","targetHints":{"allow":["GET"]}}],"collection":[{"href":"https:\/\/hubsch-interior.com\/fr\/wp-json\/wp\/v2\/product"}],"about":[{"href":"https:\/\/hubsch-interior.com\/fr\/wp-json\/wp\/v2\/types\/product"}],"wp:featuredmedia":[{"embeddable":true,"href":"https:\/\/hubsch-interior.com\/fr\/wp-json\/wp\/v2\/media\/1111972"}],"wp:attachment":[{"href":"https:\/\/hubsch-interior.com\/fr\/wp-json\/wp\/v2\/media?parent=1080413"}],"wp:term":[{"taxonomy":"product_brand","embeddable":true,"href":"https:\/\/hubsch-interior.com\/fr\/wp-json\/wp\/v2\/product_brand?post=1080413"},{"taxonomy":"product_cat","embeddable":true,"href":"https:\/\/hubsch-interior.com\/fr\/wp-json\/wp\/v2\/product_cat?post=1080413"},{"taxonomy":"product_tag","embeddable":true,"href":"https:\/\/hubsch-interior.com\/fr\/wp-json\/wp\/v2\/product_tag?post=1080413"}],"curies":[{"name":"wp","href":"https:\/\/api.w.org\/{rel}","templated":true}]}}