{"id":1080433,"date":"2026-01-22T12:06:33","date_gmt":"2026-01-22T11:06:33","guid":{"rendered":"https:\/\/hubsch-interior.com\/product\/product\/"},"modified":"2026-04-05T05:28:03","modified_gmt":"2026-04-05T03:28:03","slug":"soba-canape-gris-clair","status":"publish","type":"product","link":"https:\/\/hubsch-interior.com\/fr\/produit\/soba-canape-gris-clair\/","title":{"rendered":"Soba Canap\u00e9 Gris clair"},"content":{"rendered":"<p>Le Canap\u00e9 Soba, dans un textile sophistiqu\u00e9 de m\u00e9lange gris fonc\u00e9, cr\u00e9e le refuge parfait pour des soir\u00e9es cosy. Certifi\u00e9 OEKO-TEX\u00ae STANDARD 100, il garantit que seuls les mat\u00e9riaux les plus s\u00fbrs entrent en contact avec votre peau. Id\u00e9al pour les petits espaces, ce canap\u00e9 2 places offre une \u00e9chapp\u00e9e invitante avec son \u00e9treinte irr\u00e9sistiblement douce et confortable. Laissez le Canap\u00e9 Soba allier d\u00e9tente et style raffin\u00e9, transformant votre espace de vie en un v\u00e9ritable sanctuaire de confort.<\/p>\n","protected":false},"excerpt":{"rendered":"<p>Le Canap\u00e9 Soba, dans un textile sophistiqu\u00e9 de m\u00e9lange gris fonc\u00e9, cr\u00e9e le refuge parfait pour des soir\u00e9es cosy. Certifi\u00e9 OEKO-TEX\u00ae STANDARD 100, il garantit que seuls les mat\u00e9riaux les plus s\u00fbrs entrent en contact avec votre peau. Id\u00e9al pour les petits espaces, ce canap\u00e9 2 places offre une \u00e9chapp\u00e9e invitante avec son \u00e9treinte irr\u00e9sistiblement [&hellip;]<\/p>\n","protected":false},"featured_media":1116199,"template":"","meta":{"_acf_changed":false,"inline_featured_image":false},"product_brand":[],"product_cat":[7154,2843,4199,5046],"product_tag":[],"class_list":{"0":"post-1080433","1":"product","2":"type-product","3":"status-publish","4":"has-post-thumbnail","6":"product_cat-dweller-fr","7":"product_cat-assises-fr","8":"product_cat-canapes-lits-de-jour-fr","9":"product_cat-nouveautes-fr","10":"product_shipping_class-p10","12":"pa_color-gris-clair-2","13":"pa_material-polyester-100-fr","14":"pa_material-contre-plaqu","16":"first","17":"instock","18":"taxable","19":"shipping-taxable","20":"purchasable","21":"product-type-simple"},"exclude_global_add_ons":[],"addons":[],"acf":[],"yoast_head":"<!-- This site is optimized with the Yoast SEO plugin v26.4 - https:\/\/yoast.com\/wordpress\/plugins\/seo\/ -->\n<title>Soba Canap\u00e9 Gris clair - H\u00fcbsch<\/title>\n<meta name=\"description\" content=\"Le Canap\u00e9 Soba, dans un textile sophistiqu\u00e9 de m\u00e9lange gris fonc\u00e9, cr\u00e9e le refuge parfait pour des soir\u00e9es cosy. Certifi\u00e9 OEKO-TEX\u00ae STANDARD 100, il\" \/>\n<meta name=\"robots\" content=\"index, follow, max-snippet:-1, max-image-preview:large, max-video-preview:-1\" \/>\n<link rel=\"canonical\" href=\"https:\/\/hubsch-interior.com\/fr\/wp-json\/wp\/v2\/product\/1080433\" \/>\n<meta property=\"og:locale\" content=\"fr_FR\" \/>\n<meta property=\"og:type\" content=\"article\" \/>\n<meta property=\"og:title\" content=\"Soba Canap\u00e9 Gris clair - H\u00fcbsch\" \/>\n<meta property=\"og:description\" content=\"Le Canap\u00e9 Soba, dans un textile sophistiqu\u00e9 de m\u00e9lange gris fonc\u00e9, cr\u00e9e le refuge parfait pour des soir\u00e9es cosy. Certifi\u00e9 OEKO-TEX\u00ae STANDARD 100, il\" \/>\n<meta property=\"og:url\" content=\"https:\/\/hubsch-interior.com\/fr\/produit\/soba-canape-gris-clair\/\" \/>\n<meta property=\"og:site_name\" content=\"H\u00fcbsch\" \/>\n<meta property=\"article:modified_time\" content=\"2026-04-05T03:28:03+00:00\" \/>\n<meta property=\"og:image\" content=\"https:\/\/hubsch-interior.com\/wp-content\/uploads\/2026\/01\/soba-sofa-light-grey-4f4cd6deba8ac2edb46059320b4f8663.jpg\" \/>\n\t<meta property=\"og:image:width\" content=\"1200\" \/>\n\t<meta property=\"og:image:height\" content=\"1200\" \/>\n\t<meta property=\"og:image:type\" content=\"image\/jpeg\" \/>\n<meta name=\"twitter:card\" content=\"summary_large_image\" \/>\n<script type=\"application\/ld+json\" class=\"yoast-schema-graph\">{\"@context\":\"https:\/\/schema.org\",\"@graph\":[{\"@type\":\"WebPage\",\"@id\":\"https:\/\/hubsch-interior.com\/fr\/produit\/soba-canape-gris-clair\/\",\"url\":\"https:\/\/hubsch-interior.com\/fr\/produit\/soba-canape-gris-clair\/\",\"name\":\"Soba Canap\u00e9 Gris clair - H\u00fcbsch\",\"isPartOf\":{\"@id\":\"https:\/\/hubsch-interior.com\/fr\/#website\"},\"primaryImageOfPage\":{\"@id\":\"https:\/\/hubsch-interior.com\/fr\/produit\/soba-canape-gris-clair\/#primaryimage\"},\"image\":{\"@id\":\"https:\/\/hubsch-interior.com\/fr\/produit\/soba-canape-gris-clair\/#primaryimage\"},\"thumbnailUrl\":\"https:\/\/hubsch-interior.com\/wp-content\/uploads\/2026\/04\/soba-sofa-light-grey-13314f5763db71347374e37b3d604c98.jpg\",\"datePublished\":\"2026-01-22T11:06:33+00:00\",\"dateModified\":\"2026-04-05T03:28:03+00:00\",\"description\":\"Le Canap\u00e9 Soba, dans un textile sophistiqu\u00e9 de m\u00e9lange gris fonc\u00e9, cr\u00e9e le refuge parfait pour des soir\u00e9es cosy. Certifi\u00e9 OEKO-TEX\u00ae STANDARD 100, il\",\"breadcrumb\":{\"@id\":\"https:\/\/hubsch-interior.com\/fr\/produit\/soba-canape-gris-clair\/#breadcrumb\"},\"inLanguage\":\"fr-FR\",\"potentialAction\":[{\"@type\":\"ReadAction\",\"target\":[\"https:\/\/hubsch-interior.com\/fr\/produit\/soba-canape-gris-clair\/\"]}]},{\"@type\":\"ImageObject\",\"inLanguage\":\"fr-FR\",\"@id\":\"https:\/\/hubsch-interior.com\/fr\/produit\/soba-canape-gris-clair\/#primaryimage\",\"url\":\"https:\/\/hubsch-interior.com\/wp-content\/uploads\/2026\/04\/soba-sofa-light-grey-13314f5763db71347374e37b3d604c98.jpg\",\"contentUrl\":\"https:\/\/hubsch-interior.com\/wp-content\/uploads\/2026\/04\/soba-sofa-light-grey-13314f5763db71347374e37b3d604c98.jpg\",\"width\":1024,\"height\":1024},{\"@type\":\"BreadcrumbList\",\"@id\":\"https:\/\/hubsch-interior.com\/fr\/produit\/soba-canape-gris-clair\/#breadcrumb\",\"itemListElement\":[{\"@type\":\"ListItem\",\"position\":1,\"name\":\"Page d'accueil\",\"item\":\"https:\/\/hubsch-interior.com\/fr\/\"},{\"@type\":\"ListItem\",\"position\":2,\"name\":\"Produits\",\"item\":\"https:\/\/hubsch-interior.com\/fr\/shop-2\/\"},{\"@type\":\"ListItem\",\"position\":3,\"name\":\"Soba Canap\u00e9 Gris clair\"}]},{\"@type\":\"WebSite\",\"@id\":\"https:\/\/hubsch-interior.com\/fr\/#website\",\"url\":\"https:\/\/hubsch-interior.com\/fr\/\",\"name\":\"H\u00fcbsch\",\"description\":\"Danish Home Interior and Design\",\"publisher\":{\"@id\":\"https:\/\/hubsch-interior.com\/fr\/#organization\"},\"potentialAction\":[{\"@type\":\"SearchAction\",\"target\":{\"@type\":\"EntryPoint\",\"urlTemplate\":\"https:\/\/hubsch-interior.com\/fr\/?s={search_term_string}\"},\"query-input\":{\"@type\":\"PropertyValueSpecification\",\"valueRequired\":true,\"valueName\":\"search_term_string\"}}],\"inLanguage\":\"fr-FR\"},{\"@type\":\"Organization\",\"@id\":\"https:\/\/hubsch-interior.com\/fr\/#organization\",\"name\":\"H\u00fcbsch\",\"url\":\"https:\/\/hubsch-interior.com\/fr\/\",\"logo\":{\"@type\":\"ImageObject\",\"inLanguage\":\"fr-FR\",\"@id\":\"https:\/\/hubsch-interior.com\/fr\/#\/schema\/logo\/image\/\",\"url\":\"https:\/\/hubsch-interior.com\/wp-content\/uploads\/2022\/12\/Hubsch_logo_black_one_line.svg\",\"contentUrl\":\"https:\/\/hubsch-interior.com\/wp-content\/uploads\/2022\/12\/Hubsch_logo_black_one_line.svg\",\"caption\":\"H\u00fcbsch\"},\"image\":{\"@id\":\"https:\/\/hubsch-interior.com\/fr\/#\/schema\/logo\/image\/\"}}]}<\/script>\n<!-- \/ Yoast SEO plugin. -->","yoast_head_json":{"title":"Soba Canap\u00e9 Gris clair - H\u00fcbsch","description":"Le Canap\u00e9 Soba, dans un textile sophistiqu\u00e9 de m\u00e9lange gris fonc\u00e9, cr\u00e9e le refuge parfait pour des soir\u00e9es cosy. Certifi\u00e9 OEKO-TEX\u00ae STANDARD 100, il","robots":{"index":"index","follow":"follow","max-snippet":"max-snippet:-1","max-image-preview":"max-image-preview:large","max-video-preview":"max-video-preview:-1"},"canonical":"https:\/\/hubsch-interior.com\/fr\/wp-json\/wp\/v2\/product\/1080433","og_locale":"fr_FR","og_type":"article","og_title":"Soba Canap\u00e9 Gris clair - H\u00fcbsch","og_description":"Le Canap\u00e9 Soba, dans un textile sophistiqu\u00e9 de m\u00e9lange gris fonc\u00e9, cr\u00e9e le refuge parfait pour des soir\u00e9es cosy. Certifi\u00e9 OEKO-TEX\u00ae STANDARD 100, il","og_url":"https:\/\/hubsch-interior.com\/fr\/produit\/soba-canape-gris-clair\/","og_site_name":"H\u00fcbsch","article_modified_time":"2026-04-05T03:28:03+00:00","og_image":[{"width":1200,"height":1200,"url":"https:\/\/hubsch-interior.com\/wp-content\/uploads\/2026\/01\/soba-sofa-light-grey-4f4cd6deba8ac2edb46059320b4f8663.jpg","type":"image\/jpeg"}],"twitter_card":"summary_large_image","schema":{"@context":"https:\/\/schema.org","@graph":[{"@type":"WebPage","@id":"https:\/\/hubsch-interior.com\/fr\/produit\/soba-canape-gris-clair\/","url":"https:\/\/hubsch-interior.com\/fr\/produit\/soba-canape-gris-clair\/","name":"Soba Canap\u00e9 Gris clair - H\u00fcbsch","isPartOf":{"@id":"https:\/\/hubsch-interior.com\/fr\/#website"},"primaryImageOfPage":{"@id":"https:\/\/hubsch-interior.com\/fr\/produit\/soba-canape-gris-clair\/#primaryimage"},"image":{"@id":"https:\/\/hubsch-interior.com\/fr\/produit\/soba-canape-gris-clair\/#primaryimage"},"thumbnailUrl":"https:\/\/hubsch-interior.com\/wp-content\/uploads\/2026\/04\/soba-sofa-light-grey-13314f5763db71347374e37b3d604c98.jpg","datePublished":"2026-01-22T11:06:33+00:00","dateModified":"2026-04-05T03:28:03+00:00","description":"Le Canap\u00e9 Soba, dans un textile sophistiqu\u00e9 de m\u00e9lange gris fonc\u00e9, cr\u00e9e le refuge parfait pour des soir\u00e9es cosy. Certifi\u00e9 OEKO-TEX\u00ae STANDARD 100, il","breadcrumb":{"@id":"https:\/\/hubsch-interior.com\/fr\/produit\/soba-canape-gris-clair\/#breadcrumb"},"inLanguage":"fr-FR","potentialAction":[{"@type":"ReadAction","target":["https:\/\/hubsch-interior.com\/fr\/produit\/soba-canape-gris-clair\/"]}]},{"@type":"ImageObject","inLanguage":"fr-FR","@id":"https:\/\/hubsch-interior.com\/fr\/produit\/soba-canape-gris-clair\/#primaryimage","url":"https:\/\/hubsch-interior.com\/wp-content\/uploads\/2026\/04\/soba-sofa-light-grey-13314f5763db71347374e37b3d604c98.jpg","contentUrl":"https:\/\/hubsch-interior.com\/wp-content\/uploads\/2026\/04\/soba-sofa-light-grey-13314f5763db71347374e37b3d604c98.jpg","width":1024,"height":1024},{"@type":"BreadcrumbList","@id":"https:\/\/hubsch-interior.com\/fr\/produit\/soba-canape-gris-clair\/#breadcrumb","itemListElement":[{"@type":"ListItem","position":1,"name":"Page d'accueil","item":"https:\/\/hubsch-interior.com\/fr\/"},{"@type":"ListItem","position":2,"name":"Produits","item":"https:\/\/hubsch-interior.com\/fr\/shop-2\/"},{"@type":"ListItem","position":3,"name":"Soba Canap\u00e9 Gris clair"}]},{"@type":"WebSite","@id":"https:\/\/hubsch-interior.com\/fr\/#website","url":"https:\/\/hubsch-interior.com\/fr\/","name":"H\u00fcbsch","description":"Danish Home Interior and Design","publisher":{"@id":"https:\/\/hubsch-interior.com\/fr\/#organization"},"potentialAction":[{"@type":"SearchAction","target":{"@type":"EntryPoint","urlTemplate":"https:\/\/hubsch-interior.com\/fr\/?s={search_term_string}"},"query-input":{"@type":"PropertyValueSpecification","valueRequired":true,"valueName":"search_term_string"}}],"inLanguage":"fr-FR"},{"@type":"Organization","@id":"https:\/\/hubsch-interior.com\/fr\/#organization","name":"H\u00fcbsch","url":"https:\/\/hubsch-interior.com\/fr\/","logo":{"@type":"ImageObject","inLanguage":"fr-FR","@id":"https:\/\/hubsch-interior.com\/fr\/#\/schema\/logo\/image\/","url":"https:\/\/hubsch-interior.com\/wp-content\/uploads\/2022\/12\/Hubsch_logo_black_one_line.svg","contentUrl":"https:\/\/hubsch-interior.com\/wp-content\/uploads\/2022\/12\/Hubsch_logo_black_one_line.svg","caption":"H\u00fcbsch"},"image":{"@id":"https:\/\/hubsch-interior.com\/fr\/#\/schema\/logo\/image\/"}}]}},"_links":{"self":[{"href":"https:\/\/hubsch-interior.com\/fr\/wp-json\/wp\/v2\/product\/1080433","targetHints":{"allow":["GET"]}}],"collection":[{"href":"https:\/\/hubsch-interior.com\/fr\/wp-json\/wp\/v2\/product"}],"about":[{"href":"https:\/\/hubsch-interior.com\/fr\/wp-json\/wp\/v2\/types\/product"}],"wp:featuredmedia":[{"embeddable":true,"href":"https:\/\/hubsch-interior.com\/fr\/wp-json\/wp\/v2\/media\/1116199"}],"wp:attachment":[{"href":"https:\/\/hubsch-interior.com\/fr\/wp-json\/wp\/v2\/media?parent=1080433"}],"wp:term":[{"taxonomy":"product_brand","embeddable":true,"href":"https:\/\/hubsch-interior.com\/fr\/wp-json\/wp\/v2\/product_brand?post=1080433"},{"taxonomy":"product_cat","embeddable":true,"href":"https:\/\/hubsch-interior.com\/fr\/wp-json\/wp\/v2\/product_cat?post=1080433"},{"taxonomy":"product_tag","embeddable":true,"href":"https:\/\/hubsch-interior.com\/fr\/wp-json\/wp\/v2\/product_tag?post=1080433"}],"curies":[{"name":"wp","href":"https:\/\/api.w.org\/{rel}","templated":true}]}}