{"id":1087624,"date":"2026-01-31T03:59:13","date_gmt":"2026-01-31T02:59:13","guid":{"rendered":"https:\/\/hubsch-interior.com\/product\/product\/"},"modified":"2026-04-05T04:39:51","modified_gmt":"2026-04-05T02:39:51","slug":"triple-vases-vert-transparent-set-de-3","status":"publish","type":"product","link":"https:\/\/hubsch-interior.com\/fr\/produit\/triple-vases-vert-transparent-set-de-3\/","title":{"rendered":"Triple Vases Vert\/Transparent (set de 3)"},"content":{"rendered":"<p>Verres sculpturaux avec une touche ludique. Les **Vases Triples** invitent la palette de la nature \u00e0 l&#8217;int\u00e9rieur, avec des nuances tonales qui \u00e9voquent des ciels calmes, des pierres douces et une lumi\u00e8re changeante. Fa\u00e7onn\u00e9s \u00e0 la main dans du verre color\u00e9, ils sont aussi beaux vides que remplis \u2014 des objets \u00e9l\u00e9gants qui suscitent la curiosit\u00e9 et la conversation. Empilez-les, dispersez-les, ou laissez-en un briller seul. Quelle que soit leur disposition, ils apportent un rythme paisible et un caract\u00e8re joyeux \u00e0 votre quotidien.<\/p>\n","protected":false},"excerpt":{"rendered":"<p>Verres sculpturaux avec une touche ludique. Les **Vases Triples** invitent la palette de la nature \u00e0 l&#8217;int\u00e9rieur, avec des nuances tonales qui \u00e9voquent des ciels calmes, des pierres douces et une lumi\u00e8re changeante. Fa\u00e7onn\u00e9s \u00e0 la main dans du verre color\u00e9, ils sont aussi beaux vides que remplis \u2014 des objets \u00e9l\u00e9gants qui suscitent la [&hellip;]<\/p>\n","protected":false},"featured_media":1099588,"template":"","meta":{"_acf_changed":false,"inline_featured_image":false},"product_brand":[],"product_cat":[7154,6971,3154,5080,5026,5046,6535],"product_tag":[],"class_list":{"0":"post-1087624","1":"product","2":"type-product","3":"status-publish","4":"has-post-thumbnail","6":"product_cat-dweller-fr","7":"product_cat-paques","8":"product_cat-vases-fr","9":"product_cat-maintenant-en-stock-fr","10":"product_cat-bestsellers-fr","11":"product_cat-nouveautes-fr","12":"product_cat-outlet-fr","13":"product_shipping_class-pk","15":"pa_color-transparent","16":"pa_color-vert-2","17":"pa_material-verre-fr","19":"first","20":"instock","21":"sale","22":"featured","23":"taxable","24":"shipping-taxable","25":"purchasable","26":"product-type-simple"},"exclude_global_add_ons":[],"addons":[],"acf":[],"yoast_head":"<!-- This site is optimized with the Yoast SEO plugin v26.4 - https:\/\/yoast.com\/wordpress\/plugins\/seo\/ -->\n<title>Triple Vases Vert\/Transparent (set de 3) - H\u00fcbsch<\/title>\n<meta name=\"description\" content=\"Verres sculpturaux avec une touche ludique. Les **Vases Triples** invitent la palette de la nature \u00e0 l&#039;int\u00e9rieur, avec des nuances tonales qui \u00e9voquent\" \/>\n<meta name=\"robots\" content=\"index, follow, max-snippet:-1, max-image-preview:large, max-video-preview:-1\" \/>\n<link rel=\"canonical\" href=\"https:\/\/hubsch-interior.com\/fr\/wp-json\/wp\/v2\/product\/1087624\" \/>\n<meta property=\"og:locale\" content=\"fr_FR\" \/>\n<meta property=\"og:type\" content=\"article\" \/>\n<meta property=\"og:title\" content=\"Triple Vases Vert\/Transparent (set de 3) - H\u00fcbsch\" \/>\n<meta property=\"og:description\" content=\"Verres sculpturaux avec une touche ludique. Les **Vases Triples** invitent la palette de la nature \u00e0 l&#039;int\u00e9rieur, avec des nuances tonales qui \u00e9voquent\" \/>\n<meta property=\"og:url\" content=\"https:\/\/hubsch-interior.com\/fr\/produit\/triple-vases-vert-transparent-set-de-3\/\" \/>\n<meta property=\"og:site_name\" content=\"H\u00fcbsch\" \/>\n<meta property=\"article:modified_time\" content=\"2026-04-05T02:39:51+00:00\" \/>\n<meta property=\"og:image\" content=\"https:\/\/hubsch-interior.com\/wp-content\/uploads\/2026\/01\/triple-vases-greenclear-set-of-3-3b0d07ddedac7cf6045ca1baac8deede.jpg\" \/>\n\t<meta property=\"og:image:width\" content=\"1200\" \/>\n\t<meta property=\"og:image:height\" content=\"1200\" \/>\n\t<meta property=\"og:image:type\" content=\"image\/jpeg\" \/>\n<meta name=\"twitter:card\" content=\"summary_large_image\" \/>\n<script type=\"application\/ld+json\" class=\"yoast-schema-graph\">{\"@context\":\"https:\/\/schema.org\",\"@graph\":[{\"@type\":\"WebPage\",\"@id\":\"https:\/\/hubsch-interior.com\/fr\/produit\/triple-vases-vert-transparent-set-de-3\/\",\"url\":\"https:\/\/hubsch-interior.com\/fr\/produit\/triple-vases-vert-transparent-set-de-3\/\",\"name\":\"Triple Vases Vert\/Transparent (set de 3) - H\u00fcbsch\",\"isPartOf\":{\"@id\":\"https:\/\/hubsch-interior.com\/fr\/#website\"},\"primaryImageOfPage\":{\"@id\":\"https:\/\/hubsch-interior.com\/fr\/produit\/triple-vases-vert-transparent-set-de-3\/#primaryimage\"},\"image\":{\"@id\":\"https:\/\/hubsch-interior.com\/fr\/produit\/triple-vases-vert-transparent-set-de-3\/#primaryimage\"},\"thumbnailUrl\":\"https:\/\/hubsch-interior.com\/wp-content\/uploads\/2026\/02\/triple-vases-greenclear-set-of-3-512e814a65350fa2a3e708055d659ba2.jpg\",\"datePublished\":\"2026-01-31T02:59:13+00:00\",\"dateModified\":\"2026-04-05T02:39:51+00:00\",\"description\":\"Verres sculpturaux avec une touche ludique. Les **Vases Triples** invitent la palette de la nature \u00e0 l'int\u00e9rieur, avec des nuances tonales qui \u00e9voquent\",\"breadcrumb\":{\"@id\":\"https:\/\/hubsch-interior.com\/fr\/produit\/triple-vases-vert-transparent-set-de-3\/#breadcrumb\"},\"inLanguage\":\"fr-FR\",\"potentialAction\":[{\"@type\":\"ReadAction\",\"target\":[\"https:\/\/hubsch-interior.com\/fr\/produit\/triple-vases-vert-transparent-set-de-3\/\"]}]},{\"@type\":\"ImageObject\",\"inLanguage\":\"fr-FR\",\"@id\":\"https:\/\/hubsch-interior.com\/fr\/produit\/triple-vases-vert-transparent-set-de-3\/#primaryimage\",\"url\":\"https:\/\/hubsch-interior.com\/wp-content\/uploads\/2026\/02\/triple-vases-greenclear-set-of-3-512e814a65350fa2a3e708055d659ba2.jpg\",\"contentUrl\":\"https:\/\/hubsch-interior.com\/wp-content\/uploads\/2026\/02\/triple-vases-greenclear-set-of-3-512e814a65350fa2a3e708055d659ba2.jpg\",\"width\":1024,\"height\":1024},{\"@type\":\"BreadcrumbList\",\"@id\":\"https:\/\/hubsch-interior.com\/fr\/produit\/triple-vases-vert-transparent-set-de-3\/#breadcrumb\",\"itemListElement\":[{\"@type\":\"ListItem\",\"position\":1,\"name\":\"Page d'accueil\",\"item\":\"https:\/\/hubsch-interior.com\/fr\/\"},{\"@type\":\"ListItem\",\"position\":2,\"name\":\"Produits\",\"item\":\"https:\/\/hubsch-interior.com\/fr\/shop-2\/\"},{\"@type\":\"ListItem\",\"position\":3,\"name\":\"Accessoires maison\",\"item\":\"https:\/\/hubsch-interior.com\/fr\/categorie-produit\/accessoires-maison\/\"},{\"@type\":\"ListItem\",\"position\":4,\"name\":\"Vases\",\"item\":\"https:\/\/hubsch-interior.com\/fr\/categorie-produit\/accessoires-maison\/vases-fr\/\"},{\"@type\":\"ListItem\",\"position\":5,\"name\":\"Triple Vases Vert\/Transparent (set de 3)\"}]},{\"@type\":\"WebSite\",\"@id\":\"https:\/\/hubsch-interior.com\/fr\/#website\",\"url\":\"https:\/\/hubsch-interior.com\/fr\/\",\"name\":\"H\u00fcbsch\",\"description\":\"Danish Home Interior and Design\",\"publisher\":{\"@id\":\"https:\/\/hubsch-interior.com\/fr\/#organization\"},\"potentialAction\":[{\"@type\":\"SearchAction\",\"target\":{\"@type\":\"EntryPoint\",\"urlTemplate\":\"https:\/\/hubsch-interior.com\/fr\/?s={search_term_string}\"},\"query-input\":{\"@type\":\"PropertyValueSpecification\",\"valueRequired\":true,\"valueName\":\"search_term_string\"}}],\"inLanguage\":\"fr-FR\"},{\"@type\":\"Organization\",\"@id\":\"https:\/\/hubsch-interior.com\/fr\/#organization\",\"name\":\"H\u00fcbsch\",\"url\":\"https:\/\/hubsch-interior.com\/fr\/\",\"logo\":{\"@type\":\"ImageObject\",\"inLanguage\":\"fr-FR\",\"@id\":\"https:\/\/hubsch-interior.com\/fr\/#\/schema\/logo\/image\/\",\"url\":\"https:\/\/hubsch-interior.com\/wp-content\/uploads\/2022\/12\/Hubsch_logo_black_one_line.svg\",\"contentUrl\":\"https:\/\/hubsch-interior.com\/wp-content\/uploads\/2022\/12\/Hubsch_logo_black_one_line.svg\",\"caption\":\"H\u00fcbsch\"},\"image\":{\"@id\":\"https:\/\/hubsch-interior.com\/fr\/#\/schema\/logo\/image\/\"}}]}<\/script>\n<!-- \/ Yoast SEO plugin. -->","yoast_head_json":{"title":"Triple Vases Vert\/Transparent (set de 3) - H\u00fcbsch","description":"Verres sculpturaux avec une touche ludique. Les **Vases Triples** invitent la palette de la nature \u00e0 l'int\u00e9rieur, avec des nuances tonales qui \u00e9voquent","robots":{"index":"index","follow":"follow","max-snippet":"max-snippet:-1","max-image-preview":"max-image-preview:large","max-video-preview":"max-video-preview:-1"},"canonical":"https:\/\/hubsch-interior.com\/fr\/wp-json\/wp\/v2\/product\/1087624","og_locale":"fr_FR","og_type":"article","og_title":"Triple Vases Vert\/Transparent (set de 3) - H\u00fcbsch","og_description":"Verres sculpturaux avec une touche ludique. Les **Vases Triples** invitent la palette de la nature \u00e0 l'int\u00e9rieur, avec des nuances tonales qui \u00e9voquent","og_url":"https:\/\/hubsch-interior.com\/fr\/produit\/triple-vases-vert-transparent-set-de-3\/","og_site_name":"H\u00fcbsch","article_modified_time":"2026-04-05T02:39:51+00:00","og_image":[{"width":1200,"height":1200,"url":"https:\/\/hubsch-interior.com\/wp-content\/uploads\/2026\/01\/triple-vases-greenclear-set-of-3-3b0d07ddedac7cf6045ca1baac8deede.jpg","type":"image\/jpeg"}],"twitter_card":"summary_large_image","schema":{"@context":"https:\/\/schema.org","@graph":[{"@type":"WebPage","@id":"https:\/\/hubsch-interior.com\/fr\/produit\/triple-vases-vert-transparent-set-de-3\/","url":"https:\/\/hubsch-interior.com\/fr\/produit\/triple-vases-vert-transparent-set-de-3\/","name":"Triple Vases Vert\/Transparent (set de 3) - H\u00fcbsch","isPartOf":{"@id":"https:\/\/hubsch-interior.com\/fr\/#website"},"primaryImageOfPage":{"@id":"https:\/\/hubsch-interior.com\/fr\/produit\/triple-vases-vert-transparent-set-de-3\/#primaryimage"},"image":{"@id":"https:\/\/hubsch-interior.com\/fr\/produit\/triple-vases-vert-transparent-set-de-3\/#primaryimage"},"thumbnailUrl":"https:\/\/hubsch-interior.com\/wp-content\/uploads\/2026\/02\/triple-vases-greenclear-set-of-3-512e814a65350fa2a3e708055d659ba2.jpg","datePublished":"2026-01-31T02:59:13+00:00","dateModified":"2026-04-05T02:39:51+00:00","description":"Verres sculpturaux avec une touche ludique. Les **Vases Triples** invitent la palette de la nature \u00e0 l'int\u00e9rieur, avec des nuances tonales qui \u00e9voquent","breadcrumb":{"@id":"https:\/\/hubsch-interior.com\/fr\/produit\/triple-vases-vert-transparent-set-de-3\/#breadcrumb"},"inLanguage":"fr-FR","potentialAction":[{"@type":"ReadAction","target":["https:\/\/hubsch-interior.com\/fr\/produit\/triple-vases-vert-transparent-set-de-3\/"]}]},{"@type":"ImageObject","inLanguage":"fr-FR","@id":"https:\/\/hubsch-interior.com\/fr\/produit\/triple-vases-vert-transparent-set-de-3\/#primaryimage","url":"https:\/\/hubsch-interior.com\/wp-content\/uploads\/2026\/02\/triple-vases-greenclear-set-of-3-512e814a65350fa2a3e708055d659ba2.jpg","contentUrl":"https:\/\/hubsch-interior.com\/wp-content\/uploads\/2026\/02\/triple-vases-greenclear-set-of-3-512e814a65350fa2a3e708055d659ba2.jpg","width":1024,"height":1024},{"@type":"BreadcrumbList","@id":"https:\/\/hubsch-interior.com\/fr\/produit\/triple-vases-vert-transparent-set-de-3\/#breadcrumb","itemListElement":[{"@type":"ListItem","position":1,"name":"Page d'accueil","item":"https:\/\/hubsch-interior.com\/fr\/"},{"@type":"ListItem","position":2,"name":"Produits","item":"https:\/\/hubsch-interior.com\/fr\/shop-2\/"},{"@type":"ListItem","position":3,"name":"Accessoires maison","item":"https:\/\/hubsch-interior.com\/fr\/categorie-produit\/accessoires-maison\/"},{"@type":"ListItem","position":4,"name":"Vases","item":"https:\/\/hubsch-interior.com\/fr\/categorie-produit\/accessoires-maison\/vases-fr\/"},{"@type":"ListItem","position":5,"name":"Triple Vases Vert\/Transparent (set de 3)"}]},{"@type":"WebSite","@id":"https:\/\/hubsch-interior.com\/fr\/#website","url":"https:\/\/hubsch-interior.com\/fr\/","name":"H\u00fcbsch","description":"Danish Home Interior and Design","publisher":{"@id":"https:\/\/hubsch-interior.com\/fr\/#organization"},"potentialAction":[{"@type":"SearchAction","target":{"@type":"EntryPoint","urlTemplate":"https:\/\/hubsch-interior.com\/fr\/?s={search_term_string}"},"query-input":{"@type":"PropertyValueSpecification","valueRequired":true,"valueName":"search_term_string"}}],"inLanguage":"fr-FR"},{"@type":"Organization","@id":"https:\/\/hubsch-interior.com\/fr\/#organization","name":"H\u00fcbsch","url":"https:\/\/hubsch-interior.com\/fr\/","logo":{"@type":"ImageObject","inLanguage":"fr-FR","@id":"https:\/\/hubsch-interior.com\/fr\/#\/schema\/logo\/image\/","url":"https:\/\/hubsch-interior.com\/wp-content\/uploads\/2022\/12\/Hubsch_logo_black_one_line.svg","contentUrl":"https:\/\/hubsch-interior.com\/wp-content\/uploads\/2022\/12\/Hubsch_logo_black_one_line.svg","caption":"H\u00fcbsch"},"image":{"@id":"https:\/\/hubsch-interior.com\/fr\/#\/schema\/logo\/image\/"}}]}},"_links":{"self":[{"href":"https:\/\/hubsch-interior.com\/fr\/wp-json\/wp\/v2\/product\/1087624","targetHints":{"allow":["GET"]}}],"collection":[{"href":"https:\/\/hubsch-interior.com\/fr\/wp-json\/wp\/v2\/product"}],"about":[{"href":"https:\/\/hubsch-interior.com\/fr\/wp-json\/wp\/v2\/types\/product"}],"wp:featuredmedia":[{"embeddable":true,"href":"https:\/\/hubsch-interior.com\/fr\/wp-json\/wp\/v2\/media\/1099588"}],"wp:attachment":[{"href":"https:\/\/hubsch-interior.com\/fr\/wp-json\/wp\/v2\/media?parent=1087624"}],"wp:term":[{"taxonomy":"product_brand","embeddable":true,"href":"https:\/\/hubsch-interior.com\/fr\/wp-json\/wp\/v2\/product_brand?post=1087624"},{"taxonomy":"product_cat","embeddable":true,"href":"https:\/\/hubsch-interior.com\/fr\/wp-json\/wp\/v2\/product_cat?post=1087624"},{"taxonomy":"product_tag","embeddable":true,"href":"https:\/\/hubsch-interior.com\/fr\/wp-json\/wp\/v2\/product_tag?post=1087624"}],"curies":[{"name":"wp","href":"https:\/\/api.w.org\/{rel}","templated":true}]}}