{"id":1087736,"date":"2026-01-31T04:00:16","date_gmt":"2026-01-31T03:00:16","guid":{"rendered":"https:\/\/hubsch-interior.com\/product\/product\/"},"modified":"2026-04-05T04:40:12","modified_gmt":"2026-04-05T02:40:12","slug":"orbit-vases-ambre-vert-clair-bleu-set-de-3","status":"publish","type":"product","link":"https:\/\/hubsch-interior.com\/fr\/produit\/orbit-vases-ambre-vert-clair-bleu-set-de-3\/","title":{"rendered":"Orbit Vases Ambre\/Vert Clair\/Bleu (set de 3)"},"content":{"rendered":"<p>De petite taille, mais au caract\u00e8re affirm\u00e9, les Vases Orbit Petits sont les derniers n\u00e9s de la famille Orbit. Chacun est fait \u00e0 la main en verre, orn\u00e9 de fines bandes color\u00e9es qui s&#8217;enroulent en une expression graphique ludique. Aucun vase n&#8217;est parfaitement identique \u00e0 un autre, conf\u00e9rant \u00e0 chaque pi\u00e8ce un charme unique. Exposez une seule tige ou regroupez-en plusieurs pour un effet renforc\u00e9 \u2014 ces petites sculptures apportent une \u00e9nergie joyeuse et une personnalit\u00e9 artisanale \u00e0 n&#8217;importe quel coin de votre maison.<\/p>\n","protected":false},"excerpt":{"rendered":"<p>De petite taille, mais au caract\u00e8re affirm\u00e9, les Vases Orbit Petits sont les derniers n\u00e9s de la famille Orbit. Chacun est fait \u00e0 la main en verre, orn\u00e9 de fines bandes color\u00e9es qui s&#8217;enroulent en une expression graphique ludique. Aucun vase n&#8217;est parfaitement identique \u00e0 un autre, conf\u00e9rant \u00e0 chaque pi\u00e8ce un charme unique. Exposez [&hellip;]<\/p>\n","protected":false},"featured_media":1099688,"template":"","meta":{"_acf_changed":false,"inline_featured_image":false},"product_brand":[],"product_cat":[7154,6971,3154,5080,5046,6535],"product_tag":[],"class_list":{"0":"post-1087736","1":"product","2":"type-product","3":"status-publish","4":"has-post-thumbnail","6":"product_cat-dweller-fr","7":"product_cat-paques","8":"product_cat-vases-fr","9":"product_cat-maintenant-en-stock-fr","10":"product_cat-nouveautes-fr","11":"product_cat-outlet-fr","12":"product_shipping_class-pk","14":"pa_color-ambre","15":"pa_color-bleu-2","16":"pa_color-vert-clair-2","17":"pa_material-verre-fr","19":"first","20":"instock","21":"sale","22":"taxable","23":"shipping-taxable","24":"purchasable","25":"product-type-simple"},"exclude_global_add_ons":[],"addons":[],"acf":[],"yoast_head":"<!-- This site is optimized with the Yoast SEO plugin v26.4 - https:\/\/yoast.com\/wordpress\/plugins\/seo\/ -->\n<title>Orbit Vases Ambre\/Vert Clair\/Bleu (set de 3) - H\u00fcbsch<\/title>\n<meta name=\"description\" content=\"De petite taille, mais au caract\u00e8re affirm\u00e9, les Vases Orbit Petits sont les derniers n\u00e9s de la famille Orbit. Chacun est fait \u00e0 la main en verre, orn\u00e9 de\" \/>\n<meta name=\"robots\" content=\"index, follow, max-snippet:-1, max-image-preview:large, max-video-preview:-1\" \/>\n<link rel=\"canonical\" href=\"https:\/\/hubsch-interior.com\/fr\/wp-json\/wp\/v2\/product\/1087736\" \/>\n<meta property=\"og:locale\" content=\"fr_FR\" \/>\n<meta property=\"og:type\" content=\"article\" \/>\n<meta property=\"og:title\" content=\"Orbit Vases Ambre\/Vert Clair\/Bleu (set de 3) - H\u00fcbsch\" \/>\n<meta property=\"og:description\" content=\"De petite taille, mais au caract\u00e8re affirm\u00e9, les Vases Orbit Petits sont les derniers n\u00e9s de la famille Orbit. Chacun est fait \u00e0 la main en verre, orn\u00e9 de\" \/>\n<meta property=\"og:url\" content=\"https:\/\/hubsch-interior.com\/fr\/produit\/orbit-vases-ambre-vert-clair-bleu-set-de-3\/\" \/>\n<meta property=\"og:site_name\" content=\"H\u00fcbsch\" \/>\n<meta property=\"article:modified_time\" content=\"2026-04-05T02:40:12+00:00\" \/>\n<meta property=\"og:image\" content=\"https:\/\/hubsch-interior.com\/wp-content\/uploads\/2026\/01\/orbit-vases-amberlight-greenblue-set-of-3-8144f273efcd0f8eea93c6d3253b13fa.jpg\" \/>\n\t<meta property=\"og:image:width\" content=\"1200\" \/>\n\t<meta property=\"og:image:height\" content=\"1200\" \/>\n\t<meta property=\"og:image:type\" content=\"image\/jpeg\" \/>\n<meta name=\"twitter:card\" content=\"summary_large_image\" \/>\n<script type=\"application\/ld+json\" class=\"yoast-schema-graph\">{\"@context\":\"https:\/\/schema.org\",\"@graph\":[{\"@type\":\"WebPage\",\"@id\":\"https:\/\/hubsch-interior.com\/fr\/produit\/orbit-vases-ambre-vert-clair-bleu-set-de-3\/\",\"url\":\"https:\/\/hubsch-interior.com\/fr\/produit\/orbit-vases-ambre-vert-clair-bleu-set-de-3\/\",\"name\":\"Orbit Vases Ambre\/Vert Clair\/Bleu (set de 3) - H\u00fcbsch\",\"isPartOf\":{\"@id\":\"https:\/\/hubsch-interior.com\/fr\/#website\"},\"primaryImageOfPage\":{\"@id\":\"https:\/\/hubsch-interior.com\/fr\/produit\/orbit-vases-ambre-vert-clair-bleu-set-de-3\/#primaryimage\"},\"image\":{\"@id\":\"https:\/\/hubsch-interior.com\/fr\/produit\/orbit-vases-ambre-vert-clair-bleu-set-de-3\/#primaryimage\"},\"thumbnailUrl\":\"https:\/\/hubsch-interior.com\/wp-content\/uploads\/2026\/02\/orbit-vases-amberlight-greenblue-set-of-3-447219c86589e83f70266e7cbc7c2568.jpg\",\"datePublished\":\"2026-01-31T03:00:16+00:00\",\"dateModified\":\"2026-04-05T02:40:12+00:00\",\"description\":\"De petite taille, mais au caract\u00e8re affirm\u00e9, les Vases Orbit Petits sont les derniers n\u00e9s de la famille Orbit. Chacun est fait \u00e0 la main en verre, orn\u00e9 de\",\"breadcrumb\":{\"@id\":\"https:\/\/hubsch-interior.com\/fr\/produit\/orbit-vases-ambre-vert-clair-bleu-set-de-3\/#breadcrumb\"},\"inLanguage\":\"fr-FR\",\"potentialAction\":[{\"@type\":\"ReadAction\",\"target\":[\"https:\/\/hubsch-interior.com\/fr\/produit\/orbit-vases-ambre-vert-clair-bleu-set-de-3\/\"]}]},{\"@type\":\"ImageObject\",\"inLanguage\":\"fr-FR\",\"@id\":\"https:\/\/hubsch-interior.com\/fr\/produit\/orbit-vases-ambre-vert-clair-bleu-set-de-3\/#primaryimage\",\"url\":\"https:\/\/hubsch-interior.com\/wp-content\/uploads\/2026\/02\/orbit-vases-amberlight-greenblue-set-of-3-447219c86589e83f70266e7cbc7c2568.jpg\",\"contentUrl\":\"https:\/\/hubsch-interior.com\/wp-content\/uploads\/2026\/02\/orbit-vases-amberlight-greenblue-set-of-3-447219c86589e83f70266e7cbc7c2568.jpg\",\"width\":1024,\"height\":1024},{\"@type\":\"BreadcrumbList\",\"@id\":\"https:\/\/hubsch-interior.com\/fr\/produit\/orbit-vases-ambre-vert-clair-bleu-set-de-3\/#breadcrumb\",\"itemListElement\":[{\"@type\":\"ListItem\",\"position\":1,\"name\":\"Page d'accueil\",\"item\":\"https:\/\/hubsch-interior.com\/fr\/\"},{\"@type\":\"ListItem\",\"position\":2,\"name\":\"Produits\",\"item\":\"https:\/\/hubsch-interior.com\/fr\/shop-2\/\"},{\"@type\":\"ListItem\",\"position\":3,\"name\":\"Accessoires maison\",\"item\":\"https:\/\/hubsch-interior.com\/fr\/categorie-produit\/accessoires-maison\/\"},{\"@type\":\"ListItem\",\"position\":4,\"name\":\"Vases\",\"item\":\"https:\/\/hubsch-interior.com\/fr\/categorie-produit\/accessoires-maison\/vases-fr\/\"},{\"@type\":\"ListItem\",\"position\":5,\"name\":\"Orbit Vases Ambre\/Vert Clair\/Bleu (set de 3)\"}]},{\"@type\":\"WebSite\",\"@id\":\"https:\/\/hubsch-interior.com\/fr\/#website\",\"url\":\"https:\/\/hubsch-interior.com\/fr\/\",\"name\":\"H\u00fcbsch\",\"description\":\"Danish Home Interior and Design\",\"publisher\":{\"@id\":\"https:\/\/hubsch-interior.com\/fr\/#organization\"},\"potentialAction\":[{\"@type\":\"SearchAction\",\"target\":{\"@type\":\"EntryPoint\",\"urlTemplate\":\"https:\/\/hubsch-interior.com\/fr\/?s={search_term_string}\"},\"query-input\":{\"@type\":\"PropertyValueSpecification\",\"valueRequired\":true,\"valueName\":\"search_term_string\"}}],\"inLanguage\":\"fr-FR\"},{\"@type\":\"Organization\",\"@id\":\"https:\/\/hubsch-interior.com\/fr\/#organization\",\"name\":\"H\u00fcbsch\",\"url\":\"https:\/\/hubsch-interior.com\/fr\/\",\"logo\":{\"@type\":\"ImageObject\",\"inLanguage\":\"fr-FR\",\"@id\":\"https:\/\/hubsch-interior.com\/fr\/#\/schema\/logo\/image\/\",\"url\":\"https:\/\/hubsch-interior.com\/wp-content\/uploads\/2022\/12\/Hubsch_logo_black_one_line.svg\",\"contentUrl\":\"https:\/\/hubsch-interior.com\/wp-content\/uploads\/2022\/12\/Hubsch_logo_black_one_line.svg\",\"caption\":\"H\u00fcbsch\"},\"image\":{\"@id\":\"https:\/\/hubsch-interior.com\/fr\/#\/schema\/logo\/image\/\"}}]}<\/script>\n<!-- \/ Yoast SEO plugin. -->","yoast_head_json":{"title":"Orbit Vases Ambre\/Vert Clair\/Bleu (set de 3) - H\u00fcbsch","description":"De petite taille, mais au caract\u00e8re affirm\u00e9, les Vases Orbit Petits sont les derniers n\u00e9s de la famille Orbit. Chacun est fait \u00e0 la main en verre, orn\u00e9 de","robots":{"index":"index","follow":"follow","max-snippet":"max-snippet:-1","max-image-preview":"max-image-preview:large","max-video-preview":"max-video-preview:-1"},"canonical":"https:\/\/hubsch-interior.com\/fr\/wp-json\/wp\/v2\/product\/1087736","og_locale":"fr_FR","og_type":"article","og_title":"Orbit Vases Ambre\/Vert Clair\/Bleu (set de 3) - H\u00fcbsch","og_description":"De petite taille, mais au caract\u00e8re affirm\u00e9, les Vases Orbit Petits sont les derniers n\u00e9s de la famille Orbit. Chacun est fait \u00e0 la main en verre, orn\u00e9 de","og_url":"https:\/\/hubsch-interior.com\/fr\/produit\/orbit-vases-ambre-vert-clair-bleu-set-de-3\/","og_site_name":"H\u00fcbsch","article_modified_time":"2026-04-05T02:40:12+00:00","og_image":[{"width":1200,"height":1200,"url":"https:\/\/hubsch-interior.com\/wp-content\/uploads\/2026\/01\/orbit-vases-amberlight-greenblue-set-of-3-8144f273efcd0f8eea93c6d3253b13fa.jpg","type":"image\/jpeg"}],"twitter_card":"summary_large_image","schema":{"@context":"https:\/\/schema.org","@graph":[{"@type":"WebPage","@id":"https:\/\/hubsch-interior.com\/fr\/produit\/orbit-vases-ambre-vert-clair-bleu-set-de-3\/","url":"https:\/\/hubsch-interior.com\/fr\/produit\/orbit-vases-ambre-vert-clair-bleu-set-de-3\/","name":"Orbit Vases Ambre\/Vert Clair\/Bleu (set de 3) - H\u00fcbsch","isPartOf":{"@id":"https:\/\/hubsch-interior.com\/fr\/#website"},"primaryImageOfPage":{"@id":"https:\/\/hubsch-interior.com\/fr\/produit\/orbit-vases-ambre-vert-clair-bleu-set-de-3\/#primaryimage"},"image":{"@id":"https:\/\/hubsch-interior.com\/fr\/produit\/orbit-vases-ambre-vert-clair-bleu-set-de-3\/#primaryimage"},"thumbnailUrl":"https:\/\/hubsch-interior.com\/wp-content\/uploads\/2026\/02\/orbit-vases-amberlight-greenblue-set-of-3-447219c86589e83f70266e7cbc7c2568.jpg","datePublished":"2026-01-31T03:00:16+00:00","dateModified":"2026-04-05T02:40:12+00:00","description":"De petite taille, mais au caract\u00e8re affirm\u00e9, les Vases Orbit Petits sont les derniers n\u00e9s de la famille Orbit. Chacun est fait \u00e0 la main en verre, orn\u00e9 de","breadcrumb":{"@id":"https:\/\/hubsch-interior.com\/fr\/produit\/orbit-vases-ambre-vert-clair-bleu-set-de-3\/#breadcrumb"},"inLanguage":"fr-FR","potentialAction":[{"@type":"ReadAction","target":["https:\/\/hubsch-interior.com\/fr\/produit\/orbit-vases-ambre-vert-clair-bleu-set-de-3\/"]}]},{"@type":"ImageObject","inLanguage":"fr-FR","@id":"https:\/\/hubsch-interior.com\/fr\/produit\/orbit-vases-ambre-vert-clair-bleu-set-de-3\/#primaryimage","url":"https:\/\/hubsch-interior.com\/wp-content\/uploads\/2026\/02\/orbit-vases-amberlight-greenblue-set-of-3-447219c86589e83f70266e7cbc7c2568.jpg","contentUrl":"https:\/\/hubsch-interior.com\/wp-content\/uploads\/2026\/02\/orbit-vases-amberlight-greenblue-set-of-3-447219c86589e83f70266e7cbc7c2568.jpg","width":1024,"height":1024},{"@type":"BreadcrumbList","@id":"https:\/\/hubsch-interior.com\/fr\/produit\/orbit-vases-ambre-vert-clair-bleu-set-de-3\/#breadcrumb","itemListElement":[{"@type":"ListItem","position":1,"name":"Page d'accueil","item":"https:\/\/hubsch-interior.com\/fr\/"},{"@type":"ListItem","position":2,"name":"Produits","item":"https:\/\/hubsch-interior.com\/fr\/shop-2\/"},{"@type":"ListItem","position":3,"name":"Accessoires maison","item":"https:\/\/hubsch-interior.com\/fr\/categorie-produit\/accessoires-maison\/"},{"@type":"ListItem","position":4,"name":"Vases","item":"https:\/\/hubsch-interior.com\/fr\/categorie-produit\/accessoires-maison\/vases-fr\/"},{"@type":"ListItem","position":5,"name":"Orbit Vases Ambre\/Vert Clair\/Bleu (set de 3)"}]},{"@type":"WebSite","@id":"https:\/\/hubsch-interior.com\/fr\/#website","url":"https:\/\/hubsch-interior.com\/fr\/","name":"H\u00fcbsch","description":"Danish Home Interior and Design","publisher":{"@id":"https:\/\/hubsch-interior.com\/fr\/#organization"},"potentialAction":[{"@type":"SearchAction","target":{"@type":"EntryPoint","urlTemplate":"https:\/\/hubsch-interior.com\/fr\/?s={search_term_string}"},"query-input":{"@type":"PropertyValueSpecification","valueRequired":true,"valueName":"search_term_string"}}],"inLanguage":"fr-FR"},{"@type":"Organization","@id":"https:\/\/hubsch-interior.com\/fr\/#organization","name":"H\u00fcbsch","url":"https:\/\/hubsch-interior.com\/fr\/","logo":{"@type":"ImageObject","inLanguage":"fr-FR","@id":"https:\/\/hubsch-interior.com\/fr\/#\/schema\/logo\/image\/","url":"https:\/\/hubsch-interior.com\/wp-content\/uploads\/2022\/12\/Hubsch_logo_black_one_line.svg","contentUrl":"https:\/\/hubsch-interior.com\/wp-content\/uploads\/2022\/12\/Hubsch_logo_black_one_line.svg","caption":"H\u00fcbsch"},"image":{"@id":"https:\/\/hubsch-interior.com\/fr\/#\/schema\/logo\/image\/"}}]}},"_links":{"self":[{"href":"https:\/\/hubsch-interior.com\/fr\/wp-json\/wp\/v2\/product\/1087736","targetHints":{"allow":["GET"]}}],"collection":[{"href":"https:\/\/hubsch-interior.com\/fr\/wp-json\/wp\/v2\/product"}],"about":[{"href":"https:\/\/hubsch-interior.com\/fr\/wp-json\/wp\/v2\/types\/product"}],"wp:featuredmedia":[{"embeddable":true,"href":"https:\/\/hubsch-interior.com\/fr\/wp-json\/wp\/v2\/media\/1099688"}],"wp:attachment":[{"href":"https:\/\/hubsch-interior.com\/fr\/wp-json\/wp\/v2\/media?parent=1087736"}],"wp:term":[{"taxonomy":"product_brand","embeddable":true,"href":"https:\/\/hubsch-interior.com\/fr\/wp-json\/wp\/v2\/product_brand?post=1087736"},{"taxonomy":"product_cat","embeddable":true,"href":"https:\/\/hubsch-interior.com\/fr\/wp-json\/wp\/v2\/product_cat?post=1087736"},{"taxonomy":"product_tag","embeddable":true,"href":"https:\/\/hubsch-interior.com\/fr\/wp-json\/wp\/v2\/product_tag?post=1087736"}],"curies":[{"name":"wp","href":"https:\/\/api.w.org\/{rel}","templated":true}]}}