{"id":1087780,"date":"2026-01-31T04:00:38","date_gmt":"2026-01-31T03:00:38","guid":{"rendered":"https:\/\/hubsch-interior.com\/product\/product\/"},"modified":"2026-04-05T04:40:25","modified_gmt":"2026-04-05T02:40:25","slug":"clea-bol-medium","status":"publish","type":"product","link":"https:\/\/hubsch-interior.com\/fr\/produit\/clea-bol-medium\/","title":{"rendered":"Clea Bol Medium"},"content":{"rendered":"<p>Verrerie avec une touche originale \u2014 litt\u00e9ralement. Le Clea Bol en verre transparent encadre vos plats avec une \u00e9l\u00e9gance sans effort, tandis qu&#8217;une fine ligne verte ajoute une subtile touche de couleur et la signature distincte de H\u00fcbsch. Fabriqu\u00e9 \u00e0 la main avec soin, chaque bol poss\u00e8de sa propre forme et son propre esprit uniques, rendant chaque pr\u00e9sentation personnelle. Disponible en trois variantes magnifiques, il est parfait pour mettre en valeur vos cr\u00e9ations culinaires avec une touche artistique et un charme intemporel \u2014 que ce soit pour servir ou simplement pour savourer la vue.<\/p>\n","protected":false},"excerpt":{"rendered":"<p>Verrerie avec une touche originale \u2014 litt\u00e9ralement. Le Clea Bol en verre transparent encadre vos plats avec une \u00e9l\u00e9gance sans effort, tandis qu&#8217;une fine ligne verte ajoute une subtile touche de couleur et la signature distincte de H\u00fcbsch. Fabriqu\u00e9 \u00e0 la main avec soin, chaque bol poss\u00e8de sa propre forme et son propre esprit uniques, [&hellip;]<\/p>\n","protected":false},"featured_media":1099728,"template":"","meta":{"_acf_changed":false,"inline_featured_image":false},"product_brand":[],"product_cat":[7154,7043,6971,7027,4053,4095,5080,5026,5046,6535],"product_tag":[],"class_list":{"0":"post-1087780","1":"product","2":"type-product","3":"status-publish","4":"has-post-thumbnail","6":"product_cat-dweller-fr","7":"product_cat-bols-de-service-fr","8":"product_cat-paques","9":"product_cat-vaisselle-fr-2","10":"product_cat-accessoires-de-cuisine-fr","11":"product_cat-vaisselle-fr","12":"product_cat-maintenant-en-stock-fr","13":"product_cat-bestsellers-fr","14":"product_cat-nouveautes-fr","15":"product_cat-outlet-fr","16":"product_shipping_class-pk","18":"pa_material-verre-fr","20":"first","21":"instock","22":"sale","23":"featured","24":"taxable","25":"shipping-taxable","26":"purchasable","27":"product-type-simple"},"exclude_global_add_ons":[],"addons":[],"acf":[],"yoast_head":"<!-- This site is optimized with the Yoast SEO plugin v26.4 - https:\/\/yoast.com\/wordpress\/plugins\/seo\/ -->\n<title>Clea Bol Medium - H\u00fcbsch<\/title>\n<meta name=\"description\" content=\"Verrerie avec une touche originale \u2014 litt\u00e9ralement. Le Clea Bol en verre transparent encadre vos plats avec une \u00e9l\u00e9gance sans effort, tandis qu&#039;une fine\" \/>\n<meta name=\"robots\" content=\"index, follow, max-snippet:-1, max-image-preview:large, max-video-preview:-1\" \/>\n<link rel=\"canonical\" href=\"https:\/\/hubsch-interior.com\/fr\/wp-json\/wp\/v2\/product\/1087780\" \/>\n<meta property=\"og:locale\" content=\"fr_FR\" \/>\n<meta property=\"og:type\" content=\"article\" \/>\n<meta property=\"og:title\" content=\"Clea Bol Medium - H\u00fcbsch\" \/>\n<meta property=\"og:description\" content=\"Verrerie avec une touche originale \u2014 litt\u00e9ralement. Le Clea Bol en verre transparent encadre vos plats avec une \u00e9l\u00e9gance sans effort, tandis qu&#039;une fine\" \/>\n<meta property=\"og:url\" content=\"https:\/\/hubsch-interior.com\/fr\/produit\/clea-bol-medium\/\" \/>\n<meta property=\"og:site_name\" content=\"H\u00fcbsch\" \/>\n<meta property=\"article:modified_time\" content=\"2026-04-05T02:40:25+00:00\" \/>\n<meta property=\"og:image\" content=\"https:\/\/hubsch-interior.com\/wp-content\/uploads\/2026\/01\/clea-bowl-medium-9199f9c918692b0578bc4d4c97a3bf85.jpg\" \/>\n\t<meta property=\"og:image:width\" content=\"1200\" \/>\n\t<meta property=\"og:image:height\" content=\"1200\" \/>\n\t<meta property=\"og:image:type\" content=\"image\/jpeg\" \/>\n<meta name=\"twitter:card\" content=\"summary_large_image\" \/>\n<script type=\"application\/ld+json\" class=\"yoast-schema-graph\">{\"@context\":\"https:\/\/schema.org\",\"@graph\":[{\"@type\":\"WebPage\",\"@id\":\"https:\/\/hubsch-interior.com\/fr\/produit\/clea-bol-medium\/\",\"url\":\"https:\/\/hubsch-interior.com\/fr\/produit\/clea-bol-medium\/\",\"name\":\"Clea Bol Medium - H\u00fcbsch\",\"isPartOf\":{\"@id\":\"https:\/\/hubsch-interior.com\/fr\/#website\"},\"primaryImageOfPage\":{\"@id\":\"https:\/\/hubsch-interior.com\/fr\/produit\/clea-bol-medium\/#primaryimage\"},\"image\":{\"@id\":\"https:\/\/hubsch-interior.com\/fr\/produit\/clea-bol-medium\/#primaryimage\"},\"thumbnailUrl\":\"https:\/\/hubsch-interior.com\/wp-content\/uploads\/2026\/02\/clea-bowl-medium-2eb6ca1047224ff6d14072fb3198c663.jpg\",\"datePublished\":\"2026-01-31T03:00:38+00:00\",\"dateModified\":\"2026-04-05T02:40:25+00:00\",\"description\":\"Verrerie avec une touche originale \u2014 litt\u00e9ralement. Le Clea Bol en verre transparent encadre vos plats avec une \u00e9l\u00e9gance sans effort, tandis qu'une fine\",\"breadcrumb\":{\"@id\":\"https:\/\/hubsch-interior.com\/fr\/produit\/clea-bol-medium\/#breadcrumb\"},\"inLanguage\":\"fr-FR\",\"potentialAction\":[{\"@type\":\"ReadAction\",\"target\":[\"https:\/\/hubsch-interior.com\/fr\/produit\/clea-bol-medium\/\"]}]},{\"@type\":\"ImageObject\",\"inLanguage\":\"fr-FR\",\"@id\":\"https:\/\/hubsch-interior.com\/fr\/produit\/clea-bol-medium\/#primaryimage\",\"url\":\"https:\/\/hubsch-interior.com\/wp-content\/uploads\/2026\/02\/clea-bowl-medium-2eb6ca1047224ff6d14072fb3198c663.jpg\",\"contentUrl\":\"https:\/\/hubsch-interior.com\/wp-content\/uploads\/2026\/02\/clea-bowl-medium-2eb6ca1047224ff6d14072fb3198c663.jpg\",\"width\":1024,\"height\":1024},{\"@type\":\"BreadcrumbList\",\"@id\":\"https:\/\/hubsch-interior.com\/fr\/produit\/clea-bol-medium\/#breadcrumb\",\"itemListElement\":[{\"@type\":\"ListItem\",\"position\":1,\"name\":\"Page d'accueil\",\"item\":\"https:\/\/hubsch-interior.com\/fr\/\"},{\"@type\":\"ListItem\",\"position\":2,\"name\":\"Produits\",\"item\":\"https:\/\/hubsch-interior.com\/fr\/shop-2\/\"},{\"@type\":\"ListItem\",\"position\":3,\"name\":\"Cuisine\",\"item\":\"https:\/\/hubsch-interior.com\/fr\/categorie-produit\/cuisine\/\"},{\"@type\":\"ListItem\",\"position\":4,\"name\":\"Vaisselle\",\"item\":\"https:\/\/hubsch-interior.com\/fr\/categorie-produit\/cuisine\/vaisselle-fr-2\/\"},{\"@type\":\"ListItem\",\"position\":5,\"name\":\"Bols de service\",\"item\":\"https:\/\/hubsch-interior.com\/fr\/categorie-produit\/cuisine\/vaisselle-fr-2\/bols-de-service-fr\/\"},{\"@type\":\"ListItem\",\"position\":6,\"name\":\"Clea Bol Medium\"}]},{\"@type\":\"WebSite\",\"@id\":\"https:\/\/hubsch-interior.com\/fr\/#website\",\"url\":\"https:\/\/hubsch-interior.com\/fr\/\",\"name\":\"H\u00fcbsch\",\"description\":\"Danish Home Interior and Design\",\"publisher\":{\"@id\":\"https:\/\/hubsch-interior.com\/fr\/#organization\"},\"potentialAction\":[{\"@type\":\"SearchAction\",\"target\":{\"@type\":\"EntryPoint\",\"urlTemplate\":\"https:\/\/hubsch-interior.com\/fr\/?s={search_term_string}\"},\"query-input\":{\"@type\":\"PropertyValueSpecification\",\"valueRequired\":true,\"valueName\":\"search_term_string\"}}],\"inLanguage\":\"fr-FR\"},{\"@type\":\"Organization\",\"@id\":\"https:\/\/hubsch-interior.com\/fr\/#organization\",\"name\":\"H\u00fcbsch\",\"url\":\"https:\/\/hubsch-interior.com\/fr\/\",\"logo\":{\"@type\":\"ImageObject\",\"inLanguage\":\"fr-FR\",\"@id\":\"https:\/\/hubsch-interior.com\/fr\/#\/schema\/logo\/image\/\",\"url\":\"https:\/\/hubsch-interior.com\/wp-content\/uploads\/2022\/12\/Hubsch_logo_black_one_line.svg\",\"contentUrl\":\"https:\/\/hubsch-interior.com\/wp-content\/uploads\/2022\/12\/Hubsch_logo_black_one_line.svg\",\"caption\":\"H\u00fcbsch\"},\"image\":{\"@id\":\"https:\/\/hubsch-interior.com\/fr\/#\/schema\/logo\/image\/\"}}]}<\/script>\n<!-- \/ Yoast SEO plugin. -->","yoast_head_json":{"title":"Clea Bol Medium - H\u00fcbsch","description":"Verrerie avec une touche originale \u2014 litt\u00e9ralement. Le Clea Bol en verre transparent encadre vos plats avec une \u00e9l\u00e9gance sans effort, tandis qu'une fine","robots":{"index":"index","follow":"follow","max-snippet":"max-snippet:-1","max-image-preview":"max-image-preview:large","max-video-preview":"max-video-preview:-1"},"canonical":"https:\/\/hubsch-interior.com\/fr\/wp-json\/wp\/v2\/product\/1087780","og_locale":"fr_FR","og_type":"article","og_title":"Clea Bol Medium - H\u00fcbsch","og_description":"Verrerie avec une touche originale \u2014 litt\u00e9ralement. Le Clea Bol en verre transparent encadre vos plats avec une \u00e9l\u00e9gance sans effort, tandis qu'une fine","og_url":"https:\/\/hubsch-interior.com\/fr\/produit\/clea-bol-medium\/","og_site_name":"H\u00fcbsch","article_modified_time":"2026-04-05T02:40:25+00:00","og_image":[{"width":1200,"height":1200,"url":"https:\/\/hubsch-interior.com\/wp-content\/uploads\/2026\/01\/clea-bowl-medium-9199f9c918692b0578bc4d4c97a3bf85.jpg","type":"image\/jpeg"}],"twitter_card":"summary_large_image","schema":{"@context":"https:\/\/schema.org","@graph":[{"@type":"WebPage","@id":"https:\/\/hubsch-interior.com\/fr\/produit\/clea-bol-medium\/","url":"https:\/\/hubsch-interior.com\/fr\/produit\/clea-bol-medium\/","name":"Clea Bol Medium - H\u00fcbsch","isPartOf":{"@id":"https:\/\/hubsch-interior.com\/fr\/#website"},"primaryImageOfPage":{"@id":"https:\/\/hubsch-interior.com\/fr\/produit\/clea-bol-medium\/#primaryimage"},"image":{"@id":"https:\/\/hubsch-interior.com\/fr\/produit\/clea-bol-medium\/#primaryimage"},"thumbnailUrl":"https:\/\/hubsch-interior.com\/wp-content\/uploads\/2026\/02\/clea-bowl-medium-2eb6ca1047224ff6d14072fb3198c663.jpg","datePublished":"2026-01-31T03:00:38+00:00","dateModified":"2026-04-05T02:40:25+00:00","description":"Verrerie avec une touche originale \u2014 litt\u00e9ralement. Le Clea Bol en verre transparent encadre vos plats avec une \u00e9l\u00e9gance sans effort, tandis qu'une fine","breadcrumb":{"@id":"https:\/\/hubsch-interior.com\/fr\/produit\/clea-bol-medium\/#breadcrumb"},"inLanguage":"fr-FR","potentialAction":[{"@type":"ReadAction","target":["https:\/\/hubsch-interior.com\/fr\/produit\/clea-bol-medium\/"]}]},{"@type":"ImageObject","inLanguage":"fr-FR","@id":"https:\/\/hubsch-interior.com\/fr\/produit\/clea-bol-medium\/#primaryimage","url":"https:\/\/hubsch-interior.com\/wp-content\/uploads\/2026\/02\/clea-bowl-medium-2eb6ca1047224ff6d14072fb3198c663.jpg","contentUrl":"https:\/\/hubsch-interior.com\/wp-content\/uploads\/2026\/02\/clea-bowl-medium-2eb6ca1047224ff6d14072fb3198c663.jpg","width":1024,"height":1024},{"@type":"BreadcrumbList","@id":"https:\/\/hubsch-interior.com\/fr\/produit\/clea-bol-medium\/#breadcrumb","itemListElement":[{"@type":"ListItem","position":1,"name":"Page d'accueil","item":"https:\/\/hubsch-interior.com\/fr\/"},{"@type":"ListItem","position":2,"name":"Produits","item":"https:\/\/hubsch-interior.com\/fr\/shop-2\/"},{"@type":"ListItem","position":3,"name":"Cuisine","item":"https:\/\/hubsch-interior.com\/fr\/categorie-produit\/cuisine\/"},{"@type":"ListItem","position":4,"name":"Vaisselle","item":"https:\/\/hubsch-interior.com\/fr\/categorie-produit\/cuisine\/vaisselle-fr-2\/"},{"@type":"ListItem","position":5,"name":"Bols de service","item":"https:\/\/hubsch-interior.com\/fr\/categorie-produit\/cuisine\/vaisselle-fr-2\/bols-de-service-fr\/"},{"@type":"ListItem","position":6,"name":"Clea Bol Medium"}]},{"@type":"WebSite","@id":"https:\/\/hubsch-interior.com\/fr\/#website","url":"https:\/\/hubsch-interior.com\/fr\/","name":"H\u00fcbsch","description":"Danish Home Interior and Design","publisher":{"@id":"https:\/\/hubsch-interior.com\/fr\/#organization"},"potentialAction":[{"@type":"SearchAction","target":{"@type":"EntryPoint","urlTemplate":"https:\/\/hubsch-interior.com\/fr\/?s={search_term_string}"},"query-input":{"@type":"PropertyValueSpecification","valueRequired":true,"valueName":"search_term_string"}}],"inLanguage":"fr-FR"},{"@type":"Organization","@id":"https:\/\/hubsch-interior.com\/fr\/#organization","name":"H\u00fcbsch","url":"https:\/\/hubsch-interior.com\/fr\/","logo":{"@type":"ImageObject","inLanguage":"fr-FR","@id":"https:\/\/hubsch-interior.com\/fr\/#\/schema\/logo\/image\/","url":"https:\/\/hubsch-interior.com\/wp-content\/uploads\/2022\/12\/Hubsch_logo_black_one_line.svg","contentUrl":"https:\/\/hubsch-interior.com\/wp-content\/uploads\/2022\/12\/Hubsch_logo_black_one_line.svg","caption":"H\u00fcbsch"},"image":{"@id":"https:\/\/hubsch-interior.com\/fr\/#\/schema\/logo\/image\/"}}]}},"_links":{"self":[{"href":"https:\/\/hubsch-interior.com\/fr\/wp-json\/wp\/v2\/product\/1087780","targetHints":{"allow":["GET"]}}],"collection":[{"href":"https:\/\/hubsch-interior.com\/fr\/wp-json\/wp\/v2\/product"}],"about":[{"href":"https:\/\/hubsch-interior.com\/fr\/wp-json\/wp\/v2\/types\/product"}],"wp:featuredmedia":[{"embeddable":true,"href":"https:\/\/hubsch-interior.com\/fr\/wp-json\/wp\/v2\/media\/1099728"}],"wp:attachment":[{"href":"https:\/\/hubsch-interior.com\/fr\/wp-json\/wp\/v2\/media?parent=1087780"}],"wp:term":[{"taxonomy":"product_brand","embeddable":true,"href":"https:\/\/hubsch-interior.com\/fr\/wp-json\/wp\/v2\/product_brand?post=1087780"},{"taxonomy":"product_cat","embeddable":true,"href":"https:\/\/hubsch-interior.com\/fr\/wp-json\/wp\/v2\/product_cat?post=1087780"},{"taxonomy":"product_tag","embeddable":true,"href":"https:\/\/hubsch-interior.com\/fr\/wp-json\/wp\/v2\/product_tag?post=1087780"}],"curies":[{"name":"wp","href":"https:\/\/api.w.org\/{rel}","templated":true}]}}