{"id":1087816,"date":"2026-01-31T04:35:42","date_gmt":"2026-01-31T03:35:42","guid":{"rendered":"https:\/\/hubsch-interior.com\/product\/product\/"},"modified":"2026-04-05T05:00:01","modified_gmt":"2026-04-05T03:00:01","slug":"socle-serre-livres-naturel","status":"publish","type":"product","link":"https:\/\/hubsch-interior.com\/fr\/produit\/socle-serre-livres-naturel\/","title":{"rendered":"Socle Serre-livres Naturel"},"content":{"rendered":"<p>Une main ferme pour vos r\u00e9cits culinaires. Le Socle Serre-livres en ch\u00eane naturel certifi\u00e9 FSC apporte charme et fonctionnalit\u00e9 \u00e0 votre espace de cuisine. Con\u00e7u pour maintenir vos livres de cuisine pr\u00e9f\u00e9r\u00e9s bien droits et ouverts, il vous aide \u00e0 rester concentr\u00e9 sur les saveurs sans avoir \u00e0 feuilleter sans cesse. Sa forme plate et minimaliste se fond harmonieusement dans toute cuisine, apportant une touche de chaleur sans encombrement. Un outil simple et \u00e9l\u00e9gant qui rend chaque recette instinctive.<\/p>\n","protected":false},"excerpt":{"rendered":"<p>Une main ferme pour vos r\u00e9cits culinaires. Le Socle Serre-livres en ch\u00eane naturel certifi\u00e9 FSC apporte charme et fonctionnalit\u00e9 \u00e0 votre espace de cuisine. Con\u00e7u pour maintenir vos livres de cuisine pr\u00e9f\u00e9r\u00e9s bien droits et ouverts, il vous aide \u00e0 rester concentr\u00e9 sur les saveurs sans avoir \u00e0 feuilleter sans cesse. Sa forme plate et [&hellip;]<\/p>\n","protected":false},"featured_media":1105032,"template":"","meta":{"_acf_changed":false,"inline_featured_image":false},"product_brand":[],"product_cat":[7154,6322,4153,4159,5026,5046],"product_tag":[],"class_list":{"0":"post-1087816","1":"product","2":"type-product","3":"status-publish","4":"has-post-thumbnail","6":"product_cat-dweller-fr","7":"product_cat-fsc-fr","8":"product_cat-espace-de-travail-fr","9":"product_cat-serre-livres-fr","10":"product_cat-bestsellers-fr","11":"product_cat-nouveautes-fr","12":"product_shipping_class-pk","14":"pa_color-naturel-2","15":"pa_material-mdf-fr","16":"pa_material-placage-de-chne-2","18":"first","19":"instock","20":"featured","21":"taxable","22":"shipping-taxable","23":"purchasable","24":"product-type-simple"},"exclude_global_add_ons":[],"addons":[],"acf":[],"yoast_head":"<!-- This site is optimized with the Yoast SEO plugin v26.4 - https:\/\/yoast.com\/wordpress\/plugins\/seo\/ -->\n<title>Socle Serre-livres Naturel - H\u00fcbsch<\/title>\n<meta name=\"description\" content=\"Une main ferme pour vos r\u00e9cits culinaires. Le Socle Serre-livres en ch\u00eane naturel certifi\u00e9 FSC apporte charme et fonctionnalit\u00e9 \u00e0 votre espace de cuisine.\" \/>\n<meta name=\"robots\" content=\"index, follow, max-snippet:-1, max-image-preview:large, max-video-preview:-1\" \/>\n<link rel=\"canonical\" href=\"https:\/\/hubsch-interior.com\/fr\/wp-json\/wp\/v2\/product\/1087816\" \/>\n<meta property=\"og:locale\" content=\"fr_FR\" \/>\n<meta property=\"og:type\" content=\"article\" \/>\n<meta property=\"og:title\" content=\"Socle Serre-livres Naturel - H\u00fcbsch\" \/>\n<meta property=\"og:description\" content=\"Une main ferme pour vos r\u00e9cits culinaires. Le Socle Serre-livres en ch\u00eane naturel certifi\u00e9 FSC apporte charme et fonctionnalit\u00e9 \u00e0 votre espace de cuisine.\" \/>\n<meta property=\"og:url\" content=\"https:\/\/hubsch-interior.com\/fr\/produit\/socle-serre-livres-naturel\/\" \/>\n<meta property=\"og:site_name\" content=\"H\u00fcbsch\" \/>\n<meta property=\"article:modified_time\" content=\"2026-04-05T03:00:01+00:00\" \/>\n<meta property=\"og:image\" content=\"https:\/\/hubsch-interior.com\/wp-content\/uploads\/2026\/01\/socle-bookend-natural-2f1194567ce72d769aca1f7daf91dd47.jpg\" \/>\n\t<meta property=\"og:image:width\" content=\"1200\" \/>\n\t<meta property=\"og:image:height\" content=\"1200\" \/>\n\t<meta property=\"og:image:type\" content=\"image\/jpeg\" \/>\n<meta name=\"twitter:card\" content=\"summary_large_image\" \/>\n<script type=\"application\/ld+json\" class=\"yoast-schema-graph\">{\"@context\":\"https:\/\/schema.org\",\"@graph\":[{\"@type\":\"WebPage\",\"@id\":\"https:\/\/hubsch-interior.com\/fr\/produit\/socle-serre-livres-naturel\/\",\"url\":\"https:\/\/hubsch-interior.com\/fr\/produit\/socle-serre-livres-naturel\/\",\"name\":\"Socle Serre-livres Naturel - H\u00fcbsch\",\"isPartOf\":{\"@id\":\"https:\/\/hubsch-interior.com\/fr\/#website\"},\"primaryImageOfPage\":{\"@id\":\"https:\/\/hubsch-interior.com\/fr\/produit\/socle-serre-livres-naturel\/#primaryimage\"},\"image\":{\"@id\":\"https:\/\/hubsch-interior.com\/fr\/produit\/socle-serre-livres-naturel\/#primaryimage\"},\"thumbnailUrl\":\"https:\/\/hubsch-interior.com\/wp-content\/uploads\/2026\/02\/socle-bookend-natural-1d6191620464820d50089aafc88ae912.jpg\",\"datePublished\":\"2026-01-31T03:35:42+00:00\",\"dateModified\":\"2026-04-05T03:00:01+00:00\",\"description\":\"Une main ferme pour vos r\u00e9cits culinaires. Le Socle Serre-livres en ch\u00eane naturel certifi\u00e9 FSC apporte charme et fonctionnalit\u00e9 \u00e0 votre espace de cuisine.\",\"breadcrumb\":{\"@id\":\"https:\/\/hubsch-interior.com\/fr\/produit\/socle-serre-livres-naturel\/#breadcrumb\"},\"inLanguage\":\"fr-FR\",\"potentialAction\":[{\"@type\":\"ReadAction\",\"target\":[\"https:\/\/hubsch-interior.com\/fr\/produit\/socle-serre-livres-naturel\/\"]}]},{\"@type\":\"ImageObject\",\"inLanguage\":\"fr-FR\",\"@id\":\"https:\/\/hubsch-interior.com\/fr\/produit\/socle-serre-livres-naturel\/#primaryimage\",\"url\":\"https:\/\/hubsch-interior.com\/wp-content\/uploads\/2026\/02\/socle-bookend-natural-1d6191620464820d50089aafc88ae912.jpg\",\"contentUrl\":\"https:\/\/hubsch-interior.com\/wp-content\/uploads\/2026\/02\/socle-bookend-natural-1d6191620464820d50089aafc88ae912.jpg\",\"width\":1024,\"height\":1024},{\"@type\":\"BreadcrumbList\",\"@id\":\"https:\/\/hubsch-interior.com\/fr\/produit\/socle-serre-livres-naturel\/#breadcrumb\",\"itemListElement\":[{\"@type\":\"ListItem\",\"position\":1,\"name\":\"Page d'accueil\",\"item\":\"https:\/\/hubsch-interior.com\/fr\/\"},{\"@type\":\"ListItem\",\"position\":2,\"name\":\"Produits\",\"item\":\"https:\/\/hubsch-interior.com\/fr\/shop-2\/\"},{\"@type\":\"ListItem\",\"position\":3,\"name\":\"Socle Serre-livres Naturel\"}]},{\"@type\":\"WebSite\",\"@id\":\"https:\/\/hubsch-interior.com\/fr\/#website\",\"url\":\"https:\/\/hubsch-interior.com\/fr\/\",\"name\":\"H\u00fcbsch\",\"description\":\"Danish Home Interior and Design\",\"publisher\":{\"@id\":\"https:\/\/hubsch-interior.com\/fr\/#organization\"},\"potentialAction\":[{\"@type\":\"SearchAction\",\"target\":{\"@type\":\"EntryPoint\",\"urlTemplate\":\"https:\/\/hubsch-interior.com\/fr\/?s={search_term_string}\"},\"query-input\":{\"@type\":\"PropertyValueSpecification\",\"valueRequired\":true,\"valueName\":\"search_term_string\"}}],\"inLanguage\":\"fr-FR\"},{\"@type\":\"Organization\",\"@id\":\"https:\/\/hubsch-interior.com\/fr\/#organization\",\"name\":\"H\u00fcbsch\",\"url\":\"https:\/\/hubsch-interior.com\/fr\/\",\"logo\":{\"@type\":\"ImageObject\",\"inLanguage\":\"fr-FR\",\"@id\":\"https:\/\/hubsch-interior.com\/fr\/#\/schema\/logo\/image\/\",\"url\":\"https:\/\/hubsch-interior.com\/wp-content\/uploads\/2022\/12\/Hubsch_logo_black_one_line.svg\",\"contentUrl\":\"https:\/\/hubsch-interior.com\/wp-content\/uploads\/2022\/12\/Hubsch_logo_black_one_line.svg\",\"caption\":\"H\u00fcbsch\"},\"image\":{\"@id\":\"https:\/\/hubsch-interior.com\/fr\/#\/schema\/logo\/image\/\"}}]}<\/script>\n<!-- \/ Yoast SEO plugin. -->","yoast_head_json":{"title":"Socle Serre-livres Naturel - H\u00fcbsch","description":"Une main ferme pour vos r\u00e9cits culinaires. Le Socle Serre-livres en ch\u00eane naturel certifi\u00e9 FSC apporte charme et fonctionnalit\u00e9 \u00e0 votre espace de cuisine.","robots":{"index":"index","follow":"follow","max-snippet":"max-snippet:-1","max-image-preview":"max-image-preview:large","max-video-preview":"max-video-preview:-1"},"canonical":"https:\/\/hubsch-interior.com\/fr\/wp-json\/wp\/v2\/product\/1087816","og_locale":"fr_FR","og_type":"article","og_title":"Socle Serre-livres Naturel - H\u00fcbsch","og_description":"Une main ferme pour vos r\u00e9cits culinaires. Le Socle Serre-livres en ch\u00eane naturel certifi\u00e9 FSC apporte charme et fonctionnalit\u00e9 \u00e0 votre espace de cuisine.","og_url":"https:\/\/hubsch-interior.com\/fr\/produit\/socle-serre-livres-naturel\/","og_site_name":"H\u00fcbsch","article_modified_time":"2026-04-05T03:00:01+00:00","og_image":[{"width":1200,"height":1200,"url":"https:\/\/hubsch-interior.com\/wp-content\/uploads\/2026\/01\/socle-bookend-natural-2f1194567ce72d769aca1f7daf91dd47.jpg","type":"image\/jpeg"}],"twitter_card":"summary_large_image","schema":{"@context":"https:\/\/schema.org","@graph":[{"@type":"WebPage","@id":"https:\/\/hubsch-interior.com\/fr\/produit\/socle-serre-livres-naturel\/","url":"https:\/\/hubsch-interior.com\/fr\/produit\/socle-serre-livres-naturel\/","name":"Socle Serre-livres Naturel - H\u00fcbsch","isPartOf":{"@id":"https:\/\/hubsch-interior.com\/fr\/#website"},"primaryImageOfPage":{"@id":"https:\/\/hubsch-interior.com\/fr\/produit\/socle-serre-livres-naturel\/#primaryimage"},"image":{"@id":"https:\/\/hubsch-interior.com\/fr\/produit\/socle-serre-livres-naturel\/#primaryimage"},"thumbnailUrl":"https:\/\/hubsch-interior.com\/wp-content\/uploads\/2026\/02\/socle-bookend-natural-1d6191620464820d50089aafc88ae912.jpg","datePublished":"2026-01-31T03:35:42+00:00","dateModified":"2026-04-05T03:00:01+00:00","description":"Une main ferme pour vos r\u00e9cits culinaires. Le Socle Serre-livres en ch\u00eane naturel certifi\u00e9 FSC apporte charme et fonctionnalit\u00e9 \u00e0 votre espace de cuisine.","breadcrumb":{"@id":"https:\/\/hubsch-interior.com\/fr\/produit\/socle-serre-livres-naturel\/#breadcrumb"},"inLanguage":"fr-FR","potentialAction":[{"@type":"ReadAction","target":["https:\/\/hubsch-interior.com\/fr\/produit\/socle-serre-livres-naturel\/"]}]},{"@type":"ImageObject","inLanguage":"fr-FR","@id":"https:\/\/hubsch-interior.com\/fr\/produit\/socle-serre-livres-naturel\/#primaryimage","url":"https:\/\/hubsch-interior.com\/wp-content\/uploads\/2026\/02\/socle-bookend-natural-1d6191620464820d50089aafc88ae912.jpg","contentUrl":"https:\/\/hubsch-interior.com\/wp-content\/uploads\/2026\/02\/socle-bookend-natural-1d6191620464820d50089aafc88ae912.jpg","width":1024,"height":1024},{"@type":"BreadcrumbList","@id":"https:\/\/hubsch-interior.com\/fr\/produit\/socle-serre-livres-naturel\/#breadcrumb","itemListElement":[{"@type":"ListItem","position":1,"name":"Page d'accueil","item":"https:\/\/hubsch-interior.com\/fr\/"},{"@type":"ListItem","position":2,"name":"Produits","item":"https:\/\/hubsch-interior.com\/fr\/shop-2\/"},{"@type":"ListItem","position":3,"name":"Socle Serre-livres Naturel"}]},{"@type":"WebSite","@id":"https:\/\/hubsch-interior.com\/fr\/#website","url":"https:\/\/hubsch-interior.com\/fr\/","name":"H\u00fcbsch","description":"Danish Home Interior and Design","publisher":{"@id":"https:\/\/hubsch-interior.com\/fr\/#organization"},"potentialAction":[{"@type":"SearchAction","target":{"@type":"EntryPoint","urlTemplate":"https:\/\/hubsch-interior.com\/fr\/?s={search_term_string}"},"query-input":{"@type":"PropertyValueSpecification","valueRequired":true,"valueName":"search_term_string"}}],"inLanguage":"fr-FR"},{"@type":"Organization","@id":"https:\/\/hubsch-interior.com\/fr\/#organization","name":"H\u00fcbsch","url":"https:\/\/hubsch-interior.com\/fr\/","logo":{"@type":"ImageObject","inLanguage":"fr-FR","@id":"https:\/\/hubsch-interior.com\/fr\/#\/schema\/logo\/image\/","url":"https:\/\/hubsch-interior.com\/wp-content\/uploads\/2022\/12\/Hubsch_logo_black_one_line.svg","contentUrl":"https:\/\/hubsch-interior.com\/wp-content\/uploads\/2022\/12\/Hubsch_logo_black_one_line.svg","caption":"H\u00fcbsch"},"image":{"@id":"https:\/\/hubsch-interior.com\/fr\/#\/schema\/logo\/image\/"}}]}},"_links":{"self":[{"href":"https:\/\/hubsch-interior.com\/fr\/wp-json\/wp\/v2\/product\/1087816","targetHints":{"allow":["GET"]}}],"collection":[{"href":"https:\/\/hubsch-interior.com\/fr\/wp-json\/wp\/v2\/product"}],"about":[{"href":"https:\/\/hubsch-interior.com\/fr\/wp-json\/wp\/v2\/types\/product"}],"wp:featuredmedia":[{"embeddable":true,"href":"https:\/\/hubsch-interior.com\/fr\/wp-json\/wp\/v2\/media\/1105032"}],"wp:attachment":[{"href":"https:\/\/hubsch-interior.com\/fr\/wp-json\/wp\/v2\/media?parent=1087816"}],"wp:term":[{"taxonomy":"product_brand","embeddable":true,"href":"https:\/\/hubsch-interior.com\/fr\/wp-json\/wp\/v2\/product_brand?post=1087816"},{"taxonomy":"product_cat","embeddable":true,"href":"https:\/\/hubsch-interior.com\/fr\/wp-json\/wp\/v2\/product_cat?post=1087816"},{"taxonomy":"product_tag","embeddable":true,"href":"https:\/\/hubsch-interior.com\/fr\/wp-json\/wp\/v2\/product_tag?post=1087816"}],"curies":[{"name":"wp","href":"https:\/\/api.w.org\/{rel}","templated":true}]}}