{"id":1087904,"date":"2026-01-31T04:36:30","date_gmt":"2026-01-31T03:36:30","guid":{"rendered":"https:\/\/hubsch-interior.com\/product\/product\/"},"modified":"2026-04-05T05:00:17","modified_gmt":"2026-04-05T03:00:17","slug":"forma-chariot-naturel","status":"publish","type":"product","link":"https:\/\/hubsch-interior.com\/fr\/produit\/forma-chariot-naturel\/","title":{"rendered":"Forma Chariot Naturel"},"content":{"rendered":"<p>Beaut\u00e9 roulante, ancr\u00e9e dans la fonctionnalit\u00e9. Le Forma Chariot, fabriqu\u00e9 en ch\u00eane certifi\u00e9 FSC dans une teinte naturelle chaleureuse, allie flexibilit\u00e9 et forme avec harmonie. Faisant partie de la c\u00e9l\u00e8bre famille Forma, il offre un espace de rangement g\u00e9n\u00e9reux avec une silhouette a\u00e9rienne et sculpturale \u2014 facile \u00e0 d\u00e9placer, facile \u00e0 aimer. Que vous arrangiez des livres, de la verrerie ou des essentiels du quotidien, il vous suit avec \u00e9l\u00e9gance de pi\u00e8ce en pi\u00e8ce. Un compagnon pratique dot\u00e9 d&#8217;une pr\u00e9sence discr\u00e8te qui ne se d\u00e9mode jamais.<\/p>\n","protected":false},"excerpt":{"rendered":"<p>Beaut\u00e9 roulante, ancr\u00e9e dans la fonctionnalit\u00e9. Le Forma Chariot, fabriqu\u00e9 en ch\u00eane certifi\u00e9 FSC dans une teinte naturelle chaleureuse, allie flexibilit\u00e9 et forme avec harmonie. Faisant partie de la c\u00e9l\u00e8bre famille Forma, il offre un espace de rangement g\u00e9n\u00e9reux avec une silhouette a\u00e9rienne et sculpturale \u2014 facile \u00e0 d\u00e9placer, facile \u00e0 aimer. Que vous arrangiez [&hellip;]<\/p>\n","protected":false},"featured_media":1105116,"template":"","meta":{"_acf_changed":false,"inline_featured_image":false},"product_brand":[],"product_cat":[7154,6322,2859,6359,5046],"product_tag":[],"class_list":{"0":"post-1087904","1":"product","2":"type-product","3":"status-publish","4":"has-post-thumbnail","6":"product_cat-dweller-fr","7":"product_cat-fsc-fr","8":"product_cat-tables-fr","9":"product_cat-dessertes-fr","10":"product_cat-nouveautes-fr","11":"product_shipping_class-pk","13":"pa_color-naturel-2","14":"pa_material-mdf-fr","15":"pa_material-bois-de-chne-2","16":"pa_material-placage-de-chne-2","18":"first","19":"instock","20":"taxable","21":"shipping-taxable","22":"purchasable","23":"product-type-simple"},"exclude_global_add_ons":[],"addons":[],"acf":[],"yoast_head":"<!-- This site is optimized with the Yoast SEO plugin v26.4 - https:\/\/yoast.com\/wordpress\/plugins\/seo\/ -->\n<title>Forma Chariot Naturel - H\u00fcbsch<\/title>\n<meta name=\"description\" content=\"Beaut\u00e9 roulante, ancr\u00e9e dans la fonctionnalit\u00e9. Le Forma Chariot, fabriqu\u00e9 en ch\u00eane certifi\u00e9 FSC dans une teinte naturelle chaleureuse, allie flexibilit\u00e9\" \/>\n<meta name=\"robots\" content=\"index, follow, max-snippet:-1, max-image-preview:large, max-video-preview:-1\" \/>\n<link rel=\"canonical\" href=\"https:\/\/hubsch-interior.com\/fr\/wp-json\/wp\/v2\/product\/1087904\" \/>\n<meta property=\"og:locale\" content=\"fr_FR\" \/>\n<meta property=\"og:type\" content=\"article\" \/>\n<meta property=\"og:title\" content=\"Forma Chariot Naturel - H\u00fcbsch\" \/>\n<meta property=\"og:description\" content=\"Beaut\u00e9 roulante, ancr\u00e9e dans la fonctionnalit\u00e9. Le Forma Chariot, fabriqu\u00e9 en ch\u00eane certifi\u00e9 FSC dans une teinte naturelle chaleureuse, allie flexibilit\u00e9\" \/>\n<meta property=\"og:url\" content=\"https:\/\/hubsch-interior.com\/fr\/produit\/forma-chariot-naturel\/\" \/>\n<meta property=\"og:site_name\" content=\"H\u00fcbsch\" \/>\n<meta property=\"article:modified_time\" content=\"2026-04-05T03:00:17+00:00\" \/>\n<meta property=\"og:image\" content=\"https:\/\/hubsch-interior.com\/wp-content\/uploads\/2026\/01\/forma-trolley-natural-b830ebadd905ef6fca7661785b40d6b1.jpg\" \/>\n\t<meta property=\"og:image:width\" content=\"1200\" \/>\n\t<meta property=\"og:image:height\" content=\"1200\" \/>\n\t<meta property=\"og:image:type\" content=\"image\/jpeg\" \/>\n<meta name=\"twitter:card\" content=\"summary_large_image\" \/>\n<script type=\"application\/ld+json\" class=\"yoast-schema-graph\">{\"@context\":\"https:\/\/schema.org\",\"@graph\":[{\"@type\":\"WebPage\",\"@id\":\"https:\/\/hubsch-interior.com\/fr\/produit\/forma-chariot-naturel\/\",\"url\":\"https:\/\/hubsch-interior.com\/fr\/produit\/forma-chariot-naturel\/\",\"name\":\"Forma Chariot Naturel - H\u00fcbsch\",\"isPartOf\":{\"@id\":\"https:\/\/hubsch-interior.com\/fr\/#website\"},\"primaryImageOfPage\":{\"@id\":\"https:\/\/hubsch-interior.com\/fr\/produit\/forma-chariot-naturel\/#primaryimage\"},\"image\":{\"@id\":\"https:\/\/hubsch-interior.com\/fr\/produit\/forma-chariot-naturel\/#primaryimage\"},\"thumbnailUrl\":\"https:\/\/hubsch-interior.com\/wp-content\/uploads\/2026\/02\/forma-trolley-natural-c14921d74f69267038407f719f027e11.jpg\",\"datePublished\":\"2026-01-31T03:36:30+00:00\",\"dateModified\":\"2026-04-05T03:00:17+00:00\",\"description\":\"Beaut\u00e9 roulante, ancr\u00e9e dans la fonctionnalit\u00e9. Le Forma Chariot, fabriqu\u00e9 en ch\u00eane certifi\u00e9 FSC dans une teinte naturelle chaleureuse, allie flexibilit\u00e9\",\"breadcrumb\":{\"@id\":\"https:\/\/hubsch-interior.com\/fr\/produit\/forma-chariot-naturel\/#breadcrumb\"},\"inLanguage\":\"fr-FR\",\"potentialAction\":[{\"@type\":\"ReadAction\",\"target\":[\"https:\/\/hubsch-interior.com\/fr\/produit\/forma-chariot-naturel\/\"]}]},{\"@type\":\"ImageObject\",\"inLanguage\":\"fr-FR\",\"@id\":\"https:\/\/hubsch-interior.com\/fr\/produit\/forma-chariot-naturel\/#primaryimage\",\"url\":\"https:\/\/hubsch-interior.com\/wp-content\/uploads\/2026\/02\/forma-trolley-natural-c14921d74f69267038407f719f027e11.jpg\",\"contentUrl\":\"https:\/\/hubsch-interior.com\/wp-content\/uploads\/2026\/02\/forma-trolley-natural-c14921d74f69267038407f719f027e11.jpg\",\"width\":1024,\"height\":1024},{\"@type\":\"BreadcrumbList\",\"@id\":\"https:\/\/hubsch-interior.com\/fr\/produit\/forma-chariot-naturel\/#breadcrumb\",\"itemListElement\":[{\"@type\":\"ListItem\",\"position\":1,\"name\":\"Page d'accueil\",\"item\":\"https:\/\/hubsch-interior.com\/fr\/\"},{\"@type\":\"ListItem\",\"position\":2,\"name\":\"Produits\",\"item\":\"https:\/\/hubsch-interior.com\/fr\/shop-2\/\"},{\"@type\":\"ListItem\",\"position\":3,\"name\":\"Forma Chariot Naturel\"}]},{\"@type\":\"WebSite\",\"@id\":\"https:\/\/hubsch-interior.com\/fr\/#website\",\"url\":\"https:\/\/hubsch-interior.com\/fr\/\",\"name\":\"H\u00fcbsch\",\"description\":\"Danish Home Interior and Design\",\"publisher\":{\"@id\":\"https:\/\/hubsch-interior.com\/fr\/#organization\"},\"potentialAction\":[{\"@type\":\"SearchAction\",\"target\":{\"@type\":\"EntryPoint\",\"urlTemplate\":\"https:\/\/hubsch-interior.com\/fr\/?s={search_term_string}\"},\"query-input\":{\"@type\":\"PropertyValueSpecification\",\"valueRequired\":true,\"valueName\":\"search_term_string\"}}],\"inLanguage\":\"fr-FR\"},{\"@type\":\"Organization\",\"@id\":\"https:\/\/hubsch-interior.com\/fr\/#organization\",\"name\":\"H\u00fcbsch\",\"url\":\"https:\/\/hubsch-interior.com\/fr\/\",\"logo\":{\"@type\":\"ImageObject\",\"inLanguage\":\"fr-FR\",\"@id\":\"https:\/\/hubsch-interior.com\/fr\/#\/schema\/logo\/image\/\",\"url\":\"https:\/\/hubsch-interior.com\/wp-content\/uploads\/2022\/12\/Hubsch_logo_black_one_line.svg\",\"contentUrl\":\"https:\/\/hubsch-interior.com\/wp-content\/uploads\/2022\/12\/Hubsch_logo_black_one_line.svg\",\"caption\":\"H\u00fcbsch\"},\"image\":{\"@id\":\"https:\/\/hubsch-interior.com\/fr\/#\/schema\/logo\/image\/\"}}]}<\/script>\n<!-- \/ Yoast SEO plugin. -->","yoast_head_json":{"title":"Forma Chariot Naturel - H\u00fcbsch","description":"Beaut\u00e9 roulante, ancr\u00e9e dans la fonctionnalit\u00e9. Le Forma Chariot, fabriqu\u00e9 en ch\u00eane certifi\u00e9 FSC dans une teinte naturelle chaleureuse, allie flexibilit\u00e9","robots":{"index":"index","follow":"follow","max-snippet":"max-snippet:-1","max-image-preview":"max-image-preview:large","max-video-preview":"max-video-preview:-1"},"canonical":"https:\/\/hubsch-interior.com\/fr\/wp-json\/wp\/v2\/product\/1087904","og_locale":"fr_FR","og_type":"article","og_title":"Forma Chariot Naturel - H\u00fcbsch","og_description":"Beaut\u00e9 roulante, ancr\u00e9e dans la fonctionnalit\u00e9. Le Forma Chariot, fabriqu\u00e9 en ch\u00eane certifi\u00e9 FSC dans une teinte naturelle chaleureuse, allie flexibilit\u00e9","og_url":"https:\/\/hubsch-interior.com\/fr\/produit\/forma-chariot-naturel\/","og_site_name":"H\u00fcbsch","article_modified_time":"2026-04-05T03:00:17+00:00","og_image":[{"width":1200,"height":1200,"url":"https:\/\/hubsch-interior.com\/wp-content\/uploads\/2026\/01\/forma-trolley-natural-b830ebadd905ef6fca7661785b40d6b1.jpg","type":"image\/jpeg"}],"twitter_card":"summary_large_image","schema":{"@context":"https:\/\/schema.org","@graph":[{"@type":"WebPage","@id":"https:\/\/hubsch-interior.com\/fr\/produit\/forma-chariot-naturel\/","url":"https:\/\/hubsch-interior.com\/fr\/produit\/forma-chariot-naturel\/","name":"Forma Chariot Naturel - H\u00fcbsch","isPartOf":{"@id":"https:\/\/hubsch-interior.com\/fr\/#website"},"primaryImageOfPage":{"@id":"https:\/\/hubsch-interior.com\/fr\/produit\/forma-chariot-naturel\/#primaryimage"},"image":{"@id":"https:\/\/hubsch-interior.com\/fr\/produit\/forma-chariot-naturel\/#primaryimage"},"thumbnailUrl":"https:\/\/hubsch-interior.com\/wp-content\/uploads\/2026\/02\/forma-trolley-natural-c14921d74f69267038407f719f027e11.jpg","datePublished":"2026-01-31T03:36:30+00:00","dateModified":"2026-04-05T03:00:17+00:00","description":"Beaut\u00e9 roulante, ancr\u00e9e dans la fonctionnalit\u00e9. Le Forma Chariot, fabriqu\u00e9 en ch\u00eane certifi\u00e9 FSC dans une teinte naturelle chaleureuse, allie flexibilit\u00e9","breadcrumb":{"@id":"https:\/\/hubsch-interior.com\/fr\/produit\/forma-chariot-naturel\/#breadcrumb"},"inLanguage":"fr-FR","potentialAction":[{"@type":"ReadAction","target":["https:\/\/hubsch-interior.com\/fr\/produit\/forma-chariot-naturel\/"]}]},{"@type":"ImageObject","inLanguage":"fr-FR","@id":"https:\/\/hubsch-interior.com\/fr\/produit\/forma-chariot-naturel\/#primaryimage","url":"https:\/\/hubsch-interior.com\/wp-content\/uploads\/2026\/02\/forma-trolley-natural-c14921d74f69267038407f719f027e11.jpg","contentUrl":"https:\/\/hubsch-interior.com\/wp-content\/uploads\/2026\/02\/forma-trolley-natural-c14921d74f69267038407f719f027e11.jpg","width":1024,"height":1024},{"@type":"BreadcrumbList","@id":"https:\/\/hubsch-interior.com\/fr\/produit\/forma-chariot-naturel\/#breadcrumb","itemListElement":[{"@type":"ListItem","position":1,"name":"Page d'accueil","item":"https:\/\/hubsch-interior.com\/fr\/"},{"@type":"ListItem","position":2,"name":"Produits","item":"https:\/\/hubsch-interior.com\/fr\/shop-2\/"},{"@type":"ListItem","position":3,"name":"Forma Chariot Naturel"}]},{"@type":"WebSite","@id":"https:\/\/hubsch-interior.com\/fr\/#website","url":"https:\/\/hubsch-interior.com\/fr\/","name":"H\u00fcbsch","description":"Danish Home Interior and Design","publisher":{"@id":"https:\/\/hubsch-interior.com\/fr\/#organization"},"potentialAction":[{"@type":"SearchAction","target":{"@type":"EntryPoint","urlTemplate":"https:\/\/hubsch-interior.com\/fr\/?s={search_term_string}"},"query-input":{"@type":"PropertyValueSpecification","valueRequired":true,"valueName":"search_term_string"}}],"inLanguage":"fr-FR"},{"@type":"Organization","@id":"https:\/\/hubsch-interior.com\/fr\/#organization","name":"H\u00fcbsch","url":"https:\/\/hubsch-interior.com\/fr\/","logo":{"@type":"ImageObject","inLanguage":"fr-FR","@id":"https:\/\/hubsch-interior.com\/fr\/#\/schema\/logo\/image\/","url":"https:\/\/hubsch-interior.com\/wp-content\/uploads\/2022\/12\/Hubsch_logo_black_one_line.svg","contentUrl":"https:\/\/hubsch-interior.com\/wp-content\/uploads\/2022\/12\/Hubsch_logo_black_one_line.svg","caption":"H\u00fcbsch"},"image":{"@id":"https:\/\/hubsch-interior.com\/fr\/#\/schema\/logo\/image\/"}}]}},"_links":{"self":[{"href":"https:\/\/hubsch-interior.com\/fr\/wp-json\/wp\/v2\/product\/1087904","targetHints":{"allow":["GET"]}}],"collection":[{"href":"https:\/\/hubsch-interior.com\/fr\/wp-json\/wp\/v2\/product"}],"about":[{"href":"https:\/\/hubsch-interior.com\/fr\/wp-json\/wp\/v2\/types\/product"}],"wp:featuredmedia":[{"embeddable":true,"href":"https:\/\/hubsch-interior.com\/fr\/wp-json\/wp\/v2\/media\/1105116"}],"wp:attachment":[{"href":"https:\/\/hubsch-interior.com\/fr\/wp-json\/wp\/v2\/media?parent=1087904"}],"wp:term":[{"taxonomy":"product_brand","embeddable":true,"href":"https:\/\/hubsch-interior.com\/fr\/wp-json\/wp\/v2\/product_brand?post=1087904"},{"taxonomy":"product_cat","embeddable":true,"href":"https:\/\/hubsch-interior.com\/fr\/wp-json\/wp\/v2\/product_cat?post=1087904"},{"taxonomy":"product_tag","embeddable":true,"href":"https:\/\/hubsch-interior.com\/fr\/wp-json\/wp\/v2\/product_tag?post=1087904"}],"curies":[{"name":"wp","href":"https:\/\/api.w.org\/{rel}","templated":true}]}}