{"id":1087928,"date":"2026-01-31T04:36:43","date_gmt":"2026-01-31T03:36:43","guid":{"rendered":"https:\/\/hubsch-interior.com\/product\/product\/"},"modified":"2026-04-05T05:00:21","modified_gmt":"2026-04-05T03:00:21","slug":"base-miroir-naturel","status":"publish","type":"product","link":"https:\/\/hubsch-interior.com\/fr\/produit\/base-miroir-naturel\/","title":{"rendered":"Base Miroir Naturel"},"content":{"rendered":"<p>De petite taille, mais riche en d\u00e9tails. Le Base Miroir apporte une douce chaleur \u00e0 votre espace, gr\u00e2ce \u00e0 un cadre en ch\u00eane naturel qui offre une sensation \u00e0 la fois solide et raffin\u00e9e. Son \u00e9tag\u00e8re discr\u00e8te permet de garder \u00e0 port\u00e9e de main les essentiels du quotidien \u2014 comme des cl\u00e9s, des bijoux, ou un parfum \u2014, rendant ce miroir parfaitement adapt\u00e9 pour des couloirs compacts ou des coins de chambre apaisants. Con\u00e7u de mani\u00e8re r\u00e9fl\u00e9chie \u00e0 partir de bois certifi\u00e9 FSC, c\u2019est un objet qui refl\u00e8te plus que votre image. Il apporte clart\u00e9, s\u00e9r\u00e9nit\u00e9 et une utilit\u00e9 discr\u00e8te \u00e0 votre quotidien.<\/p>\n","protected":false},"excerpt":{"rendered":"<p>De petite taille, mais riche en d\u00e9tails. Le Base Miroir apporte une douce chaleur \u00e0 votre espace, gr\u00e2ce \u00e0 un cadre en ch\u00eane naturel qui offre une sensation \u00e0 la fois solide et raffin\u00e9e. Son \u00e9tag\u00e8re discr\u00e8te permet de garder \u00e0 port\u00e9e de main les essentiels du quotidien \u2014 comme des cl\u00e9s, des bijoux, ou [&hellip;]<\/p>\n","protected":false},"featured_media":1105136,"template":"","meta":{"_acf_changed":false,"inline_featured_image":false},"product_brand":[],"product_cat":[7154,6322,2923,2924,5046],"product_tag":[],"class_list":{"0":"post-1087928","1":"product","2":"type-product","3":"status-publish","4":"has-post-thumbnail","6":"product_cat-dweller-fr","7":"product_cat-fsc-fr","8":"product_cat-miroirs-fr","9":"product_cat-miroirs-muraux-fr","10":"product_cat-nouveautes-fr","11":"product_shipping_class-pk","13":"pa_color-naturel-2","14":"pa_material-mdf-fr","15":"pa_material-verre","16":"pa_material-bois-de-chne-2","17":"pa_material-placage-de-chne-2","19":"first","20":"instock","21":"taxable","22":"shipping-taxable","23":"purchasable","24":"product-type-simple"},"exclude_global_add_ons":[],"addons":[],"acf":[],"yoast_head":"<!-- This site is optimized with the Yoast SEO plugin v26.4 - https:\/\/yoast.com\/wordpress\/plugins\/seo\/ -->\n<title>Base Miroir Naturel - H\u00fcbsch<\/title>\n<meta name=\"description\" content=\"De petite taille, mais riche en d\u00e9tails. Le Base Miroir apporte une douce chaleur \u00e0 votre espace, gr\u00e2ce \u00e0 un cadre en ch\u00eane naturel qui offre une\" \/>\n<meta name=\"robots\" content=\"index, follow, max-snippet:-1, max-image-preview:large, max-video-preview:-1\" \/>\n<link rel=\"canonical\" href=\"https:\/\/hubsch-interior.com\/fr\/wp-json\/wp\/v2\/product\/1087928\" \/>\n<meta property=\"og:locale\" content=\"fr_FR\" \/>\n<meta property=\"og:type\" content=\"article\" \/>\n<meta property=\"og:title\" content=\"Base Miroir Naturel - H\u00fcbsch\" \/>\n<meta property=\"og:description\" content=\"De petite taille, mais riche en d\u00e9tails. Le Base Miroir apporte une douce chaleur \u00e0 votre espace, gr\u00e2ce \u00e0 un cadre en ch\u00eane naturel qui offre une\" \/>\n<meta property=\"og:url\" content=\"https:\/\/hubsch-interior.com\/fr\/produit\/base-miroir-naturel\/\" \/>\n<meta property=\"og:site_name\" content=\"H\u00fcbsch\" \/>\n<meta property=\"article:modified_time\" content=\"2026-04-05T03:00:21+00:00\" \/>\n<meta property=\"og:image\" content=\"https:\/\/hubsch-interior.com\/wp-content\/uploads\/2026\/01\/base-mirror-natural-623ef2d56f495b1644edb100ac10fa08.jpg\" \/>\n\t<meta property=\"og:image:width\" content=\"1200\" \/>\n\t<meta property=\"og:image:height\" content=\"1200\" \/>\n\t<meta property=\"og:image:type\" content=\"image\/jpeg\" \/>\n<meta name=\"twitter:card\" content=\"summary_large_image\" \/>\n<meta name=\"twitter:label1\" content=\"Dur\u00e9e de lecture estim\u00e9e\" \/>\n\t<meta name=\"twitter:data1\" content=\"1 minute\" \/>\n<script type=\"application\/ld+json\" class=\"yoast-schema-graph\">{\"@context\":\"https:\/\/schema.org\",\"@graph\":[{\"@type\":\"WebPage\",\"@id\":\"https:\/\/hubsch-interior.com\/fr\/produit\/base-miroir-naturel\/\",\"url\":\"https:\/\/hubsch-interior.com\/fr\/produit\/base-miroir-naturel\/\",\"name\":\"Base Miroir Naturel - H\u00fcbsch\",\"isPartOf\":{\"@id\":\"https:\/\/hubsch-interior.com\/fr\/#website\"},\"primaryImageOfPage\":{\"@id\":\"https:\/\/hubsch-interior.com\/fr\/produit\/base-miroir-naturel\/#primaryimage\"},\"image\":{\"@id\":\"https:\/\/hubsch-interior.com\/fr\/produit\/base-miroir-naturel\/#primaryimage\"},\"thumbnailUrl\":\"https:\/\/hubsch-interior.com\/wp-content\/uploads\/2026\/02\/base-mirror-natural-f65e1d72bfb6d8aa6da38c7a3c3af12b.jpg\",\"datePublished\":\"2026-01-31T03:36:43+00:00\",\"dateModified\":\"2026-04-05T03:00:21+00:00\",\"description\":\"De petite taille, mais riche en d\u00e9tails. Le Base Miroir apporte une douce chaleur \u00e0 votre espace, gr\u00e2ce \u00e0 un cadre en ch\u00eane naturel qui offre une\",\"breadcrumb\":{\"@id\":\"https:\/\/hubsch-interior.com\/fr\/produit\/base-miroir-naturel\/#breadcrumb\"},\"inLanguage\":\"fr-FR\",\"potentialAction\":[{\"@type\":\"ReadAction\",\"target\":[\"https:\/\/hubsch-interior.com\/fr\/produit\/base-miroir-naturel\/\"]}]},{\"@type\":\"ImageObject\",\"inLanguage\":\"fr-FR\",\"@id\":\"https:\/\/hubsch-interior.com\/fr\/produit\/base-miroir-naturel\/#primaryimage\",\"url\":\"https:\/\/hubsch-interior.com\/wp-content\/uploads\/2026\/02\/base-mirror-natural-f65e1d72bfb6d8aa6da38c7a3c3af12b.jpg\",\"contentUrl\":\"https:\/\/hubsch-interior.com\/wp-content\/uploads\/2026\/02\/base-mirror-natural-f65e1d72bfb6d8aa6da38c7a3c3af12b.jpg\",\"width\":1024,\"height\":1024},{\"@type\":\"BreadcrumbList\",\"@id\":\"https:\/\/hubsch-interior.com\/fr\/produit\/base-miroir-naturel\/#breadcrumb\",\"itemListElement\":[{\"@type\":\"ListItem\",\"position\":1,\"name\":\"Page d'accueil\",\"item\":\"https:\/\/hubsch-interior.com\/fr\/\"},{\"@type\":\"ListItem\",\"position\":2,\"name\":\"Produits\",\"item\":\"https:\/\/hubsch-interior.com\/fr\/shop-2\/\"},{\"@type\":\"ListItem\",\"position\":3,\"name\":\"Base Miroir Naturel\"}]},{\"@type\":\"WebSite\",\"@id\":\"https:\/\/hubsch-interior.com\/fr\/#website\",\"url\":\"https:\/\/hubsch-interior.com\/fr\/\",\"name\":\"H\u00fcbsch\",\"description\":\"Danish Home Interior and Design\",\"publisher\":{\"@id\":\"https:\/\/hubsch-interior.com\/fr\/#organization\"},\"potentialAction\":[{\"@type\":\"SearchAction\",\"target\":{\"@type\":\"EntryPoint\",\"urlTemplate\":\"https:\/\/hubsch-interior.com\/fr\/?s={search_term_string}\"},\"query-input\":{\"@type\":\"PropertyValueSpecification\",\"valueRequired\":true,\"valueName\":\"search_term_string\"}}],\"inLanguage\":\"fr-FR\"},{\"@type\":\"Organization\",\"@id\":\"https:\/\/hubsch-interior.com\/fr\/#organization\",\"name\":\"H\u00fcbsch\",\"url\":\"https:\/\/hubsch-interior.com\/fr\/\",\"logo\":{\"@type\":\"ImageObject\",\"inLanguage\":\"fr-FR\",\"@id\":\"https:\/\/hubsch-interior.com\/fr\/#\/schema\/logo\/image\/\",\"url\":\"https:\/\/hubsch-interior.com\/wp-content\/uploads\/2022\/12\/Hubsch_logo_black_one_line.svg\",\"contentUrl\":\"https:\/\/hubsch-interior.com\/wp-content\/uploads\/2022\/12\/Hubsch_logo_black_one_line.svg\",\"caption\":\"H\u00fcbsch\"},\"image\":{\"@id\":\"https:\/\/hubsch-interior.com\/fr\/#\/schema\/logo\/image\/\"}}]}<\/script>\n<!-- \/ Yoast SEO plugin. -->","yoast_head_json":{"title":"Base Miroir Naturel - H\u00fcbsch","description":"De petite taille, mais riche en d\u00e9tails. Le Base Miroir apporte une douce chaleur \u00e0 votre espace, gr\u00e2ce \u00e0 un cadre en ch\u00eane naturel qui offre une","robots":{"index":"index","follow":"follow","max-snippet":"max-snippet:-1","max-image-preview":"max-image-preview:large","max-video-preview":"max-video-preview:-1"},"canonical":"https:\/\/hubsch-interior.com\/fr\/wp-json\/wp\/v2\/product\/1087928","og_locale":"fr_FR","og_type":"article","og_title":"Base Miroir Naturel - H\u00fcbsch","og_description":"De petite taille, mais riche en d\u00e9tails. Le Base Miroir apporte une douce chaleur \u00e0 votre espace, gr\u00e2ce \u00e0 un cadre en ch\u00eane naturel qui offre une","og_url":"https:\/\/hubsch-interior.com\/fr\/produit\/base-miroir-naturel\/","og_site_name":"H\u00fcbsch","article_modified_time":"2026-04-05T03:00:21+00:00","og_image":[{"width":1200,"height":1200,"url":"https:\/\/hubsch-interior.com\/wp-content\/uploads\/2026\/01\/base-mirror-natural-623ef2d56f495b1644edb100ac10fa08.jpg","type":"image\/jpeg"}],"twitter_card":"summary_large_image","twitter_misc":{"Dur\u00e9e de lecture estim\u00e9e":"1 minute"},"schema":{"@context":"https:\/\/schema.org","@graph":[{"@type":"WebPage","@id":"https:\/\/hubsch-interior.com\/fr\/produit\/base-miroir-naturel\/","url":"https:\/\/hubsch-interior.com\/fr\/produit\/base-miroir-naturel\/","name":"Base Miroir Naturel - H\u00fcbsch","isPartOf":{"@id":"https:\/\/hubsch-interior.com\/fr\/#website"},"primaryImageOfPage":{"@id":"https:\/\/hubsch-interior.com\/fr\/produit\/base-miroir-naturel\/#primaryimage"},"image":{"@id":"https:\/\/hubsch-interior.com\/fr\/produit\/base-miroir-naturel\/#primaryimage"},"thumbnailUrl":"https:\/\/hubsch-interior.com\/wp-content\/uploads\/2026\/02\/base-mirror-natural-f65e1d72bfb6d8aa6da38c7a3c3af12b.jpg","datePublished":"2026-01-31T03:36:43+00:00","dateModified":"2026-04-05T03:00:21+00:00","description":"De petite taille, mais riche en d\u00e9tails. Le Base Miroir apporte une douce chaleur \u00e0 votre espace, gr\u00e2ce \u00e0 un cadre en ch\u00eane naturel qui offre une","breadcrumb":{"@id":"https:\/\/hubsch-interior.com\/fr\/produit\/base-miroir-naturel\/#breadcrumb"},"inLanguage":"fr-FR","potentialAction":[{"@type":"ReadAction","target":["https:\/\/hubsch-interior.com\/fr\/produit\/base-miroir-naturel\/"]}]},{"@type":"ImageObject","inLanguage":"fr-FR","@id":"https:\/\/hubsch-interior.com\/fr\/produit\/base-miroir-naturel\/#primaryimage","url":"https:\/\/hubsch-interior.com\/wp-content\/uploads\/2026\/02\/base-mirror-natural-f65e1d72bfb6d8aa6da38c7a3c3af12b.jpg","contentUrl":"https:\/\/hubsch-interior.com\/wp-content\/uploads\/2026\/02\/base-mirror-natural-f65e1d72bfb6d8aa6da38c7a3c3af12b.jpg","width":1024,"height":1024},{"@type":"BreadcrumbList","@id":"https:\/\/hubsch-interior.com\/fr\/produit\/base-miroir-naturel\/#breadcrumb","itemListElement":[{"@type":"ListItem","position":1,"name":"Page d'accueil","item":"https:\/\/hubsch-interior.com\/fr\/"},{"@type":"ListItem","position":2,"name":"Produits","item":"https:\/\/hubsch-interior.com\/fr\/shop-2\/"},{"@type":"ListItem","position":3,"name":"Base Miroir Naturel"}]},{"@type":"WebSite","@id":"https:\/\/hubsch-interior.com\/fr\/#website","url":"https:\/\/hubsch-interior.com\/fr\/","name":"H\u00fcbsch","description":"Danish Home Interior and Design","publisher":{"@id":"https:\/\/hubsch-interior.com\/fr\/#organization"},"potentialAction":[{"@type":"SearchAction","target":{"@type":"EntryPoint","urlTemplate":"https:\/\/hubsch-interior.com\/fr\/?s={search_term_string}"},"query-input":{"@type":"PropertyValueSpecification","valueRequired":true,"valueName":"search_term_string"}}],"inLanguage":"fr-FR"},{"@type":"Organization","@id":"https:\/\/hubsch-interior.com\/fr\/#organization","name":"H\u00fcbsch","url":"https:\/\/hubsch-interior.com\/fr\/","logo":{"@type":"ImageObject","inLanguage":"fr-FR","@id":"https:\/\/hubsch-interior.com\/fr\/#\/schema\/logo\/image\/","url":"https:\/\/hubsch-interior.com\/wp-content\/uploads\/2022\/12\/Hubsch_logo_black_one_line.svg","contentUrl":"https:\/\/hubsch-interior.com\/wp-content\/uploads\/2022\/12\/Hubsch_logo_black_one_line.svg","caption":"H\u00fcbsch"},"image":{"@id":"https:\/\/hubsch-interior.com\/fr\/#\/schema\/logo\/image\/"}}]}},"_links":{"self":[{"href":"https:\/\/hubsch-interior.com\/fr\/wp-json\/wp\/v2\/product\/1087928","targetHints":{"allow":["GET"]}}],"collection":[{"href":"https:\/\/hubsch-interior.com\/fr\/wp-json\/wp\/v2\/product"}],"about":[{"href":"https:\/\/hubsch-interior.com\/fr\/wp-json\/wp\/v2\/types\/product"}],"wp:featuredmedia":[{"embeddable":true,"href":"https:\/\/hubsch-interior.com\/fr\/wp-json\/wp\/v2\/media\/1105136"}],"wp:attachment":[{"href":"https:\/\/hubsch-interior.com\/fr\/wp-json\/wp\/v2\/media?parent=1087928"}],"wp:term":[{"taxonomy":"product_brand","embeddable":true,"href":"https:\/\/hubsch-interior.com\/fr\/wp-json\/wp\/v2\/product_brand?post=1087928"},{"taxonomy":"product_cat","embeddable":true,"href":"https:\/\/hubsch-interior.com\/fr\/wp-json\/wp\/v2\/product_cat?post=1087928"},{"taxonomy":"product_tag","embeddable":true,"href":"https:\/\/hubsch-interior.com\/fr\/wp-json\/wp\/v2\/product_tag?post=1087928"}],"curies":[{"name":"wp","href":"https:\/\/api.w.org\/{rel}","templated":true}]}}