{"id":1087960,"date":"2026-01-31T04:36:56","date_gmt":"2026-01-31T03:36:56","guid":{"rendered":"https:\/\/hubsch-interior.com\/product\/product\/"},"modified":"2026-04-06T04:54:32","modified_gmt":"2026-04-06T02:54:32","slug":"ark-commode-naturel","status":"publish","type":"product","link":"https:\/\/hubsch-interior.com\/fr\/produit\/ark-commode-naturel\/","title":{"rendered":"Ark Commode Naturel"},"content":{"rendered":"<p>Rangement avec une histoire \u00e0 raconter. L&#8217;Armoire Ark en ch\u00eane certifi\u00e9 FSC et aux tons chaleureux apporte structure et \u00e2me \u00e0 votre espace, offrant un acc\u00e8s ouvert en haut pour exposer ou servir, et un rangement dissimul\u00e9 en bas pour maintenir un ordre impeccable. Ses lignes \u00e9pur\u00e9es et son agencement r\u00e9fl\u00e9chi la rendent tout aussi \u00e0 l&#8217;aise dans un salon, un couloir ou un bureau. Des n\u00e9cessit\u00e9s quotidiennes aux r\u00e9ceptions du week-end, elle passe ais\u00e9ment de la fonction au ressenti. Un compagnon polyvalent au charme discret \u2014 pr\u00eat \u00e0 se transformer au gr\u00e9 de vos rituels quotidiens.<\/p>\n","protected":false},"excerpt":{"rendered":"<p>Rangement avec une histoire \u00e0 raconter. L&#8217;Armoire Ark en ch\u00eane certifi\u00e9 FSC et aux tons chaleureux apporte structure et \u00e2me \u00e0 votre espace, offrant un acc\u00e8s ouvert en haut pour exposer ou servir, et un rangement dissimul\u00e9 en bas pour maintenir un ordre impeccable. Ses lignes \u00e9pur\u00e9es et son agencement r\u00e9fl\u00e9chi la rendent tout aussi [&hellip;]<\/p>\n","protected":false},"featured_media":1105156,"template":"","meta":{"_acf_changed":false,"inline_featured_image":false},"product_brand":[],"product_cat":[7154,6322,4001,4920,5046],"product_tag":[],"class_list":{"0":"post-1087960","1":"product","2":"type-product","3":"status-publish","4":"has-post-thumbnail","6":"product_cat-dweller-fr","7":"product_cat-fsc-fr","8":"product_cat-etageres-et-meubles-de-rangement-fr","9":"product_cat-commodes-buffets-fr","10":"product_cat-nouveautes-fr","11":"product_shipping_class-p10","13":"pa_color-naturel-2","14":"pa_material-mdf-fr","15":"pa_material-bois-de-chne-2","16":"pa_material-placage-de-chne-2","18":"first","19":"instock","20":"taxable","21":"shipping-taxable","22":"purchasable","23":"product-type-simple"},"exclude_global_add_ons":[],"addons":[],"acf":[],"yoast_head":"<!-- This site is optimized with the Yoast SEO plugin v26.4 - https:\/\/yoast.com\/wordpress\/plugins\/seo\/ -->\n<title>Ark Commode Naturel - H\u00fcbsch<\/title>\n<meta name=\"description\" content=\"Rangement avec une histoire \u00e0 raconter. L&#039;Armoire Ark en ch\u00eane certifi\u00e9 FSC et aux tons chaleureux apporte structure et \u00e2me \u00e0 votre espace, offrant un\" \/>\n<meta name=\"robots\" content=\"index, follow, max-snippet:-1, max-image-preview:large, max-video-preview:-1\" \/>\n<link rel=\"canonical\" href=\"https:\/\/hubsch-interior.com\/fr\/wp-json\/wp\/v2\/product\/1087960\" \/>\n<meta property=\"og:locale\" content=\"fr_FR\" \/>\n<meta property=\"og:type\" content=\"article\" \/>\n<meta property=\"og:title\" content=\"Ark Commode Naturel - H\u00fcbsch\" \/>\n<meta property=\"og:description\" content=\"Rangement avec une histoire \u00e0 raconter. L&#039;Armoire Ark en ch\u00eane certifi\u00e9 FSC et aux tons chaleureux apporte structure et \u00e2me \u00e0 votre espace, offrant un\" \/>\n<meta property=\"og:url\" content=\"https:\/\/hubsch-interior.com\/fr\/produit\/ark-commode-naturel\/\" \/>\n<meta property=\"og:site_name\" content=\"H\u00fcbsch\" \/>\n<meta property=\"article:modified_time\" content=\"2026-04-06T02:54:32+00:00\" \/>\n<meta property=\"og:image\" content=\"https:\/\/hubsch-interior.com\/wp-content\/uploads\/2026\/01\/ark-cabinet-natural-f7a49fb3b9c45c089275e699a4a55f43.jpg\" \/>\n\t<meta property=\"og:image:width\" content=\"1200\" \/>\n\t<meta property=\"og:image:height\" content=\"1200\" \/>\n\t<meta property=\"og:image:type\" content=\"image\/jpeg\" \/>\n<meta name=\"twitter:card\" content=\"summary_large_image\" \/>\n<meta name=\"twitter:label1\" content=\"Dur\u00e9e de lecture estim\u00e9e\" \/>\n\t<meta name=\"twitter:data1\" content=\"1 minute\" \/>\n<script type=\"application\/ld+json\" class=\"yoast-schema-graph\">{\"@context\":\"https:\/\/schema.org\",\"@graph\":[{\"@type\":\"WebPage\",\"@id\":\"https:\/\/hubsch-interior.com\/fr\/produit\/ark-commode-naturel\/\",\"url\":\"https:\/\/hubsch-interior.com\/fr\/produit\/ark-commode-naturel\/\",\"name\":\"Ark Commode Naturel - H\u00fcbsch\",\"isPartOf\":{\"@id\":\"https:\/\/hubsch-interior.com\/fr\/#website\"},\"primaryImageOfPage\":{\"@id\":\"https:\/\/hubsch-interior.com\/fr\/produit\/ark-commode-naturel\/#primaryimage\"},\"image\":{\"@id\":\"https:\/\/hubsch-interior.com\/fr\/produit\/ark-commode-naturel\/#primaryimage\"},\"thumbnailUrl\":\"https:\/\/hubsch-interior.com\/wp-content\/uploads\/2026\/02\/ark-cabinet-natural-ce1f564be10ca8c2b9989b328fce3637.jpg\",\"datePublished\":\"2026-01-31T03:36:56+00:00\",\"dateModified\":\"2026-04-06T02:54:32+00:00\",\"description\":\"Rangement avec une histoire \u00e0 raconter. L'Armoire Ark en ch\u00eane certifi\u00e9 FSC et aux tons chaleureux apporte structure et \u00e2me \u00e0 votre espace, offrant un\",\"breadcrumb\":{\"@id\":\"https:\/\/hubsch-interior.com\/fr\/produit\/ark-commode-naturel\/#breadcrumb\"},\"inLanguage\":\"fr-FR\",\"potentialAction\":[{\"@type\":\"ReadAction\",\"target\":[\"https:\/\/hubsch-interior.com\/fr\/produit\/ark-commode-naturel\/\"]}]},{\"@type\":\"ImageObject\",\"inLanguage\":\"fr-FR\",\"@id\":\"https:\/\/hubsch-interior.com\/fr\/produit\/ark-commode-naturel\/#primaryimage\",\"url\":\"https:\/\/hubsch-interior.com\/wp-content\/uploads\/2026\/02\/ark-cabinet-natural-ce1f564be10ca8c2b9989b328fce3637.jpg\",\"contentUrl\":\"https:\/\/hubsch-interior.com\/wp-content\/uploads\/2026\/02\/ark-cabinet-natural-ce1f564be10ca8c2b9989b328fce3637.jpg\",\"width\":1024,\"height\":1024},{\"@type\":\"BreadcrumbList\",\"@id\":\"https:\/\/hubsch-interior.com\/fr\/produit\/ark-commode-naturel\/#breadcrumb\",\"itemListElement\":[{\"@type\":\"ListItem\",\"position\":1,\"name\":\"Page d'accueil\",\"item\":\"https:\/\/hubsch-interior.com\/fr\/\"},{\"@type\":\"ListItem\",\"position\":2,\"name\":\"Produits\",\"item\":\"https:\/\/hubsch-interior.com\/fr\/shop-2\/\"},{\"@type\":\"ListItem\",\"position\":3,\"name\":\"Ark Commode Naturel\"}]},{\"@type\":\"WebSite\",\"@id\":\"https:\/\/hubsch-interior.com\/fr\/#website\",\"url\":\"https:\/\/hubsch-interior.com\/fr\/\",\"name\":\"H\u00fcbsch\",\"description\":\"Danish Home Interior and Design\",\"publisher\":{\"@id\":\"https:\/\/hubsch-interior.com\/fr\/#organization\"},\"potentialAction\":[{\"@type\":\"SearchAction\",\"target\":{\"@type\":\"EntryPoint\",\"urlTemplate\":\"https:\/\/hubsch-interior.com\/fr\/?s={search_term_string}\"},\"query-input\":{\"@type\":\"PropertyValueSpecification\",\"valueRequired\":true,\"valueName\":\"search_term_string\"}}],\"inLanguage\":\"fr-FR\"},{\"@type\":\"Organization\",\"@id\":\"https:\/\/hubsch-interior.com\/fr\/#organization\",\"name\":\"H\u00fcbsch\",\"url\":\"https:\/\/hubsch-interior.com\/fr\/\",\"logo\":{\"@type\":\"ImageObject\",\"inLanguage\":\"fr-FR\",\"@id\":\"https:\/\/hubsch-interior.com\/fr\/#\/schema\/logo\/image\/\",\"url\":\"https:\/\/hubsch-interior.com\/wp-content\/uploads\/2022\/12\/Hubsch_logo_black_one_line.svg\",\"contentUrl\":\"https:\/\/hubsch-interior.com\/wp-content\/uploads\/2022\/12\/Hubsch_logo_black_one_line.svg\",\"caption\":\"H\u00fcbsch\"},\"image\":{\"@id\":\"https:\/\/hubsch-interior.com\/fr\/#\/schema\/logo\/image\/\"}}]}<\/script>\n<!-- \/ Yoast SEO plugin. -->","yoast_head_json":{"title":"Ark Commode Naturel - H\u00fcbsch","description":"Rangement avec une histoire \u00e0 raconter. L'Armoire Ark en ch\u00eane certifi\u00e9 FSC et aux tons chaleureux apporte structure et \u00e2me \u00e0 votre espace, offrant un","robots":{"index":"index","follow":"follow","max-snippet":"max-snippet:-1","max-image-preview":"max-image-preview:large","max-video-preview":"max-video-preview:-1"},"canonical":"https:\/\/hubsch-interior.com\/fr\/wp-json\/wp\/v2\/product\/1087960","og_locale":"fr_FR","og_type":"article","og_title":"Ark Commode Naturel - H\u00fcbsch","og_description":"Rangement avec une histoire \u00e0 raconter. L'Armoire Ark en ch\u00eane certifi\u00e9 FSC et aux tons chaleureux apporte structure et \u00e2me \u00e0 votre espace, offrant un","og_url":"https:\/\/hubsch-interior.com\/fr\/produit\/ark-commode-naturel\/","og_site_name":"H\u00fcbsch","article_modified_time":"2026-04-06T02:54:32+00:00","og_image":[{"width":1200,"height":1200,"url":"https:\/\/hubsch-interior.com\/wp-content\/uploads\/2026\/01\/ark-cabinet-natural-f7a49fb3b9c45c089275e699a4a55f43.jpg","type":"image\/jpeg"}],"twitter_card":"summary_large_image","twitter_misc":{"Dur\u00e9e de lecture estim\u00e9e":"1 minute"},"schema":{"@context":"https:\/\/schema.org","@graph":[{"@type":"WebPage","@id":"https:\/\/hubsch-interior.com\/fr\/produit\/ark-commode-naturel\/","url":"https:\/\/hubsch-interior.com\/fr\/produit\/ark-commode-naturel\/","name":"Ark Commode Naturel - H\u00fcbsch","isPartOf":{"@id":"https:\/\/hubsch-interior.com\/fr\/#website"},"primaryImageOfPage":{"@id":"https:\/\/hubsch-interior.com\/fr\/produit\/ark-commode-naturel\/#primaryimage"},"image":{"@id":"https:\/\/hubsch-interior.com\/fr\/produit\/ark-commode-naturel\/#primaryimage"},"thumbnailUrl":"https:\/\/hubsch-interior.com\/wp-content\/uploads\/2026\/02\/ark-cabinet-natural-ce1f564be10ca8c2b9989b328fce3637.jpg","datePublished":"2026-01-31T03:36:56+00:00","dateModified":"2026-04-06T02:54:32+00:00","description":"Rangement avec une histoire \u00e0 raconter. L'Armoire Ark en ch\u00eane certifi\u00e9 FSC et aux tons chaleureux apporte structure et \u00e2me \u00e0 votre espace, offrant un","breadcrumb":{"@id":"https:\/\/hubsch-interior.com\/fr\/produit\/ark-commode-naturel\/#breadcrumb"},"inLanguage":"fr-FR","potentialAction":[{"@type":"ReadAction","target":["https:\/\/hubsch-interior.com\/fr\/produit\/ark-commode-naturel\/"]}]},{"@type":"ImageObject","inLanguage":"fr-FR","@id":"https:\/\/hubsch-interior.com\/fr\/produit\/ark-commode-naturel\/#primaryimage","url":"https:\/\/hubsch-interior.com\/wp-content\/uploads\/2026\/02\/ark-cabinet-natural-ce1f564be10ca8c2b9989b328fce3637.jpg","contentUrl":"https:\/\/hubsch-interior.com\/wp-content\/uploads\/2026\/02\/ark-cabinet-natural-ce1f564be10ca8c2b9989b328fce3637.jpg","width":1024,"height":1024},{"@type":"BreadcrumbList","@id":"https:\/\/hubsch-interior.com\/fr\/produit\/ark-commode-naturel\/#breadcrumb","itemListElement":[{"@type":"ListItem","position":1,"name":"Page d'accueil","item":"https:\/\/hubsch-interior.com\/fr\/"},{"@type":"ListItem","position":2,"name":"Produits","item":"https:\/\/hubsch-interior.com\/fr\/shop-2\/"},{"@type":"ListItem","position":3,"name":"Ark Commode Naturel"}]},{"@type":"WebSite","@id":"https:\/\/hubsch-interior.com\/fr\/#website","url":"https:\/\/hubsch-interior.com\/fr\/","name":"H\u00fcbsch","description":"Danish Home Interior and Design","publisher":{"@id":"https:\/\/hubsch-interior.com\/fr\/#organization"},"potentialAction":[{"@type":"SearchAction","target":{"@type":"EntryPoint","urlTemplate":"https:\/\/hubsch-interior.com\/fr\/?s={search_term_string}"},"query-input":{"@type":"PropertyValueSpecification","valueRequired":true,"valueName":"search_term_string"}}],"inLanguage":"fr-FR"},{"@type":"Organization","@id":"https:\/\/hubsch-interior.com\/fr\/#organization","name":"H\u00fcbsch","url":"https:\/\/hubsch-interior.com\/fr\/","logo":{"@type":"ImageObject","inLanguage":"fr-FR","@id":"https:\/\/hubsch-interior.com\/fr\/#\/schema\/logo\/image\/","url":"https:\/\/hubsch-interior.com\/wp-content\/uploads\/2022\/12\/Hubsch_logo_black_one_line.svg","contentUrl":"https:\/\/hubsch-interior.com\/wp-content\/uploads\/2022\/12\/Hubsch_logo_black_one_line.svg","caption":"H\u00fcbsch"},"image":{"@id":"https:\/\/hubsch-interior.com\/fr\/#\/schema\/logo\/image\/"}}]}},"_links":{"self":[{"href":"https:\/\/hubsch-interior.com\/fr\/wp-json\/wp\/v2\/product\/1087960","targetHints":{"allow":["GET"]}}],"collection":[{"href":"https:\/\/hubsch-interior.com\/fr\/wp-json\/wp\/v2\/product"}],"about":[{"href":"https:\/\/hubsch-interior.com\/fr\/wp-json\/wp\/v2\/types\/product"}],"wp:featuredmedia":[{"embeddable":true,"href":"https:\/\/hubsch-interior.com\/fr\/wp-json\/wp\/v2\/media\/1105156"}],"wp:attachment":[{"href":"https:\/\/hubsch-interior.com\/fr\/wp-json\/wp\/v2\/media?parent=1087960"}],"wp:term":[{"taxonomy":"product_brand","embeddable":true,"href":"https:\/\/hubsch-interior.com\/fr\/wp-json\/wp\/v2\/product_brand?post=1087960"},{"taxonomy":"product_cat","embeddable":true,"href":"https:\/\/hubsch-interior.com\/fr\/wp-json\/wp\/v2\/product_cat?post=1087960"},{"taxonomy":"product_tag","embeddable":true,"href":"https:\/\/hubsch-interior.com\/fr\/wp-json\/wp\/v2\/product_tag?post=1087960"}],"curies":[{"name":"wp","href":"https:\/\/api.w.org\/{rel}","templated":true}]}}