{"id":1087988,"date":"2026-01-31T04:37:10","date_gmt":"2026-01-31T03:37:10","guid":{"rendered":"https:\/\/hubsch-interior.com\/product\/product\/"},"modified":"2026-04-05T05:00:30","modified_gmt":"2026-04-05T03:00:30","slug":"merge-tables-de-chevet-naturel","status":"publish","type":"product","link":"https:\/\/hubsch-interior.com\/fr\/produit\/merge-tables-de-chevet-naturel\/","title":{"rendered":"Merge Tables de chevet Naturel"},"content":{"rendered":"<p>Un compagnon de nuit \u00e0 la fois pratique et \u00e9l\u00e9gant. La Table de chevet Merge apporte une clart\u00e9 graphique et un charme discret \u00e0 votre chambre, avec des \u00e9tag\u00e8res ouvertes pour garder \u00e0 port\u00e9e de main livres, lunettes et essentiels nocturnes. Ses tons chaleureux de ch\u00eane invitent \u00e0 la s\u00e9r\u00e9nit\u00e9 naturelle, tandis que son design \u00e9pur\u00e9 refl\u00e8te l&#8217;esth\u00e9tique appr\u00e9ci\u00e9e de la famille Merge. Fabriqu\u00e9e \u00e0 partir de bois certifi\u00e9 FSC, elle est con\u00e7ue avec soin \u2014 pour votre espace, vos routines, et le monde qui vous entoure. Une pr\u00e9sence petite mais stable qui soutient vos soir\u00e9es, vos matins, et tout ce qui se trouve entre les deux.<\/p>\n","protected":false},"excerpt":{"rendered":"<p>Un compagnon de nuit \u00e0 la fois pratique et \u00e9l\u00e9gant. La Table de chevet Merge apporte une clart\u00e9 graphique et un charme discret \u00e0 votre chambre, avec des \u00e9tag\u00e8res ouvertes pour garder \u00e0 port\u00e9e de main livres, lunettes et essentiels nocturnes. Ses tons chaleureux de ch\u00eane invitent \u00e0 la s\u00e9r\u00e9nit\u00e9 naturelle, tandis que son design [&hellip;]<\/p>\n","protected":false},"featured_media":1105184,"template":"","meta":{"_acf_changed":false,"inline_featured_image":false},"product_brand":[],"product_cat":[7154,6322,2859,4027,4802,5046],"product_tag":[],"class_list":{"0":"post-1087988","1":"product","2":"type-product","3":"status-publish","4":"has-post-thumbnail","6":"product_cat-dweller-fr","7":"product_cat-fsc-fr","8":"product_cat-tables-fr","9":"product_cat-tables-dappoint-fr","10":"product_cat-tables-de-chevet-fr","11":"product_cat-nouveautes-fr","12":"product_shipping_class-pk","14":"pa_color-naturel-2","15":"pa_material-mdf-fr","16":"pa_material-placage-de-chne-2","18":"first","19":"instock","20":"taxable","21":"shipping-taxable","22":"purchasable","23":"product-type-simple"},"exclude_global_add_ons":[],"addons":[],"acf":[],"yoast_head":"<!-- This site is optimized with the Yoast SEO plugin v26.4 - https:\/\/yoast.com\/wordpress\/plugins\/seo\/ -->\n<title>Merge Tables de chevet Naturel - H\u00fcbsch<\/title>\n<meta name=\"description\" content=\"Un compagnon de nuit \u00e0 la fois pratique et \u00e9l\u00e9gant. La Table de chevet Merge apporte une clart\u00e9 graphique et un charme discret \u00e0 votre chambre, avec des\" \/>\n<meta name=\"robots\" content=\"index, follow, max-snippet:-1, max-image-preview:large, max-video-preview:-1\" \/>\n<link rel=\"canonical\" href=\"https:\/\/hubsch-interior.com\/fr\/wp-json\/wp\/v2\/product\/1087988\" \/>\n<meta property=\"og:locale\" content=\"fr_FR\" \/>\n<meta property=\"og:type\" content=\"article\" \/>\n<meta property=\"og:title\" content=\"Merge Tables de chevet Naturel - H\u00fcbsch\" \/>\n<meta property=\"og:description\" content=\"Un compagnon de nuit \u00e0 la fois pratique et \u00e9l\u00e9gant. La Table de chevet Merge apporte une clart\u00e9 graphique et un charme discret \u00e0 votre chambre, avec des\" \/>\n<meta property=\"og:url\" content=\"https:\/\/hubsch-interior.com\/fr\/produit\/merge-tables-de-chevet-naturel\/\" \/>\n<meta property=\"og:site_name\" content=\"H\u00fcbsch\" \/>\n<meta property=\"article:modified_time\" content=\"2026-04-05T03:00:30+00:00\" \/>\n<meta property=\"og:image\" content=\"https:\/\/hubsch-interior.com\/wp-content\/uploads\/2026\/01\/merge-bedside-table-natural-28811ffcddbfe1af46544f3dc0244e1f.jpg\" \/>\n\t<meta property=\"og:image:width\" content=\"1200\" \/>\n\t<meta property=\"og:image:height\" content=\"1200\" \/>\n\t<meta property=\"og:image:type\" content=\"image\/jpeg\" \/>\n<meta name=\"twitter:card\" content=\"summary_large_image\" \/>\n<meta name=\"twitter:label1\" content=\"Dur\u00e9e de lecture estim\u00e9e\" \/>\n\t<meta name=\"twitter:data1\" content=\"1 minute\" \/>\n<script type=\"application\/ld+json\" class=\"yoast-schema-graph\">{\"@context\":\"https:\/\/schema.org\",\"@graph\":[{\"@type\":\"WebPage\",\"@id\":\"https:\/\/hubsch-interior.com\/fr\/produit\/merge-tables-de-chevet-naturel\/\",\"url\":\"https:\/\/hubsch-interior.com\/fr\/produit\/merge-tables-de-chevet-naturel\/\",\"name\":\"Merge Tables de chevet Naturel - H\u00fcbsch\",\"isPartOf\":{\"@id\":\"https:\/\/hubsch-interior.com\/fr\/#website\"},\"primaryImageOfPage\":{\"@id\":\"https:\/\/hubsch-interior.com\/fr\/produit\/merge-tables-de-chevet-naturel\/#primaryimage\"},\"image\":{\"@id\":\"https:\/\/hubsch-interior.com\/fr\/produit\/merge-tables-de-chevet-naturel\/#primaryimage\"},\"thumbnailUrl\":\"https:\/\/hubsch-interior.com\/wp-content\/uploads\/2026\/02\/merge-bedside-table-natural-b9aef48fe0b4881f25dc08c9116bd245.jpg\",\"datePublished\":\"2026-01-31T03:37:10+00:00\",\"dateModified\":\"2026-04-05T03:00:30+00:00\",\"description\":\"Un compagnon de nuit \u00e0 la fois pratique et \u00e9l\u00e9gant. La Table de chevet Merge apporte une clart\u00e9 graphique et un charme discret \u00e0 votre chambre, avec des\",\"breadcrumb\":{\"@id\":\"https:\/\/hubsch-interior.com\/fr\/produit\/merge-tables-de-chevet-naturel\/#breadcrumb\"},\"inLanguage\":\"fr-FR\",\"potentialAction\":[{\"@type\":\"ReadAction\",\"target\":[\"https:\/\/hubsch-interior.com\/fr\/produit\/merge-tables-de-chevet-naturel\/\"]}]},{\"@type\":\"ImageObject\",\"inLanguage\":\"fr-FR\",\"@id\":\"https:\/\/hubsch-interior.com\/fr\/produit\/merge-tables-de-chevet-naturel\/#primaryimage\",\"url\":\"https:\/\/hubsch-interior.com\/wp-content\/uploads\/2026\/02\/merge-bedside-table-natural-b9aef48fe0b4881f25dc08c9116bd245.jpg\",\"contentUrl\":\"https:\/\/hubsch-interior.com\/wp-content\/uploads\/2026\/02\/merge-bedside-table-natural-b9aef48fe0b4881f25dc08c9116bd245.jpg\",\"width\":1024,\"height\":1024},{\"@type\":\"BreadcrumbList\",\"@id\":\"https:\/\/hubsch-interior.com\/fr\/produit\/merge-tables-de-chevet-naturel\/#breadcrumb\",\"itemListElement\":[{\"@type\":\"ListItem\",\"position\":1,\"name\":\"Page d'accueil\",\"item\":\"https:\/\/hubsch-interior.com\/fr\/\"},{\"@type\":\"ListItem\",\"position\":2,\"name\":\"Produits\",\"item\":\"https:\/\/hubsch-interior.com\/fr\/shop-2\/\"},{\"@type\":\"ListItem\",\"position\":3,\"name\":\"Merge Tables de chevet Naturel\"}]},{\"@type\":\"WebSite\",\"@id\":\"https:\/\/hubsch-interior.com\/fr\/#website\",\"url\":\"https:\/\/hubsch-interior.com\/fr\/\",\"name\":\"H\u00fcbsch\",\"description\":\"Danish Home Interior and Design\",\"publisher\":{\"@id\":\"https:\/\/hubsch-interior.com\/fr\/#organization\"},\"potentialAction\":[{\"@type\":\"SearchAction\",\"target\":{\"@type\":\"EntryPoint\",\"urlTemplate\":\"https:\/\/hubsch-interior.com\/fr\/?s={search_term_string}\"},\"query-input\":{\"@type\":\"PropertyValueSpecification\",\"valueRequired\":true,\"valueName\":\"search_term_string\"}}],\"inLanguage\":\"fr-FR\"},{\"@type\":\"Organization\",\"@id\":\"https:\/\/hubsch-interior.com\/fr\/#organization\",\"name\":\"H\u00fcbsch\",\"url\":\"https:\/\/hubsch-interior.com\/fr\/\",\"logo\":{\"@type\":\"ImageObject\",\"inLanguage\":\"fr-FR\",\"@id\":\"https:\/\/hubsch-interior.com\/fr\/#\/schema\/logo\/image\/\",\"url\":\"https:\/\/hubsch-interior.com\/wp-content\/uploads\/2022\/12\/Hubsch_logo_black_one_line.svg\",\"contentUrl\":\"https:\/\/hubsch-interior.com\/wp-content\/uploads\/2022\/12\/Hubsch_logo_black_one_line.svg\",\"caption\":\"H\u00fcbsch\"},\"image\":{\"@id\":\"https:\/\/hubsch-interior.com\/fr\/#\/schema\/logo\/image\/\"}}]}<\/script>\n<!-- \/ Yoast SEO plugin. -->","yoast_head_json":{"title":"Merge Tables de chevet Naturel - H\u00fcbsch","description":"Un compagnon de nuit \u00e0 la fois pratique et \u00e9l\u00e9gant. La Table de chevet Merge apporte une clart\u00e9 graphique et un charme discret \u00e0 votre chambre, avec des","robots":{"index":"index","follow":"follow","max-snippet":"max-snippet:-1","max-image-preview":"max-image-preview:large","max-video-preview":"max-video-preview:-1"},"canonical":"https:\/\/hubsch-interior.com\/fr\/wp-json\/wp\/v2\/product\/1087988","og_locale":"fr_FR","og_type":"article","og_title":"Merge Tables de chevet Naturel - H\u00fcbsch","og_description":"Un compagnon de nuit \u00e0 la fois pratique et \u00e9l\u00e9gant. La Table de chevet Merge apporte une clart\u00e9 graphique et un charme discret \u00e0 votre chambre, avec des","og_url":"https:\/\/hubsch-interior.com\/fr\/produit\/merge-tables-de-chevet-naturel\/","og_site_name":"H\u00fcbsch","article_modified_time":"2026-04-05T03:00:30+00:00","og_image":[{"width":1200,"height":1200,"url":"https:\/\/hubsch-interior.com\/wp-content\/uploads\/2026\/01\/merge-bedside-table-natural-28811ffcddbfe1af46544f3dc0244e1f.jpg","type":"image\/jpeg"}],"twitter_card":"summary_large_image","twitter_misc":{"Dur\u00e9e de lecture estim\u00e9e":"1 minute"},"schema":{"@context":"https:\/\/schema.org","@graph":[{"@type":"WebPage","@id":"https:\/\/hubsch-interior.com\/fr\/produit\/merge-tables-de-chevet-naturel\/","url":"https:\/\/hubsch-interior.com\/fr\/produit\/merge-tables-de-chevet-naturel\/","name":"Merge Tables de chevet Naturel - H\u00fcbsch","isPartOf":{"@id":"https:\/\/hubsch-interior.com\/fr\/#website"},"primaryImageOfPage":{"@id":"https:\/\/hubsch-interior.com\/fr\/produit\/merge-tables-de-chevet-naturel\/#primaryimage"},"image":{"@id":"https:\/\/hubsch-interior.com\/fr\/produit\/merge-tables-de-chevet-naturel\/#primaryimage"},"thumbnailUrl":"https:\/\/hubsch-interior.com\/wp-content\/uploads\/2026\/02\/merge-bedside-table-natural-b9aef48fe0b4881f25dc08c9116bd245.jpg","datePublished":"2026-01-31T03:37:10+00:00","dateModified":"2026-04-05T03:00:30+00:00","description":"Un compagnon de nuit \u00e0 la fois pratique et \u00e9l\u00e9gant. La Table de chevet Merge apporte une clart\u00e9 graphique et un charme discret \u00e0 votre chambre, avec des","breadcrumb":{"@id":"https:\/\/hubsch-interior.com\/fr\/produit\/merge-tables-de-chevet-naturel\/#breadcrumb"},"inLanguage":"fr-FR","potentialAction":[{"@type":"ReadAction","target":["https:\/\/hubsch-interior.com\/fr\/produit\/merge-tables-de-chevet-naturel\/"]}]},{"@type":"ImageObject","inLanguage":"fr-FR","@id":"https:\/\/hubsch-interior.com\/fr\/produit\/merge-tables-de-chevet-naturel\/#primaryimage","url":"https:\/\/hubsch-interior.com\/wp-content\/uploads\/2026\/02\/merge-bedside-table-natural-b9aef48fe0b4881f25dc08c9116bd245.jpg","contentUrl":"https:\/\/hubsch-interior.com\/wp-content\/uploads\/2026\/02\/merge-bedside-table-natural-b9aef48fe0b4881f25dc08c9116bd245.jpg","width":1024,"height":1024},{"@type":"BreadcrumbList","@id":"https:\/\/hubsch-interior.com\/fr\/produit\/merge-tables-de-chevet-naturel\/#breadcrumb","itemListElement":[{"@type":"ListItem","position":1,"name":"Page d'accueil","item":"https:\/\/hubsch-interior.com\/fr\/"},{"@type":"ListItem","position":2,"name":"Produits","item":"https:\/\/hubsch-interior.com\/fr\/shop-2\/"},{"@type":"ListItem","position":3,"name":"Merge Tables de chevet Naturel"}]},{"@type":"WebSite","@id":"https:\/\/hubsch-interior.com\/fr\/#website","url":"https:\/\/hubsch-interior.com\/fr\/","name":"H\u00fcbsch","description":"Danish Home Interior and Design","publisher":{"@id":"https:\/\/hubsch-interior.com\/fr\/#organization"},"potentialAction":[{"@type":"SearchAction","target":{"@type":"EntryPoint","urlTemplate":"https:\/\/hubsch-interior.com\/fr\/?s={search_term_string}"},"query-input":{"@type":"PropertyValueSpecification","valueRequired":true,"valueName":"search_term_string"}}],"inLanguage":"fr-FR"},{"@type":"Organization","@id":"https:\/\/hubsch-interior.com\/fr\/#organization","name":"H\u00fcbsch","url":"https:\/\/hubsch-interior.com\/fr\/","logo":{"@type":"ImageObject","inLanguage":"fr-FR","@id":"https:\/\/hubsch-interior.com\/fr\/#\/schema\/logo\/image\/","url":"https:\/\/hubsch-interior.com\/wp-content\/uploads\/2022\/12\/Hubsch_logo_black_one_line.svg","contentUrl":"https:\/\/hubsch-interior.com\/wp-content\/uploads\/2022\/12\/Hubsch_logo_black_one_line.svg","caption":"H\u00fcbsch"},"image":{"@id":"https:\/\/hubsch-interior.com\/fr\/#\/schema\/logo\/image\/"}}]}},"_links":{"self":[{"href":"https:\/\/hubsch-interior.com\/fr\/wp-json\/wp\/v2\/product\/1087988","targetHints":{"allow":["GET"]}}],"collection":[{"href":"https:\/\/hubsch-interior.com\/fr\/wp-json\/wp\/v2\/product"}],"about":[{"href":"https:\/\/hubsch-interior.com\/fr\/wp-json\/wp\/v2\/types\/product"}],"wp:featuredmedia":[{"embeddable":true,"href":"https:\/\/hubsch-interior.com\/fr\/wp-json\/wp\/v2\/media\/1105184"}],"wp:attachment":[{"href":"https:\/\/hubsch-interior.com\/fr\/wp-json\/wp\/v2\/media?parent=1087988"}],"wp:term":[{"taxonomy":"product_brand","embeddable":true,"href":"https:\/\/hubsch-interior.com\/fr\/wp-json\/wp\/v2\/product_brand?post=1087988"},{"taxonomy":"product_cat","embeddable":true,"href":"https:\/\/hubsch-interior.com\/fr\/wp-json\/wp\/v2\/product_cat?post=1087988"},{"taxonomy":"product_tag","embeddable":true,"href":"https:\/\/hubsch-interior.com\/fr\/wp-json\/wp\/v2\/product_tag?post=1087988"}],"curies":[{"name":"wp","href":"https:\/\/api.w.org\/{rel}","templated":true}]}}