{"id":1088012,"date":"2026-01-31T04:37:25","date_gmt":"2026-01-31T03:37:25","guid":{"rendered":"https:\/\/hubsch-interior.com\/product\/product\/"},"modified":"2026-04-06T04:54:42","modified_gmt":"2026-04-06T02:54:42","slug":"nobby-buffet-naturel","status":"publish","type":"product","link":"https:\/\/hubsch-interior.com\/fr\/produit\/nobby-buffet-naturel\/","title":{"rendered":"Nobby Buffet Naturel"},"content":{"rendered":"<p>Plus qu&#8217;un buffet \u2014 un \u00e9l\u00e9ment central vibrant d&#8217;\u00e2me. Le Buffet Nobby insuffle une confiance sereine dans votre espace, alliant des lignes \u00e9pur\u00e9es \u00e0 la chaleur naturelle du ch\u00eane certifi\u00e9 FSC. Son int\u00e9rieur spacieux offre un rangement r\u00e9fl\u00e9chi, gardant les surfaces libres et votre maison en harmonie douce. Qu&#8217;il soit utilis\u00e9 comme pi\u00e8ce ma\u00eetresse autonome ou associ\u00e9 \u00e0 des \u00e9l\u00e9ments doux et sculpturaux, il apporte \u00e0 la fois ordre et calme. Con\u00e7u non seulement pour contenir des objets \u2014 mais pour occuper l&#8217;espace, de mani\u00e8re magnifique.<\/p>\n","protected":false},"excerpt":{"rendered":"<p>Plus qu&#8217;un buffet \u2014 un \u00e9l\u00e9ment central vibrant d&#8217;\u00e2me. Le Buffet Nobby insuffle une confiance sereine dans votre espace, alliant des lignes \u00e9pur\u00e9es \u00e0 la chaleur naturelle du ch\u00eane certifi\u00e9 FSC. Son int\u00e9rieur spacieux offre un rangement r\u00e9fl\u00e9chi, gardant les surfaces libres et votre maison en harmonie douce. Qu&#8217;il soit utilis\u00e9 comme pi\u00e8ce ma\u00eetresse autonome [&hellip;]<\/p>\n","protected":false},"featured_media":1105212,"template":"","meta":{"_acf_changed":false,"inline_featured_image":false},"product_brand":[],"product_cat":[4920,7154,4001,6896,6322,5046],"product_tag":[],"class_list":{"0":"post-1088012","1":"product","2":"type-product","3":"status-publish","4":"has-post-thumbnail","6":"product_cat-commodes-buffets-fr","7":"product_cat-dweller-fr","8":"product_cat-etageres-et-meubles-de-rangement-fr","9":"product_cat-forma-series-fr","10":"product_cat-fsc-fr","11":"product_cat-nouveautes-fr","12":"product_shipping_class-p05","14":"pa_color-naturel-2","15":"pa_material-bois-de-chne-2","16":"pa_material-mdf-fr","17":"pa_material-placage-de-chne-2","19":"first","20":"instock","21":"taxable","22":"shipping-taxable","23":"purchasable","24":"product-type-simple"},"exclude_global_add_ons":[],"addons":[],"acf":[],"yoast_head":"<!-- This site is optimized with the Yoast SEO plugin v26.4 - https:\/\/yoast.com\/wordpress\/plugins\/seo\/ -->\n<title>Nobby Buffet Naturel - H\u00fcbsch<\/title>\n<meta name=\"description\" content=\"Plus qu&#039;un buffet \u2014 un \u00e9l\u00e9ment central vibrant d&#039;\u00e2me. Le Buffet Nobby insuffle une confiance sereine dans votre espace, alliant des lignes \u00e9pur\u00e9es \u00e0 la\" \/>\n<meta name=\"robots\" content=\"index, follow, max-snippet:-1, max-image-preview:large, max-video-preview:-1\" \/>\n<link rel=\"canonical\" href=\"https:\/\/hubsch-interior.com\/fr\/wp-json\/wp\/v2\/product\/1088012\" \/>\n<meta property=\"og:locale\" content=\"fr_FR\" \/>\n<meta property=\"og:type\" content=\"article\" \/>\n<meta property=\"og:title\" content=\"Nobby Buffet Naturel - H\u00fcbsch\" \/>\n<meta property=\"og:description\" content=\"Plus qu&#039;un buffet \u2014 un \u00e9l\u00e9ment central vibrant d&#039;\u00e2me. Le Buffet Nobby insuffle une confiance sereine dans votre espace, alliant des lignes \u00e9pur\u00e9es \u00e0 la\" \/>\n<meta property=\"og:url\" content=\"https:\/\/hubsch-interior.com\/fr\/produit\/nobby-buffet-naturel\/\" \/>\n<meta property=\"og:site_name\" content=\"H\u00fcbsch\" \/>\n<meta property=\"article:modified_time\" content=\"2026-04-06T02:54:42+00:00\" \/>\n<meta property=\"og:image\" content=\"https:\/\/hubsch-interior.com\/wp-content\/uploads\/2026\/01\/nobby-sideboard-natural-198f7578db52b792e48708401f8abf71.jpg\" \/>\n\t<meta property=\"og:image:width\" content=\"1200\" \/>\n\t<meta property=\"og:image:height\" content=\"1200\" \/>\n\t<meta property=\"og:image:type\" content=\"image\/jpeg\" \/>\n<meta name=\"twitter:card\" content=\"summary_large_image\" \/>\n<script type=\"application\/ld+json\" class=\"yoast-schema-graph\">{\"@context\":\"https:\/\/schema.org\",\"@graph\":[{\"@type\":\"WebPage\",\"@id\":\"https:\/\/hubsch-interior.com\/fr\/produit\/nobby-buffet-naturel\/\",\"url\":\"https:\/\/hubsch-interior.com\/fr\/produit\/nobby-buffet-naturel\/\",\"name\":\"Nobby Buffet Naturel - H\u00fcbsch\",\"isPartOf\":{\"@id\":\"https:\/\/hubsch-interior.com\/fr\/#website\"},\"primaryImageOfPage\":{\"@id\":\"https:\/\/hubsch-interior.com\/fr\/produit\/nobby-buffet-naturel\/#primaryimage\"},\"image\":{\"@id\":\"https:\/\/hubsch-interior.com\/fr\/produit\/nobby-buffet-naturel\/#primaryimage\"},\"thumbnailUrl\":\"https:\/\/hubsch-interior.com\/wp-content\/uploads\/2026\/02\/nobby-sideboard-natural-d8a737bdc784e231dcc7633be1310239.jpg\",\"datePublished\":\"2026-01-31T03:37:25+00:00\",\"dateModified\":\"2026-04-06T02:54:42+00:00\",\"description\":\"Plus qu'un buffet \u2014 un \u00e9l\u00e9ment central vibrant d'\u00e2me. Le Buffet Nobby insuffle une confiance sereine dans votre espace, alliant des lignes \u00e9pur\u00e9es \u00e0 la\",\"breadcrumb\":{\"@id\":\"https:\/\/hubsch-interior.com\/fr\/produit\/nobby-buffet-naturel\/#breadcrumb\"},\"inLanguage\":\"fr-FR\",\"potentialAction\":[{\"@type\":\"ReadAction\",\"target\":[\"https:\/\/hubsch-interior.com\/fr\/produit\/nobby-buffet-naturel\/\"]}]},{\"@type\":\"ImageObject\",\"inLanguage\":\"fr-FR\",\"@id\":\"https:\/\/hubsch-interior.com\/fr\/produit\/nobby-buffet-naturel\/#primaryimage\",\"url\":\"https:\/\/hubsch-interior.com\/wp-content\/uploads\/2026\/02\/nobby-sideboard-natural-d8a737bdc784e231dcc7633be1310239.jpg\",\"contentUrl\":\"https:\/\/hubsch-interior.com\/wp-content\/uploads\/2026\/02\/nobby-sideboard-natural-d8a737bdc784e231dcc7633be1310239.jpg\",\"width\":1024,\"height\":1024},{\"@type\":\"BreadcrumbList\",\"@id\":\"https:\/\/hubsch-interior.com\/fr\/produit\/nobby-buffet-naturel\/#breadcrumb\",\"itemListElement\":[{\"@type\":\"ListItem\",\"position\":1,\"name\":\"Page d'accueil\",\"item\":\"https:\/\/hubsch-interior.com\/fr\/\"},{\"@type\":\"ListItem\",\"position\":2,\"name\":\"Produits\",\"item\":\"https:\/\/hubsch-interior.com\/fr\/shop-2\/\"},{\"@type\":\"ListItem\",\"position\":3,\"name\":\"Nobby Buffet Naturel\"}]},{\"@type\":\"WebSite\",\"@id\":\"https:\/\/hubsch-interior.com\/fr\/#website\",\"url\":\"https:\/\/hubsch-interior.com\/fr\/\",\"name\":\"H\u00fcbsch\",\"description\":\"Danish Home Interior and Design\",\"publisher\":{\"@id\":\"https:\/\/hubsch-interior.com\/fr\/#organization\"},\"potentialAction\":[{\"@type\":\"SearchAction\",\"target\":{\"@type\":\"EntryPoint\",\"urlTemplate\":\"https:\/\/hubsch-interior.com\/fr\/?s={search_term_string}\"},\"query-input\":{\"@type\":\"PropertyValueSpecification\",\"valueRequired\":true,\"valueName\":\"search_term_string\"}}],\"inLanguage\":\"fr-FR\"},{\"@type\":\"Organization\",\"@id\":\"https:\/\/hubsch-interior.com\/fr\/#organization\",\"name\":\"H\u00fcbsch\",\"url\":\"https:\/\/hubsch-interior.com\/fr\/\",\"logo\":{\"@type\":\"ImageObject\",\"inLanguage\":\"fr-FR\",\"@id\":\"https:\/\/hubsch-interior.com\/fr\/#\/schema\/logo\/image\/\",\"url\":\"https:\/\/hubsch-interior.com\/wp-content\/uploads\/2022\/12\/Hubsch_logo_black_one_line.svg\",\"contentUrl\":\"https:\/\/hubsch-interior.com\/wp-content\/uploads\/2022\/12\/Hubsch_logo_black_one_line.svg\",\"caption\":\"H\u00fcbsch\"},\"image\":{\"@id\":\"https:\/\/hubsch-interior.com\/fr\/#\/schema\/logo\/image\/\"}}]}<\/script>\n<!-- \/ Yoast SEO plugin. -->","yoast_head_json":{"title":"Nobby Buffet Naturel - H\u00fcbsch","description":"Plus qu'un buffet \u2014 un \u00e9l\u00e9ment central vibrant d'\u00e2me. Le Buffet Nobby insuffle une confiance sereine dans votre espace, alliant des lignes \u00e9pur\u00e9es \u00e0 la","robots":{"index":"index","follow":"follow","max-snippet":"max-snippet:-1","max-image-preview":"max-image-preview:large","max-video-preview":"max-video-preview:-1"},"canonical":"https:\/\/hubsch-interior.com\/fr\/wp-json\/wp\/v2\/product\/1088012","og_locale":"fr_FR","og_type":"article","og_title":"Nobby Buffet Naturel - H\u00fcbsch","og_description":"Plus qu'un buffet \u2014 un \u00e9l\u00e9ment central vibrant d'\u00e2me. Le Buffet Nobby insuffle une confiance sereine dans votre espace, alliant des lignes \u00e9pur\u00e9es \u00e0 la","og_url":"https:\/\/hubsch-interior.com\/fr\/produit\/nobby-buffet-naturel\/","og_site_name":"H\u00fcbsch","article_modified_time":"2026-04-06T02:54:42+00:00","og_image":[{"width":1200,"height":1200,"url":"https:\/\/hubsch-interior.com\/wp-content\/uploads\/2026\/01\/nobby-sideboard-natural-198f7578db52b792e48708401f8abf71.jpg","type":"image\/jpeg"}],"twitter_card":"summary_large_image","schema":{"@context":"https:\/\/schema.org","@graph":[{"@type":"WebPage","@id":"https:\/\/hubsch-interior.com\/fr\/produit\/nobby-buffet-naturel\/","url":"https:\/\/hubsch-interior.com\/fr\/produit\/nobby-buffet-naturel\/","name":"Nobby Buffet Naturel - H\u00fcbsch","isPartOf":{"@id":"https:\/\/hubsch-interior.com\/fr\/#website"},"primaryImageOfPage":{"@id":"https:\/\/hubsch-interior.com\/fr\/produit\/nobby-buffet-naturel\/#primaryimage"},"image":{"@id":"https:\/\/hubsch-interior.com\/fr\/produit\/nobby-buffet-naturel\/#primaryimage"},"thumbnailUrl":"https:\/\/hubsch-interior.com\/wp-content\/uploads\/2026\/02\/nobby-sideboard-natural-d8a737bdc784e231dcc7633be1310239.jpg","datePublished":"2026-01-31T03:37:25+00:00","dateModified":"2026-04-06T02:54:42+00:00","description":"Plus qu'un buffet \u2014 un \u00e9l\u00e9ment central vibrant d'\u00e2me. Le Buffet Nobby insuffle une confiance sereine dans votre espace, alliant des lignes \u00e9pur\u00e9es \u00e0 la","breadcrumb":{"@id":"https:\/\/hubsch-interior.com\/fr\/produit\/nobby-buffet-naturel\/#breadcrumb"},"inLanguage":"fr-FR","potentialAction":[{"@type":"ReadAction","target":["https:\/\/hubsch-interior.com\/fr\/produit\/nobby-buffet-naturel\/"]}]},{"@type":"ImageObject","inLanguage":"fr-FR","@id":"https:\/\/hubsch-interior.com\/fr\/produit\/nobby-buffet-naturel\/#primaryimage","url":"https:\/\/hubsch-interior.com\/wp-content\/uploads\/2026\/02\/nobby-sideboard-natural-d8a737bdc784e231dcc7633be1310239.jpg","contentUrl":"https:\/\/hubsch-interior.com\/wp-content\/uploads\/2026\/02\/nobby-sideboard-natural-d8a737bdc784e231dcc7633be1310239.jpg","width":1024,"height":1024},{"@type":"BreadcrumbList","@id":"https:\/\/hubsch-interior.com\/fr\/produit\/nobby-buffet-naturel\/#breadcrumb","itemListElement":[{"@type":"ListItem","position":1,"name":"Page d'accueil","item":"https:\/\/hubsch-interior.com\/fr\/"},{"@type":"ListItem","position":2,"name":"Produits","item":"https:\/\/hubsch-interior.com\/fr\/shop-2\/"},{"@type":"ListItem","position":3,"name":"Nobby Buffet Naturel"}]},{"@type":"WebSite","@id":"https:\/\/hubsch-interior.com\/fr\/#website","url":"https:\/\/hubsch-interior.com\/fr\/","name":"H\u00fcbsch","description":"Danish Home Interior and Design","publisher":{"@id":"https:\/\/hubsch-interior.com\/fr\/#organization"},"potentialAction":[{"@type":"SearchAction","target":{"@type":"EntryPoint","urlTemplate":"https:\/\/hubsch-interior.com\/fr\/?s={search_term_string}"},"query-input":{"@type":"PropertyValueSpecification","valueRequired":true,"valueName":"search_term_string"}}],"inLanguage":"fr-FR"},{"@type":"Organization","@id":"https:\/\/hubsch-interior.com\/fr\/#organization","name":"H\u00fcbsch","url":"https:\/\/hubsch-interior.com\/fr\/","logo":{"@type":"ImageObject","inLanguage":"fr-FR","@id":"https:\/\/hubsch-interior.com\/fr\/#\/schema\/logo\/image\/","url":"https:\/\/hubsch-interior.com\/wp-content\/uploads\/2022\/12\/Hubsch_logo_black_one_line.svg","contentUrl":"https:\/\/hubsch-interior.com\/wp-content\/uploads\/2022\/12\/Hubsch_logo_black_one_line.svg","caption":"H\u00fcbsch"},"image":{"@id":"https:\/\/hubsch-interior.com\/fr\/#\/schema\/logo\/image\/"}}]}},"_links":{"self":[{"href":"https:\/\/hubsch-interior.com\/fr\/wp-json\/wp\/v2\/product\/1088012","targetHints":{"allow":["GET"]}}],"collection":[{"href":"https:\/\/hubsch-interior.com\/fr\/wp-json\/wp\/v2\/product"}],"about":[{"href":"https:\/\/hubsch-interior.com\/fr\/wp-json\/wp\/v2\/types\/product"}],"wp:featuredmedia":[{"embeddable":true,"href":"https:\/\/hubsch-interior.com\/fr\/wp-json\/wp\/v2\/media\/1105212"}],"wp:attachment":[{"href":"https:\/\/hubsch-interior.com\/fr\/wp-json\/wp\/v2\/media?parent=1088012"}],"wp:term":[{"taxonomy":"product_brand","embeddable":true,"href":"https:\/\/hubsch-interior.com\/fr\/wp-json\/wp\/v2\/product_brand?post=1088012"},{"taxonomy":"product_cat","embeddable":true,"href":"https:\/\/hubsch-interior.com\/fr\/wp-json\/wp\/v2\/product_cat?post=1088012"},{"taxonomy":"product_tag","embeddable":true,"href":"https:\/\/hubsch-interior.com\/fr\/wp-json\/wp\/v2\/product_tag?post=1088012"}],"curies":[{"name":"wp","href":"https:\/\/api.w.org\/{rel}","templated":true}]}}