{"id":1088032,"date":"2026-01-31T04:37:36","date_gmt":"2026-01-31T03:37:36","guid":{"rendered":"https:\/\/hubsch-interior.com\/product\/product\/"},"modified":"2026-04-05T05:00:39","modified_gmt":"2026-04-05T03:00:39","slug":"poke-bureau-naturel","status":"publish","type":"product","link":"https:\/\/hubsch-interior.com\/fr\/produit\/poke-bureau-naturel\/","title":{"rendered":"Poke Bureau Naturel"},"content":{"rendered":"<p>Un petit bureau au grand potentiel. Le Poke Bureau est fabriqu\u00e9 en ch\u00eane certifi\u00e9 FSC, offrant un design fin et a\u00e9r\u00e9 qui s&#8217;int\u00e8gre parfaitement dans les petits coins et les espaces r\u00e9fl\u00e9chis. Sa finition naturelle apporte une douce lumi\u00e8re \u00e0 votre environnement, cr\u00e9ant un coin calme et \u00e9pur\u00e9 pour \u00e9crire, travailler, ou simplement faire une pause. L\u00e9ger dans sa forme mais riche en fonctionnalit\u00e9s, il favorise la concentration sans s&#8217;accaparer toute l&#8217;attention. Un petit espace serein adapt\u00e9 \u00e0 toutes les surprises que votre journ\u00e9e peut r\u00e9server.<\/p>\n","protected":false},"excerpt":{"rendered":"<p>Un petit bureau au grand potentiel. Le Poke Bureau est fabriqu\u00e9 en ch\u00eane certifi\u00e9 FSC, offrant un design fin et a\u00e9r\u00e9 qui s&#8217;int\u00e8gre parfaitement dans les petits coins et les espaces r\u00e9fl\u00e9chis. Sa finition naturelle apporte une douce lumi\u00e8re \u00e0 votre environnement, cr\u00e9ant un coin calme et \u00e9pur\u00e9 pour \u00e9crire, travailler, ou simplement faire une [&hellip;]<\/p>\n","protected":false},"featured_media":1112696,"template":"","meta":{"_acf_changed":false,"inline_featured_image":false},"product_brand":[],"product_cat":[7154,6322,2859,2905,5046],"product_tag":[],"class_list":{"0":"post-1088032","1":"product","2":"type-product","3":"status-publish","4":"has-post-thumbnail","6":"product_cat-dweller-fr","7":"product_cat-fsc-fr","8":"product_cat-tables-fr","9":"product_cat-bureaux-fr","10":"product_cat-nouveautes-fr","11":"product_shipping_class-pk","13":"pa_color-naturel-2","14":"pa_material-mdf-fr","15":"pa_material-bois-de-chne-2","16":"pa_material-placage-de-chne-2","18":"first","19":"instock","20":"taxable","21":"shipping-taxable","22":"purchasable","23":"product-type-simple"},"exclude_global_add_ons":[],"addons":[],"acf":[],"yoast_head":"<!-- This site is optimized with the Yoast SEO plugin v26.4 - https:\/\/yoast.com\/wordpress\/plugins\/seo\/ -->\n<title>Poke Bureau Naturel - H\u00fcbsch<\/title>\n<meta name=\"description\" content=\"Un petit bureau au grand potentiel. Le Poke Bureau est fabriqu\u00e9 en ch\u00eane certifi\u00e9 FSC, offrant un design fin et a\u00e9r\u00e9 qui s&#039;int\u00e8gre parfaitement dans les\" \/>\n<meta name=\"robots\" content=\"index, follow, max-snippet:-1, max-image-preview:large, max-video-preview:-1\" \/>\n<link rel=\"canonical\" href=\"https:\/\/hubsch-interior.com\/fr\/wp-json\/wp\/v2\/product\/1088032\" \/>\n<meta property=\"og:locale\" content=\"fr_FR\" \/>\n<meta property=\"og:type\" content=\"article\" \/>\n<meta property=\"og:title\" content=\"Poke Bureau Naturel - H\u00fcbsch\" \/>\n<meta property=\"og:description\" content=\"Un petit bureau au grand potentiel. Le Poke Bureau est fabriqu\u00e9 en ch\u00eane certifi\u00e9 FSC, offrant un design fin et a\u00e9r\u00e9 qui s&#039;int\u00e8gre parfaitement dans les\" \/>\n<meta property=\"og:url\" content=\"https:\/\/hubsch-interior.com\/fr\/produit\/poke-bureau-naturel\/\" \/>\n<meta property=\"og:site_name\" content=\"H\u00fcbsch\" \/>\n<meta property=\"article:modified_time\" content=\"2026-04-05T03:00:39+00:00\" \/>\n<meta property=\"og:image\" content=\"https:\/\/hubsch-interior.com\/wp-content\/uploads\/2026\/01\/poke-desk-natural-4339e36ca384ff567a44c6849d3002c3.jpg\" \/>\n\t<meta property=\"og:image:width\" content=\"1200\" \/>\n\t<meta property=\"og:image:height\" content=\"1200\" \/>\n\t<meta property=\"og:image:type\" content=\"image\/jpeg\" \/>\n<meta name=\"twitter:card\" content=\"summary_large_image\" \/>\n<script type=\"application\/ld+json\" class=\"yoast-schema-graph\">{\"@context\":\"https:\/\/schema.org\",\"@graph\":[{\"@type\":\"WebPage\",\"@id\":\"https:\/\/hubsch-interior.com\/fr\/produit\/poke-bureau-naturel\/\",\"url\":\"https:\/\/hubsch-interior.com\/fr\/produit\/poke-bureau-naturel\/\",\"name\":\"Poke Bureau Naturel - H\u00fcbsch\",\"isPartOf\":{\"@id\":\"https:\/\/hubsch-interior.com\/fr\/#website\"},\"primaryImageOfPage\":{\"@id\":\"https:\/\/hubsch-interior.com\/fr\/produit\/poke-bureau-naturel\/#primaryimage\"},\"image\":{\"@id\":\"https:\/\/hubsch-interior.com\/fr\/produit\/poke-bureau-naturel\/#primaryimage\"},\"thumbnailUrl\":\"https:\/\/hubsch-interior.com\/wp-content\/uploads\/2026\/02\/poke-desk-natural-613f37c5ee39c169eb912e09de9c7c53.jpg\",\"datePublished\":\"2026-01-31T03:37:36+00:00\",\"dateModified\":\"2026-04-05T03:00:39+00:00\",\"description\":\"Un petit bureau au grand potentiel. Le Poke Bureau est fabriqu\u00e9 en ch\u00eane certifi\u00e9 FSC, offrant un design fin et a\u00e9r\u00e9 qui s'int\u00e8gre parfaitement dans les\",\"breadcrumb\":{\"@id\":\"https:\/\/hubsch-interior.com\/fr\/produit\/poke-bureau-naturel\/#breadcrumb\"},\"inLanguage\":\"fr-FR\",\"potentialAction\":[{\"@type\":\"ReadAction\",\"target\":[\"https:\/\/hubsch-interior.com\/fr\/produit\/poke-bureau-naturel\/\"]}]},{\"@type\":\"ImageObject\",\"inLanguage\":\"fr-FR\",\"@id\":\"https:\/\/hubsch-interior.com\/fr\/produit\/poke-bureau-naturel\/#primaryimage\",\"url\":\"https:\/\/hubsch-interior.com\/wp-content\/uploads\/2026\/02\/poke-desk-natural-613f37c5ee39c169eb912e09de9c7c53.jpg\",\"contentUrl\":\"https:\/\/hubsch-interior.com\/wp-content\/uploads\/2026\/02\/poke-desk-natural-613f37c5ee39c169eb912e09de9c7c53.jpg\",\"width\":1024,\"height\":1024},{\"@type\":\"BreadcrumbList\",\"@id\":\"https:\/\/hubsch-interior.com\/fr\/produit\/poke-bureau-naturel\/#breadcrumb\",\"itemListElement\":[{\"@type\":\"ListItem\",\"position\":1,\"name\":\"Page d'accueil\",\"item\":\"https:\/\/hubsch-interior.com\/fr\/\"},{\"@type\":\"ListItem\",\"position\":2,\"name\":\"Produits\",\"item\":\"https:\/\/hubsch-interior.com\/fr\/shop-2\/\"},{\"@type\":\"ListItem\",\"position\":3,\"name\":\"Poke Bureau Naturel\"}]},{\"@type\":\"WebSite\",\"@id\":\"https:\/\/hubsch-interior.com\/fr\/#website\",\"url\":\"https:\/\/hubsch-interior.com\/fr\/\",\"name\":\"H\u00fcbsch\",\"description\":\"Danish Home Interior and Design\",\"publisher\":{\"@id\":\"https:\/\/hubsch-interior.com\/fr\/#organization\"},\"potentialAction\":[{\"@type\":\"SearchAction\",\"target\":{\"@type\":\"EntryPoint\",\"urlTemplate\":\"https:\/\/hubsch-interior.com\/fr\/?s={search_term_string}\"},\"query-input\":{\"@type\":\"PropertyValueSpecification\",\"valueRequired\":true,\"valueName\":\"search_term_string\"}}],\"inLanguage\":\"fr-FR\"},{\"@type\":\"Organization\",\"@id\":\"https:\/\/hubsch-interior.com\/fr\/#organization\",\"name\":\"H\u00fcbsch\",\"url\":\"https:\/\/hubsch-interior.com\/fr\/\",\"logo\":{\"@type\":\"ImageObject\",\"inLanguage\":\"fr-FR\",\"@id\":\"https:\/\/hubsch-interior.com\/fr\/#\/schema\/logo\/image\/\",\"url\":\"https:\/\/hubsch-interior.com\/wp-content\/uploads\/2022\/12\/Hubsch_logo_black_one_line.svg\",\"contentUrl\":\"https:\/\/hubsch-interior.com\/wp-content\/uploads\/2022\/12\/Hubsch_logo_black_one_line.svg\",\"caption\":\"H\u00fcbsch\"},\"image\":{\"@id\":\"https:\/\/hubsch-interior.com\/fr\/#\/schema\/logo\/image\/\"}}]}<\/script>\n<!-- \/ Yoast SEO plugin. -->","yoast_head_json":{"title":"Poke Bureau Naturel - H\u00fcbsch","description":"Un petit bureau au grand potentiel. Le Poke Bureau est fabriqu\u00e9 en ch\u00eane certifi\u00e9 FSC, offrant un design fin et a\u00e9r\u00e9 qui s'int\u00e8gre parfaitement dans les","robots":{"index":"index","follow":"follow","max-snippet":"max-snippet:-1","max-image-preview":"max-image-preview:large","max-video-preview":"max-video-preview:-1"},"canonical":"https:\/\/hubsch-interior.com\/fr\/wp-json\/wp\/v2\/product\/1088032","og_locale":"fr_FR","og_type":"article","og_title":"Poke Bureau Naturel - H\u00fcbsch","og_description":"Un petit bureau au grand potentiel. Le Poke Bureau est fabriqu\u00e9 en ch\u00eane certifi\u00e9 FSC, offrant un design fin et a\u00e9r\u00e9 qui s'int\u00e8gre parfaitement dans les","og_url":"https:\/\/hubsch-interior.com\/fr\/produit\/poke-bureau-naturel\/","og_site_name":"H\u00fcbsch","article_modified_time":"2026-04-05T03:00:39+00:00","og_image":[{"width":1200,"height":1200,"url":"https:\/\/hubsch-interior.com\/wp-content\/uploads\/2026\/01\/poke-desk-natural-4339e36ca384ff567a44c6849d3002c3.jpg","type":"image\/jpeg"}],"twitter_card":"summary_large_image","schema":{"@context":"https:\/\/schema.org","@graph":[{"@type":"WebPage","@id":"https:\/\/hubsch-interior.com\/fr\/produit\/poke-bureau-naturel\/","url":"https:\/\/hubsch-interior.com\/fr\/produit\/poke-bureau-naturel\/","name":"Poke Bureau Naturel - H\u00fcbsch","isPartOf":{"@id":"https:\/\/hubsch-interior.com\/fr\/#website"},"primaryImageOfPage":{"@id":"https:\/\/hubsch-interior.com\/fr\/produit\/poke-bureau-naturel\/#primaryimage"},"image":{"@id":"https:\/\/hubsch-interior.com\/fr\/produit\/poke-bureau-naturel\/#primaryimage"},"thumbnailUrl":"https:\/\/hubsch-interior.com\/wp-content\/uploads\/2026\/02\/poke-desk-natural-613f37c5ee39c169eb912e09de9c7c53.jpg","datePublished":"2026-01-31T03:37:36+00:00","dateModified":"2026-04-05T03:00:39+00:00","description":"Un petit bureau au grand potentiel. Le Poke Bureau est fabriqu\u00e9 en ch\u00eane certifi\u00e9 FSC, offrant un design fin et a\u00e9r\u00e9 qui s'int\u00e8gre parfaitement dans les","breadcrumb":{"@id":"https:\/\/hubsch-interior.com\/fr\/produit\/poke-bureau-naturel\/#breadcrumb"},"inLanguage":"fr-FR","potentialAction":[{"@type":"ReadAction","target":["https:\/\/hubsch-interior.com\/fr\/produit\/poke-bureau-naturel\/"]}]},{"@type":"ImageObject","inLanguage":"fr-FR","@id":"https:\/\/hubsch-interior.com\/fr\/produit\/poke-bureau-naturel\/#primaryimage","url":"https:\/\/hubsch-interior.com\/wp-content\/uploads\/2026\/02\/poke-desk-natural-613f37c5ee39c169eb912e09de9c7c53.jpg","contentUrl":"https:\/\/hubsch-interior.com\/wp-content\/uploads\/2026\/02\/poke-desk-natural-613f37c5ee39c169eb912e09de9c7c53.jpg","width":1024,"height":1024},{"@type":"BreadcrumbList","@id":"https:\/\/hubsch-interior.com\/fr\/produit\/poke-bureau-naturel\/#breadcrumb","itemListElement":[{"@type":"ListItem","position":1,"name":"Page d'accueil","item":"https:\/\/hubsch-interior.com\/fr\/"},{"@type":"ListItem","position":2,"name":"Produits","item":"https:\/\/hubsch-interior.com\/fr\/shop-2\/"},{"@type":"ListItem","position":3,"name":"Poke Bureau Naturel"}]},{"@type":"WebSite","@id":"https:\/\/hubsch-interior.com\/fr\/#website","url":"https:\/\/hubsch-interior.com\/fr\/","name":"H\u00fcbsch","description":"Danish Home Interior and Design","publisher":{"@id":"https:\/\/hubsch-interior.com\/fr\/#organization"},"potentialAction":[{"@type":"SearchAction","target":{"@type":"EntryPoint","urlTemplate":"https:\/\/hubsch-interior.com\/fr\/?s={search_term_string}"},"query-input":{"@type":"PropertyValueSpecification","valueRequired":true,"valueName":"search_term_string"}}],"inLanguage":"fr-FR"},{"@type":"Organization","@id":"https:\/\/hubsch-interior.com\/fr\/#organization","name":"H\u00fcbsch","url":"https:\/\/hubsch-interior.com\/fr\/","logo":{"@type":"ImageObject","inLanguage":"fr-FR","@id":"https:\/\/hubsch-interior.com\/fr\/#\/schema\/logo\/image\/","url":"https:\/\/hubsch-interior.com\/wp-content\/uploads\/2022\/12\/Hubsch_logo_black_one_line.svg","contentUrl":"https:\/\/hubsch-interior.com\/wp-content\/uploads\/2022\/12\/Hubsch_logo_black_one_line.svg","caption":"H\u00fcbsch"},"image":{"@id":"https:\/\/hubsch-interior.com\/fr\/#\/schema\/logo\/image\/"}}]}},"_links":{"self":[{"href":"https:\/\/hubsch-interior.com\/fr\/wp-json\/wp\/v2\/product\/1088032","targetHints":{"allow":["GET"]}}],"collection":[{"href":"https:\/\/hubsch-interior.com\/fr\/wp-json\/wp\/v2\/product"}],"about":[{"href":"https:\/\/hubsch-interior.com\/fr\/wp-json\/wp\/v2\/types\/product"}],"wp:featuredmedia":[{"embeddable":true,"href":"https:\/\/hubsch-interior.com\/fr\/wp-json\/wp\/v2\/media\/1112696"}],"wp:attachment":[{"href":"https:\/\/hubsch-interior.com\/fr\/wp-json\/wp\/v2\/media?parent=1088032"}],"wp:term":[{"taxonomy":"product_brand","embeddable":true,"href":"https:\/\/hubsch-interior.com\/fr\/wp-json\/wp\/v2\/product_brand?post=1088032"},{"taxonomy":"product_cat","embeddable":true,"href":"https:\/\/hubsch-interior.com\/fr\/wp-json\/wp\/v2\/product_cat?post=1088032"},{"taxonomy":"product_tag","embeddable":true,"href":"https:\/\/hubsch-interior.com\/fr\/wp-json\/wp\/v2\/product_tag?post=1088032"}],"curies":[{"name":"wp","href":"https:\/\/api.w.org\/{rel}","templated":true}]}}