{"id":1088056,"date":"2026-01-31T04:37:56","date_gmt":"2026-01-31T03:37:56","guid":{"rendered":"https:\/\/hubsch-interior.com\/product\/product\/"},"modified":"2026-04-06T04:54:56","modified_gmt":"2026-04-06T02:54:56","slug":"always-tabouret-bleu-petrole","status":"publish","type":"product","link":"https:\/\/hubsch-interior.com\/fr\/produit\/always-tabouret-bleu-petrole\/","title":{"rendered":"Always Tabouret Bleu p\u00e9trole"},"content":{"rendered":"<p>Apportez une touche audacieuse \u00e0 votre int\u00e9rieur avec le Always Tabouret, une merveille polyvalente dans une nuance de p\u00e9trole saisissante, con\u00e7u pour ceux qui aiment les couleurs audacieuses. Fabriqu\u00e9 \u00e0 partir de bois certifi\u00e9 FSC, ce tabouret empilable allie approvisionnement responsable et \u00e9l\u00e9gance robuste. Facile \u00e0 assembler, il est parfait pour ajouter une touche de sophistication \u00e0 votre espace. Associez-le avec d&#8217;autres variantes pour cr\u00e9er une \u00e9l\u00e9vation de couleur subtile mais distinctive. Id\u00e9al pour les int\u00e9rieurs contemporains, le Always Tabouret vous invite \u00e0 exprimer votre style unique.<\/p>\n","protected":false},"excerpt":{"rendered":"<p>Apportez une touche audacieuse \u00e0 votre int\u00e9rieur avec le Always Tabouret, une merveille polyvalente dans une nuance de p\u00e9trole saisissante, con\u00e7u pour ceux qui aiment les couleurs audacieuses. Fabriqu\u00e9 \u00e0 partir de bois certifi\u00e9 FSC, ce tabouret empilable allie approvisionnement responsable et \u00e9l\u00e9gance robuste. Facile \u00e0 assembler, il est parfait pour ajouter une touche de [&hellip;]<\/p>\n","protected":false},"featured_media":1105264,"template":"","meta":{"_acf_changed":false,"inline_featured_image":false},"product_brand":[],"product_cat":[2843,7154,6322,5046,3041],"product_tag":[],"class_list":{"0":"post-1088056","1":"product","2":"type-product","3":"status-publish","4":"has-post-thumbnail","6":"product_cat-assises-fr","7":"product_cat-dweller-fr","8":"product_cat-fsc-fr","9":"product_cat-nouveautes-fr","10":"product_cat-tabouret-fr","11":"product_shipping_class-pk","13":"pa_color-bleu-ptrole","14":"pa_material-bois-de-chne-2","15":"pa_material-mdf-fr","16":"pa_material-placage-de-chne-2","18":"first","19":"instock","20":"taxable","21":"shipping-taxable","22":"purchasable","23":"product-type-simple"},"exclude_global_add_ons":[],"addons":[],"acf":[],"yoast_head":"<!-- This site is optimized with the Yoast SEO plugin v26.4 - https:\/\/yoast.com\/wordpress\/plugins\/seo\/ -->\n<title>Always Tabouret Bleu p\u00e9trole - H\u00fcbsch<\/title>\n<meta name=\"description\" content=\"Apportez une touche audacieuse \u00e0 votre int\u00e9rieur avec le Always Tabouret, une merveille polyvalente dans une nuance de p\u00e9trole saisissante, con\u00e7u pour\" \/>\n<meta name=\"robots\" content=\"index, follow, max-snippet:-1, max-image-preview:large, max-video-preview:-1\" \/>\n<link rel=\"canonical\" href=\"https:\/\/hubsch-interior.com\/fr\/wp-json\/wp\/v2\/product\/1088056\" \/>\n<meta property=\"og:locale\" content=\"fr_FR\" \/>\n<meta property=\"og:type\" content=\"article\" \/>\n<meta property=\"og:title\" content=\"Always Tabouret Bleu p\u00e9trole - H\u00fcbsch\" \/>\n<meta property=\"og:description\" content=\"Apportez une touche audacieuse \u00e0 votre int\u00e9rieur avec le Always Tabouret, une merveille polyvalente dans une nuance de p\u00e9trole saisissante, con\u00e7u pour\" \/>\n<meta property=\"og:url\" content=\"https:\/\/hubsch-interior.com\/fr\/produit\/always-tabouret-bleu-petrole\/\" \/>\n<meta property=\"og:site_name\" content=\"H\u00fcbsch\" \/>\n<meta property=\"article:modified_time\" content=\"2026-04-06T02:54:56+00:00\" \/>\n<meta property=\"og:image\" content=\"https:\/\/hubsch-interior.com\/wp-content\/uploads\/2026\/01\/always-stool-petrol-b50fdc0c5b9420d183e05af1501233b6.jpg\" \/>\n\t<meta property=\"og:image:width\" content=\"1200\" \/>\n\t<meta property=\"og:image:height\" content=\"1200\" \/>\n\t<meta property=\"og:image:type\" content=\"image\/jpeg\" \/>\n<meta name=\"twitter:card\" content=\"summary_large_image\" \/>\n<script type=\"application\/ld+json\" class=\"yoast-schema-graph\">{\"@context\":\"https:\/\/schema.org\",\"@graph\":[{\"@type\":\"WebPage\",\"@id\":\"https:\/\/hubsch-interior.com\/fr\/produit\/always-tabouret-bleu-petrole\/\",\"url\":\"https:\/\/hubsch-interior.com\/fr\/produit\/always-tabouret-bleu-petrole\/\",\"name\":\"Always Tabouret Bleu p\u00e9trole - H\u00fcbsch\",\"isPartOf\":{\"@id\":\"https:\/\/hubsch-interior.com\/fr\/#website\"},\"primaryImageOfPage\":{\"@id\":\"https:\/\/hubsch-interior.com\/fr\/produit\/always-tabouret-bleu-petrole\/#primaryimage\"},\"image\":{\"@id\":\"https:\/\/hubsch-interior.com\/fr\/produit\/always-tabouret-bleu-petrole\/#primaryimage\"},\"thumbnailUrl\":\"https:\/\/hubsch-interior.com\/wp-content\/uploads\/2026\/02\/always-stool-petrol-1ce85a291408bdfd2c4c5c32d3f2a1d1.jpg\",\"datePublished\":\"2026-01-31T03:37:56+00:00\",\"dateModified\":\"2026-04-06T02:54:56+00:00\",\"description\":\"Apportez une touche audacieuse \u00e0 votre int\u00e9rieur avec le Always Tabouret, une merveille polyvalente dans une nuance de p\u00e9trole saisissante, con\u00e7u pour\",\"breadcrumb\":{\"@id\":\"https:\/\/hubsch-interior.com\/fr\/produit\/always-tabouret-bleu-petrole\/#breadcrumb\"},\"inLanguage\":\"fr-FR\",\"potentialAction\":[{\"@type\":\"ReadAction\",\"target\":[\"https:\/\/hubsch-interior.com\/fr\/produit\/always-tabouret-bleu-petrole\/\"]}]},{\"@type\":\"ImageObject\",\"inLanguage\":\"fr-FR\",\"@id\":\"https:\/\/hubsch-interior.com\/fr\/produit\/always-tabouret-bleu-petrole\/#primaryimage\",\"url\":\"https:\/\/hubsch-interior.com\/wp-content\/uploads\/2026\/02\/always-stool-petrol-1ce85a291408bdfd2c4c5c32d3f2a1d1.jpg\",\"contentUrl\":\"https:\/\/hubsch-interior.com\/wp-content\/uploads\/2026\/02\/always-stool-petrol-1ce85a291408bdfd2c4c5c32d3f2a1d1.jpg\",\"width\":1024,\"height\":1024},{\"@type\":\"BreadcrumbList\",\"@id\":\"https:\/\/hubsch-interior.com\/fr\/produit\/always-tabouret-bleu-petrole\/#breadcrumb\",\"itemListElement\":[{\"@type\":\"ListItem\",\"position\":1,\"name\":\"Page d'accueil\",\"item\":\"https:\/\/hubsch-interior.com\/fr\/\"},{\"@type\":\"ListItem\",\"position\":2,\"name\":\"Produits\",\"item\":\"https:\/\/hubsch-interior.com\/fr\/shop-2\/\"},{\"@type\":\"ListItem\",\"position\":3,\"name\":\"Always Tabouret Bleu p\u00e9trole\"}]},{\"@type\":\"WebSite\",\"@id\":\"https:\/\/hubsch-interior.com\/fr\/#website\",\"url\":\"https:\/\/hubsch-interior.com\/fr\/\",\"name\":\"H\u00fcbsch\",\"description\":\"Danish Home Interior and Design\",\"publisher\":{\"@id\":\"https:\/\/hubsch-interior.com\/fr\/#organization\"},\"potentialAction\":[{\"@type\":\"SearchAction\",\"target\":{\"@type\":\"EntryPoint\",\"urlTemplate\":\"https:\/\/hubsch-interior.com\/fr\/?s={search_term_string}\"},\"query-input\":{\"@type\":\"PropertyValueSpecification\",\"valueRequired\":true,\"valueName\":\"search_term_string\"}}],\"inLanguage\":\"fr-FR\"},{\"@type\":\"Organization\",\"@id\":\"https:\/\/hubsch-interior.com\/fr\/#organization\",\"name\":\"H\u00fcbsch\",\"url\":\"https:\/\/hubsch-interior.com\/fr\/\",\"logo\":{\"@type\":\"ImageObject\",\"inLanguage\":\"fr-FR\",\"@id\":\"https:\/\/hubsch-interior.com\/fr\/#\/schema\/logo\/image\/\",\"url\":\"https:\/\/hubsch-interior.com\/wp-content\/uploads\/2022\/12\/Hubsch_logo_black_one_line.svg\",\"contentUrl\":\"https:\/\/hubsch-interior.com\/wp-content\/uploads\/2022\/12\/Hubsch_logo_black_one_line.svg\",\"caption\":\"H\u00fcbsch\"},\"image\":{\"@id\":\"https:\/\/hubsch-interior.com\/fr\/#\/schema\/logo\/image\/\"}}]}<\/script>\n<!-- \/ Yoast SEO plugin. -->","yoast_head_json":{"title":"Always Tabouret Bleu p\u00e9trole - H\u00fcbsch","description":"Apportez une touche audacieuse \u00e0 votre int\u00e9rieur avec le Always Tabouret, une merveille polyvalente dans une nuance de p\u00e9trole saisissante, con\u00e7u pour","robots":{"index":"index","follow":"follow","max-snippet":"max-snippet:-1","max-image-preview":"max-image-preview:large","max-video-preview":"max-video-preview:-1"},"canonical":"https:\/\/hubsch-interior.com\/fr\/wp-json\/wp\/v2\/product\/1088056","og_locale":"fr_FR","og_type":"article","og_title":"Always Tabouret Bleu p\u00e9trole - H\u00fcbsch","og_description":"Apportez une touche audacieuse \u00e0 votre int\u00e9rieur avec le Always Tabouret, une merveille polyvalente dans une nuance de p\u00e9trole saisissante, con\u00e7u pour","og_url":"https:\/\/hubsch-interior.com\/fr\/produit\/always-tabouret-bleu-petrole\/","og_site_name":"H\u00fcbsch","article_modified_time":"2026-04-06T02:54:56+00:00","og_image":[{"width":1200,"height":1200,"url":"https:\/\/hubsch-interior.com\/wp-content\/uploads\/2026\/01\/always-stool-petrol-b50fdc0c5b9420d183e05af1501233b6.jpg","type":"image\/jpeg"}],"twitter_card":"summary_large_image","schema":{"@context":"https:\/\/schema.org","@graph":[{"@type":"WebPage","@id":"https:\/\/hubsch-interior.com\/fr\/produit\/always-tabouret-bleu-petrole\/","url":"https:\/\/hubsch-interior.com\/fr\/produit\/always-tabouret-bleu-petrole\/","name":"Always Tabouret Bleu p\u00e9trole - H\u00fcbsch","isPartOf":{"@id":"https:\/\/hubsch-interior.com\/fr\/#website"},"primaryImageOfPage":{"@id":"https:\/\/hubsch-interior.com\/fr\/produit\/always-tabouret-bleu-petrole\/#primaryimage"},"image":{"@id":"https:\/\/hubsch-interior.com\/fr\/produit\/always-tabouret-bleu-petrole\/#primaryimage"},"thumbnailUrl":"https:\/\/hubsch-interior.com\/wp-content\/uploads\/2026\/02\/always-stool-petrol-1ce85a291408bdfd2c4c5c32d3f2a1d1.jpg","datePublished":"2026-01-31T03:37:56+00:00","dateModified":"2026-04-06T02:54:56+00:00","description":"Apportez une touche audacieuse \u00e0 votre int\u00e9rieur avec le Always Tabouret, une merveille polyvalente dans une nuance de p\u00e9trole saisissante, con\u00e7u pour","breadcrumb":{"@id":"https:\/\/hubsch-interior.com\/fr\/produit\/always-tabouret-bleu-petrole\/#breadcrumb"},"inLanguage":"fr-FR","potentialAction":[{"@type":"ReadAction","target":["https:\/\/hubsch-interior.com\/fr\/produit\/always-tabouret-bleu-petrole\/"]}]},{"@type":"ImageObject","inLanguage":"fr-FR","@id":"https:\/\/hubsch-interior.com\/fr\/produit\/always-tabouret-bleu-petrole\/#primaryimage","url":"https:\/\/hubsch-interior.com\/wp-content\/uploads\/2026\/02\/always-stool-petrol-1ce85a291408bdfd2c4c5c32d3f2a1d1.jpg","contentUrl":"https:\/\/hubsch-interior.com\/wp-content\/uploads\/2026\/02\/always-stool-petrol-1ce85a291408bdfd2c4c5c32d3f2a1d1.jpg","width":1024,"height":1024},{"@type":"BreadcrumbList","@id":"https:\/\/hubsch-interior.com\/fr\/produit\/always-tabouret-bleu-petrole\/#breadcrumb","itemListElement":[{"@type":"ListItem","position":1,"name":"Page d'accueil","item":"https:\/\/hubsch-interior.com\/fr\/"},{"@type":"ListItem","position":2,"name":"Produits","item":"https:\/\/hubsch-interior.com\/fr\/shop-2\/"},{"@type":"ListItem","position":3,"name":"Always Tabouret Bleu p\u00e9trole"}]},{"@type":"WebSite","@id":"https:\/\/hubsch-interior.com\/fr\/#website","url":"https:\/\/hubsch-interior.com\/fr\/","name":"H\u00fcbsch","description":"Danish Home Interior and Design","publisher":{"@id":"https:\/\/hubsch-interior.com\/fr\/#organization"},"potentialAction":[{"@type":"SearchAction","target":{"@type":"EntryPoint","urlTemplate":"https:\/\/hubsch-interior.com\/fr\/?s={search_term_string}"},"query-input":{"@type":"PropertyValueSpecification","valueRequired":true,"valueName":"search_term_string"}}],"inLanguage":"fr-FR"},{"@type":"Organization","@id":"https:\/\/hubsch-interior.com\/fr\/#organization","name":"H\u00fcbsch","url":"https:\/\/hubsch-interior.com\/fr\/","logo":{"@type":"ImageObject","inLanguage":"fr-FR","@id":"https:\/\/hubsch-interior.com\/fr\/#\/schema\/logo\/image\/","url":"https:\/\/hubsch-interior.com\/wp-content\/uploads\/2022\/12\/Hubsch_logo_black_one_line.svg","contentUrl":"https:\/\/hubsch-interior.com\/wp-content\/uploads\/2022\/12\/Hubsch_logo_black_one_line.svg","caption":"H\u00fcbsch"},"image":{"@id":"https:\/\/hubsch-interior.com\/fr\/#\/schema\/logo\/image\/"}}]}},"_links":{"self":[{"href":"https:\/\/hubsch-interior.com\/fr\/wp-json\/wp\/v2\/product\/1088056","targetHints":{"allow":["GET"]}}],"collection":[{"href":"https:\/\/hubsch-interior.com\/fr\/wp-json\/wp\/v2\/product"}],"about":[{"href":"https:\/\/hubsch-interior.com\/fr\/wp-json\/wp\/v2\/types\/product"}],"wp:featuredmedia":[{"embeddable":true,"href":"https:\/\/hubsch-interior.com\/fr\/wp-json\/wp\/v2\/media\/1105264"}],"wp:attachment":[{"href":"https:\/\/hubsch-interior.com\/fr\/wp-json\/wp\/v2\/media?parent=1088056"}],"wp:term":[{"taxonomy":"product_brand","embeddable":true,"href":"https:\/\/hubsch-interior.com\/fr\/wp-json\/wp\/v2\/product_brand?post=1088056"},{"taxonomy":"product_cat","embeddable":true,"href":"https:\/\/hubsch-interior.com\/fr\/wp-json\/wp\/v2\/product_cat?post=1088056"},{"taxonomy":"product_tag","embeddable":true,"href":"https:\/\/hubsch-interior.com\/fr\/wp-json\/wp\/v2\/product_tag?post=1088056"}],"curies":[{"name":"wp","href":"https:\/\/api.w.org\/{rel}","templated":true}]}}