{"id":1088080,"date":"2026-01-31T04:38:09","date_gmt":"2026-01-31T03:38:09","guid":{"rendered":"https:\/\/hubsch-interior.com\/product\/product\/"},"modified":"2026-04-06T04:54:59","modified_gmt":"2026-04-06T02:54:59","slug":"always-tabouret-orange","status":"publish","type":"product","link":"https:\/\/hubsch-interior.com\/fr\/produit\/always-tabouret-orange\/","title":{"rendered":"Always Tabouret Orange"},"content":{"rendered":"<p>Lorsque votre espace a besoin d&#8217;un \u00e9clat. Le Always Tabouret en orange doux apporte un contraste joyeux aux int\u00e9rieurs apais\u00e9s \u2014 une touche subtile d&#8217;audace, sans le tumulte. Empilable, facile \u00e0 assembler et fabriqu\u00e9 \u00e0 partir de bois certifi\u00e9 FSC, il est aussi fonctionnel qu&#8217;expressif. Combinez-le avec les autres variantes pour cr\u00e9er votre propre palette, ou laissez-le briller seul comme un \u00e9l\u00e9ment distinctif discret. Un accent enjou\u00e9 qui garde votre maison fra\u00eeche, flexible et enti\u00e8rement \u00e0 votre image.<\/p>\n","protected":false},"excerpt":{"rendered":"<p>Lorsque votre espace a besoin d&#8217;un \u00e9clat. Le Always Tabouret en orange doux apporte un contraste joyeux aux int\u00e9rieurs apais\u00e9s \u2014 une touche subtile d&#8217;audace, sans le tumulte. Empilable, facile \u00e0 assembler et fabriqu\u00e9 \u00e0 partir de bois certifi\u00e9 FSC, il est aussi fonctionnel qu&#8217;expressif. Combinez-le avec les autres variantes pour cr\u00e9er votre propre palette, [&hellip;]<\/p>\n","protected":false},"featured_media":1105284,"template":"","meta":{"_acf_changed":false,"inline_featured_image":false},"product_brand":[],"product_cat":[7154,6322,2843,3041,5046],"product_tag":[],"class_list":{"0":"post-1088080","1":"product","2":"type-product","3":"status-publish","4":"has-post-thumbnail","6":"product_cat-dweller-fr","7":"product_cat-fsc-fr","8":"product_cat-assises-fr","9":"product_cat-tabouret-fr","10":"product_cat-nouveautes-fr","11":"product_shipping_class-pk","13":"pa_color-orange-fr","14":"pa_material-mdf-fr","15":"pa_material-bois-de-chne-2","16":"pa_material-placage-de-chne-2","18":"first","19":"instock","20":"taxable","21":"shipping-taxable","22":"purchasable","23":"product-type-simple"},"exclude_global_add_ons":[],"addons":[],"acf":[],"yoast_head":"<!-- This site is optimized with the Yoast SEO plugin v26.4 - https:\/\/yoast.com\/wordpress\/plugins\/seo\/ -->\n<title>Always Tabouret Orange - H\u00fcbsch<\/title>\n<meta name=\"description\" content=\"Lorsque votre espace a besoin d&#039;un \u00e9clat. Le Always Tabouret en orange doux apporte un contraste joyeux aux int\u00e9rieurs apais\u00e9s \u2014 une touche subtile\" \/>\n<meta name=\"robots\" content=\"index, follow, max-snippet:-1, max-image-preview:large, max-video-preview:-1\" \/>\n<link rel=\"canonical\" href=\"https:\/\/hubsch-interior.com\/fr\/wp-json\/wp\/v2\/product\/1088080\" \/>\n<meta property=\"og:locale\" content=\"fr_FR\" \/>\n<meta property=\"og:type\" content=\"article\" \/>\n<meta property=\"og:title\" content=\"Always Tabouret Orange - H\u00fcbsch\" \/>\n<meta property=\"og:description\" content=\"Lorsque votre espace a besoin d&#039;un \u00e9clat. Le Always Tabouret en orange doux apporte un contraste joyeux aux int\u00e9rieurs apais\u00e9s \u2014 une touche subtile\" \/>\n<meta property=\"og:url\" content=\"https:\/\/hubsch-interior.com\/fr\/produit\/always-tabouret-orange\/\" \/>\n<meta property=\"og:site_name\" content=\"H\u00fcbsch\" \/>\n<meta property=\"article:modified_time\" content=\"2026-04-06T02:54:59+00:00\" \/>\n<meta property=\"og:image\" content=\"https:\/\/hubsch-interior.com\/wp-content\/uploads\/2026\/01\/always-stool-orange-f483f5342cf03b09737c0facba89bf1b.jpg\" \/>\n\t<meta property=\"og:image:width\" content=\"1200\" \/>\n\t<meta property=\"og:image:height\" content=\"1200\" \/>\n\t<meta property=\"og:image:type\" content=\"image\/jpeg\" \/>\n<meta name=\"twitter:card\" content=\"summary_large_image\" \/>\n<script type=\"application\/ld+json\" class=\"yoast-schema-graph\">{\"@context\":\"https:\/\/schema.org\",\"@graph\":[{\"@type\":\"WebPage\",\"@id\":\"https:\/\/hubsch-interior.com\/fr\/produit\/always-tabouret-orange\/\",\"url\":\"https:\/\/hubsch-interior.com\/fr\/produit\/always-tabouret-orange\/\",\"name\":\"Always Tabouret Orange - H\u00fcbsch\",\"isPartOf\":{\"@id\":\"https:\/\/hubsch-interior.com\/fr\/#website\"},\"primaryImageOfPage\":{\"@id\":\"https:\/\/hubsch-interior.com\/fr\/produit\/always-tabouret-orange\/#primaryimage\"},\"image\":{\"@id\":\"https:\/\/hubsch-interior.com\/fr\/produit\/always-tabouret-orange\/#primaryimage\"},\"thumbnailUrl\":\"https:\/\/hubsch-interior.com\/wp-content\/uploads\/2026\/02\/always-stool-orange-07044c2c85455f5e9059aaf6b3d2779c.jpg\",\"datePublished\":\"2026-01-31T03:38:09+00:00\",\"dateModified\":\"2026-04-06T02:54:59+00:00\",\"description\":\"Lorsque votre espace a besoin d'un \u00e9clat. Le Always Tabouret en orange doux apporte un contraste joyeux aux int\u00e9rieurs apais\u00e9s \u2014 une touche subtile\",\"breadcrumb\":{\"@id\":\"https:\/\/hubsch-interior.com\/fr\/produit\/always-tabouret-orange\/#breadcrumb\"},\"inLanguage\":\"fr-FR\",\"potentialAction\":[{\"@type\":\"ReadAction\",\"target\":[\"https:\/\/hubsch-interior.com\/fr\/produit\/always-tabouret-orange\/\"]}]},{\"@type\":\"ImageObject\",\"inLanguage\":\"fr-FR\",\"@id\":\"https:\/\/hubsch-interior.com\/fr\/produit\/always-tabouret-orange\/#primaryimage\",\"url\":\"https:\/\/hubsch-interior.com\/wp-content\/uploads\/2026\/02\/always-stool-orange-07044c2c85455f5e9059aaf6b3d2779c.jpg\",\"contentUrl\":\"https:\/\/hubsch-interior.com\/wp-content\/uploads\/2026\/02\/always-stool-orange-07044c2c85455f5e9059aaf6b3d2779c.jpg\",\"width\":1024,\"height\":1024},{\"@type\":\"BreadcrumbList\",\"@id\":\"https:\/\/hubsch-interior.com\/fr\/produit\/always-tabouret-orange\/#breadcrumb\",\"itemListElement\":[{\"@type\":\"ListItem\",\"position\":1,\"name\":\"Page d'accueil\",\"item\":\"https:\/\/hubsch-interior.com\/fr\/\"},{\"@type\":\"ListItem\",\"position\":2,\"name\":\"Produits\",\"item\":\"https:\/\/hubsch-interior.com\/fr\/shop-2\/\"},{\"@type\":\"ListItem\",\"position\":3,\"name\":\"Always Tabouret Orange\"}]},{\"@type\":\"WebSite\",\"@id\":\"https:\/\/hubsch-interior.com\/fr\/#website\",\"url\":\"https:\/\/hubsch-interior.com\/fr\/\",\"name\":\"H\u00fcbsch\",\"description\":\"Danish Home Interior and Design\",\"publisher\":{\"@id\":\"https:\/\/hubsch-interior.com\/fr\/#organization\"},\"potentialAction\":[{\"@type\":\"SearchAction\",\"target\":{\"@type\":\"EntryPoint\",\"urlTemplate\":\"https:\/\/hubsch-interior.com\/fr\/?s={search_term_string}\"},\"query-input\":{\"@type\":\"PropertyValueSpecification\",\"valueRequired\":true,\"valueName\":\"search_term_string\"}}],\"inLanguage\":\"fr-FR\"},{\"@type\":\"Organization\",\"@id\":\"https:\/\/hubsch-interior.com\/fr\/#organization\",\"name\":\"H\u00fcbsch\",\"url\":\"https:\/\/hubsch-interior.com\/fr\/\",\"logo\":{\"@type\":\"ImageObject\",\"inLanguage\":\"fr-FR\",\"@id\":\"https:\/\/hubsch-interior.com\/fr\/#\/schema\/logo\/image\/\",\"url\":\"https:\/\/hubsch-interior.com\/wp-content\/uploads\/2022\/12\/Hubsch_logo_black_one_line.svg\",\"contentUrl\":\"https:\/\/hubsch-interior.com\/wp-content\/uploads\/2022\/12\/Hubsch_logo_black_one_line.svg\",\"caption\":\"H\u00fcbsch\"},\"image\":{\"@id\":\"https:\/\/hubsch-interior.com\/fr\/#\/schema\/logo\/image\/\"}}]}<\/script>\n<!-- \/ Yoast SEO plugin. -->","yoast_head_json":{"title":"Always Tabouret Orange - H\u00fcbsch","description":"Lorsque votre espace a besoin d'un \u00e9clat. Le Always Tabouret en orange doux apporte un contraste joyeux aux int\u00e9rieurs apais\u00e9s \u2014 une touche subtile","robots":{"index":"index","follow":"follow","max-snippet":"max-snippet:-1","max-image-preview":"max-image-preview:large","max-video-preview":"max-video-preview:-1"},"canonical":"https:\/\/hubsch-interior.com\/fr\/wp-json\/wp\/v2\/product\/1088080","og_locale":"fr_FR","og_type":"article","og_title":"Always Tabouret Orange - H\u00fcbsch","og_description":"Lorsque votre espace a besoin d'un \u00e9clat. Le Always Tabouret en orange doux apporte un contraste joyeux aux int\u00e9rieurs apais\u00e9s \u2014 une touche subtile","og_url":"https:\/\/hubsch-interior.com\/fr\/produit\/always-tabouret-orange\/","og_site_name":"H\u00fcbsch","article_modified_time":"2026-04-06T02:54:59+00:00","og_image":[{"width":1200,"height":1200,"url":"https:\/\/hubsch-interior.com\/wp-content\/uploads\/2026\/01\/always-stool-orange-f483f5342cf03b09737c0facba89bf1b.jpg","type":"image\/jpeg"}],"twitter_card":"summary_large_image","schema":{"@context":"https:\/\/schema.org","@graph":[{"@type":"WebPage","@id":"https:\/\/hubsch-interior.com\/fr\/produit\/always-tabouret-orange\/","url":"https:\/\/hubsch-interior.com\/fr\/produit\/always-tabouret-orange\/","name":"Always Tabouret Orange - H\u00fcbsch","isPartOf":{"@id":"https:\/\/hubsch-interior.com\/fr\/#website"},"primaryImageOfPage":{"@id":"https:\/\/hubsch-interior.com\/fr\/produit\/always-tabouret-orange\/#primaryimage"},"image":{"@id":"https:\/\/hubsch-interior.com\/fr\/produit\/always-tabouret-orange\/#primaryimage"},"thumbnailUrl":"https:\/\/hubsch-interior.com\/wp-content\/uploads\/2026\/02\/always-stool-orange-07044c2c85455f5e9059aaf6b3d2779c.jpg","datePublished":"2026-01-31T03:38:09+00:00","dateModified":"2026-04-06T02:54:59+00:00","description":"Lorsque votre espace a besoin d'un \u00e9clat. Le Always Tabouret en orange doux apporte un contraste joyeux aux int\u00e9rieurs apais\u00e9s \u2014 une touche subtile","breadcrumb":{"@id":"https:\/\/hubsch-interior.com\/fr\/produit\/always-tabouret-orange\/#breadcrumb"},"inLanguage":"fr-FR","potentialAction":[{"@type":"ReadAction","target":["https:\/\/hubsch-interior.com\/fr\/produit\/always-tabouret-orange\/"]}]},{"@type":"ImageObject","inLanguage":"fr-FR","@id":"https:\/\/hubsch-interior.com\/fr\/produit\/always-tabouret-orange\/#primaryimage","url":"https:\/\/hubsch-interior.com\/wp-content\/uploads\/2026\/02\/always-stool-orange-07044c2c85455f5e9059aaf6b3d2779c.jpg","contentUrl":"https:\/\/hubsch-interior.com\/wp-content\/uploads\/2026\/02\/always-stool-orange-07044c2c85455f5e9059aaf6b3d2779c.jpg","width":1024,"height":1024},{"@type":"BreadcrumbList","@id":"https:\/\/hubsch-interior.com\/fr\/produit\/always-tabouret-orange\/#breadcrumb","itemListElement":[{"@type":"ListItem","position":1,"name":"Page d'accueil","item":"https:\/\/hubsch-interior.com\/fr\/"},{"@type":"ListItem","position":2,"name":"Produits","item":"https:\/\/hubsch-interior.com\/fr\/shop-2\/"},{"@type":"ListItem","position":3,"name":"Always Tabouret Orange"}]},{"@type":"WebSite","@id":"https:\/\/hubsch-interior.com\/fr\/#website","url":"https:\/\/hubsch-interior.com\/fr\/","name":"H\u00fcbsch","description":"Danish Home Interior and Design","publisher":{"@id":"https:\/\/hubsch-interior.com\/fr\/#organization"},"potentialAction":[{"@type":"SearchAction","target":{"@type":"EntryPoint","urlTemplate":"https:\/\/hubsch-interior.com\/fr\/?s={search_term_string}"},"query-input":{"@type":"PropertyValueSpecification","valueRequired":true,"valueName":"search_term_string"}}],"inLanguage":"fr-FR"},{"@type":"Organization","@id":"https:\/\/hubsch-interior.com\/fr\/#organization","name":"H\u00fcbsch","url":"https:\/\/hubsch-interior.com\/fr\/","logo":{"@type":"ImageObject","inLanguage":"fr-FR","@id":"https:\/\/hubsch-interior.com\/fr\/#\/schema\/logo\/image\/","url":"https:\/\/hubsch-interior.com\/wp-content\/uploads\/2022\/12\/Hubsch_logo_black_one_line.svg","contentUrl":"https:\/\/hubsch-interior.com\/wp-content\/uploads\/2022\/12\/Hubsch_logo_black_one_line.svg","caption":"H\u00fcbsch"},"image":{"@id":"https:\/\/hubsch-interior.com\/fr\/#\/schema\/logo\/image\/"}}]}},"_links":{"self":[{"href":"https:\/\/hubsch-interior.com\/fr\/wp-json\/wp\/v2\/product\/1088080","targetHints":{"allow":["GET"]}}],"collection":[{"href":"https:\/\/hubsch-interior.com\/fr\/wp-json\/wp\/v2\/product"}],"about":[{"href":"https:\/\/hubsch-interior.com\/fr\/wp-json\/wp\/v2\/types\/product"}],"wp:featuredmedia":[{"embeddable":true,"href":"https:\/\/hubsch-interior.com\/fr\/wp-json\/wp\/v2\/media\/1105284"}],"wp:attachment":[{"href":"https:\/\/hubsch-interior.com\/fr\/wp-json\/wp\/v2\/media?parent=1088080"}],"wp:term":[{"taxonomy":"product_brand","embeddable":true,"href":"https:\/\/hubsch-interior.com\/fr\/wp-json\/wp\/v2\/product_brand?post=1088080"},{"taxonomy":"product_cat","embeddable":true,"href":"https:\/\/hubsch-interior.com\/fr\/wp-json\/wp\/v2\/product_cat?post=1088080"},{"taxonomy":"product_tag","embeddable":true,"href":"https:\/\/hubsch-interior.com\/fr\/wp-json\/wp\/v2\/product_tag?post=1088080"}],"curies":[{"name":"wp","href":"https:\/\/api.w.org\/{rel}","templated":true}]}}