{"id":1088104,"date":"2026-01-31T04:38:22","date_gmt":"2026-01-31T03:38:22","guid":{"rendered":"https:\/\/hubsch-interior.com\/product\/product\/"},"modified":"2026-04-06T04:55:04","modified_gmt":"2026-04-06T02:55:04","slug":"mae-commode-naturel","status":"publish","type":"product","link":"https:\/\/hubsch-interior.com\/fr\/produit\/mae-commode-naturel\/","title":{"rendered":"Mae Commode Naturel"},"content":{"rendered":"<p>Un cadre \u00e0 fa\u00e7ade de verre pour les objets que vous ch\u00e9rissez. La **Mae Commode** apporte chaleur et clart\u00e9 \u00e0 votre espace, fabriqu\u00e9e en ch\u00eane certifi\u00e9 FSC dans une tonalit\u00e9 naturelle qui invite \u00e0 la s\u00e9r\u00e9nit\u00e9. Ses lignes \u00e9pur\u00e9es et ses portes en verre transforment les objets du quotidien en v\u00e9ritables expositions \u2014 des h\u00e9ritages aux c\u00e9ramiques faites \u00e0 la main. De petite taille mais riche en pr\u00e9sence, c&#8217;est une pi\u00e8ce accueillante qui transforme le rangement en art de raconter. Une petite commode avec beaucoup de c\u0153ur.<\/p>\n","protected":false},"excerpt":{"rendered":"<p>Un cadre \u00e0 fa\u00e7ade de verre pour les objets que vous ch\u00e9rissez. La **Mae Commode** apporte chaleur et clart\u00e9 \u00e0 votre espace, fabriqu\u00e9e en ch\u00eane certifi\u00e9 FSC dans une tonalit\u00e9 naturelle qui invite \u00e0 la s\u00e9r\u00e9nit\u00e9. Ses lignes \u00e9pur\u00e9es et ses portes en verre transforment les objets du quotidien en v\u00e9ritables expositions \u2014 des h\u00e9ritages [&hellip;]<\/p>\n","protected":false},"featured_media":1105304,"template":"","meta":{"_acf_changed":false,"inline_featured_image":false},"product_brand":[],"product_cat":[7154,6322,4001,4002,5026,5046],"product_tag":[],"class_list":{"0":"post-1088104","1":"product","2":"type-product","3":"status-publish","4":"has-post-thumbnail","6":"product_cat-dweller-fr","7":"product_cat-fsc-fr","8":"product_cat-etageres-et-meubles-de-rangement-fr","9":"product_cat-vitrines-fr","10":"product_cat-bestsellers-fr","11":"product_cat-nouveautes-fr","12":"product_shipping_class-p05","14":"pa_color-naturel-2","15":"pa_material-mdf-fr","16":"pa_material-verre-fr","17":"pa_material-bois-de-chne-2","18":"pa_material-placage-de-chne-2","20":"first","21":"instock","22":"featured","23":"taxable","24":"shipping-taxable","25":"purchasable","26":"product-type-simple"},"exclude_global_add_ons":[],"addons":[],"acf":[],"yoast_head":"<!-- This site is optimized with the Yoast SEO plugin v26.4 - https:\/\/yoast.com\/wordpress\/plugins\/seo\/ -->\n<title>Mae Commode Naturel - H\u00fcbsch<\/title>\n<meta name=\"description\" content=\"Un cadre \u00e0 fa\u00e7ade de verre pour les objets que vous ch\u00e9rissez. La **Mae Commode** apporte chaleur et clart\u00e9 \u00e0 votre espace, fabriqu\u00e9e en ch\u00eane certifi\u00e9\" \/>\n<meta name=\"robots\" content=\"index, follow, max-snippet:-1, max-image-preview:large, max-video-preview:-1\" \/>\n<link rel=\"canonical\" href=\"https:\/\/hubsch-interior.com\/fr\/wp-json\/wp\/v2\/product\/1088104\" \/>\n<meta property=\"og:locale\" content=\"fr_FR\" \/>\n<meta property=\"og:type\" content=\"article\" \/>\n<meta property=\"og:title\" content=\"Mae Commode Naturel - H\u00fcbsch\" \/>\n<meta property=\"og:description\" content=\"Un cadre \u00e0 fa\u00e7ade de verre pour les objets que vous ch\u00e9rissez. La **Mae Commode** apporte chaleur et clart\u00e9 \u00e0 votre espace, fabriqu\u00e9e en ch\u00eane certifi\u00e9\" \/>\n<meta property=\"og:url\" content=\"https:\/\/hubsch-interior.com\/fr\/produit\/mae-commode-naturel\/\" \/>\n<meta property=\"og:site_name\" content=\"H\u00fcbsch\" \/>\n<meta property=\"article:modified_time\" content=\"2026-04-06T02:55:04+00:00\" \/>\n<meta property=\"og:image\" content=\"https:\/\/hubsch-interior.com\/wp-content\/uploads\/2026\/01\/mae-cabinet-natural-76c48262cada8754780693985875bd02.jpg\" \/>\n\t<meta property=\"og:image:width\" content=\"1200\" \/>\n\t<meta property=\"og:image:height\" content=\"1200\" \/>\n\t<meta property=\"og:image:type\" content=\"image\/jpeg\" \/>\n<meta name=\"twitter:card\" content=\"summary_large_image\" \/>\n<script type=\"application\/ld+json\" class=\"yoast-schema-graph\">{\"@context\":\"https:\/\/schema.org\",\"@graph\":[{\"@type\":\"WebPage\",\"@id\":\"https:\/\/hubsch-interior.com\/fr\/produit\/mae-commode-naturel\/\",\"url\":\"https:\/\/hubsch-interior.com\/fr\/produit\/mae-commode-naturel\/\",\"name\":\"Mae Commode Naturel - H\u00fcbsch\",\"isPartOf\":{\"@id\":\"https:\/\/hubsch-interior.com\/fr\/#website\"},\"primaryImageOfPage\":{\"@id\":\"https:\/\/hubsch-interior.com\/fr\/produit\/mae-commode-naturel\/#primaryimage\"},\"image\":{\"@id\":\"https:\/\/hubsch-interior.com\/fr\/produit\/mae-commode-naturel\/#primaryimage\"},\"thumbnailUrl\":\"https:\/\/hubsch-interior.com\/wp-content\/uploads\/2026\/02\/mae-cabinet-natural-b35fb1c0052fb665a9d5d16fb0d4a8b1.jpg\",\"datePublished\":\"2026-01-31T03:38:22+00:00\",\"dateModified\":\"2026-04-06T02:55:04+00:00\",\"description\":\"Un cadre \u00e0 fa\u00e7ade de verre pour les objets que vous ch\u00e9rissez. La **Mae Commode** apporte chaleur et clart\u00e9 \u00e0 votre espace, fabriqu\u00e9e en ch\u00eane certifi\u00e9\",\"breadcrumb\":{\"@id\":\"https:\/\/hubsch-interior.com\/fr\/produit\/mae-commode-naturel\/#breadcrumb\"},\"inLanguage\":\"fr-FR\",\"potentialAction\":[{\"@type\":\"ReadAction\",\"target\":[\"https:\/\/hubsch-interior.com\/fr\/produit\/mae-commode-naturel\/\"]}]},{\"@type\":\"ImageObject\",\"inLanguage\":\"fr-FR\",\"@id\":\"https:\/\/hubsch-interior.com\/fr\/produit\/mae-commode-naturel\/#primaryimage\",\"url\":\"https:\/\/hubsch-interior.com\/wp-content\/uploads\/2026\/02\/mae-cabinet-natural-b35fb1c0052fb665a9d5d16fb0d4a8b1.jpg\",\"contentUrl\":\"https:\/\/hubsch-interior.com\/wp-content\/uploads\/2026\/02\/mae-cabinet-natural-b35fb1c0052fb665a9d5d16fb0d4a8b1.jpg\",\"width\":1024,\"height\":1024},{\"@type\":\"BreadcrumbList\",\"@id\":\"https:\/\/hubsch-interior.com\/fr\/produit\/mae-commode-naturel\/#breadcrumb\",\"itemListElement\":[{\"@type\":\"ListItem\",\"position\":1,\"name\":\"Page d'accueil\",\"item\":\"https:\/\/hubsch-interior.com\/fr\/\"},{\"@type\":\"ListItem\",\"position\":2,\"name\":\"Produits\",\"item\":\"https:\/\/hubsch-interior.com\/fr\/shop-2\/\"},{\"@type\":\"ListItem\",\"position\":3,\"name\":\"Mae Commode Naturel\"}]},{\"@type\":\"WebSite\",\"@id\":\"https:\/\/hubsch-interior.com\/fr\/#website\",\"url\":\"https:\/\/hubsch-interior.com\/fr\/\",\"name\":\"H\u00fcbsch\",\"description\":\"Danish Home Interior and Design\",\"publisher\":{\"@id\":\"https:\/\/hubsch-interior.com\/fr\/#organization\"},\"potentialAction\":[{\"@type\":\"SearchAction\",\"target\":{\"@type\":\"EntryPoint\",\"urlTemplate\":\"https:\/\/hubsch-interior.com\/fr\/?s={search_term_string}\"},\"query-input\":{\"@type\":\"PropertyValueSpecification\",\"valueRequired\":true,\"valueName\":\"search_term_string\"}}],\"inLanguage\":\"fr-FR\"},{\"@type\":\"Organization\",\"@id\":\"https:\/\/hubsch-interior.com\/fr\/#organization\",\"name\":\"H\u00fcbsch\",\"url\":\"https:\/\/hubsch-interior.com\/fr\/\",\"logo\":{\"@type\":\"ImageObject\",\"inLanguage\":\"fr-FR\",\"@id\":\"https:\/\/hubsch-interior.com\/fr\/#\/schema\/logo\/image\/\",\"url\":\"https:\/\/hubsch-interior.com\/wp-content\/uploads\/2022\/12\/Hubsch_logo_black_one_line.svg\",\"contentUrl\":\"https:\/\/hubsch-interior.com\/wp-content\/uploads\/2022\/12\/Hubsch_logo_black_one_line.svg\",\"caption\":\"H\u00fcbsch\"},\"image\":{\"@id\":\"https:\/\/hubsch-interior.com\/fr\/#\/schema\/logo\/image\/\"}}]}<\/script>\n<!-- \/ Yoast SEO plugin. -->","yoast_head_json":{"title":"Mae Commode Naturel - H\u00fcbsch","description":"Un cadre \u00e0 fa\u00e7ade de verre pour les objets que vous ch\u00e9rissez. La **Mae Commode** apporte chaleur et clart\u00e9 \u00e0 votre espace, fabriqu\u00e9e en ch\u00eane certifi\u00e9","robots":{"index":"index","follow":"follow","max-snippet":"max-snippet:-1","max-image-preview":"max-image-preview:large","max-video-preview":"max-video-preview:-1"},"canonical":"https:\/\/hubsch-interior.com\/fr\/wp-json\/wp\/v2\/product\/1088104","og_locale":"fr_FR","og_type":"article","og_title":"Mae Commode Naturel - H\u00fcbsch","og_description":"Un cadre \u00e0 fa\u00e7ade de verre pour les objets que vous ch\u00e9rissez. La **Mae Commode** apporte chaleur et clart\u00e9 \u00e0 votre espace, fabriqu\u00e9e en ch\u00eane certifi\u00e9","og_url":"https:\/\/hubsch-interior.com\/fr\/produit\/mae-commode-naturel\/","og_site_name":"H\u00fcbsch","article_modified_time":"2026-04-06T02:55:04+00:00","og_image":[{"width":1200,"height":1200,"url":"https:\/\/hubsch-interior.com\/wp-content\/uploads\/2026\/01\/mae-cabinet-natural-76c48262cada8754780693985875bd02.jpg","type":"image\/jpeg"}],"twitter_card":"summary_large_image","schema":{"@context":"https:\/\/schema.org","@graph":[{"@type":"WebPage","@id":"https:\/\/hubsch-interior.com\/fr\/produit\/mae-commode-naturel\/","url":"https:\/\/hubsch-interior.com\/fr\/produit\/mae-commode-naturel\/","name":"Mae Commode Naturel - H\u00fcbsch","isPartOf":{"@id":"https:\/\/hubsch-interior.com\/fr\/#website"},"primaryImageOfPage":{"@id":"https:\/\/hubsch-interior.com\/fr\/produit\/mae-commode-naturel\/#primaryimage"},"image":{"@id":"https:\/\/hubsch-interior.com\/fr\/produit\/mae-commode-naturel\/#primaryimage"},"thumbnailUrl":"https:\/\/hubsch-interior.com\/wp-content\/uploads\/2026\/02\/mae-cabinet-natural-b35fb1c0052fb665a9d5d16fb0d4a8b1.jpg","datePublished":"2026-01-31T03:38:22+00:00","dateModified":"2026-04-06T02:55:04+00:00","description":"Un cadre \u00e0 fa\u00e7ade de verre pour les objets que vous ch\u00e9rissez. La **Mae Commode** apporte chaleur et clart\u00e9 \u00e0 votre espace, fabriqu\u00e9e en ch\u00eane certifi\u00e9","breadcrumb":{"@id":"https:\/\/hubsch-interior.com\/fr\/produit\/mae-commode-naturel\/#breadcrumb"},"inLanguage":"fr-FR","potentialAction":[{"@type":"ReadAction","target":["https:\/\/hubsch-interior.com\/fr\/produit\/mae-commode-naturel\/"]}]},{"@type":"ImageObject","inLanguage":"fr-FR","@id":"https:\/\/hubsch-interior.com\/fr\/produit\/mae-commode-naturel\/#primaryimage","url":"https:\/\/hubsch-interior.com\/wp-content\/uploads\/2026\/02\/mae-cabinet-natural-b35fb1c0052fb665a9d5d16fb0d4a8b1.jpg","contentUrl":"https:\/\/hubsch-interior.com\/wp-content\/uploads\/2026\/02\/mae-cabinet-natural-b35fb1c0052fb665a9d5d16fb0d4a8b1.jpg","width":1024,"height":1024},{"@type":"BreadcrumbList","@id":"https:\/\/hubsch-interior.com\/fr\/produit\/mae-commode-naturel\/#breadcrumb","itemListElement":[{"@type":"ListItem","position":1,"name":"Page d'accueil","item":"https:\/\/hubsch-interior.com\/fr\/"},{"@type":"ListItem","position":2,"name":"Produits","item":"https:\/\/hubsch-interior.com\/fr\/shop-2\/"},{"@type":"ListItem","position":3,"name":"Mae Commode Naturel"}]},{"@type":"WebSite","@id":"https:\/\/hubsch-interior.com\/fr\/#website","url":"https:\/\/hubsch-interior.com\/fr\/","name":"H\u00fcbsch","description":"Danish Home Interior and Design","publisher":{"@id":"https:\/\/hubsch-interior.com\/fr\/#organization"},"potentialAction":[{"@type":"SearchAction","target":{"@type":"EntryPoint","urlTemplate":"https:\/\/hubsch-interior.com\/fr\/?s={search_term_string}"},"query-input":{"@type":"PropertyValueSpecification","valueRequired":true,"valueName":"search_term_string"}}],"inLanguage":"fr-FR"},{"@type":"Organization","@id":"https:\/\/hubsch-interior.com\/fr\/#organization","name":"H\u00fcbsch","url":"https:\/\/hubsch-interior.com\/fr\/","logo":{"@type":"ImageObject","inLanguage":"fr-FR","@id":"https:\/\/hubsch-interior.com\/fr\/#\/schema\/logo\/image\/","url":"https:\/\/hubsch-interior.com\/wp-content\/uploads\/2022\/12\/Hubsch_logo_black_one_line.svg","contentUrl":"https:\/\/hubsch-interior.com\/wp-content\/uploads\/2022\/12\/Hubsch_logo_black_one_line.svg","caption":"H\u00fcbsch"},"image":{"@id":"https:\/\/hubsch-interior.com\/fr\/#\/schema\/logo\/image\/"}}]}},"_links":{"self":[{"href":"https:\/\/hubsch-interior.com\/fr\/wp-json\/wp\/v2\/product\/1088104","targetHints":{"allow":["GET"]}}],"collection":[{"href":"https:\/\/hubsch-interior.com\/fr\/wp-json\/wp\/v2\/product"}],"about":[{"href":"https:\/\/hubsch-interior.com\/fr\/wp-json\/wp\/v2\/types\/product"}],"wp:featuredmedia":[{"embeddable":true,"href":"https:\/\/hubsch-interior.com\/fr\/wp-json\/wp\/v2\/media\/1105304"}],"wp:attachment":[{"href":"https:\/\/hubsch-interior.com\/fr\/wp-json\/wp\/v2\/media?parent=1088104"}],"wp:term":[{"taxonomy":"product_brand","embeddable":true,"href":"https:\/\/hubsch-interior.com\/fr\/wp-json\/wp\/v2\/product_brand?post=1088104"},{"taxonomy":"product_cat","embeddable":true,"href":"https:\/\/hubsch-interior.com\/fr\/wp-json\/wp\/v2\/product_cat?post=1088104"},{"taxonomy":"product_tag","embeddable":true,"href":"https:\/\/hubsch-interior.com\/fr\/wp-json\/wp\/v2\/product_tag?post=1088104"}],"curies":[{"name":"wp","href":"https:\/\/api.w.org\/{rel}","templated":true}]}}