{"id":1088152,"date":"2026-01-31T04:38:59","date_gmt":"2026-01-31T03:38:59","guid":{"rendered":"https:\/\/hubsch-interior.com\/product\/product\/"},"modified":"2026-04-06T04:55:19","modified_gmt":"2026-04-06T02:55:19","slug":"poetic-caisson-murale-large","status":"publish","type":"product","link":"https:\/\/hubsch-interior.com\/fr\/produit\/poetic-caisson-murale-large\/","title":{"rendered":"Poetic Caisson murale Large"},"content":{"rendered":"<p>Une \u00e9tag\u00e8re qui donne de l&#8217;espace aux belles choses. La Poetic Tablette associe le ch\u00eane chaleureux au verre a\u00e9rien, cr\u00e9ant un cadre discret pour vos objets les plus chers. Avec sa finition aux tons doux et son design mont\u00e9 au mur, elle s&#8217;int\u00e8gre sans effort dans votre int\u00e9rieur, ajoutant de la l\u00e9g\u00e8ret\u00e9 sans prendre de place. Fabriqu\u00e9e en bois certifi\u00e9 FSC, c&#8217;est un clin d&#8217;\u0153il r\u00e9fl\u00e9chi \u00e0 une vie consciente et \u00e0 un design durable. Qu&#8217;elle soit orn\u00e9e de livres, de verrerie ou de simples moments significatifs, elle transforme l&#8217;exposition en po\u00e9sie.<\/p>\n","protected":false},"excerpt":{"rendered":"<p>Une \u00e9tag\u00e8re qui donne de l&#8217;espace aux belles choses. La Poetic Tablette associe le ch\u00eane chaleureux au verre a\u00e9rien, cr\u00e9ant un cadre discret pour vos objets les plus chers. Avec sa finition aux tons doux et son design mont\u00e9 au mur, elle s&#8217;int\u00e8gre sans effort dans votre int\u00e9rieur, ajoutant de la l\u00e9g\u00e8ret\u00e9 sans prendre de [&hellip;]<\/p>\n","protected":false},"featured_media":1105364,"template":"","meta":{"_acf_changed":false,"inline_featured_image":false},"product_brand":[],"product_cat":[4011,7154,4001,6322,5046,4002],"product_tag":[],"class_list":{"0":"post-1088152","1":"product","2":"type-product","3":"status-publish","4":"has-post-thumbnail","6":"product_cat-bibliotheques-fr","7":"product_cat-dweller-fr","8":"product_cat-etageres-et-meubles-de-rangement-fr","9":"product_cat-fsc-fr","10":"product_cat-nouveautes-fr","11":"product_cat-vitrines-fr","12":"product_shipping_class-p05","14":"pa_material-bois-de-chne-2","15":"pa_material-mdf-fr","16":"pa_material-placage-de-chne-2","17":"pa_material-verre-fr","19":"first","20":"instock","21":"taxable","22":"shipping-taxable","23":"purchasable","24":"product-type-simple"},"exclude_global_add_ons":[],"addons":[],"acf":[],"yoast_head":"<!-- This site is optimized with the Yoast SEO plugin v26.4 - https:\/\/yoast.com\/wordpress\/plugins\/seo\/ -->\n<title>Poetic Caisson murale Large - H\u00fcbsch<\/title>\n<meta name=\"description\" content=\"Une \u00e9tag\u00e8re qui donne de l&#039;espace aux belles choses. La Poetic Tablette associe le ch\u00eane chaleureux au verre a\u00e9rien, cr\u00e9ant un cadre discret pour vos\" \/>\n<meta name=\"robots\" content=\"index, follow, max-snippet:-1, max-image-preview:large, max-video-preview:-1\" \/>\n<link rel=\"canonical\" href=\"https:\/\/hubsch-interior.com\/fr\/wp-json\/wp\/v2\/product\/1088152\" \/>\n<meta property=\"og:locale\" content=\"fr_FR\" \/>\n<meta property=\"og:type\" content=\"article\" \/>\n<meta property=\"og:title\" content=\"Poetic Caisson murale Large - H\u00fcbsch\" \/>\n<meta property=\"og:description\" content=\"Une \u00e9tag\u00e8re qui donne de l&#039;espace aux belles choses. La Poetic Tablette associe le ch\u00eane chaleureux au verre a\u00e9rien, cr\u00e9ant un cadre discret pour vos\" \/>\n<meta property=\"og:url\" content=\"https:\/\/hubsch-interior.com\/fr\/produit\/poetic-caisson-murale-large\/\" \/>\n<meta property=\"og:site_name\" content=\"H\u00fcbsch\" \/>\n<meta property=\"article:modified_time\" content=\"2026-04-06T02:55:19+00:00\" \/>\n<meta property=\"og:image\" content=\"https:\/\/hubsch-interior.com\/wp-content\/uploads\/2026\/01\/poetic-wall-cupboard-large-b6b5ad15092dc161068db86ce4600474.jpg\" \/>\n\t<meta property=\"og:image:width\" content=\"1200\" \/>\n\t<meta property=\"og:image:height\" content=\"1200\" \/>\n\t<meta property=\"og:image:type\" content=\"image\/jpeg\" \/>\n<meta name=\"twitter:card\" content=\"summary_large_image\" \/>\n<meta name=\"twitter:label1\" content=\"Dur\u00e9e de lecture estim\u00e9e\" \/>\n\t<meta name=\"twitter:data1\" content=\"1 minute\" \/>\n<script type=\"application\/ld+json\" class=\"yoast-schema-graph\">{\"@context\":\"https:\/\/schema.org\",\"@graph\":[{\"@type\":\"WebPage\",\"@id\":\"https:\/\/hubsch-interior.com\/fr\/produit\/poetic-caisson-murale-large\/\",\"url\":\"https:\/\/hubsch-interior.com\/fr\/produit\/poetic-caisson-murale-large\/\",\"name\":\"Poetic Caisson murale Large - H\u00fcbsch\",\"isPartOf\":{\"@id\":\"https:\/\/hubsch-interior.com\/fr\/#website\"},\"primaryImageOfPage\":{\"@id\":\"https:\/\/hubsch-interior.com\/fr\/produit\/poetic-caisson-murale-large\/#primaryimage\"},\"image\":{\"@id\":\"https:\/\/hubsch-interior.com\/fr\/produit\/poetic-caisson-murale-large\/#primaryimage\"},\"thumbnailUrl\":\"https:\/\/hubsch-interior.com\/wp-content\/uploads\/2026\/02\/poetic-wall-cupboard-large-d3a6774a08ccdc97c32db5893d1fb55b.jpg\",\"datePublished\":\"2026-01-31T03:38:59+00:00\",\"dateModified\":\"2026-04-06T02:55:19+00:00\",\"description\":\"Une \u00e9tag\u00e8re qui donne de l'espace aux belles choses. La Poetic Tablette associe le ch\u00eane chaleureux au verre a\u00e9rien, cr\u00e9ant un cadre discret pour vos\",\"breadcrumb\":{\"@id\":\"https:\/\/hubsch-interior.com\/fr\/produit\/poetic-caisson-murale-large\/#breadcrumb\"},\"inLanguage\":\"fr-FR\",\"potentialAction\":[{\"@type\":\"ReadAction\",\"target\":[\"https:\/\/hubsch-interior.com\/fr\/produit\/poetic-caisson-murale-large\/\"]}]},{\"@type\":\"ImageObject\",\"inLanguage\":\"fr-FR\",\"@id\":\"https:\/\/hubsch-interior.com\/fr\/produit\/poetic-caisson-murale-large\/#primaryimage\",\"url\":\"https:\/\/hubsch-interior.com\/wp-content\/uploads\/2026\/02\/poetic-wall-cupboard-large-d3a6774a08ccdc97c32db5893d1fb55b.jpg\",\"contentUrl\":\"https:\/\/hubsch-interior.com\/wp-content\/uploads\/2026\/02\/poetic-wall-cupboard-large-d3a6774a08ccdc97c32db5893d1fb55b.jpg\",\"width\":1024,\"height\":1024},{\"@type\":\"BreadcrumbList\",\"@id\":\"https:\/\/hubsch-interior.com\/fr\/produit\/poetic-caisson-murale-large\/#breadcrumb\",\"itemListElement\":[{\"@type\":\"ListItem\",\"position\":1,\"name\":\"Page d'accueil\",\"item\":\"https:\/\/hubsch-interior.com\/fr\/\"},{\"@type\":\"ListItem\",\"position\":2,\"name\":\"Produits\",\"item\":\"https:\/\/hubsch-interior.com\/fr\/shop-2\/\"},{\"@type\":\"ListItem\",\"position\":3,\"name\":\"Poetic Caisson murale Large\"}]},{\"@type\":\"WebSite\",\"@id\":\"https:\/\/hubsch-interior.com\/fr\/#website\",\"url\":\"https:\/\/hubsch-interior.com\/fr\/\",\"name\":\"H\u00fcbsch\",\"description\":\"Danish Home Interior and Design\",\"publisher\":{\"@id\":\"https:\/\/hubsch-interior.com\/fr\/#organization\"},\"potentialAction\":[{\"@type\":\"SearchAction\",\"target\":{\"@type\":\"EntryPoint\",\"urlTemplate\":\"https:\/\/hubsch-interior.com\/fr\/?s={search_term_string}\"},\"query-input\":{\"@type\":\"PropertyValueSpecification\",\"valueRequired\":true,\"valueName\":\"search_term_string\"}}],\"inLanguage\":\"fr-FR\"},{\"@type\":\"Organization\",\"@id\":\"https:\/\/hubsch-interior.com\/fr\/#organization\",\"name\":\"H\u00fcbsch\",\"url\":\"https:\/\/hubsch-interior.com\/fr\/\",\"logo\":{\"@type\":\"ImageObject\",\"inLanguage\":\"fr-FR\",\"@id\":\"https:\/\/hubsch-interior.com\/fr\/#\/schema\/logo\/image\/\",\"url\":\"https:\/\/hubsch-interior.com\/wp-content\/uploads\/2022\/12\/Hubsch_logo_black_one_line.svg\",\"contentUrl\":\"https:\/\/hubsch-interior.com\/wp-content\/uploads\/2022\/12\/Hubsch_logo_black_one_line.svg\",\"caption\":\"H\u00fcbsch\"},\"image\":{\"@id\":\"https:\/\/hubsch-interior.com\/fr\/#\/schema\/logo\/image\/\"}}]}<\/script>\n<!-- \/ Yoast SEO plugin. -->","yoast_head_json":{"title":"Poetic Caisson murale Large - H\u00fcbsch","description":"Une \u00e9tag\u00e8re qui donne de l'espace aux belles choses. La Poetic Tablette associe le ch\u00eane chaleureux au verre a\u00e9rien, cr\u00e9ant un cadre discret pour vos","robots":{"index":"index","follow":"follow","max-snippet":"max-snippet:-1","max-image-preview":"max-image-preview:large","max-video-preview":"max-video-preview:-1"},"canonical":"https:\/\/hubsch-interior.com\/fr\/wp-json\/wp\/v2\/product\/1088152","og_locale":"fr_FR","og_type":"article","og_title":"Poetic Caisson murale Large - H\u00fcbsch","og_description":"Une \u00e9tag\u00e8re qui donne de l'espace aux belles choses. La Poetic Tablette associe le ch\u00eane chaleureux au verre a\u00e9rien, cr\u00e9ant un cadre discret pour vos","og_url":"https:\/\/hubsch-interior.com\/fr\/produit\/poetic-caisson-murale-large\/","og_site_name":"H\u00fcbsch","article_modified_time":"2026-04-06T02:55:19+00:00","og_image":[{"width":1200,"height":1200,"url":"https:\/\/hubsch-interior.com\/wp-content\/uploads\/2026\/01\/poetic-wall-cupboard-large-b6b5ad15092dc161068db86ce4600474.jpg","type":"image\/jpeg"}],"twitter_card":"summary_large_image","twitter_misc":{"Dur\u00e9e de lecture estim\u00e9e":"1 minute"},"schema":{"@context":"https:\/\/schema.org","@graph":[{"@type":"WebPage","@id":"https:\/\/hubsch-interior.com\/fr\/produit\/poetic-caisson-murale-large\/","url":"https:\/\/hubsch-interior.com\/fr\/produit\/poetic-caisson-murale-large\/","name":"Poetic Caisson murale Large - H\u00fcbsch","isPartOf":{"@id":"https:\/\/hubsch-interior.com\/fr\/#website"},"primaryImageOfPage":{"@id":"https:\/\/hubsch-interior.com\/fr\/produit\/poetic-caisson-murale-large\/#primaryimage"},"image":{"@id":"https:\/\/hubsch-interior.com\/fr\/produit\/poetic-caisson-murale-large\/#primaryimage"},"thumbnailUrl":"https:\/\/hubsch-interior.com\/wp-content\/uploads\/2026\/02\/poetic-wall-cupboard-large-d3a6774a08ccdc97c32db5893d1fb55b.jpg","datePublished":"2026-01-31T03:38:59+00:00","dateModified":"2026-04-06T02:55:19+00:00","description":"Une \u00e9tag\u00e8re qui donne de l'espace aux belles choses. La Poetic Tablette associe le ch\u00eane chaleureux au verre a\u00e9rien, cr\u00e9ant un cadre discret pour vos","breadcrumb":{"@id":"https:\/\/hubsch-interior.com\/fr\/produit\/poetic-caisson-murale-large\/#breadcrumb"},"inLanguage":"fr-FR","potentialAction":[{"@type":"ReadAction","target":["https:\/\/hubsch-interior.com\/fr\/produit\/poetic-caisson-murale-large\/"]}]},{"@type":"ImageObject","inLanguage":"fr-FR","@id":"https:\/\/hubsch-interior.com\/fr\/produit\/poetic-caisson-murale-large\/#primaryimage","url":"https:\/\/hubsch-interior.com\/wp-content\/uploads\/2026\/02\/poetic-wall-cupboard-large-d3a6774a08ccdc97c32db5893d1fb55b.jpg","contentUrl":"https:\/\/hubsch-interior.com\/wp-content\/uploads\/2026\/02\/poetic-wall-cupboard-large-d3a6774a08ccdc97c32db5893d1fb55b.jpg","width":1024,"height":1024},{"@type":"BreadcrumbList","@id":"https:\/\/hubsch-interior.com\/fr\/produit\/poetic-caisson-murale-large\/#breadcrumb","itemListElement":[{"@type":"ListItem","position":1,"name":"Page d'accueil","item":"https:\/\/hubsch-interior.com\/fr\/"},{"@type":"ListItem","position":2,"name":"Produits","item":"https:\/\/hubsch-interior.com\/fr\/shop-2\/"},{"@type":"ListItem","position":3,"name":"Poetic Caisson murale Large"}]},{"@type":"WebSite","@id":"https:\/\/hubsch-interior.com\/fr\/#website","url":"https:\/\/hubsch-interior.com\/fr\/","name":"H\u00fcbsch","description":"Danish Home Interior and Design","publisher":{"@id":"https:\/\/hubsch-interior.com\/fr\/#organization"},"potentialAction":[{"@type":"SearchAction","target":{"@type":"EntryPoint","urlTemplate":"https:\/\/hubsch-interior.com\/fr\/?s={search_term_string}"},"query-input":{"@type":"PropertyValueSpecification","valueRequired":true,"valueName":"search_term_string"}}],"inLanguage":"fr-FR"},{"@type":"Organization","@id":"https:\/\/hubsch-interior.com\/fr\/#organization","name":"H\u00fcbsch","url":"https:\/\/hubsch-interior.com\/fr\/","logo":{"@type":"ImageObject","inLanguage":"fr-FR","@id":"https:\/\/hubsch-interior.com\/fr\/#\/schema\/logo\/image\/","url":"https:\/\/hubsch-interior.com\/wp-content\/uploads\/2022\/12\/Hubsch_logo_black_one_line.svg","contentUrl":"https:\/\/hubsch-interior.com\/wp-content\/uploads\/2022\/12\/Hubsch_logo_black_one_line.svg","caption":"H\u00fcbsch"},"image":{"@id":"https:\/\/hubsch-interior.com\/fr\/#\/schema\/logo\/image\/"}}]}},"_links":{"self":[{"href":"https:\/\/hubsch-interior.com\/fr\/wp-json\/wp\/v2\/product\/1088152","targetHints":{"allow":["GET"]}}],"collection":[{"href":"https:\/\/hubsch-interior.com\/fr\/wp-json\/wp\/v2\/product"}],"about":[{"href":"https:\/\/hubsch-interior.com\/fr\/wp-json\/wp\/v2\/types\/product"}],"wp:featuredmedia":[{"embeddable":true,"href":"https:\/\/hubsch-interior.com\/fr\/wp-json\/wp\/v2\/media\/1105364"}],"wp:attachment":[{"href":"https:\/\/hubsch-interior.com\/fr\/wp-json\/wp\/v2\/media?parent=1088152"}],"wp:term":[{"taxonomy":"product_brand","embeddable":true,"href":"https:\/\/hubsch-interior.com\/fr\/wp-json\/wp\/v2\/product_brand?post=1088152"},{"taxonomy":"product_cat","embeddable":true,"href":"https:\/\/hubsch-interior.com\/fr\/wp-json\/wp\/v2\/product_cat?post=1088152"},{"taxonomy":"product_tag","embeddable":true,"href":"https:\/\/hubsch-interior.com\/fr\/wp-json\/wp\/v2\/product_tag?post=1088152"}],"curies":[{"name":"wp","href":"https:\/\/api.w.org\/{rel}","templated":true}]}}