{"id":1088180,"date":"2026-01-31T04:39:15","date_gmt":"2026-01-31T03:39:15","guid":{"rendered":"https:\/\/hubsch-interior.com\/product\/product\/"},"modified":"2026-04-06T04:55:24","modified_gmt":"2026-04-06T02:55:24","slug":"poetic-caisson-murale-small","status":"publish","type":"product","link":"https:\/\/hubsch-interior.com\/fr\/produit\/poetic-caisson-murale-small\/","title":{"rendered":"Poetic Caisson murale Small"},"content":{"rendered":"<p>Laissez vos objets s&#8217;exprimer \u2014 doucement, magnifiquement. La Poetic Tablette est fabriqu\u00e9e \u00e0 partir de ch\u00eane certifi\u00e9 FSC avec des niveaux de verre fins, offrant un \u00e9quilibre d\u00e9licat entre structure et l\u00e9g\u00e8ret\u00e9. Con\u00e7ue pour \u00eatre mont\u00e9e facilement au mur, elle cr\u00e9e une sc\u00e8ne paisible pour les choses qui racontent votre histoire \u2014 des livres pr\u00e9f\u00e9r\u00e9s aux tr\u00e9sors trouv\u00e9s. Raffin\u00e9e et discr\u00e8te, elle apporte \u00e0 la fois clart\u00e9 et \u00e9motion \u00e0 votre espace. Plus qu&#8217;une \u00e9tag\u00e8re, c&#8217;est un cadre doux pour les d\u00e9tails de la vie.<\/p>\n","protected":false},"excerpt":{"rendered":"<p>Laissez vos objets s&#8217;exprimer \u2014 doucement, magnifiquement. La Poetic Tablette est fabriqu\u00e9e \u00e0 partir de ch\u00eane certifi\u00e9 FSC avec des niveaux de verre fins, offrant un \u00e9quilibre d\u00e9licat entre structure et l\u00e9g\u00e8ret\u00e9. Con\u00e7ue pour \u00eatre mont\u00e9e facilement au mur, elle cr\u00e9e une sc\u00e8ne paisible pour les choses qui racontent votre histoire \u2014 des livres pr\u00e9f\u00e9r\u00e9s [&hellip;]<\/p>\n","protected":false},"featured_media":1105388,"template":"","meta":{"_acf_changed":false,"inline_featured_image":false},"product_brand":[],"product_cat":[7154,6322,4001,4011,4002,5046],"product_tag":[],"class_list":{"0":"post-1088180","1":"product","2":"type-product","3":"status-publish","4":"has-post-thumbnail","6":"product_cat-dweller-fr","7":"product_cat-fsc-fr","8":"product_cat-etageres-et-meubles-de-rangement-fr","9":"product_cat-bibliotheques-fr","10":"product_cat-vitrines-fr","11":"product_cat-nouveautes-fr","12":"product_shipping_class-pk","14":"pa_material-mdf-fr","15":"pa_material-verre-fr","16":"pa_material-bois-de-chne-2","17":"pa_material-placage-de-chne-2","19":"first","20":"instock","21":"taxable","22":"shipping-taxable","23":"purchasable","24":"product-type-simple"},"exclude_global_add_ons":[],"addons":[],"acf":[],"yoast_head":"<!-- This site is optimized with the Yoast SEO plugin v26.4 - https:\/\/yoast.com\/wordpress\/plugins\/seo\/ -->\n<title>Poetic Caisson murale Small - H\u00fcbsch<\/title>\n<meta name=\"description\" content=\"Laissez vos objets s&#039;exprimer \u2014 doucement, magnifiquement. La Poetic Tablette est fabriqu\u00e9e \u00e0 partir de ch\u00eane certifi\u00e9 FSC avec des niveaux de verre fins,\" \/>\n<meta name=\"robots\" content=\"index, follow, max-snippet:-1, max-image-preview:large, max-video-preview:-1\" \/>\n<link rel=\"canonical\" href=\"https:\/\/hubsch-interior.com\/fr\/wp-json\/wp\/v2\/product\/1088180\" \/>\n<meta property=\"og:locale\" content=\"fr_FR\" \/>\n<meta property=\"og:type\" content=\"article\" \/>\n<meta property=\"og:title\" content=\"Poetic Caisson murale Small - H\u00fcbsch\" \/>\n<meta property=\"og:description\" content=\"Laissez vos objets s&#039;exprimer \u2014 doucement, magnifiquement. La Poetic Tablette est fabriqu\u00e9e \u00e0 partir de ch\u00eane certifi\u00e9 FSC avec des niveaux de verre fins,\" \/>\n<meta property=\"og:url\" content=\"https:\/\/hubsch-interior.com\/fr\/produit\/poetic-caisson-murale-small\/\" \/>\n<meta property=\"og:site_name\" content=\"H\u00fcbsch\" \/>\n<meta property=\"article:modified_time\" content=\"2026-04-06T02:55:24+00:00\" \/>\n<meta property=\"og:image\" content=\"https:\/\/hubsch-interior.com\/wp-content\/uploads\/2026\/01\/poetic-wall-cupboard-small-2c717f79d59f974da7f851bdfe1977aa.jpg\" \/>\n\t<meta property=\"og:image:width\" content=\"1200\" \/>\n\t<meta property=\"og:image:height\" content=\"1200\" \/>\n\t<meta property=\"og:image:type\" content=\"image\/jpeg\" \/>\n<meta name=\"twitter:card\" content=\"summary_large_image\" \/>\n<script type=\"application\/ld+json\" class=\"yoast-schema-graph\">{\"@context\":\"https:\/\/schema.org\",\"@graph\":[{\"@type\":\"WebPage\",\"@id\":\"https:\/\/hubsch-interior.com\/fr\/produit\/poetic-caisson-murale-small\/\",\"url\":\"https:\/\/hubsch-interior.com\/fr\/produit\/poetic-caisson-murale-small\/\",\"name\":\"Poetic Caisson murale Small - H\u00fcbsch\",\"isPartOf\":{\"@id\":\"https:\/\/hubsch-interior.com\/fr\/#website\"},\"primaryImageOfPage\":{\"@id\":\"https:\/\/hubsch-interior.com\/fr\/produit\/poetic-caisson-murale-small\/#primaryimage\"},\"image\":{\"@id\":\"https:\/\/hubsch-interior.com\/fr\/produit\/poetic-caisson-murale-small\/#primaryimage\"},\"thumbnailUrl\":\"https:\/\/hubsch-interior.com\/wp-content\/uploads\/2026\/02\/poetic-wall-cupboard-small-15a591e240f9b4dbffaada43d2164d2f.jpg\",\"datePublished\":\"2026-01-31T03:39:15+00:00\",\"dateModified\":\"2026-04-06T02:55:24+00:00\",\"description\":\"Laissez vos objets s'exprimer \u2014 doucement, magnifiquement. La Poetic Tablette est fabriqu\u00e9e \u00e0 partir de ch\u00eane certifi\u00e9 FSC avec des niveaux de verre fins,\",\"breadcrumb\":{\"@id\":\"https:\/\/hubsch-interior.com\/fr\/produit\/poetic-caisson-murale-small\/#breadcrumb\"},\"inLanguage\":\"fr-FR\",\"potentialAction\":[{\"@type\":\"ReadAction\",\"target\":[\"https:\/\/hubsch-interior.com\/fr\/produit\/poetic-caisson-murale-small\/\"]}]},{\"@type\":\"ImageObject\",\"inLanguage\":\"fr-FR\",\"@id\":\"https:\/\/hubsch-interior.com\/fr\/produit\/poetic-caisson-murale-small\/#primaryimage\",\"url\":\"https:\/\/hubsch-interior.com\/wp-content\/uploads\/2026\/02\/poetic-wall-cupboard-small-15a591e240f9b4dbffaada43d2164d2f.jpg\",\"contentUrl\":\"https:\/\/hubsch-interior.com\/wp-content\/uploads\/2026\/02\/poetic-wall-cupboard-small-15a591e240f9b4dbffaada43d2164d2f.jpg\",\"width\":1024,\"height\":1024},{\"@type\":\"BreadcrumbList\",\"@id\":\"https:\/\/hubsch-interior.com\/fr\/produit\/poetic-caisson-murale-small\/#breadcrumb\",\"itemListElement\":[{\"@type\":\"ListItem\",\"position\":1,\"name\":\"Page d'accueil\",\"item\":\"https:\/\/hubsch-interior.com\/fr\/\"},{\"@type\":\"ListItem\",\"position\":2,\"name\":\"Produits\",\"item\":\"https:\/\/hubsch-interior.com\/fr\/shop-2\/\"},{\"@type\":\"ListItem\",\"position\":3,\"name\":\"Poetic Caisson murale Small\"}]},{\"@type\":\"WebSite\",\"@id\":\"https:\/\/hubsch-interior.com\/fr\/#website\",\"url\":\"https:\/\/hubsch-interior.com\/fr\/\",\"name\":\"H\u00fcbsch\",\"description\":\"Danish Home Interior and Design\",\"publisher\":{\"@id\":\"https:\/\/hubsch-interior.com\/fr\/#organization\"},\"potentialAction\":[{\"@type\":\"SearchAction\",\"target\":{\"@type\":\"EntryPoint\",\"urlTemplate\":\"https:\/\/hubsch-interior.com\/fr\/?s={search_term_string}\"},\"query-input\":{\"@type\":\"PropertyValueSpecification\",\"valueRequired\":true,\"valueName\":\"search_term_string\"}}],\"inLanguage\":\"fr-FR\"},{\"@type\":\"Organization\",\"@id\":\"https:\/\/hubsch-interior.com\/fr\/#organization\",\"name\":\"H\u00fcbsch\",\"url\":\"https:\/\/hubsch-interior.com\/fr\/\",\"logo\":{\"@type\":\"ImageObject\",\"inLanguage\":\"fr-FR\",\"@id\":\"https:\/\/hubsch-interior.com\/fr\/#\/schema\/logo\/image\/\",\"url\":\"https:\/\/hubsch-interior.com\/wp-content\/uploads\/2022\/12\/Hubsch_logo_black_one_line.svg\",\"contentUrl\":\"https:\/\/hubsch-interior.com\/wp-content\/uploads\/2022\/12\/Hubsch_logo_black_one_line.svg\",\"caption\":\"H\u00fcbsch\"},\"image\":{\"@id\":\"https:\/\/hubsch-interior.com\/fr\/#\/schema\/logo\/image\/\"}}]}<\/script>\n<!-- \/ Yoast SEO plugin. -->","yoast_head_json":{"title":"Poetic Caisson murale Small - H\u00fcbsch","description":"Laissez vos objets s'exprimer \u2014 doucement, magnifiquement. La Poetic Tablette est fabriqu\u00e9e \u00e0 partir de ch\u00eane certifi\u00e9 FSC avec des niveaux de verre fins,","robots":{"index":"index","follow":"follow","max-snippet":"max-snippet:-1","max-image-preview":"max-image-preview:large","max-video-preview":"max-video-preview:-1"},"canonical":"https:\/\/hubsch-interior.com\/fr\/wp-json\/wp\/v2\/product\/1088180","og_locale":"fr_FR","og_type":"article","og_title":"Poetic Caisson murale Small - H\u00fcbsch","og_description":"Laissez vos objets s'exprimer \u2014 doucement, magnifiquement. La Poetic Tablette est fabriqu\u00e9e \u00e0 partir de ch\u00eane certifi\u00e9 FSC avec des niveaux de verre fins,","og_url":"https:\/\/hubsch-interior.com\/fr\/produit\/poetic-caisson-murale-small\/","og_site_name":"H\u00fcbsch","article_modified_time":"2026-04-06T02:55:24+00:00","og_image":[{"width":1200,"height":1200,"url":"https:\/\/hubsch-interior.com\/wp-content\/uploads\/2026\/01\/poetic-wall-cupboard-small-2c717f79d59f974da7f851bdfe1977aa.jpg","type":"image\/jpeg"}],"twitter_card":"summary_large_image","schema":{"@context":"https:\/\/schema.org","@graph":[{"@type":"WebPage","@id":"https:\/\/hubsch-interior.com\/fr\/produit\/poetic-caisson-murale-small\/","url":"https:\/\/hubsch-interior.com\/fr\/produit\/poetic-caisson-murale-small\/","name":"Poetic Caisson murale Small - H\u00fcbsch","isPartOf":{"@id":"https:\/\/hubsch-interior.com\/fr\/#website"},"primaryImageOfPage":{"@id":"https:\/\/hubsch-interior.com\/fr\/produit\/poetic-caisson-murale-small\/#primaryimage"},"image":{"@id":"https:\/\/hubsch-interior.com\/fr\/produit\/poetic-caisson-murale-small\/#primaryimage"},"thumbnailUrl":"https:\/\/hubsch-interior.com\/wp-content\/uploads\/2026\/02\/poetic-wall-cupboard-small-15a591e240f9b4dbffaada43d2164d2f.jpg","datePublished":"2026-01-31T03:39:15+00:00","dateModified":"2026-04-06T02:55:24+00:00","description":"Laissez vos objets s'exprimer \u2014 doucement, magnifiquement. La Poetic Tablette est fabriqu\u00e9e \u00e0 partir de ch\u00eane certifi\u00e9 FSC avec des niveaux de verre fins,","breadcrumb":{"@id":"https:\/\/hubsch-interior.com\/fr\/produit\/poetic-caisson-murale-small\/#breadcrumb"},"inLanguage":"fr-FR","potentialAction":[{"@type":"ReadAction","target":["https:\/\/hubsch-interior.com\/fr\/produit\/poetic-caisson-murale-small\/"]}]},{"@type":"ImageObject","inLanguage":"fr-FR","@id":"https:\/\/hubsch-interior.com\/fr\/produit\/poetic-caisson-murale-small\/#primaryimage","url":"https:\/\/hubsch-interior.com\/wp-content\/uploads\/2026\/02\/poetic-wall-cupboard-small-15a591e240f9b4dbffaada43d2164d2f.jpg","contentUrl":"https:\/\/hubsch-interior.com\/wp-content\/uploads\/2026\/02\/poetic-wall-cupboard-small-15a591e240f9b4dbffaada43d2164d2f.jpg","width":1024,"height":1024},{"@type":"BreadcrumbList","@id":"https:\/\/hubsch-interior.com\/fr\/produit\/poetic-caisson-murale-small\/#breadcrumb","itemListElement":[{"@type":"ListItem","position":1,"name":"Page d'accueil","item":"https:\/\/hubsch-interior.com\/fr\/"},{"@type":"ListItem","position":2,"name":"Produits","item":"https:\/\/hubsch-interior.com\/fr\/shop-2\/"},{"@type":"ListItem","position":3,"name":"Poetic Caisson murale Small"}]},{"@type":"WebSite","@id":"https:\/\/hubsch-interior.com\/fr\/#website","url":"https:\/\/hubsch-interior.com\/fr\/","name":"H\u00fcbsch","description":"Danish Home Interior and Design","publisher":{"@id":"https:\/\/hubsch-interior.com\/fr\/#organization"},"potentialAction":[{"@type":"SearchAction","target":{"@type":"EntryPoint","urlTemplate":"https:\/\/hubsch-interior.com\/fr\/?s={search_term_string}"},"query-input":{"@type":"PropertyValueSpecification","valueRequired":true,"valueName":"search_term_string"}}],"inLanguage":"fr-FR"},{"@type":"Organization","@id":"https:\/\/hubsch-interior.com\/fr\/#organization","name":"H\u00fcbsch","url":"https:\/\/hubsch-interior.com\/fr\/","logo":{"@type":"ImageObject","inLanguage":"fr-FR","@id":"https:\/\/hubsch-interior.com\/fr\/#\/schema\/logo\/image\/","url":"https:\/\/hubsch-interior.com\/wp-content\/uploads\/2022\/12\/Hubsch_logo_black_one_line.svg","contentUrl":"https:\/\/hubsch-interior.com\/wp-content\/uploads\/2022\/12\/Hubsch_logo_black_one_line.svg","caption":"H\u00fcbsch"},"image":{"@id":"https:\/\/hubsch-interior.com\/fr\/#\/schema\/logo\/image\/"}}]}},"_links":{"self":[{"href":"https:\/\/hubsch-interior.com\/fr\/wp-json\/wp\/v2\/product\/1088180","targetHints":{"allow":["GET"]}}],"collection":[{"href":"https:\/\/hubsch-interior.com\/fr\/wp-json\/wp\/v2\/product"}],"about":[{"href":"https:\/\/hubsch-interior.com\/fr\/wp-json\/wp\/v2\/types\/product"}],"wp:featuredmedia":[{"embeddable":true,"href":"https:\/\/hubsch-interior.com\/fr\/wp-json\/wp\/v2\/media\/1105388"}],"wp:attachment":[{"href":"https:\/\/hubsch-interior.com\/fr\/wp-json\/wp\/v2\/media?parent=1088180"}],"wp:term":[{"taxonomy":"product_brand","embeddable":true,"href":"https:\/\/hubsch-interior.com\/fr\/wp-json\/wp\/v2\/product_brand?post=1088180"},{"taxonomy":"product_cat","embeddable":true,"href":"https:\/\/hubsch-interior.com\/fr\/wp-json\/wp\/v2\/product_cat?post=1088180"},{"taxonomy":"product_tag","embeddable":true,"href":"https:\/\/hubsch-interior.com\/fr\/wp-json\/wp\/v2\/product_tag?post=1088180"}],"curies":[{"name":"wp","href":"https:\/\/api.w.org\/{rel}","templated":true}]}}