{"id":1088208,"date":"2026-01-31T04:39:28","date_gmt":"2026-01-31T03:39:28","guid":{"rendered":"https:\/\/hubsch-interior.com\/product\/product\/"},"modified":"2026-04-05T05:01:19","modified_gmt":"2026-04-05T03:01:19","slug":"kura-armoire-large-naturel","status":"publish","type":"product","link":"https:\/\/hubsch-interior.com\/fr\/produit\/kura-armoire-large-naturel\/","title":{"rendered":"Kura Armoire Large Naturel"},"content":{"rendered":"<p>L\u00e0 o\u00f9 la forme \u00e9pouse la fonction \u2014 avec \u00e9l\u00e9gance. L&#8217;Armoire Kura apporte des lignes \u00e9pur\u00e9es et une confiance discr\u00e8te \u00e0 votre chambre, con\u00e7ue en ch\u00eane certifi\u00e9 FSC dans l&#8217;esprit de notre amour pour les mat\u00e9riaux naturels. Sa silhouette graphique s&#8217;int\u00e8gre sans effort dans les int\u00e9rieurs modernes, tandis que l&#8217;int\u00e9rieur spacieux est \u00e9quip\u00e9 d&#8217;une tringle et d&#8217;une \u00e9tag\u00e8re de base pour garder tout en vue et en ordre. Besoin de plus d&#8217;espace ? Il suffit d&#8217;aligner deux ou trois armoires pour cr\u00e9er un syst\u00e8me de rangement adapt\u00e9 \u00e0 votre espace. Un essentiel raffin\u00e9 con\u00e7u pour \u00e9voluer avec votre fa\u00e7on de vivre.<\/p>\n","protected":false},"excerpt":{"rendered":"<p>L\u00e0 o\u00f9 la forme \u00e9pouse la fonction \u2014 avec \u00e9l\u00e9gance. L&#8217;Armoire Kura apporte des lignes \u00e9pur\u00e9es et une confiance discr\u00e8te \u00e0 votre chambre, con\u00e7ue en ch\u00eane certifi\u00e9 FSC dans l&#8217;esprit de notre amour pour les mat\u00e9riaux naturels. Sa silhouette graphique s&#8217;int\u00e8gre sans effort dans les int\u00e9rieurs modernes, tandis que l&#8217;int\u00e9rieur spacieux est \u00e9quip\u00e9 d&#8217;une tringle [&hellip;]<\/p>\n","protected":false},"featured_media":1105412,"template":"","meta":{"_acf_changed":false,"inline_featured_image":false},"product_brand":[],"product_cat":[7154,6322,4033,6482,5046],"product_tag":[],"class_list":{"0":"post-1088208","1":"product","2":"type-product","3":"status-publish","4":"has-post-thumbnail","6":"product_cat-dweller-fr","7":"product_cat-fsc-fr","8":"product_cat-garde-robe-portants-fr","9":"product_cat-garde-robe-fr","10":"product_cat-nouveautes-fr","11":"product_shipping_class-p10","13":"pa_color-naturel-2","14":"pa_material-mdf-fr","15":"pa_material-bois-de-chne-2","16":"pa_material-placage-de-chne-2","18":"first","19":"instock","20":"taxable","21":"shipping-taxable","22":"purchasable","23":"product-type-simple"},"exclude_global_add_ons":[],"addons":[],"acf":[],"yoast_head":"<!-- This site is optimized with the Yoast SEO plugin v26.4 - https:\/\/yoast.com\/wordpress\/plugins\/seo\/ -->\n<title>Kura Armoire Large Naturel - H\u00fcbsch<\/title>\n<meta name=\"description\" content=\"L\u00e0 o\u00f9 la forme \u00e9pouse la fonction \u2014 avec \u00e9l\u00e9gance. L&#039;Armoire Kura apporte des lignes \u00e9pur\u00e9es et une confiance discr\u00e8te \u00e0 votre chambre, con\u00e7ue en ch\u00eane\" \/>\n<meta name=\"robots\" content=\"index, follow, max-snippet:-1, max-image-preview:large, max-video-preview:-1\" \/>\n<link rel=\"canonical\" href=\"https:\/\/hubsch-interior.com\/fr\/wp-json\/wp\/v2\/product\/1088208\" \/>\n<meta property=\"og:locale\" content=\"fr_FR\" \/>\n<meta property=\"og:type\" content=\"article\" \/>\n<meta property=\"og:title\" content=\"Kura Armoire Large Naturel - H\u00fcbsch\" \/>\n<meta property=\"og:description\" content=\"L\u00e0 o\u00f9 la forme \u00e9pouse la fonction \u2014 avec \u00e9l\u00e9gance. L&#039;Armoire Kura apporte des lignes \u00e9pur\u00e9es et une confiance discr\u00e8te \u00e0 votre chambre, con\u00e7ue en ch\u00eane\" \/>\n<meta property=\"og:url\" content=\"https:\/\/hubsch-interior.com\/fr\/produit\/kura-armoire-large-naturel\/\" \/>\n<meta property=\"og:site_name\" content=\"H\u00fcbsch\" \/>\n<meta property=\"article:modified_time\" content=\"2026-04-05T03:01:19+00:00\" \/>\n<meta property=\"og:image\" content=\"https:\/\/hubsch-interior.com\/wp-content\/uploads\/2026\/01\/kura-wardrobe-large-natural-da81f454b8b96fd8aafdea6b733dc813.jpg\" \/>\n\t<meta property=\"og:image:width\" content=\"1200\" \/>\n\t<meta property=\"og:image:height\" content=\"1200\" \/>\n\t<meta property=\"og:image:type\" content=\"image\/jpeg\" \/>\n<meta name=\"twitter:card\" content=\"summary_large_image\" \/>\n<meta name=\"twitter:label1\" content=\"Dur\u00e9e de lecture estim\u00e9e\" \/>\n\t<meta name=\"twitter:data1\" content=\"1 minute\" \/>\n<script type=\"application\/ld+json\" class=\"yoast-schema-graph\">{\"@context\":\"https:\/\/schema.org\",\"@graph\":[{\"@type\":\"WebPage\",\"@id\":\"https:\/\/hubsch-interior.com\/fr\/produit\/kura-armoire-large-naturel\/\",\"url\":\"https:\/\/hubsch-interior.com\/fr\/produit\/kura-armoire-large-naturel\/\",\"name\":\"Kura Armoire Large Naturel - H\u00fcbsch\",\"isPartOf\":{\"@id\":\"https:\/\/hubsch-interior.com\/fr\/#website\"},\"primaryImageOfPage\":{\"@id\":\"https:\/\/hubsch-interior.com\/fr\/produit\/kura-armoire-large-naturel\/#primaryimage\"},\"image\":{\"@id\":\"https:\/\/hubsch-interior.com\/fr\/produit\/kura-armoire-large-naturel\/#primaryimage\"},\"thumbnailUrl\":\"https:\/\/hubsch-interior.com\/wp-content\/uploads\/2026\/02\/kura-wardrobe-large-natural-ca4f9d5cc77b4c982f9508ba41c8b161.jpg\",\"datePublished\":\"2026-01-31T03:39:28+00:00\",\"dateModified\":\"2026-04-05T03:01:19+00:00\",\"description\":\"L\u00e0 o\u00f9 la forme \u00e9pouse la fonction \u2014 avec \u00e9l\u00e9gance. L'Armoire Kura apporte des lignes \u00e9pur\u00e9es et une confiance discr\u00e8te \u00e0 votre chambre, con\u00e7ue en ch\u00eane\",\"breadcrumb\":{\"@id\":\"https:\/\/hubsch-interior.com\/fr\/produit\/kura-armoire-large-naturel\/#breadcrumb\"},\"inLanguage\":\"fr-FR\",\"potentialAction\":[{\"@type\":\"ReadAction\",\"target\":[\"https:\/\/hubsch-interior.com\/fr\/produit\/kura-armoire-large-naturel\/\"]}]},{\"@type\":\"ImageObject\",\"inLanguage\":\"fr-FR\",\"@id\":\"https:\/\/hubsch-interior.com\/fr\/produit\/kura-armoire-large-naturel\/#primaryimage\",\"url\":\"https:\/\/hubsch-interior.com\/wp-content\/uploads\/2026\/02\/kura-wardrobe-large-natural-ca4f9d5cc77b4c982f9508ba41c8b161.jpg\",\"contentUrl\":\"https:\/\/hubsch-interior.com\/wp-content\/uploads\/2026\/02\/kura-wardrobe-large-natural-ca4f9d5cc77b4c982f9508ba41c8b161.jpg\",\"width\":1024,\"height\":1024},{\"@type\":\"BreadcrumbList\",\"@id\":\"https:\/\/hubsch-interior.com\/fr\/produit\/kura-armoire-large-naturel\/#breadcrumb\",\"itemListElement\":[{\"@type\":\"ListItem\",\"position\":1,\"name\":\"Page d'accueil\",\"item\":\"https:\/\/hubsch-interior.com\/fr\/\"},{\"@type\":\"ListItem\",\"position\":2,\"name\":\"Produits\",\"item\":\"https:\/\/hubsch-interior.com\/fr\/shop-2\/\"},{\"@type\":\"ListItem\",\"position\":3,\"name\":\"Kura Armoire Large Naturel\"}]},{\"@type\":\"WebSite\",\"@id\":\"https:\/\/hubsch-interior.com\/fr\/#website\",\"url\":\"https:\/\/hubsch-interior.com\/fr\/\",\"name\":\"H\u00fcbsch\",\"description\":\"Danish Home Interior and Design\",\"publisher\":{\"@id\":\"https:\/\/hubsch-interior.com\/fr\/#organization\"},\"potentialAction\":[{\"@type\":\"SearchAction\",\"target\":{\"@type\":\"EntryPoint\",\"urlTemplate\":\"https:\/\/hubsch-interior.com\/fr\/?s={search_term_string}\"},\"query-input\":{\"@type\":\"PropertyValueSpecification\",\"valueRequired\":true,\"valueName\":\"search_term_string\"}}],\"inLanguage\":\"fr-FR\"},{\"@type\":\"Organization\",\"@id\":\"https:\/\/hubsch-interior.com\/fr\/#organization\",\"name\":\"H\u00fcbsch\",\"url\":\"https:\/\/hubsch-interior.com\/fr\/\",\"logo\":{\"@type\":\"ImageObject\",\"inLanguage\":\"fr-FR\",\"@id\":\"https:\/\/hubsch-interior.com\/fr\/#\/schema\/logo\/image\/\",\"url\":\"https:\/\/hubsch-interior.com\/wp-content\/uploads\/2022\/12\/Hubsch_logo_black_one_line.svg\",\"contentUrl\":\"https:\/\/hubsch-interior.com\/wp-content\/uploads\/2022\/12\/Hubsch_logo_black_one_line.svg\",\"caption\":\"H\u00fcbsch\"},\"image\":{\"@id\":\"https:\/\/hubsch-interior.com\/fr\/#\/schema\/logo\/image\/\"}}]}<\/script>\n<!-- \/ Yoast SEO plugin. -->","yoast_head_json":{"title":"Kura Armoire Large Naturel - H\u00fcbsch","description":"L\u00e0 o\u00f9 la forme \u00e9pouse la fonction \u2014 avec \u00e9l\u00e9gance. L'Armoire Kura apporte des lignes \u00e9pur\u00e9es et une confiance discr\u00e8te \u00e0 votre chambre, con\u00e7ue en ch\u00eane","robots":{"index":"index","follow":"follow","max-snippet":"max-snippet:-1","max-image-preview":"max-image-preview:large","max-video-preview":"max-video-preview:-1"},"canonical":"https:\/\/hubsch-interior.com\/fr\/wp-json\/wp\/v2\/product\/1088208","og_locale":"fr_FR","og_type":"article","og_title":"Kura Armoire Large Naturel - H\u00fcbsch","og_description":"L\u00e0 o\u00f9 la forme \u00e9pouse la fonction \u2014 avec \u00e9l\u00e9gance. L'Armoire Kura apporte des lignes \u00e9pur\u00e9es et une confiance discr\u00e8te \u00e0 votre chambre, con\u00e7ue en ch\u00eane","og_url":"https:\/\/hubsch-interior.com\/fr\/produit\/kura-armoire-large-naturel\/","og_site_name":"H\u00fcbsch","article_modified_time":"2026-04-05T03:01:19+00:00","og_image":[{"width":1200,"height":1200,"url":"https:\/\/hubsch-interior.com\/wp-content\/uploads\/2026\/01\/kura-wardrobe-large-natural-da81f454b8b96fd8aafdea6b733dc813.jpg","type":"image\/jpeg"}],"twitter_card":"summary_large_image","twitter_misc":{"Dur\u00e9e de lecture estim\u00e9e":"1 minute"},"schema":{"@context":"https:\/\/schema.org","@graph":[{"@type":"WebPage","@id":"https:\/\/hubsch-interior.com\/fr\/produit\/kura-armoire-large-naturel\/","url":"https:\/\/hubsch-interior.com\/fr\/produit\/kura-armoire-large-naturel\/","name":"Kura Armoire Large Naturel - H\u00fcbsch","isPartOf":{"@id":"https:\/\/hubsch-interior.com\/fr\/#website"},"primaryImageOfPage":{"@id":"https:\/\/hubsch-interior.com\/fr\/produit\/kura-armoire-large-naturel\/#primaryimage"},"image":{"@id":"https:\/\/hubsch-interior.com\/fr\/produit\/kura-armoire-large-naturel\/#primaryimage"},"thumbnailUrl":"https:\/\/hubsch-interior.com\/wp-content\/uploads\/2026\/02\/kura-wardrobe-large-natural-ca4f9d5cc77b4c982f9508ba41c8b161.jpg","datePublished":"2026-01-31T03:39:28+00:00","dateModified":"2026-04-05T03:01:19+00:00","description":"L\u00e0 o\u00f9 la forme \u00e9pouse la fonction \u2014 avec \u00e9l\u00e9gance. L'Armoire Kura apporte des lignes \u00e9pur\u00e9es et une confiance discr\u00e8te \u00e0 votre chambre, con\u00e7ue en ch\u00eane","breadcrumb":{"@id":"https:\/\/hubsch-interior.com\/fr\/produit\/kura-armoire-large-naturel\/#breadcrumb"},"inLanguage":"fr-FR","potentialAction":[{"@type":"ReadAction","target":["https:\/\/hubsch-interior.com\/fr\/produit\/kura-armoire-large-naturel\/"]}]},{"@type":"ImageObject","inLanguage":"fr-FR","@id":"https:\/\/hubsch-interior.com\/fr\/produit\/kura-armoire-large-naturel\/#primaryimage","url":"https:\/\/hubsch-interior.com\/wp-content\/uploads\/2026\/02\/kura-wardrobe-large-natural-ca4f9d5cc77b4c982f9508ba41c8b161.jpg","contentUrl":"https:\/\/hubsch-interior.com\/wp-content\/uploads\/2026\/02\/kura-wardrobe-large-natural-ca4f9d5cc77b4c982f9508ba41c8b161.jpg","width":1024,"height":1024},{"@type":"BreadcrumbList","@id":"https:\/\/hubsch-interior.com\/fr\/produit\/kura-armoire-large-naturel\/#breadcrumb","itemListElement":[{"@type":"ListItem","position":1,"name":"Page d'accueil","item":"https:\/\/hubsch-interior.com\/fr\/"},{"@type":"ListItem","position":2,"name":"Produits","item":"https:\/\/hubsch-interior.com\/fr\/shop-2\/"},{"@type":"ListItem","position":3,"name":"Kura Armoire Large Naturel"}]},{"@type":"WebSite","@id":"https:\/\/hubsch-interior.com\/fr\/#website","url":"https:\/\/hubsch-interior.com\/fr\/","name":"H\u00fcbsch","description":"Danish Home Interior and Design","publisher":{"@id":"https:\/\/hubsch-interior.com\/fr\/#organization"},"potentialAction":[{"@type":"SearchAction","target":{"@type":"EntryPoint","urlTemplate":"https:\/\/hubsch-interior.com\/fr\/?s={search_term_string}"},"query-input":{"@type":"PropertyValueSpecification","valueRequired":true,"valueName":"search_term_string"}}],"inLanguage":"fr-FR"},{"@type":"Organization","@id":"https:\/\/hubsch-interior.com\/fr\/#organization","name":"H\u00fcbsch","url":"https:\/\/hubsch-interior.com\/fr\/","logo":{"@type":"ImageObject","inLanguage":"fr-FR","@id":"https:\/\/hubsch-interior.com\/fr\/#\/schema\/logo\/image\/","url":"https:\/\/hubsch-interior.com\/wp-content\/uploads\/2022\/12\/Hubsch_logo_black_one_line.svg","contentUrl":"https:\/\/hubsch-interior.com\/wp-content\/uploads\/2022\/12\/Hubsch_logo_black_one_line.svg","caption":"H\u00fcbsch"},"image":{"@id":"https:\/\/hubsch-interior.com\/fr\/#\/schema\/logo\/image\/"}}]}},"_links":{"self":[{"href":"https:\/\/hubsch-interior.com\/fr\/wp-json\/wp\/v2\/product\/1088208","targetHints":{"allow":["GET"]}}],"collection":[{"href":"https:\/\/hubsch-interior.com\/fr\/wp-json\/wp\/v2\/product"}],"about":[{"href":"https:\/\/hubsch-interior.com\/fr\/wp-json\/wp\/v2\/types\/product"}],"wp:featuredmedia":[{"embeddable":true,"href":"https:\/\/hubsch-interior.com\/fr\/wp-json\/wp\/v2\/media\/1105412"}],"wp:attachment":[{"href":"https:\/\/hubsch-interior.com\/fr\/wp-json\/wp\/v2\/media?parent=1088208"}],"wp:term":[{"taxonomy":"product_brand","embeddable":true,"href":"https:\/\/hubsch-interior.com\/fr\/wp-json\/wp\/v2\/product_brand?post=1088208"},{"taxonomy":"product_cat","embeddable":true,"href":"https:\/\/hubsch-interior.com\/fr\/wp-json\/wp\/v2\/product_cat?post=1088208"},{"taxonomy":"product_tag","embeddable":true,"href":"https:\/\/hubsch-interior.com\/fr\/wp-json\/wp\/v2\/product_tag?post=1088208"}],"curies":[{"name":"wp","href":"https:\/\/api.w.org\/{rel}","templated":true}]}}