{"id":1088236,"date":"2026-01-31T04:39:41","date_gmt":"2026-01-31T03:39:41","guid":{"rendered":"https:\/\/hubsch-interior.com\/product\/product\/"},"modified":"2026-04-06T04:55:33","modified_gmt":"2026-04-06T02:55:33","slug":"alcove-banc-naturel","status":"publish","type":"product","link":"https:\/\/hubsch-interior.com\/fr\/produit\/alcove-banc-naturel\/","title":{"rendered":"Alcove Banc Naturel"},"content":{"rendered":"<p>Un repos doux avec un secret \u00e0 l&#8217;int\u00e9rieur. L&#8217;Alcove Banc allie le travail artisanal du ch\u00eane naturel \u00e0 un coussin confortable, cr\u00e9ant un point de pause cosy pour les matins press\u00e9s ou les apr\u00e8s-midis tranquilles. Soulevez l&#8217;assise pour d\u00e9couvrir un rangement cach\u00e9 \u2014 parfait pour les chaussures, les sacs ou tout ce que vous pr\u00e9f\u00e9rez garder \u00e0 l&#8217;abri des regards. Fabriqu\u00e9 \u00e0 partir de bois certifi\u00e9 FSC, il m\u00e9lange confort et conscience dans une pi\u00e8ce accueillante. Id\u00e9al pour les cuisines, les couloirs, et tous ces moments interm\u00e9diaires qui transforment une maison en un foyer.<\/p>\n","protected":false},"excerpt":{"rendered":"<p>Un repos doux avec un secret \u00e0 l&#8217;int\u00e9rieur. L&#8217;Alcove Banc allie le travail artisanal du ch\u00eane naturel \u00e0 un coussin confortable, cr\u00e9ant un point de pause cosy pour les matins press\u00e9s ou les apr\u00e8s-midis tranquilles. Soulevez l&#8217;assise pour d\u00e9couvrir un rangement cach\u00e9 \u2014 parfait pour les chaussures, les sacs ou tout ce que vous pr\u00e9f\u00e9rez [&hellip;]<\/p>\n","protected":false},"featured_media":1105436,"template":"","meta":{"_acf_changed":false,"inline_featured_image":false},"product_brand":[],"product_cat":[7154,6322,2843,2877,5046],"product_tag":[],"class_list":{"0":"post-1088236","1":"product","2":"type-product","3":"status-publish","4":"has-post-thumbnail","6":"product_cat-dweller-fr","7":"product_cat-fsc-fr","8":"product_cat-assises-fr","9":"product_cat-bancs-fr","10":"product_cat-nouveautes-fr","11":"product_shipping_class-p05","13":"pa_color-naturel-2","14":"pa_material-acrylic-5-fr","15":"pa_material-mdf-fr","16":"pa_material-polyester-95-fr","17":"pa_material-bois-de-chne-2","18":"pa_material-placage-de-chne-2","20":"first","21":"instock","22":"taxable","23":"shipping-taxable","24":"purchasable","25":"product-type-simple"},"exclude_global_add_ons":[],"addons":[],"acf":[],"yoast_head":"<!-- This site is optimized with the Yoast SEO plugin v26.4 - https:\/\/yoast.com\/wordpress\/plugins\/seo\/ -->\n<title>Alcove Banc Naturel - H\u00fcbsch<\/title>\n<meta name=\"description\" content=\"Un repos doux avec un secret \u00e0 l&#039;int\u00e9rieur. L&#039;Alcove Banc allie le travail artisanal du ch\u00eane naturel \u00e0 un coussin confortable, cr\u00e9ant un point de pause\" \/>\n<meta name=\"robots\" content=\"index, follow, max-snippet:-1, max-image-preview:large, max-video-preview:-1\" \/>\n<link rel=\"canonical\" href=\"https:\/\/hubsch-interior.com\/fr\/wp-json\/wp\/v2\/product\/1088236\" \/>\n<meta property=\"og:locale\" content=\"fr_FR\" \/>\n<meta property=\"og:type\" content=\"article\" \/>\n<meta property=\"og:title\" content=\"Alcove Banc Naturel - H\u00fcbsch\" \/>\n<meta property=\"og:description\" content=\"Un repos doux avec un secret \u00e0 l&#039;int\u00e9rieur. L&#039;Alcove Banc allie le travail artisanal du ch\u00eane naturel \u00e0 un coussin confortable, cr\u00e9ant un point de pause\" \/>\n<meta property=\"og:url\" content=\"https:\/\/hubsch-interior.com\/fr\/produit\/alcove-banc-naturel\/\" \/>\n<meta property=\"og:site_name\" content=\"H\u00fcbsch\" \/>\n<meta property=\"article:modified_time\" content=\"2026-04-06T02:55:33+00:00\" \/>\n<meta property=\"og:image\" content=\"https:\/\/hubsch-interior.com\/wp-content\/uploads\/2026\/01\/alcove-bench-natural-7b9ad2f313ef1a55bfc6f949d18068c2.jpg\" \/>\n\t<meta property=\"og:image:width\" content=\"1200\" \/>\n\t<meta property=\"og:image:height\" content=\"1200\" \/>\n\t<meta property=\"og:image:type\" content=\"image\/jpeg\" \/>\n<meta name=\"twitter:card\" content=\"summary_large_image\" \/>\n<meta name=\"twitter:label1\" content=\"Dur\u00e9e de lecture estim\u00e9e\" \/>\n\t<meta name=\"twitter:data1\" content=\"1 minute\" \/>\n<script type=\"application\/ld+json\" class=\"yoast-schema-graph\">{\"@context\":\"https:\/\/schema.org\",\"@graph\":[{\"@type\":\"WebPage\",\"@id\":\"https:\/\/hubsch-interior.com\/fr\/produit\/alcove-banc-naturel\/\",\"url\":\"https:\/\/hubsch-interior.com\/fr\/produit\/alcove-banc-naturel\/\",\"name\":\"Alcove Banc Naturel - H\u00fcbsch\",\"isPartOf\":{\"@id\":\"https:\/\/hubsch-interior.com\/fr\/#website\"},\"primaryImageOfPage\":{\"@id\":\"https:\/\/hubsch-interior.com\/fr\/produit\/alcove-banc-naturel\/#primaryimage\"},\"image\":{\"@id\":\"https:\/\/hubsch-interior.com\/fr\/produit\/alcove-banc-naturel\/#primaryimage\"},\"thumbnailUrl\":\"https:\/\/hubsch-interior.com\/wp-content\/uploads\/2026\/02\/alcove-bench-natural-0e94ee16b153e5859b0f2aea9f0ea92e.jpg\",\"datePublished\":\"2026-01-31T03:39:41+00:00\",\"dateModified\":\"2026-04-06T02:55:33+00:00\",\"description\":\"Un repos doux avec un secret \u00e0 l'int\u00e9rieur. L'Alcove Banc allie le travail artisanal du ch\u00eane naturel \u00e0 un coussin confortable, cr\u00e9ant un point de pause\",\"breadcrumb\":{\"@id\":\"https:\/\/hubsch-interior.com\/fr\/produit\/alcove-banc-naturel\/#breadcrumb\"},\"inLanguage\":\"fr-FR\",\"potentialAction\":[{\"@type\":\"ReadAction\",\"target\":[\"https:\/\/hubsch-interior.com\/fr\/produit\/alcove-banc-naturel\/\"]}]},{\"@type\":\"ImageObject\",\"inLanguage\":\"fr-FR\",\"@id\":\"https:\/\/hubsch-interior.com\/fr\/produit\/alcove-banc-naturel\/#primaryimage\",\"url\":\"https:\/\/hubsch-interior.com\/wp-content\/uploads\/2026\/02\/alcove-bench-natural-0e94ee16b153e5859b0f2aea9f0ea92e.jpg\",\"contentUrl\":\"https:\/\/hubsch-interior.com\/wp-content\/uploads\/2026\/02\/alcove-bench-natural-0e94ee16b153e5859b0f2aea9f0ea92e.jpg\",\"width\":1024,\"height\":1024},{\"@type\":\"BreadcrumbList\",\"@id\":\"https:\/\/hubsch-interior.com\/fr\/produit\/alcove-banc-naturel\/#breadcrumb\",\"itemListElement\":[{\"@type\":\"ListItem\",\"position\":1,\"name\":\"Page d'accueil\",\"item\":\"https:\/\/hubsch-interior.com\/fr\/\"},{\"@type\":\"ListItem\",\"position\":2,\"name\":\"Produits\",\"item\":\"https:\/\/hubsch-interior.com\/fr\/shop-2\/\"},{\"@type\":\"ListItem\",\"position\":3,\"name\":\"Alcove Banc Naturel\"}]},{\"@type\":\"WebSite\",\"@id\":\"https:\/\/hubsch-interior.com\/fr\/#website\",\"url\":\"https:\/\/hubsch-interior.com\/fr\/\",\"name\":\"H\u00fcbsch\",\"description\":\"Danish Home Interior and Design\",\"publisher\":{\"@id\":\"https:\/\/hubsch-interior.com\/fr\/#organization\"},\"potentialAction\":[{\"@type\":\"SearchAction\",\"target\":{\"@type\":\"EntryPoint\",\"urlTemplate\":\"https:\/\/hubsch-interior.com\/fr\/?s={search_term_string}\"},\"query-input\":{\"@type\":\"PropertyValueSpecification\",\"valueRequired\":true,\"valueName\":\"search_term_string\"}}],\"inLanguage\":\"fr-FR\"},{\"@type\":\"Organization\",\"@id\":\"https:\/\/hubsch-interior.com\/fr\/#organization\",\"name\":\"H\u00fcbsch\",\"url\":\"https:\/\/hubsch-interior.com\/fr\/\",\"logo\":{\"@type\":\"ImageObject\",\"inLanguage\":\"fr-FR\",\"@id\":\"https:\/\/hubsch-interior.com\/fr\/#\/schema\/logo\/image\/\",\"url\":\"https:\/\/hubsch-interior.com\/wp-content\/uploads\/2022\/12\/Hubsch_logo_black_one_line.svg\",\"contentUrl\":\"https:\/\/hubsch-interior.com\/wp-content\/uploads\/2022\/12\/Hubsch_logo_black_one_line.svg\",\"caption\":\"H\u00fcbsch\"},\"image\":{\"@id\":\"https:\/\/hubsch-interior.com\/fr\/#\/schema\/logo\/image\/\"}}]}<\/script>\n<!-- \/ Yoast SEO plugin. -->","yoast_head_json":{"title":"Alcove Banc Naturel - H\u00fcbsch","description":"Un repos doux avec un secret \u00e0 l'int\u00e9rieur. L'Alcove Banc allie le travail artisanal du ch\u00eane naturel \u00e0 un coussin confortable, cr\u00e9ant un point de pause","robots":{"index":"index","follow":"follow","max-snippet":"max-snippet:-1","max-image-preview":"max-image-preview:large","max-video-preview":"max-video-preview:-1"},"canonical":"https:\/\/hubsch-interior.com\/fr\/wp-json\/wp\/v2\/product\/1088236","og_locale":"fr_FR","og_type":"article","og_title":"Alcove Banc Naturel - H\u00fcbsch","og_description":"Un repos doux avec un secret \u00e0 l'int\u00e9rieur. L'Alcove Banc allie le travail artisanal du ch\u00eane naturel \u00e0 un coussin confortable, cr\u00e9ant un point de pause","og_url":"https:\/\/hubsch-interior.com\/fr\/produit\/alcove-banc-naturel\/","og_site_name":"H\u00fcbsch","article_modified_time":"2026-04-06T02:55:33+00:00","og_image":[{"width":1200,"height":1200,"url":"https:\/\/hubsch-interior.com\/wp-content\/uploads\/2026\/01\/alcove-bench-natural-7b9ad2f313ef1a55bfc6f949d18068c2.jpg","type":"image\/jpeg"}],"twitter_card":"summary_large_image","twitter_misc":{"Dur\u00e9e de lecture estim\u00e9e":"1 minute"},"schema":{"@context":"https:\/\/schema.org","@graph":[{"@type":"WebPage","@id":"https:\/\/hubsch-interior.com\/fr\/produit\/alcove-banc-naturel\/","url":"https:\/\/hubsch-interior.com\/fr\/produit\/alcove-banc-naturel\/","name":"Alcove Banc Naturel - H\u00fcbsch","isPartOf":{"@id":"https:\/\/hubsch-interior.com\/fr\/#website"},"primaryImageOfPage":{"@id":"https:\/\/hubsch-interior.com\/fr\/produit\/alcove-banc-naturel\/#primaryimage"},"image":{"@id":"https:\/\/hubsch-interior.com\/fr\/produit\/alcove-banc-naturel\/#primaryimage"},"thumbnailUrl":"https:\/\/hubsch-interior.com\/wp-content\/uploads\/2026\/02\/alcove-bench-natural-0e94ee16b153e5859b0f2aea9f0ea92e.jpg","datePublished":"2026-01-31T03:39:41+00:00","dateModified":"2026-04-06T02:55:33+00:00","description":"Un repos doux avec un secret \u00e0 l'int\u00e9rieur. L'Alcove Banc allie le travail artisanal du ch\u00eane naturel \u00e0 un coussin confortable, cr\u00e9ant un point de pause","breadcrumb":{"@id":"https:\/\/hubsch-interior.com\/fr\/produit\/alcove-banc-naturel\/#breadcrumb"},"inLanguage":"fr-FR","potentialAction":[{"@type":"ReadAction","target":["https:\/\/hubsch-interior.com\/fr\/produit\/alcove-banc-naturel\/"]}]},{"@type":"ImageObject","inLanguage":"fr-FR","@id":"https:\/\/hubsch-interior.com\/fr\/produit\/alcove-banc-naturel\/#primaryimage","url":"https:\/\/hubsch-interior.com\/wp-content\/uploads\/2026\/02\/alcove-bench-natural-0e94ee16b153e5859b0f2aea9f0ea92e.jpg","contentUrl":"https:\/\/hubsch-interior.com\/wp-content\/uploads\/2026\/02\/alcove-bench-natural-0e94ee16b153e5859b0f2aea9f0ea92e.jpg","width":1024,"height":1024},{"@type":"BreadcrumbList","@id":"https:\/\/hubsch-interior.com\/fr\/produit\/alcove-banc-naturel\/#breadcrumb","itemListElement":[{"@type":"ListItem","position":1,"name":"Page d'accueil","item":"https:\/\/hubsch-interior.com\/fr\/"},{"@type":"ListItem","position":2,"name":"Produits","item":"https:\/\/hubsch-interior.com\/fr\/shop-2\/"},{"@type":"ListItem","position":3,"name":"Alcove Banc Naturel"}]},{"@type":"WebSite","@id":"https:\/\/hubsch-interior.com\/fr\/#website","url":"https:\/\/hubsch-interior.com\/fr\/","name":"H\u00fcbsch","description":"Danish Home Interior and Design","publisher":{"@id":"https:\/\/hubsch-interior.com\/fr\/#organization"},"potentialAction":[{"@type":"SearchAction","target":{"@type":"EntryPoint","urlTemplate":"https:\/\/hubsch-interior.com\/fr\/?s={search_term_string}"},"query-input":{"@type":"PropertyValueSpecification","valueRequired":true,"valueName":"search_term_string"}}],"inLanguage":"fr-FR"},{"@type":"Organization","@id":"https:\/\/hubsch-interior.com\/fr\/#organization","name":"H\u00fcbsch","url":"https:\/\/hubsch-interior.com\/fr\/","logo":{"@type":"ImageObject","inLanguage":"fr-FR","@id":"https:\/\/hubsch-interior.com\/fr\/#\/schema\/logo\/image\/","url":"https:\/\/hubsch-interior.com\/wp-content\/uploads\/2022\/12\/Hubsch_logo_black_one_line.svg","contentUrl":"https:\/\/hubsch-interior.com\/wp-content\/uploads\/2022\/12\/Hubsch_logo_black_one_line.svg","caption":"H\u00fcbsch"},"image":{"@id":"https:\/\/hubsch-interior.com\/fr\/#\/schema\/logo\/image\/"}}]}},"_links":{"self":[{"href":"https:\/\/hubsch-interior.com\/fr\/wp-json\/wp\/v2\/product\/1088236","targetHints":{"allow":["GET"]}}],"collection":[{"href":"https:\/\/hubsch-interior.com\/fr\/wp-json\/wp\/v2\/product"}],"about":[{"href":"https:\/\/hubsch-interior.com\/fr\/wp-json\/wp\/v2\/types\/product"}],"wp:featuredmedia":[{"embeddable":true,"href":"https:\/\/hubsch-interior.com\/fr\/wp-json\/wp\/v2\/media\/1105436"}],"wp:attachment":[{"href":"https:\/\/hubsch-interior.com\/fr\/wp-json\/wp\/v2\/media?parent=1088236"}],"wp:term":[{"taxonomy":"product_brand","embeddable":true,"href":"https:\/\/hubsch-interior.com\/fr\/wp-json\/wp\/v2\/product_brand?post=1088236"},{"taxonomy":"product_cat","embeddable":true,"href":"https:\/\/hubsch-interior.com\/fr\/wp-json\/wp\/v2\/product_cat?post=1088236"},{"taxonomy":"product_tag","embeddable":true,"href":"https:\/\/hubsch-interior.com\/fr\/wp-json\/wp\/v2\/product_tag?post=1088236"}],"curies":[{"name":"wp","href":"https:\/\/api.w.org\/{rel}","templated":true}]}}