{"id":1088264,"date":"2026-01-31T04:39:54","date_gmt":"2026-01-31T03:39:54","guid":{"rendered":"https:\/\/hubsch-interior.com\/product\/product\/"},"modified":"2026-04-06T04:55:38","modified_gmt":"2026-04-06T02:55:38","slug":"baenk-banc-naturel","status":"publish","type":"product","link":"https:\/\/hubsch-interior.com\/fr\/produit\/baenk-banc-naturel\/","title":{"rendered":"Baenk Banc Naturel"},"content":{"rendered":"<p>Con\u00e7u pour rassembler, fa\u00e7onn\u00e9 pour l&#8217;appartenance. Le Baenk Banc apporte une force tranquille et une chaleur naturelle \u00e0 votre espace de repas, fabriqu\u00e9 en ch\u00eane certifi\u00e9 FSC dans une teinte douce et accueillante. Ses lignes \u00e9pur\u00e9es et ses proportions g\u00e9n\u00e9reuses laissent place \u00e0 des repas partag\u00e9s, des conversations ais\u00e9es et les rituels quotidiens qui r\u00e9unissent les gens. Con\u00e7u pour durer \u2014 tant en structure qu&#8217;en ressenti \u2014 c&#8217;est un banc qui devient partie int\u00e9grante de la famille. Un endroit pour faire une pause, se connecter et rester juste un peu plus longtemps.<\/p>\n","protected":false},"excerpt":{"rendered":"<p>Con\u00e7u pour rassembler, fa\u00e7onn\u00e9 pour l&#8217;appartenance. Le Baenk Banc apporte une force tranquille et une chaleur naturelle \u00e0 votre espace de repas, fabriqu\u00e9 en ch\u00eane certifi\u00e9 FSC dans une teinte douce et accueillante. Ses lignes \u00e9pur\u00e9es et ses proportions g\u00e9n\u00e9reuses laissent place \u00e0 des repas partag\u00e9s, des conversations ais\u00e9es et les rituels quotidiens qui r\u00e9unissent [&hellip;]<\/p>\n","protected":false},"featured_media":1105460,"template":"","meta":{"_acf_changed":false,"inline_featured_image":false},"product_brand":[],"product_cat":[2843,2877,7154,6322,5026,5046],"product_tag":[],"class_list":{"0":"post-1088264","1":"product","2":"type-product","3":"status-publish","4":"has-post-thumbnail","6":"product_cat-assises-fr","7":"product_cat-bancs-fr","8":"product_cat-dweller-fr","9":"product_cat-fsc-fr","10":"product_cat-bestsellers-fr","11":"product_cat-nouveautes-fr","12":"product_shipping_class-p05","14":"pa_color-naturel-2","15":"pa_material-bois-de-chne-2","16":"pa_material-mdf-fr","17":"pa_material-placage-de-chne-2","19":"first","20":"instock","21":"featured","22":"taxable","23":"shipping-taxable","24":"purchasable","25":"product-type-simple"},"exclude_global_add_ons":[],"addons":[],"acf":[],"yoast_head":"<!-- This site is optimized with the Yoast SEO plugin v26.4 - https:\/\/yoast.com\/wordpress\/plugins\/seo\/ -->\n<title>Baenk Banc Naturel - H\u00fcbsch<\/title>\n<meta name=\"description\" content=\"Con\u00e7u pour rassembler, fa\u00e7onn\u00e9 pour l&#039;appartenance. Le Baenk Banc apporte une force tranquille et une chaleur naturelle \u00e0 votre espace de repas, fabriqu\u00e9\" \/>\n<meta name=\"robots\" content=\"index, follow, max-snippet:-1, max-image-preview:large, max-video-preview:-1\" \/>\n<link rel=\"canonical\" href=\"https:\/\/hubsch-interior.com\/fr\/wp-json\/wp\/v2\/product\/1088264\" \/>\n<meta property=\"og:locale\" content=\"fr_FR\" \/>\n<meta property=\"og:type\" content=\"article\" \/>\n<meta property=\"og:title\" content=\"Baenk Banc Naturel - H\u00fcbsch\" \/>\n<meta property=\"og:description\" content=\"Con\u00e7u pour rassembler, fa\u00e7onn\u00e9 pour l&#039;appartenance. Le Baenk Banc apporte une force tranquille et une chaleur naturelle \u00e0 votre espace de repas, fabriqu\u00e9\" \/>\n<meta property=\"og:url\" content=\"https:\/\/hubsch-interior.com\/fr\/produit\/baenk-banc-naturel\/\" \/>\n<meta property=\"og:site_name\" content=\"H\u00fcbsch\" \/>\n<meta property=\"article:modified_time\" content=\"2026-04-06T02:55:38+00:00\" \/>\n<meta property=\"og:image\" content=\"https:\/\/hubsch-interior.com\/wp-content\/uploads\/2026\/01\/baenk-bench-natural-158beb41fb1959454b154e5daec8f59d.jpg\" \/>\n\t<meta property=\"og:image:width\" content=\"1200\" \/>\n\t<meta property=\"og:image:height\" content=\"1200\" \/>\n\t<meta property=\"og:image:type\" content=\"image\/jpeg\" \/>\n<meta name=\"twitter:card\" content=\"summary_large_image\" \/>\n<script type=\"application\/ld+json\" class=\"yoast-schema-graph\">{\"@context\":\"https:\/\/schema.org\",\"@graph\":[{\"@type\":\"WebPage\",\"@id\":\"https:\/\/hubsch-interior.com\/fr\/produit\/baenk-banc-naturel\/\",\"url\":\"https:\/\/hubsch-interior.com\/fr\/produit\/baenk-banc-naturel\/\",\"name\":\"Baenk Banc Naturel - H\u00fcbsch\",\"isPartOf\":{\"@id\":\"https:\/\/hubsch-interior.com\/fr\/#website\"},\"primaryImageOfPage\":{\"@id\":\"https:\/\/hubsch-interior.com\/fr\/produit\/baenk-banc-naturel\/#primaryimage\"},\"image\":{\"@id\":\"https:\/\/hubsch-interior.com\/fr\/produit\/baenk-banc-naturel\/#primaryimage\"},\"thumbnailUrl\":\"https:\/\/hubsch-interior.com\/wp-content\/uploads\/2026\/02\/baenk-bench-natural-3932c658d437b9cbc10e9c24bcc8e872.jpg\",\"datePublished\":\"2026-01-31T03:39:54+00:00\",\"dateModified\":\"2026-04-06T02:55:38+00:00\",\"description\":\"Con\u00e7u pour rassembler, fa\u00e7onn\u00e9 pour l'appartenance. Le Baenk Banc apporte une force tranquille et une chaleur naturelle \u00e0 votre espace de repas, fabriqu\u00e9\",\"breadcrumb\":{\"@id\":\"https:\/\/hubsch-interior.com\/fr\/produit\/baenk-banc-naturel\/#breadcrumb\"},\"inLanguage\":\"fr-FR\",\"potentialAction\":[{\"@type\":\"ReadAction\",\"target\":[\"https:\/\/hubsch-interior.com\/fr\/produit\/baenk-banc-naturel\/\"]}]},{\"@type\":\"ImageObject\",\"inLanguage\":\"fr-FR\",\"@id\":\"https:\/\/hubsch-interior.com\/fr\/produit\/baenk-banc-naturel\/#primaryimage\",\"url\":\"https:\/\/hubsch-interior.com\/wp-content\/uploads\/2026\/02\/baenk-bench-natural-3932c658d437b9cbc10e9c24bcc8e872.jpg\",\"contentUrl\":\"https:\/\/hubsch-interior.com\/wp-content\/uploads\/2026\/02\/baenk-bench-natural-3932c658d437b9cbc10e9c24bcc8e872.jpg\",\"width\":1024,\"height\":1024},{\"@type\":\"BreadcrumbList\",\"@id\":\"https:\/\/hubsch-interior.com\/fr\/produit\/baenk-banc-naturel\/#breadcrumb\",\"itemListElement\":[{\"@type\":\"ListItem\",\"position\":1,\"name\":\"Page d'accueil\",\"item\":\"https:\/\/hubsch-interior.com\/fr\/\"},{\"@type\":\"ListItem\",\"position\":2,\"name\":\"Produits\",\"item\":\"https:\/\/hubsch-interior.com\/fr\/shop-2\/\"},{\"@type\":\"ListItem\",\"position\":3,\"name\":\"Baenk Banc Naturel\"}]},{\"@type\":\"WebSite\",\"@id\":\"https:\/\/hubsch-interior.com\/fr\/#website\",\"url\":\"https:\/\/hubsch-interior.com\/fr\/\",\"name\":\"H\u00fcbsch\",\"description\":\"Danish Home Interior and Design\",\"publisher\":{\"@id\":\"https:\/\/hubsch-interior.com\/fr\/#organization\"},\"potentialAction\":[{\"@type\":\"SearchAction\",\"target\":{\"@type\":\"EntryPoint\",\"urlTemplate\":\"https:\/\/hubsch-interior.com\/fr\/?s={search_term_string}\"},\"query-input\":{\"@type\":\"PropertyValueSpecification\",\"valueRequired\":true,\"valueName\":\"search_term_string\"}}],\"inLanguage\":\"fr-FR\"},{\"@type\":\"Organization\",\"@id\":\"https:\/\/hubsch-interior.com\/fr\/#organization\",\"name\":\"H\u00fcbsch\",\"url\":\"https:\/\/hubsch-interior.com\/fr\/\",\"logo\":{\"@type\":\"ImageObject\",\"inLanguage\":\"fr-FR\",\"@id\":\"https:\/\/hubsch-interior.com\/fr\/#\/schema\/logo\/image\/\",\"url\":\"https:\/\/hubsch-interior.com\/wp-content\/uploads\/2022\/12\/Hubsch_logo_black_one_line.svg\",\"contentUrl\":\"https:\/\/hubsch-interior.com\/wp-content\/uploads\/2022\/12\/Hubsch_logo_black_one_line.svg\",\"caption\":\"H\u00fcbsch\"},\"image\":{\"@id\":\"https:\/\/hubsch-interior.com\/fr\/#\/schema\/logo\/image\/\"}}]}<\/script>\n<!-- \/ Yoast SEO plugin. -->","yoast_head_json":{"title":"Baenk Banc Naturel - H\u00fcbsch","description":"Con\u00e7u pour rassembler, fa\u00e7onn\u00e9 pour l'appartenance. Le Baenk Banc apporte une force tranquille et une chaleur naturelle \u00e0 votre espace de repas, fabriqu\u00e9","robots":{"index":"index","follow":"follow","max-snippet":"max-snippet:-1","max-image-preview":"max-image-preview:large","max-video-preview":"max-video-preview:-1"},"canonical":"https:\/\/hubsch-interior.com\/fr\/wp-json\/wp\/v2\/product\/1088264","og_locale":"fr_FR","og_type":"article","og_title":"Baenk Banc Naturel - H\u00fcbsch","og_description":"Con\u00e7u pour rassembler, fa\u00e7onn\u00e9 pour l'appartenance. Le Baenk Banc apporte une force tranquille et une chaleur naturelle \u00e0 votre espace de repas, fabriqu\u00e9","og_url":"https:\/\/hubsch-interior.com\/fr\/produit\/baenk-banc-naturel\/","og_site_name":"H\u00fcbsch","article_modified_time":"2026-04-06T02:55:38+00:00","og_image":[{"width":1200,"height":1200,"url":"https:\/\/hubsch-interior.com\/wp-content\/uploads\/2026\/01\/baenk-bench-natural-158beb41fb1959454b154e5daec8f59d.jpg","type":"image\/jpeg"}],"twitter_card":"summary_large_image","schema":{"@context":"https:\/\/schema.org","@graph":[{"@type":"WebPage","@id":"https:\/\/hubsch-interior.com\/fr\/produit\/baenk-banc-naturel\/","url":"https:\/\/hubsch-interior.com\/fr\/produit\/baenk-banc-naturel\/","name":"Baenk Banc Naturel - H\u00fcbsch","isPartOf":{"@id":"https:\/\/hubsch-interior.com\/fr\/#website"},"primaryImageOfPage":{"@id":"https:\/\/hubsch-interior.com\/fr\/produit\/baenk-banc-naturel\/#primaryimage"},"image":{"@id":"https:\/\/hubsch-interior.com\/fr\/produit\/baenk-banc-naturel\/#primaryimage"},"thumbnailUrl":"https:\/\/hubsch-interior.com\/wp-content\/uploads\/2026\/02\/baenk-bench-natural-3932c658d437b9cbc10e9c24bcc8e872.jpg","datePublished":"2026-01-31T03:39:54+00:00","dateModified":"2026-04-06T02:55:38+00:00","description":"Con\u00e7u pour rassembler, fa\u00e7onn\u00e9 pour l'appartenance. Le Baenk Banc apporte une force tranquille et une chaleur naturelle \u00e0 votre espace de repas, fabriqu\u00e9","breadcrumb":{"@id":"https:\/\/hubsch-interior.com\/fr\/produit\/baenk-banc-naturel\/#breadcrumb"},"inLanguage":"fr-FR","potentialAction":[{"@type":"ReadAction","target":["https:\/\/hubsch-interior.com\/fr\/produit\/baenk-banc-naturel\/"]}]},{"@type":"ImageObject","inLanguage":"fr-FR","@id":"https:\/\/hubsch-interior.com\/fr\/produit\/baenk-banc-naturel\/#primaryimage","url":"https:\/\/hubsch-interior.com\/wp-content\/uploads\/2026\/02\/baenk-bench-natural-3932c658d437b9cbc10e9c24bcc8e872.jpg","contentUrl":"https:\/\/hubsch-interior.com\/wp-content\/uploads\/2026\/02\/baenk-bench-natural-3932c658d437b9cbc10e9c24bcc8e872.jpg","width":1024,"height":1024},{"@type":"BreadcrumbList","@id":"https:\/\/hubsch-interior.com\/fr\/produit\/baenk-banc-naturel\/#breadcrumb","itemListElement":[{"@type":"ListItem","position":1,"name":"Page d'accueil","item":"https:\/\/hubsch-interior.com\/fr\/"},{"@type":"ListItem","position":2,"name":"Produits","item":"https:\/\/hubsch-interior.com\/fr\/shop-2\/"},{"@type":"ListItem","position":3,"name":"Baenk Banc Naturel"}]},{"@type":"WebSite","@id":"https:\/\/hubsch-interior.com\/fr\/#website","url":"https:\/\/hubsch-interior.com\/fr\/","name":"H\u00fcbsch","description":"Danish Home Interior and Design","publisher":{"@id":"https:\/\/hubsch-interior.com\/fr\/#organization"},"potentialAction":[{"@type":"SearchAction","target":{"@type":"EntryPoint","urlTemplate":"https:\/\/hubsch-interior.com\/fr\/?s={search_term_string}"},"query-input":{"@type":"PropertyValueSpecification","valueRequired":true,"valueName":"search_term_string"}}],"inLanguage":"fr-FR"},{"@type":"Organization","@id":"https:\/\/hubsch-interior.com\/fr\/#organization","name":"H\u00fcbsch","url":"https:\/\/hubsch-interior.com\/fr\/","logo":{"@type":"ImageObject","inLanguage":"fr-FR","@id":"https:\/\/hubsch-interior.com\/fr\/#\/schema\/logo\/image\/","url":"https:\/\/hubsch-interior.com\/wp-content\/uploads\/2022\/12\/Hubsch_logo_black_one_line.svg","contentUrl":"https:\/\/hubsch-interior.com\/wp-content\/uploads\/2022\/12\/Hubsch_logo_black_one_line.svg","caption":"H\u00fcbsch"},"image":{"@id":"https:\/\/hubsch-interior.com\/fr\/#\/schema\/logo\/image\/"}}]}},"_links":{"self":[{"href":"https:\/\/hubsch-interior.com\/fr\/wp-json\/wp\/v2\/product\/1088264","targetHints":{"allow":["GET"]}}],"collection":[{"href":"https:\/\/hubsch-interior.com\/fr\/wp-json\/wp\/v2\/product"}],"about":[{"href":"https:\/\/hubsch-interior.com\/fr\/wp-json\/wp\/v2\/types\/product"}],"wp:featuredmedia":[{"embeddable":true,"href":"https:\/\/hubsch-interior.com\/fr\/wp-json\/wp\/v2\/media\/1105460"}],"wp:attachment":[{"href":"https:\/\/hubsch-interior.com\/fr\/wp-json\/wp\/v2\/media?parent=1088264"}],"wp:term":[{"taxonomy":"product_brand","embeddable":true,"href":"https:\/\/hubsch-interior.com\/fr\/wp-json\/wp\/v2\/product_brand?post=1088264"},{"taxonomy":"product_cat","embeddable":true,"href":"https:\/\/hubsch-interior.com\/fr\/wp-json\/wp\/v2\/product_cat?post=1088264"},{"taxonomy":"product_tag","embeddable":true,"href":"https:\/\/hubsch-interior.com\/fr\/wp-json\/wp\/v2\/product_tag?post=1088264"}],"curies":[{"name":"wp","href":"https:\/\/api.w.org\/{rel}","templated":true}]}}