{"id":1088308,"date":"2026-01-31T04:40:20","date_gmt":"2026-01-31T03:40:20","guid":{"rendered":"https:\/\/hubsch-interior.com\/product\/product\/"},"modified":"2026-04-05T05:01:35","modified_gmt":"2026-04-05T03:01:35","slug":"motif-table-basse-multicolore","status":"publish","type":"product","link":"https:\/\/hubsch-interior.com\/fr\/produit\/motif-table-basse-multicolore\/","title":{"rendered":"Motif Table basse \u00a0Multicolor\u00e9"},"content":{"rendered":"<p>Une table qui donne le ton \u2014 et cr\u00e9e l&#8217;ambiance. La table basse Motif allie des carreaux ludiques \u00e0 du bois naturel chaleureux pour cr\u00e9er une surface \u00e0 la fois dynamique et solide. Confectionn\u00e9e avec soin \u00e0 partir de mat\u00e9riaux certifi\u00e9s FSC, elle est aussi r\u00e9fl\u00e9chie qu&#8217;impressionnante \u2014 un \u00e9l\u00e9ment central pour les pauses caf\u00e9, les discussions cr\u00e9atives et les moments de tranquillit\u00e9. Une c\u00e9l\u00e9bration de la couleur, de l&#8217;artisanat et de la connexion \u2014 le tout dans un design joyeux.<\/p>\n","protected":false},"excerpt":{"rendered":"<p>Une table qui donne le ton \u2014 et cr\u00e9e l&#8217;ambiance. La table basse Motif allie des carreaux ludiques \u00e0 du bois naturel chaleureux pour cr\u00e9er une surface \u00e0 la fois dynamique et solide. Confectionn\u00e9e avec soin \u00e0 partir de mat\u00e9riaux certifi\u00e9s FSC, elle est aussi r\u00e9fl\u00e9chie qu&#8217;impressionnante \u2014 un \u00e9l\u00e9ment central pour les pauses caf\u00e9, [&hellip;]<\/p>\n","protected":false},"featured_media":1105508,"template":"","meta":{"_acf_changed":false,"inline_featured_image":false},"product_brand":[],"product_cat":[7154,6322,2859,2873,5046],"product_tag":[],"class_list":{"0":"post-1088308","1":"product","2":"type-product","3":"status-publish","4":"has-post-thumbnail","6":"product_cat-dweller-fr","7":"product_cat-fsc-fr","8":"product_cat-tables-fr","9":"product_cat-tables-basses-fr","10":"product_cat-nouveautes-fr","11":"product_shipping_class-p10","13":"pa_color-multicolor-2","14":"pa_material-mdf-fr","15":"pa_material-bois-de-chne-2","16":"pa_material-carrelage","17":"pa_material-placage-de-chne-2","19":"first","20":"instock","21":"taxable","22":"shipping-taxable","23":"purchasable","24":"product-type-simple"},"exclude_global_add_ons":[],"addons":[],"acf":[],"yoast_head":"<!-- This site is optimized with the Yoast SEO plugin v26.4 - https:\/\/yoast.com\/wordpress\/plugins\/seo\/ -->\n<title>Motif Table basse \u00a0Multicolor\u00e9 - H\u00fcbsch<\/title>\n<meta name=\"description\" content=\"Une table qui donne le ton \u2014 et cr\u00e9e l&#039;ambiance. La table basse Motif allie des carreaux ludiques \u00e0 du bois naturel chaleureux pour cr\u00e9er une surface \u00e0 la\" \/>\n<meta name=\"robots\" content=\"index, follow, max-snippet:-1, max-image-preview:large, max-video-preview:-1\" \/>\n<link rel=\"canonical\" href=\"https:\/\/hubsch-interior.com\/fr\/wp-json\/wp\/v2\/product\/1088308\" \/>\n<meta property=\"og:locale\" content=\"fr_FR\" \/>\n<meta property=\"og:type\" content=\"article\" \/>\n<meta property=\"og:title\" content=\"Motif Table basse \u00a0Multicolor\u00e9 - H\u00fcbsch\" \/>\n<meta property=\"og:description\" content=\"Une table qui donne le ton \u2014 et cr\u00e9e l&#039;ambiance. La table basse Motif allie des carreaux ludiques \u00e0 du bois naturel chaleureux pour cr\u00e9er une surface \u00e0 la\" \/>\n<meta property=\"og:url\" content=\"https:\/\/hubsch-interior.com\/fr\/produit\/motif-table-basse-multicolore\/\" \/>\n<meta property=\"og:site_name\" content=\"H\u00fcbsch\" \/>\n<meta property=\"article:modified_time\" content=\"2026-04-05T03:01:35+00:00\" \/>\n<meta property=\"og:image\" content=\"https:\/\/hubsch-interior.com\/wp-content\/uploads\/2026\/01\/motif-coffee-table-multicolour-78279d585e691004714fb8442412862f.jpg\" \/>\n\t<meta property=\"og:image:width\" content=\"1200\" \/>\n\t<meta property=\"og:image:height\" content=\"1200\" \/>\n\t<meta property=\"og:image:type\" content=\"image\/jpeg\" \/>\n<meta name=\"twitter:card\" content=\"summary_large_image\" \/>\n<script type=\"application\/ld+json\" class=\"yoast-schema-graph\">{\"@context\":\"https:\/\/schema.org\",\"@graph\":[{\"@type\":\"WebPage\",\"@id\":\"https:\/\/hubsch-interior.com\/fr\/produit\/motif-table-basse-multicolore\/\",\"url\":\"https:\/\/hubsch-interior.com\/fr\/produit\/motif-table-basse-multicolore\/\",\"name\":\"Motif Table basse \u00a0Multicolor\u00e9 - H\u00fcbsch\",\"isPartOf\":{\"@id\":\"https:\/\/hubsch-interior.com\/fr\/#website\"},\"primaryImageOfPage\":{\"@id\":\"https:\/\/hubsch-interior.com\/fr\/produit\/motif-table-basse-multicolore\/#primaryimage\"},\"image\":{\"@id\":\"https:\/\/hubsch-interior.com\/fr\/produit\/motif-table-basse-multicolore\/#primaryimage\"},\"thumbnailUrl\":\"https:\/\/hubsch-interior.com\/wp-content\/uploads\/2026\/02\/motif-coffee-table-multicolour-0b7eb48c5b375095a144e7c0f01a50f1.jpg\",\"datePublished\":\"2026-01-31T03:40:20+00:00\",\"dateModified\":\"2026-04-05T03:01:35+00:00\",\"description\":\"Une table qui donne le ton \u2014 et cr\u00e9e l'ambiance. La table basse Motif allie des carreaux ludiques \u00e0 du bois naturel chaleureux pour cr\u00e9er une surface \u00e0 la\",\"breadcrumb\":{\"@id\":\"https:\/\/hubsch-interior.com\/fr\/produit\/motif-table-basse-multicolore\/#breadcrumb\"},\"inLanguage\":\"fr-FR\",\"potentialAction\":[{\"@type\":\"ReadAction\",\"target\":[\"https:\/\/hubsch-interior.com\/fr\/produit\/motif-table-basse-multicolore\/\"]}]},{\"@type\":\"ImageObject\",\"inLanguage\":\"fr-FR\",\"@id\":\"https:\/\/hubsch-interior.com\/fr\/produit\/motif-table-basse-multicolore\/#primaryimage\",\"url\":\"https:\/\/hubsch-interior.com\/wp-content\/uploads\/2026\/02\/motif-coffee-table-multicolour-0b7eb48c5b375095a144e7c0f01a50f1.jpg\",\"contentUrl\":\"https:\/\/hubsch-interior.com\/wp-content\/uploads\/2026\/02\/motif-coffee-table-multicolour-0b7eb48c5b375095a144e7c0f01a50f1.jpg\",\"width\":1024,\"height\":1024},{\"@type\":\"BreadcrumbList\",\"@id\":\"https:\/\/hubsch-interior.com\/fr\/produit\/motif-table-basse-multicolore\/#breadcrumb\",\"itemListElement\":[{\"@type\":\"ListItem\",\"position\":1,\"name\":\"Page d'accueil\",\"item\":\"https:\/\/hubsch-interior.com\/fr\/\"},{\"@type\":\"ListItem\",\"position\":2,\"name\":\"Produits\",\"item\":\"https:\/\/hubsch-interior.com\/fr\/shop-2\/\"},{\"@type\":\"ListItem\",\"position\":3,\"name\":\"Motif Table basse \u00a0Multicolor\u00e9\"}]},{\"@type\":\"WebSite\",\"@id\":\"https:\/\/hubsch-interior.com\/fr\/#website\",\"url\":\"https:\/\/hubsch-interior.com\/fr\/\",\"name\":\"H\u00fcbsch\",\"description\":\"Danish Home Interior and Design\",\"publisher\":{\"@id\":\"https:\/\/hubsch-interior.com\/fr\/#organization\"},\"potentialAction\":[{\"@type\":\"SearchAction\",\"target\":{\"@type\":\"EntryPoint\",\"urlTemplate\":\"https:\/\/hubsch-interior.com\/fr\/?s={search_term_string}\"},\"query-input\":{\"@type\":\"PropertyValueSpecification\",\"valueRequired\":true,\"valueName\":\"search_term_string\"}}],\"inLanguage\":\"fr-FR\"},{\"@type\":\"Organization\",\"@id\":\"https:\/\/hubsch-interior.com\/fr\/#organization\",\"name\":\"H\u00fcbsch\",\"url\":\"https:\/\/hubsch-interior.com\/fr\/\",\"logo\":{\"@type\":\"ImageObject\",\"inLanguage\":\"fr-FR\",\"@id\":\"https:\/\/hubsch-interior.com\/fr\/#\/schema\/logo\/image\/\",\"url\":\"https:\/\/hubsch-interior.com\/wp-content\/uploads\/2022\/12\/Hubsch_logo_black_one_line.svg\",\"contentUrl\":\"https:\/\/hubsch-interior.com\/wp-content\/uploads\/2022\/12\/Hubsch_logo_black_one_line.svg\",\"caption\":\"H\u00fcbsch\"},\"image\":{\"@id\":\"https:\/\/hubsch-interior.com\/fr\/#\/schema\/logo\/image\/\"}}]}<\/script>\n<!-- \/ Yoast SEO plugin. -->","yoast_head_json":{"title":"Motif Table basse \u00a0Multicolor\u00e9 - H\u00fcbsch","description":"Une table qui donne le ton \u2014 et cr\u00e9e l'ambiance. La table basse Motif allie des carreaux ludiques \u00e0 du bois naturel chaleureux pour cr\u00e9er une surface \u00e0 la","robots":{"index":"index","follow":"follow","max-snippet":"max-snippet:-1","max-image-preview":"max-image-preview:large","max-video-preview":"max-video-preview:-1"},"canonical":"https:\/\/hubsch-interior.com\/fr\/wp-json\/wp\/v2\/product\/1088308","og_locale":"fr_FR","og_type":"article","og_title":"Motif Table basse \u00a0Multicolor\u00e9 - H\u00fcbsch","og_description":"Une table qui donne le ton \u2014 et cr\u00e9e l'ambiance. La table basse Motif allie des carreaux ludiques \u00e0 du bois naturel chaleureux pour cr\u00e9er une surface \u00e0 la","og_url":"https:\/\/hubsch-interior.com\/fr\/produit\/motif-table-basse-multicolore\/","og_site_name":"H\u00fcbsch","article_modified_time":"2026-04-05T03:01:35+00:00","og_image":[{"width":1200,"height":1200,"url":"https:\/\/hubsch-interior.com\/wp-content\/uploads\/2026\/01\/motif-coffee-table-multicolour-78279d585e691004714fb8442412862f.jpg","type":"image\/jpeg"}],"twitter_card":"summary_large_image","schema":{"@context":"https:\/\/schema.org","@graph":[{"@type":"WebPage","@id":"https:\/\/hubsch-interior.com\/fr\/produit\/motif-table-basse-multicolore\/","url":"https:\/\/hubsch-interior.com\/fr\/produit\/motif-table-basse-multicolore\/","name":"Motif Table basse \u00a0Multicolor\u00e9 - H\u00fcbsch","isPartOf":{"@id":"https:\/\/hubsch-interior.com\/fr\/#website"},"primaryImageOfPage":{"@id":"https:\/\/hubsch-interior.com\/fr\/produit\/motif-table-basse-multicolore\/#primaryimage"},"image":{"@id":"https:\/\/hubsch-interior.com\/fr\/produit\/motif-table-basse-multicolore\/#primaryimage"},"thumbnailUrl":"https:\/\/hubsch-interior.com\/wp-content\/uploads\/2026\/02\/motif-coffee-table-multicolour-0b7eb48c5b375095a144e7c0f01a50f1.jpg","datePublished":"2026-01-31T03:40:20+00:00","dateModified":"2026-04-05T03:01:35+00:00","description":"Une table qui donne le ton \u2014 et cr\u00e9e l'ambiance. La table basse Motif allie des carreaux ludiques \u00e0 du bois naturel chaleureux pour cr\u00e9er une surface \u00e0 la","breadcrumb":{"@id":"https:\/\/hubsch-interior.com\/fr\/produit\/motif-table-basse-multicolore\/#breadcrumb"},"inLanguage":"fr-FR","potentialAction":[{"@type":"ReadAction","target":["https:\/\/hubsch-interior.com\/fr\/produit\/motif-table-basse-multicolore\/"]}]},{"@type":"ImageObject","inLanguage":"fr-FR","@id":"https:\/\/hubsch-interior.com\/fr\/produit\/motif-table-basse-multicolore\/#primaryimage","url":"https:\/\/hubsch-interior.com\/wp-content\/uploads\/2026\/02\/motif-coffee-table-multicolour-0b7eb48c5b375095a144e7c0f01a50f1.jpg","contentUrl":"https:\/\/hubsch-interior.com\/wp-content\/uploads\/2026\/02\/motif-coffee-table-multicolour-0b7eb48c5b375095a144e7c0f01a50f1.jpg","width":1024,"height":1024},{"@type":"BreadcrumbList","@id":"https:\/\/hubsch-interior.com\/fr\/produit\/motif-table-basse-multicolore\/#breadcrumb","itemListElement":[{"@type":"ListItem","position":1,"name":"Page d'accueil","item":"https:\/\/hubsch-interior.com\/fr\/"},{"@type":"ListItem","position":2,"name":"Produits","item":"https:\/\/hubsch-interior.com\/fr\/shop-2\/"},{"@type":"ListItem","position":3,"name":"Motif Table basse \u00a0Multicolor\u00e9"}]},{"@type":"WebSite","@id":"https:\/\/hubsch-interior.com\/fr\/#website","url":"https:\/\/hubsch-interior.com\/fr\/","name":"H\u00fcbsch","description":"Danish Home Interior and Design","publisher":{"@id":"https:\/\/hubsch-interior.com\/fr\/#organization"},"potentialAction":[{"@type":"SearchAction","target":{"@type":"EntryPoint","urlTemplate":"https:\/\/hubsch-interior.com\/fr\/?s={search_term_string}"},"query-input":{"@type":"PropertyValueSpecification","valueRequired":true,"valueName":"search_term_string"}}],"inLanguage":"fr-FR"},{"@type":"Organization","@id":"https:\/\/hubsch-interior.com\/fr\/#organization","name":"H\u00fcbsch","url":"https:\/\/hubsch-interior.com\/fr\/","logo":{"@type":"ImageObject","inLanguage":"fr-FR","@id":"https:\/\/hubsch-interior.com\/fr\/#\/schema\/logo\/image\/","url":"https:\/\/hubsch-interior.com\/wp-content\/uploads\/2022\/12\/Hubsch_logo_black_one_line.svg","contentUrl":"https:\/\/hubsch-interior.com\/wp-content\/uploads\/2022\/12\/Hubsch_logo_black_one_line.svg","caption":"H\u00fcbsch"},"image":{"@id":"https:\/\/hubsch-interior.com\/fr\/#\/schema\/logo\/image\/"}}]}},"_links":{"self":[{"href":"https:\/\/hubsch-interior.com\/fr\/wp-json\/wp\/v2\/product\/1088308","targetHints":{"allow":["GET"]}}],"collection":[{"href":"https:\/\/hubsch-interior.com\/fr\/wp-json\/wp\/v2\/product"}],"about":[{"href":"https:\/\/hubsch-interior.com\/fr\/wp-json\/wp\/v2\/types\/product"}],"wp:featuredmedia":[{"embeddable":true,"href":"https:\/\/hubsch-interior.com\/fr\/wp-json\/wp\/v2\/media\/1105508"}],"wp:attachment":[{"href":"https:\/\/hubsch-interior.com\/fr\/wp-json\/wp\/v2\/media?parent=1088308"}],"wp:term":[{"taxonomy":"product_brand","embeddable":true,"href":"https:\/\/hubsch-interior.com\/fr\/wp-json\/wp\/v2\/product_brand?post=1088308"},{"taxonomy":"product_cat","embeddable":true,"href":"https:\/\/hubsch-interior.com\/fr\/wp-json\/wp\/v2\/product_cat?post=1088308"},{"taxonomy":"product_tag","embeddable":true,"href":"https:\/\/hubsch-interior.com\/fr\/wp-json\/wp\/v2\/product_tag?post=1088308"}],"curies":[{"name":"wp","href":"https:\/\/api.w.org\/{rel}","templated":true}]}}