{"id":1088332,"date":"2026-01-31T04:40:34","date_gmt":"2026-01-31T03:40:34","guid":{"rendered":"https:\/\/hubsch-interior.com\/product\/product\/"},"modified":"2026-04-05T05:01:38","modified_gmt":"2026-04-05T03:01:38","slug":"skak-table-a-manger-naturel","status":"publish","type":"product","link":"https:\/\/hubsch-interior.com\/fr\/produit\/skak-table-a-manger-naturel\/","title":{"rendered":"Skak Table \u00e0 manger Naturel"},"content":{"rendered":"<p>Forme classique, esprit ludique. La Table \u00e0 Manger Skak s&#8217;inspire de la simplicit\u00e9 Shaker et y ajoute une touche originale \u2014 un motif de placage audacieux inspir\u00e9 par la g\u00e9om\u00e9trie d&#8217;un \u00e9chiquier. Fabriqu\u00e9e en bois certifi\u00e9 FSC avec une finition naturelle, elle offre un espace g\u00e9n\u00e9reux pour les repas en famille, les rassemblements festifs ou les moments de tranquillit\u00e9 partag\u00e9s. Ses lignes \u00e9pur\u00e9es et ses d\u00e9tails inattendus en font bien plus qu&#8217;une simple table \u2014 elle devient un lieu o\u00f9 se d\u00e9roulent les histoires. Un centre de table frappant, con\u00e7u pour rassembler les gens, encore et encore.<\/p>\n","protected":false},"excerpt":{"rendered":"<p>Forme classique, esprit ludique. La Table \u00e0 Manger Skak s&#8217;inspire de la simplicit\u00e9 Shaker et y ajoute une touche originale \u2014 un motif de placage audacieux inspir\u00e9 par la g\u00e9om\u00e9trie d&#8217;un \u00e9chiquier. Fabriqu\u00e9e en bois certifi\u00e9 FSC avec une finition naturelle, elle offre un espace g\u00e9n\u00e9reux pour les repas en famille, les rassemblements festifs ou [&hellip;]<\/p>\n","protected":false},"featured_media":1105524,"template":"","meta":{"_acf_changed":false,"inline_featured_image":false},"product_brand":[],"product_cat":[7154,6322,2859,4215,5046],"product_tag":[],"class_list":{"0":"post-1088332","1":"product","2":"type-product","3":"status-publish","4":"has-post-thumbnail","6":"product_cat-dweller-fr","7":"product_cat-fsc-fr","8":"product_cat-tables-fr","9":"product_cat-tables-a-manger-fr","10":"product_cat-nouveautes-fr","11":"product_shipping_class-p10","13":"pa_color-naturel-2","14":"pa_material-mdf-fr","15":"pa_material-bois-de-chne-2","16":"pa_material-placage-de-chne-2","18":"first","19":"instock","20":"taxable","21":"shipping-taxable","22":"purchasable","23":"product-type-simple"},"exclude_global_add_ons":[],"addons":[],"acf":[],"yoast_head":"<!-- This site is optimized with the Yoast SEO plugin v26.4 - https:\/\/yoast.com\/wordpress\/plugins\/seo\/ -->\n<title>Skak Table \u00e0 manger Naturel - H\u00fcbsch<\/title>\n<meta name=\"description\" content=\"Forme classique, esprit ludique. La Table \u00e0 Manger Skak s&#039;inspire de la simplicit\u00e9 Shaker et y ajoute une touche originale \u2014 un motif de placage audacieux\" \/>\n<meta name=\"robots\" content=\"index, follow, max-snippet:-1, max-image-preview:large, max-video-preview:-1\" \/>\n<link rel=\"canonical\" href=\"https:\/\/hubsch-interior.com\/fr\/wp-json\/wp\/v2\/product\/1088332\" \/>\n<meta property=\"og:locale\" content=\"fr_FR\" \/>\n<meta property=\"og:type\" content=\"article\" \/>\n<meta property=\"og:title\" content=\"Skak Table \u00e0 manger Naturel - H\u00fcbsch\" \/>\n<meta property=\"og:description\" content=\"Forme classique, esprit ludique. La Table \u00e0 Manger Skak s&#039;inspire de la simplicit\u00e9 Shaker et y ajoute une touche originale \u2014 un motif de placage audacieux\" \/>\n<meta property=\"og:url\" content=\"https:\/\/hubsch-interior.com\/fr\/produit\/skak-table-a-manger-naturel\/\" \/>\n<meta property=\"og:site_name\" content=\"H\u00fcbsch\" \/>\n<meta property=\"article:modified_time\" content=\"2026-04-05T03:01:38+00:00\" \/>\n<meta property=\"og:image\" content=\"https:\/\/hubsch-interior.com\/wp-content\/uploads\/2026\/01\/skak-dining-table-natural-d1f03257d371c4a22cbbef4be5d36ef2.jpg\" \/>\n\t<meta property=\"og:image:width\" content=\"1200\" \/>\n\t<meta property=\"og:image:height\" content=\"1200\" \/>\n\t<meta property=\"og:image:type\" content=\"image\/jpeg\" \/>\n<meta name=\"twitter:card\" content=\"summary_large_image\" \/>\n<meta name=\"twitter:label1\" content=\"Dur\u00e9e de lecture estim\u00e9e\" \/>\n\t<meta name=\"twitter:data1\" content=\"1 minute\" \/>\n<script type=\"application\/ld+json\" class=\"yoast-schema-graph\">{\"@context\":\"https:\/\/schema.org\",\"@graph\":[{\"@type\":\"WebPage\",\"@id\":\"https:\/\/hubsch-interior.com\/fr\/produit\/skak-table-a-manger-naturel\/\",\"url\":\"https:\/\/hubsch-interior.com\/fr\/produit\/skak-table-a-manger-naturel\/\",\"name\":\"Skak Table \u00e0 manger Naturel - H\u00fcbsch\",\"isPartOf\":{\"@id\":\"https:\/\/hubsch-interior.com\/fr\/#website\"},\"primaryImageOfPage\":{\"@id\":\"https:\/\/hubsch-interior.com\/fr\/produit\/skak-table-a-manger-naturel\/#primaryimage\"},\"image\":{\"@id\":\"https:\/\/hubsch-interior.com\/fr\/produit\/skak-table-a-manger-naturel\/#primaryimage\"},\"thumbnailUrl\":\"https:\/\/hubsch-interior.com\/wp-content\/uploads\/2026\/02\/skak-dining-table-natural-cfcdb4fcd2c682067665ec3a72e995d1.jpg\",\"datePublished\":\"2026-01-31T03:40:34+00:00\",\"dateModified\":\"2026-04-05T03:01:38+00:00\",\"description\":\"Forme classique, esprit ludique. La Table \u00e0 Manger Skak s'inspire de la simplicit\u00e9 Shaker et y ajoute une touche originale \u2014 un motif de placage audacieux\",\"breadcrumb\":{\"@id\":\"https:\/\/hubsch-interior.com\/fr\/produit\/skak-table-a-manger-naturel\/#breadcrumb\"},\"inLanguage\":\"fr-FR\",\"potentialAction\":[{\"@type\":\"ReadAction\",\"target\":[\"https:\/\/hubsch-interior.com\/fr\/produit\/skak-table-a-manger-naturel\/\"]}]},{\"@type\":\"ImageObject\",\"inLanguage\":\"fr-FR\",\"@id\":\"https:\/\/hubsch-interior.com\/fr\/produit\/skak-table-a-manger-naturel\/#primaryimage\",\"url\":\"https:\/\/hubsch-interior.com\/wp-content\/uploads\/2026\/02\/skak-dining-table-natural-cfcdb4fcd2c682067665ec3a72e995d1.jpg\",\"contentUrl\":\"https:\/\/hubsch-interior.com\/wp-content\/uploads\/2026\/02\/skak-dining-table-natural-cfcdb4fcd2c682067665ec3a72e995d1.jpg\",\"width\":1024,\"height\":1024},{\"@type\":\"BreadcrumbList\",\"@id\":\"https:\/\/hubsch-interior.com\/fr\/produit\/skak-table-a-manger-naturel\/#breadcrumb\",\"itemListElement\":[{\"@type\":\"ListItem\",\"position\":1,\"name\":\"Page d'accueil\",\"item\":\"https:\/\/hubsch-interior.com\/fr\/\"},{\"@type\":\"ListItem\",\"position\":2,\"name\":\"Produits\",\"item\":\"https:\/\/hubsch-interior.com\/fr\/shop-2\/\"},{\"@type\":\"ListItem\",\"position\":3,\"name\":\"Skak Table \u00e0 manger Naturel\"}]},{\"@type\":\"WebSite\",\"@id\":\"https:\/\/hubsch-interior.com\/fr\/#website\",\"url\":\"https:\/\/hubsch-interior.com\/fr\/\",\"name\":\"H\u00fcbsch\",\"description\":\"Danish Home Interior and Design\",\"publisher\":{\"@id\":\"https:\/\/hubsch-interior.com\/fr\/#organization\"},\"potentialAction\":[{\"@type\":\"SearchAction\",\"target\":{\"@type\":\"EntryPoint\",\"urlTemplate\":\"https:\/\/hubsch-interior.com\/fr\/?s={search_term_string}\"},\"query-input\":{\"@type\":\"PropertyValueSpecification\",\"valueRequired\":true,\"valueName\":\"search_term_string\"}}],\"inLanguage\":\"fr-FR\"},{\"@type\":\"Organization\",\"@id\":\"https:\/\/hubsch-interior.com\/fr\/#organization\",\"name\":\"H\u00fcbsch\",\"url\":\"https:\/\/hubsch-interior.com\/fr\/\",\"logo\":{\"@type\":\"ImageObject\",\"inLanguage\":\"fr-FR\",\"@id\":\"https:\/\/hubsch-interior.com\/fr\/#\/schema\/logo\/image\/\",\"url\":\"https:\/\/hubsch-interior.com\/wp-content\/uploads\/2022\/12\/Hubsch_logo_black_one_line.svg\",\"contentUrl\":\"https:\/\/hubsch-interior.com\/wp-content\/uploads\/2022\/12\/Hubsch_logo_black_one_line.svg\",\"caption\":\"H\u00fcbsch\"},\"image\":{\"@id\":\"https:\/\/hubsch-interior.com\/fr\/#\/schema\/logo\/image\/\"}}]}<\/script>\n<!-- \/ Yoast SEO plugin. -->","yoast_head_json":{"title":"Skak Table \u00e0 manger Naturel - H\u00fcbsch","description":"Forme classique, esprit ludique. La Table \u00e0 Manger Skak s'inspire de la simplicit\u00e9 Shaker et y ajoute une touche originale \u2014 un motif de placage audacieux","robots":{"index":"index","follow":"follow","max-snippet":"max-snippet:-1","max-image-preview":"max-image-preview:large","max-video-preview":"max-video-preview:-1"},"canonical":"https:\/\/hubsch-interior.com\/fr\/wp-json\/wp\/v2\/product\/1088332","og_locale":"fr_FR","og_type":"article","og_title":"Skak Table \u00e0 manger Naturel - H\u00fcbsch","og_description":"Forme classique, esprit ludique. La Table \u00e0 Manger Skak s'inspire de la simplicit\u00e9 Shaker et y ajoute une touche originale \u2014 un motif de placage audacieux","og_url":"https:\/\/hubsch-interior.com\/fr\/produit\/skak-table-a-manger-naturel\/","og_site_name":"H\u00fcbsch","article_modified_time":"2026-04-05T03:01:38+00:00","og_image":[{"width":1200,"height":1200,"url":"https:\/\/hubsch-interior.com\/wp-content\/uploads\/2026\/01\/skak-dining-table-natural-d1f03257d371c4a22cbbef4be5d36ef2.jpg","type":"image\/jpeg"}],"twitter_card":"summary_large_image","twitter_misc":{"Dur\u00e9e de lecture estim\u00e9e":"1 minute"},"schema":{"@context":"https:\/\/schema.org","@graph":[{"@type":"WebPage","@id":"https:\/\/hubsch-interior.com\/fr\/produit\/skak-table-a-manger-naturel\/","url":"https:\/\/hubsch-interior.com\/fr\/produit\/skak-table-a-manger-naturel\/","name":"Skak Table \u00e0 manger Naturel - H\u00fcbsch","isPartOf":{"@id":"https:\/\/hubsch-interior.com\/fr\/#website"},"primaryImageOfPage":{"@id":"https:\/\/hubsch-interior.com\/fr\/produit\/skak-table-a-manger-naturel\/#primaryimage"},"image":{"@id":"https:\/\/hubsch-interior.com\/fr\/produit\/skak-table-a-manger-naturel\/#primaryimage"},"thumbnailUrl":"https:\/\/hubsch-interior.com\/wp-content\/uploads\/2026\/02\/skak-dining-table-natural-cfcdb4fcd2c682067665ec3a72e995d1.jpg","datePublished":"2026-01-31T03:40:34+00:00","dateModified":"2026-04-05T03:01:38+00:00","description":"Forme classique, esprit ludique. La Table \u00e0 Manger Skak s'inspire de la simplicit\u00e9 Shaker et y ajoute une touche originale \u2014 un motif de placage audacieux","breadcrumb":{"@id":"https:\/\/hubsch-interior.com\/fr\/produit\/skak-table-a-manger-naturel\/#breadcrumb"},"inLanguage":"fr-FR","potentialAction":[{"@type":"ReadAction","target":["https:\/\/hubsch-interior.com\/fr\/produit\/skak-table-a-manger-naturel\/"]}]},{"@type":"ImageObject","inLanguage":"fr-FR","@id":"https:\/\/hubsch-interior.com\/fr\/produit\/skak-table-a-manger-naturel\/#primaryimage","url":"https:\/\/hubsch-interior.com\/wp-content\/uploads\/2026\/02\/skak-dining-table-natural-cfcdb4fcd2c682067665ec3a72e995d1.jpg","contentUrl":"https:\/\/hubsch-interior.com\/wp-content\/uploads\/2026\/02\/skak-dining-table-natural-cfcdb4fcd2c682067665ec3a72e995d1.jpg","width":1024,"height":1024},{"@type":"BreadcrumbList","@id":"https:\/\/hubsch-interior.com\/fr\/produit\/skak-table-a-manger-naturel\/#breadcrumb","itemListElement":[{"@type":"ListItem","position":1,"name":"Page d'accueil","item":"https:\/\/hubsch-interior.com\/fr\/"},{"@type":"ListItem","position":2,"name":"Produits","item":"https:\/\/hubsch-interior.com\/fr\/shop-2\/"},{"@type":"ListItem","position":3,"name":"Skak Table \u00e0 manger Naturel"}]},{"@type":"WebSite","@id":"https:\/\/hubsch-interior.com\/fr\/#website","url":"https:\/\/hubsch-interior.com\/fr\/","name":"H\u00fcbsch","description":"Danish Home Interior and Design","publisher":{"@id":"https:\/\/hubsch-interior.com\/fr\/#organization"},"potentialAction":[{"@type":"SearchAction","target":{"@type":"EntryPoint","urlTemplate":"https:\/\/hubsch-interior.com\/fr\/?s={search_term_string}"},"query-input":{"@type":"PropertyValueSpecification","valueRequired":true,"valueName":"search_term_string"}}],"inLanguage":"fr-FR"},{"@type":"Organization","@id":"https:\/\/hubsch-interior.com\/fr\/#organization","name":"H\u00fcbsch","url":"https:\/\/hubsch-interior.com\/fr\/","logo":{"@type":"ImageObject","inLanguage":"fr-FR","@id":"https:\/\/hubsch-interior.com\/fr\/#\/schema\/logo\/image\/","url":"https:\/\/hubsch-interior.com\/wp-content\/uploads\/2022\/12\/Hubsch_logo_black_one_line.svg","contentUrl":"https:\/\/hubsch-interior.com\/wp-content\/uploads\/2022\/12\/Hubsch_logo_black_one_line.svg","caption":"H\u00fcbsch"},"image":{"@id":"https:\/\/hubsch-interior.com\/fr\/#\/schema\/logo\/image\/"}}]}},"_links":{"self":[{"href":"https:\/\/hubsch-interior.com\/fr\/wp-json\/wp\/v2\/product\/1088332","targetHints":{"allow":["GET"]}}],"collection":[{"href":"https:\/\/hubsch-interior.com\/fr\/wp-json\/wp\/v2\/product"}],"about":[{"href":"https:\/\/hubsch-interior.com\/fr\/wp-json\/wp\/v2\/types\/product"}],"wp:featuredmedia":[{"embeddable":true,"href":"https:\/\/hubsch-interior.com\/fr\/wp-json\/wp\/v2\/media\/1105524"}],"wp:attachment":[{"href":"https:\/\/hubsch-interior.com\/fr\/wp-json\/wp\/v2\/media?parent=1088332"}],"wp:term":[{"taxonomy":"product_brand","embeddable":true,"href":"https:\/\/hubsch-interior.com\/fr\/wp-json\/wp\/v2\/product_brand?post=1088332"},{"taxonomy":"product_cat","embeddable":true,"href":"https:\/\/hubsch-interior.com\/fr\/wp-json\/wp\/v2\/product_cat?post=1088332"},{"taxonomy":"product_tag","embeddable":true,"href":"https:\/\/hubsch-interior.com\/fr\/wp-json\/wp\/v2\/product_tag?post=1088332"}],"curies":[{"name":"wp","href":"https:\/\/api.w.org\/{rel}","templated":true}]}}