{"id":1088388,"date":"2026-01-31T04:41:02","date_gmt":"2026-01-31T03:41:02","guid":{"rendered":"https:\/\/hubsch-interior.com\/product\/product\/"},"modified":"2026-04-05T05:01:49","modified_gmt":"2026-04-05T03:01:49","slug":"less-plateau-naturel","status":"publish","type":"product","link":"https:\/\/hubsch-interior.com\/fr\/produit\/less-plateau-naturel\/","title":{"rendered":"Less Plateau Naturel"},"content":{"rendered":"<p>Simplicit\u00e9, fa\u00e7onn\u00e9e avec intention. Le Plateau Less incarne la beaut\u00e9 tranquille du design japonais, avec ses coins doucement arrondis et sa teinte naturelle apaisante qui apporte un ordre doux \u00e0 votre journ\u00e9e. Fabriqu\u00e9 \u00e0 partir de bois certifi\u00e9 FSC, il est aussi r\u00e9fl\u00e9chi dans son utilit\u00e9 que dans sa forme \u2014 id\u00e9al pour servir du caf\u00e9, rassembler les essentiels, ou simplement rehausser le quotidien. Disponible en deux variantes harmonieuses, chacune apporte \u00e9quilibre et gr\u00e2ce \u00e0 votre environnement. Un compagnon discret pour les rituels, les routines et les moments qui comptent.<\/p>\n","protected":false},"excerpt":{"rendered":"<p>Simplicit\u00e9, fa\u00e7onn\u00e9e avec intention. Le Plateau Less incarne la beaut\u00e9 tranquille du design japonais, avec ses coins doucement arrondis et sa teinte naturelle apaisante qui apporte un ordre doux \u00e0 votre journ\u00e9e. Fabriqu\u00e9 \u00e0 partir de bois certifi\u00e9 FSC, il est aussi r\u00e9fl\u00e9chi dans son utilit\u00e9 que dans sa forme \u2014 id\u00e9al pour servir du [&hellip;]<\/p>\n","protected":false},"featured_media":1105564,"template":"","meta":{"_acf_changed":false,"inline_featured_image":false},"product_brand":[],"product_cat":[7154,7039,6971,7027,6322,4053,4054,5026,5046,6535],"product_tag":[],"class_list":{"0":"post-1088388","1":"product","2":"type-product","3":"status-publish","4":"has-post-thumbnail","6":"product_cat-dweller-fr","7":"product_cat-cuisine-plateaux-fr","8":"product_cat-paques","9":"product_cat-vaisselle-fr-2","10":"product_cat-fsc-fr","11":"product_cat-accessoires-de-cuisine-fr","12":"product_cat-plateaux-fr","13":"product_cat-bestsellers-fr","14":"product_cat-nouveautes-fr","15":"product_cat-outlet-fr","16":"product_shipping_class-pk","18":"pa_color-naturel-2","19":"pa_material-mdf-fr","20":"pa_material-bois-de-chne-2","21":"pa_material-placage-de-chne-2","23":"first","24":"instock","25":"sale","26":"featured","27":"taxable","28":"shipping-taxable","29":"purchasable","30":"product-type-simple"},"exclude_global_add_ons":[],"addons":[],"acf":[],"yoast_head":"<!-- This site is optimized with the Yoast SEO plugin v26.4 - https:\/\/yoast.com\/wordpress\/plugins\/seo\/ -->\n<title>Less Plateau Naturel - H\u00fcbsch<\/title>\n<meta name=\"description\" content=\"Simplicit\u00e9, fa\u00e7onn\u00e9e avec intention. Le Plateau Less incarne la beaut\u00e9 tranquille du design japonais, avec ses coins doucement arrondis et sa teinte\" \/>\n<meta name=\"robots\" content=\"index, follow, max-snippet:-1, max-image-preview:large, max-video-preview:-1\" \/>\n<link rel=\"canonical\" href=\"https:\/\/hubsch-interior.com\/fr\/wp-json\/wp\/v2\/product\/1088388\" \/>\n<meta property=\"og:locale\" content=\"fr_FR\" \/>\n<meta property=\"og:type\" content=\"article\" \/>\n<meta property=\"og:title\" content=\"Less Plateau Naturel - H\u00fcbsch\" \/>\n<meta property=\"og:description\" content=\"Simplicit\u00e9, fa\u00e7onn\u00e9e avec intention. Le Plateau Less incarne la beaut\u00e9 tranquille du design japonais, avec ses coins doucement arrondis et sa teinte\" \/>\n<meta property=\"og:url\" content=\"https:\/\/hubsch-interior.com\/fr\/produit\/less-plateau-naturel\/\" \/>\n<meta property=\"og:site_name\" content=\"H\u00fcbsch\" \/>\n<meta property=\"article:modified_time\" content=\"2026-04-05T03:01:49+00:00\" \/>\n<meta property=\"og:image\" content=\"https:\/\/hubsch-interior.com\/wp-content\/uploads\/2026\/01\/less-tray-natural-22a295ec22d20f561bf608b6eaabfc74.jpg\" \/>\n\t<meta property=\"og:image:width\" content=\"1200\" \/>\n\t<meta property=\"og:image:height\" content=\"1200\" \/>\n\t<meta property=\"og:image:type\" content=\"image\/jpeg\" \/>\n<meta name=\"twitter:card\" content=\"summary_large_image\" \/>\n<script type=\"application\/ld+json\" class=\"yoast-schema-graph\">{\"@context\":\"https:\/\/schema.org\",\"@graph\":[{\"@type\":\"WebPage\",\"@id\":\"https:\/\/hubsch-interior.com\/fr\/produit\/less-plateau-naturel\/\",\"url\":\"https:\/\/hubsch-interior.com\/fr\/produit\/less-plateau-naturel\/\",\"name\":\"Less Plateau Naturel - H\u00fcbsch\",\"isPartOf\":{\"@id\":\"https:\/\/hubsch-interior.com\/fr\/#website\"},\"primaryImageOfPage\":{\"@id\":\"https:\/\/hubsch-interior.com\/fr\/produit\/less-plateau-naturel\/#primaryimage\"},\"image\":{\"@id\":\"https:\/\/hubsch-interior.com\/fr\/produit\/less-plateau-naturel\/#primaryimage\"},\"thumbnailUrl\":\"https:\/\/hubsch-interior.com\/wp-content\/uploads\/2026\/02\/less-tray-natural-e75a24a75f568be070dfa8074cd03519.jpg\",\"datePublished\":\"2026-01-31T03:41:02+00:00\",\"dateModified\":\"2026-04-05T03:01:49+00:00\",\"description\":\"Simplicit\u00e9, fa\u00e7onn\u00e9e avec intention. Le Plateau Less incarne la beaut\u00e9 tranquille du design japonais, avec ses coins doucement arrondis et sa teinte\",\"breadcrumb\":{\"@id\":\"https:\/\/hubsch-interior.com\/fr\/produit\/less-plateau-naturel\/#breadcrumb\"},\"inLanguage\":\"fr-FR\",\"potentialAction\":[{\"@type\":\"ReadAction\",\"target\":[\"https:\/\/hubsch-interior.com\/fr\/produit\/less-plateau-naturel\/\"]}]},{\"@type\":\"ImageObject\",\"inLanguage\":\"fr-FR\",\"@id\":\"https:\/\/hubsch-interior.com\/fr\/produit\/less-plateau-naturel\/#primaryimage\",\"url\":\"https:\/\/hubsch-interior.com\/wp-content\/uploads\/2026\/02\/less-tray-natural-e75a24a75f568be070dfa8074cd03519.jpg\",\"contentUrl\":\"https:\/\/hubsch-interior.com\/wp-content\/uploads\/2026\/02\/less-tray-natural-e75a24a75f568be070dfa8074cd03519.jpg\",\"width\":1024,\"height\":1024},{\"@type\":\"BreadcrumbList\",\"@id\":\"https:\/\/hubsch-interior.com\/fr\/produit\/less-plateau-naturel\/#breadcrumb\",\"itemListElement\":[{\"@type\":\"ListItem\",\"position\":1,\"name\":\"Page d'accueil\",\"item\":\"https:\/\/hubsch-interior.com\/fr\/\"},{\"@type\":\"ListItem\",\"position\":2,\"name\":\"Produits\",\"item\":\"https:\/\/hubsch-interior.com\/fr\/shop-2\/\"},{\"@type\":\"ListItem\",\"position\":3,\"name\":\"Cuisine\",\"item\":\"https:\/\/hubsch-interior.com\/fr\/categorie-produit\/cuisine\/\"},{\"@type\":\"ListItem\",\"position\":4,\"name\":\"Vaisselle\",\"item\":\"https:\/\/hubsch-interior.com\/fr\/categorie-produit\/cuisine\/vaisselle-fr-2\/\"},{\"@type\":\"ListItem\",\"position\":5,\"name\":\"Plateaux\",\"item\":\"https:\/\/hubsch-interior.com\/fr\/categorie-produit\/cuisine\/vaisselle-fr-2\/cuisine-plateaux-fr\/\"},{\"@type\":\"ListItem\",\"position\":6,\"name\":\"Less Plateau Naturel\"}]},{\"@type\":\"WebSite\",\"@id\":\"https:\/\/hubsch-interior.com\/fr\/#website\",\"url\":\"https:\/\/hubsch-interior.com\/fr\/\",\"name\":\"H\u00fcbsch\",\"description\":\"Danish Home Interior and Design\",\"publisher\":{\"@id\":\"https:\/\/hubsch-interior.com\/fr\/#organization\"},\"potentialAction\":[{\"@type\":\"SearchAction\",\"target\":{\"@type\":\"EntryPoint\",\"urlTemplate\":\"https:\/\/hubsch-interior.com\/fr\/?s={search_term_string}\"},\"query-input\":{\"@type\":\"PropertyValueSpecification\",\"valueRequired\":true,\"valueName\":\"search_term_string\"}}],\"inLanguage\":\"fr-FR\"},{\"@type\":\"Organization\",\"@id\":\"https:\/\/hubsch-interior.com\/fr\/#organization\",\"name\":\"H\u00fcbsch\",\"url\":\"https:\/\/hubsch-interior.com\/fr\/\",\"logo\":{\"@type\":\"ImageObject\",\"inLanguage\":\"fr-FR\",\"@id\":\"https:\/\/hubsch-interior.com\/fr\/#\/schema\/logo\/image\/\",\"url\":\"https:\/\/hubsch-interior.com\/wp-content\/uploads\/2022\/12\/Hubsch_logo_black_one_line.svg\",\"contentUrl\":\"https:\/\/hubsch-interior.com\/wp-content\/uploads\/2022\/12\/Hubsch_logo_black_one_line.svg\",\"caption\":\"H\u00fcbsch\"},\"image\":{\"@id\":\"https:\/\/hubsch-interior.com\/fr\/#\/schema\/logo\/image\/\"}}]}<\/script>\n<!-- \/ Yoast SEO plugin. -->","yoast_head_json":{"title":"Less Plateau Naturel - H\u00fcbsch","description":"Simplicit\u00e9, fa\u00e7onn\u00e9e avec intention. Le Plateau Less incarne la beaut\u00e9 tranquille du design japonais, avec ses coins doucement arrondis et sa teinte","robots":{"index":"index","follow":"follow","max-snippet":"max-snippet:-1","max-image-preview":"max-image-preview:large","max-video-preview":"max-video-preview:-1"},"canonical":"https:\/\/hubsch-interior.com\/fr\/wp-json\/wp\/v2\/product\/1088388","og_locale":"fr_FR","og_type":"article","og_title":"Less Plateau Naturel - H\u00fcbsch","og_description":"Simplicit\u00e9, fa\u00e7onn\u00e9e avec intention. Le Plateau Less incarne la beaut\u00e9 tranquille du design japonais, avec ses coins doucement arrondis et sa teinte","og_url":"https:\/\/hubsch-interior.com\/fr\/produit\/less-plateau-naturel\/","og_site_name":"H\u00fcbsch","article_modified_time":"2026-04-05T03:01:49+00:00","og_image":[{"width":1200,"height":1200,"url":"https:\/\/hubsch-interior.com\/wp-content\/uploads\/2026\/01\/less-tray-natural-22a295ec22d20f561bf608b6eaabfc74.jpg","type":"image\/jpeg"}],"twitter_card":"summary_large_image","schema":{"@context":"https:\/\/schema.org","@graph":[{"@type":"WebPage","@id":"https:\/\/hubsch-interior.com\/fr\/produit\/less-plateau-naturel\/","url":"https:\/\/hubsch-interior.com\/fr\/produit\/less-plateau-naturel\/","name":"Less Plateau Naturel - H\u00fcbsch","isPartOf":{"@id":"https:\/\/hubsch-interior.com\/fr\/#website"},"primaryImageOfPage":{"@id":"https:\/\/hubsch-interior.com\/fr\/produit\/less-plateau-naturel\/#primaryimage"},"image":{"@id":"https:\/\/hubsch-interior.com\/fr\/produit\/less-plateau-naturel\/#primaryimage"},"thumbnailUrl":"https:\/\/hubsch-interior.com\/wp-content\/uploads\/2026\/02\/less-tray-natural-e75a24a75f568be070dfa8074cd03519.jpg","datePublished":"2026-01-31T03:41:02+00:00","dateModified":"2026-04-05T03:01:49+00:00","description":"Simplicit\u00e9, fa\u00e7onn\u00e9e avec intention. Le Plateau Less incarne la beaut\u00e9 tranquille du design japonais, avec ses coins doucement arrondis et sa teinte","breadcrumb":{"@id":"https:\/\/hubsch-interior.com\/fr\/produit\/less-plateau-naturel\/#breadcrumb"},"inLanguage":"fr-FR","potentialAction":[{"@type":"ReadAction","target":["https:\/\/hubsch-interior.com\/fr\/produit\/less-plateau-naturel\/"]}]},{"@type":"ImageObject","inLanguage":"fr-FR","@id":"https:\/\/hubsch-interior.com\/fr\/produit\/less-plateau-naturel\/#primaryimage","url":"https:\/\/hubsch-interior.com\/wp-content\/uploads\/2026\/02\/less-tray-natural-e75a24a75f568be070dfa8074cd03519.jpg","contentUrl":"https:\/\/hubsch-interior.com\/wp-content\/uploads\/2026\/02\/less-tray-natural-e75a24a75f568be070dfa8074cd03519.jpg","width":1024,"height":1024},{"@type":"BreadcrumbList","@id":"https:\/\/hubsch-interior.com\/fr\/produit\/less-plateau-naturel\/#breadcrumb","itemListElement":[{"@type":"ListItem","position":1,"name":"Page d'accueil","item":"https:\/\/hubsch-interior.com\/fr\/"},{"@type":"ListItem","position":2,"name":"Produits","item":"https:\/\/hubsch-interior.com\/fr\/shop-2\/"},{"@type":"ListItem","position":3,"name":"Cuisine","item":"https:\/\/hubsch-interior.com\/fr\/categorie-produit\/cuisine\/"},{"@type":"ListItem","position":4,"name":"Vaisselle","item":"https:\/\/hubsch-interior.com\/fr\/categorie-produit\/cuisine\/vaisselle-fr-2\/"},{"@type":"ListItem","position":5,"name":"Plateaux","item":"https:\/\/hubsch-interior.com\/fr\/categorie-produit\/cuisine\/vaisselle-fr-2\/cuisine-plateaux-fr\/"},{"@type":"ListItem","position":6,"name":"Less Plateau Naturel"}]},{"@type":"WebSite","@id":"https:\/\/hubsch-interior.com\/fr\/#website","url":"https:\/\/hubsch-interior.com\/fr\/","name":"H\u00fcbsch","description":"Danish Home Interior and Design","publisher":{"@id":"https:\/\/hubsch-interior.com\/fr\/#organization"},"potentialAction":[{"@type":"SearchAction","target":{"@type":"EntryPoint","urlTemplate":"https:\/\/hubsch-interior.com\/fr\/?s={search_term_string}"},"query-input":{"@type":"PropertyValueSpecification","valueRequired":true,"valueName":"search_term_string"}}],"inLanguage":"fr-FR"},{"@type":"Organization","@id":"https:\/\/hubsch-interior.com\/fr\/#organization","name":"H\u00fcbsch","url":"https:\/\/hubsch-interior.com\/fr\/","logo":{"@type":"ImageObject","inLanguage":"fr-FR","@id":"https:\/\/hubsch-interior.com\/fr\/#\/schema\/logo\/image\/","url":"https:\/\/hubsch-interior.com\/wp-content\/uploads\/2022\/12\/Hubsch_logo_black_one_line.svg","contentUrl":"https:\/\/hubsch-interior.com\/wp-content\/uploads\/2022\/12\/Hubsch_logo_black_one_line.svg","caption":"H\u00fcbsch"},"image":{"@id":"https:\/\/hubsch-interior.com\/fr\/#\/schema\/logo\/image\/"}}]}},"_links":{"self":[{"href":"https:\/\/hubsch-interior.com\/fr\/wp-json\/wp\/v2\/product\/1088388","targetHints":{"allow":["GET"]}}],"collection":[{"href":"https:\/\/hubsch-interior.com\/fr\/wp-json\/wp\/v2\/product"}],"about":[{"href":"https:\/\/hubsch-interior.com\/fr\/wp-json\/wp\/v2\/types\/product"}],"wp:featuredmedia":[{"embeddable":true,"href":"https:\/\/hubsch-interior.com\/fr\/wp-json\/wp\/v2\/media\/1105564"}],"wp:attachment":[{"href":"https:\/\/hubsch-interior.com\/fr\/wp-json\/wp\/v2\/media?parent=1088388"}],"wp:term":[{"taxonomy":"product_brand","embeddable":true,"href":"https:\/\/hubsch-interior.com\/fr\/wp-json\/wp\/v2\/product_brand?post=1088388"},{"taxonomy":"product_cat","embeddable":true,"href":"https:\/\/hubsch-interior.com\/fr\/wp-json\/wp\/v2\/product_cat?post=1088388"},{"taxonomy":"product_tag","embeddable":true,"href":"https:\/\/hubsch-interior.com\/fr\/wp-json\/wp\/v2\/product_tag?post=1088388"}],"curies":[{"name":"wp","href":"https:\/\/api.w.org\/{rel}","templated":true}]}}