{"id":1088428,"date":"2026-01-31T04:41:29","date_gmt":"2026-01-31T03:41:29","guid":{"rendered":"https:\/\/hubsch-interior.com\/product\/product\/"},"modified":"2026-04-05T05:02:00","modified_gmt":"2026-04-05T03:02:00","slug":"less-plateau-noir","status":"publish","type":"product","link":"https:\/\/hubsch-interior.com\/fr\/produit\/less-plateau-noir\/","title":{"rendered":"Less Plateau Noir"},"content":{"rendered":"<p>\u00c9pur\u00e9, discret et infiniment pratique. Le Less Plateau en brun chaleureux apporte une tranquillit\u00e9 apaisante \u00e0 votre espace, avec ses coins doucement arrondis et un design inspir\u00e9 du minimalisme japonais. Confectionn\u00e9 \u00e0 partir de bois certifi\u00e9 FSC, c&#8217;est un \u00e9l\u00e9ment polyvalent qui sert, range, ou se pose simplement \u2014 ajoutant une structure discr\u00e8te \u00e0 vos rituels quotidiens. Un accent fonctionnel qui parle doucement, mais avec une pr\u00e9sence durable.<\/p>\n","protected":false},"excerpt":{"rendered":"<p>\u00c9pur\u00e9, discret et infiniment pratique. Le Less Plateau en brun chaleureux apporte une tranquillit\u00e9 apaisante \u00e0 votre espace, avec ses coins doucement arrondis et un design inspir\u00e9 du minimalisme japonais. Confectionn\u00e9 \u00e0 partir de bois certifi\u00e9 FSC, c&#8217;est un \u00e9l\u00e9ment polyvalent qui sert, range, ou se pose simplement \u2014 ajoutant une structure discr\u00e8te \u00e0 vos [&hellip;]<\/p>\n","protected":false},"featured_media":1115777,"template":"","meta":{"_acf_changed":false,"inline_featured_image":false},"product_brand":[],"product_cat":[7154,7039,6971,7027,6322,4053,4054,5046,6535],"product_tag":[],"class_list":{"0":"post-1088428","1":"product","2":"type-product","3":"status-publish","4":"has-post-thumbnail","6":"product_cat-dweller-fr","7":"product_cat-cuisine-plateaux-fr","8":"product_cat-paques","9":"product_cat-vaisselle-fr-2","10":"product_cat-fsc-fr","11":"product_cat-accessoires-de-cuisine-fr","12":"product_cat-plateaux-fr","13":"product_cat-nouveautes-fr","14":"product_cat-outlet-fr","15":"product_shipping_class-pk","17":"pa_color-noir","18":"pa_material-mdf-fr","19":"pa_material-placage-de-frne","20":"pa_material-bois-de-frne","22":"first","23":"instock","24":"sale","25":"taxable","26":"shipping-taxable","27":"purchasable","28":"product-type-simple"},"exclude_global_add_ons":[],"addons":[],"acf":[],"yoast_head":"<!-- This site is optimized with the Yoast SEO plugin v26.4 - https:\/\/yoast.com\/wordpress\/plugins\/seo\/ -->\n<title>Less Plateau Noir - H\u00fcbsch<\/title>\n<meta name=\"description\" content=\"\u00c9pur\u00e9, discret et infiniment pratique. Le Less Plateau en brun chaleureux apporte une tranquillit\u00e9 apaisante \u00e0 votre espace, avec ses coins doucement\" \/>\n<meta name=\"robots\" content=\"index, follow, max-snippet:-1, max-image-preview:large, max-video-preview:-1\" \/>\n<link rel=\"canonical\" href=\"https:\/\/hubsch-interior.com\/fr\/wp-json\/wp\/v2\/product\/1088428\" \/>\n<meta property=\"og:locale\" content=\"fr_FR\" \/>\n<meta property=\"og:type\" content=\"article\" \/>\n<meta property=\"og:title\" content=\"Less Plateau Noir - H\u00fcbsch\" \/>\n<meta property=\"og:description\" content=\"\u00c9pur\u00e9, discret et infiniment pratique. Le Less Plateau en brun chaleureux apporte une tranquillit\u00e9 apaisante \u00e0 votre espace, avec ses coins doucement\" \/>\n<meta property=\"og:url\" content=\"https:\/\/hubsch-interior.com\/fr\/produit\/less-plateau-noir\/\" \/>\n<meta property=\"og:site_name\" content=\"H\u00fcbsch\" \/>\n<meta property=\"article:modified_time\" content=\"2026-04-05T03:02:00+00:00\" \/>\n<meta property=\"og:image\" content=\"https:\/\/hubsch-interior.com\/wp-content\/uploads\/2026\/01\/less-tray-black-b0c66b39b817bac5190d97c0be99aa24.jpg\" \/>\n\t<meta property=\"og:image:width\" content=\"1200\" \/>\n\t<meta property=\"og:image:height\" content=\"1200\" \/>\n\t<meta property=\"og:image:type\" content=\"image\/jpeg\" \/>\n<meta name=\"twitter:card\" content=\"summary_large_image\" \/>\n<script type=\"application\/ld+json\" class=\"yoast-schema-graph\">{\"@context\":\"https:\/\/schema.org\",\"@graph\":[{\"@type\":\"WebPage\",\"@id\":\"https:\/\/hubsch-interior.com\/fr\/produit\/less-plateau-noir\/\",\"url\":\"https:\/\/hubsch-interior.com\/fr\/produit\/less-plateau-noir\/\",\"name\":\"Less Plateau Noir - H\u00fcbsch\",\"isPartOf\":{\"@id\":\"https:\/\/hubsch-interior.com\/fr\/#website\"},\"primaryImageOfPage\":{\"@id\":\"https:\/\/hubsch-interior.com\/fr\/produit\/less-plateau-noir\/#primaryimage\"},\"image\":{\"@id\":\"https:\/\/hubsch-interior.com\/fr\/produit\/less-plateau-noir\/#primaryimage\"},\"thumbnailUrl\":\"https:\/\/hubsch-interior.com\/wp-content\/uploads\/2026\/03\/less-tray-black-8edcdec0c5198eb8f21a8430130b7af1.jpg\",\"datePublished\":\"2026-01-31T03:41:29+00:00\",\"dateModified\":\"2026-04-05T03:02:00+00:00\",\"description\":\"\u00c9pur\u00e9, discret et infiniment pratique. Le Less Plateau en brun chaleureux apporte une tranquillit\u00e9 apaisante \u00e0 votre espace, avec ses coins doucement\",\"breadcrumb\":{\"@id\":\"https:\/\/hubsch-interior.com\/fr\/produit\/less-plateau-noir\/#breadcrumb\"},\"inLanguage\":\"fr-FR\",\"potentialAction\":[{\"@type\":\"ReadAction\",\"target\":[\"https:\/\/hubsch-interior.com\/fr\/produit\/less-plateau-noir\/\"]}]},{\"@type\":\"ImageObject\",\"inLanguage\":\"fr-FR\",\"@id\":\"https:\/\/hubsch-interior.com\/fr\/produit\/less-plateau-noir\/#primaryimage\",\"url\":\"https:\/\/hubsch-interior.com\/wp-content\/uploads\/2026\/03\/less-tray-black-8edcdec0c5198eb8f21a8430130b7af1.jpg\",\"contentUrl\":\"https:\/\/hubsch-interior.com\/wp-content\/uploads\/2026\/03\/less-tray-black-8edcdec0c5198eb8f21a8430130b7af1.jpg\",\"width\":1024,\"height\":1024},{\"@type\":\"BreadcrumbList\",\"@id\":\"https:\/\/hubsch-interior.com\/fr\/produit\/less-plateau-noir\/#breadcrumb\",\"itemListElement\":[{\"@type\":\"ListItem\",\"position\":1,\"name\":\"Page d'accueil\",\"item\":\"https:\/\/hubsch-interior.com\/fr\/\"},{\"@type\":\"ListItem\",\"position\":2,\"name\":\"Produits\",\"item\":\"https:\/\/hubsch-interior.com\/fr\/shop-2\/\"},{\"@type\":\"ListItem\",\"position\":3,\"name\":\"Cuisine\",\"item\":\"https:\/\/hubsch-interior.com\/fr\/categorie-produit\/cuisine\/\"},{\"@type\":\"ListItem\",\"position\":4,\"name\":\"Vaisselle\",\"item\":\"https:\/\/hubsch-interior.com\/fr\/categorie-produit\/cuisine\/vaisselle-fr-2\/\"},{\"@type\":\"ListItem\",\"position\":5,\"name\":\"Plateaux\",\"item\":\"https:\/\/hubsch-interior.com\/fr\/categorie-produit\/cuisine\/vaisselle-fr-2\/cuisine-plateaux-fr\/\"},{\"@type\":\"ListItem\",\"position\":6,\"name\":\"Less Plateau Noir\"}]},{\"@type\":\"WebSite\",\"@id\":\"https:\/\/hubsch-interior.com\/fr\/#website\",\"url\":\"https:\/\/hubsch-interior.com\/fr\/\",\"name\":\"H\u00fcbsch\",\"description\":\"Danish Home Interior and Design\",\"publisher\":{\"@id\":\"https:\/\/hubsch-interior.com\/fr\/#organization\"},\"potentialAction\":[{\"@type\":\"SearchAction\",\"target\":{\"@type\":\"EntryPoint\",\"urlTemplate\":\"https:\/\/hubsch-interior.com\/fr\/?s={search_term_string}\"},\"query-input\":{\"@type\":\"PropertyValueSpecification\",\"valueRequired\":true,\"valueName\":\"search_term_string\"}}],\"inLanguage\":\"fr-FR\"},{\"@type\":\"Organization\",\"@id\":\"https:\/\/hubsch-interior.com\/fr\/#organization\",\"name\":\"H\u00fcbsch\",\"url\":\"https:\/\/hubsch-interior.com\/fr\/\",\"logo\":{\"@type\":\"ImageObject\",\"inLanguage\":\"fr-FR\",\"@id\":\"https:\/\/hubsch-interior.com\/fr\/#\/schema\/logo\/image\/\",\"url\":\"https:\/\/hubsch-interior.com\/wp-content\/uploads\/2022\/12\/Hubsch_logo_black_one_line.svg\",\"contentUrl\":\"https:\/\/hubsch-interior.com\/wp-content\/uploads\/2022\/12\/Hubsch_logo_black_one_line.svg\",\"caption\":\"H\u00fcbsch\"},\"image\":{\"@id\":\"https:\/\/hubsch-interior.com\/fr\/#\/schema\/logo\/image\/\"}}]}<\/script>\n<!-- \/ Yoast SEO plugin. -->","yoast_head_json":{"title":"Less Plateau Noir - H\u00fcbsch","description":"\u00c9pur\u00e9, discret et infiniment pratique. Le Less Plateau en brun chaleureux apporte une tranquillit\u00e9 apaisante \u00e0 votre espace, avec ses coins doucement","robots":{"index":"index","follow":"follow","max-snippet":"max-snippet:-1","max-image-preview":"max-image-preview:large","max-video-preview":"max-video-preview:-1"},"canonical":"https:\/\/hubsch-interior.com\/fr\/wp-json\/wp\/v2\/product\/1088428","og_locale":"fr_FR","og_type":"article","og_title":"Less Plateau Noir - H\u00fcbsch","og_description":"\u00c9pur\u00e9, discret et infiniment pratique. Le Less Plateau en brun chaleureux apporte une tranquillit\u00e9 apaisante \u00e0 votre espace, avec ses coins doucement","og_url":"https:\/\/hubsch-interior.com\/fr\/produit\/less-plateau-noir\/","og_site_name":"H\u00fcbsch","article_modified_time":"2026-04-05T03:02:00+00:00","og_image":[{"width":1200,"height":1200,"url":"https:\/\/hubsch-interior.com\/wp-content\/uploads\/2026\/01\/less-tray-black-b0c66b39b817bac5190d97c0be99aa24.jpg","type":"image\/jpeg"}],"twitter_card":"summary_large_image","schema":{"@context":"https:\/\/schema.org","@graph":[{"@type":"WebPage","@id":"https:\/\/hubsch-interior.com\/fr\/produit\/less-plateau-noir\/","url":"https:\/\/hubsch-interior.com\/fr\/produit\/less-plateau-noir\/","name":"Less Plateau Noir - H\u00fcbsch","isPartOf":{"@id":"https:\/\/hubsch-interior.com\/fr\/#website"},"primaryImageOfPage":{"@id":"https:\/\/hubsch-interior.com\/fr\/produit\/less-plateau-noir\/#primaryimage"},"image":{"@id":"https:\/\/hubsch-interior.com\/fr\/produit\/less-plateau-noir\/#primaryimage"},"thumbnailUrl":"https:\/\/hubsch-interior.com\/wp-content\/uploads\/2026\/03\/less-tray-black-8edcdec0c5198eb8f21a8430130b7af1.jpg","datePublished":"2026-01-31T03:41:29+00:00","dateModified":"2026-04-05T03:02:00+00:00","description":"\u00c9pur\u00e9, discret et infiniment pratique. Le Less Plateau en brun chaleureux apporte une tranquillit\u00e9 apaisante \u00e0 votre espace, avec ses coins doucement","breadcrumb":{"@id":"https:\/\/hubsch-interior.com\/fr\/produit\/less-plateau-noir\/#breadcrumb"},"inLanguage":"fr-FR","potentialAction":[{"@type":"ReadAction","target":["https:\/\/hubsch-interior.com\/fr\/produit\/less-plateau-noir\/"]}]},{"@type":"ImageObject","inLanguage":"fr-FR","@id":"https:\/\/hubsch-interior.com\/fr\/produit\/less-plateau-noir\/#primaryimage","url":"https:\/\/hubsch-interior.com\/wp-content\/uploads\/2026\/03\/less-tray-black-8edcdec0c5198eb8f21a8430130b7af1.jpg","contentUrl":"https:\/\/hubsch-interior.com\/wp-content\/uploads\/2026\/03\/less-tray-black-8edcdec0c5198eb8f21a8430130b7af1.jpg","width":1024,"height":1024},{"@type":"BreadcrumbList","@id":"https:\/\/hubsch-interior.com\/fr\/produit\/less-plateau-noir\/#breadcrumb","itemListElement":[{"@type":"ListItem","position":1,"name":"Page d'accueil","item":"https:\/\/hubsch-interior.com\/fr\/"},{"@type":"ListItem","position":2,"name":"Produits","item":"https:\/\/hubsch-interior.com\/fr\/shop-2\/"},{"@type":"ListItem","position":3,"name":"Cuisine","item":"https:\/\/hubsch-interior.com\/fr\/categorie-produit\/cuisine\/"},{"@type":"ListItem","position":4,"name":"Vaisselle","item":"https:\/\/hubsch-interior.com\/fr\/categorie-produit\/cuisine\/vaisselle-fr-2\/"},{"@type":"ListItem","position":5,"name":"Plateaux","item":"https:\/\/hubsch-interior.com\/fr\/categorie-produit\/cuisine\/vaisselle-fr-2\/cuisine-plateaux-fr\/"},{"@type":"ListItem","position":6,"name":"Less Plateau Noir"}]},{"@type":"WebSite","@id":"https:\/\/hubsch-interior.com\/fr\/#website","url":"https:\/\/hubsch-interior.com\/fr\/","name":"H\u00fcbsch","description":"Danish Home Interior and Design","publisher":{"@id":"https:\/\/hubsch-interior.com\/fr\/#organization"},"potentialAction":[{"@type":"SearchAction","target":{"@type":"EntryPoint","urlTemplate":"https:\/\/hubsch-interior.com\/fr\/?s={search_term_string}"},"query-input":{"@type":"PropertyValueSpecification","valueRequired":true,"valueName":"search_term_string"}}],"inLanguage":"fr-FR"},{"@type":"Organization","@id":"https:\/\/hubsch-interior.com\/fr\/#organization","name":"H\u00fcbsch","url":"https:\/\/hubsch-interior.com\/fr\/","logo":{"@type":"ImageObject","inLanguage":"fr-FR","@id":"https:\/\/hubsch-interior.com\/fr\/#\/schema\/logo\/image\/","url":"https:\/\/hubsch-interior.com\/wp-content\/uploads\/2022\/12\/Hubsch_logo_black_one_line.svg","contentUrl":"https:\/\/hubsch-interior.com\/wp-content\/uploads\/2022\/12\/Hubsch_logo_black_one_line.svg","caption":"H\u00fcbsch"},"image":{"@id":"https:\/\/hubsch-interior.com\/fr\/#\/schema\/logo\/image\/"}}]}},"_links":{"self":[{"href":"https:\/\/hubsch-interior.com\/fr\/wp-json\/wp\/v2\/product\/1088428","targetHints":{"allow":["GET"]}}],"collection":[{"href":"https:\/\/hubsch-interior.com\/fr\/wp-json\/wp\/v2\/product"}],"about":[{"href":"https:\/\/hubsch-interior.com\/fr\/wp-json\/wp\/v2\/types\/product"}],"wp:featuredmedia":[{"embeddable":true,"href":"https:\/\/hubsch-interior.com\/fr\/wp-json\/wp\/v2\/media\/1115777"}],"wp:attachment":[{"href":"https:\/\/hubsch-interior.com\/fr\/wp-json\/wp\/v2\/media?parent=1088428"}],"wp:term":[{"taxonomy":"product_brand","embeddable":true,"href":"https:\/\/hubsch-interior.com\/fr\/wp-json\/wp\/v2\/product_brand?post=1088428"},{"taxonomy":"product_cat","embeddable":true,"href":"https:\/\/hubsch-interior.com\/fr\/wp-json\/wp\/v2\/product_cat?post=1088428"},{"taxonomy":"product_tag","embeddable":true,"href":"https:\/\/hubsch-interior.com\/fr\/wp-json\/wp\/v2\/product_tag?post=1088428"}],"curies":[{"name":"wp","href":"https:\/\/api.w.org\/{rel}","templated":true}]}}