{"id":1088452,"date":"2026-01-31T04:59:59","date_gmt":"2026-01-31T03:59:59","guid":{"rendered":"https:\/\/hubsch-interior.com\/product\/product\/"},"modified":"2026-04-07T05:06:17","modified_gmt":"2026-04-07T03:06:17","slug":"book-lampe-de-table","status":"publish","type":"product","link":"https:\/\/hubsch-interior.com\/fr\/produit\/book-lampe-de-table\/","title":{"rendered":"Book Lampe de table"},"content":{"rendered":"<p>Une lumi\u00e8re d\u00e9guis\u00e9e en d\u00e9tail de design. La Lampe de Table Book en riche teinte p\u00e9trole apporte un charme astucieux \u00e0 vos \u00e9tag\u00e8res, se fondant parmi vos livres ou se d\u00e9marquant comme un accent sculptural. Avec sa lueur r\u00e9glable et sa capacit\u00e9 \u00e0 \u00eatre pos\u00e9e \u00e0 la verticale ou \u00e0 plat, elle s&#8217;adapte \u00e0 votre espace \u2014 et \u00e0 votre humeur \u2014 avec facilit\u00e9. Une lumi\u00e8re chaleureuse pour se d\u00e9tendre ou un rayon lumineux pour des moments de concentration, elle est aussi flexible qu&#8217;\u00e9l\u00e9gante. Une pi\u00e8ce brillamment discr\u00e8te qui apporte de la lumi\u00e8re exactement o\u00f9 (et comment) vous le souhaitez.<\/p>\n","protected":false},"excerpt":{"rendered":"<p>Une lumi\u00e8re d\u00e9guis\u00e9e en d\u00e9tail de design. La Lampe de Table Book en riche teinte p\u00e9trole apporte un charme astucieux \u00e0 vos \u00e9tag\u00e8res, se fondant parmi vos livres ou se d\u00e9marquant comme un accent sculptural. Avec sa lueur r\u00e9glable et sa capacit\u00e9 \u00e0 \u00eatre pos\u00e9e \u00e0 la verticale ou \u00e0 plat, elle s&#8217;adapte \u00e0 votre [&hellip;]<\/p>\n","protected":false},"featured_media":1108155,"template":"","meta":{"_acf_changed":false,"inline_featured_image":false},"product_brand":[],"product_cat":[7154,3810,3500,5046],"product_tag":[],"class_list":{"0":"post-1088452","1":"product","2":"type-product","3":"status-publish","4":"has-post-thumbnail","6":"product_cat-dweller-fr","7":"product_cat-luminaires","8":"product_cat-lampes-a-poser-fr","9":"product_cat-nouveautes-fr","10":"product_shipping_class-pk","12":"pa_material-fer-fr","13":"pa_material-verre-fr","15":"first","16":"instock","17":"taxable","18":"shipping-taxable","19":"purchasable","20":"product-type-simple"},"exclude_global_add_ons":[],"addons":[],"acf":[],"yoast_head":"<!-- This site is optimized with the Yoast SEO plugin v26.4 - https:\/\/yoast.com\/wordpress\/plugins\/seo\/ -->\n<title>Book Lampe de table - H\u00fcbsch<\/title>\n<meta name=\"description\" content=\"Une lumi\u00e8re d\u00e9guis\u00e9e en d\u00e9tail de design. La Lampe de Table Book en riche teinte p\u00e9trole apporte un charme astucieux \u00e0 vos \u00e9tag\u00e8res, se fondant parmi vos\" \/>\n<meta name=\"robots\" content=\"index, follow, max-snippet:-1, max-image-preview:large, max-video-preview:-1\" \/>\n<link rel=\"canonical\" href=\"https:\/\/hubsch-interior.com\/fr\/wp-json\/wp\/v2\/product\/1088452\" \/>\n<meta property=\"og:locale\" content=\"fr_FR\" \/>\n<meta property=\"og:type\" content=\"article\" \/>\n<meta property=\"og:title\" content=\"Book Lampe de table - H\u00fcbsch\" \/>\n<meta property=\"og:description\" content=\"Une lumi\u00e8re d\u00e9guis\u00e9e en d\u00e9tail de design. La Lampe de Table Book en riche teinte p\u00e9trole apporte un charme astucieux \u00e0 vos \u00e9tag\u00e8res, se fondant parmi vos\" \/>\n<meta property=\"og:url\" content=\"https:\/\/hubsch-interior.com\/fr\/produit\/book-lampe-de-table\/\" \/>\n<meta property=\"og:site_name\" content=\"H\u00fcbsch\" \/>\n<meta property=\"article:modified_time\" content=\"2026-04-07T03:06:17+00:00\" \/>\n<meta property=\"og:image\" content=\"https:\/\/hubsch-interior.com\/wp-content\/uploads\/2026\/02\/book-table-lamp-petrol-bf23fed49eb1b4f3e235b4a246873f71.jpg\" \/>\n\t<meta property=\"og:image:width\" content=\"1024\" \/>\n\t<meta property=\"og:image:height\" content=\"1024\" \/>\n\t<meta property=\"og:image:type\" content=\"image\/jpeg\" \/>\n<meta name=\"twitter:card\" content=\"summary_large_image\" \/>\n<meta name=\"twitter:label1\" content=\"Dur\u00e9e de lecture estim\u00e9e\" \/>\n\t<meta name=\"twitter:data1\" content=\"1 minute\" \/>\n<script type=\"application\/ld+json\" class=\"yoast-schema-graph\">{\"@context\":\"https:\/\/schema.org\",\"@graph\":[{\"@type\":\"WebPage\",\"@id\":\"https:\/\/hubsch-interior.com\/fr\/produit\/book-lampe-de-table\/\",\"url\":\"https:\/\/hubsch-interior.com\/fr\/produit\/book-lampe-de-table\/\",\"name\":\"Book Lampe de table - H\u00fcbsch\",\"isPartOf\":{\"@id\":\"https:\/\/hubsch-interior.com\/fr\/#website\"},\"primaryImageOfPage\":{\"@id\":\"https:\/\/hubsch-interior.com\/fr\/produit\/book-lampe-de-table\/#primaryimage\"},\"image\":{\"@id\":\"https:\/\/hubsch-interior.com\/fr\/produit\/book-lampe-de-table\/#primaryimage\"},\"thumbnailUrl\":\"https:\/\/hubsch-interior.com\/wp-content\/uploads\/2026\/02\/book-table-lamp-petrol-bf23fed49eb1b4f3e235b4a246873f71.jpg\",\"datePublished\":\"2026-01-31T03:59:59+00:00\",\"dateModified\":\"2026-04-07T03:06:17+00:00\",\"description\":\"Une lumi\u00e8re d\u00e9guis\u00e9e en d\u00e9tail de design. La Lampe de Table Book en riche teinte p\u00e9trole apporte un charme astucieux \u00e0 vos \u00e9tag\u00e8res, se fondant parmi vos\",\"breadcrumb\":{\"@id\":\"https:\/\/hubsch-interior.com\/fr\/produit\/book-lampe-de-table\/#breadcrumb\"},\"inLanguage\":\"fr-FR\",\"potentialAction\":[{\"@type\":\"ReadAction\",\"target\":[\"https:\/\/hubsch-interior.com\/fr\/produit\/book-lampe-de-table\/\"]}]},{\"@type\":\"ImageObject\",\"inLanguage\":\"fr-FR\",\"@id\":\"https:\/\/hubsch-interior.com\/fr\/produit\/book-lampe-de-table\/#primaryimage\",\"url\":\"https:\/\/hubsch-interior.com\/wp-content\/uploads\/2026\/02\/book-table-lamp-petrol-bf23fed49eb1b4f3e235b4a246873f71.jpg\",\"contentUrl\":\"https:\/\/hubsch-interior.com\/wp-content\/uploads\/2026\/02\/book-table-lamp-petrol-bf23fed49eb1b4f3e235b4a246873f71.jpg\",\"width\":1024,\"height\":1024},{\"@type\":\"BreadcrumbList\",\"@id\":\"https:\/\/hubsch-interior.com\/fr\/produit\/book-lampe-de-table\/#breadcrumb\",\"itemListElement\":[{\"@type\":\"ListItem\",\"position\":1,\"name\":\"Page d'accueil\",\"item\":\"https:\/\/hubsch-interior.com\/fr\/\"},{\"@type\":\"ListItem\",\"position\":2,\"name\":\"Produits\",\"item\":\"https:\/\/hubsch-interior.com\/fr\/shop-2\/\"},{\"@type\":\"ListItem\",\"position\":3,\"name\":\"Luminaires\",\"item\":\"https:\/\/hubsch-interior.com\/fr\/categorie-produit\/luminaires\/\"},{\"@type\":\"ListItem\",\"position\":4,\"name\":\"Lampes &agrave; poser\",\"item\":\"https:\/\/hubsch-interior.com\/fr\/categorie-produit\/luminaires\/lampes-a-poser-fr\/\"},{\"@type\":\"ListItem\",\"position\":5,\"name\":\"Book Lampe de table\"}]},{\"@type\":\"WebSite\",\"@id\":\"https:\/\/hubsch-interior.com\/fr\/#website\",\"url\":\"https:\/\/hubsch-interior.com\/fr\/\",\"name\":\"H\u00fcbsch\",\"description\":\"Danish Home Interior and Design\",\"publisher\":{\"@id\":\"https:\/\/hubsch-interior.com\/fr\/#organization\"},\"potentialAction\":[{\"@type\":\"SearchAction\",\"target\":{\"@type\":\"EntryPoint\",\"urlTemplate\":\"https:\/\/hubsch-interior.com\/fr\/?s={search_term_string}\"},\"query-input\":{\"@type\":\"PropertyValueSpecification\",\"valueRequired\":true,\"valueName\":\"search_term_string\"}}],\"inLanguage\":\"fr-FR\"},{\"@type\":\"Organization\",\"@id\":\"https:\/\/hubsch-interior.com\/fr\/#organization\",\"name\":\"H\u00fcbsch\",\"url\":\"https:\/\/hubsch-interior.com\/fr\/\",\"logo\":{\"@type\":\"ImageObject\",\"inLanguage\":\"fr-FR\",\"@id\":\"https:\/\/hubsch-interior.com\/fr\/#\/schema\/logo\/image\/\",\"url\":\"https:\/\/hubsch-interior.com\/wp-content\/uploads\/2022\/12\/Hubsch_logo_black_one_line.svg\",\"contentUrl\":\"https:\/\/hubsch-interior.com\/wp-content\/uploads\/2022\/12\/Hubsch_logo_black_one_line.svg\",\"caption\":\"H\u00fcbsch\"},\"image\":{\"@id\":\"https:\/\/hubsch-interior.com\/fr\/#\/schema\/logo\/image\/\"}}]}<\/script>\n<!-- \/ Yoast SEO plugin. -->","yoast_head_json":{"title":"Book Lampe de table - H\u00fcbsch","description":"Une lumi\u00e8re d\u00e9guis\u00e9e en d\u00e9tail de design. La Lampe de Table Book en riche teinte p\u00e9trole apporte un charme astucieux \u00e0 vos \u00e9tag\u00e8res, se fondant parmi vos","robots":{"index":"index","follow":"follow","max-snippet":"max-snippet:-1","max-image-preview":"max-image-preview:large","max-video-preview":"max-video-preview:-1"},"canonical":"https:\/\/hubsch-interior.com\/fr\/wp-json\/wp\/v2\/product\/1088452","og_locale":"fr_FR","og_type":"article","og_title":"Book Lampe de table - H\u00fcbsch","og_description":"Une lumi\u00e8re d\u00e9guis\u00e9e en d\u00e9tail de design. La Lampe de Table Book en riche teinte p\u00e9trole apporte un charme astucieux \u00e0 vos \u00e9tag\u00e8res, se fondant parmi vos","og_url":"https:\/\/hubsch-interior.com\/fr\/produit\/book-lampe-de-table\/","og_site_name":"H\u00fcbsch","article_modified_time":"2026-04-07T03:06:17+00:00","og_image":[{"width":1024,"height":1024,"url":"https:\/\/hubsch-interior.com\/wp-content\/uploads\/2026\/02\/book-table-lamp-petrol-bf23fed49eb1b4f3e235b4a246873f71.jpg","type":"image\/jpeg"}],"twitter_card":"summary_large_image","twitter_misc":{"Dur\u00e9e de lecture estim\u00e9e":"1 minute"},"schema":{"@context":"https:\/\/schema.org","@graph":[{"@type":"WebPage","@id":"https:\/\/hubsch-interior.com\/fr\/produit\/book-lampe-de-table\/","url":"https:\/\/hubsch-interior.com\/fr\/produit\/book-lampe-de-table\/","name":"Book Lampe de table - H\u00fcbsch","isPartOf":{"@id":"https:\/\/hubsch-interior.com\/fr\/#website"},"primaryImageOfPage":{"@id":"https:\/\/hubsch-interior.com\/fr\/produit\/book-lampe-de-table\/#primaryimage"},"image":{"@id":"https:\/\/hubsch-interior.com\/fr\/produit\/book-lampe-de-table\/#primaryimage"},"thumbnailUrl":"https:\/\/hubsch-interior.com\/wp-content\/uploads\/2026\/02\/book-table-lamp-petrol-bf23fed49eb1b4f3e235b4a246873f71.jpg","datePublished":"2026-01-31T03:59:59+00:00","dateModified":"2026-04-07T03:06:17+00:00","description":"Une lumi\u00e8re d\u00e9guis\u00e9e en d\u00e9tail de design. La Lampe de Table Book en riche teinte p\u00e9trole apporte un charme astucieux \u00e0 vos \u00e9tag\u00e8res, se fondant parmi vos","breadcrumb":{"@id":"https:\/\/hubsch-interior.com\/fr\/produit\/book-lampe-de-table\/#breadcrumb"},"inLanguage":"fr-FR","potentialAction":[{"@type":"ReadAction","target":["https:\/\/hubsch-interior.com\/fr\/produit\/book-lampe-de-table\/"]}]},{"@type":"ImageObject","inLanguage":"fr-FR","@id":"https:\/\/hubsch-interior.com\/fr\/produit\/book-lampe-de-table\/#primaryimage","url":"https:\/\/hubsch-interior.com\/wp-content\/uploads\/2026\/02\/book-table-lamp-petrol-bf23fed49eb1b4f3e235b4a246873f71.jpg","contentUrl":"https:\/\/hubsch-interior.com\/wp-content\/uploads\/2026\/02\/book-table-lamp-petrol-bf23fed49eb1b4f3e235b4a246873f71.jpg","width":1024,"height":1024},{"@type":"BreadcrumbList","@id":"https:\/\/hubsch-interior.com\/fr\/produit\/book-lampe-de-table\/#breadcrumb","itemListElement":[{"@type":"ListItem","position":1,"name":"Page d'accueil","item":"https:\/\/hubsch-interior.com\/fr\/"},{"@type":"ListItem","position":2,"name":"Produits","item":"https:\/\/hubsch-interior.com\/fr\/shop-2\/"},{"@type":"ListItem","position":3,"name":"Luminaires","item":"https:\/\/hubsch-interior.com\/fr\/categorie-produit\/luminaires\/"},{"@type":"ListItem","position":4,"name":"Lampes &agrave; poser","item":"https:\/\/hubsch-interior.com\/fr\/categorie-produit\/luminaires\/lampes-a-poser-fr\/"},{"@type":"ListItem","position":5,"name":"Book Lampe de table"}]},{"@type":"WebSite","@id":"https:\/\/hubsch-interior.com\/fr\/#website","url":"https:\/\/hubsch-interior.com\/fr\/","name":"H\u00fcbsch","description":"Danish Home Interior and Design","publisher":{"@id":"https:\/\/hubsch-interior.com\/fr\/#organization"},"potentialAction":[{"@type":"SearchAction","target":{"@type":"EntryPoint","urlTemplate":"https:\/\/hubsch-interior.com\/fr\/?s={search_term_string}"},"query-input":{"@type":"PropertyValueSpecification","valueRequired":true,"valueName":"search_term_string"}}],"inLanguage":"fr-FR"},{"@type":"Organization","@id":"https:\/\/hubsch-interior.com\/fr\/#organization","name":"H\u00fcbsch","url":"https:\/\/hubsch-interior.com\/fr\/","logo":{"@type":"ImageObject","inLanguage":"fr-FR","@id":"https:\/\/hubsch-interior.com\/fr\/#\/schema\/logo\/image\/","url":"https:\/\/hubsch-interior.com\/wp-content\/uploads\/2022\/12\/Hubsch_logo_black_one_line.svg","contentUrl":"https:\/\/hubsch-interior.com\/wp-content\/uploads\/2022\/12\/Hubsch_logo_black_one_line.svg","caption":"H\u00fcbsch"},"image":{"@id":"https:\/\/hubsch-interior.com\/fr\/#\/schema\/logo\/image\/"}}]}},"_links":{"self":[{"href":"https:\/\/hubsch-interior.com\/fr\/wp-json\/wp\/v2\/product\/1088452","targetHints":{"allow":["GET"]}}],"collection":[{"href":"https:\/\/hubsch-interior.com\/fr\/wp-json\/wp\/v2\/product"}],"about":[{"href":"https:\/\/hubsch-interior.com\/fr\/wp-json\/wp\/v2\/types\/product"}],"wp:featuredmedia":[{"embeddable":true,"href":"https:\/\/hubsch-interior.com\/fr\/wp-json\/wp\/v2\/media\/1108155"}],"wp:attachment":[{"href":"https:\/\/hubsch-interior.com\/fr\/wp-json\/wp\/v2\/media?parent=1088452"}],"wp:term":[{"taxonomy":"product_brand","embeddable":true,"href":"https:\/\/hubsch-interior.com\/fr\/wp-json\/wp\/v2\/product_brand?post=1088452"},{"taxonomy":"product_cat","embeddable":true,"href":"https:\/\/hubsch-interior.com\/fr\/wp-json\/wp\/v2\/product_cat?post=1088452"},{"taxonomy":"product_tag","embeddable":true,"href":"https:\/\/hubsch-interior.com\/fr\/wp-json\/wp\/v2\/product_tag?post=1088452"}],"curies":[{"name":"wp","href":"https:\/\/api.w.org\/{rel}","templated":true}]}}