{"id":1088484,"date":"2026-01-31T05:00:13","date_gmt":"2026-01-31T04:00:13","guid":{"rendered":"https:\/\/hubsch-interior.com\/product\/product\/"},"modified":"2026-04-05T05:12:22","modified_gmt":"2026-04-05T03:12:22","slug":"tube-pendule-small","status":"publish","type":"product","link":"https:\/\/hubsch-interior.com\/fr\/produit\/tube-pendule-small\/","title":{"rendered":"Tube Pendule Small"},"content":{"rendered":"<p>Lignes \u00e9pur\u00e9es, lumi\u00e8re douce. Le Tube Pendule en vert m\u00e9tallique \u00e9tablit un \u00e9quilibre audacieux entre minimalisme et caract\u00e8re \u2014 suffisamment discret pour se fondre dans le d\u00e9cor, assez marquant pour se distinguer. Sa forme \u00e9lanc\u00e9e est parfaite pour \u00e9clairer les plans de travail de la cuisine ou les tables \u00e0 manger, tandis que la fonction dimmable en trois \u00e9tapes vous permet de modifier l&#8217;ambiance en toute simplicit\u00e9. Disponible en deux variantes \u00e9l\u00e9gantes, c\u2019est un \u00e9clairage qui marque sa pr\u00e9sence, non par son volume, mais par son \u00e9l\u00e9gance. Un accent raffin\u00e9 qui rehausse le quotidien \u2014 une lueur \u00e0 la fois.<\/p>\n","protected":false},"excerpt":{"rendered":"<p>Lignes \u00e9pur\u00e9es, lumi\u00e8re douce. Le Tube Pendule en vert m\u00e9tallique \u00e9tablit un \u00e9quilibre audacieux entre minimalisme et caract\u00e8re \u2014 suffisamment discret pour se fondre dans le d\u00e9cor, assez marquant pour se distinguer. Sa forme \u00e9lanc\u00e9e est parfaite pour \u00e9clairer les plans de travail de la cuisine ou les tables \u00e0 manger, tandis que la fonction [&hellip;]<\/p>\n","protected":false},"featured_media":1108175,"template":"","meta":{"_acf_changed":false,"inline_featured_image":false},"product_brand":[],"product_cat":[7154,3810,4147,5026,5046],"product_tag":[],"class_list":{"0":"post-1088484","1":"product","2":"type-product","3":"status-publish","4":"has-post-thumbnail","6":"product_cat-dweller-fr","7":"product_cat-luminaires","8":"product_cat-suspensions-fr","9":"product_cat-bestsellers-fr","10":"product_cat-nouveautes-fr","11":"product_shipping_class-pk","13":"pa_material-aluminium-fr","15":"first","16":"instock","17":"featured","18":"taxable","19":"shipping-taxable","20":"purchasable","21":"product-type-simple"},"exclude_global_add_ons":[],"addons":[],"acf":[],"yoast_head":"<!-- This site is optimized with the Yoast SEO plugin v26.4 - https:\/\/yoast.com\/wordpress\/plugins\/seo\/ -->\n<title>Tube Pendule Small - H\u00fcbsch<\/title>\n<meta name=\"description\" content=\"Lignes \u00e9pur\u00e9es, lumi\u00e8re douce. Le Tube Pendule en vert m\u00e9tallique \u00e9tablit un \u00e9quilibre audacieux entre minimalisme et caract\u00e8re \u2014 suffisamment discret\" \/>\n<meta name=\"robots\" content=\"index, follow, max-snippet:-1, max-image-preview:large, max-video-preview:-1\" \/>\n<link rel=\"canonical\" href=\"https:\/\/hubsch-interior.com\/fr\/wp-json\/wp\/v2\/product\/1088484\" \/>\n<meta property=\"og:locale\" content=\"fr_FR\" \/>\n<meta property=\"og:type\" content=\"article\" \/>\n<meta property=\"og:title\" content=\"Tube Pendule Small - H\u00fcbsch\" \/>\n<meta property=\"og:description\" content=\"Lignes \u00e9pur\u00e9es, lumi\u00e8re douce. Le Tube Pendule en vert m\u00e9tallique \u00e9tablit un \u00e9quilibre audacieux entre minimalisme et caract\u00e8re \u2014 suffisamment discret\" \/>\n<meta property=\"og:url\" content=\"https:\/\/hubsch-interior.com\/fr\/produit\/tube-pendule-small\/\" \/>\n<meta property=\"og:site_name\" content=\"H\u00fcbsch\" \/>\n<meta property=\"article:modified_time\" content=\"2026-04-05T03:12:22+00:00\" \/>\n<meta property=\"og:image\" content=\"https:\/\/hubsch-interior.com\/wp-content\/uploads\/2026\/01\/tube-pendant-small-90901d47fbc05bd92db823d60235f381.jpg\" \/>\n\t<meta property=\"og:image:width\" content=\"1200\" \/>\n\t<meta property=\"og:image:height\" content=\"1200\" \/>\n\t<meta property=\"og:image:type\" content=\"image\/jpeg\" \/>\n<meta name=\"twitter:card\" content=\"summary_large_image\" \/>\n<meta name=\"twitter:label1\" content=\"Dur\u00e9e de lecture estim\u00e9e\" \/>\n\t<meta name=\"twitter:data1\" content=\"1 minute\" \/>\n<script type=\"application\/ld+json\" class=\"yoast-schema-graph\">{\"@context\":\"https:\/\/schema.org\",\"@graph\":[{\"@type\":\"WebPage\",\"@id\":\"https:\/\/hubsch-interior.com\/fr\/produit\/tube-pendule-small\/\",\"url\":\"https:\/\/hubsch-interior.com\/fr\/produit\/tube-pendule-small\/\",\"name\":\"Tube Pendule Small - H\u00fcbsch\",\"isPartOf\":{\"@id\":\"https:\/\/hubsch-interior.com\/fr\/#website\"},\"primaryImageOfPage\":{\"@id\":\"https:\/\/hubsch-interior.com\/fr\/produit\/tube-pendule-small\/#primaryimage\"},\"image\":{\"@id\":\"https:\/\/hubsch-interior.com\/fr\/produit\/tube-pendule-small\/#primaryimage\"},\"thumbnailUrl\":\"https:\/\/hubsch-interior.com\/wp-content\/uploads\/2026\/02\/tube-pendant-small-576fd53f09a2608ec6506ff21223e2c2.jpg\",\"datePublished\":\"2026-01-31T04:00:13+00:00\",\"dateModified\":\"2026-04-05T03:12:22+00:00\",\"description\":\"Lignes \u00e9pur\u00e9es, lumi\u00e8re douce. Le Tube Pendule en vert m\u00e9tallique \u00e9tablit un \u00e9quilibre audacieux entre minimalisme et caract\u00e8re \u2014 suffisamment discret\",\"breadcrumb\":{\"@id\":\"https:\/\/hubsch-interior.com\/fr\/produit\/tube-pendule-small\/#breadcrumb\"},\"inLanguage\":\"fr-FR\",\"potentialAction\":[{\"@type\":\"ReadAction\",\"target\":[\"https:\/\/hubsch-interior.com\/fr\/produit\/tube-pendule-small\/\"]}]},{\"@type\":\"ImageObject\",\"inLanguage\":\"fr-FR\",\"@id\":\"https:\/\/hubsch-interior.com\/fr\/produit\/tube-pendule-small\/#primaryimage\",\"url\":\"https:\/\/hubsch-interior.com\/wp-content\/uploads\/2026\/02\/tube-pendant-small-576fd53f09a2608ec6506ff21223e2c2.jpg\",\"contentUrl\":\"https:\/\/hubsch-interior.com\/wp-content\/uploads\/2026\/02\/tube-pendant-small-576fd53f09a2608ec6506ff21223e2c2.jpg\",\"width\":1024,\"height\":1024},{\"@type\":\"BreadcrumbList\",\"@id\":\"https:\/\/hubsch-interior.com\/fr\/produit\/tube-pendule-small\/#breadcrumb\",\"itemListElement\":[{\"@type\":\"ListItem\",\"position\":1,\"name\":\"Page d'accueil\",\"item\":\"https:\/\/hubsch-interior.com\/fr\/\"},{\"@type\":\"ListItem\",\"position\":2,\"name\":\"Produits\",\"item\":\"https:\/\/hubsch-interior.com\/fr\/shop-2\/\"},{\"@type\":\"ListItem\",\"position\":3,\"name\":\"Tube Pendule Small\"}]},{\"@type\":\"WebSite\",\"@id\":\"https:\/\/hubsch-interior.com\/fr\/#website\",\"url\":\"https:\/\/hubsch-interior.com\/fr\/\",\"name\":\"H\u00fcbsch\",\"description\":\"Danish Home Interior and Design\",\"publisher\":{\"@id\":\"https:\/\/hubsch-interior.com\/fr\/#organization\"},\"potentialAction\":[{\"@type\":\"SearchAction\",\"target\":{\"@type\":\"EntryPoint\",\"urlTemplate\":\"https:\/\/hubsch-interior.com\/fr\/?s={search_term_string}\"},\"query-input\":{\"@type\":\"PropertyValueSpecification\",\"valueRequired\":true,\"valueName\":\"search_term_string\"}}],\"inLanguage\":\"fr-FR\"},{\"@type\":\"Organization\",\"@id\":\"https:\/\/hubsch-interior.com\/fr\/#organization\",\"name\":\"H\u00fcbsch\",\"url\":\"https:\/\/hubsch-interior.com\/fr\/\",\"logo\":{\"@type\":\"ImageObject\",\"inLanguage\":\"fr-FR\",\"@id\":\"https:\/\/hubsch-interior.com\/fr\/#\/schema\/logo\/image\/\",\"url\":\"https:\/\/hubsch-interior.com\/wp-content\/uploads\/2022\/12\/Hubsch_logo_black_one_line.svg\",\"contentUrl\":\"https:\/\/hubsch-interior.com\/wp-content\/uploads\/2022\/12\/Hubsch_logo_black_one_line.svg\",\"caption\":\"H\u00fcbsch\"},\"image\":{\"@id\":\"https:\/\/hubsch-interior.com\/fr\/#\/schema\/logo\/image\/\"}}]}<\/script>\n<!-- \/ Yoast SEO plugin. -->","yoast_head_json":{"title":"Tube Pendule Small - H\u00fcbsch","description":"Lignes \u00e9pur\u00e9es, lumi\u00e8re douce. Le Tube Pendule en vert m\u00e9tallique \u00e9tablit un \u00e9quilibre audacieux entre minimalisme et caract\u00e8re \u2014 suffisamment discret","robots":{"index":"index","follow":"follow","max-snippet":"max-snippet:-1","max-image-preview":"max-image-preview:large","max-video-preview":"max-video-preview:-1"},"canonical":"https:\/\/hubsch-interior.com\/fr\/wp-json\/wp\/v2\/product\/1088484","og_locale":"fr_FR","og_type":"article","og_title":"Tube Pendule Small - H\u00fcbsch","og_description":"Lignes \u00e9pur\u00e9es, lumi\u00e8re douce. Le Tube Pendule en vert m\u00e9tallique \u00e9tablit un \u00e9quilibre audacieux entre minimalisme et caract\u00e8re \u2014 suffisamment discret","og_url":"https:\/\/hubsch-interior.com\/fr\/produit\/tube-pendule-small\/","og_site_name":"H\u00fcbsch","article_modified_time":"2026-04-05T03:12:22+00:00","og_image":[{"width":1200,"height":1200,"url":"https:\/\/hubsch-interior.com\/wp-content\/uploads\/2026\/01\/tube-pendant-small-90901d47fbc05bd92db823d60235f381.jpg","type":"image\/jpeg"}],"twitter_card":"summary_large_image","twitter_misc":{"Dur\u00e9e de lecture estim\u00e9e":"1 minute"},"schema":{"@context":"https:\/\/schema.org","@graph":[{"@type":"WebPage","@id":"https:\/\/hubsch-interior.com\/fr\/produit\/tube-pendule-small\/","url":"https:\/\/hubsch-interior.com\/fr\/produit\/tube-pendule-small\/","name":"Tube Pendule Small - H\u00fcbsch","isPartOf":{"@id":"https:\/\/hubsch-interior.com\/fr\/#website"},"primaryImageOfPage":{"@id":"https:\/\/hubsch-interior.com\/fr\/produit\/tube-pendule-small\/#primaryimage"},"image":{"@id":"https:\/\/hubsch-interior.com\/fr\/produit\/tube-pendule-small\/#primaryimage"},"thumbnailUrl":"https:\/\/hubsch-interior.com\/wp-content\/uploads\/2026\/02\/tube-pendant-small-576fd53f09a2608ec6506ff21223e2c2.jpg","datePublished":"2026-01-31T04:00:13+00:00","dateModified":"2026-04-05T03:12:22+00:00","description":"Lignes \u00e9pur\u00e9es, lumi\u00e8re douce. Le Tube Pendule en vert m\u00e9tallique \u00e9tablit un \u00e9quilibre audacieux entre minimalisme et caract\u00e8re \u2014 suffisamment discret","breadcrumb":{"@id":"https:\/\/hubsch-interior.com\/fr\/produit\/tube-pendule-small\/#breadcrumb"},"inLanguage":"fr-FR","potentialAction":[{"@type":"ReadAction","target":["https:\/\/hubsch-interior.com\/fr\/produit\/tube-pendule-small\/"]}]},{"@type":"ImageObject","inLanguage":"fr-FR","@id":"https:\/\/hubsch-interior.com\/fr\/produit\/tube-pendule-small\/#primaryimage","url":"https:\/\/hubsch-interior.com\/wp-content\/uploads\/2026\/02\/tube-pendant-small-576fd53f09a2608ec6506ff21223e2c2.jpg","contentUrl":"https:\/\/hubsch-interior.com\/wp-content\/uploads\/2026\/02\/tube-pendant-small-576fd53f09a2608ec6506ff21223e2c2.jpg","width":1024,"height":1024},{"@type":"BreadcrumbList","@id":"https:\/\/hubsch-interior.com\/fr\/produit\/tube-pendule-small\/#breadcrumb","itemListElement":[{"@type":"ListItem","position":1,"name":"Page d'accueil","item":"https:\/\/hubsch-interior.com\/fr\/"},{"@type":"ListItem","position":2,"name":"Produits","item":"https:\/\/hubsch-interior.com\/fr\/shop-2\/"},{"@type":"ListItem","position":3,"name":"Tube Pendule Small"}]},{"@type":"WebSite","@id":"https:\/\/hubsch-interior.com\/fr\/#website","url":"https:\/\/hubsch-interior.com\/fr\/","name":"H\u00fcbsch","description":"Danish Home Interior and Design","publisher":{"@id":"https:\/\/hubsch-interior.com\/fr\/#organization"},"potentialAction":[{"@type":"SearchAction","target":{"@type":"EntryPoint","urlTemplate":"https:\/\/hubsch-interior.com\/fr\/?s={search_term_string}"},"query-input":{"@type":"PropertyValueSpecification","valueRequired":true,"valueName":"search_term_string"}}],"inLanguage":"fr-FR"},{"@type":"Organization","@id":"https:\/\/hubsch-interior.com\/fr\/#organization","name":"H\u00fcbsch","url":"https:\/\/hubsch-interior.com\/fr\/","logo":{"@type":"ImageObject","inLanguage":"fr-FR","@id":"https:\/\/hubsch-interior.com\/fr\/#\/schema\/logo\/image\/","url":"https:\/\/hubsch-interior.com\/wp-content\/uploads\/2022\/12\/Hubsch_logo_black_one_line.svg","contentUrl":"https:\/\/hubsch-interior.com\/wp-content\/uploads\/2022\/12\/Hubsch_logo_black_one_line.svg","caption":"H\u00fcbsch"},"image":{"@id":"https:\/\/hubsch-interior.com\/fr\/#\/schema\/logo\/image\/"}}]}},"_links":{"self":[{"href":"https:\/\/hubsch-interior.com\/fr\/wp-json\/wp\/v2\/product\/1088484","targetHints":{"allow":["GET"]}}],"collection":[{"href":"https:\/\/hubsch-interior.com\/fr\/wp-json\/wp\/v2\/product"}],"about":[{"href":"https:\/\/hubsch-interior.com\/fr\/wp-json\/wp\/v2\/types\/product"}],"wp:featuredmedia":[{"embeddable":true,"href":"https:\/\/hubsch-interior.com\/fr\/wp-json\/wp\/v2\/media\/1108175"}],"wp:attachment":[{"href":"https:\/\/hubsch-interior.com\/fr\/wp-json\/wp\/v2\/media?parent=1088484"}],"wp:term":[{"taxonomy":"product_brand","embeddable":true,"href":"https:\/\/hubsch-interior.com\/fr\/wp-json\/wp\/v2\/product_brand?post=1088484"},{"taxonomy":"product_cat","embeddable":true,"href":"https:\/\/hubsch-interior.com\/fr\/wp-json\/wp\/v2\/product_cat?post=1088484"},{"taxonomy":"product_tag","embeddable":true,"href":"https:\/\/hubsch-interior.com\/fr\/wp-json\/wp\/v2\/product_tag?post=1088484"}],"curies":[{"name":"wp","href":"https:\/\/api.w.org\/{rel}","templated":true}]}}