{"id":1088512,"date":"2026-01-31T05:00:25","date_gmt":"2026-01-31T04:00:25","guid":{"rendered":"https:\/\/hubsch-interior.com\/product\/product\/"},"modified":"2026-04-06T05:06:17","modified_gmt":"2026-04-06T03:06:17","slug":"tube-pendule-large","status":"publish","type":"product","link":"https:\/\/hubsch-interior.com\/fr\/produit\/tube-pendule-large\/","title":{"rendered":"Tube Pendule Large"},"content":{"rendered":"<p>Un \u00e9clat avec intention. Le Tube Pendule en vert m\u00e9tallique allie sophistication \u00e9pur\u00e9e et polyvalence quotidienne, projetant une lumi\u00e8re subtile l\u00e0 o\u00f9 elle est le plus n\u00e9cessaire. Sa teinte audacieuse mais \u00e9quilibr\u00e9e ajoute une touche raffin\u00e9e de couleur, tandis que sa silhouette minimaliste s&#8217;int\u00e8gre parfaitement dans les espaces modernes. Con\u00e7u \u00e0 partir de mat\u00e9riaux de qualit\u00e9 sup\u00e9rieure et dot\u00e9 d&#8217;une fonction dimmable en trois \u00e9tapes, il est con\u00e7u pour s&#8217;adapter \u00e0 votre humeur et \u00e0 chaque instant. Un pendule discr\u00e8tement frappant \u2014 la touche finale de votre pi\u00e8ce, dans tous les sens du terme.<\/p>\n","protected":false},"excerpt":{"rendered":"<p>Un \u00e9clat avec intention. Le Tube Pendule en vert m\u00e9tallique allie sophistication \u00e9pur\u00e9e et polyvalence quotidienne, projetant une lumi\u00e8re subtile l\u00e0 o\u00f9 elle est le plus n\u00e9cessaire. Sa teinte audacieuse mais \u00e9quilibr\u00e9e ajoute une touche raffin\u00e9e de couleur, tandis que sa silhouette minimaliste s&#8217;int\u00e8gre parfaitement dans les espaces modernes. Con\u00e7u \u00e0 partir de mat\u00e9riaux de [&hellip;]<\/p>\n","protected":false},"featured_media":1108195,"template":"","meta":{"_acf_changed":false,"inline_featured_image":false},"product_brand":[],"product_cat":[7154,3810,4147,5046],"product_tag":[],"class_list":{"0":"post-1088512","1":"product","2":"type-product","3":"status-publish","4":"has-post-thumbnail","6":"product_cat-dweller-fr","7":"product_cat-luminaires","8":"product_cat-suspensions-fr","9":"product_cat-nouveautes-fr","10":"product_shipping_class-pk","12":"pa_material-aluminium-fr","14":"first","15":"instock","16":"taxable","17":"shipping-taxable","18":"purchasable","19":"product-type-simple"},"exclude_global_add_ons":[],"addons":[],"acf":[],"yoast_head":"<!-- This site is optimized with the Yoast SEO plugin v26.4 - https:\/\/yoast.com\/wordpress\/plugins\/seo\/ -->\n<title>Tube Pendule Large - H\u00fcbsch<\/title>\n<meta name=\"description\" content=\"Un \u00e9clat avec intention. Le Tube Pendule en vert m\u00e9tallique allie sophistication \u00e9pur\u00e9e et polyvalence quotidienne, projetant une lumi\u00e8re subtile l\u00e0 o\u00f9\" \/>\n<meta name=\"robots\" content=\"index, follow, max-snippet:-1, max-image-preview:large, max-video-preview:-1\" \/>\n<link rel=\"canonical\" href=\"https:\/\/hubsch-interior.com\/fr\/wp-json\/wp\/v2\/product\/1088512\" \/>\n<meta property=\"og:locale\" content=\"fr_FR\" \/>\n<meta property=\"og:type\" content=\"article\" \/>\n<meta property=\"og:title\" content=\"Tube Pendule Large - H\u00fcbsch\" \/>\n<meta property=\"og:description\" content=\"Un \u00e9clat avec intention. Le Tube Pendule en vert m\u00e9tallique allie sophistication \u00e9pur\u00e9e et polyvalence quotidienne, projetant une lumi\u00e8re subtile l\u00e0 o\u00f9\" \/>\n<meta property=\"og:url\" content=\"https:\/\/hubsch-interior.com\/fr\/produit\/tube-pendule-large\/\" \/>\n<meta property=\"og:site_name\" content=\"H\u00fcbsch\" \/>\n<meta property=\"article:modified_time\" content=\"2026-04-06T03:06:17+00:00\" \/>\n<meta property=\"og:image\" content=\"https:\/\/hubsch-interior.com\/wp-content\/uploads\/2026\/01\/tube-pendant-large-9d6b8f0be52cf80268cc19561c7b0d19.jpg\" \/>\n\t<meta property=\"og:image:width\" content=\"1200\" \/>\n\t<meta property=\"og:image:height\" content=\"1200\" \/>\n\t<meta property=\"og:image:type\" content=\"image\/jpeg\" \/>\n<meta name=\"twitter:card\" content=\"summary_large_image\" \/>\n<meta name=\"twitter:label1\" content=\"Dur\u00e9e de lecture estim\u00e9e\" \/>\n\t<meta name=\"twitter:data1\" content=\"1 minute\" \/>\n<script type=\"application\/ld+json\" class=\"yoast-schema-graph\">{\"@context\":\"https:\/\/schema.org\",\"@graph\":[{\"@type\":\"WebPage\",\"@id\":\"https:\/\/hubsch-interior.com\/fr\/produit\/tube-pendule-large\/\",\"url\":\"https:\/\/hubsch-interior.com\/fr\/produit\/tube-pendule-large\/\",\"name\":\"Tube Pendule Large - H\u00fcbsch\",\"isPartOf\":{\"@id\":\"https:\/\/hubsch-interior.com\/fr\/#website\"},\"primaryImageOfPage\":{\"@id\":\"https:\/\/hubsch-interior.com\/fr\/produit\/tube-pendule-large\/#primaryimage\"},\"image\":{\"@id\":\"https:\/\/hubsch-interior.com\/fr\/produit\/tube-pendule-large\/#primaryimage\"},\"thumbnailUrl\":\"https:\/\/hubsch-interior.com\/wp-content\/uploads\/2026\/02\/tube-pendant-large-fb20e38e697da3a49c7ce2abeacea79b.jpg\",\"datePublished\":\"2026-01-31T04:00:25+00:00\",\"dateModified\":\"2026-04-06T03:06:17+00:00\",\"description\":\"Un \u00e9clat avec intention. Le Tube Pendule en vert m\u00e9tallique allie sophistication \u00e9pur\u00e9e et polyvalence quotidienne, projetant une lumi\u00e8re subtile l\u00e0 o\u00f9\",\"breadcrumb\":{\"@id\":\"https:\/\/hubsch-interior.com\/fr\/produit\/tube-pendule-large\/#breadcrumb\"},\"inLanguage\":\"fr-FR\",\"potentialAction\":[{\"@type\":\"ReadAction\",\"target\":[\"https:\/\/hubsch-interior.com\/fr\/produit\/tube-pendule-large\/\"]}]},{\"@type\":\"ImageObject\",\"inLanguage\":\"fr-FR\",\"@id\":\"https:\/\/hubsch-interior.com\/fr\/produit\/tube-pendule-large\/#primaryimage\",\"url\":\"https:\/\/hubsch-interior.com\/wp-content\/uploads\/2026\/02\/tube-pendant-large-fb20e38e697da3a49c7ce2abeacea79b.jpg\",\"contentUrl\":\"https:\/\/hubsch-interior.com\/wp-content\/uploads\/2026\/02\/tube-pendant-large-fb20e38e697da3a49c7ce2abeacea79b.jpg\",\"width\":1024,\"height\":1024},{\"@type\":\"BreadcrumbList\",\"@id\":\"https:\/\/hubsch-interior.com\/fr\/produit\/tube-pendule-large\/#breadcrumb\",\"itemListElement\":[{\"@type\":\"ListItem\",\"position\":1,\"name\":\"Page d'accueil\",\"item\":\"https:\/\/hubsch-interior.com\/fr\/\"},{\"@type\":\"ListItem\",\"position\":2,\"name\":\"Produits\",\"item\":\"https:\/\/hubsch-interior.com\/fr\/shop-2\/\"},{\"@type\":\"ListItem\",\"position\":3,\"name\":\"Tube Pendule Large\"}]},{\"@type\":\"WebSite\",\"@id\":\"https:\/\/hubsch-interior.com\/fr\/#website\",\"url\":\"https:\/\/hubsch-interior.com\/fr\/\",\"name\":\"H\u00fcbsch\",\"description\":\"Danish Home Interior and Design\",\"publisher\":{\"@id\":\"https:\/\/hubsch-interior.com\/fr\/#organization\"},\"potentialAction\":[{\"@type\":\"SearchAction\",\"target\":{\"@type\":\"EntryPoint\",\"urlTemplate\":\"https:\/\/hubsch-interior.com\/fr\/?s={search_term_string}\"},\"query-input\":{\"@type\":\"PropertyValueSpecification\",\"valueRequired\":true,\"valueName\":\"search_term_string\"}}],\"inLanguage\":\"fr-FR\"},{\"@type\":\"Organization\",\"@id\":\"https:\/\/hubsch-interior.com\/fr\/#organization\",\"name\":\"H\u00fcbsch\",\"url\":\"https:\/\/hubsch-interior.com\/fr\/\",\"logo\":{\"@type\":\"ImageObject\",\"inLanguage\":\"fr-FR\",\"@id\":\"https:\/\/hubsch-interior.com\/fr\/#\/schema\/logo\/image\/\",\"url\":\"https:\/\/hubsch-interior.com\/wp-content\/uploads\/2022\/12\/Hubsch_logo_black_one_line.svg\",\"contentUrl\":\"https:\/\/hubsch-interior.com\/wp-content\/uploads\/2022\/12\/Hubsch_logo_black_one_line.svg\",\"caption\":\"H\u00fcbsch\"},\"image\":{\"@id\":\"https:\/\/hubsch-interior.com\/fr\/#\/schema\/logo\/image\/\"}}]}<\/script>\n<!-- \/ Yoast SEO plugin. -->","yoast_head_json":{"title":"Tube Pendule Large - H\u00fcbsch","description":"Un \u00e9clat avec intention. Le Tube Pendule en vert m\u00e9tallique allie sophistication \u00e9pur\u00e9e et polyvalence quotidienne, projetant une lumi\u00e8re subtile l\u00e0 o\u00f9","robots":{"index":"index","follow":"follow","max-snippet":"max-snippet:-1","max-image-preview":"max-image-preview:large","max-video-preview":"max-video-preview:-1"},"canonical":"https:\/\/hubsch-interior.com\/fr\/wp-json\/wp\/v2\/product\/1088512","og_locale":"fr_FR","og_type":"article","og_title":"Tube Pendule Large - H\u00fcbsch","og_description":"Un \u00e9clat avec intention. Le Tube Pendule en vert m\u00e9tallique allie sophistication \u00e9pur\u00e9e et polyvalence quotidienne, projetant une lumi\u00e8re subtile l\u00e0 o\u00f9","og_url":"https:\/\/hubsch-interior.com\/fr\/produit\/tube-pendule-large\/","og_site_name":"H\u00fcbsch","article_modified_time":"2026-04-06T03:06:17+00:00","og_image":[{"width":1200,"height":1200,"url":"https:\/\/hubsch-interior.com\/wp-content\/uploads\/2026\/01\/tube-pendant-large-9d6b8f0be52cf80268cc19561c7b0d19.jpg","type":"image\/jpeg"}],"twitter_card":"summary_large_image","twitter_misc":{"Dur\u00e9e de lecture estim\u00e9e":"1 minute"},"schema":{"@context":"https:\/\/schema.org","@graph":[{"@type":"WebPage","@id":"https:\/\/hubsch-interior.com\/fr\/produit\/tube-pendule-large\/","url":"https:\/\/hubsch-interior.com\/fr\/produit\/tube-pendule-large\/","name":"Tube Pendule Large - H\u00fcbsch","isPartOf":{"@id":"https:\/\/hubsch-interior.com\/fr\/#website"},"primaryImageOfPage":{"@id":"https:\/\/hubsch-interior.com\/fr\/produit\/tube-pendule-large\/#primaryimage"},"image":{"@id":"https:\/\/hubsch-interior.com\/fr\/produit\/tube-pendule-large\/#primaryimage"},"thumbnailUrl":"https:\/\/hubsch-interior.com\/wp-content\/uploads\/2026\/02\/tube-pendant-large-fb20e38e697da3a49c7ce2abeacea79b.jpg","datePublished":"2026-01-31T04:00:25+00:00","dateModified":"2026-04-06T03:06:17+00:00","description":"Un \u00e9clat avec intention. Le Tube Pendule en vert m\u00e9tallique allie sophistication \u00e9pur\u00e9e et polyvalence quotidienne, projetant une lumi\u00e8re subtile l\u00e0 o\u00f9","breadcrumb":{"@id":"https:\/\/hubsch-interior.com\/fr\/produit\/tube-pendule-large\/#breadcrumb"},"inLanguage":"fr-FR","potentialAction":[{"@type":"ReadAction","target":["https:\/\/hubsch-interior.com\/fr\/produit\/tube-pendule-large\/"]}]},{"@type":"ImageObject","inLanguage":"fr-FR","@id":"https:\/\/hubsch-interior.com\/fr\/produit\/tube-pendule-large\/#primaryimage","url":"https:\/\/hubsch-interior.com\/wp-content\/uploads\/2026\/02\/tube-pendant-large-fb20e38e697da3a49c7ce2abeacea79b.jpg","contentUrl":"https:\/\/hubsch-interior.com\/wp-content\/uploads\/2026\/02\/tube-pendant-large-fb20e38e697da3a49c7ce2abeacea79b.jpg","width":1024,"height":1024},{"@type":"BreadcrumbList","@id":"https:\/\/hubsch-interior.com\/fr\/produit\/tube-pendule-large\/#breadcrumb","itemListElement":[{"@type":"ListItem","position":1,"name":"Page d'accueil","item":"https:\/\/hubsch-interior.com\/fr\/"},{"@type":"ListItem","position":2,"name":"Produits","item":"https:\/\/hubsch-interior.com\/fr\/shop-2\/"},{"@type":"ListItem","position":3,"name":"Tube Pendule Large"}]},{"@type":"WebSite","@id":"https:\/\/hubsch-interior.com\/fr\/#website","url":"https:\/\/hubsch-interior.com\/fr\/","name":"H\u00fcbsch","description":"Danish Home Interior and Design","publisher":{"@id":"https:\/\/hubsch-interior.com\/fr\/#organization"},"potentialAction":[{"@type":"SearchAction","target":{"@type":"EntryPoint","urlTemplate":"https:\/\/hubsch-interior.com\/fr\/?s={search_term_string}"},"query-input":{"@type":"PropertyValueSpecification","valueRequired":true,"valueName":"search_term_string"}}],"inLanguage":"fr-FR"},{"@type":"Organization","@id":"https:\/\/hubsch-interior.com\/fr\/#organization","name":"H\u00fcbsch","url":"https:\/\/hubsch-interior.com\/fr\/","logo":{"@type":"ImageObject","inLanguage":"fr-FR","@id":"https:\/\/hubsch-interior.com\/fr\/#\/schema\/logo\/image\/","url":"https:\/\/hubsch-interior.com\/wp-content\/uploads\/2022\/12\/Hubsch_logo_black_one_line.svg","contentUrl":"https:\/\/hubsch-interior.com\/wp-content\/uploads\/2022\/12\/Hubsch_logo_black_one_line.svg","caption":"H\u00fcbsch"},"image":{"@id":"https:\/\/hubsch-interior.com\/fr\/#\/schema\/logo\/image\/"}}]}},"_links":{"self":[{"href":"https:\/\/hubsch-interior.com\/fr\/wp-json\/wp\/v2\/product\/1088512","targetHints":{"allow":["GET"]}}],"collection":[{"href":"https:\/\/hubsch-interior.com\/fr\/wp-json\/wp\/v2\/product"}],"about":[{"href":"https:\/\/hubsch-interior.com\/fr\/wp-json\/wp\/v2\/types\/product"}],"wp:featuredmedia":[{"embeddable":true,"href":"https:\/\/hubsch-interior.com\/fr\/wp-json\/wp\/v2\/media\/1108195"}],"wp:attachment":[{"href":"https:\/\/hubsch-interior.com\/fr\/wp-json\/wp\/v2\/media?parent=1088512"}],"wp:term":[{"taxonomy":"product_brand","embeddable":true,"href":"https:\/\/hubsch-interior.com\/fr\/wp-json\/wp\/v2\/product_brand?post=1088512"},{"taxonomy":"product_cat","embeddable":true,"href":"https:\/\/hubsch-interior.com\/fr\/wp-json\/wp\/v2\/product_cat?post=1088512"},{"taxonomy":"product_tag","embeddable":true,"href":"https:\/\/hubsch-interior.com\/fr\/wp-json\/wp\/v2\/product_tag?post=1088512"}],"curies":[{"name":"wp","href":"https:\/\/api.w.org\/{rel}","templated":true}]}}