{"id":1088540,"date":"2026-01-31T05:00:39","date_gmt":"2026-01-31T04:00:39","guid":{"rendered":"https:\/\/hubsch-interior.com\/product\/product\/"},"modified":"2026-04-05T05:12:29","modified_gmt":"2026-04-05T03:12:29","slug":"aru-lampe-de-table-bleu","status":"publish","type":"product","link":"https:\/\/hubsch-interior.com\/fr\/produit\/aru-lampe-de-table-bleu\/","title":{"rendered":"Aru Lampe de table Bleu"},"content":{"rendered":"<p>Lumi\u00e8re, repens\u00e9e comme une sculpture. La Aru Lampe de table en bleu apaisant apporte une lueur sereine et un langage de design doux \u00e0 votre int\u00e9rieur \u2014 \u00e0 la fois \u00e9clairage et d\u00e9claration. Touchez le sommet pour activer sa fonction variable et transformez l&#8217;atmosph\u00e8re de concentr\u00e9e \u00e0 d\u00e9tendue en un instant. Plac\u00e9e dans un coin lecture ou sur une table d&#8217;appoint, sa forme doucement courb\u00e9e ajoute \u00e0 la fois calme et caract\u00e8re. Une pi\u00e8ce tactile et lumineuse qui \u00e9volue avec votre humeur \u2014 et qui est toujours \u00e0 sa place.<\/p>\n","protected":false},"excerpt":{"rendered":"<p>Lumi\u00e8re, repens\u00e9e comme une sculpture. La Aru Lampe de table en bleu apaisant apporte une lueur sereine et un langage de design doux \u00e0 votre int\u00e9rieur \u2014 \u00e0 la fois \u00e9clairage et d\u00e9claration. Touchez le sommet pour activer sa fonction variable et transformez l&#8217;atmosph\u00e8re de concentr\u00e9e \u00e0 d\u00e9tendue en un instant. Plac\u00e9e dans un coin [&hellip;]<\/p>\n","protected":false},"featured_media":1108215,"template":"","meta":{"_acf_changed":false,"inline_featured_image":false},"product_brand":[],"product_cat":[7154,3810,3500,5026,5046],"product_tag":[],"class_list":{"0":"post-1088540","1":"product","2":"type-product","3":"status-publish","4":"has-post-thumbnail","6":"product_cat-dweller-fr","7":"product_cat-luminaires","8":"product_cat-lampes-a-poser-fr","9":"product_cat-bestsellers-fr","10":"product_cat-nouveautes-fr","11":"product_shipping_class-pk","13":"pa_color-bleu-2","14":"pa_material-fer-fr","15":"pa_material-verre-fr","17":"first","18":"instock","19":"featured","20":"taxable","21":"shipping-taxable","22":"purchasable","23":"product-type-simple"},"exclude_global_add_ons":[],"addons":[],"acf":[],"yoast_head":"<!-- This site is optimized with the Yoast SEO plugin v26.4 - https:\/\/yoast.com\/wordpress\/plugins\/seo\/ -->\n<title>Aru Lampe de table Bleu - H\u00fcbsch<\/title>\n<meta name=\"description\" content=\"Lumi\u00e8re, repens\u00e9e comme une sculpture. La Aru Lampe de table en bleu apaisant apporte une lueur sereine et un langage de design doux \u00e0 votre int\u00e9rieur \u2014 \u00e0\" \/>\n<meta name=\"robots\" content=\"index, follow, max-snippet:-1, max-image-preview:large, max-video-preview:-1\" \/>\n<link rel=\"canonical\" href=\"https:\/\/hubsch-interior.com\/fr\/wp-json\/wp\/v2\/product\/1088540\" \/>\n<meta property=\"og:locale\" content=\"fr_FR\" \/>\n<meta property=\"og:type\" content=\"article\" \/>\n<meta property=\"og:title\" content=\"Aru Lampe de table Bleu - H\u00fcbsch\" \/>\n<meta property=\"og:description\" content=\"Lumi\u00e8re, repens\u00e9e comme une sculpture. La Aru Lampe de table en bleu apaisant apporte une lueur sereine et un langage de design doux \u00e0 votre int\u00e9rieur \u2014 \u00e0\" \/>\n<meta property=\"og:url\" content=\"https:\/\/hubsch-interior.com\/fr\/produit\/aru-lampe-de-table-bleu\/\" \/>\n<meta property=\"og:site_name\" content=\"H\u00fcbsch\" \/>\n<meta property=\"article:modified_time\" content=\"2026-04-05T03:12:29+00:00\" \/>\n<meta property=\"og:image\" content=\"https:\/\/hubsch-interior.com\/wp-content\/uploads\/2026\/01\/aru-table-lamp-blue-c9861a85a2516dd7c76a322c17c67209.jpg\" \/>\n\t<meta property=\"og:image:width\" content=\"1200\" \/>\n\t<meta property=\"og:image:height\" content=\"1200\" \/>\n\t<meta property=\"og:image:type\" content=\"image\/jpeg\" \/>\n<meta name=\"twitter:card\" content=\"summary_large_image\" \/>\n<script type=\"application\/ld+json\" class=\"yoast-schema-graph\">{\"@context\":\"https:\/\/schema.org\",\"@graph\":[{\"@type\":\"WebPage\",\"@id\":\"https:\/\/hubsch-interior.com\/fr\/produit\/aru-lampe-de-table-bleu\/\",\"url\":\"https:\/\/hubsch-interior.com\/fr\/produit\/aru-lampe-de-table-bleu\/\",\"name\":\"Aru Lampe de table Bleu - H\u00fcbsch\",\"isPartOf\":{\"@id\":\"https:\/\/hubsch-interior.com\/fr\/#website\"},\"primaryImageOfPage\":{\"@id\":\"https:\/\/hubsch-interior.com\/fr\/produit\/aru-lampe-de-table-bleu\/#primaryimage\"},\"image\":{\"@id\":\"https:\/\/hubsch-interior.com\/fr\/produit\/aru-lampe-de-table-bleu\/#primaryimage\"},\"thumbnailUrl\":\"https:\/\/hubsch-interior.com\/wp-content\/uploads\/2026\/02\/aru-table-lamp-blue-62da13d472b86fae02a764b2a68cb964.jpg\",\"datePublished\":\"2026-01-31T04:00:39+00:00\",\"dateModified\":\"2026-04-05T03:12:29+00:00\",\"description\":\"Lumi\u00e8re, repens\u00e9e comme une sculpture. La Aru Lampe de table en bleu apaisant apporte une lueur sereine et un langage de design doux \u00e0 votre int\u00e9rieur \u2014 \u00e0\",\"breadcrumb\":{\"@id\":\"https:\/\/hubsch-interior.com\/fr\/produit\/aru-lampe-de-table-bleu\/#breadcrumb\"},\"inLanguage\":\"fr-FR\",\"potentialAction\":[{\"@type\":\"ReadAction\",\"target\":[\"https:\/\/hubsch-interior.com\/fr\/produit\/aru-lampe-de-table-bleu\/\"]}]},{\"@type\":\"ImageObject\",\"inLanguage\":\"fr-FR\",\"@id\":\"https:\/\/hubsch-interior.com\/fr\/produit\/aru-lampe-de-table-bleu\/#primaryimage\",\"url\":\"https:\/\/hubsch-interior.com\/wp-content\/uploads\/2026\/02\/aru-table-lamp-blue-62da13d472b86fae02a764b2a68cb964.jpg\",\"contentUrl\":\"https:\/\/hubsch-interior.com\/wp-content\/uploads\/2026\/02\/aru-table-lamp-blue-62da13d472b86fae02a764b2a68cb964.jpg\",\"width\":1024,\"height\":1024},{\"@type\":\"BreadcrumbList\",\"@id\":\"https:\/\/hubsch-interior.com\/fr\/produit\/aru-lampe-de-table-bleu\/#breadcrumb\",\"itemListElement\":[{\"@type\":\"ListItem\",\"position\":1,\"name\":\"Page d'accueil\",\"item\":\"https:\/\/hubsch-interior.com\/fr\/\"},{\"@type\":\"ListItem\",\"position\":2,\"name\":\"Produits\",\"item\":\"https:\/\/hubsch-interior.com\/fr\/shop-2\/\"},{\"@type\":\"ListItem\",\"position\":3,\"name\":\"Aru Lampe de table Bleu\"}]},{\"@type\":\"WebSite\",\"@id\":\"https:\/\/hubsch-interior.com\/fr\/#website\",\"url\":\"https:\/\/hubsch-interior.com\/fr\/\",\"name\":\"H\u00fcbsch\",\"description\":\"Danish Home Interior and Design\",\"publisher\":{\"@id\":\"https:\/\/hubsch-interior.com\/fr\/#organization\"},\"potentialAction\":[{\"@type\":\"SearchAction\",\"target\":{\"@type\":\"EntryPoint\",\"urlTemplate\":\"https:\/\/hubsch-interior.com\/fr\/?s={search_term_string}\"},\"query-input\":{\"@type\":\"PropertyValueSpecification\",\"valueRequired\":true,\"valueName\":\"search_term_string\"}}],\"inLanguage\":\"fr-FR\"},{\"@type\":\"Organization\",\"@id\":\"https:\/\/hubsch-interior.com\/fr\/#organization\",\"name\":\"H\u00fcbsch\",\"url\":\"https:\/\/hubsch-interior.com\/fr\/\",\"logo\":{\"@type\":\"ImageObject\",\"inLanguage\":\"fr-FR\",\"@id\":\"https:\/\/hubsch-interior.com\/fr\/#\/schema\/logo\/image\/\",\"url\":\"https:\/\/hubsch-interior.com\/wp-content\/uploads\/2022\/12\/Hubsch_logo_black_one_line.svg\",\"contentUrl\":\"https:\/\/hubsch-interior.com\/wp-content\/uploads\/2022\/12\/Hubsch_logo_black_one_line.svg\",\"caption\":\"H\u00fcbsch\"},\"image\":{\"@id\":\"https:\/\/hubsch-interior.com\/fr\/#\/schema\/logo\/image\/\"}}]}<\/script>\n<!-- \/ Yoast SEO plugin. -->","yoast_head_json":{"title":"Aru Lampe de table Bleu - H\u00fcbsch","description":"Lumi\u00e8re, repens\u00e9e comme une sculpture. La Aru Lampe de table en bleu apaisant apporte une lueur sereine et un langage de design doux \u00e0 votre int\u00e9rieur \u2014 \u00e0","robots":{"index":"index","follow":"follow","max-snippet":"max-snippet:-1","max-image-preview":"max-image-preview:large","max-video-preview":"max-video-preview:-1"},"canonical":"https:\/\/hubsch-interior.com\/fr\/wp-json\/wp\/v2\/product\/1088540","og_locale":"fr_FR","og_type":"article","og_title":"Aru Lampe de table Bleu - H\u00fcbsch","og_description":"Lumi\u00e8re, repens\u00e9e comme une sculpture. La Aru Lampe de table en bleu apaisant apporte une lueur sereine et un langage de design doux \u00e0 votre int\u00e9rieur \u2014 \u00e0","og_url":"https:\/\/hubsch-interior.com\/fr\/produit\/aru-lampe-de-table-bleu\/","og_site_name":"H\u00fcbsch","article_modified_time":"2026-04-05T03:12:29+00:00","og_image":[{"width":1200,"height":1200,"url":"https:\/\/hubsch-interior.com\/wp-content\/uploads\/2026\/01\/aru-table-lamp-blue-c9861a85a2516dd7c76a322c17c67209.jpg","type":"image\/jpeg"}],"twitter_card":"summary_large_image","schema":{"@context":"https:\/\/schema.org","@graph":[{"@type":"WebPage","@id":"https:\/\/hubsch-interior.com\/fr\/produit\/aru-lampe-de-table-bleu\/","url":"https:\/\/hubsch-interior.com\/fr\/produit\/aru-lampe-de-table-bleu\/","name":"Aru Lampe de table Bleu - H\u00fcbsch","isPartOf":{"@id":"https:\/\/hubsch-interior.com\/fr\/#website"},"primaryImageOfPage":{"@id":"https:\/\/hubsch-interior.com\/fr\/produit\/aru-lampe-de-table-bleu\/#primaryimage"},"image":{"@id":"https:\/\/hubsch-interior.com\/fr\/produit\/aru-lampe-de-table-bleu\/#primaryimage"},"thumbnailUrl":"https:\/\/hubsch-interior.com\/wp-content\/uploads\/2026\/02\/aru-table-lamp-blue-62da13d472b86fae02a764b2a68cb964.jpg","datePublished":"2026-01-31T04:00:39+00:00","dateModified":"2026-04-05T03:12:29+00:00","description":"Lumi\u00e8re, repens\u00e9e comme une sculpture. La Aru Lampe de table en bleu apaisant apporte une lueur sereine et un langage de design doux \u00e0 votre int\u00e9rieur \u2014 \u00e0","breadcrumb":{"@id":"https:\/\/hubsch-interior.com\/fr\/produit\/aru-lampe-de-table-bleu\/#breadcrumb"},"inLanguage":"fr-FR","potentialAction":[{"@type":"ReadAction","target":["https:\/\/hubsch-interior.com\/fr\/produit\/aru-lampe-de-table-bleu\/"]}]},{"@type":"ImageObject","inLanguage":"fr-FR","@id":"https:\/\/hubsch-interior.com\/fr\/produit\/aru-lampe-de-table-bleu\/#primaryimage","url":"https:\/\/hubsch-interior.com\/wp-content\/uploads\/2026\/02\/aru-table-lamp-blue-62da13d472b86fae02a764b2a68cb964.jpg","contentUrl":"https:\/\/hubsch-interior.com\/wp-content\/uploads\/2026\/02\/aru-table-lamp-blue-62da13d472b86fae02a764b2a68cb964.jpg","width":1024,"height":1024},{"@type":"BreadcrumbList","@id":"https:\/\/hubsch-interior.com\/fr\/produit\/aru-lampe-de-table-bleu\/#breadcrumb","itemListElement":[{"@type":"ListItem","position":1,"name":"Page d'accueil","item":"https:\/\/hubsch-interior.com\/fr\/"},{"@type":"ListItem","position":2,"name":"Produits","item":"https:\/\/hubsch-interior.com\/fr\/shop-2\/"},{"@type":"ListItem","position":3,"name":"Aru Lampe de table Bleu"}]},{"@type":"WebSite","@id":"https:\/\/hubsch-interior.com\/fr\/#website","url":"https:\/\/hubsch-interior.com\/fr\/","name":"H\u00fcbsch","description":"Danish Home Interior and Design","publisher":{"@id":"https:\/\/hubsch-interior.com\/fr\/#organization"},"potentialAction":[{"@type":"SearchAction","target":{"@type":"EntryPoint","urlTemplate":"https:\/\/hubsch-interior.com\/fr\/?s={search_term_string}"},"query-input":{"@type":"PropertyValueSpecification","valueRequired":true,"valueName":"search_term_string"}}],"inLanguage":"fr-FR"},{"@type":"Organization","@id":"https:\/\/hubsch-interior.com\/fr\/#organization","name":"H\u00fcbsch","url":"https:\/\/hubsch-interior.com\/fr\/","logo":{"@type":"ImageObject","inLanguage":"fr-FR","@id":"https:\/\/hubsch-interior.com\/fr\/#\/schema\/logo\/image\/","url":"https:\/\/hubsch-interior.com\/wp-content\/uploads\/2022\/12\/Hubsch_logo_black_one_line.svg","contentUrl":"https:\/\/hubsch-interior.com\/wp-content\/uploads\/2022\/12\/Hubsch_logo_black_one_line.svg","caption":"H\u00fcbsch"},"image":{"@id":"https:\/\/hubsch-interior.com\/fr\/#\/schema\/logo\/image\/"}}]}},"_links":{"self":[{"href":"https:\/\/hubsch-interior.com\/fr\/wp-json\/wp\/v2\/product\/1088540","targetHints":{"allow":["GET"]}}],"collection":[{"href":"https:\/\/hubsch-interior.com\/fr\/wp-json\/wp\/v2\/product"}],"about":[{"href":"https:\/\/hubsch-interior.com\/fr\/wp-json\/wp\/v2\/types\/product"}],"wp:featuredmedia":[{"embeddable":true,"href":"https:\/\/hubsch-interior.com\/fr\/wp-json\/wp\/v2\/media\/1108215"}],"wp:attachment":[{"href":"https:\/\/hubsch-interior.com\/fr\/wp-json\/wp\/v2\/media?parent=1088540"}],"wp:term":[{"taxonomy":"product_brand","embeddable":true,"href":"https:\/\/hubsch-interior.com\/fr\/wp-json\/wp\/v2\/product_brand?post=1088540"},{"taxonomy":"product_cat","embeddable":true,"href":"https:\/\/hubsch-interior.com\/fr\/wp-json\/wp\/v2\/product_cat?post=1088540"},{"taxonomy":"product_tag","embeddable":true,"href":"https:\/\/hubsch-interior.com\/fr\/wp-json\/wp\/v2\/product_tag?post=1088540"}],"curies":[{"name":"wp","href":"https:\/\/api.w.org\/{rel}","templated":true}]}}