{"id":1088560,"date":"2026-01-31T05:00:52","date_gmt":"2026-01-31T04:00:52","guid":{"rendered":"https:\/\/hubsch-interior.com\/product\/product\/"},"modified":"2026-04-05T05:12:32","modified_gmt":"2026-04-05T03:12:32","slug":"sway-lampe-murale-noir","status":"publish","type":"product","link":"https:\/\/hubsch-interior.com\/fr\/produit\/sway-lampe-murale-noir\/","title":{"rendered":"Sway Lampe murale Noir"},"content":{"rendered":"<p>Lumi\u00e8re qui \u00e9volue avec vous. La Sway Lampe murale associe des surfaces noires brillantes \u00e0 un abat-jour doux en verre opale blanc mat, cr\u00e9ant un contraste saisissant qui est \u00e0 la fois moderne et raffin\u00e9. Son bras ajustable vous permet de rapprocher la lumi\u00e8re pour la lecture ou d&#8217;adoucir l&#8217;ambiance avec une inclinaison douce \u2014 parfait pour les soir\u00e9es qui oscillent entre concentration et repos. Que ce soit pour mettre en valeur une \u0153uvre d&#8217;art ou pour diffuser une chaude aur\u00e9ole dans un coin tranquille, elle apporte flexibilit\u00e9 avec \u00e9l\u00e9gance. Une extension raffin\u00e9e de votre espace \u2014 et de votre humeur.<\/p>\n","protected":false},"excerpt":{"rendered":"<p>Lumi\u00e8re qui \u00e9volue avec vous. La Sway Lampe murale associe des surfaces noires brillantes \u00e0 un abat-jour doux en verre opale blanc mat, cr\u00e9ant un contraste saisissant qui est \u00e0 la fois moderne et raffin\u00e9. Son bras ajustable vous permet de rapprocher la lumi\u00e8re pour la lecture ou d&#8217;adoucir l&#8217;ambiance avec une inclinaison douce \u2014 [&hellip;]<\/p>\n","protected":false},"featured_media":1108231,"template":"","meta":{"_acf_changed":false,"inline_featured_image":false},"product_brand":[],"product_cat":[7154,3810,3407,5026,5046],"product_tag":[],"class_list":{"0":"post-1088560","1":"product","2":"type-product","3":"status-publish","4":"has-post-thumbnail","6":"product_cat-dweller-fr","7":"product_cat-luminaires","8":"product_cat-appliques-murales-fr","9":"product_cat-bestsellers-fr","10":"product_cat-nouveautes-fr","11":"product_shipping_class-pk","13":"pa_color-noir","14":"pa_material-fer-fr","15":"pa_material-verre-fr","17":"first","18":"instock","19":"featured","20":"taxable","21":"shipping-taxable","22":"purchasable","23":"product-type-simple"},"exclude_global_add_ons":[],"addons":[],"acf":[],"yoast_head":"<!-- This site is optimized with the Yoast SEO plugin v26.4 - https:\/\/yoast.com\/wordpress\/plugins\/seo\/ -->\n<title>Sway Lampe murale Noir - H\u00fcbsch<\/title>\n<meta name=\"description\" content=\"Lumi\u00e8re qui \u00e9volue avec vous. La Sway Lampe murale associe des surfaces noires brillantes \u00e0 un abat-jour doux en verre opale blanc mat, cr\u00e9ant un\" \/>\n<meta name=\"robots\" content=\"index, follow, max-snippet:-1, max-image-preview:large, max-video-preview:-1\" \/>\n<link rel=\"canonical\" href=\"https:\/\/hubsch-interior.com\/fr\/wp-json\/wp\/v2\/product\/1088560\" \/>\n<meta property=\"og:locale\" content=\"fr_FR\" \/>\n<meta property=\"og:type\" content=\"article\" \/>\n<meta property=\"og:title\" content=\"Sway Lampe murale Noir - H\u00fcbsch\" \/>\n<meta property=\"og:description\" content=\"Lumi\u00e8re qui \u00e9volue avec vous. La Sway Lampe murale associe des surfaces noires brillantes \u00e0 un abat-jour doux en verre opale blanc mat, cr\u00e9ant un\" \/>\n<meta property=\"og:url\" content=\"https:\/\/hubsch-interior.com\/fr\/produit\/sway-lampe-murale-noir\/\" \/>\n<meta property=\"og:site_name\" content=\"H\u00fcbsch\" \/>\n<meta property=\"article:modified_time\" content=\"2026-04-05T03:12:32+00:00\" \/>\n<meta property=\"og:image\" content=\"https:\/\/hubsch-interior.com\/wp-content\/uploads\/2026\/01\/sway-wall-lamp-black-0ebaa63ebd4fb4e830e86ca73beb094d.jpg\" \/>\n\t<meta property=\"og:image:width\" content=\"1200\" \/>\n\t<meta property=\"og:image:height\" content=\"1200\" \/>\n\t<meta property=\"og:image:type\" content=\"image\/jpeg\" \/>\n<meta name=\"twitter:card\" content=\"summary_large_image\" \/>\n<meta name=\"twitter:label1\" content=\"Dur\u00e9e de lecture estim\u00e9e\" \/>\n\t<meta name=\"twitter:data1\" content=\"1 minute\" \/>\n<script type=\"application\/ld+json\" class=\"yoast-schema-graph\">{\"@context\":\"https:\/\/schema.org\",\"@graph\":[{\"@type\":\"WebPage\",\"@id\":\"https:\/\/hubsch-interior.com\/fr\/produit\/sway-lampe-murale-noir\/\",\"url\":\"https:\/\/hubsch-interior.com\/fr\/produit\/sway-lampe-murale-noir\/\",\"name\":\"Sway Lampe murale Noir - H\u00fcbsch\",\"isPartOf\":{\"@id\":\"https:\/\/hubsch-interior.com\/fr\/#website\"},\"primaryImageOfPage\":{\"@id\":\"https:\/\/hubsch-interior.com\/fr\/produit\/sway-lampe-murale-noir\/#primaryimage\"},\"image\":{\"@id\":\"https:\/\/hubsch-interior.com\/fr\/produit\/sway-lampe-murale-noir\/#primaryimage\"},\"thumbnailUrl\":\"https:\/\/hubsch-interior.com\/wp-content\/uploads\/2026\/02\/sway-wall-lamp-black-811c16340cc749045d88bec3954fa8dc.jpg\",\"datePublished\":\"2026-01-31T04:00:52+00:00\",\"dateModified\":\"2026-04-05T03:12:32+00:00\",\"description\":\"Lumi\u00e8re qui \u00e9volue avec vous. La Sway Lampe murale associe des surfaces noires brillantes \u00e0 un abat-jour doux en verre opale blanc mat, cr\u00e9ant un\",\"breadcrumb\":{\"@id\":\"https:\/\/hubsch-interior.com\/fr\/produit\/sway-lampe-murale-noir\/#breadcrumb\"},\"inLanguage\":\"fr-FR\",\"potentialAction\":[{\"@type\":\"ReadAction\",\"target\":[\"https:\/\/hubsch-interior.com\/fr\/produit\/sway-lampe-murale-noir\/\"]}]},{\"@type\":\"ImageObject\",\"inLanguage\":\"fr-FR\",\"@id\":\"https:\/\/hubsch-interior.com\/fr\/produit\/sway-lampe-murale-noir\/#primaryimage\",\"url\":\"https:\/\/hubsch-interior.com\/wp-content\/uploads\/2026\/02\/sway-wall-lamp-black-811c16340cc749045d88bec3954fa8dc.jpg\",\"contentUrl\":\"https:\/\/hubsch-interior.com\/wp-content\/uploads\/2026\/02\/sway-wall-lamp-black-811c16340cc749045d88bec3954fa8dc.jpg\",\"width\":1024,\"height\":1024},{\"@type\":\"BreadcrumbList\",\"@id\":\"https:\/\/hubsch-interior.com\/fr\/produit\/sway-lampe-murale-noir\/#breadcrumb\",\"itemListElement\":[{\"@type\":\"ListItem\",\"position\":1,\"name\":\"Page d'accueil\",\"item\":\"https:\/\/hubsch-interior.com\/fr\/\"},{\"@type\":\"ListItem\",\"position\":2,\"name\":\"Produits\",\"item\":\"https:\/\/hubsch-interior.com\/fr\/shop-2\/\"},{\"@type\":\"ListItem\",\"position\":3,\"name\":\"Sway Lampe murale Noir\"}]},{\"@type\":\"WebSite\",\"@id\":\"https:\/\/hubsch-interior.com\/fr\/#website\",\"url\":\"https:\/\/hubsch-interior.com\/fr\/\",\"name\":\"H\u00fcbsch\",\"description\":\"Danish Home Interior and Design\",\"publisher\":{\"@id\":\"https:\/\/hubsch-interior.com\/fr\/#organization\"},\"potentialAction\":[{\"@type\":\"SearchAction\",\"target\":{\"@type\":\"EntryPoint\",\"urlTemplate\":\"https:\/\/hubsch-interior.com\/fr\/?s={search_term_string}\"},\"query-input\":{\"@type\":\"PropertyValueSpecification\",\"valueRequired\":true,\"valueName\":\"search_term_string\"}}],\"inLanguage\":\"fr-FR\"},{\"@type\":\"Organization\",\"@id\":\"https:\/\/hubsch-interior.com\/fr\/#organization\",\"name\":\"H\u00fcbsch\",\"url\":\"https:\/\/hubsch-interior.com\/fr\/\",\"logo\":{\"@type\":\"ImageObject\",\"inLanguage\":\"fr-FR\",\"@id\":\"https:\/\/hubsch-interior.com\/fr\/#\/schema\/logo\/image\/\",\"url\":\"https:\/\/hubsch-interior.com\/wp-content\/uploads\/2022\/12\/Hubsch_logo_black_one_line.svg\",\"contentUrl\":\"https:\/\/hubsch-interior.com\/wp-content\/uploads\/2022\/12\/Hubsch_logo_black_one_line.svg\",\"caption\":\"H\u00fcbsch\"},\"image\":{\"@id\":\"https:\/\/hubsch-interior.com\/fr\/#\/schema\/logo\/image\/\"}}]}<\/script>\n<!-- \/ Yoast SEO plugin. -->","yoast_head_json":{"title":"Sway Lampe murale Noir - H\u00fcbsch","description":"Lumi\u00e8re qui \u00e9volue avec vous. La Sway Lampe murale associe des surfaces noires brillantes \u00e0 un abat-jour doux en verre opale blanc mat, cr\u00e9ant un","robots":{"index":"index","follow":"follow","max-snippet":"max-snippet:-1","max-image-preview":"max-image-preview:large","max-video-preview":"max-video-preview:-1"},"canonical":"https:\/\/hubsch-interior.com\/fr\/wp-json\/wp\/v2\/product\/1088560","og_locale":"fr_FR","og_type":"article","og_title":"Sway Lampe murale Noir - H\u00fcbsch","og_description":"Lumi\u00e8re qui \u00e9volue avec vous. La Sway Lampe murale associe des surfaces noires brillantes \u00e0 un abat-jour doux en verre opale blanc mat, cr\u00e9ant un","og_url":"https:\/\/hubsch-interior.com\/fr\/produit\/sway-lampe-murale-noir\/","og_site_name":"H\u00fcbsch","article_modified_time":"2026-04-05T03:12:32+00:00","og_image":[{"width":1200,"height":1200,"url":"https:\/\/hubsch-interior.com\/wp-content\/uploads\/2026\/01\/sway-wall-lamp-black-0ebaa63ebd4fb4e830e86ca73beb094d.jpg","type":"image\/jpeg"}],"twitter_card":"summary_large_image","twitter_misc":{"Dur\u00e9e de lecture estim\u00e9e":"1 minute"},"schema":{"@context":"https:\/\/schema.org","@graph":[{"@type":"WebPage","@id":"https:\/\/hubsch-interior.com\/fr\/produit\/sway-lampe-murale-noir\/","url":"https:\/\/hubsch-interior.com\/fr\/produit\/sway-lampe-murale-noir\/","name":"Sway Lampe murale Noir - H\u00fcbsch","isPartOf":{"@id":"https:\/\/hubsch-interior.com\/fr\/#website"},"primaryImageOfPage":{"@id":"https:\/\/hubsch-interior.com\/fr\/produit\/sway-lampe-murale-noir\/#primaryimage"},"image":{"@id":"https:\/\/hubsch-interior.com\/fr\/produit\/sway-lampe-murale-noir\/#primaryimage"},"thumbnailUrl":"https:\/\/hubsch-interior.com\/wp-content\/uploads\/2026\/02\/sway-wall-lamp-black-811c16340cc749045d88bec3954fa8dc.jpg","datePublished":"2026-01-31T04:00:52+00:00","dateModified":"2026-04-05T03:12:32+00:00","description":"Lumi\u00e8re qui \u00e9volue avec vous. La Sway Lampe murale associe des surfaces noires brillantes \u00e0 un abat-jour doux en verre opale blanc mat, cr\u00e9ant un","breadcrumb":{"@id":"https:\/\/hubsch-interior.com\/fr\/produit\/sway-lampe-murale-noir\/#breadcrumb"},"inLanguage":"fr-FR","potentialAction":[{"@type":"ReadAction","target":["https:\/\/hubsch-interior.com\/fr\/produit\/sway-lampe-murale-noir\/"]}]},{"@type":"ImageObject","inLanguage":"fr-FR","@id":"https:\/\/hubsch-interior.com\/fr\/produit\/sway-lampe-murale-noir\/#primaryimage","url":"https:\/\/hubsch-interior.com\/wp-content\/uploads\/2026\/02\/sway-wall-lamp-black-811c16340cc749045d88bec3954fa8dc.jpg","contentUrl":"https:\/\/hubsch-interior.com\/wp-content\/uploads\/2026\/02\/sway-wall-lamp-black-811c16340cc749045d88bec3954fa8dc.jpg","width":1024,"height":1024},{"@type":"BreadcrumbList","@id":"https:\/\/hubsch-interior.com\/fr\/produit\/sway-lampe-murale-noir\/#breadcrumb","itemListElement":[{"@type":"ListItem","position":1,"name":"Page d'accueil","item":"https:\/\/hubsch-interior.com\/fr\/"},{"@type":"ListItem","position":2,"name":"Produits","item":"https:\/\/hubsch-interior.com\/fr\/shop-2\/"},{"@type":"ListItem","position":3,"name":"Sway Lampe murale Noir"}]},{"@type":"WebSite","@id":"https:\/\/hubsch-interior.com\/fr\/#website","url":"https:\/\/hubsch-interior.com\/fr\/","name":"H\u00fcbsch","description":"Danish Home Interior and Design","publisher":{"@id":"https:\/\/hubsch-interior.com\/fr\/#organization"},"potentialAction":[{"@type":"SearchAction","target":{"@type":"EntryPoint","urlTemplate":"https:\/\/hubsch-interior.com\/fr\/?s={search_term_string}"},"query-input":{"@type":"PropertyValueSpecification","valueRequired":true,"valueName":"search_term_string"}}],"inLanguage":"fr-FR"},{"@type":"Organization","@id":"https:\/\/hubsch-interior.com\/fr\/#organization","name":"H\u00fcbsch","url":"https:\/\/hubsch-interior.com\/fr\/","logo":{"@type":"ImageObject","inLanguage":"fr-FR","@id":"https:\/\/hubsch-interior.com\/fr\/#\/schema\/logo\/image\/","url":"https:\/\/hubsch-interior.com\/wp-content\/uploads\/2022\/12\/Hubsch_logo_black_one_line.svg","contentUrl":"https:\/\/hubsch-interior.com\/wp-content\/uploads\/2022\/12\/Hubsch_logo_black_one_line.svg","caption":"H\u00fcbsch"},"image":{"@id":"https:\/\/hubsch-interior.com\/fr\/#\/schema\/logo\/image\/"}}]}},"_links":{"self":[{"href":"https:\/\/hubsch-interior.com\/fr\/wp-json\/wp\/v2\/product\/1088560","targetHints":{"allow":["GET"]}}],"collection":[{"href":"https:\/\/hubsch-interior.com\/fr\/wp-json\/wp\/v2\/product"}],"about":[{"href":"https:\/\/hubsch-interior.com\/fr\/wp-json\/wp\/v2\/types\/product"}],"wp:featuredmedia":[{"embeddable":true,"href":"https:\/\/hubsch-interior.com\/fr\/wp-json\/wp\/v2\/media\/1108231"}],"wp:attachment":[{"href":"https:\/\/hubsch-interior.com\/fr\/wp-json\/wp\/v2\/media?parent=1088560"}],"wp:term":[{"taxonomy":"product_brand","embeddable":true,"href":"https:\/\/hubsch-interior.com\/fr\/wp-json\/wp\/v2\/product_brand?post=1088560"},{"taxonomy":"product_cat","embeddable":true,"href":"https:\/\/hubsch-interior.com\/fr\/wp-json\/wp\/v2\/product_cat?post=1088560"},{"taxonomy":"product_tag","embeddable":true,"href":"https:\/\/hubsch-interior.com\/fr\/wp-json\/wp\/v2\/product_tag?post=1088560"}],"curies":[{"name":"wp","href":"https:\/\/api.w.org\/{rel}","templated":true}]}}