{"id":1088600,"date":"2026-01-31T05:01:16","date_gmt":"2026-01-31T04:01:16","guid":{"rendered":"https:\/\/hubsch-interior.com\/product\/product\/"},"modified":"2026-04-05T05:12:39","modified_gmt":"2026-04-05T03:12:39","slug":"tower-lampe-de-table-rouge","status":"publish","type":"product","link":"https:\/\/hubsch-interior.com\/fr\/produit\/tower-lampe-de-table-rouge\/","title":{"rendered":"Tower Lampe de table Rouge"},"content":{"rendered":"<p>Une touche de couleur dans une silhouette \u00e9lanc\u00e9e. La Tower Lampe de Table en rouge vibrant apporte chaleur et \u00e9nergie aux espaces compacts, avec une forme haute et \u00e9troite parfaite pour les rebords de fen\u00eatre, les buffets ou les coins tranquilles. Allum\u00e9e ou \u00e9teinte, elle se pr\u00e9sente comme un accent d\u00e9coratif audacieux \u2014 ludique mais raffin\u00e9. M\u00e9ticuleusement con\u00e7ue pour l&#8217;ambiance et la fonctionnalit\u00e9, elle est id\u00e9ale pour une lumi\u00e8re de lecture ou simplement pour donner le ton. Disponible en deux variantes accrocheuses pour \u00e9clairer votre espace, \u00e0 votre mani\u00e8re.<\/p>\n","protected":false},"excerpt":{"rendered":"<p>Une touche de couleur dans une silhouette \u00e9lanc\u00e9e. La Tower Lampe de Table en rouge vibrant apporte chaleur et \u00e9nergie aux espaces compacts, avec une forme haute et \u00e9troite parfaite pour les rebords de fen\u00eatre, les buffets ou les coins tranquilles. Allum\u00e9e ou \u00e9teinte, elle se pr\u00e9sente comme un accent d\u00e9coratif audacieux \u2014 ludique mais [&hellip;]<\/p>\n","protected":false},"featured_media":1108263,"template":"","meta":{"_acf_changed":false,"inline_featured_image":false},"product_brand":[],"product_cat":[7154,3810,3500,5046],"product_tag":[],"class_list":{"0":"post-1088600","1":"product","2":"type-product","3":"status-publish","4":"has-post-thumbnail","6":"product_cat-dweller-fr","7":"product_cat-luminaires","8":"product_cat-lampes-a-poser-fr","9":"product_cat-nouveautes-fr","10":"product_shipping_class-pk","12":"pa_color-rouge-2","13":"pa_material-fer-fr","14":"pa_material-polycarbonate-2","16":"first","17":"instock","18":"taxable","19":"shipping-taxable","20":"purchasable","21":"product-type-simple"},"exclude_global_add_ons":[],"addons":[],"acf":[],"yoast_head":"<!-- This site is optimized with the Yoast SEO plugin v26.4 - https:\/\/yoast.com\/wordpress\/plugins\/seo\/ -->\n<title>Tower Lampe de table Rouge - H\u00fcbsch<\/title>\n<meta name=\"description\" content=\"Une touche de couleur dans une silhouette \u00e9lanc\u00e9e. La Tower Lampe de Table en rouge vibrant apporte chaleur et \u00e9nergie aux espaces compacts, avec une\" \/>\n<meta name=\"robots\" content=\"index, follow, max-snippet:-1, max-image-preview:large, max-video-preview:-1\" \/>\n<link rel=\"canonical\" href=\"https:\/\/hubsch-interior.com\/fr\/wp-json\/wp\/v2\/product\/1088600\" \/>\n<meta property=\"og:locale\" content=\"fr_FR\" \/>\n<meta property=\"og:type\" content=\"article\" \/>\n<meta property=\"og:title\" content=\"Tower Lampe de table Rouge - H\u00fcbsch\" \/>\n<meta property=\"og:description\" content=\"Une touche de couleur dans une silhouette \u00e9lanc\u00e9e. La Tower Lampe de Table en rouge vibrant apporte chaleur et \u00e9nergie aux espaces compacts, avec une\" \/>\n<meta property=\"og:url\" content=\"https:\/\/hubsch-interior.com\/fr\/produit\/tower-lampe-de-table-rouge\/\" \/>\n<meta property=\"og:site_name\" content=\"H\u00fcbsch\" \/>\n<meta property=\"article:modified_time\" content=\"2026-04-05T03:12:39+00:00\" \/>\n<meta property=\"og:image\" content=\"https:\/\/hubsch-interior.com\/wp-content\/uploads\/2026\/01\/tower-table-lamp-red-85d317739b8bb67dff737dad0e5b9b08.jpg\" \/>\n\t<meta property=\"og:image:width\" content=\"1200\" \/>\n\t<meta property=\"og:image:height\" content=\"1200\" \/>\n\t<meta property=\"og:image:type\" content=\"image\/jpeg\" \/>\n<meta name=\"twitter:card\" content=\"summary_large_image\" \/>\n<script type=\"application\/ld+json\" class=\"yoast-schema-graph\">{\"@context\":\"https:\/\/schema.org\",\"@graph\":[{\"@type\":\"WebPage\",\"@id\":\"https:\/\/hubsch-interior.com\/fr\/produit\/tower-lampe-de-table-rouge\/\",\"url\":\"https:\/\/hubsch-interior.com\/fr\/produit\/tower-lampe-de-table-rouge\/\",\"name\":\"Tower Lampe de table Rouge - H\u00fcbsch\",\"isPartOf\":{\"@id\":\"https:\/\/hubsch-interior.com\/fr\/#website\"},\"primaryImageOfPage\":{\"@id\":\"https:\/\/hubsch-interior.com\/fr\/produit\/tower-lampe-de-table-rouge\/#primaryimage\"},\"image\":{\"@id\":\"https:\/\/hubsch-interior.com\/fr\/produit\/tower-lampe-de-table-rouge\/#primaryimage\"},\"thumbnailUrl\":\"https:\/\/hubsch-interior.com\/wp-content\/uploads\/2026\/02\/tower-table-lamp-red-11b285bbb4325166a09e72b56cfb88d7.jpg\",\"datePublished\":\"2026-01-31T04:01:16+00:00\",\"dateModified\":\"2026-04-05T03:12:39+00:00\",\"description\":\"Une touche de couleur dans une silhouette \u00e9lanc\u00e9e. La Tower Lampe de Table en rouge vibrant apporte chaleur et \u00e9nergie aux espaces compacts, avec une\",\"breadcrumb\":{\"@id\":\"https:\/\/hubsch-interior.com\/fr\/produit\/tower-lampe-de-table-rouge\/#breadcrumb\"},\"inLanguage\":\"fr-FR\",\"potentialAction\":[{\"@type\":\"ReadAction\",\"target\":[\"https:\/\/hubsch-interior.com\/fr\/produit\/tower-lampe-de-table-rouge\/\"]}]},{\"@type\":\"ImageObject\",\"inLanguage\":\"fr-FR\",\"@id\":\"https:\/\/hubsch-interior.com\/fr\/produit\/tower-lampe-de-table-rouge\/#primaryimage\",\"url\":\"https:\/\/hubsch-interior.com\/wp-content\/uploads\/2026\/02\/tower-table-lamp-red-11b285bbb4325166a09e72b56cfb88d7.jpg\",\"contentUrl\":\"https:\/\/hubsch-interior.com\/wp-content\/uploads\/2026\/02\/tower-table-lamp-red-11b285bbb4325166a09e72b56cfb88d7.jpg\",\"width\":1024,\"height\":1024},{\"@type\":\"BreadcrumbList\",\"@id\":\"https:\/\/hubsch-interior.com\/fr\/produit\/tower-lampe-de-table-rouge\/#breadcrumb\",\"itemListElement\":[{\"@type\":\"ListItem\",\"position\":1,\"name\":\"Page d'accueil\",\"item\":\"https:\/\/hubsch-interior.com\/fr\/\"},{\"@type\":\"ListItem\",\"position\":2,\"name\":\"Produits\",\"item\":\"https:\/\/hubsch-interior.com\/fr\/shop-2\/\"},{\"@type\":\"ListItem\",\"position\":3,\"name\":\"Tower Lampe de table Rouge\"}]},{\"@type\":\"WebSite\",\"@id\":\"https:\/\/hubsch-interior.com\/fr\/#website\",\"url\":\"https:\/\/hubsch-interior.com\/fr\/\",\"name\":\"H\u00fcbsch\",\"description\":\"Danish Home Interior and Design\",\"publisher\":{\"@id\":\"https:\/\/hubsch-interior.com\/fr\/#organization\"},\"potentialAction\":[{\"@type\":\"SearchAction\",\"target\":{\"@type\":\"EntryPoint\",\"urlTemplate\":\"https:\/\/hubsch-interior.com\/fr\/?s={search_term_string}\"},\"query-input\":{\"@type\":\"PropertyValueSpecification\",\"valueRequired\":true,\"valueName\":\"search_term_string\"}}],\"inLanguage\":\"fr-FR\"},{\"@type\":\"Organization\",\"@id\":\"https:\/\/hubsch-interior.com\/fr\/#organization\",\"name\":\"H\u00fcbsch\",\"url\":\"https:\/\/hubsch-interior.com\/fr\/\",\"logo\":{\"@type\":\"ImageObject\",\"inLanguage\":\"fr-FR\",\"@id\":\"https:\/\/hubsch-interior.com\/fr\/#\/schema\/logo\/image\/\",\"url\":\"https:\/\/hubsch-interior.com\/wp-content\/uploads\/2022\/12\/Hubsch_logo_black_one_line.svg\",\"contentUrl\":\"https:\/\/hubsch-interior.com\/wp-content\/uploads\/2022\/12\/Hubsch_logo_black_one_line.svg\",\"caption\":\"H\u00fcbsch\"},\"image\":{\"@id\":\"https:\/\/hubsch-interior.com\/fr\/#\/schema\/logo\/image\/\"}}]}<\/script>\n<!-- \/ Yoast SEO plugin. -->","yoast_head_json":{"title":"Tower Lampe de table Rouge - H\u00fcbsch","description":"Une touche de couleur dans une silhouette \u00e9lanc\u00e9e. La Tower Lampe de Table en rouge vibrant apporte chaleur et \u00e9nergie aux espaces compacts, avec une","robots":{"index":"index","follow":"follow","max-snippet":"max-snippet:-1","max-image-preview":"max-image-preview:large","max-video-preview":"max-video-preview:-1"},"canonical":"https:\/\/hubsch-interior.com\/fr\/wp-json\/wp\/v2\/product\/1088600","og_locale":"fr_FR","og_type":"article","og_title":"Tower Lampe de table Rouge - H\u00fcbsch","og_description":"Une touche de couleur dans une silhouette \u00e9lanc\u00e9e. La Tower Lampe de Table en rouge vibrant apporte chaleur et \u00e9nergie aux espaces compacts, avec une","og_url":"https:\/\/hubsch-interior.com\/fr\/produit\/tower-lampe-de-table-rouge\/","og_site_name":"H\u00fcbsch","article_modified_time":"2026-04-05T03:12:39+00:00","og_image":[{"width":1200,"height":1200,"url":"https:\/\/hubsch-interior.com\/wp-content\/uploads\/2026\/01\/tower-table-lamp-red-85d317739b8bb67dff737dad0e5b9b08.jpg","type":"image\/jpeg"}],"twitter_card":"summary_large_image","schema":{"@context":"https:\/\/schema.org","@graph":[{"@type":"WebPage","@id":"https:\/\/hubsch-interior.com\/fr\/produit\/tower-lampe-de-table-rouge\/","url":"https:\/\/hubsch-interior.com\/fr\/produit\/tower-lampe-de-table-rouge\/","name":"Tower Lampe de table Rouge - H\u00fcbsch","isPartOf":{"@id":"https:\/\/hubsch-interior.com\/fr\/#website"},"primaryImageOfPage":{"@id":"https:\/\/hubsch-interior.com\/fr\/produit\/tower-lampe-de-table-rouge\/#primaryimage"},"image":{"@id":"https:\/\/hubsch-interior.com\/fr\/produit\/tower-lampe-de-table-rouge\/#primaryimage"},"thumbnailUrl":"https:\/\/hubsch-interior.com\/wp-content\/uploads\/2026\/02\/tower-table-lamp-red-11b285bbb4325166a09e72b56cfb88d7.jpg","datePublished":"2026-01-31T04:01:16+00:00","dateModified":"2026-04-05T03:12:39+00:00","description":"Une touche de couleur dans une silhouette \u00e9lanc\u00e9e. La Tower Lampe de Table en rouge vibrant apporte chaleur et \u00e9nergie aux espaces compacts, avec une","breadcrumb":{"@id":"https:\/\/hubsch-interior.com\/fr\/produit\/tower-lampe-de-table-rouge\/#breadcrumb"},"inLanguage":"fr-FR","potentialAction":[{"@type":"ReadAction","target":["https:\/\/hubsch-interior.com\/fr\/produit\/tower-lampe-de-table-rouge\/"]}]},{"@type":"ImageObject","inLanguage":"fr-FR","@id":"https:\/\/hubsch-interior.com\/fr\/produit\/tower-lampe-de-table-rouge\/#primaryimage","url":"https:\/\/hubsch-interior.com\/wp-content\/uploads\/2026\/02\/tower-table-lamp-red-11b285bbb4325166a09e72b56cfb88d7.jpg","contentUrl":"https:\/\/hubsch-interior.com\/wp-content\/uploads\/2026\/02\/tower-table-lamp-red-11b285bbb4325166a09e72b56cfb88d7.jpg","width":1024,"height":1024},{"@type":"BreadcrumbList","@id":"https:\/\/hubsch-interior.com\/fr\/produit\/tower-lampe-de-table-rouge\/#breadcrumb","itemListElement":[{"@type":"ListItem","position":1,"name":"Page d'accueil","item":"https:\/\/hubsch-interior.com\/fr\/"},{"@type":"ListItem","position":2,"name":"Produits","item":"https:\/\/hubsch-interior.com\/fr\/shop-2\/"},{"@type":"ListItem","position":3,"name":"Tower Lampe de table Rouge"}]},{"@type":"WebSite","@id":"https:\/\/hubsch-interior.com\/fr\/#website","url":"https:\/\/hubsch-interior.com\/fr\/","name":"H\u00fcbsch","description":"Danish Home Interior and Design","publisher":{"@id":"https:\/\/hubsch-interior.com\/fr\/#organization"},"potentialAction":[{"@type":"SearchAction","target":{"@type":"EntryPoint","urlTemplate":"https:\/\/hubsch-interior.com\/fr\/?s={search_term_string}"},"query-input":{"@type":"PropertyValueSpecification","valueRequired":true,"valueName":"search_term_string"}}],"inLanguage":"fr-FR"},{"@type":"Organization","@id":"https:\/\/hubsch-interior.com\/fr\/#organization","name":"H\u00fcbsch","url":"https:\/\/hubsch-interior.com\/fr\/","logo":{"@type":"ImageObject","inLanguage":"fr-FR","@id":"https:\/\/hubsch-interior.com\/fr\/#\/schema\/logo\/image\/","url":"https:\/\/hubsch-interior.com\/wp-content\/uploads\/2022\/12\/Hubsch_logo_black_one_line.svg","contentUrl":"https:\/\/hubsch-interior.com\/wp-content\/uploads\/2022\/12\/Hubsch_logo_black_one_line.svg","caption":"H\u00fcbsch"},"image":{"@id":"https:\/\/hubsch-interior.com\/fr\/#\/schema\/logo\/image\/"}}]}},"_links":{"self":[{"href":"https:\/\/hubsch-interior.com\/fr\/wp-json\/wp\/v2\/product\/1088600","targetHints":{"allow":["GET"]}}],"collection":[{"href":"https:\/\/hubsch-interior.com\/fr\/wp-json\/wp\/v2\/product"}],"about":[{"href":"https:\/\/hubsch-interior.com\/fr\/wp-json\/wp\/v2\/types\/product"}],"wp:featuredmedia":[{"embeddable":true,"href":"https:\/\/hubsch-interior.com\/fr\/wp-json\/wp\/v2\/media\/1108263"}],"wp:attachment":[{"href":"https:\/\/hubsch-interior.com\/fr\/wp-json\/wp\/v2\/media?parent=1088600"}],"wp:term":[{"taxonomy":"product_brand","embeddable":true,"href":"https:\/\/hubsch-interior.com\/fr\/wp-json\/wp\/v2\/product_brand?post=1088600"},{"taxonomy":"product_cat","embeddable":true,"href":"https:\/\/hubsch-interior.com\/fr\/wp-json\/wp\/v2\/product_cat?post=1088600"},{"taxonomy":"product_tag","embeddable":true,"href":"https:\/\/hubsch-interior.com\/fr\/wp-json\/wp\/v2\/product_tag?post=1088600"}],"curies":[{"name":"wp","href":"https:\/\/api.w.org\/{rel}","templated":true}]}}