{"id":1088624,"date":"2026-01-31T05:02:08","date_gmt":"2026-01-31T04:02:08","guid":{"rendered":"https:\/\/hubsch-interior.com\/product\/product\/"},"modified":"2026-04-05T05:13:07","modified_gmt":"2026-04-05T03:13:07","slug":"arte-lampe-murale-bleu-sable","status":"publish","type":"product","link":"https:\/\/hubsch-interior.com\/fr\/produit\/arte-lampe-murale-bleu-sable\/","title":{"rendered":"Arte Lampe murale Bleu\/Sable"},"content":{"rendered":"<p>Une lumi\u00e8re qui parle en couleurs. L&#8217;Arte Lampe murale associe des tons doux de bleu et de sable dans une palette inspir\u00e9e du r\u00e9tro, apportant une \u00e9nergie apaisante \u00e0 votre espace. Son jeu subtil de blocs de couleurs ajoute juste ce qu&#8217;il faut de personnalit\u00e9 \u2014 remarquable, mais jamais bruyante. Qu&#8217;elle illumine vos lectures nocturnes ou projette une douce lueur dans un coin tranquille, elle cr\u00e9e une ambiance \u00e0 la fois cosy et expressive. Une petite lampe murale avec un grand sens de l&#8217;atmosph\u00e8re.<\/p>\n","protected":false},"excerpt":{"rendered":"<p>Une lumi\u00e8re qui parle en couleurs. L&#8217;Arte Lampe murale associe des tons doux de bleu et de sable dans une palette inspir\u00e9e du r\u00e9tro, apportant une \u00e9nergie apaisante \u00e0 votre espace. Son jeu subtil de blocs de couleurs ajoute juste ce qu&#8217;il faut de personnalit\u00e9 \u2014 remarquable, mais jamais bruyante. Qu&#8217;elle illumine vos lectures nocturnes [&hellip;]<\/p>\n","protected":false},"featured_media":1108347,"template":"","meta":{"_acf_changed":false,"inline_featured_image":false},"product_brand":[],"product_cat":[7154,3810,3407,5046],"product_tag":[],"class_list":{"0":"post-1088624","1":"product","2":"type-product","3":"status-publish","4":"has-post-thumbnail","6":"product_cat-dweller-fr","7":"product_cat-luminaires","8":"product_cat-appliques-murales-fr","9":"product_cat-nouveautes-fr","10":"product_shipping_class-pk","12":"pa_color-sable","13":"pa_color-bleu-2","14":"pa_material-fer-fr","16":"first","17":"instock","18":"taxable","19":"shipping-taxable","20":"purchasable","21":"product-type-simple"},"exclude_global_add_ons":[],"addons":[],"acf":[],"yoast_head":"<!-- This site is optimized with the Yoast SEO plugin v26.4 - https:\/\/yoast.com\/wordpress\/plugins\/seo\/ -->\n<title>Arte Lampe murale Bleu\/Sable - H\u00fcbsch<\/title>\n<meta name=\"description\" content=\"Une lumi\u00e8re qui parle en couleurs. L&#039;Arte Lampe murale associe des tons doux de bleu et de sable dans une palette inspir\u00e9e du r\u00e9tro, apportant une \u00e9nergie\" \/>\n<meta name=\"robots\" content=\"index, follow, max-snippet:-1, max-image-preview:large, max-video-preview:-1\" \/>\n<link rel=\"canonical\" href=\"https:\/\/hubsch-interior.com\/fr\/wp-json\/wp\/v2\/product\/1088624\" \/>\n<meta property=\"og:locale\" content=\"fr_FR\" \/>\n<meta property=\"og:type\" content=\"article\" \/>\n<meta property=\"og:title\" content=\"Arte Lampe murale Bleu\/Sable - H\u00fcbsch\" \/>\n<meta property=\"og:description\" content=\"Une lumi\u00e8re qui parle en couleurs. L&#039;Arte Lampe murale associe des tons doux de bleu et de sable dans une palette inspir\u00e9e du r\u00e9tro, apportant une \u00e9nergie\" \/>\n<meta property=\"og:url\" content=\"https:\/\/hubsch-interior.com\/fr\/produit\/arte-lampe-murale-bleu-sable\/\" \/>\n<meta property=\"og:site_name\" content=\"H\u00fcbsch\" \/>\n<meta property=\"article:modified_time\" content=\"2026-04-05T03:13:07+00:00\" \/>\n<meta property=\"og:image\" content=\"https:\/\/hubsch-interior.com\/wp-content\/uploads\/2026\/01\/arte-wall-lamp-bluesand-c06484ef61ec7dadbf328c199ba089ad.jpg\" \/>\n\t<meta property=\"og:image:width\" content=\"1200\" \/>\n\t<meta property=\"og:image:height\" content=\"1200\" \/>\n\t<meta property=\"og:image:type\" content=\"image\/jpeg\" \/>\n<meta name=\"twitter:card\" content=\"summary_large_image\" \/>\n<script type=\"application\/ld+json\" class=\"yoast-schema-graph\">{\"@context\":\"https:\/\/schema.org\",\"@graph\":[{\"@type\":\"WebPage\",\"@id\":\"https:\/\/hubsch-interior.com\/fr\/produit\/arte-lampe-murale-bleu-sable\/\",\"url\":\"https:\/\/hubsch-interior.com\/fr\/produit\/arte-lampe-murale-bleu-sable\/\",\"name\":\"Arte Lampe murale Bleu\/Sable - H\u00fcbsch\",\"isPartOf\":{\"@id\":\"https:\/\/hubsch-interior.com\/fr\/#website\"},\"primaryImageOfPage\":{\"@id\":\"https:\/\/hubsch-interior.com\/fr\/produit\/arte-lampe-murale-bleu-sable\/#primaryimage\"},\"image\":{\"@id\":\"https:\/\/hubsch-interior.com\/fr\/produit\/arte-lampe-murale-bleu-sable\/#primaryimage\"},\"thumbnailUrl\":\"https:\/\/hubsch-interior.com\/wp-content\/uploads\/2026\/02\/arte-wall-lamp-bluesand-eb7b92b52d719bd31b0d7baae26f01a4.jpg\",\"datePublished\":\"2026-01-31T04:02:08+00:00\",\"dateModified\":\"2026-04-05T03:13:07+00:00\",\"description\":\"Une lumi\u00e8re qui parle en couleurs. L'Arte Lampe murale associe des tons doux de bleu et de sable dans une palette inspir\u00e9e du r\u00e9tro, apportant une \u00e9nergie\",\"breadcrumb\":{\"@id\":\"https:\/\/hubsch-interior.com\/fr\/produit\/arte-lampe-murale-bleu-sable\/#breadcrumb\"},\"inLanguage\":\"fr-FR\",\"potentialAction\":[{\"@type\":\"ReadAction\",\"target\":[\"https:\/\/hubsch-interior.com\/fr\/produit\/arte-lampe-murale-bleu-sable\/\"]}]},{\"@type\":\"ImageObject\",\"inLanguage\":\"fr-FR\",\"@id\":\"https:\/\/hubsch-interior.com\/fr\/produit\/arte-lampe-murale-bleu-sable\/#primaryimage\",\"url\":\"https:\/\/hubsch-interior.com\/wp-content\/uploads\/2026\/02\/arte-wall-lamp-bluesand-eb7b92b52d719bd31b0d7baae26f01a4.jpg\",\"contentUrl\":\"https:\/\/hubsch-interior.com\/wp-content\/uploads\/2026\/02\/arte-wall-lamp-bluesand-eb7b92b52d719bd31b0d7baae26f01a4.jpg\",\"width\":1024,\"height\":1024},{\"@type\":\"BreadcrumbList\",\"@id\":\"https:\/\/hubsch-interior.com\/fr\/produit\/arte-lampe-murale-bleu-sable\/#breadcrumb\",\"itemListElement\":[{\"@type\":\"ListItem\",\"position\":1,\"name\":\"Page d'accueil\",\"item\":\"https:\/\/hubsch-interior.com\/fr\/\"},{\"@type\":\"ListItem\",\"position\":2,\"name\":\"Produits\",\"item\":\"https:\/\/hubsch-interior.com\/fr\/shop-2\/\"},{\"@type\":\"ListItem\",\"position\":3,\"name\":\"Arte Lampe murale Bleu\/Sable\"}]},{\"@type\":\"WebSite\",\"@id\":\"https:\/\/hubsch-interior.com\/fr\/#website\",\"url\":\"https:\/\/hubsch-interior.com\/fr\/\",\"name\":\"H\u00fcbsch\",\"description\":\"Danish Home Interior and Design\",\"publisher\":{\"@id\":\"https:\/\/hubsch-interior.com\/fr\/#organization\"},\"potentialAction\":[{\"@type\":\"SearchAction\",\"target\":{\"@type\":\"EntryPoint\",\"urlTemplate\":\"https:\/\/hubsch-interior.com\/fr\/?s={search_term_string}\"},\"query-input\":{\"@type\":\"PropertyValueSpecification\",\"valueRequired\":true,\"valueName\":\"search_term_string\"}}],\"inLanguage\":\"fr-FR\"},{\"@type\":\"Organization\",\"@id\":\"https:\/\/hubsch-interior.com\/fr\/#organization\",\"name\":\"H\u00fcbsch\",\"url\":\"https:\/\/hubsch-interior.com\/fr\/\",\"logo\":{\"@type\":\"ImageObject\",\"inLanguage\":\"fr-FR\",\"@id\":\"https:\/\/hubsch-interior.com\/fr\/#\/schema\/logo\/image\/\",\"url\":\"https:\/\/hubsch-interior.com\/wp-content\/uploads\/2022\/12\/Hubsch_logo_black_one_line.svg\",\"contentUrl\":\"https:\/\/hubsch-interior.com\/wp-content\/uploads\/2022\/12\/Hubsch_logo_black_one_line.svg\",\"caption\":\"H\u00fcbsch\"},\"image\":{\"@id\":\"https:\/\/hubsch-interior.com\/fr\/#\/schema\/logo\/image\/\"}}]}<\/script>\n<!-- \/ Yoast SEO plugin. -->","yoast_head_json":{"title":"Arte Lampe murale Bleu\/Sable - H\u00fcbsch","description":"Une lumi\u00e8re qui parle en couleurs. L'Arte Lampe murale associe des tons doux de bleu et de sable dans une palette inspir\u00e9e du r\u00e9tro, apportant une \u00e9nergie","robots":{"index":"index","follow":"follow","max-snippet":"max-snippet:-1","max-image-preview":"max-image-preview:large","max-video-preview":"max-video-preview:-1"},"canonical":"https:\/\/hubsch-interior.com\/fr\/wp-json\/wp\/v2\/product\/1088624","og_locale":"fr_FR","og_type":"article","og_title":"Arte Lampe murale Bleu\/Sable - H\u00fcbsch","og_description":"Une lumi\u00e8re qui parle en couleurs. L'Arte Lampe murale associe des tons doux de bleu et de sable dans une palette inspir\u00e9e du r\u00e9tro, apportant une \u00e9nergie","og_url":"https:\/\/hubsch-interior.com\/fr\/produit\/arte-lampe-murale-bleu-sable\/","og_site_name":"H\u00fcbsch","article_modified_time":"2026-04-05T03:13:07+00:00","og_image":[{"width":1200,"height":1200,"url":"https:\/\/hubsch-interior.com\/wp-content\/uploads\/2026\/01\/arte-wall-lamp-bluesand-c06484ef61ec7dadbf328c199ba089ad.jpg","type":"image\/jpeg"}],"twitter_card":"summary_large_image","schema":{"@context":"https:\/\/schema.org","@graph":[{"@type":"WebPage","@id":"https:\/\/hubsch-interior.com\/fr\/produit\/arte-lampe-murale-bleu-sable\/","url":"https:\/\/hubsch-interior.com\/fr\/produit\/arte-lampe-murale-bleu-sable\/","name":"Arte Lampe murale Bleu\/Sable - H\u00fcbsch","isPartOf":{"@id":"https:\/\/hubsch-interior.com\/fr\/#website"},"primaryImageOfPage":{"@id":"https:\/\/hubsch-interior.com\/fr\/produit\/arte-lampe-murale-bleu-sable\/#primaryimage"},"image":{"@id":"https:\/\/hubsch-interior.com\/fr\/produit\/arte-lampe-murale-bleu-sable\/#primaryimage"},"thumbnailUrl":"https:\/\/hubsch-interior.com\/wp-content\/uploads\/2026\/02\/arte-wall-lamp-bluesand-eb7b92b52d719bd31b0d7baae26f01a4.jpg","datePublished":"2026-01-31T04:02:08+00:00","dateModified":"2026-04-05T03:13:07+00:00","description":"Une lumi\u00e8re qui parle en couleurs. L'Arte Lampe murale associe des tons doux de bleu et de sable dans une palette inspir\u00e9e du r\u00e9tro, apportant une \u00e9nergie","breadcrumb":{"@id":"https:\/\/hubsch-interior.com\/fr\/produit\/arte-lampe-murale-bleu-sable\/#breadcrumb"},"inLanguage":"fr-FR","potentialAction":[{"@type":"ReadAction","target":["https:\/\/hubsch-interior.com\/fr\/produit\/arte-lampe-murale-bleu-sable\/"]}]},{"@type":"ImageObject","inLanguage":"fr-FR","@id":"https:\/\/hubsch-interior.com\/fr\/produit\/arte-lampe-murale-bleu-sable\/#primaryimage","url":"https:\/\/hubsch-interior.com\/wp-content\/uploads\/2026\/02\/arte-wall-lamp-bluesand-eb7b92b52d719bd31b0d7baae26f01a4.jpg","contentUrl":"https:\/\/hubsch-interior.com\/wp-content\/uploads\/2026\/02\/arte-wall-lamp-bluesand-eb7b92b52d719bd31b0d7baae26f01a4.jpg","width":1024,"height":1024},{"@type":"BreadcrumbList","@id":"https:\/\/hubsch-interior.com\/fr\/produit\/arte-lampe-murale-bleu-sable\/#breadcrumb","itemListElement":[{"@type":"ListItem","position":1,"name":"Page d'accueil","item":"https:\/\/hubsch-interior.com\/fr\/"},{"@type":"ListItem","position":2,"name":"Produits","item":"https:\/\/hubsch-interior.com\/fr\/shop-2\/"},{"@type":"ListItem","position":3,"name":"Arte Lampe murale Bleu\/Sable"}]},{"@type":"WebSite","@id":"https:\/\/hubsch-interior.com\/fr\/#website","url":"https:\/\/hubsch-interior.com\/fr\/","name":"H\u00fcbsch","description":"Danish Home Interior and Design","publisher":{"@id":"https:\/\/hubsch-interior.com\/fr\/#organization"},"potentialAction":[{"@type":"SearchAction","target":{"@type":"EntryPoint","urlTemplate":"https:\/\/hubsch-interior.com\/fr\/?s={search_term_string}"},"query-input":{"@type":"PropertyValueSpecification","valueRequired":true,"valueName":"search_term_string"}}],"inLanguage":"fr-FR"},{"@type":"Organization","@id":"https:\/\/hubsch-interior.com\/fr\/#organization","name":"H\u00fcbsch","url":"https:\/\/hubsch-interior.com\/fr\/","logo":{"@type":"ImageObject","inLanguage":"fr-FR","@id":"https:\/\/hubsch-interior.com\/fr\/#\/schema\/logo\/image\/","url":"https:\/\/hubsch-interior.com\/wp-content\/uploads\/2022\/12\/Hubsch_logo_black_one_line.svg","contentUrl":"https:\/\/hubsch-interior.com\/wp-content\/uploads\/2022\/12\/Hubsch_logo_black_one_line.svg","caption":"H\u00fcbsch"},"image":{"@id":"https:\/\/hubsch-interior.com\/fr\/#\/schema\/logo\/image\/"}}]}},"_links":{"self":[{"href":"https:\/\/hubsch-interior.com\/fr\/wp-json\/wp\/v2\/product\/1088624","targetHints":{"allow":["GET"]}}],"collection":[{"href":"https:\/\/hubsch-interior.com\/fr\/wp-json\/wp\/v2\/product"}],"about":[{"href":"https:\/\/hubsch-interior.com\/fr\/wp-json\/wp\/v2\/types\/product"}],"wp:featuredmedia":[{"embeddable":true,"href":"https:\/\/hubsch-interior.com\/fr\/wp-json\/wp\/v2\/media\/1108347"}],"wp:attachment":[{"href":"https:\/\/hubsch-interior.com\/fr\/wp-json\/wp\/v2\/media?parent=1088624"}],"wp:term":[{"taxonomy":"product_brand","embeddable":true,"href":"https:\/\/hubsch-interior.com\/fr\/wp-json\/wp\/v2\/product_brand?post=1088624"},{"taxonomy":"product_cat","embeddable":true,"href":"https:\/\/hubsch-interior.com\/fr\/wp-json\/wp\/v2\/product_cat?post=1088624"},{"taxonomy":"product_tag","embeddable":true,"href":"https:\/\/hubsch-interior.com\/fr\/wp-json\/wp\/v2\/product_tag?post=1088624"}],"curies":[{"name":"wp","href":"https:\/\/api.w.org\/{rel}","templated":true}]}}