{"id":1088644,"date":"2026-01-31T05:02:21","date_gmt":"2026-01-31T04:02:21","guid":{"rendered":"https:\/\/hubsch-interior.com\/product\/product\/"},"modified":"2026-04-05T05:13:11","modified_gmt":"2026-04-05T03:13:11","slug":"reflector-lampadaire-marron","status":"publish","type":"product","link":"https:\/\/hubsch-interior.com\/fr\/produit\/reflector-lampadaire-marron\/","title":{"rendered":"Reflector Lampadaire Marron"},"content":{"rendered":"<p>Brillant, sculptural et plein de caract\u00e8re. Le Reflector Lampadaire en brun doux transporte l&#8217;\u00e9l\u00e9gance r\u00e9tro dans l&#8217;\u00e8re actuelle, associant des surfaces hautement brillantes \u00e0 des d\u00e9tails chrom\u00e9s \u00e9l\u00e9gants pour un look \u00e0 la fois nostalgique et moderne. Dot\u00e9 de fonctionnalit\u00e9s ajustables et d&#8217;une luminosit\u00e9 variable, il vous permet de modifier l&#8217;ambiance de concentr\u00e9e \u00e0 feutr\u00e9e en un instant. Qu&#8217;il soit nich\u00e9 dans un coin lecture ou utilis\u00e9 comme pi\u00e8ce ma\u00eetresse, il illumine la pi\u00e8ce avec une discr\u00e8te dramaturgie. Un lampadaire qui ne se contente pas de refl\u00e9ter \u2014 il transforme.<\/p>\n","protected":false},"excerpt":{"rendered":"<p>Brillant, sculptural et plein de caract\u00e8re. Le Reflector Lampadaire en brun doux transporte l&#8217;\u00e9l\u00e9gance r\u00e9tro dans l&#8217;\u00e8re actuelle, associant des surfaces hautement brillantes \u00e0 des d\u00e9tails chrom\u00e9s \u00e9l\u00e9gants pour un look \u00e0 la fois nostalgique et moderne. Dot\u00e9 de fonctionnalit\u00e9s ajustables et d&#8217;une luminosit\u00e9 variable, il vous permet de modifier l&#8217;ambiance de concentr\u00e9e \u00e0 feutr\u00e9e [&hellip;]<\/p>\n","protected":false},"featured_media":1108363,"template":"","meta":{"_acf_changed":false,"inline_featured_image":false},"product_brand":[],"product_cat":[7154,3810,3496,5026,5046],"product_tag":[],"class_list":{"0":"post-1088644","1":"product","2":"type-product","3":"status-publish","4":"has-post-thumbnail","6":"product_cat-dweller-fr","7":"product_cat-luminaires","8":"product_cat-lampadaires-fr","9":"product_cat-bestsellers-fr","10":"product_cat-nouveautes-fr","11":"product_shipping_class-p05","13":"pa_color-marron","14":"pa_material-fer-fr","15":"pa_material-polycarbonate-2","17":"first","18":"instock","19":"featured","20":"taxable","21":"shipping-taxable","22":"purchasable","23":"product-type-simple"},"exclude_global_add_ons":[],"addons":[],"acf":[],"yoast_head":"<!-- This site is optimized with the Yoast SEO plugin v26.4 - https:\/\/yoast.com\/wordpress\/plugins\/seo\/ -->\n<title>Reflector Lampadaire Marron - H\u00fcbsch<\/title>\n<meta name=\"description\" content=\"Brillant, sculptural et plein de caract\u00e8re. Le Reflector Lampadaire en brun doux transporte l&#039;\u00e9l\u00e9gance r\u00e9tro dans l&#039;\u00e8re actuelle, associant des surfaces\" \/>\n<meta name=\"robots\" content=\"index, follow, max-snippet:-1, max-image-preview:large, max-video-preview:-1\" \/>\n<link rel=\"canonical\" href=\"https:\/\/hubsch-interior.com\/fr\/wp-json\/wp\/v2\/product\/1088644\" \/>\n<meta property=\"og:locale\" content=\"fr_FR\" \/>\n<meta property=\"og:type\" content=\"article\" \/>\n<meta property=\"og:title\" content=\"Reflector Lampadaire Marron - H\u00fcbsch\" \/>\n<meta property=\"og:description\" content=\"Brillant, sculptural et plein de caract\u00e8re. Le Reflector Lampadaire en brun doux transporte l&#039;\u00e9l\u00e9gance r\u00e9tro dans l&#039;\u00e8re actuelle, associant des surfaces\" \/>\n<meta property=\"og:url\" content=\"https:\/\/hubsch-interior.com\/fr\/produit\/reflector-lampadaire-marron\/\" \/>\n<meta property=\"og:site_name\" content=\"H\u00fcbsch\" \/>\n<meta property=\"article:modified_time\" content=\"2026-04-05T03:13:11+00:00\" \/>\n<meta property=\"og:image\" content=\"https:\/\/hubsch-interior.com\/wp-content\/uploads\/2026\/01\/reflector-floor-lamp-brown-3ba43593ccab318144a287be820e391a.jpg\" \/>\n\t<meta property=\"og:image:width\" content=\"1200\" \/>\n\t<meta property=\"og:image:height\" content=\"1200\" \/>\n\t<meta property=\"og:image:type\" content=\"image\/jpeg\" \/>\n<meta name=\"twitter:card\" content=\"summary_large_image\" \/>\n<meta name=\"twitter:label1\" content=\"Dur\u00e9e de lecture estim\u00e9e\" \/>\n\t<meta name=\"twitter:data1\" content=\"1 minute\" \/>\n<script type=\"application\/ld+json\" class=\"yoast-schema-graph\">{\"@context\":\"https:\/\/schema.org\",\"@graph\":[{\"@type\":\"WebPage\",\"@id\":\"https:\/\/hubsch-interior.com\/fr\/produit\/reflector-lampadaire-marron\/\",\"url\":\"https:\/\/hubsch-interior.com\/fr\/produit\/reflector-lampadaire-marron\/\",\"name\":\"Reflector Lampadaire Marron - H\u00fcbsch\",\"isPartOf\":{\"@id\":\"https:\/\/hubsch-interior.com\/fr\/#website\"},\"primaryImageOfPage\":{\"@id\":\"https:\/\/hubsch-interior.com\/fr\/produit\/reflector-lampadaire-marron\/#primaryimage\"},\"image\":{\"@id\":\"https:\/\/hubsch-interior.com\/fr\/produit\/reflector-lampadaire-marron\/#primaryimage\"},\"thumbnailUrl\":\"https:\/\/hubsch-interior.com\/wp-content\/uploads\/2026\/02\/reflector-floor-lamp-brown-d890806facf4116e34ac56b5c9d71e54.jpg\",\"datePublished\":\"2026-01-31T04:02:21+00:00\",\"dateModified\":\"2026-04-05T03:13:11+00:00\",\"description\":\"Brillant, sculptural et plein de caract\u00e8re. Le Reflector Lampadaire en brun doux transporte l'\u00e9l\u00e9gance r\u00e9tro dans l'\u00e8re actuelle, associant des surfaces\",\"breadcrumb\":{\"@id\":\"https:\/\/hubsch-interior.com\/fr\/produit\/reflector-lampadaire-marron\/#breadcrumb\"},\"inLanguage\":\"fr-FR\",\"potentialAction\":[{\"@type\":\"ReadAction\",\"target\":[\"https:\/\/hubsch-interior.com\/fr\/produit\/reflector-lampadaire-marron\/\"]}]},{\"@type\":\"ImageObject\",\"inLanguage\":\"fr-FR\",\"@id\":\"https:\/\/hubsch-interior.com\/fr\/produit\/reflector-lampadaire-marron\/#primaryimage\",\"url\":\"https:\/\/hubsch-interior.com\/wp-content\/uploads\/2026\/02\/reflector-floor-lamp-brown-d890806facf4116e34ac56b5c9d71e54.jpg\",\"contentUrl\":\"https:\/\/hubsch-interior.com\/wp-content\/uploads\/2026\/02\/reflector-floor-lamp-brown-d890806facf4116e34ac56b5c9d71e54.jpg\",\"width\":1024,\"height\":1024},{\"@type\":\"BreadcrumbList\",\"@id\":\"https:\/\/hubsch-interior.com\/fr\/produit\/reflector-lampadaire-marron\/#breadcrumb\",\"itemListElement\":[{\"@type\":\"ListItem\",\"position\":1,\"name\":\"Page d'accueil\",\"item\":\"https:\/\/hubsch-interior.com\/fr\/\"},{\"@type\":\"ListItem\",\"position\":2,\"name\":\"Produits\",\"item\":\"https:\/\/hubsch-interior.com\/fr\/shop-2\/\"},{\"@type\":\"ListItem\",\"position\":3,\"name\":\"Reflector Lampadaire Marron\"}]},{\"@type\":\"WebSite\",\"@id\":\"https:\/\/hubsch-interior.com\/fr\/#website\",\"url\":\"https:\/\/hubsch-interior.com\/fr\/\",\"name\":\"H\u00fcbsch\",\"description\":\"Danish Home Interior and Design\",\"publisher\":{\"@id\":\"https:\/\/hubsch-interior.com\/fr\/#organization\"},\"potentialAction\":[{\"@type\":\"SearchAction\",\"target\":{\"@type\":\"EntryPoint\",\"urlTemplate\":\"https:\/\/hubsch-interior.com\/fr\/?s={search_term_string}\"},\"query-input\":{\"@type\":\"PropertyValueSpecification\",\"valueRequired\":true,\"valueName\":\"search_term_string\"}}],\"inLanguage\":\"fr-FR\"},{\"@type\":\"Organization\",\"@id\":\"https:\/\/hubsch-interior.com\/fr\/#organization\",\"name\":\"H\u00fcbsch\",\"url\":\"https:\/\/hubsch-interior.com\/fr\/\",\"logo\":{\"@type\":\"ImageObject\",\"inLanguage\":\"fr-FR\",\"@id\":\"https:\/\/hubsch-interior.com\/fr\/#\/schema\/logo\/image\/\",\"url\":\"https:\/\/hubsch-interior.com\/wp-content\/uploads\/2022\/12\/Hubsch_logo_black_one_line.svg\",\"contentUrl\":\"https:\/\/hubsch-interior.com\/wp-content\/uploads\/2022\/12\/Hubsch_logo_black_one_line.svg\",\"caption\":\"H\u00fcbsch\"},\"image\":{\"@id\":\"https:\/\/hubsch-interior.com\/fr\/#\/schema\/logo\/image\/\"}}]}<\/script>\n<!-- \/ Yoast SEO plugin. -->","yoast_head_json":{"title":"Reflector Lampadaire Marron - H\u00fcbsch","description":"Brillant, sculptural et plein de caract\u00e8re. Le Reflector Lampadaire en brun doux transporte l'\u00e9l\u00e9gance r\u00e9tro dans l'\u00e8re actuelle, associant des surfaces","robots":{"index":"index","follow":"follow","max-snippet":"max-snippet:-1","max-image-preview":"max-image-preview:large","max-video-preview":"max-video-preview:-1"},"canonical":"https:\/\/hubsch-interior.com\/fr\/wp-json\/wp\/v2\/product\/1088644","og_locale":"fr_FR","og_type":"article","og_title":"Reflector Lampadaire Marron - H\u00fcbsch","og_description":"Brillant, sculptural et plein de caract\u00e8re. Le Reflector Lampadaire en brun doux transporte l'\u00e9l\u00e9gance r\u00e9tro dans l'\u00e8re actuelle, associant des surfaces","og_url":"https:\/\/hubsch-interior.com\/fr\/produit\/reflector-lampadaire-marron\/","og_site_name":"H\u00fcbsch","article_modified_time":"2026-04-05T03:13:11+00:00","og_image":[{"width":1200,"height":1200,"url":"https:\/\/hubsch-interior.com\/wp-content\/uploads\/2026\/01\/reflector-floor-lamp-brown-3ba43593ccab318144a287be820e391a.jpg","type":"image\/jpeg"}],"twitter_card":"summary_large_image","twitter_misc":{"Dur\u00e9e de lecture estim\u00e9e":"1 minute"},"schema":{"@context":"https:\/\/schema.org","@graph":[{"@type":"WebPage","@id":"https:\/\/hubsch-interior.com\/fr\/produit\/reflector-lampadaire-marron\/","url":"https:\/\/hubsch-interior.com\/fr\/produit\/reflector-lampadaire-marron\/","name":"Reflector Lampadaire Marron - H\u00fcbsch","isPartOf":{"@id":"https:\/\/hubsch-interior.com\/fr\/#website"},"primaryImageOfPage":{"@id":"https:\/\/hubsch-interior.com\/fr\/produit\/reflector-lampadaire-marron\/#primaryimage"},"image":{"@id":"https:\/\/hubsch-interior.com\/fr\/produit\/reflector-lampadaire-marron\/#primaryimage"},"thumbnailUrl":"https:\/\/hubsch-interior.com\/wp-content\/uploads\/2026\/02\/reflector-floor-lamp-brown-d890806facf4116e34ac56b5c9d71e54.jpg","datePublished":"2026-01-31T04:02:21+00:00","dateModified":"2026-04-05T03:13:11+00:00","description":"Brillant, sculptural et plein de caract\u00e8re. Le Reflector Lampadaire en brun doux transporte l'\u00e9l\u00e9gance r\u00e9tro dans l'\u00e8re actuelle, associant des surfaces","breadcrumb":{"@id":"https:\/\/hubsch-interior.com\/fr\/produit\/reflector-lampadaire-marron\/#breadcrumb"},"inLanguage":"fr-FR","potentialAction":[{"@type":"ReadAction","target":["https:\/\/hubsch-interior.com\/fr\/produit\/reflector-lampadaire-marron\/"]}]},{"@type":"ImageObject","inLanguage":"fr-FR","@id":"https:\/\/hubsch-interior.com\/fr\/produit\/reflector-lampadaire-marron\/#primaryimage","url":"https:\/\/hubsch-interior.com\/wp-content\/uploads\/2026\/02\/reflector-floor-lamp-brown-d890806facf4116e34ac56b5c9d71e54.jpg","contentUrl":"https:\/\/hubsch-interior.com\/wp-content\/uploads\/2026\/02\/reflector-floor-lamp-brown-d890806facf4116e34ac56b5c9d71e54.jpg","width":1024,"height":1024},{"@type":"BreadcrumbList","@id":"https:\/\/hubsch-interior.com\/fr\/produit\/reflector-lampadaire-marron\/#breadcrumb","itemListElement":[{"@type":"ListItem","position":1,"name":"Page d'accueil","item":"https:\/\/hubsch-interior.com\/fr\/"},{"@type":"ListItem","position":2,"name":"Produits","item":"https:\/\/hubsch-interior.com\/fr\/shop-2\/"},{"@type":"ListItem","position":3,"name":"Reflector Lampadaire Marron"}]},{"@type":"WebSite","@id":"https:\/\/hubsch-interior.com\/fr\/#website","url":"https:\/\/hubsch-interior.com\/fr\/","name":"H\u00fcbsch","description":"Danish Home Interior and Design","publisher":{"@id":"https:\/\/hubsch-interior.com\/fr\/#organization"},"potentialAction":[{"@type":"SearchAction","target":{"@type":"EntryPoint","urlTemplate":"https:\/\/hubsch-interior.com\/fr\/?s={search_term_string}"},"query-input":{"@type":"PropertyValueSpecification","valueRequired":true,"valueName":"search_term_string"}}],"inLanguage":"fr-FR"},{"@type":"Organization","@id":"https:\/\/hubsch-interior.com\/fr\/#organization","name":"H\u00fcbsch","url":"https:\/\/hubsch-interior.com\/fr\/","logo":{"@type":"ImageObject","inLanguage":"fr-FR","@id":"https:\/\/hubsch-interior.com\/fr\/#\/schema\/logo\/image\/","url":"https:\/\/hubsch-interior.com\/wp-content\/uploads\/2022\/12\/Hubsch_logo_black_one_line.svg","contentUrl":"https:\/\/hubsch-interior.com\/wp-content\/uploads\/2022\/12\/Hubsch_logo_black_one_line.svg","caption":"H\u00fcbsch"},"image":{"@id":"https:\/\/hubsch-interior.com\/fr\/#\/schema\/logo\/image\/"}}]}},"_links":{"self":[{"href":"https:\/\/hubsch-interior.com\/fr\/wp-json\/wp\/v2\/product\/1088644","targetHints":{"allow":["GET"]}}],"collection":[{"href":"https:\/\/hubsch-interior.com\/fr\/wp-json\/wp\/v2\/product"}],"about":[{"href":"https:\/\/hubsch-interior.com\/fr\/wp-json\/wp\/v2\/types\/product"}],"wp:featuredmedia":[{"embeddable":true,"href":"https:\/\/hubsch-interior.com\/fr\/wp-json\/wp\/v2\/media\/1108363"}],"wp:attachment":[{"href":"https:\/\/hubsch-interior.com\/fr\/wp-json\/wp\/v2\/media?parent=1088644"}],"wp:term":[{"taxonomy":"product_brand","embeddable":true,"href":"https:\/\/hubsch-interior.com\/fr\/wp-json\/wp\/v2\/product_brand?post=1088644"},{"taxonomy":"product_cat","embeddable":true,"href":"https:\/\/hubsch-interior.com\/fr\/wp-json\/wp\/v2\/product_cat?post=1088644"},{"taxonomy":"product_tag","embeddable":true,"href":"https:\/\/hubsch-interior.com\/fr\/wp-json\/wp\/v2\/product_tag?post=1088644"}],"curies":[{"name":"wp","href":"https:\/\/api.w.org\/{rel}","templated":true}]}}