{"id":1088664,"date":"2026-01-31T05:02:33","date_gmt":"2026-01-31T04:02:33","guid":{"rendered":"https:\/\/hubsch-interior.com\/product\/product\/"},"modified":"2026-04-05T05:13:15","modified_gmt":"2026-04-05T03:13:15","slug":"reflector-lampadaire-orange","status":"publish","type":"product","link":"https:\/\/hubsch-interior.com\/fr\/produit\/reflector-lampadaire-orange\/","title":{"rendered":"Reflector Lampadaire Orange"},"content":{"rendered":"<p>Un faisceau audacieux d&#8217;une autre \u00e9poque \u2014 r\u00e9invent\u00e9. Le Reflector Lampadaire en orange vif attire l&#8217;attention avec sa finition haute brillance et son contraste de couleurs ludique, alliant charme \u00e9clatant et forme d&#8217;inspiration vintage. Avec ses caract\u00e9ristiques r\u00e9glables et son \u00e9clairage dimmable, il vous offre un contr\u00f4le total sur l&#8217;ambiance, que vous soyez en train de lire, de vous d\u00e9tendre ou simplement de cr\u00e9er une atmosph\u00e8re. Con\u00e7u pour se d\u00e9marquer sans dominer, il apporte mouvement, lumi\u00e8re et personnalit\u00e9 \u00e0 votre espace. Choisissez parmi deux variantes expressives \u2014 et laissez votre \u00e9clairage parler pour vous.<\/p>\n","protected":false},"excerpt":{"rendered":"<p>Un faisceau audacieux d&#8217;une autre \u00e9poque \u2014 r\u00e9invent\u00e9. Le Reflector Lampadaire en orange vif attire l&#8217;attention avec sa finition haute brillance et son contraste de couleurs ludique, alliant charme \u00e9clatant et forme d&#8217;inspiration vintage. Avec ses caract\u00e9ristiques r\u00e9glables et son \u00e9clairage dimmable, il vous offre un contr\u00f4le total sur l&#8217;ambiance, que vous soyez en train [&hellip;]<\/p>\n","protected":false},"featured_media":1108383,"template":"","meta":{"_acf_changed":false,"inline_featured_image":false},"product_brand":[],"product_cat":[7154,3496,3810,5026,5046],"product_tag":[],"class_list":{"0":"post-1088664","1":"product","2":"type-product","3":"status-publish","4":"has-post-thumbnail","6":"product_cat-dweller-fr","7":"product_cat-lampadaires-fr","8":"product_cat-luminaires","9":"product_cat-bestsellers-fr","10":"product_cat-nouveautes-fr","11":"product_shipping_class-p05","13":"pa_color-orange-fr","14":"pa_material-fer-fr","15":"pa_material-polycarbonate-2","17":"first","18":"instock","19":"featured","20":"taxable","21":"shipping-taxable","22":"purchasable","23":"product-type-simple"},"exclude_global_add_ons":[],"addons":[],"acf":[],"yoast_head":"<!-- This site is optimized with the Yoast SEO plugin v26.4 - https:\/\/yoast.com\/wordpress\/plugins\/seo\/ -->\n<title>Reflector Lampadaire Orange - H\u00fcbsch<\/title>\n<meta name=\"description\" content=\"Un faisceau audacieux d&#039;une autre \u00e9poque \u2014 r\u00e9invent\u00e9. Le Reflector Lampadaire en orange vif attire l&#039;attention avec sa finition haute brillance et son\" \/>\n<meta name=\"robots\" content=\"index, follow, max-snippet:-1, max-image-preview:large, max-video-preview:-1\" \/>\n<link rel=\"canonical\" href=\"https:\/\/hubsch-interior.com\/fr\/wp-json\/wp\/v2\/product\/1088664\" \/>\n<meta property=\"og:locale\" content=\"fr_FR\" \/>\n<meta property=\"og:type\" content=\"article\" \/>\n<meta property=\"og:title\" content=\"Reflector Lampadaire Orange - H\u00fcbsch\" \/>\n<meta property=\"og:description\" content=\"Un faisceau audacieux d&#039;une autre \u00e9poque \u2014 r\u00e9invent\u00e9. Le Reflector Lampadaire en orange vif attire l&#039;attention avec sa finition haute brillance et son\" \/>\n<meta property=\"og:url\" content=\"https:\/\/hubsch-interior.com\/fr\/produit\/reflector-lampadaire-orange\/\" \/>\n<meta property=\"og:site_name\" content=\"H\u00fcbsch\" \/>\n<meta property=\"article:modified_time\" content=\"2026-04-05T03:13:15+00:00\" \/>\n<meta property=\"og:image\" content=\"https:\/\/hubsch-interior.com\/wp-content\/uploads\/2026\/01\/reflector-floor-lamp-orange-a1f85f0794973190afb09dc6fe285851.jpg\" \/>\n\t<meta property=\"og:image:width\" content=\"1200\" \/>\n\t<meta property=\"og:image:height\" content=\"1200\" \/>\n\t<meta property=\"og:image:type\" content=\"image\/jpeg\" \/>\n<meta name=\"twitter:card\" content=\"summary_large_image\" \/>\n<meta name=\"twitter:label1\" content=\"Dur\u00e9e de lecture estim\u00e9e\" \/>\n\t<meta name=\"twitter:data1\" content=\"1 minute\" \/>\n<script type=\"application\/ld+json\" class=\"yoast-schema-graph\">{\"@context\":\"https:\/\/schema.org\",\"@graph\":[{\"@type\":\"WebPage\",\"@id\":\"https:\/\/hubsch-interior.com\/fr\/produit\/reflector-lampadaire-orange\/\",\"url\":\"https:\/\/hubsch-interior.com\/fr\/produit\/reflector-lampadaire-orange\/\",\"name\":\"Reflector Lampadaire Orange - H\u00fcbsch\",\"isPartOf\":{\"@id\":\"https:\/\/hubsch-interior.com\/fr\/#website\"},\"primaryImageOfPage\":{\"@id\":\"https:\/\/hubsch-interior.com\/fr\/produit\/reflector-lampadaire-orange\/#primaryimage\"},\"image\":{\"@id\":\"https:\/\/hubsch-interior.com\/fr\/produit\/reflector-lampadaire-orange\/#primaryimage\"},\"thumbnailUrl\":\"https:\/\/hubsch-interior.com\/wp-content\/uploads\/2026\/02\/reflector-floor-lamp-orange-d11f3ae32353ec290fc844345ae3b7c2.jpg\",\"datePublished\":\"2026-01-31T04:02:33+00:00\",\"dateModified\":\"2026-04-05T03:13:15+00:00\",\"description\":\"Un faisceau audacieux d'une autre \u00e9poque \u2014 r\u00e9invent\u00e9. Le Reflector Lampadaire en orange vif attire l'attention avec sa finition haute brillance et son\",\"breadcrumb\":{\"@id\":\"https:\/\/hubsch-interior.com\/fr\/produit\/reflector-lampadaire-orange\/#breadcrumb\"},\"inLanguage\":\"fr-FR\",\"potentialAction\":[{\"@type\":\"ReadAction\",\"target\":[\"https:\/\/hubsch-interior.com\/fr\/produit\/reflector-lampadaire-orange\/\"]}]},{\"@type\":\"ImageObject\",\"inLanguage\":\"fr-FR\",\"@id\":\"https:\/\/hubsch-interior.com\/fr\/produit\/reflector-lampadaire-orange\/#primaryimage\",\"url\":\"https:\/\/hubsch-interior.com\/wp-content\/uploads\/2026\/02\/reflector-floor-lamp-orange-d11f3ae32353ec290fc844345ae3b7c2.jpg\",\"contentUrl\":\"https:\/\/hubsch-interior.com\/wp-content\/uploads\/2026\/02\/reflector-floor-lamp-orange-d11f3ae32353ec290fc844345ae3b7c2.jpg\",\"width\":1024,\"height\":1024},{\"@type\":\"BreadcrumbList\",\"@id\":\"https:\/\/hubsch-interior.com\/fr\/produit\/reflector-lampadaire-orange\/#breadcrumb\",\"itemListElement\":[{\"@type\":\"ListItem\",\"position\":1,\"name\":\"Page d'accueil\",\"item\":\"https:\/\/hubsch-interior.com\/fr\/\"},{\"@type\":\"ListItem\",\"position\":2,\"name\":\"Produits\",\"item\":\"https:\/\/hubsch-interior.com\/fr\/shop-2\/\"},{\"@type\":\"ListItem\",\"position\":3,\"name\":\"Reflector Lampadaire Orange\"}]},{\"@type\":\"WebSite\",\"@id\":\"https:\/\/hubsch-interior.com\/fr\/#website\",\"url\":\"https:\/\/hubsch-interior.com\/fr\/\",\"name\":\"H\u00fcbsch\",\"description\":\"Danish Home Interior and Design\",\"publisher\":{\"@id\":\"https:\/\/hubsch-interior.com\/fr\/#organization\"},\"potentialAction\":[{\"@type\":\"SearchAction\",\"target\":{\"@type\":\"EntryPoint\",\"urlTemplate\":\"https:\/\/hubsch-interior.com\/fr\/?s={search_term_string}\"},\"query-input\":{\"@type\":\"PropertyValueSpecification\",\"valueRequired\":true,\"valueName\":\"search_term_string\"}}],\"inLanguage\":\"fr-FR\"},{\"@type\":\"Organization\",\"@id\":\"https:\/\/hubsch-interior.com\/fr\/#organization\",\"name\":\"H\u00fcbsch\",\"url\":\"https:\/\/hubsch-interior.com\/fr\/\",\"logo\":{\"@type\":\"ImageObject\",\"inLanguage\":\"fr-FR\",\"@id\":\"https:\/\/hubsch-interior.com\/fr\/#\/schema\/logo\/image\/\",\"url\":\"https:\/\/hubsch-interior.com\/wp-content\/uploads\/2022\/12\/Hubsch_logo_black_one_line.svg\",\"contentUrl\":\"https:\/\/hubsch-interior.com\/wp-content\/uploads\/2022\/12\/Hubsch_logo_black_one_line.svg\",\"caption\":\"H\u00fcbsch\"},\"image\":{\"@id\":\"https:\/\/hubsch-interior.com\/fr\/#\/schema\/logo\/image\/\"}}]}<\/script>\n<!-- \/ Yoast SEO plugin. -->","yoast_head_json":{"title":"Reflector Lampadaire Orange - H\u00fcbsch","description":"Un faisceau audacieux d'une autre \u00e9poque \u2014 r\u00e9invent\u00e9. Le Reflector Lampadaire en orange vif attire l'attention avec sa finition haute brillance et son","robots":{"index":"index","follow":"follow","max-snippet":"max-snippet:-1","max-image-preview":"max-image-preview:large","max-video-preview":"max-video-preview:-1"},"canonical":"https:\/\/hubsch-interior.com\/fr\/wp-json\/wp\/v2\/product\/1088664","og_locale":"fr_FR","og_type":"article","og_title":"Reflector Lampadaire Orange - H\u00fcbsch","og_description":"Un faisceau audacieux d'une autre \u00e9poque \u2014 r\u00e9invent\u00e9. Le Reflector Lampadaire en orange vif attire l'attention avec sa finition haute brillance et son","og_url":"https:\/\/hubsch-interior.com\/fr\/produit\/reflector-lampadaire-orange\/","og_site_name":"H\u00fcbsch","article_modified_time":"2026-04-05T03:13:15+00:00","og_image":[{"width":1200,"height":1200,"url":"https:\/\/hubsch-interior.com\/wp-content\/uploads\/2026\/01\/reflector-floor-lamp-orange-a1f85f0794973190afb09dc6fe285851.jpg","type":"image\/jpeg"}],"twitter_card":"summary_large_image","twitter_misc":{"Dur\u00e9e de lecture estim\u00e9e":"1 minute"},"schema":{"@context":"https:\/\/schema.org","@graph":[{"@type":"WebPage","@id":"https:\/\/hubsch-interior.com\/fr\/produit\/reflector-lampadaire-orange\/","url":"https:\/\/hubsch-interior.com\/fr\/produit\/reflector-lampadaire-orange\/","name":"Reflector Lampadaire Orange - H\u00fcbsch","isPartOf":{"@id":"https:\/\/hubsch-interior.com\/fr\/#website"},"primaryImageOfPage":{"@id":"https:\/\/hubsch-interior.com\/fr\/produit\/reflector-lampadaire-orange\/#primaryimage"},"image":{"@id":"https:\/\/hubsch-interior.com\/fr\/produit\/reflector-lampadaire-orange\/#primaryimage"},"thumbnailUrl":"https:\/\/hubsch-interior.com\/wp-content\/uploads\/2026\/02\/reflector-floor-lamp-orange-d11f3ae32353ec290fc844345ae3b7c2.jpg","datePublished":"2026-01-31T04:02:33+00:00","dateModified":"2026-04-05T03:13:15+00:00","description":"Un faisceau audacieux d'une autre \u00e9poque \u2014 r\u00e9invent\u00e9. Le Reflector Lampadaire en orange vif attire l'attention avec sa finition haute brillance et son","breadcrumb":{"@id":"https:\/\/hubsch-interior.com\/fr\/produit\/reflector-lampadaire-orange\/#breadcrumb"},"inLanguage":"fr-FR","potentialAction":[{"@type":"ReadAction","target":["https:\/\/hubsch-interior.com\/fr\/produit\/reflector-lampadaire-orange\/"]}]},{"@type":"ImageObject","inLanguage":"fr-FR","@id":"https:\/\/hubsch-interior.com\/fr\/produit\/reflector-lampadaire-orange\/#primaryimage","url":"https:\/\/hubsch-interior.com\/wp-content\/uploads\/2026\/02\/reflector-floor-lamp-orange-d11f3ae32353ec290fc844345ae3b7c2.jpg","contentUrl":"https:\/\/hubsch-interior.com\/wp-content\/uploads\/2026\/02\/reflector-floor-lamp-orange-d11f3ae32353ec290fc844345ae3b7c2.jpg","width":1024,"height":1024},{"@type":"BreadcrumbList","@id":"https:\/\/hubsch-interior.com\/fr\/produit\/reflector-lampadaire-orange\/#breadcrumb","itemListElement":[{"@type":"ListItem","position":1,"name":"Page d'accueil","item":"https:\/\/hubsch-interior.com\/fr\/"},{"@type":"ListItem","position":2,"name":"Produits","item":"https:\/\/hubsch-interior.com\/fr\/shop-2\/"},{"@type":"ListItem","position":3,"name":"Reflector Lampadaire Orange"}]},{"@type":"WebSite","@id":"https:\/\/hubsch-interior.com\/fr\/#website","url":"https:\/\/hubsch-interior.com\/fr\/","name":"H\u00fcbsch","description":"Danish Home Interior and Design","publisher":{"@id":"https:\/\/hubsch-interior.com\/fr\/#organization"},"potentialAction":[{"@type":"SearchAction","target":{"@type":"EntryPoint","urlTemplate":"https:\/\/hubsch-interior.com\/fr\/?s={search_term_string}"},"query-input":{"@type":"PropertyValueSpecification","valueRequired":true,"valueName":"search_term_string"}}],"inLanguage":"fr-FR"},{"@type":"Organization","@id":"https:\/\/hubsch-interior.com\/fr\/#organization","name":"H\u00fcbsch","url":"https:\/\/hubsch-interior.com\/fr\/","logo":{"@type":"ImageObject","inLanguage":"fr-FR","@id":"https:\/\/hubsch-interior.com\/fr\/#\/schema\/logo\/image\/","url":"https:\/\/hubsch-interior.com\/wp-content\/uploads\/2022\/12\/Hubsch_logo_black_one_line.svg","contentUrl":"https:\/\/hubsch-interior.com\/wp-content\/uploads\/2022\/12\/Hubsch_logo_black_one_line.svg","caption":"H\u00fcbsch"},"image":{"@id":"https:\/\/hubsch-interior.com\/fr\/#\/schema\/logo\/image\/"}}]}},"_links":{"self":[{"href":"https:\/\/hubsch-interior.com\/fr\/wp-json\/wp\/v2\/product\/1088664","targetHints":{"allow":["GET"]}}],"collection":[{"href":"https:\/\/hubsch-interior.com\/fr\/wp-json\/wp\/v2\/product"}],"about":[{"href":"https:\/\/hubsch-interior.com\/fr\/wp-json\/wp\/v2\/types\/product"}],"wp:featuredmedia":[{"embeddable":true,"href":"https:\/\/hubsch-interior.com\/fr\/wp-json\/wp\/v2\/media\/1108383"}],"wp:attachment":[{"href":"https:\/\/hubsch-interior.com\/fr\/wp-json\/wp\/v2\/media?parent=1088664"}],"wp:term":[{"taxonomy":"product_brand","embeddable":true,"href":"https:\/\/hubsch-interior.com\/fr\/wp-json\/wp\/v2\/product_brand?post=1088664"},{"taxonomy":"product_cat","embeddable":true,"href":"https:\/\/hubsch-interior.com\/fr\/wp-json\/wp\/v2\/product_cat?post=1088664"},{"taxonomy":"product_tag","embeddable":true,"href":"https:\/\/hubsch-interior.com\/fr\/wp-json\/wp\/v2\/product_tag?post=1088664"}],"curies":[{"name":"wp","href":"https:\/\/api.w.org\/{rel}","templated":true}]}}