{"id":1088684,"date":"2026-01-31T05:02:46","date_gmt":"2026-01-31T04:02:46","guid":{"rendered":"https:\/\/hubsch-interior.com\/product\/product\/"},"modified":"2026-04-05T05:13:19","modified_gmt":"2026-04-05T03:13:19","slug":"set-lampadaire-gris-clair","status":"publish","type":"product","link":"https:\/\/hubsch-interior.com\/fr\/produit\/set-lampadaire-gris-clair\/","title":{"rendered":"Set Lampadaire Gris clair"},"content":{"rendered":"<p>L\u00e9ger, con\u00e7u avec intention. Le Set Lampadaire apporte une tranquillit\u00e9 sculpturale \u00e0 votre espace, fini en gris clair apaisant avec un \u00e9clat brillant qui attire le regard sans exiger l\u2019attention. Deux sources lumineuses rayonnent doucement \u00e0 travers du verre opale blanc mat, projetant une chaleur ambiante qui se transforme ais\u00e9ment des soir\u00e9es tranquilles aux moments sociaux. Alliant \u00e0 la fois art et utilit\u00e9, il se dresse avec une confiance discr\u00e8te. Un lampadaire qui ne se contente pas d\u2019\u00e9clairer une pi\u00e8ce \u2014 il lui donne un rythme.<\/p>\n","protected":false},"excerpt":{"rendered":"<p>L\u00e9ger, con\u00e7u avec intention. Le Set Lampadaire apporte une tranquillit\u00e9 sculpturale \u00e0 votre espace, fini en gris clair apaisant avec un \u00e9clat brillant qui attire le regard sans exiger l\u2019attention. Deux sources lumineuses rayonnent doucement \u00e0 travers du verre opale blanc mat, projetant une chaleur ambiante qui se transforme ais\u00e9ment des soir\u00e9es tranquilles aux moments [&hellip;]<\/p>\n","protected":false},"featured_media":1108399,"template":"","meta":{"_acf_changed":false,"inline_featured_image":false},"product_brand":[],"product_cat":[7154,3810,3496,5046],"product_tag":[],"class_list":{"0":"post-1088684","1":"product","2":"type-product","3":"status-publish","4":"has-post-thumbnail","6":"product_cat-dweller-fr","7":"product_cat-luminaires","8":"product_cat-lampadaires-fr","9":"product_cat-nouveautes-fr","10":"product_shipping_class-pk","12":"pa_color-gris-clair-2","13":"pa_material-fer-fr","14":"pa_material-verre-fr","16":"first","17":"instock","18":"taxable","19":"shipping-taxable","20":"purchasable","21":"product-type-simple"},"exclude_global_add_ons":[],"addons":[],"acf":[],"yoast_head":"<!-- This site is optimized with the Yoast SEO plugin v26.4 - https:\/\/yoast.com\/wordpress\/plugins\/seo\/ -->\n<title>Set Lampadaire Gris clair - H\u00fcbsch<\/title>\n<meta name=\"description\" content=\"L\u00e9ger, con\u00e7u avec intention. Le Set Lampadaire apporte une tranquillit\u00e9 sculpturale \u00e0 votre espace, fini en gris clair apaisant avec un \u00e9clat brillant qui\" \/>\n<meta name=\"robots\" content=\"index, follow, max-snippet:-1, max-image-preview:large, max-video-preview:-1\" \/>\n<link rel=\"canonical\" href=\"https:\/\/hubsch-interior.com\/fr\/wp-json\/wp\/v2\/product\/1088684\" \/>\n<meta property=\"og:locale\" content=\"fr_FR\" \/>\n<meta property=\"og:type\" content=\"article\" \/>\n<meta property=\"og:title\" content=\"Set Lampadaire Gris clair - H\u00fcbsch\" \/>\n<meta property=\"og:description\" content=\"L\u00e9ger, con\u00e7u avec intention. Le Set Lampadaire apporte une tranquillit\u00e9 sculpturale \u00e0 votre espace, fini en gris clair apaisant avec un \u00e9clat brillant qui\" \/>\n<meta property=\"og:url\" content=\"https:\/\/hubsch-interior.com\/fr\/produit\/set-lampadaire-gris-clair\/\" \/>\n<meta property=\"og:site_name\" content=\"H\u00fcbsch\" \/>\n<meta property=\"article:modified_time\" content=\"2026-04-05T03:13:19+00:00\" \/>\n<meta property=\"og:image\" content=\"https:\/\/hubsch-interior.com\/wp-content\/uploads\/2026\/01\/set-floor-lamp-light-grey-65e52fb271c9a5a8c6370715ad36fbb9.jpg\" \/>\n\t<meta property=\"og:image:width\" content=\"1200\" \/>\n\t<meta property=\"og:image:height\" content=\"1200\" \/>\n\t<meta property=\"og:image:type\" content=\"image\/jpeg\" \/>\n<meta name=\"twitter:card\" content=\"summary_large_image\" \/>\n<script type=\"application\/ld+json\" class=\"yoast-schema-graph\">{\"@context\":\"https:\/\/schema.org\",\"@graph\":[{\"@type\":\"WebPage\",\"@id\":\"https:\/\/hubsch-interior.com\/fr\/produit\/set-lampadaire-gris-clair\/\",\"url\":\"https:\/\/hubsch-interior.com\/fr\/produit\/set-lampadaire-gris-clair\/\",\"name\":\"Set Lampadaire Gris clair - H\u00fcbsch\",\"isPartOf\":{\"@id\":\"https:\/\/hubsch-interior.com\/fr\/#website\"},\"primaryImageOfPage\":{\"@id\":\"https:\/\/hubsch-interior.com\/fr\/produit\/set-lampadaire-gris-clair\/#primaryimage\"},\"image\":{\"@id\":\"https:\/\/hubsch-interior.com\/fr\/produit\/set-lampadaire-gris-clair\/#primaryimage\"},\"thumbnailUrl\":\"https:\/\/hubsch-interior.com\/wp-content\/uploads\/2026\/02\/set-floor-lamp-light-grey-54f5a3bb889766fcb302d4bbd106b8c0.jpg\",\"datePublished\":\"2026-01-31T04:02:46+00:00\",\"dateModified\":\"2026-04-05T03:13:19+00:00\",\"description\":\"L\u00e9ger, con\u00e7u avec intention. Le Set Lampadaire apporte une tranquillit\u00e9 sculpturale \u00e0 votre espace, fini en gris clair apaisant avec un \u00e9clat brillant qui\",\"breadcrumb\":{\"@id\":\"https:\/\/hubsch-interior.com\/fr\/produit\/set-lampadaire-gris-clair\/#breadcrumb\"},\"inLanguage\":\"fr-FR\",\"potentialAction\":[{\"@type\":\"ReadAction\",\"target\":[\"https:\/\/hubsch-interior.com\/fr\/produit\/set-lampadaire-gris-clair\/\"]}]},{\"@type\":\"ImageObject\",\"inLanguage\":\"fr-FR\",\"@id\":\"https:\/\/hubsch-interior.com\/fr\/produit\/set-lampadaire-gris-clair\/#primaryimage\",\"url\":\"https:\/\/hubsch-interior.com\/wp-content\/uploads\/2026\/02\/set-floor-lamp-light-grey-54f5a3bb889766fcb302d4bbd106b8c0.jpg\",\"contentUrl\":\"https:\/\/hubsch-interior.com\/wp-content\/uploads\/2026\/02\/set-floor-lamp-light-grey-54f5a3bb889766fcb302d4bbd106b8c0.jpg\",\"width\":1024,\"height\":1024},{\"@type\":\"BreadcrumbList\",\"@id\":\"https:\/\/hubsch-interior.com\/fr\/produit\/set-lampadaire-gris-clair\/#breadcrumb\",\"itemListElement\":[{\"@type\":\"ListItem\",\"position\":1,\"name\":\"Page d'accueil\",\"item\":\"https:\/\/hubsch-interior.com\/fr\/\"},{\"@type\":\"ListItem\",\"position\":2,\"name\":\"Produits\",\"item\":\"https:\/\/hubsch-interior.com\/fr\/shop-2\/\"},{\"@type\":\"ListItem\",\"position\":3,\"name\":\"Set Lampadaire Gris clair\"}]},{\"@type\":\"WebSite\",\"@id\":\"https:\/\/hubsch-interior.com\/fr\/#website\",\"url\":\"https:\/\/hubsch-interior.com\/fr\/\",\"name\":\"H\u00fcbsch\",\"description\":\"Danish Home Interior and Design\",\"publisher\":{\"@id\":\"https:\/\/hubsch-interior.com\/fr\/#organization\"},\"potentialAction\":[{\"@type\":\"SearchAction\",\"target\":{\"@type\":\"EntryPoint\",\"urlTemplate\":\"https:\/\/hubsch-interior.com\/fr\/?s={search_term_string}\"},\"query-input\":{\"@type\":\"PropertyValueSpecification\",\"valueRequired\":true,\"valueName\":\"search_term_string\"}}],\"inLanguage\":\"fr-FR\"},{\"@type\":\"Organization\",\"@id\":\"https:\/\/hubsch-interior.com\/fr\/#organization\",\"name\":\"H\u00fcbsch\",\"url\":\"https:\/\/hubsch-interior.com\/fr\/\",\"logo\":{\"@type\":\"ImageObject\",\"inLanguage\":\"fr-FR\",\"@id\":\"https:\/\/hubsch-interior.com\/fr\/#\/schema\/logo\/image\/\",\"url\":\"https:\/\/hubsch-interior.com\/wp-content\/uploads\/2022\/12\/Hubsch_logo_black_one_line.svg\",\"contentUrl\":\"https:\/\/hubsch-interior.com\/wp-content\/uploads\/2022\/12\/Hubsch_logo_black_one_line.svg\",\"caption\":\"H\u00fcbsch\"},\"image\":{\"@id\":\"https:\/\/hubsch-interior.com\/fr\/#\/schema\/logo\/image\/\"}}]}<\/script>\n<!-- \/ Yoast SEO plugin. -->","yoast_head_json":{"title":"Set Lampadaire Gris clair - H\u00fcbsch","description":"L\u00e9ger, con\u00e7u avec intention. Le Set Lampadaire apporte une tranquillit\u00e9 sculpturale \u00e0 votre espace, fini en gris clair apaisant avec un \u00e9clat brillant qui","robots":{"index":"index","follow":"follow","max-snippet":"max-snippet:-1","max-image-preview":"max-image-preview:large","max-video-preview":"max-video-preview:-1"},"canonical":"https:\/\/hubsch-interior.com\/fr\/wp-json\/wp\/v2\/product\/1088684","og_locale":"fr_FR","og_type":"article","og_title":"Set Lampadaire Gris clair - H\u00fcbsch","og_description":"L\u00e9ger, con\u00e7u avec intention. Le Set Lampadaire apporte une tranquillit\u00e9 sculpturale \u00e0 votre espace, fini en gris clair apaisant avec un \u00e9clat brillant qui","og_url":"https:\/\/hubsch-interior.com\/fr\/produit\/set-lampadaire-gris-clair\/","og_site_name":"H\u00fcbsch","article_modified_time":"2026-04-05T03:13:19+00:00","og_image":[{"width":1200,"height":1200,"url":"https:\/\/hubsch-interior.com\/wp-content\/uploads\/2026\/01\/set-floor-lamp-light-grey-65e52fb271c9a5a8c6370715ad36fbb9.jpg","type":"image\/jpeg"}],"twitter_card":"summary_large_image","schema":{"@context":"https:\/\/schema.org","@graph":[{"@type":"WebPage","@id":"https:\/\/hubsch-interior.com\/fr\/produit\/set-lampadaire-gris-clair\/","url":"https:\/\/hubsch-interior.com\/fr\/produit\/set-lampadaire-gris-clair\/","name":"Set Lampadaire Gris clair - H\u00fcbsch","isPartOf":{"@id":"https:\/\/hubsch-interior.com\/fr\/#website"},"primaryImageOfPage":{"@id":"https:\/\/hubsch-interior.com\/fr\/produit\/set-lampadaire-gris-clair\/#primaryimage"},"image":{"@id":"https:\/\/hubsch-interior.com\/fr\/produit\/set-lampadaire-gris-clair\/#primaryimage"},"thumbnailUrl":"https:\/\/hubsch-interior.com\/wp-content\/uploads\/2026\/02\/set-floor-lamp-light-grey-54f5a3bb889766fcb302d4bbd106b8c0.jpg","datePublished":"2026-01-31T04:02:46+00:00","dateModified":"2026-04-05T03:13:19+00:00","description":"L\u00e9ger, con\u00e7u avec intention. Le Set Lampadaire apporte une tranquillit\u00e9 sculpturale \u00e0 votre espace, fini en gris clair apaisant avec un \u00e9clat brillant qui","breadcrumb":{"@id":"https:\/\/hubsch-interior.com\/fr\/produit\/set-lampadaire-gris-clair\/#breadcrumb"},"inLanguage":"fr-FR","potentialAction":[{"@type":"ReadAction","target":["https:\/\/hubsch-interior.com\/fr\/produit\/set-lampadaire-gris-clair\/"]}]},{"@type":"ImageObject","inLanguage":"fr-FR","@id":"https:\/\/hubsch-interior.com\/fr\/produit\/set-lampadaire-gris-clair\/#primaryimage","url":"https:\/\/hubsch-interior.com\/wp-content\/uploads\/2026\/02\/set-floor-lamp-light-grey-54f5a3bb889766fcb302d4bbd106b8c0.jpg","contentUrl":"https:\/\/hubsch-interior.com\/wp-content\/uploads\/2026\/02\/set-floor-lamp-light-grey-54f5a3bb889766fcb302d4bbd106b8c0.jpg","width":1024,"height":1024},{"@type":"BreadcrumbList","@id":"https:\/\/hubsch-interior.com\/fr\/produit\/set-lampadaire-gris-clair\/#breadcrumb","itemListElement":[{"@type":"ListItem","position":1,"name":"Page d'accueil","item":"https:\/\/hubsch-interior.com\/fr\/"},{"@type":"ListItem","position":2,"name":"Produits","item":"https:\/\/hubsch-interior.com\/fr\/shop-2\/"},{"@type":"ListItem","position":3,"name":"Set Lampadaire Gris clair"}]},{"@type":"WebSite","@id":"https:\/\/hubsch-interior.com\/fr\/#website","url":"https:\/\/hubsch-interior.com\/fr\/","name":"H\u00fcbsch","description":"Danish Home Interior and Design","publisher":{"@id":"https:\/\/hubsch-interior.com\/fr\/#organization"},"potentialAction":[{"@type":"SearchAction","target":{"@type":"EntryPoint","urlTemplate":"https:\/\/hubsch-interior.com\/fr\/?s={search_term_string}"},"query-input":{"@type":"PropertyValueSpecification","valueRequired":true,"valueName":"search_term_string"}}],"inLanguage":"fr-FR"},{"@type":"Organization","@id":"https:\/\/hubsch-interior.com\/fr\/#organization","name":"H\u00fcbsch","url":"https:\/\/hubsch-interior.com\/fr\/","logo":{"@type":"ImageObject","inLanguage":"fr-FR","@id":"https:\/\/hubsch-interior.com\/fr\/#\/schema\/logo\/image\/","url":"https:\/\/hubsch-interior.com\/wp-content\/uploads\/2022\/12\/Hubsch_logo_black_one_line.svg","contentUrl":"https:\/\/hubsch-interior.com\/wp-content\/uploads\/2022\/12\/Hubsch_logo_black_one_line.svg","caption":"H\u00fcbsch"},"image":{"@id":"https:\/\/hubsch-interior.com\/fr\/#\/schema\/logo\/image\/"}}]}},"_links":{"self":[{"href":"https:\/\/hubsch-interior.com\/fr\/wp-json\/wp\/v2\/product\/1088684","targetHints":{"allow":["GET"]}}],"collection":[{"href":"https:\/\/hubsch-interior.com\/fr\/wp-json\/wp\/v2\/product"}],"about":[{"href":"https:\/\/hubsch-interior.com\/fr\/wp-json\/wp\/v2\/types\/product"}],"wp:featuredmedia":[{"embeddable":true,"href":"https:\/\/hubsch-interior.com\/fr\/wp-json\/wp\/v2\/media\/1108399"}],"wp:attachment":[{"href":"https:\/\/hubsch-interior.com\/fr\/wp-json\/wp\/v2\/media?parent=1088684"}],"wp:term":[{"taxonomy":"product_brand","embeddable":true,"href":"https:\/\/hubsch-interior.com\/fr\/wp-json\/wp\/v2\/product_brand?post=1088684"},{"taxonomy":"product_cat","embeddable":true,"href":"https:\/\/hubsch-interior.com\/fr\/wp-json\/wp\/v2\/product_cat?post=1088684"},{"taxonomy":"product_tag","embeddable":true,"href":"https:\/\/hubsch-interior.com\/fr\/wp-json\/wp\/v2\/product_tag?post=1088684"}],"curies":[{"name":"wp","href":"https:\/\/api.w.org\/{rel}","templated":true}]}}