{"id":1088724,"date":"2026-01-31T05:03:10","date_gmt":"2026-01-31T04:03:10","guid":{"rendered":"https:\/\/hubsch-interior.com\/product\/product\/"},"modified":"2026-04-05T05:13:26","modified_gmt":"2026-04-05T03:13:26","slug":"set-lampe-de-table-laiton-bruni","status":"publish","type":"product","link":"https:\/\/hubsch-interior.com\/fr\/produit\/set-lampe-de-table-laiton-bruni\/","title":{"rendered":"Set Lampe de table Laiton Bruni"},"content":{"rendered":"<p>L\u00e0 o\u00f9 la chaleur rencontre le luxe discret. La Set Lampe de table en laiton bruni brille d&#8217;une \u00e9l\u00e9gance sobre, sa surface hautement brillante captant la lumi\u00e8re juste assez pour intriguer. Accompagn\u00e9e d&#8217;un abat-jour en verre opale blanc mat, elle diffuse une douce lueur ambiante qui transforme votre espace en un havre de paix. L&#8217;une des deux variantes saisissantes, elle est parfaite pour un moment au chevet, un rituel de lecture, ou simplement pour rehausser le quotidien. Une touche intemporelle qui se sent \u00e0 la fois ancr\u00e9e et \u00e9l\u00e9gamment lumineuse.<\/p>\n","protected":false},"excerpt":{"rendered":"<p>L\u00e0 o\u00f9 la chaleur rencontre le luxe discret. La Set Lampe de table en laiton bruni brille d&#8217;une \u00e9l\u00e9gance sobre, sa surface hautement brillante captant la lumi\u00e8re juste assez pour intriguer. Accompagn\u00e9e d&#8217;un abat-jour en verre opale blanc mat, elle diffuse une douce lueur ambiante qui transforme votre espace en un havre de paix. L&#8217;une [&hellip;]<\/p>\n","protected":false},"featured_media":1108431,"template":"","meta":{"_acf_changed":false,"inline_featured_image":false},"product_brand":[],"product_cat":[7154,3810,3500,5046],"product_tag":[],"class_list":{"0":"post-1088724","1":"product","2":"type-product","3":"status-publish","4":"has-post-thumbnail","6":"product_cat-dweller-fr","7":"product_cat-luminaires","8":"product_cat-lampes-a-poser-fr","9":"product_cat-nouveautes-fr","10":"product_shipping_class-pk","12":"pa_color-laiton-bruni","13":"pa_material-fer-fr","14":"pa_material-verre-fr","16":"first","17":"instock","18":"taxable","19":"shipping-taxable","20":"purchasable","21":"product-type-simple"},"exclude_global_add_ons":[],"addons":[],"acf":[],"yoast_head":"<!-- This site is optimized with the Yoast SEO plugin v26.4 - https:\/\/yoast.com\/wordpress\/plugins\/seo\/ -->\n<title>Set Lampe de table Laiton Bruni - H\u00fcbsch<\/title>\n<meta name=\"description\" content=\"L\u00e0 o\u00f9 la chaleur rencontre le luxe discret. La Set Lampe de table en laiton bruni brille d&#039;une \u00e9l\u00e9gance sobre, sa surface hautement brillante captant la\" \/>\n<meta name=\"robots\" content=\"index, follow, max-snippet:-1, max-image-preview:large, max-video-preview:-1\" \/>\n<link rel=\"canonical\" href=\"https:\/\/hubsch-interior.com\/fr\/wp-json\/wp\/v2\/product\/1088724\" \/>\n<meta property=\"og:locale\" content=\"fr_FR\" \/>\n<meta property=\"og:type\" content=\"article\" \/>\n<meta property=\"og:title\" content=\"Set Lampe de table Laiton Bruni - H\u00fcbsch\" \/>\n<meta property=\"og:description\" content=\"L\u00e0 o\u00f9 la chaleur rencontre le luxe discret. La Set Lampe de table en laiton bruni brille d&#039;une \u00e9l\u00e9gance sobre, sa surface hautement brillante captant la\" \/>\n<meta property=\"og:url\" content=\"https:\/\/hubsch-interior.com\/fr\/produit\/set-lampe-de-table-laiton-bruni\/\" \/>\n<meta property=\"og:site_name\" content=\"H\u00fcbsch\" \/>\n<meta property=\"article:modified_time\" content=\"2026-04-05T03:13:26+00:00\" \/>\n<meta property=\"og:image\" content=\"https:\/\/hubsch-interior.com\/wp-content\/uploads\/2026\/01\/set-table-lamp-burnished-brass-cc9ec6f4e563fa0999dcdc463e42ea87.jpg\" \/>\n\t<meta property=\"og:image:width\" content=\"1200\" \/>\n\t<meta property=\"og:image:height\" content=\"1200\" \/>\n\t<meta property=\"og:image:type\" content=\"image\/jpeg\" \/>\n<meta name=\"twitter:card\" content=\"summary_large_image\" \/>\n<script type=\"application\/ld+json\" class=\"yoast-schema-graph\">{\"@context\":\"https:\/\/schema.org\",\"@graph\":[{\"@type\":\"WebPage\",\"@id\":\"https:\/\/hubsch-interior.com\/fr\/produit\/set-lampe-de-table-laiton-bruni\/\",\"url\":\"https:\/\/hubsch-interior.com\/fr\/produit\/set-lampe-de-table-laiton-bruni\/\",\"name\":\"Set Lampe de table Laiton Bruni - H\u00fcbsch\",\"isPartOf\":{\"@id\":\"https:\/\/hubsch-interior.com\/fr\/#website\"},\"primaryImageOfPage\":{\"@id\":\"https:\/\/hubsch-interior.com\/fr\/produit\/set-lampe-de-table-laiton-bruni\/#primaryimage\"},\"image\":{\"@id\":\"https:\/\/hubsch-interior.com\/fr\/produit\/set-lampe-de-table-laiton-bruni\/#primaryimage\"},\"thumbnailUrl\":\"https:\/\/hubsch-interior.com\/wp-content\/uploads\/2026\/02\/set-table-lamp-burnished-brass-23abc874feb5b79406672aefca66838a.jpg\",\"datePublished\":\"2026-01-31T04:03:10+00:00\",\"dateModified\":\"2026-04-05T03:13:26+00:00\",\"description\":\"L\u00e0 o\u00f9 la chaleur rencontre le luxe discret. La Set Lampe de table en laiton bruni brille d'une \u00e9l\u00e9gance sobre, sa surface hautement brillante captant la\",\"breadcrumb\":{\"@id\":\"https:\/\/hubsch-interior.com\/fr\/produit\/set-lampe-de-table-laiton-bruni\/#breadcrumb\"},\"inLanguage\":\"fr-FR\",\"potentialAction\":[{\"@type\":\"ReadAction\",\"target\":[\"https:\/\/hubsch-interior.com\/fr\/produit\/set-lampe-de-table-laiton-bruni\/\"]}]},{\"@type\":\"ImageObject\",\"inLanguage\":\"fr-FR\",\"@id\":\"https:\/\/hubsch-interior.com\/fr\/produit\/set-lampe-de-table-laiton-bruni\/#primaryimage\",\"url\":\"https:\/\/hubsch-interior.com\/wp-content\/uploads\/2026\/02\/set-table-lamp-burnished-brass-23abc874feb5b79406672aefca66838a.jpg\",\"contentUrl\":\"https:\/\/hubsch-interior.com\/wp-content\/uploads\/2026\/02\/set-table-lamp-burnished-brass-23abc874feb5b79406672aefca66838a.jpg\",\"width\":1024,\"height\":1024},{\"@type\":\"BreadcrumbList\",\"@id\":\"https:\/\/hubsch-interior.com\/fr\/produit\/set-lampe-de-table-laiton-bruni\/#breadcrumb\",\"itemListElement\":[{\"@type\":\"ListItem\",\"position\":1,\"name\":\"Page d'accueil\",\"item\":\"https:\/\/hubsch-interior.com\/fr\/\"},{\"@type\":\"ListItem\",\"position\":2,\"name\":\"Produits\",\"item\":\"https:\/\/hubsch-interior.com\/fr\/shop-2\/\"},{\"@type\":\"ListItem\",\"position\":3,\"name\":\"Set Lampe de table Laiton Bruni\"}]},{\"@type\":\"WebSite\",\"@id\":\"https:\/\/hubsch-interior.com\/fr\/#website\",\"url\":\"https:\/\/hubsch-interior.com\/fr\/\",\"name\":\"H\u00fcbsch\",\"description\":\"Danish Home Interior and Design\",\"publisher\":{\"@id\":\"https:\/\/hubsch-interior.com\/fr\/#organization\"},\"potentialAction\":[{\"@type\":\"SearchAction\",\"target\":{\"@type\":\"EntryPoint\",\"urlTemplate\":\"https:\/\/hubsch-interior.com\/fr\/?s={search_term_string}\"},\"query-input\":{\"@type\":\"PropertyValueSpecification\",\"valueRequired\":true,\"valueName\":\"search_term_string\"}}],\"inLanguage\":\"fr-FR\"},{\"@type\":\"Organization\",\"@id\":\"https:\/\/hubsch-interior.com\/fr\/#organization\",\"name\":\"H\u00fcbsch\",\"url\":\"https:\/\/hubsch-interior.com\/fr\/\",\"logo\":{\"@type\":\"ImageObject\",\"inLanguage\":\"fr-FR\",\"@id\":\"https:\/\/hubsch-interior.com\/fr\/#\/schema\/logo\/image\/\",\"url\":\"https:\/\/hubsch-interior.com\/wp-content\/uploads\/2022\/12\/Hubsch_logo_black_one_line.svg\",\"contentUrl\":\"https:\/\/hubsch-interior.com\/wp-content\/uploads\/2022\/12\/Hubsch_logo_black_one_line.svg\",\"caption\":\"H\u00fcbsch\"},\"image\":{\"@id\":\"https:\/\/hubsch-interior.com\/fr\/#\/schema\/logo\/image\/\"}}]}<\/script>\n<!-- \/ Yoast SEO plugin. -->","yoast_head_json":{"title":"Set Lampe de table Laiton Bruni - H\u00fcbsch","description":"L\u00e0 o\u00f9 la chaleur rencontre le luxe discret. La Set Lampe de table en laiton bruni brille d'une \u00e9l\u00e9gance sobre, sa surface hautement brillante captant la","robots":{"index":"index","follow":"follow","max-snippet":"max-snippet:-1","max-image-preview":"max-image-preview:large","max-video-preview":"max-video-preview:-1"},"canonical":"https:\/\/hubsch-interior.com\/fr\/wp-json\/wp\/v2\/product\/1088724","og_locale":"fr_FR","og_type":"article","og_title":"Set Lampe de table Laiton Bruni - H\u00fcbsch","og_description":"L\u00e0 o\u00f9 la chaleur rencontre le luxe discret. La Set Lampe de table en laiton bruni brille d'une \u00e9l\u00e9gance sobre, sa surface hautement brillante captant la","og_url":"https:\/\/hubsch-interior.com\/fr\/produit\/set-lampe-de-table-laiton-bruni\/","og_site_name":"H\u00fcbsch","article_modified_time":"2026-04-05T03:13:26+00:00","og_image":[{"width":1200,"height":1200,"url":"https:\/\/hubsch-interior.com\/wp-content\/uploads\/2026\/01\/set-table-lamp-burnished-brass-cc9ec6f4e563fa0999dcdc463e42ea87.jpg","type":"image\/jpeg"}],"twitter_card":"summary_large_image","schema":{"@context":"https:\/\/schema.org","@graph":[{"@type":"WebPage","@id":"https:\/\/hubsch-interior.com\/fr\/produit\/set-lampe-de-table-laiton-bruni\/","url":"https:\/\/hubsch-interior.com\/fr\/produit\/set-lampe-de-table-laiton-bruni\/","name":"Set Lampe de table Laiton Bruni - H\u00fcbsch","isPartOf":{"@id":"https:\/\/hubsch-interior.com\/fr\/#website"},"primaryImageOfPage":{"@id":"https:\/\/hubsch-interior.com\/fr\/produit\/set-lampe-de-table-laiton-bruni\/#primaryimage"},"image":{"@id":"https:\/\/hubsch-interior.com\/fr\/produit\/set-lampe-de-table-laiton-bruni\/#primaryimage"},"thumbnailUrl":"https:\/\/hubsch-interior.com\/wp-content\/uploads\/2026\/02\/set-table-lamp-burnished-brass-23abc874feb5b79406672aefca66838a.jpg","datePublished":"2026-01-31T04:03:10+00:00","dateModified":"2026-04-05T03:13:26+00:00","description":"L\u00e0 o\u00f9 la chaleur rencontre le luxe discret. La Set Lampe de table en laiton bruni brille d'une \u00e9l\u00e9gance sobre, sa surface hautement brillante captant la","breadcrumb":{"@id":"https:\/\/hubsch-interior.com\/fr\/produit\/set-lampe-de-table-laiton-bruni\/#breadcrumb"},"inLanguage":"fr-FR","potentialAction":[{"@type":"ReadAction","target":["https:\/\/hubsch-interior.com\/fr\/produit\/set-lampe-de-table-laiton-bruni\/"]}]},{"@type":"ImageObject","inLanguage":"fr-FR","@id":"https:\/\/hubsch-interior.com\/fr\/produit\/set-lampe-de-table-laiton-bruni\/#primaryimage","url":"https:\/\/hubsch-interior.com\/wp-content\/uploads\/2026\/02\/set-table-lamp-burnished-brass-23abc874feb5b79406672aefca66838a.jpg","contentUrl":"https:\/\/hubsch-interior.com\/wp-content\/uploads\/2026\/02\/set-table-lamp-burnished-brass-23abc874feb5b79406672aefca66838a.jpg","width":1024,"height":1024},{"@type":"BreadcrumbList","@id":"https:\/\/hubsch-interior.com\/fr\/produit\/set-lampe-de-table-laiton-bruni\/#breadcrumb","itemListElement":[{"@type":"ListItem","position":1,"name":"Page d'accueil","item":"https:\/\/hubsch-interior.com\/fr\/"},{"@type":"ListItem","position":2,"name":"Produits","item":"https:\/\/hubsch-interior.com\/fr\/shop-2\/"},{"@type":"ListItem","position":3,"name":"Set Lampe de table Laiton Bruni"}]},{"@type":"WebSite","@id":"https:\/\/hubsch-interior.com\/fr\/#website","url":"https:\/\/hubsch-interior.com\/fr\/","name":"H\u00fcbsch","description":"Danish Home Interior and Design","publisher":{"@id":"https:\/\/hubsch-interior.com\/fr\/#organization"},"potentialAction":[{"@type":"SearchAction","target":{"@type":"EntryPoint","urlTemplate":"https:\/\/hubsch-interior.com\/fr\/?s={search_term_string}"},"query-input":{"@type":"PropertyValueSpecification","valueRequired":true,"valueName":"search_term_string"}}],"inLanguage":"fr-FR"},{"@type":"Organization","@id":"https:\/\/hubsch-interior.com\/fr\/#organization","name":"H\u00fcbsch","url":"https:\/\/hubsch-interior.com\/fr\/","logo":{"@type":"ImageObject","inLanguage":"fr-FR","@id":"https:\/\/hubsch-interior.com\/fr\/#\/schema\/logo\/image\/","url":"https:\/\/hubsch-interior.com\/wp-content\/uploads\/2022\/12\/Hubsch_logo_black_one_line.svg","contentUrl":"https:\/\/hubsch-interior.com\/wp-content\/uploads\/2022\/12\/Hubsch_logo_black_one_line.svg","caption":"H\u00fcbsch"},"image":{"@id":"https:\/\/hubsch-interior.com\/fr\/#\/schema\/logo\/image\/"}}]}},"_links":{"self":[{"href":"https:\/\/hubsch-interior.com\/fr\/wp-json\/wp\/v2\/product\/1088724","targetHints":{"allow":["GET"]}}],"collection":[{"href":"https:\/\/hubsch-interior.com\/fr\/wp-json\/wp\/v2\/product"}],"about":[{"href":"https:\/\/hubsch-interior.com\/fr\/wp-json\/wp\/v2\/types\/product"}],"wp:featuredmedia":[{"embeddable":true,"href":"https:\/\/hubsch-interior.com\/fr\/wp-json\/wp\/v2\/media\/1108431"}],"wp:attachment":[{"href":"https:\/\/hubsch-interior.com\/fr\/wp-json\/wp\/v2\/media?parent=1088724"}],"wp:term":[{"taxonomy":"product_brand","embeddable":true,"href":"https:\/\/hubsch-interior.com\/fr\/wp-json\/wp\/v2\/product_brand?post=1088724"},{"taxonomy":"product_cat","embeddable":true,"href":"https:\/\/hubsch-interior.com\/fr\/wp-json\/wp\/v2\/product_cat?post=1088724"},{"taxonomy":"product_tag","embeddable":true,"href":"https:\/\/hubsch-interior.com\/fr\/wp-json\/wp\/v2\/product_tag?post=1088724"}],"curies":[{"name":"wp","href":"https:\/\/api.w.org\/{rel}","templated":true}]}}