{"id":1088740,"date":"2026-01-31T05:03:22","date_gmt":"2026-01-31T04:03:22","guid":{"rendered":"https:\/\/hubsch-interior.com\/product\/product\/"},"modified":"2026-04-05T05:13:32","modified_gmt":"2026-04-05T03:13:32","slug":"talk-lampe-murale-bleu","status":"publish","type":"product","link":"https:\/\/hubsch-interior.com\/fr\/produit\/talk-lampe-murale-bleu\/","title":{"rendered":"Talk Lampe murale Bleu"},"content":{"rendered":"<p>D\u00e9couvrez la lumi\u00e8re avec personnalit\u00e9 gr\u00e2ce \u00e0 la Talk Lampe murale en bleu joyeux qui apporte une touche ludique \u00e0 votre espace. Son design inspir\u00e9 d&#8217;un microphone ajoute un clin d&#8217;\u0153il de charme r\u00e9tro aux int\u00e9rieurs modernes. Un ton de base doux combin\u00e9 \u00e0 un accent subtil rend cette lampe facile \u00e0 agencer \u2014 que ce soit pos\u00e9e sur une \u00e9tag\u00e8re, plac\u00e9e sur une table d&#8217;appoint ou fix\u00e9e au mur. Qu&#8217;elle illumine un coin lecture tranquille ou ajoute du caract\u00e8re dans un couloir, cette lampe apporte plus que de la lumi\u00e8re \u2014 elle apporte un sourire.<br \/>\nPour cette lampe, utilisez une ampoule LED dimmable.<\/p>\n","protected":false},"excerpt":{"rendered":"<p>D\u00e9couvrez la lumi\u00e8re avec personnalit\u00e9 gr\u00e2ce \u00e0 la Talk Lampe murale en bleu joyeux qui apporte une touche ludique \u00e0 votre espace. Son design inspir\u00e9 d&#8217;un microphone ajoute un clin d&#8217;\u0153il de charme r\u00e9tro aux int\u00e9rieurs modernes. Un ton de base doux combin\u00e9 \u00e0 un accent subtil rend cette lampe facile \u00e0 agencer \u2014 que [&hellip;]<\/p>\n","protected":false},"featured_media":1108447,"template":"","meta":{"_acf_changed":false,"inline_featured_image":false},"product_brand":[],"product_cat":[7154,6962,3810,3500,3407,5046],"product_tag":[],"class_list":{"0":"post-1088740","1":"product","2":"type-product","3":"status-publish","4":"has-post-thumbnail","6":"product_cat-dweller-fr","7":"product_cat-lampes-portatives-fr","8":"product_cat-luminaires","9":"product_cat-lampes-a-poser-fr","10":"product_cat-appliques-murales-fr","11":"product_cat-nouveautes-fr","12":"product_shipping_class-pk","14":"pa_color-bleu-2","15":"pa_material-fer-fr","16":"pa_material-verre-fr","18":"first","19":"instock","20":"taxable","21":"shipping-taxable","22":"purchasable","23":"product-type-simple"},"exclude_global_add_ons":[],"addons":[],"acf":[],"yoast_head":"<!-- This site is optimized with the Yoast SEO plugin v26.4 - https:\/\/yoast.com\/wordpress\/plugins\/seo\/ -->\n<title>Talk Lampe murale Bleu - H\u00fcbsch<\/title>\n<meta name=\"description\" content=\"D\u00e9couvrez la lumi\u00e8re avec personnalit\u00e9 gr\u00e2ce \u00e0 la Talk Lampe murale en bleu joyeux qui apporte une touche ludique \u00e0 votre espace. Son design inspir\u00e9 d&#039;un\" \/>\n<meta name=\"robots\" content=\"index, follow, max-snippet:-1, max-image-preview:large, max-video-preview:-1\" \/>\n<link rel=\"canonical\" href=\"https:\/\/hubsch-interior.com\/fr\/wp-json\/wp\/v2\/product\/1088740\" \/>\n<meta property=\"og:locale\" content=\"fr_FR\" \/>\n<meta property=\"og:type\" content=\"article\" \/>\n<meta property=\"og:title\" content=\"Talk Lampe murale Bleu - H\u00fcbsch\" \/>\n<meta property=\"og:description\" content=\"D\u00e9couvrez la lumi\u00e8re avec personnalit\u00e9 gr\u00e2ce \u00e0 la Talk Lampe murale en bleu joyeux qui apporte une touche ludique \u00e0 votre espace. Son design inspir\u00e9 d&#039;un\" \/>\n<meta property=\"og:url\" content=\"https:\/\/hubsch-interior.com\/fr\/produit\/talk-lampe-murale-bleu\/\" \/>\n<meta property=\"og:site_name\" content=\"H\u00fcbsch\" \/>\n<meta property=\"article:modified_time\" content=\"2026-04-05T03:13:32+00:00\" \/>\n<meta property=\"og:image\" content=\"https:\/\/hubsch-interior.com\/wp-content\/uploads\/2026\/01\/talk-wall-lamp-blue-163fa766a088bdca725497f19f117998.jpg\" \/>\n\t<meta property=\"og:image:width\" content=\"1200\" \/>\n\t<meta property=\"og:image:height\" content=\"1200\" \/>\n\t<meta property=\"og:image:type\" content=\"image\/jpeg\" \/>\n<meta name=\"twitter:card\" content=\"summary_large_image\" \/>\n<meta name=\"twitter:label1\" content=\"Dur\u00e9e de lecture estim\u00e9e\" \/>\n\t<meta name=\"twitter:data1\" content=\"1 minute\" \/>\n<script type=\"application\/ld+json\" class=\"yoast-schema-graph\">{\"@context\":\"https:\/\/schema.org\",\"@graph\":[{\"@type\":\"WebPage\",\"@id\":\"https:\/\/hubsch-interior.com\/fr\/produit\/talk-lampe-murale-bleu\/\",\"url\":\"https:\/\/hubsch-interior.com\/fr\/produit\/talk-lampe-murale-bleu\/\",\"name\":\"Talk Lampe murale Bleu - H\u00fcbsch\",\"isPartOf\":{\"@id\":\"https:\/\/hubsch-interior.com\/fr\/#website\"},\"primaryImageOfPage\":{\"@id\":\"https:\/\/hubsch-interior.com\/fr\/produit\/talk-lampe-murale-bleu\/#primaryimage\"},\"image\":{\"@id\":\"https:\/\/hubsch-interior.com\/fr\/produit\/talk-lampe-murale-bleu\/#primaryimage\"},\"thumbnailUrl\":\"https:\/\/hubsch-interior.com\/wp-content\/uploads\/2026\/02\/talk-wall-lamp-blue-3ec03bfbcedd1a770663b9cc0d009004.jpg\",\"datePublished\":\"2026-01-31T04:03:22+00:00\",\"dateModified\":\"2026-04-05T03:13:32+00:00\",\"description\":\"D\u00e9couvrez la lumi\u00e8re avec personnalit\u00e9 gr\u00e2ce \u00e0 la Talk Lampe murale en bleu joyeux qui apporte une touche ludique \u00e0 votre espace. Son design inspir\u00e9 d'un\",\"breadcrumb\":{\"@id\":\"https:\/\/hubsch-interior.com\/fr\/produit\/talk-lampe-murale-bleu\/#breadcrumb\"},\"inLanguage\":\"fr-FR\",\"potentialAction\":[{\"@type\":\"ReadAction\",\"target\":[\"https:\/\/hubsch-interior.com\/fr\/produit\/talk-lampe-murale-bleu\/\"]}]},{\"@type\":\"ImageObject\",\"inLanguage\":\"fr-FR\",\"@id\":\"https:\/\/hubsch-interior.com\/fr\/produit\/talk-lampe-murale-bleu\/#primaryimage\",\"url\":\"https:\/\/hubsch-interior.com\/wp-content\/uploads\/2026\/02\/talk-wall-lamp-blue-3ec03bfbcedd1a770663b9cc0d009004.jpg\",\"contentUrl\":\"https:\/\/hubsch-interior.com\/wp-content\/uploads\/2026\/02\/talk-wall-lamp-blue-3ec03bfbcedd1a770663b9cc0d009004.jpg\",\"width\":1024,\"height\":1024},{\"@type\":\"BreadcrumbList\",\"@id\":\"https:\/\/hubsch-interior.com\/fr\/produit\/talk-lampe-murale-bleu\/#breadcrumb\",\"itemListElement\":[{\"@type\":\"ListItem\",\"position\":1,\"name\":\"Page d'accueil\",\"item\":\"https:\/\/hubsch-interior.com\/fr\/\"},{\"@type\":\"ListItem\",\"position\":2,\"name\":\"Produits\",\"item\":\"https:\/\/hubsch-interior.com\/fr\/shop-2\/\"},{\"@type\":\"ListItem\",\"position\":3,\"name\":\"Talk Lampe murale Bleu\"}]},{\"@type\":\"WebSite\",\"@id\":\"https:\/\/hubsch-interior.com\/fr\/#website\",\"url\":\"https:\/\/hubsch-interior.com\/fr\/\",\"name\":\"H\u00fcbsch\",\"description\":\"Danish Home Interior and Design\",\"publisher\":{\"@id\":\"https:\/\/hubsch-interior.com\/fr\/#organization\"},\"potentialAction\":[{\"@type\":\"SearchAction\",\"target\":{\"@type\":\"EntryPoint\",\"urlTemplate\":\"https:\/\/hubsch-interior.com\/fr\/?s={search_term_string}\"},\"query-input\":{\"@type\":\"PropertyValueSpecification\",\"valueRequired\":true,\"valueName\":\"search_term_string\"}}],\"inLanguage\":\"fr-FR\"},{\"@type\":\"Organization\",\"@id\":\"https:\/\/hubsch-interior.com\/fr\/#organization\",\"name\":\"H\u00fcbsch\",\"url\":\"https:\/\/hubsch-interior.com\/fr\/\",\"logo\":{\"@type\":\"ImageObject\",\"inLanguage\":\"fr-FR\",\"@id\":\"https:\/\/hubsch-interior.com\/fr\/#\/schema\/logo\/image\/\",\"url\":\"https:\/\/hubsch-interior.com\/wp-content\/uploads\/2022\/12\/Hubsch_logo_black_one_line.svg\",\"contentUrl\":\"https:\/\/hubsch-interior.com\/wp-content\/uploads\/2022\/12\/Hubsch_logo_black_one_line.svg\",\"caption\":\"H\u00fcbsch\"},\"image\":{\"@id\":\"https:\/\/hubsch-interior.com\/fr\/#\/schema\/logo\/image\/\"}}]}<\/script>\n<!-- \/ Yoast SEO plugin. -->","yoast_head_json":{"title":"Talk Lampe murale Bleu - H\u00fcbsch","description":"D\u00e9couvrez la lumi\u00e8re avec personnalit\u00e9 gr\u00e2ce \u00e0 la Talk Lampe murale en bleu joyeux qui apporte une touche ludique \u00e0 votre espace. Son design inspir\u00e9 d'un","robots":{"index":"index","follow":"follow","max-snippet":"max-snippet:-1","max-image-preview":"max-image-preview:large","max-video-preview":"max-video-preview:-1"},"canonical":"https:\/\/hubsch-interior.com\/fr\/wp-json\/wp\/v2\/product\/1088740","og_locale":"fr_FR","og_type":"article","og_title":"Talk Lampe murale Bleu - H\u00fcbsch","og_description":"D\u00e9couvrez la lumi\u00e8re avec personnalit\u00e9 gr\u00e2ce \u00e0 la Talk Lampe murale en bleu joyeux qui apporte une touche ludique \u00e0 votre espace. Son design inspir\u00e9 d'un","og_url":"https:\/\/hubsch-interior.com\/fr\/produit\/talk-lampe-murale-bleu\/","og_site_name":"H\u00fcbsch","article_modified_time":"2026-04-05T03:13:32+00:00","og_image":[{"width":1200,"height":1200,"url":"https:\/\/hubsch-interior.com\/wp-content\/uploads\/2026\/01\/talk-wall-lamp-blue-163fa766a088bdca725497f19f117998.jpg","type":"image\/jpeg"}],"twitter_card":"summary_large_image","twitter_misc":{"Dur\u00e9e de lecture estim\u00e9e":"1 minute"},"schema":{"@context":"https:\/\/schema.org","@graph":[{"@type":"WebPage","@id":"https:\/\/hubsch-interior.com\/fr\/produit\/talk-lampe-murale-bleu\/","url":"https:\/\/hubsch-interior.com\/fr\/produit\/talk-lampe-murale-bleu\/","name":"Talk Lampe murale Bleu - H\u00fcbsch","isPartOf":{"@id":"https:\/\/hubsch-interior.com\/fr\/#website"},"primaryImageOfPage":{"@id":"https:\/\/hubsch-interior.com\/fr\/produit\/talk-lampe-murale-bleu\/#primaryimage"},"image":{"@id":"https:\/\/hubsch-interior.com\/fr\/produit\/talk-lampe-murale-bleu\/#primaryimage"},"thumbnailUrl":"https:\/\/hubsch-interior.com\/wp-content\/uploads\/2026\/02\/talk-wall-lamp-blue-3ec03bfbcedd1a770663b9cc0d009004.jpg","datePublished":"2026-01-31T04:03:22+00:00","dateModified":"2026-04-05T03:13:32+00:00","description":"D\u00e9couvrez la lumi\u00e8re avec personnalit\u00e9 gr\u00e2ce \u00e0 la Talk Lampe murale en bleu joyeux qui apporte une touche ludique \u00e0 votre espace. Son design inspir\u00e9 d'un","breadcrumb":{"@id":"https:\/\/hubsch-interior.com\/fr\/produit\/talk-lampe-murale-bleu\/#breadcrumb"},"inLanguage":"fr-FR","potentialAction":[{"@type":"ReadAction","target":["https:\/\/hubsch-interior.com\/fr\/produit\/talk-lampe-murale-bleu\/"]}]},{"@type":"ImageObject","inLanguage":"fr-FR","@id":"https:\/\/hubsch-interior.com\/fr\/produit\/talk-lampe-murale-bleu\/#primaryimage","url":"https:\/\/hubsch-interior.com\/wp-content\/uploads\/2026\/02\/talk-wall-lamp-blue-3ec03bfbcedd1a770663b9cc0d009004.jpg","contentUrl":"https:\/\/hubsch-interior.com\/wp-content\/uploads\/2026\/02\/talk-wall-lamp-blue-3ec03bfbcedd1a770663b9cc0d009004.jpg","width":1024,"height":1024},{"@type":"BreadcrumbList","@id":"https:\/\/hubsch-interior.com\/fr\/produit\/talk-lampe-murale-bleu\/#breadcrumb","itemListElement":[{"@type":"ListItem","position":1,"name":"Page d'accueil","item":"https:\/\/hubsch-interior.com\/fr\/"},{"@type":"ListItem","position":2,"name":"Produits","item":"https:\/\/hubsch-interior.com\/fr\/shop-2\/"},{"@type":"ListItem","position":3,"name":"Talk Lampe murale Bleu"}]},{"@type":"WebSite","@id":"https:\/\/hubsch-interior.com\/fr\/#website","url":"https:\/\/hubsch-interior.com\/fr\/","name":"H\u00fcbsch","description":"Danish Home Interior and Design","publisher":{"@id":"https:\/\/hubsch-interior.com\/fr\/#organization"},"potentialAction":[{"@type":"SearchAction","target":{"@type":"EntryPoint","urlTemplate":"https:\/\/hubsch-interior.com\/fr\/?s={search_term_string}"},"query-input":{"@type":"PropertyValueSpecification","valueRequired":true,"valueName":"search_term_string"}}],"inLanguage":"fr-FR"},{"@type":"Organization","@id":"https:\/\/hubsch-interior.com\/fr\/#organization","name":"H\u00fcbsch","url":"https:\/\/hubsch-interior.com\/fr\/","logo":{"@type":"ImageObject","inLanguage":"fr-FR","@id":"https:\/\/hubsch-interior.com\/fr\/#\/schema\/logo\/image\/","url":"https:\/\/hubsch-interior.com\/wp-content\/uploads\/2022\/12\/Hubsch_logo_black_one_line.svg","contentUrl":"https:\/\/hubsch-interior.com\/wp-content\/uploads\/2022\/12\/Hubsch_logo_black_one_line.svg","caption":"H\u00fcbsch"},"image":{"@id":"https:\/\/hubsch-interior.com\/fr\/#\/schema\/logo\/image\/"}}]}},"_links":{"self":[{"href":"https:\/\/hubsch-interior.com\/fr\/wp-json\/wp\/v2\/product\/1088740","targetHints":{"allow":["GET"]}}],"collection":[{"href":"https:\/\/hubsch-interior.com\/fr\/wp-json\/wp\/v2\/product"}],"about":[{"href":"https:\/\/hubsch-interior.com\/fr\/wp-json\/wp\/v2\/types\/product"}],"wp:featuredmedia":[{"embeddable":true,"href":"https:\/\/hubsch-interior.com\/fr\/wp-json\/wp\/v2\/media\/1108447"}],"wp:attachment":[{"href":"https:\/\/hubsch-interior.com\/fr\/wp-json\/wp\/v2\/media?parent=1088740"}],"wp:term":[{"taxonomy":"product_brand","embeddable":true,"href":"https:\/\/hubsch-interior.com\/fr\/wp-json\/wp\/v2\/product_brand?post=1088740"},{"taxonomy":"product_cat","embeddable":true,"href":"https:\/\/hubsch-interior.com\/fr\/wp-json\/wp\/v2\/product_cat?post=1088740"},{"taxonomy":"product_tag","embeddable":true,"href":"https:\/\/hubsch-interior.com\/fr\/wp-json\/wp\/v2\/product_tag?post=1088740"}],"curies":[{"name":"wp","href":"https:\/\/api.w.org\/{rel}","templated":true}]}}