{"id":1088760,"date":"2026-01-31T05:03:37","date_gmt":"2026-01-31T04:03:37","guid":{"rendered":"https:\/\/hubsch-interior.com\/product\/product\/"},"modified":"2026-04-05T05:13:38","modified_gmt":"2026-04-05T03:13:38","slug":"talk-lampe-murale-gris-clair","status":"publish","type":"product","link":"https:\/\/hubsch-interior.com\/fr\/produit\/talk-lampe-murale-gris-clair\/","title":{"rendered":"Talk Lampe murale Gris clair"},"content":{"rendered":"<p>Lumi\u00e8re qui murmure avec \u00e9l\u00e9gance \u2014 d\u00e9couvrez la **Talk Lampe murale** en gris clair, qui apporte une \u00e9l\u00e9gance ludique \u00e0 votre espace. Inspir\u00e9e par un microphone, sa forme ajoute un clin d&#8217;\u0153il subtil \u00e0 toute pi\u00e8ce. Son ton neutre et doux est associ\u00e9 \u00e0 juste ce qu&#8217;il faut de d\u00e9tails, rendant son placement ais\u00e9 \u2014 sur une \u00e9tag\u00e8re, une table d&#8217;appoint ou fix\u00e9e au mur. Avec sa lumi\u00e8re ambiante et chaleureuse, elle est parfaite pour se d\u00e9tendre ou stimuler la conversation. Une petite lampe avec une grande personnalit\u00e9 \u2014 pr\u00eate \u00e0 illuminer votre monde, \u00e0 votre mani\u00e8re.<br \/>\nPour cette lampe, utilisez une ampoule LED dimmable.<\/p>\n","protected":false},"excerpt":{"rendered":"<p>Lumi\u00e8re qui murmure avec \u00e9l\u00e9gance \u2014 d\u00e9couvrez la **Talk Lampe murale** en gris clair, qui apporte une \u00e9l\u00e9gance ludique \u00e0 votre espace. Inspir\u00e9e par un microphone, sa forme ajoute un clin d&#8217;\u0153il subtil \u00e0 toute pi\u00e8ce. Son ton neutre et doux est associ\u00e9 \u00e0 juste ce qu&#8217;il faut de d\u00e9tails, rendant son placement ais\u00e9 \u2014 [&hellip;]<\/p>\n","protected":false},"featured_media":1108459,"template":"","meta":{"_acf_changed":false,"inline_featured_image":false},"product_brand":[],"product_cat":[7154,6962,3810,3500,3407,5026,5046],"product_tag":[],"class_list":{"0":"post-1088760","1":"product","2":"type-product","3":"status-publish","4":"has-post-thumbnail","6":"product_cat-dweller-fr","7":"product_cat-lampes-portatives-fr","8":"product_cat-luminaires","9":"product_cat-lampes-a-poser-fr","10":"product_cat-appliques-murales-fr","11":"product_cat-bestsellers-fr","12":"product_cat-nouveautes-fr","13":"product_shipping_class-pk","15":"pa_color-gris-clair-2","16":"pa_material-fer-fr","17":"pa_material-verre-fr","19":"first","20":"instock","21":"featured","22":"taxable","23":"shipping-taxable","24":"purchasable","25":"product-type-simple"},"exclude_global_add_ons":[],"addons":[],"acf":[],"yoast_head":"<!-- This site is optimized with the Yoast SEO plugin v26.4 - https:\/\/yoast.com\/wordpress\/plugins\/seo\/ -->\n<title>Talk Lampe murale Gris clair - H\u00fcbsch<\/title>\n<meta name=\"description\" content=\"Lumi\u00e8re qui murmure avec \u00e9l\u00e9gance \u2014 d\u00e9couvrez la **Talk Lampe murale** en gris clair, qui apporte une \u00e9l\u00e9gance ludique \u00e0 votre espace. Inspir\u00e9e par un\" \/>\n<meta name=\"robots\" content=\"index, follow, max-snippet:-1, max-image-preview:large, max-video-preview:-1\" \/>\n<link rel=\"canonical\" href=\"https:\/\/hubsch-interior.com\/fr\/wp-json\/wp\/v2\/product\/1088760\" \/>\n<meta property=\"og:locale\" content=\"fr_FR\" \/>\n<meta property=\"og:type\" content=\"article\" \/>\n<meta property=\"og:title\" content=\"Talk Lampe murale Gris clair - H\u00fcbsch\" \/>\n<meta property=\"og:description\" content=\"Lumi\u00e8re qui murmure avec \u00e9l\u00e9gance \u2014 d\u00e9couvrez la **Talk Lampe murale** en gris clair, qui apporte une \u00e9l\u00e9gance ludique \u00e0 votre espace. Inspir\u00e9e par un\" \/>\n<meta property=\"og:url\" content=\"https:\/\/hubsch-interior.com\/fr\/produit\/talk-lampe-murale-gris-clair\/\" \/>\n<meta property=\"og:site_name\" content=\"H\u00fcbsch\" \/>\n<meta property=\"article:modified_time\" content=\"2026-04-05T03:13:38+00:00\" \/>\n<meta property=\"og:image\" content=\"https:\/\/hubsch-interior.com\/wp-content\/uploads\/2026\/01\/talk-wall-lamp-light-grey-34f6d5818eb35bfe0de75ad99ebdc99f.jpg\" \/>\n\t<meta property=\"og:image:width\" content=\"1200\" \/>\n\t<meta property=\"og:image:height\" content=\"1200\" \/>\n\t<meta property=\"og:image:type\" content=\"image\/jpeg\" \/>\n<meta name=\"twitter:card\" content=\"summary_large_image\" \/>\n<meta name=\"twitter:label1\" content=\"Dur\u00e9e de lecture estim\u00e9e\" \/>\n\t<meta name=\"twitter:data1\" content=\"1 minute\" \/>\n<script type=\"application\/ld+json\" class=\"yoast-schema-graph\">{\"@context\":\"https:\/\/schema.org\",\"@graph\":[{\"@type\":\"WebPage\",\"@id\":\"https:\/\/hubsch-interior.com\/fr\/produit\/talk-lampe-murale-gris-clair\/\",\"url\":\"https:\/\/hubsch-interior.com\/fr\/produit\/talk-lampe-murale-gris-clair\/\",\"name\":\"Talk Lampe murale Gris clair - H\u00fcbsch\",\"isPartOf\":{\"@id\":\"https:\/\/hubsch-interior.com\/fr\/#website\"},\"primaryImageOfPage\":{\"@id\":\"https:\/\/hubsch-interior.com\/fr\/produit\/talk-lampe-murale-gris-clair\/#primaryimage\"},\"image\":{\"@id\":\"https:\/\/hubsch-interior.com\/fr\/produit\/talk-lampe-murale-gris-clair\/#primaryimage\"},\"thumbnailUrl\":\"https:\/\/hubsch-interior.com\/wp-content\/uploads\/2026\/02\/talk-wall-lamp-light-grey-d94dc131996141de9311dcba7dab1730.jpg\",\"datePublished\":\"2026-01-31T04:03:37+00:00\",\"dateModified\":\"2026-04-05T03:13:38+00:00\",\"description\":\"Lumi\u00e8re qui murmure avec \u00e9l\u00e9gance \u2014 d\u00e9couvrez la **Talk Lampe murale** en gris clair, qui apporte une \u00e9l\u00e9gance ludique \u00e0 votre espace. Inspir\u00e9e par un\",\"breadcrumb\":{\"@id\":\"https:\/\/hubsch-interior.com\/fr\/produit\/talk-lampe-murale-gris-clair\/#breadcrumb\"},\"inLanguage\":\"fr-FR\",\"potentialAction\":[{\"@type\":\"ReadAction\",\"target\":[\"https:\/\/hubsch-interior.com\/fr\/produit\/talk-lampe-murale-gris-clair\/\"]}]},{\"@type\":\"ImageObject\",\"inLanguage\":\"fr-FR\",\"@id\":\"https:\/\/hubsch-interior.com\/fr\/produit\/talk-lampe-murale-gris-clair\/#primaryimage\",\"url\":\"https:\/\/hubsch-interior.com\/wp-content\/uploads\/2026\/02\/talk-wall-lamp-light-grey-d94dc131996141de9311dcba7dab1730.jpg\",\"contentUrl\":\"https:\/\/hubsch-interior.com\/wp-content\/uploads\/2026\/02\/talk-wall-lamp-light-grey-d94dc131996141de9311dcba7dab1730.jpg\",\"width\":1024,\"height\":1024},{\"@type\":\"BreadcrumbList\",\"@id\":\"https:\/\/hubsch-interior.com\/fr\/produit\/talk-lampe-murale-gris-clair\/#breadcrumb\",\"itemListElement\":[{\"@type\":\"ListItem\",\"position\":1,\"name\":\"Page d'accueil\",\"item\":\"https:\/\/hubsch-interior.com\/fr\/\"},{\"@type\":\"ListItem\",\"position\":2,\"name\":\"Produits\",\"item\":\"https:\/\/hubsch-interior.com\/fr\/shop-2\/\"},{\"@type\":\"ListItem\",\"position\":3,\"name\":\"Talk Lampe murale Gris clair\"}]},{\"@type\":\"WebSite\",\"@id\":\"https:\/\/hubsch-interior.com\/fr\/#website\",\"url\":\"https:\/\/hubsch-interior.com\/fr\/\",\"name\":\"H\u00fcbsch\",\"description\":\"Danish Home Interior and Design\",\"publisher\":{\"@id\":\"https:\/\/hubsch-interior.com\/fr\/#organization\"},\"potentialAction\":[{\"@type\":\"SearchAction\",\"target\":{\"@type\":\"EntryPoint\",\"urlTemplate\":\"https:\/\/hubsch-interior.com\/fr\/?s={search_term_string}\"},\"query-input\":{\"@type\":\"PropertyValueSpecification\",\"valueRequired\":true,\"valueName\":\"search_term_string\"}}],\"inLanguage\":\"fr-FR\"},{\"@type\":\"Organization\",\"@id\":\"https:\/\/hubsch-interior.com\/fr\/#organization\",\"name\":\"H\u00fcbsch\",\"url\":\"https:\/\/hubsch-interior.com\/fr\/\",\"logo\":{\"@type\":\"ImageObject\",\"inLanguage\":\"fr-FR\",\"@id\":\"https:\/\/hubsch-interior.com\/fr\/#\/schema\/logo\/image\/\",\"url\":\"https:\/\/hubsch-interior.com\/wp-content\/uploads\/2022\/12\/Hubsch_logo_black_one_line.svg\",\"contentUrl\":\"https:\/\/hubsch-interior.com\/wp-content\/uploads\/2022\/12\/Hubsch_logo_black_one_line.svg\",\"caption\":\"H\u00fcbsch\"},\"image\":{\"@id\":\"https:\/\/hubsch-interior.com\/fr\/#\/schema\/logo\/image\/\"}}]}<\/script>\n<!-- \/ Yoast SEO plugin. -->","yoast_head_json":{"title":"Talk Lampe murale Gris clair - H\u00fcbsch","description":"Lumi\u00e8re qui murmure avec \u00e9l\u00e9gance \u2014 d\u00e9couvrez la **Talk Lampe murale** en gris clair, qui apporte une \u00e9l\u00e9gance ludique \u00e0 votre espace. Inspir\u00e9e par un","robots":{"index":"index","follow":"follow","max-snippet":"max-snippet:-1","max-image-preview":"max-image-preview:large","max-video-preview":"max-video-preview:-1"},"canonical":"https:\/\/hubsch-interior.com\/fr\/wp-json\/wp\/v2\/product\/1088760","og_locale":"fr_FR","og_type":"article","og_title":"Talk Lampe murale Gris clair - H\u00fcbsch","og_description":"Lumi\u00e8re qui murmure avec \u00e9l\u00e9gance \u2014 d\u00e9couvrez la **Talk Lampe murale** en gris clair, qui apporte une \u00e9l\u00e9gance ludique \u00e0 votre espace. Inspir\u00e9e par un","og_url":"https:\/\/hubsch-interior.com\/fr\/produit\/talk-lampe-murale-gris-clair\/","og_site_name":"H\u00fcbsch","article_modified_time":"2026-04-05T03:13:38+00:00","og_image":[{"width":1200,"height":1200,"url":"https:\/\/hubsch-interior.com\/wp-content\/uploads\/2026\/01\/talk-wall-lamp-light-grey-34f6d5818eb35bfe0de75ad99ebdc99f.jpg","type":"image\/jpeg"}],"twitter_card":"summary_large_image","twitter_misc":{"Dur\u00e9e de lecture estim\u00e9e":"1 minute"},"schema":{"@context":"https:\/\/schema.org","@graph":[{"@type":"WebPage","@id":"https:\/\/hubsch-interior.com\/fr\/produit\/talk-lampe-murale-gris-clair\/","url":"https:\/\/hubsch-interior.com\/fr\/produit\/talk-lampe-murale-gris-clair\/","name":"Talk Lampe murale Gris clair - H\u00fcbsch","isPartOf":{"@id":"https:\/\/hubsch-interior.com\/fr\/#website"},"primaryImageOfPage":{"@id":"https:\/\/hubsch-interior.com\/fr\/produit\/talk-lampe-murale-gris-clair\/#primaryimage"},"image":{"@id":"https:\/\/hubsch-interior.com\/fr\/produit\/talk-lampe-murale-gris-clair\/#primaryimage"},"thumbnailUrl":"https:\/\/hubsch-interior.com\/wp-content\/uploads\/2026\/02\/talk-wall-lamp-light-grey-d94dc131996141de9311dcba7dab1730.jpg","datePublished":"2026-01-31T04:03:37+00:00","dateModified":"2026-04-05T03:13:38+00:00","description":"Lumi\u00e8re qui murmure avec \u00e9l\u00e9gance \u2014 d\u00e9couvrez la **Talk Lampe murale** en gris clair, qui apporte une \u00e9l\u00e9gance ludique \u00e0 votre espace. Inspir\u00e9e par un","breadcrumb":{"@id":"https:\/\/hubsch-interior.com\/fr\/produit\/talk-lampe-murale-gris-clair\/#breadcrumb"},"inLanguage":"fr-FR","potentialAction":[{"@type":"ReadAction","target":["https:\/\/hubsch-interior.com\/fr\/produit\/talk-lampe-murale-gris-clair\/"]}]},{"@type":"ImageObject","inLanguage":"fr-FR","@id":"https:\/\/hubsch-interior.com\/fr\/produit\/talk-lampe-murale-gris-clair\/#primaryimage","url":"https:\/\/hubsch-interior.com\/wp-content\/uploads\/2026\/02\/talk-wall-lamp-light-grey-d94dc131996141de9311dcba7dab1730.jpg","contentUrl":"https:\/\/hubsch-interior.com\/wp-content\/uploads\/2026\/02\/talk-wall-lamp-light-grey-d94dc131996141de9311dcba7dab1730.jpg","width":1024,"height":1024},{"@type":"BreadcrumbList","@id":"https:\/\/hubsch-interior.com\/fr\/produit\/talk-lampe-murale-gris-clair\/#breadcrumb","itemListElement":[{"@type":"ListItem","position":1,"name":"Page d'accueil","item":"https:\/\/hubsch-interior.com\/fr\/"},{"@type":"ListItem","position":2,"name":"Produits","item":"https:\/\/hubsch-interior.com\/fr\/shop-2\/"},{"@type":"ListItem","position":3,"name":"Talk Lampe murale Gris clair"}]},{"@type":"WebSite","@id":"https:\/\/hubsch-interior.com\/fr\/#website","url":"https:\/\/hubsch-interior.com\/fr\/","name":"H\u00fcbsch","description":"Danish Home Interior and Design","publisher":{"@id":"https:\/\/hubsch-interior.com\/fr\/#organization"},"potentialAction":[{"@type":"SearchAction","target":{"@type":"EntryPoint","urlTemplate":"https:\/\/hubsch-interior.com\/fr\/?s={search_term_string}"},"query-input":{"@type":"PropertyValueSpecification","valueRequired":true,"valueName":"search_term_string"}}],"inLanguage":"fr-FR"},{"@type":"Organization","@id":"https:\/\/hubsch-interior.com\/fr\/#organization","name":"H\u00fcbsch","url":"https:\/\/hubsch-interior.com\/fr\/","logo":{"@type":"ImageObject","inLanguage":"fr-FR","@id":"https:\/\/hubsch-interior.com\/fr\/#\/schema\/logo\/image\/","url":"https:\/\/hubsch-interior.com\/wp-content\/uploads\/2022\/12\/Hubsch_logo_black_one_line.svg","contentUrl":"https:\/\/hubsch-interior.com\/wp-content\/uploads\/2022\/12\/Hubsch_logo_black_one_line.svg","caption":"H\u00fcbsch"},"image":{"@id":"https:\/\/hubsch-interior.com\/fr\/#\/schema\/logo\/image\/"}}]}},"_links":{"self":[{"href":"https:\/\/hubsch-interior.com\/fr\/wp-json\/wp\/v2\/product\/1088760","targetHints":{"allow":["GET"]}}],"collection":[{"href":"https:\/\/hubsch-interior.com\/fr\/wp-json\/wp\/v2\/product"}],"about":[{"href":"https:\/\/hubsch-interior.com\/fr\/wp-json\/wp\/v2\/types\/product"}],"wp:featuredmedia":[{"embeddable":true,"href":"https:\/\/hubsch-interior.com\/fr\/wp-json\/wp\/v2\/media\/1108459"}],"wp:attachment":[{"href":"https:\/\/hubsch-interior.com\/fr\/wp-json\/wp\/v2\/media?parent=1088760"}],"wp:term":[{"taxonomy":"product_brand","embeddable":true,"href":"https:\/\/hubsch-interior.com\/fr\/wp-json\/wp\/v2\/product_brand?post=1088760"},{"taxonomy":"product_cat","embeddable":true,"href":"https:\/\/hubsch-interior.com\/fr\/wp-json\/wp\/v2\/product_cat?post=1088760"},{"taxonomy":"product_tag","embeddable":true,"href":"https:\/\/hubsch-interior.com\/fr\/wp-json\/wp\/v2\/product_tag?post=1088760"}],"curies":[{"name":"wp","href":"https:\/\/api.w.org\/{rel}","templated":true}]}}