{"id":1088772,"date":"2026-01-31T05:03:49","date_gmt":"2026-01-31T04:03:49","guid":{"rendered":"https:\/\/hubsch-interior.com\/product\/product\/"},"modified":"2026-04-05T05:13:43","modified_gmt":"2026-04-05T03:13:43","slug":"taten-lampe-portative-sable","status":"publish","type":"product","link":"https:\/\/hubsch-interior.com\/fr\/produit\/taten-lampe-portative-sable\/","title":{"rendered":"Taten Lampe portative Sable"},"content":{"rendered":"<p>Laissez la Taten Lampe portative en doux sable illuminer vos longues soir\u00e9es d&#8217;\u00e9t\u00e9 avec une touche de magie. Sa silhouette \u00e9lanc\u00e9e et grande se glisse parfaitement sur n&#8217;importe quelle table, brillant doucement sans envahir l&#8217;instant. Que ce soit pour un d\u00eener tranquille sur le balcon ou pour une d\u00e9tente en solo au coucher du soleil, cette lampe sans fil apporte une \u00e9l\u00e9gance douce o\u00f9 que vous en ayez besoin. Disponible en trois magnifiques variantes \u2014 pr\u00eate \u00e0 s&#8217;adapter \u00e0 l&#8217;ambiance, du jour au cr\u00e9puscule et vice versa.<\/p>\n","protected":false},"excerpt":{"rendered":"<p>Laissez la Taten Lampe portative en doux sable illuminer vos longues soir\u00e9es d&#8217;\u00e9t\u00e9 avec une touche de magie. Sa silhouette \u00e9lanc\u00e9e et grande se glisse parfaitement sur n&#8217;importe quelle table, brillant doucement sans envahir l&#8217;instant. Que ce soit pour un d\u00eener tranquille sur le balcon ou pour une d\u00e9tente en solo au coucher du soleil, [&hellip;]<\/p>\n","protected":false},"featured_media":1108475,"template":"","meta":{"_acf_changed":false,"inline_featured_image":false},"product_brand":[],"product_cat":[7154,6962,3810,3500,5046],"product_tag":[],"class_list":{"0":"post-1088772","1":"product","2":"type-product","3":"status-publish","4":"has-post-thumbnail","6":"product_cat-dweller-fr","7":"product_cat-lampes-portatives-fr","8":"product_cat-luminaires","9":"product_cat-lampes-a-poser-fr","10":"product_cat-nouveautes-fr","11":"product_shipping_class-pk","13":"pa_color-sable","14":"pa_material-fer-fr","15":"pa_material-polycarbonate-2","17":"first","18":"instock","19":"taxable","20":"shipping-taxable","21":"purchasable","22":"product-type-simple"},"exclude_global_add_ons":[],"addons":[],"acf":[],"yoast_head":"<!-- This site is optimized with the Yoast SEO plugin v26.4 - https:\/\/yoast.com\/wordpress\/plugins\/seo\/ -->\n<title>Taten Lampe portative Sable - H\u00fcbsch<\/title>\n<meta name=\"description\" content=\"Laissez la Taten Lampe portative en doux sable illuminer vos longues soir\u00e9es d&#039;\u00e9t\u00e9 avec une touche de magie. Sa silhouette \u00e9lanc\u00e9e et grande se glisse\" \/>\n<meta name=\"robots\" content=\"index, follow, max-snippet:-1, max-image-preview:large, max-video-preview:-1\" \/>\n<link rel=\"canonical\" href=\"https:\/\/hubsch-interior.com\/fr\/wp-json\/wp\/v2\/product\/1088772\" \/>\n<meta property=\"og:locale\" content=\"fr_FR\" \/>\n<meta property=\"og:type\" content=\"article\" \/>\n<meta property=\"og:title\" content=\"Taten Lampe portative Sable - H\u00fcbsch\" \/>\n<meta property=\"og:description\" content=\"Laissez la Taten Lampe portative en doux sable illuminer vos longues soir\u00e9es d&#039;\u00e9t\u00e9 avec une touche de magie. Sa silhouette \u00e9lanc\u00e9e et grande se glisse\" \/>\n<meta property=\"og:url\" content=\"https:\/\/hubsch-interior.com\/fr\/produit\/taten-lampe-portative-sable\/\" \/>\n<meta property=\"og:site_name\" content=\"H\u00fcbsch\" \/>\n<meta property=\"article:modified_time\" content=\"2026-04-05T03:13:43+00:00\" \/>\n<meta property=\"og:image\" content=\"https:\/\/hubsch-interior.com\/wp-content\/uploads\/2026\/01\/taten-portable-lamp-sand-d071314ed80d0d316e8d61ec913ef092.jpg\" \/>\n\t<meta property=\"og:image:width\" content=\"1200\" \/>\n\t<meta property=\"og:image:height\" content=\"1200\" \/>\n\t<meta property=\"og:image:type\" content=\"image\/jpeg\" \/>\n<meta name=\"twitter:card\" content=\"summary_large_image\" \/>\n<script type=\"application\/ld+json\" class=\"yoast-schema-graph\">{\"@context\":\"https:\/\/schema.org\",\"@graph\":[{\"@type\":\"WebPage\",\"@id\":\"https:\/\/hubsch-interior.com\/fr\/produit\/taten-lampe-portative-sable\/\",\"url\":\"https:\/\/hubsch-interior.com\/fr\/produit\/taten-lampe-portative-sable\/\",\"name\":\"Taten Lampe portative Sable - H\u00fcbsch\",\"isPartOf\":{\"@id\":\"https:\/\/hubsch-interior.com\/fr\/#website\"},\"primaryImageOfPage\":{\"@id\":\"https:\/\/hubsch-interior.com\/fr\/produit\/taten-lampe-portative-sable\/#primaryimage\"},\"image\":{\"@id\":\"https:\/\/hubsch-interior.com\/fr\/produit\/taten-lampe-portative-sable\/#primaryimage\"},\"thumbnailUrl\":\"https:\/\/hubsch-interior.com\/wp-content\/uploads\/2026\/02\/taten-portable-lamp-sand-6c6d40a59faf8df408a3dac5c78e1fd5.jpg\",\"datePublished\":\"2026-01-31T04:03:49+00:00\",\"dateModified\":\"2026-04-05T03:13:43+00:00\",\"description\":\"Laissez la Taten Lampe portative en doux sable illuminer vos longues soir\u00e9es d'\u00e9t\u00e9 avec une touche de magie. Sa silhouette \u00e9lanc\u00e9e et grande se glisse\",\"breadcrumb\":{\"@id\":\"https:\/\/hubsch-interior.com\/fr\/produit\/taten-lampe-portative-sable\/#breadcrumb\"},\"inLanguage\":\"fr-FR\",\"potentialAction\":[{\"@type\":\"ReadAction\",\"target\":[\"https:\/\/hubsch-interior.com\/fr\/produit\/taten-lampe-portative-sable\/\"]}]},{\"@type\":\"ImageObject\",\"inLanguage\":\"fr-FR\",\"@id\":\"https:\/\/hubsch-interior.com\/fr\/produit\/taten-lampe-portative-sable\/#primaryimage\",\"url\":\"https:\/\/hubsch-interior.com\/wp-content\/uploads\/2026\/02\/taten-portable-lamp-sand-6c6d40a59faf8df408a3dac5c78e1fd5.jpg\",\"contentUrl\":\"https:\/\/hubsch-interior.com\/wp-content\/uploads\/2026\/02\/taten-portable-lamp-sand-6c6d40a59faf8df408a3dac5c78e1fd5.jpg\",\"width\":1024,\"height\":1024},{\"@type\":\"BreadcrumbList\",\"@id\":\"https:\/\/hubsch-interior.com\/fr\/produit\/taten-lampe-portative-sable\/#breadcrumb\",\"itemListElement\":[{\"@type\":\"ListItem\",\"position\":1,\"name\":\"Page d'accueil\",\"item\":\"https:\/\/hubsch-interior.com\/fr\/\"},{\"@type\":\"ListItem\",\"position\":2,\"name\":\"Produits\",\"item\":\"https:\/\/hubsch-interior.com\/fr\/shop-2\/\"},{\"@type\":\"ListItem\",\"position\":3,\"name\":\"Taten Lampe portative Sable\"}]},{\"@type\":\"WebSite\",\"@id\":\"https:\/\/hubsch-interior.com\/fr\/#website\",\"url\":\"https:\/\/hubsch-interior.com\/fr\/\",\"name\":\"H\u00fcbsch\",\"description\":\"Danish Home Interior and Design\",\"publisher\":{\"@id\":\"https:\/\/hubsch-interior.com\/fr\/#organization\"},\"potentialAction\":[{\"@type\":\"SearchAction\",\"target\":{\"@type\":\"EntryPoint\",\"urlTemplate\":\"https:\/\/hubsch-interior.com\/fr\/?s={search_term_string}\"},\"query-input\":{\"@type\":\"PropertyValueSpecification\",\"valueRequired\":true,\"valueName\":\"search_term_string\"}}],\"inLanguage\":\"fr-FR\"},{\"@type\":\"Organization\",\"@id\":\"https:\/\/hubsch-interior.com\/fr\/#organization\",\"name\":\"H\u00fcbsch\",\"url\":\"https:\/\/hubsch-interior.com\/fr\/\",\"logo\":{\"@type\":\"ImageObject\",\"inLanguage\":\"fr-FR\",\"@id\":\"https:\/\/hubsch-interior.com\/fr\/#\/schema\/logo\/image\/\",\"url\":\"https:\/\/hubsch-interior.com\/wp-content\/uploads\/2022\/12\/Hubsch_logo_black_one_line.svg\",\"contentUrl\":\"https:\/\/hubsch-interior.com\/wp-content\/uploads\/2022\/12\/Hubsch_logo_black_one_line.svg\",\"caption\":\"H\u00fcbsch\"},\"image\":{\"@id\":\"https:\/\/hubsch-interior.com\/fr\/#\/schema\/logo\/image\/\"}}]}<\/script>\n<!-- \/ Yoast SEO plugin. -->","yoast_head_json":{"title":"Taten Lampe portative Sable - H\u00fcbsch","description":"Laissez la Taten Lampe portative en doux sable illuminer vos longues soir\u00e9es d'\u00e9t\u00e9 avec une touche de magie. Sa silhouette \u00e9lanc\u00e9e et grande se glisse","robots":{"index":"index","follow":"follow","max-snippet":"max-snippet:-1","max-image-preview":"max-image-preview:large","max-video-preview":"max-video-preview:-1"},"canonical":"https:\/\/hubsch-interior.com\/fr\/wp-json\/wp\/v2\/product\/1088772","og_locale":"fr_FR","og_type":"article","og_title":"Taten Lampe portative Sable - H\u00fcbsch","og_description":"Laissez la Taten Lampe portative en doux sable illuminer vos longues soir\u00e9es d'\u00e9t\u00e9 avec une touche de magie. Sa silhouette \u00e9lanc\u00e9e et grande se glisse","og_url":"https:\/\/hubsch-interior.com\/fr\/produit\/taten-lampe-portative-sable\/","og_site_name":"H\u00fcbsch","article_modified_time":"2026-04-05T03:13:43+00:00","og_image":[{"width":1200,"height":1200,"url":"https:\/\/hubsch-interior.com\/wp-content\/uploads\/2026\/01\/taten-portable-lamp-sand-d071314ed80d0d316e8d61ec913ef092.jpg","type":"image\/jpeg"}],"twitter_card":"summary_large_image","schema":{"@context":"https:\/\/schema.org","@graph":[{"@type":"WebPage","@id":"https:\/\/hubsch-interior.com\/fr\/produit\/taten-lampe-portative-sable\/","url":"https:\/\/hubsch-interior.com\/fr\/produit\/taten-lampe-portative-sable\/","name":"Taten Lampe portative Sable - H\u00fcbsch","isPartOf":{"@id":"https:\/\/hubsch-interior.com\/fr\/#website"},"primaryImageOfPage":{"@id":"https:\/\/hubsch-interior.com\/fr\/produit\/taten-lampe-portative-sable\/#primaryimage"},"image":{"@id":"https:\/\/hubsch-interior.com\/fr\/produit\/taten-lampe-portative-sable\/#primaryimage"},"thumbnailUrl":"https:\/\/hubsch-interior.com\/wp-content\/uploads\/2026\/02\/taten-portable-lamp-sand-6c6d40a59faf8df408a3dac5c78e1fd5.jpg","datePublished":"2026-01-31T04:03:49+00:00","dateModified":"2026-04-05T03:13:43+00:00","description":"Laissez la Taten Lampe portative en doux sable illuminer vos longues soir\u00e9es d'\u00e9t\u00e9 avec une touche de magie. Sa silhouette \u00e9lanc\u00e9e et grande se glisse","breadcrumb":{"@id":"https:\/\/hubsch-interior.com\/fr\/produit\/taten-lampe-portative-sable\/#breadcrumb"},"inLanguage":"fr-FR","potentialAction":[{"@type":"ReadAction","target":["https:\/\/hubsch-interior.com\/fr\/produit\/taten-lampe-portative-sable\/"]}]},{"@type":"ImageObject","inLanguage":"fr-FR","@id":"https:\/\/hubsch-interior.com\/fr\/produit\/taten-lampe-portative-sable\/#primaryimage","url":"https:\/\/hubsch-interior.com\/wp-content\/uploads\/2026\/02\/taten-portable-lamp-sand-6c6d40a59faf8df408a3dac5c78e1fd5.jpg","contentUrl":"https:\/\/hubsch-interior.com\/wp-content\/uploads\/2026\/02\/taten-portable-lamp-sand-6c6d40a59faf8df408a3dac5c78e1fd5.jpg","width":1024,"height":1024},{"@type":"BreadcrumbList","@id":"https:\/\/hubsch-interior.com\/fr\/produit\/taten-lampe-portative-sable\/#breadcrumb","itemListElement":[{"@type":"ListItem","position":1,"name":"Page d'accueil","item":"https:\/\/hubsch-interior.com\/fr\/"},{"@type":"ListItem","position":2,"name":"Produits","item":"https:\/\/hubsch-interior.com\/fr\/shop-2\/"},{"@type":"ListItem","position":3,"name":"Taten Lampe portative Sable"}]},{"@type":"WebSite","@id":"https:\/\/hubsch-interior.com\/fr\/#website","url":"https:\/\/hubsch-interior.com\/fr\/","name":"H\u00fcbsch","description":"Danish Home Interior and Design","publisher":{"@id":"https:\/\/hubsch-interior.com\/fr\/#organization"},"potentialAction":[{"@type":"SearchAction","target":{"@type":"EntryPoint","urlTemplate":"https:\/\/hubsch-interior.com\/fr\/?s={search_term_string}"},"query-input":{"@type":"PropertyValueSpecification","valueRequired":true,"valueName":"search_term_string"}}],"inLanguage":"fr-FR"},{"@type":"Organization","@id":"https:\/\/hubsch-interior.com\/fr\/#organization","name":"H\u00fcbsch","url":"https:\/\/hubsch-interior.com\/fr\/","logo":{"@type":"ImageObject","inLanguage":"fr-FR","@id":"https:\/\/hubsch-interior.com\/fr\/#\/schema\/logo\/image\/","url":"https:\/\/hubsch-interior.com\/wp-content\/uploads\/2022\/12\/Hubsch_logo_black_one_line.svg","contentUrl":"https:\/\/hubsch-interior.com\/wp-content\/uploads\/2022\/12\/Hubsch_logo_black_one_line.svg","caption":"H\u00fcbsch"},"image":{"@id":"https:\/\/hubsch-interior.com\/fr\/#\/schema\/logo\/image\/"}}]}},"_links":{"self":[{"href":"https:\/\/hubsch-interior.com\/fr\/wp-json\/wp\/v2\/product\/1088772","targetHints":{"allow":["GET"]}}],"collection":[{"href":"https:\/\/hubsch-interior.com\/fr\/wp-json\/wp\/v2\/product"}],"about":[{"href":"https:\/\/hubsch-interior.com\/fr\/wp-json\/wp\/v2\/types\/product"}],"wp:featuredmedia":[{"embeddable":true,"href":"https:\/\/hubsch-interior.com\/fr\/wp-json\/wp\/v2\/media\/1108475"}],"wp:attachment":[{"href":"https:\/\/hubsch-interior.com\/fr\/wp-json\/wp\/v2\/media?parent=1088772"}],"wp:term":[{"taxonomy":"product_brand","embeddable":true,"href":"https:\/\/hubsch-interior.com\/fr\/wp-json\/wp\/v2\/product_brand?post=1088772"},{"taxonomy":"product_cat","embeddable":true,"href":"https:\/\/hubsch-interior.com\/fr\/wp-json\/wp\/v2\/product_cat?post=1088772"},{"taxonomy":"product_tag","embeddable":true,"href":"https:\/\/hubsch-interior.com\/fr\/wp-json\/wp\/v2\/product_tag?post=1088772"}],"curies":[{"name":"wp","href":"https:\/\/api.w.org\/{rel}","templated":true}]}}