{"id":1088784,"date":"2026-01-31T05:04:03","date_gmt":"2026-01-31T04:04:03","guid":{"rendered":"https:\/\/hubsch-interior.com\/product\/product\/"},"modified":"2026-04-06T05:07:39","modified_gmt":"2026-04-06T03:07:39","slug":"taten-lampe-portative-noir","status":"publish","type":"product","link":"https:\/\/hubsch-interior.com\/fr\/produit\/taten-lampe-portative-noir\/","title":{"rendered":"Taten Lampe portative Noir"},"content":{"rendered":"<p>Laissez les soir\u00e9es d&#8217;\u00e9t\u00e9 se prolonger encore un peu. La Lampe portative Taten en noir intemporel projette une lueur chaude et dor\u00e9e \u2014 juste ce qu&#8217;il faut pour cr\u00e9er une ambiance sans voler la vedette. Avec sa silhouette \u00e9lanc\u00e9e et son encombrement minimal, elle se place discr\u00e8tement sur votre table, laissant de la place pour la conversation et la tranquillit\u00e9. Que ce soit \u00e0 l&#8217;int\u00e9rieur ou \u00e0 l&#8217;ext\u00e9rieur, cette merveille sans fil apporte une \u00e9l\u00e9gance douce \u00e0 chaque environnement. Parce que chaque moment magnifique m\u00e9rite juste la bonne lumi\u00e8re.<\/p>\n","protected":false},"excerpt":{"rendered":"<p>Laissez les soir\u00e9es d&#8217;\u00e9t\u00e9 se prolonger encore un peu. La Lampe portative Taten en noir intemporel projette une lueur chaude et dor\u00e9e \u2014 juste ce qu&#8217;il faut pour cr\u00e9er une ambiance sans voler la vedette. Avec sa silhouette \u00e9lanc\u00e9e et son encombrement minimal, elle se place discr\u00e8tement sur votre table, laissant de la place pour [&hellip;]<\/p>\n","protected":false},"featured_media":1108483,"template":"","meta":{"_acf_changed":false,"inline_featured_image":false},"product_brand":[],"product_cat":[7154,6962,3810,3500,5046],"product_tag":[],"class_list":{"0":"post-1088784","1":"product","2":"type-product","3":"status-publish","4":"has-post-thumbnail","6":"product_cat-dweller-fr","7":"product_cat-lampes-portatives-fr","8":"product_cat-luminaires","9":"product_cat-lampes-a-poser-fr","10":"product_cat-nouveautes-fr","11":"product_shipping_class-pk","13":"pa_color-noir","14":"pa_material-fer-fr","15":"pa_material-polycarbonate-2","17":"first","18":"instock","19":"taxable","20":"shipping-taxable","21":"purchasable","22":"product-type-simple"},"exclude_global_add_ons":[],"addons":[],"acf":[],"yoast_head":"<!-- This site is optimized with the Yoast SEO plugin v26.4 - https:\/\/yoast.com\/wordpress\/plugins\/seo\/ -->\n<title>Taten Lampe portative Noir - H\u00fcbsch<\/title>\n<meta name=\"description\" content=\"Laissez les soir\u00e9es d&#039;\u00e9t\u00e9 se prolonger encore un peu. La Lampe portative Taten en noir intemporel projette une lueur chaude et dor\u00e9e \u2014 juste ce qu&#039;il faut\" \/>\n<meta name=\"robots\" content=\"index, follow, max-snippet:-1, max-image-preview:large, max-video-preview:-1\" \/>\n<link rel=\"canonical\" href=\"https:\/\/hubsch-interior.com\/fr\/wp-json\/wp\/v2\/product\/1088784\" \/>\n<meta property=\"og:locale\" content=\"fr_FR\" \/>\n<meta property=\"og:type\" content=\"article\" \/>\n<meta property=\"og:title\" content=\"Taten Lampe portative Noir - H\u00fcbsch\" \/>\n<meta property=\"og:description\" content=\"Laissez les soir\u00e9es d&#039;\u00e9t\u00e9 se prolonger encore un peu. La Lampe portative Taten en noir intemporel projette une lueur chaude et dor\u00e9e \u2014 juste ce qu&#039;il faut\" \/>\n<meta property=\"og:url\" content=\"https:\/\/hubsch-interior.com\/fr\/produit\/taten-lampe-portative-noir\/\" \/>\n<meta property=\"og:site_name\" content=\"H\u00fcbsch\" \/>\n<meta property=\"article:modified_time\" content=\"2026-04-06T03:07:39+00:00\" \/>\n<meta property=\"og:image\" content=\"https:\/\/hubsch-interior.com\/wp-content\/uploads\/2026\/01\/taten-portable-lamp-black-297f694b83b1c108c1b303d7a8f78a6d.jpg\" \/>\n\t<meta property=\"og:image:width\" content=\"1200\" \/>\n\t<meta property=\"og:image:height\" content=\"1200\" \/>\n\t<meta property=\"og:image:type\" content=\"image\/jpeg\" \/>\n<meta name=\"twitter:card\" content=\"summary_large_image\" \/>\n<script type=\"application\/ld+json\" class=\"yoast-schema-graph\">{\"@context\":\"https:\/\/schema.org\",\"@graph\":[{\"@type\":\"WebPage\",\"@id\":\"https:\/\/hubsch-interior.com\/fr\/produit\/taten-lampe-portative-noir\/\",\"url\":\"https:\/\/hubsch-interior.com\/fr\/produit\/taten-lampe-portative-noir\/\",\"name\":\"Taten Lampe portative Noir - H\u00fcbsch\",\"isPartOf\":{\"@id\":\"https:\/\/hubsch-interior.com\/fr\/#website\"},\"primaryImageOfPage\":{\"@id\":\"https:\/\/hubsch-interior.com\/fr\/produit\/taten-lampe-portative-noir\/#primaryimage\"},\"image\":{\"@id\":\"https:\/\/hubsch-interior.com\/fr\/produit\/taten-lampe-portative-noir\/#primaryimage\"},\"thumbnailUrl\":\"https:\/\/hubsch-interior.com\/wp-content\/uploads\/2026\/02\/taten-portable-lamp-black-a8924f605dbc62fe67816605a176b8b0.jpg\",\"datePublished\":\"2026-01-31T04:04:03+00:00\",\"dateModified\":\"2026-04-06T03:07:39+00:00\",\"description\":\"Laissez les soir\u00e9es d'\u00e9t\u00e9 se prolonger encore un peu. La Lampe portative Taten en noir intemporel projette une lueur chaude et dor\u00e9e \u2014 juste ce qu'il faut\",\"breadcrumb\":{\"@id\":\"https:\/\/hubsch-interior.com\/fr\/produit\/taten-lampe-portative-noir\/#breadcrumb\"},\"inLanguage\":\"fr-FR\",\"potentialAction\":[{\"@type\":\"ReadAction\",\"target\":[\"https:\/\/hubsch-interior.com\/fr\/produit\/taten-lampe-portative-noir\/\"]}]},{\"@type\":\"ImageObject\",\"inLanguage\":\"fr-FR\",\"@id\":\"https:\/\/hubsch-interior.com\/fr\/produit\/taten-lampe-portative-noir\/#primaryimage\",\"url\":\"https:\/\/hubsch-interior.com\/wp-content\/uploads\/2026\/02\/taten-portable-lamp-black-a8924f605dbc62fe67816605a176b8b0.jpg\",\"contentUrl\":\"https:\/\/hubsch-interior.com\/wp-content\/uploads\/2026\/02\/taten-portable-lamp-black-a8924f605dbc62fe67816605a176b8b0.jpg\",\"width\":1024,\"height\":1024},{\"@type\":\"BreadcrumbList\",\"@id\":\"https:\/\/hubsch-interior.com\/fr\/produit\/taten-lampe-portative-noir\/#breadcrumb\",\"itemListElement\":[{\"@type\":\"ListItem\",\"position\":1,\"name\":\"Page d'accueil\",\"item\":\"https:\/\/hubsch-interior.com\/fr\/\"},{\"@type\":\"ListItem\",\"position\":2,\"name\":\"Produits\",\"item\":\"https:\/\/hubsch-interior.com\/fr\/shop-2\/\"},{\"@type\":\"ListItem\",\"position\":3,\"name\":\"Taten Lampe portative Noir\"}]},{\"@type\":\"WebSite\",\"@id\":\"https:\/\/hubsch-interior.com\/fr\/#website\",\"url\":\"https:\/\/hubsch-interior.com\/fr\/\",\"name\":\"H\u00fcbsch\",\"description\":\"Danish Home Interior and Design\",\"publisher\":{\"@id\":\"https:\/\/hubsch-interior.com\/fr\/#organization\"},\"potentialAction\":[{\"@type\":\"SearchAction\",\"target\":{\"@type\":\"EntryPoint\",\"urlTemplate\":\"https:\/\/hubsch-interior.com\/fr\/?s={search_term_string}\"},\"query-input\":{\"@type\":\"PropertyValueSpecification\",\"valueRequired\":true,\"valueName\":\"search_term_string\"}}],\"inLanguage\":\"fr-FR\"},{\"@type\":\"Organization\",\"@id\":\"https:\/\/hubsch-interior.com\/fr\/#organization\",\"name\":\"H\u00fcbsch\",\"url\":\"https:\/\/hubsch-interior.com\/fr\/\",\"logo\":{\"@type\":\"ImageObject\",\"inLanguage\":\"fr-FR\",\"@id\":\"https:\/\/hubsch-interior.com\/fr\/#\/schema\/logo\/image\/\",\"url\":\"https:\/\/hubsch-interior.com\/wp-content\/uploads\/2022\/12\/Hubsch_logo_black_one_line.svg\",\"contentUrl\":\"https:\/\/hubsch-interior.com\/wp-content\/uploads\/2022\/12\/Hubsch_logo_black_one_line.svg\",\"caption\":\"H\u00fcbsch\"},\"image\":{\"@id\":\"https:\/\/hubsch-interior.com\/fr\/#\/schema\/logo\/image\/\"}}]}<\/script>\n<!-- \/ Yoast SEO plugin. -->","yoast_head_json":{"title":"Taten Lampe portative Noir - H\u00fcbsch","description":"Laissez les soir\u00e9es d'\u00e9t\u00e9 se prolonger encore un peu. La Lampe portative Taten en noir intemporel projette une lueur chaude et dor\u00e9e \u2014 juste ce qu'il faut","robots":{"index":"index","follow":"follow","max-snippet":"max-snippet:-1","max-image-preview":"max-image-preview:large","max-video-preview":"max-video-preview:-1"},"canonical":"https:\/\/hubsch-interior.com\/fr\/wp-json\/wp\/v2\/product\/1088784","og_locale":"fr_FR","og_type":"article","og_title":"Taten Lampe portative Noir - H\u00fcbsch","og_description":"Laissez les soir\u00e9es d'\u00e9t\u00e9 se prolonger encore un peu. La Lampe portative Taten en noir intemporel projette une lueur chaude et dor\u00e9e \u2014 juste ce qu'il faut","og_url":"https:\/\/hubsch-interior.com\/fr\/produit\/taten-lampe-portative-noir\/","og_site_name":"H\u00fcbsch","article_modified_time":"2026-04-06T03:07:39+00:00","og_image":[{"width":1200,"height":1200,"url":"https:\/\/hubsch-interior.com\/wp-content\/uploads\/2026\/01\/taten-portable-lamp-black-297f694b83b1c108c1b303d7a8f78a6d.jpg","type":"image\/jpeg"}],"twitter_card":"summary_large_image","schema":{"@context":"https:\/\/schema.org","@graph":[{"@type":"WebPage","@id":"https:\/\/hubsch-interior.com\/fr\/produit\/taten-lampe-portative-noir\/","url":"https:\/\/hubsch-interior.com\/fr\/produit\/taten-lampe-portative-noir\/","name":"Taten Lampe portative Noir - H\u00fcbsch","isPartOf":{"@id":"https:\/\/hubsch-interior.com\/fr\/#website"},"primaryImageOfPage":{"@id":"https:\/\/hubsch-interior.com\/fr\/produit\/taten-lampe-portative-noir\/#primaryimage"},"image":{"@id":"https:\/\/hubsch-interior.com\/fr\/produit\/taten-lampe-portative-noir\/#primaryimage"},"thumbnailUrl":"https:\/\/hubsch-interior.com\/wp-content\/uploads\/2026\/02\/taten-portable-lamp-black-a8924f605dbc62fe67816605a176b8b0.jpg","datePublished":"2026-01-31T04:04:03+00:00","dateModified":"2026-04-06T03:07:39+00:00","description":"Laissez les soir\u00e9es d'\u00e9t\u00e9 se prolonger encore un peu. La Lampe portative Taten en noir intemporel projette une lueur chaude et dor\u00e9e \u2014 juste ce qu'il faut","breadcrumb":{"@id":"https:\/\/hubsch-interior.com\/fr\/produit\/taten-lampe-portative-noir\/#breadcrumb"},"inLanguage":"fr-FR","potentialAction":[{"@type":"ReadAction","target":["https:\/\/hubsch-interior.com\/fr\/produit\/taten-lampe-portative-noir\/"]}]},{"@type":"ImageObject","inLanguage":"fr-FR","@id":"https:\/\/hubsch-interior.com\/fr\/produit\/taten-lampe-portative-noir\/#primaryimage","url":"https:\/\/hubsch-interior.com\/wp-content\/uploads\/2026\/02\/taten-portable-lamp-black-a8924f605dbc62fe67816605a176b8b0.jpg","contentUrl":"https:\/\/hubsch-interior.com\/wp-content\/uploads\/2026\/02\/taten-portable-lamp-black-a8924f605dbc62fe67816605a176b8b0.jpg","width":1024,"height":1024},{"@type":"BreadcrumbList","@id":"https:\/\/hubsch-interior.com\/fr\/produit\/taten-lampe-portative-noir\/#breadcrumb","itemListElement":[{"@type":"ListItem","position":1,"name":"Page d'accueil","item":"https:\/\/hubsch-interior.com\/fr\/"},{"@type":"ListItem","position":2,"name":"Produits","item":"https:\/\/hubsch-interior.com\/fr\/shop-2\/"},{"@type":"ListItem","position":3,"name":"Taten Lampe portative Noir"}]},{"@type":"WebSite","@id":"https:\/\/hubsch-interior.com\/fr\/#website","url":"https:\/\/hubsch-interior.com\/fr\/","name":"H\u00fcbsch","description":"Danish Home Interior and Design","publisher":{"@id":"https:\/\/hubsch-interior.com\/fr\/#organization"},"potentialAction":[{"@type":"SearchAction","target":{"@type":"EntryPoint","urlTemplate":"https:\/\/hubsch-interior.com\/fr\/?s={search_term_string}"},"query-input":{"@type":"PropertyValueSpecification","valueRequired":true,"valueName":"search_term_string"}}],"inLanguage":"fr-FR"},{"@type":"Organization","@id":"https:\/\/hubsch-interior.com\/fr\/#organization","name":"H\u00fcbsch","url":"https:\/\/hubsch-interior.com\/fr\/","logo":{"@type":"ImageObject","inLanguage":"fr-FR","@id":"https:\/\/hubsch-interior.com\/fr\/#\/schema\/logo\/image\/","url":"https:\/\/hubsch-interior.com\/wp-content\/uploads\/2022\/12\/Hubsch_logo_black_one_line.svg","contentUrl":"https:\/\/hubsch-interior.com\/wp-content\/uploads\/2022\/12\/Hubsch_logo_black_one_line.svg","caption":"H\u00fcbsch"},"image":{"@id":"https:\/\/hubsch-interior.com\/fr\/#\/schema\/logo\/image\/"}}]}},"_links":{"self":[{"href":"https:\/\/hubsch-interior.com\/fr\/wp-json\/wp\/v2\/product\/1088784","targetHints":{"allow":["GET"]}}],"collection":[{"href":"https:\/\/hubsch-interior.com\/fr\/wp-json\/wp\/v2\/product"}],"about":[{"href":"https:\/\/hubsch-interior.com\/fr\/wp-json\/wp\/v2\/types\/product"}],"wp:featuredmedia":[{"embeddable":true,"href":"https:\/\/hubsch-interior.com\/fr\/wp-json\/wp\/v2\/media\/1108483"}],"wp:attachment":[{"href":"https:\/\/hubsch-interior.com\/fr\/wp-json\/wp\/v2\/media?parent=1088784"}],"wp:term":[{"taxonomy":"product_brand","embeddable":true,"href":"https:\/\/hubsch-interior.com\/fr\/wp-json\/wp\/v2\/product_brand?post=1088784"},{"taxonomy":"product_cat","embeddable":true,"href":"https:\/\/hubsch-interior.com\/fr\/wp-json\/wp\/v2\/product_cat?post=1088784"},{"taxonomy":"product_tag","embeddable":true,"href":"https:\/\/hubsch-interior.com\/fr\/wp-json\/wp\/v2\/product_tag?post=1088784"}],"curies":[{"name":"wp","href":"https:\/\/api.w.org\/{rel}","templated":true}]}}