{"id":1088796,"date":"2026-01-31T05:04:17","date_gmt":"2026-01-31T04:04:17","guid":{"rendered":"https:\/\/hubsch-interior.com\/product\/product\/"},"modified":"2026-04-05T05:13:53","modified_gmt":"2026-04-05T03:13:53","slug":"taten-lampe-portative-laiton","status":"publish","type":"product","link":"https:\/\/hubsch-interior.com\/fr\/produit\/taten-lampe-portative-laiton\/","title":{"rendered":"Taten Lampe portative Laiton"},"content":{"rendered":"<p>Cr\u00e9ez une douce lueur qui persiste bien apr\u00e8s le coucher du soleil. La Lampe portative Taten en laiton bruni apporte chaleur et \u00e9l\u00e9gance \u00e0 votre table d&#8217;\u00e9t\u00e9 avec sa silhouette \u00e9lanc\u00e9e et sa lumi\u00e8re doucement tamis\u00e9e. Sa forme minimale pr\u00e9serve l&#8217;ordre, tandis que sa surface brillante ajoute une touche raffin\u00e9e \u00e0 tout int\u00e9rieur. Disponible en trois variantes chic, cette pi\u00e8ce portative est con\u00e7ue pour vous accompagner \u2014 des d\u00eeners intimes aux soir\u00e9es de d\u00e9tente. Un compagnon lumineux qui transforme les soir\u00e9es ordinaires en moments dor\u00e9s.<\/p>\n","protected":false},"excerpt":{"rendered":"<p>Cr\u00e9ez une douce lueur qui persiste bien apr\u00e8s le coucher du soleil. La Lampe portative Taten en laiton bruni apporte chaleur et \u00e9l\u00e9gance \u00e0 votre table d&#8217;\u00e9t\u00e9 avec sa silhouette \u00e9lanc\u00e9e et sa lumi\u00e8re doucement tamis\u00e9e. Sa forme minimale pr\u00e9serve l&#8217;ordre, tandis que sa surface brillante ajoute une touche raffin\u00e9e \u00e0 tout int\u00e9rieur. Disponible en [&hellip;]<\/p>\n","protected":false},"featured_media":1108491,"template":"","meta":{"_acf_changed":false,"inline_featured_image":false},"product_brand":[],"product_cat":[7154,6962,3810,3500,5026,5046],"product_tag":[],"class_list":{"0":"post-1088796","1":"product","2":"type-product","3":"status-publish","4":"has-post-thumbnail","6":"product_cat-dweller-fr","7":"product_cat-lampes-portatives-fr","8":"product_cat-luminaires","9":"product_cat-lampes-a-poser-fr","10":"product_cat-bestsellers-fr","11":"product_cat-nouveautes-fr","12":"product_shipping_class-pk","14":"pa_color-laiton","15":"pa_material-fer-fr","16":"pa_material-polycarbonate-2","18":"first","19":"instock","20":"featured","21":"taxable","22":"shipping-taxable","23":"purchasable","24":"product-type-simple"},"exclude_global_add_ons":[],"addons":[],"acf":[],"yoast_head":"<!-- This site is optimized with the Yoast SEO plugin v26.4 - https:\/\/yoast.com\/wordpress\/plugins\/seo\/ -->\n<title>Taten Lampe portative Laiton - H\u00fcbsch<\/title>\n<meta name=\"description\" content=\"Cr\u00e9ez une douce lueur qui persiste bien apr\u00e8s le coucher du soleil. La Lampe portative Taten en laiton bruni apporte chaleur et \u00e9l\u00e9gance \u00e0 votre table\" \/>\n<meta name=\"robots\" content=\"index, follow, max-snippet:-1, max-image-preview:large, max-video-preview:-1\" \/>\n<link rel=\"canonical\" href=\"https:\/\/hubsch-interior.com\/fr\/wp-json\/wp\/v2\/product\/1088796\" \/>\n<meta property=\"og:locale\" content=\"fr_FR\" \/>\n<meta property=\"og:type\" content=\"article\" \/>\n<meta property=\"og:title\" content=\"Taten Lampe portative Laiton - H\u00fcbsch\" \/>\n<meta property=\"og:description\" content=\"Cr\u00e9ez une douce lueur qui persiste bien apr\u00e8s le coucher du soleil. La Lampe portative Taten en laiton bruni apporte chaleur et \u00e9l\u00e9gance \u00e0 votre table\" \/>\n<meta property=\"og:url\" content=\"https:\/\/hubsch-interior.com\/fr\/produit\/taten-lampe-portative-laiton\/\" \/>\n<meta property=\"og:site_name\" content=\"H\u00fcbsch\" \/>\n<meta property=\"article:modified_time\" content=\"2026-04-05T03:13:53+00:00\" \/>\n<meta property=\"og:image\" content=\"https:\/\/hubsch-interior.com\/wp-content\/uploads\/2026\/01\/taten-portable-lamp-brass-29b14bf01fa30e3de704f2cef25829d5.jpg\" \/>\n\t<meta property=\"og:image:width\" content=\"1200\" \/>\n\t<meta property=\"og:image:height\" content=\"1200\" \/>\n\t<meta property=\"og:image:type\" content=\"image\/jpeg\" \/>\n<meta name=\"twitter:card\" content=\"summary_large_image\" \/>\n<script type=\"application\/ld+json\" class=\"yoast-schema-graph\">{\"@context\":\"https:\/\/schema.org\",\"@graph\":[{\"@type\":\"WebPage\",\"@id\":\"https:\/\/hubsch-interior.com\/fr\/produit\/taten-lampe-portative-laiton\/\",\"url\":\"https:\/\/hubsch-interior.com\/fr\/produit\/taten-lampe-portative-laiton\/\",\"name\":\"Taten Lampe portative Laiton - H\u00fcbsch\",\"isPartOf\":{\"@id\":\"https:\/\/hubsch-interior.com\/fr\/#website\"},\"primaryImageOfPage\":{\"@id\":\"https:\/\/hubsch-interior.com\/fr\/produit\/taten-lampe-portative-laiton\/#primaryimage\"},\"image\":{\"@id\":\"https:\/\/hubsch-interior.com\/fr\/produit\/taten-lampe-portative-laiton\/#primaryimage\"},\"thumbnailUrl\":\"https:\/\/hubsch-interior.com\/wp-content\/uploads\/2026\/02\/taten-portable-lamp-brass-ba89c07833ebf01edb572bda547ba873.jpg\",\"datePublished\":\"2026-01-31T04:04:17+00:00\",\"dateModified\":\"2026-04-05T03:13:53+00:00\",\"description\":\"Cr\u00e9ez une douce lueur qui persiste bien apr\u00e8s le coucher du soleil. La Lampe portative Taten en laiton bruni apporte chaleur et \u00e9l\u00e9gance \u00e0 votre table\",\"breadcrumb\":{\"@id\":\"https:\/\/hubsch-interior.com\/fr\/produit\/taten-lampe-portative-laiton\/#breadcrumb\"},\"inLanguage\":\"fr-FR\",\"potentialAction\":[{\"@type\":\"ReadAction\",\"target\":[\"https:\/\/hubsch-interior.com\/fr\/produit\/taten-lampe-portative-laiton\/\"]}]},{\"@type\":\"ImageObject\",\"inLanguage\":\"fr-FR\",\"@id\":\"https:\/\/hubsch-interior.com\/fr\/produit\/taten-lampe-portative-laiton\/#primaryimage\",\"url\":\"https:\/\/hubsch-interior.com\/wp-content\/uploads\/2026\/02\/taten-portable-lamp-brass-ba89c07833ebf01edb572bda547ba873.jpg\",\"contentUrl\":\"https:\/\/hubsch-interior.com\/wp-content\/uploads\/2026\/02\/taten-portable-lamp-brass-ba89c07833ebf01edb572bda547ba873.jpg\",\"width\":1024,\"height\":1024},{\"@type\":\"BreadcrumbList\",\"@id\":\"https:\/\/hubsch-interior.com\/fr\/produit\/taten-lampe-portative-laiton\/#breadcrumb\",\"itemListElement\":[{\"@type\":\"ListItem\",\"position\":1,\"name\":\"Page d'accueil\",\"item\":\"https:\/\/hubsch-interior.com\/fr\/\"},{\"@type\":\"ListItem\",\"position\":2,\"name\":\"Produits\",\"item\":\"https:\/\/hubsch-interior.com\/fr\/shop-2\/\"},{\"@type\":\"ListItem\",\"position\":3,\"name\":\"Taten Lampe portative Laiton\"}]},{\"@type\":\"WebSite\",\"@id\":\"https:\/\/hubsch-interior.com\/fr\/#website\",\"url\":\"https:\/\/hubsch-interior.com\/fr\/\",\"name\":\"H\u00fcbsch\",\"description\":\"Danish Home Interior and Design\",\"publisher\":{\"@id\":\"https:\/\/hubsch-interior.com\/fr\/#organization\"},\"potentialAction\":[{\"@type\":\"SearchAction\",\"target\":{\"@type\":\"EntryPoint\",\"urlTemplate\":\"https:\/\/hubsch-interior.com\/fr\/?s={search_term_string}\"},\"query-input\":{\"@type\":\"PropertyValueSpecification\",\"valueRequired\":true,\"valueName\":\"search_term_string\"}}],\"inLanguage\":\"fr-FR\"},{\"@type\":\"Organization\",\"@id\":\"https:\/\/hubsch-interior.com\/fr\/#organization\",\"name\":\"H\u00fcbsch\",\"url\":\"https:\/\/hubsch-interior.com\/fr\/\",\"logo\":{\"@type\":\"ImageObject\",\"inLanguage\":\"fr-FR\",\"@id\":\"https:\/\/hubsch-interior.com\/fr\/#\/schema\/logo\/image\/\",\"url\":\"https:\/\/hubsch-interior.com\/wp-content\/uploads\/2022\/12\/Hubsch_logo_black_one_line.svg\",\"contentUrl\":\"https:\/\/hubsch-interior.com\/wp-content\/uploads\/2022\/12\/Hubsch_logo_black_one_line.svg\",\"caption\":\"H\u00fcbsch\"},\"image\":{\"@id\":\"https:\/\/hubsch-interior.com\/fr\/#\/schema\/logo\/image\/\"}}]}<\/script>\n<!-- \/ Yoast SEO plugin. -->","yoast_head_json":{"title":"Taten Lampe portative Laiton - H\u00fcbsch","description":"Cr\u00e9ez une douce lueur qui persiste bien apr\u00e8s le coucher du soleil. La Lampe portative Taten en laiton bruni apporte chaleur et \u00e9l\u00e9gance \u00e0 votre table","robots":{"index":"index","follow":"follow","max-snippet":"max-snippet:-1","max-image-preview":"max-image-preview:large","max-video-preview":"max-video-preview:-1"},"canonical":"https:\/\/hubsch-interior.com\/fr\/wp-json\/wp\/v2\/product\/1088796","og_locale":"fr_FR","og_type":"article","og_title":"Taten Lampe portative Laiton - H\u00fcbsch","og_description":"Cr\u00e9ez une douce lueur qui persiste bien apr\u00e8s le coucher du soleil. La Lampe portative Taten en laiton bruni apporte chaleur et \u00e9l\u00e9gance \u00e0 votre table","og_url":"https:\/\/hubsch-interior.com\/fr\/produit\/taten-lampe-portative-laiton\/","og_site_name":"H\u00fcbsch","article_modified_time":"2026-04-05T03:13:53+00:00","og_image":[{"width":1200,"height":1200,"url":"https:\/\/hubsch-interior.com\/wp-content\/uploads\/2026\/01\/taten-portable-lamp-brass-29b14bf01fa30e3de704f2cef25829d5.jpg","type":"image\/jpeg"}],"twitter_card":"summary_large_image","schema":{"@context":"https:\/\/schema.org","@graph":[{"@type":"WebPage","@id":"https:\/\/hubsch-interior.com\/fr\/produit\/taten-lampe-portative-laiton\/","url":"https:\/\/hubsch-interior.com\/fr\/produit\/taten-lampe-portative-laiton\/","name":"Taten Lampe portative Laiton - H\u00fcbsch","isPartOf":{"@id":"https:\/\/hubsch-interior.com\/fr\/#website"},"primaryImageOfPage":{"@id":"https:\/\/hubsch-interior.com\/fr\/produit\/taten-lampe-portative-laiton\/#primaryimage"},"image":{"@id":"https:\/\/hubsch-interior.com\/fr\/produit\/taten-lampe-portative-laiton\/#primaryimage"},"thumbnailUrl":"https:\/\/hubsch-interior.com\/wp-content\/uploads\/2026\/02\/taten-portable-lamp-brass-ba89c07833ebf01edb572bda547ba873.jpg","datePublished":"2026-01-31T04:04:17+00:00","dateModified":"2026-04-05T03:13:53+00:00","description":"Cr\u00e9ez une douce lueur qui persiste bien apr\u00e8s le coucher du soleil. La Lampe portative Taten en laiton bruni apporte chaleur et \u00e9l\u00e9gance \u00e0 votre table","breadcrumb":{"@id":"https:\/\/hubsch-interior.com\/fr\/produit\/taten-lampe-portative-laiton\/#breadcrumb"},"inLanguage":"fr-FR","potentialAction":[{"@type":"ReadAction","target":["https:\/\/hubsch-interior.com\/fr\/produit\/taten-lampe-portative-laiton\/"]}]},{"@type":"ImageObject","inLanguage":"fr-FR","@id":"https:\/\/hubsch-interior.com\/fr\/produit\/taten-lampe-portative-laiton\/#primaryimage","url":"https:\/\/hubsch-interior.com\/wp-content\/uploads\/2026\/02\/taten-portable-lamp-brass-ba89c07833ebf01edb572bda547ba873.jpg","contentUrl":"https:\/\/hubsch-interior.com\/wp-content\/uploads\/2026\/02\/taten-portable-lamp-brass-ba89c07833ebf01edb572bda547ba873.jpg","width":1024,"height":1024},{"@type":"BreadcrumbList","@id":"https:\/\/hubsch-interior.com\/fr\/produit\/taten-lampe-portative-laiton\/#breadcrumb","itemListElement":[{"@type":"ListItem","position":1,"name":"Page d'accueil","item":"https:\/\/hubsch-interior.com\/fr\/"},{"@type":"ListItem","position":2,"name":"Produits","item":"https:\/\/hubsch-interior.com\/fr\/shop-2\/"},{"@type":"ListItem","position":3,"name":"Taten Lampe portative Laiton"}]},{"@type":"WebSite","@id":"https:\/\/hubsch-interior.com\/fr\/#website","url":"https:\/\/hubsch-interior.com\/fr\/","name":"H\u00fcbsch","description":"Danish Home Interior and Design","publisher":{"@id":"https:\/\/hubsch-interior.com\/fr\/#organization"},"potentialAction":[{"@type":"SearchAction","target":{"@type":"EntryPoint","urlTemplate":"https:\/\/hubsch-interior.com\/fr\/?s={search_term_string}"},"query-input":{"@type":"PropertyValueSpecification","valueRequired":true,"valueName":"search_term_string"}}],"inLanguage":"fr-FR"},{"@type":"Organization","@id":"https:\/\/hubsch-interior.com\/fr\/#organization","name":"H\u00fcbsch","url":"https:\/\/hubsch-interior.com\/fr\/","logo":{"@type":"ImageObject","inLanguage":"fr-FR","@id":"https:\/\/hubsch-interior.com\/fr\/#\/schema\/logo\/image\/","url":"https:\/\/hubsch-interior.com\/wp-content\/uploads\/2022\/12\/Hubsch_logo_black_one_line.svg","contentUrl":"https:\/\/hubsch-interior.com\/wp-content\/uploads\/2022\/12\/Hubsch_logo_black_one_line.svg","caption":"H\u00fcbsch"},"image":{"@id":"https:\/\/hubsch-interior.com\/fr\/#\/schema\/logo\/image\/"}}]}},"_links":{"self":[{"href":"https:\/\/hubsch-interior.com\/fr\/wp-json\/wp\/v2\/product\/1088796","targetHints":{"allow":["GET"]}}],"collection":[{"href":"https:\/\/hubsch-interior.com\/fr\/wp-json\/wp\/v2\/product"}],"about":[{"href":"https:\/\/hubsch-interior.com\/fr\/wp-json\/wp\/v2\/types\/product"}],"wp:featuredmedia":[{"embeddable":true,"href":"https:\/\/hubsch-interior.com\/fr\/wp-json\/wp\/v2\/media\/1108491"}],"wp:attachment":[{"href":"https:\/\/hubsch-interior.com\/fr\/wp-json\/wp\/v2\/media?parent=1088796"}],"wp:term":[{"taxonomy":"product_brand","embeddable":true,"href":"https:\/\/hubsch-interior.com\/fr\/wp-json\/wp\/v2\/product_brand?post=1088796"},{"taxonomy":"product_cat","embeddable":true,"href":"https:\/\/hubsch-interior.com\/fr\/wp-json\/wp\/v2\/product_cat?post=1088796"},{"taxonomy":"product_tag","embeddable":true,"href":"https:\/\/hubsch-interior.com\/fr\/wp-json\/wp\/v2\/product_tag?post=1088796"}],"curies":[{"name":"wp","href":"https:\/\/api.w.org\/{rel}","templated":true}]}}